{"id":19979,"date":"2024-08-19T17:56:08","date_gmt":"2024-08-19T15:56:08","guid":{"rendered":"https:\/\/www.matts-guitar-shop.com\/produit\/gibson-hummingbird-2009-ehem-craig-ross\/"},"modified":"2025-10-29T19:59:08","modified_gmt":"2025-10-29T18:59:08","slug":"gibson-hummingbird-2009-ehem-craig-ross","status":"publish","type":"product","link":"https:\/\/www.matts-guitar-shop.com\/de\/produit\/gibson-hummingbird-2009-ehem-craig-ross\/","title":{"rendered":"Gibson Hummingbird 2009, ehem. Craig Ross"},"content":{"rendered":"<p>Craig Ross<br \/>(1964)<\/p>\n<p>Band: Lenny Kravitz<br \/>Hauptgitarre: Les Paul<br \/>Unbedingt anh\u00f6ren: Are You Gonna Go My Way?<\/p>\n<p>Hinter jedem gro\u00dfen S\u00e4nger steht ein gro\u00dfartiger Begleiter. Es gibt keinen megalomanischen Helden ohne einen Gitarristen, auf den er sich verlassen kann, der die Riffs spielt und sich nur f\u00fcr ein paar Sekunden w\u00e4hrend der Show in den Vordergrund stellt. Es gibt keinen Mick ohne Keith, keinen Plant ohne Page und keinen Lenny Kravitz ohne Craig Ross.<\/p>\n<p>1991 stand Lenny Kravitz kurz davor, beim breiten Publikum durchzustarten: Er hatte gerade einen Hit f\u00fcr Madonna geschrieben, ein Album f\u00fcr Vanessa Paradis produziert und geschrieben, und sein eigenes Album <i>Mama Said<\/i> lief mit Singles wie \u201eAlways On The Run\u201c und \u201eIt Ain\u2019t Over \u2018Til It\u2019s Over\u201c h\u00e4ufig im Radio. Als echter Kontrollfreak spielte Kravitz auf seinen Alben meist alle Instrumente selbst, mit einigen ausgew\u00e4hlten G\u00e4sten, wie Slash, der auf zwei Songs zu h\u00f6ren ist. F\u00fcr seine Tournee hingegen brauchte er einen verl\u00e4sslichen Mann, jemanden, der denselben warmen, lebendigen Vintage-Sound aus seinen Gitarren herausholen konnte, der sowohl wie der Chef spielen als auch dessen Spiel erg\u00e4nzen und neue Ideen einbringen konnte.<\/p>\n<p>Nur wenige Musiker h\u00e4tten diese Herausforderung gemeistert, aber das war kein Problem f\u00fcr Craig Ross. Er hatte sich bereits als exzellenter Gitarrist in seiner Band The Broken Homes einen Namen gemacht, und Kravitz stellte ihn mit der Mama Said-Tour auf die ultimative Probe. Die Ergebnisse \u00fcbertrafen alle Erwartungen, und von da an spielte Kravitz nie wieder ohne Ross.<\/p>\n<p>Auf dem n\u00e4chsten Album <i>Are You Gonna Go My Way<\/i> 1993 spielte Ross zahlreiche Gitarrenteile und schrieb sogar drei St\u00fccke mit, darunter den Titelsong, \u201eIs There Any Love in Your Heart\u201c und \u201eMy Love\u201c. Bis heute hat Ross an neun Alben von Kravitz mitgewirkt und gleichzeitig die Energie und Zeit gefunden, mit einigen Superstars wie den Black Crowes und B.B. King zu spielen. Ross ist die Verk\u00f6rperung eines exzellenten Sidemen.<\/p>\n","protected":false},"excerpt":{"rendered":"<p>Haben Sie Fragen zu diesem Produkt? Kontaktieren Sie uns!<\/p>\n","protected":false},"featured_media":4972,"comment_status":"open","ping_status":"closed","template":"","meta":{"_et_pb_use_builder":"","_et_pb_old_content":"","_et_gb_content_width":""},"product_brand":[],"product_cat":[675,673,672],"product_tag":[],"class_list":{"0":"post-19979","1":"product","2":"type-product","3":"status-publish","4":"has-post-thumbnail","6":"product_cat-akustikgitarren","7":"product_cat-gitarren","8":"product_cat-verkaufte","9":"pa_artiste-craig-ross-de","10":"pa_disponibilite-verkauft","11":"pa_marque-gibson-de","13":"first","14":"outofstock","15":"shipping-taxable","16":"product-type-simple"},"yoast_head":"<!-- This site is optimized with the Yoast SEO plugin v26.8 - https:\/\/yoast.com\/product\/yoast-seo-wordpress\/ -->\n<title>Gibson Hummingbird 2009, ehem. Craig Ross - Matt&#039;s Guitar Shop<\/title>\n<meta name=\"description\" content=\"Hinter jedem gro\u00dfen S\u00e4nger steht ein gro\u00dfartiger Begleiter. Kein egozentrischer Held existiert ohne einen Gitarristen, auf den man sich verlassen kann.\" \/>\n<meta name=\"robots\" content=\"index, follow, max-snippet:-1, max-image-preview:large, max-video-preview:-1\" \/>\n<link rel=\"canonical\" href=\"https:\/\/www.matts-guitar-shop.com\/de\/produit\/gibson-hummingbird-2009-ehem-craig-ross\/\" \/>\n<meta property=\"og:locale\" content=\"de_DE\" \/>\n<meta property=\"og:type\" content=\"article\" \/>\n<meta property=\"og:title\" content=\"Gibson Hummingbird 2009, ehem. Craig Ross - Matt&#039;s Guitar Shop\" \/>\n<meta property=\"og:description\" content=\"Hinter jedem gro\u00dfen S\u00e4nger steht ein gro\u00dfartiger Begleiter. Kein egozentrischer Held existiert ohne einen Gitarristen, auf den man sich verlassen kann.\" \/>\n<meta property=\"og:url\" content=\"https:\/\/www.matts-guitar-shop.com\/de\/produit\/gibson-hummingbird-2009-ehem-craig-ross\/\" \/>\n<meta property=\"og:site_name\" content=\"Matt&#039;s Guitar Shop\" \/>\n<meta property=\"article:publisher\" content=\"https:\/\/www.facebook.com\/profile.php?id=100044359842817\" \/>\n<meta property=\"article:modified_time\" content=\"2025-10-29T18:59:08+00:00\" \/>\n<meta property=\"og:image\" content=\"https:\/\/www.matts-guitar-shop.com\/wp-content\/uploads\/2024\/08\/gibson-hummingbird-craig-ross-guitare-01.jpg\" \/>\n\t<meta property=\"og:image:width\" content=\"667\" \/>\n\t<meta property=\"og:image:height\" content=\"1000\" \/>\n\t<meta property=\"og:image:type\" content=\"image\/jpeg\" \/>\n<meta name=\"twitter:card\" content=\"summary_large_image\" \/>\n<meta name=\"twitter:label1\" content=\"Gesch\u00e4tzte Lesezeit\" \/>\n\t<meta name=\"twitter:data1\" content=\"2\u00a0Minuten\" \/>\n<script type=\"application\/ld+json\" class=\"yoast-schema-graph\">{\"@context\":\"https:\/\/schema.org\",\"@graph\":[{\"@type\":\"WebPage\",\"@id\":\"https:\/\/www.matts-guitar-shop.com\/de\/produit\/gibson-hummingbird-2009-ehem-craig-ross\/\",\"url\":\"https:\/\/www.matts-guitar-shop.com\/de\/produit\/gibson-hummingbird-2009-ehem-craig-ross\/\",\"name\":\"Gibson Hummingbird 2009, ehem. Craig Ross - Matt&#039;s Guitar Shop\",\"isPartOf\":{\"@id\":\"https:\/\/www.matts-guitar-shop.com\/de\/#website\"},\"primaryImageOfPage\":{\"@id\":\"https:\/\/www.matts-guitar-shop.com\/de\/produit\/gibson-hummingbird-2009-ehem-craig-ross\/#primaryimage\"},\"image\":{\"@id\":\"https:\/\/www.matts-guitar-shop.com\/de\/produit\/gibson-hummingbird-2009-ehem-craig-ross\/#primaryimage\"},\"thumbnailUrl\":\"https:\/\/www.matts-guitar-shop.com\/wp-content\/uploads\/2024\/08\/gibson-hummingbird-craig-ross-guitare-01.jpg\",\"datePublished\":\"2024-08-19T15:56:08+00:00\",\"dateModified\":\"2025-10-29T18:59:08+00:00\",\"description\":\"Hinter jedem gro\u00dfen S\u00e4nger steht ein gro\u00dfartiger Begleiter. Kein egozentrischer Held existiert ohne einen Gitarristen, auf den man sich verlassen kann.\",\"breadcrumb\":{\"@id\":\"https:\/\/www.matts-guitar-shop.com\/de\/produit\/gibson-hummingbird-2009-ehem-craig-ross\/#breadcrumb\"},\"inLanguage\":\"de\",\"potentialAction\":[{\"@type\":\"ReadAction\",\"target\":[\"https:\/\/www.matts-guitar-shop.com\/de\/produit\/gibson-hummingbird-2009-ehem-craig-ross\/\"]}]},{\"@type\":\"ImageObject\",\"inLanguage\":\"de\",\"@id\":\"https:\/\/www.matts-guitar-shop.com\/de\/produit\/gibson-hummingbird-2009-ehem-craig-ross\/#primaryimage\",\"url\":\"https:\/\/www.matts-guitar-shop.com\/wp-content\/uploads\/2024\/08\/gibson-hummingbird-craig-ross-guitare-01.jpg\",\"contentUrl\":\"https:\/\/www.matts-guitar-shop.com\/wp-content\/uploads\/2024\/08\/gibson-hummingbird-craig-ross-guitare-01.jpg\",\"width\":667,\"height\":1000},{\"@type\":\"BreadcrumbList\",\"@id\":\"https:\/\/www.matts-guitar-shop.com\/de\/produit\/gibson-hummingbird-2009-ehem-craig-ross\/#breadcrumb\",\"itemListElement\":[{\"@type\":\"ListItem\",\"position\":1,\"name\":\"Startseite\",\"item\":\"https:\/\/www.matts-guitar-shop.com\/de\/\"},{\"@type\":\"ListItem\",\"position\":2,\"name\":\"Shop\",\"item\":\"https:\/\/www.matts-guitar-shop.com\/de\/shop\/\"},{\"@type\":\"ListItem\",\"position\":3,\"name\":\"Gibson Hummingbird 2009, ehem. Craig Ross\"}]},{\"@type\":\"WebSite\",\"@id\":\"https:\/\/www.matts-guitar-shop.com\/de\/#website\",\"url\":\"https:\/\/www.matts-guitar-shop.com\/de\/\",\"name\":\"matts-guitar-shop.com\",\"description\":\"Guitar Shop\",\"publisher\":{\"@id\":\"https:\/\/www.matts-guitar-shop.com\/de\/#organization\"},\"potentialAction\":[{\"@type\":\"SearchAction\",\"target\":{\"@type\":\"EntryPoint\",\"urlTemplate\":\"https:\/\/www.matts-guitar-shop.com\/de\/?s={search_term_string}\"},\"query-input\":{\"@type\":\"PropertyValueSpecification\",\"valueRequired\":true,\"valueName\":\"search_term_string\"}}],\"inLanguage\":\"de\"},{\"@type\":\"Organization\",\"@id\":\"https:\/\/www.matts-guitar-shop.com\/de\/#organization\",\"name\":\"matts-guitar-shop.com\",\"url\":\"https:\/\/www.matts-guitar-shop.com\/de\/\",\"logo\":{\"@type\":\"ImageObject\",\"inLanguage\":\"de\",\"@id\":\"https:\/\/www.matts-guitar-shop.com\/de\/#\/schema\/logo\/image\/\",\"url\":\"https:\/\/www.matts-guitar-shop.com\/wp-content\/uploads\/2024\/09\/MGS-logo-site-02.png\",\"contentUrl\":\"https:\/\/www.matts-guitar-shop.com\/wp-content\/uploads\/2024\/09\/MGS-logo-site-02.png\",\"width\":200,\"height\":122,\"caption\":\"matts-guitar-shop.com\"},\"image\":{\"@id\":\"https:\/\/www.matts-guitar-shop.com\/de\/#\/schema\/logo\/image\/\"},\"sameAs\":[\"https:\/\/www.facebook.com\/profile.php?id=100044359842817\",\"https:\/\/www.instagram.com\/mattsguitarshop\/\",\"https:\/\/www.youtube.com\/@MattLucasMan\/videos\"]}]}<\/script>\n<!-- \/ Yoast SEO plugin. -->","yoast_head_json":{"title":"Gibson Hummingbird 2009, ehem. Craig Ross - Matt&#039;s Guitar Shop","description":"Hinter jedem gro\u00dfen S\u00e4nger steht ein gro\u00dfartiger Begleiter. Kein egozentrischer Held existiert ohne einen Gitarristen, auf den man sich verlassen kann.","robots":{"index":"index","follow":"follow","max-snippet":"max-snippet:-1","max-image-preview":"max-image-preview:large","max-video-preview":"max-video-preview:-1"},"canonical":"https:\/\/www.matts-guitar-shop.com\/de\/produit\/gibson-hummingbird-2009-ehem-craig-ross\/","og_locale":"de_DE","og_type":"article","og_title":"Gibson Hummingbird 2009, ehem. Craig Ross - Matt&#039;s Guitar Shop","og_description":"Hinter jedem gro\u00dfen S\u00e4nger steht ein gro\u00dfartiger Begleiter. Kein egozentrischer Held existiert ohne einen Gitarristen, auf den man sich verlassen kann.","og_url":"https:\/\/www.matts-guitar-shop.com\/de\/produit\/gibson-hummingbird-2009-ehem-craig-ross\/","og_site_name":"Matt&#039;s Guitar Shop","article_publisher":"https:\/\/www.facebook.com\/profile.php?id=100044359842817","article_modified_time":"2025-10-29T18:59:08+00:00","og_image":[{"width":667,"height":1000,"url":"https:\/\/www.matts-guitar-shop.com\/wp-content\/uploads\/2024\/08\/gibson-hummingbird-craig-ross-guitare-01.jpg","type":"image\/jpeg"}],"twitter_card":"summary_large_image","twitter_misc":{"Gesch\u00e4tzte Lesezeit":"2\u00a0Minuten"},"schema":{"@context":"https:\/\/schema.org","@graph":[{"@type":"WebPage","@id":"https:\/\/www.matts-guitar-shop.com\/de\/produit\/gibson-hummingbird-2009-ehem-craig-ross\/","url":"https:\/\/www.matts-guitar-shop.com\/de\/produit\/gibson-hummingbird-2009-ehem-craig-ross\/","name":"Gibson Hummingbird 2009, ehem. Craig Ross - Matt&#039;s Guitar Shop","isPartOf":{"@id":"https:\/\/www.matts-guitar-shop.com\/de\/#website"},"primaryImageOfPage":{"@id":"https:\/\/www.matts-guitar-shop.com\/de\/produit\/gibson-hummingbird-2009-ehem-craig-ross\/#primaryimage"},"image":{"@id":"https:\/\/www.matts-guitar-shop.com\/de\/produit\/gibson-hummingbird-2009-ehem-craig-ross\/#primaryimage"},"thumbnailUrl":"https:\/\/www.matts-guitar-shop.com\/wp-content\/uploads\/2024\/08\/gibson-hummingbird-craig-ross-guitare-01.jpg","datePublished":"2024-08-19T15:56:08+00:00","dateModified":"2025-10-29T18:59:08+00:00","description":"Hinter jedem gro\u00dfen S\u00e4nger steht ein gro\u00dfartiger Begleiter. Kein egozentrischer Held existiert ohne einen Gitarristen, auf den man sich verlassen kann.","breadcrumb":{"@id":"https:\/\/www.matts-guitar-shop.com\/de\/produit\/gibson-hummingbird-2009-ehem-craig-ross\/#breadcrumb"},"inLanguage":"de","potentialAction":[{"@type":"ReadAction","target":["https:\/\/www.matts-guitar-shop.com\/de\/produit\/gibson-hummingbird-2009-ehem-craig-ross\/"]}]},{"@type":"ImageObject","inLanguage":"de","@id":"https:\/\/www.matts-guitar-shop.com\/de\/produit\/gibson-hummingbird-2009-ehem-craig-ross\/#primaryimage","url":"https:\/\/www.matts-guitar-shop.com\/wp-content\/uploads\/2024\/08\/gibson-hummingbird-craig-ross-guitare-01.jpg","contentUrl":"https:\/\/www.matts-guitar-shop.com\/wp-content\/uploads\/2024\/08\/gibson-hummingbird-craig-ross-guitare-01.jpg","width":667,"height":1000},{"@type":"BreadcrumbList","@id":"https:\/\/www.matts-guitar-shop.com\/de\/produit\/gibson-hummingbird-2009-ehem-craig-ross\/#breadcrumb","itemListElement":[{"@type":"ListItem","position":1,"name":"Startseite","item":"https:\/\/www.matts-guitar-shop.com\/de\/"},{"@type":"ListItem","position":2,"name":"Shop","item":"https:\/\/www.matts-guitar-shop.com\/de\/shop\/"},{"@type":"ListItem","position":3,"name":"Gibson Hummingbird 2009, ehem. Craig Ross"}]},{"@type":"WebSite","@id":"https:\/\/www.matts-guitar-shop.com\/de\/#website","url":"https:\/\/www.matts-guitar-shop.com\/de\/","name":"matts-guitar-shop.com","description":"Guitar Shop","publisher":{"@id":"https:\/\/www.matts-guitar-shop.com\/de\/#organization"},"potentialAction":[{"@type":"SearchAction","target":{"@type":"EntryPoint","urlTemplate":"https:\/\/www.matts-guitar-shop.com\/de\/?s={search_term_string}"},"query-input":{"@type":"PropertyValueSpecification","valueRequired":true,"valueName":"search_term_string"}}],"inLanguage":"de"},{"@type":"Organization","@id":"https:\/\/www.matts-guitar-shop.com\/de\/#organization","name":"matts-guitar-shop.com","url":"https:\/\/www.matts-guitar-shop.com\/de\/","logo":{"@type":"ImageObject","inLanguage":"de","@id":"https:\/\/www.matts-guitar-shop.com\/de\/#\/schema\/logo\/image\/","url":"https:\/\/www.matts-guitar-shop.com\/wp-content\/uploads\/2024\/09\/MGS-logo-site-02.png","contentUrl":"https:\/\/www.matts-guitar-shop.com\/wp-content\/uploads\/2024\/09\/MGS-logo-site-02.png","width":200,"height":122,"caption":"matts-guitar-shop.com"},"image":{"@id":"https:\/\/www.matts-guitar-shop.com\/de\/#\/schema\/logo\/image\/"},"sameAs":["https:\/\/www.facebook.com\/profile.php?id=100044359842817","https:\/\/www.instagram.com\/mattsguitarshop\/","https:\/\/www.youtube.com\/@MattLucasMan\/videos"]}]}},"_links":{"self":[{"href":"https:\/\/www.matts-guitar-shop.com\/de\/wp-json\/wp\/v2\/product\/19979","targetHints":{"allow":["GET"]}}],"collection":[{"href":"https:\/\/www.matts-guitar-shop.com\/de\/wp-json\/wp\/v2\/product"}],"about":[{"href":"https:\/\/www.matts-guitar-shop.com\/de\/wp-json\/wp\/v2\/types\/product"}],"replies":[{"embeddable":true,"href":"https:\/\/www.matts-guitar-shop.com\/de\/wp-json\/wp\/v2\/comments?post=19979"}],"wp:featuredmedia":[{"embeddable":true,"href":"https:\/\/www.matts-guitar-shop.com\/de\/wp-json\/wp\/v2\/media\/4972"}],"wp:attachment":[{"href":"https:\/\/www.matts-guitar-shop.com\/de\/wp-json\/wp\/v2\/media?parent=19979"}],"wp:term":[{"taxonomy":"product_brand","embeddable":true,"href":"https:\/\/www.matts-guitar-shop.com\/de\/wp-json\/wp\/v2\/product_brand?post=19979"},{"taxonomy":"product_cat","embeddable":true,"href":"https:\/\/www.matts-guitar-shop.com\/de\/wp-json\/wp\/v2\/product_cat?post=19979"},{"taxonomy":"product_tag","embeddable":true,"href":"https:\/\/www.matts-guitar-shop.com\/de\/wp-json\/wp\/v2\/product_tag?post=19979"}],"curies":[{"name":"wp","href":"https:\/\/api.w.org\/{rel}","templated":true}]}}