{"id":19977,"date":"2024-08-19T18:02:16","date_gmt":"2024-08-19T16:02:16","guid":{"rendered":"https:\/\/www.matts-guitar-shop.com\/produit\/gibson-thunderbird-g2-gene-simmons-ehem-gene-simmons-kiss\/"},"modified":"2025-10-29T20:01:01","modified_gmt":"2025-10-29T19:01:01","slug":"gibson-thunderbird-g2-gene-simmons-ehem-gene-simmons-kiss","status":"publish","type":"product","link":"https:\/\/www.matts-guitar-shop.com\/de\/produit\/gibson-thunderbird-g2-gene-simmons-ehem-gene-simmons-kiss\/","title":{"rendered":"Gibson Thunderbird G2 Gene Simmons, ehem. Gene Simmons (Kiss)"},"content":{"rendered":"<p>Gibson Thunderbird G2 Gene Simmons Ex Gene Simmons Kiss<\/p>\n","protected":false},"excerpt":{"rendered":"<p><strong>W\u00e4hrend die Band KISS gerade ihren Abschied feierte, beginnt ihr enormes Erbe gerade erst messbar zu werden. Entdecken Sie hier ein St\u00fcck Geschichte der End of The Road Tour, direkt aus dem Arsenal von Gene Simmons. Dieser G2 Thunderbird-Bass wurde modifiziert, intensiv gespielt und vom God of Thunder auf der letzten Tour ihrer Geschichte signiert.<\/strong><\/p>\n<p>KISS wusste, wie man gro\u00dfartige Shows inszeniert, die ihren energetischen und mitrei\u00dfenden Rock unterstreichen. In diesem au\u00dfergew\u00f6hnlichen Rahmen traten ihre R\u00fcstungen und Masken neben pyrotechnischen Effekten auf, und ihre Instrumente stiegen schnell neben den Kost\u00fcmen zum Rang personalisierter Requisiten auf, die zu Akteuren der B\u00fchne wurden. W\u00e4hrend Paul Stanley die Iceman zu seiner Referenzgitarre machte, brachte Gene Simmons ebenfalls seine Signature-B\u00e4sse ins Spiel: von der Punisher-Bassgitarre bis zur erstaunlichen Ax-Bass, nicht zu vergessen der traditionellere Thunderbird G2.<\/p>\n<p>Dieser <em><strong>Thunderbird G2<\/strong><\/em>-Bass wurde von Gene Simmons auf der End of The Road Tour von KISS <strong>modifiziert und gespielt<\/strong>. Basierend auf seinem Signature-Bass wurde er mehrfach angepasst, um seinen Bed\u00fcrfnissen und Spielvorlieben gerecht zu werden. Die Original-Tonabnehmer wurden gegen EMGs ausgetauscht, zwei Lautst\u00e4rkeregler entfernt und verschlossen, sodass nur einer \u00fcbrig blieb, und die Gurtpins wurden durch robustere Befestigungen ersetzt. Au\u00dferdem zeugen zahlreiche Gebrauchsspuren von der intensiven Nutzung durch den God of Thunder: Neben Abnutzungen auf der R\u00fcckseite f\u00e4llt der stark beanspruchte und teilweise besch\u00e4digte Steg auf, ebenso wie der Plektrum-Streifen entlang des Korpus und mehrere schwarze Klebeb\u00e4nder.<\/p>\n<p>Diese vielen Anpassungen durch Gene Simmons machen das Instrument sehr pers\u00f6nlich und historisch, insbesondere im Hinblick auf den R\u00fcckzug der Band und die intensive Nutzung. Dieser Bass wurde am Abend des letzten KISS-Konzerts in Paris im Juni 2022 zur\u00fcckgegeben, daher die Inschrift \u201eRock N Roll All Nite for the Last Time\u201c. Er wird mit seinem Case geliefert, das ebenfalls von Gene Simmons signiert wurde.<\/p>\n<p>&nbsp;<\/p>\n<h3>Reserviert<\/h3>\n","protected":false},"featured_media":5052,"comment_status":"open","ping_status":"closed","template":"","meta":{"_et_pb_use_builder":"","_et_pb_old_content":"","_et_gb_content_width":""},"product_brand":[],"product_cat":[672],"product_tag":[],"class_list":{"0":"post-19977","1":"product","2":"type-product","3":"status-publish","4":"has-post-thumbnail","6":"product_cat-verkaufte","7":"pa_artiste-gene-simmons-de","8":"pa_disponibilite-verkauft","9":"pa_marque-gibson-de","11":"first","12":"outofstock","13":"shipping-taxable","14":"product-type-simple"},"yoast_head":"<!-- This site is optimized with the Yoast SEO plugin v26.8 - https:\/\/yoast.com\/product\/yoast-seo-wordpress\/ -->\n<title>Gibson Thunderbird G2 Gene Simmons, ehem. Gene Simmons (Kiss) - Matt&#039;s Guitar Shop<\/title>\n<meta name=\"description\" content=\"Gibson Thunderbird G2 Gene Simmons, ex-Gene Simmons (KISS), ist exklusiv bei Matt\u2019s Guitar Shop erh\u00e4ltlich. Kontaktieren Sie uns!\" \/>\n<meta name=\"robots\" content=\"index, follow, max-snippet:-1, max-image-preview:large, max-video-preview:-1\" \/>\n<link rel=\"canonical\" href=\"https:\/\/www.matts-guitar-shop.com\/de\/produit\/gibson-thunderbird-g2-gene-simmons-ehem-gene-simmons-kiss\/\" \/>\n<meta property=\"og:locale\" content=\"de_DE\" \/>\n<meta property=\"og:type\" content=\"article\" \/>\n<meta property=\"og:title\" content=\"Gibson Thunderbird G2 Gene Simmons, ehem. Gene Simmons (Kiss) - Matt&#039;s Guitar Shop\" \/>\n<meta property=\"og:description\" content=\"Gibson Thunderbird G2 Gene Simmons, ex-Gene Simmons (KISS), ist exklusiv bei Matt\u2019s Guitar Shop erh\u00e4ltlich. Kontaktieren Sie uns!\" \/>\n<meta property=\"og:url\" content=\"https:\/\/www.matts-guitar-shop.com\/de\/produit\/gibson-thunderbird-g2-gene-simmons-ehem-gene-simmons-kiss\/\" \/>\n<meta property=\"og:site_name\" content=\"Matt&#039;s Guitar Shop\" \/>\n<meta property=\"article:publisher\" content=\"https:\/\/www.facebook.com\/profile.php?id=100044359842817\" \/>\n<meta property=\"article:modified_time\" content=\"2025-10-29T19:01:01+00:00\" \/>\n<meta property=\"og:image\" content=\"https:\/\/www.matts-guitar-shop.com\/wp-content\/uploads\/2024\/08\/Gibson-Thunderbird-G2-Gene-Simmons-Ex-Gene-Simmons-0-00.jpg\" \/>\n\t<meta property=\"og:image:width\" content=\"692\" \/>\n\t<meta property=\"og:image:height\" content=\"1000\" \/>\n\t<meta property=\"og:image:type\" content=\"image\/jpeg\" \/>\n<meta name=\"twitter:card\" content=\"summary_large_image\" \/>\n<script type=\"application\/ld+json\" class=\"yoast-schema-graph\">{\"@context\":\"https:\/\/schema.org\",\"@graph\":[{\"@type\":\"WebPage\",\"@id\":\"https:\/\/www.matts-guitar-shop.com\/de\/produit\/gibson-thunderbird-g2-gene-simmons-ehem-gene-simmons-kiss\/\",\"url\":\"https:\/\/www.matts-guitar-shop.com\/de\/produit\/gibson-thunderbird-g2-gene-simmons-ehem-gene-simmons-kiss\/\",\"name\":\"Gibson Thunderbird G2 Gene Simmons, ehem. Gene Simmons (Kiss) - Matt&#039;s Guitar Shop\",\"isPartOf\":{\"@id\":\"https:\/\/www.matts-guitar-shop.com\/de\/#website\"},\"primaryImageOfPage\":{\"@id\":\"https:\/\/www.matts-guitar-shop.com\/de\/produit\/gibson-thunderbird-g2-gene-simmons-ehem-gene-simmons-kiss\/#primaryimage\"},\"image\":{\"@id\":\"https:\/\/www.matts-guitar-shop.com\/de\/produit\/gibson-thunderbird-g2-gene-simmons-ehem-gene-simmons-kiss\/#primaryimage\"},\"thumbnailUrl\":\"https:\/\/www.matts-guitar-shop.com\/wp-content\/uploads\/2024\/08\/Gibson-Thunderbird-G2-Gene-Simmons-Ex-Gene-Simmons-0-00.jpg\",\"datePublished\":\"2024-08-19T16:02:16+00:00\",\"dateModified\":\"2025-10-29T19:01:01+00:00\",\"description\":\"Gibson Thunderbird G2 Gene Simmons, ex-Gene Simmons (KISS), ist exklusiv bei Matt\u2019s Guitar Shop erh\u00e4ltlich. Kontaktieren Sie uns!\",\"breadcrumb\":{\"@id\":\"https:\/\/www.matts-guitar-shop.com\/de\/produit\/gibson-thunderbird-g2-gene-simmons-ehem-gene-simmons-kiss\/#breadcrumb\"},\"inLanguage\":\"de\",\"potentialAction\":[{\"@type\":\"ReadAction\",\"target\":[\"https:\/\/www.matts-guitar-shop.com\/de\/produit\/gibson-thunderbird-g2-gene-simmons-ehem-gene-simmons-kiss\/\"]}]},{\"@type\":\"ImageObject\",\"inLanguage\":\"de\",\"@id\":\"https:\/\/www.matts-guitar-shop.com\/de\/produit\/gibson-thunderbird-g2-gene-simmons-ehem-gene-simmons-kiss\/#primaryimage\",\"url\":\"https:\/\/www.matts-guitar-shop.com\/wp-content\/uploads\/2024\/08\/Gibson-Thunderbird-G2-Gene-Simmons-Ex-Gene-Simmons-0-00.jpg\",\"contentUrl\":\"https:\/\/www.matts-guitar-shop.com\/wp-content\/uploads\/2024\/08\/Gibson-Thunderbird-G2-Gene-Simmons-Ex-Gene-Simmons-0-00.jpg\",\"width\":692,\"height\":1000},{\"@type\":\"BreadcrumbList\",\"@id\":\"https:\/\/www.matts-guitar-shop.com\/de\/produit\/gibson-thunderbird-g2-gene-simmons-ehem-gene-simmons-kiss\/#breadcrumb\",\"itemListElement\":[{\"@type\":\"ListItem\",\"position\":1,\"name\":\"Startseite\",\"item\":\"https:\/\/www.matts-guitar-shop.com\/de\/\"},{\"@type\":\"ListItem\",\"position\":2,\"name\":\"Shop\",\"item\":\"https:\/\/www.matts-guitar-shop.com\/de\/shop\/\"},{\"@type\":\"ListItem\",\"position\":3,\"name\":\"Gibson Thunderbird G2 Gene Simmons, ehem. Gene Simmons (Kiss)\"}]},{\"@type\":\"WebSite\",\"@id\":\"https:\/\/www.matts-guitar-shop.com\/de\/#website\",\"url\":\"https:\/\/www.matts-guitar-shop.com\/de\/\",\"name\":\"matts-guitar-shop.com\",\"description\":\"Guitar Shop\",\"publisher\":{\"@id\":\"https:\/\/www.matts-guitar-shop.com\/de\/#organization\"},\"potentialAction\":[{\"@type\":\"SearchAction\",\"target\":{\"@type\":\"EntryPoint\",\"urlTemplate\":\"https:\/\/www.matts-guitar-shop.com\/de\/?s={search_term_string}\"},\"query-input\":{\"@type\":\"PropertyValueSpecification\",\"valueRequired\":true,\"valueName\":\"search_term_string\"}}],\"inLanguage\":\"de\"},{\"@type\":\"Organization\",\"@id\":\"https:\/\/www.matts-guitar-shop.com\/de\/#organization\",\"name\":\"matts-guitar-shop.com\",\"url\":\"https:\/\/www.matts-guitar-shop.com\/de\/\",\"logo\":{\"@type\":\"ImageObject\",\"inLanguage\":\"de\",\"@id\":\"https:\/\/www.matts-guitar-shop.com\/de\/#\/schema\/logo\/image\/\",\"url\":\"https:\/\/www.matts-guitar-shop.com\/wp-content\/uploads\/2024\/09\/MGS-logo-site-02.png\",\"contentUrl\":\"https:\/\/www.matts-guitar-shop.com\/wp-content\/uploads\/2024\/09\/MGS-logo-site-02.png\",\"width\":200,\"height\":122,\"caption\":\"matts-guitar-shop.com\"},\"image\":{\"@id\":\"https:\/\/www.matts-guitar-shop.com\/de\/#\/schema\/logo\/image\/\"},\"sameAs\":[\"https:\/\/www.facebook.com\/profile.php?id=100044359842817\",\"https:\/\/www.instagram.com\/mattsguitarshop\/\",\"https:\/\/www.youtube.com\/@MattLucasMan\/videos\"]}]}<\/script>\n<!-- \/ Yoast SEO plugin. -->","yoast_head_json":{"title":"Gibson Thunderbird G2 Gene Simmons, ehem. Gene Simmons (Kiss) - Matt&#039;s Guitar Shop","description":"Gibson Thunderbird G2 Gene Simmons, ex-Gene Simmons (KISS), ist exklusiv bei Matt\u2019s Guitar Shop erh\u00e4ltlich. Kontaktieren Sie uns!","robots":{"index":"index","follow":"follow","max-snippet":"max-snippet:-1","max-image-preview":"max-image-preview:large","max-video-preview":"max-video-preview:-1"},"canonical":"https:\/\/www.matts-guitar-shop.com\/de\/produit\/gibson-thunderbird-g2-gene-simmons-ehem-gene-simmons-kiss\/","og_locale":"de_DE","og_type":"article","og_title":"Gibson Thunderbird G2 Gene Simmons, ehem. Gene Simmons (Kiss) - Matt&#039;s Guitar Shop","og_description":"Gibson Thunderbird G2 Gene Simmons, ex-Gene Simmons (KISS), ist exklusiv bei Matt\u2019s Guitar Shop erh\u00e4ltlich. Kontaktieren Sie uns!","og_url":"https:\/\/www.matts-guitar-shop.com\/de\/produit\/gibson-thunderbird-g2-gene-simmons-ehem-gene-simmons-kiss\/","og_site_name":"Matt&#039;s Guitar Shop","article_publisher":"https:\/\/www.facebook.com\/profile.php?id=100044359842817","article_modified_time":"2025-10-29T19:01:01+00:00","og_image":[{"width":692,"height":1000,"url":"https:\/\/www.matts-guitar-shop.com\/wp-content\/uploads\/2024\/08\/Gibson-Thunderbird-G2-Gene-Simmons-Ex-Gene-Simmons-0-00.jpg","type":"image\/jpeg"}],"twitter_card":"summary_large_image","schema":{"@context":"https:\/\/schema.org","@graph":[{"@type":"WebPage","@id":"https:\/\/www.matts-guitar-shop.com\/de\/produit\/gibson-thunderbird-g2-gene-simmons-ehem-gene-simmons-kiss\/","url":"https:\/\/www.matts-guitar-shop.com\/de\/produit\/gibson-thunderbird-g2-gene-simmons-ehem-gene-simmons-kiss\/","name":"Gibson Thunderbird G2 Gene Simmons, ehem. Gene Simmons (Kiss) - Matt&#039;s Guitar Shop","isPartOf":{"@id":"https:\/\/www.matts-guitar-shop.com\/de\/#website"},"primaryImageOfPage":{"@id":"https:\/\/www.matts-guitar-shop.com\/de\/produit\/gibson-thunderbird-g2-gene-simmons-ehem-gene-simmons-kiss\/#primaryimage"},"image":{"@id":"https:\/\/www.matts-guitar-shop.com\/de\/produit\/gibson-thunderbird-g2-gene-simmons-ehem-gene-simmons-kiss\/#primaryimage"},"thumbnailUrl":"https:\/\/www.matts-guitar-shop.com\/wp-content\/uploads\/2024\/08\/Gibson-Thunderbird-G2-Gene-Simmons-Ex-Gene-Simmons-0-00.jpg","datePublished":"2024-08-19T16:02:16+00:00","dateModified":"2025-10-29T19:01:01+00:00","description":"Gibson Thunderbird G2 Gene Simmons, ex-Gene Simmons (KISS), ist exklusiv bei Matt\u2019s Guitar Shop erh\u00e4ltlich. Kontaktieren Sie uns!","breadcrumb":{"@id":"https:\/\/www.matts-guitar-shop.com\/de\/produit\/gibson-thunderbird-g2-gene-simmons-ehem-gene-simmons-kiss\/#breadcrumb"},"inLanguage":"de","potentialAction":[{"@type":"ReadAction","target":["https:\/\/www.matts-guitar-shop.com\/de\/produit\/gibson-thunderbird-g2-gene-simmons-ehem-gene-simmons-kiss\/"]}]},{"@type":"ImageObject","inLanguage":"de","@id":"https:\/\/www.matts-guitar-shop.com\/de\/produit\/gibson-thunderbird-g2-gene-simmons-ehem-gene-simmons-kiss\/#primaryimage","url":"https:\/\/www.matts-guitar-shop.com\/wp-content\/uploads\/2024\/08\/Gibson-Thunderbird-G2-Gene-Simmons-Ex-Gene-Simmons-0-00.jpg","contentUrl":"https:\/\/www.matts-guitar-shop.com\/wp-content\/uploads\/2024\/08\/Gibson-Thunderbird-G2-Gene-Simmons-Ex-Gene-Simmons-0-00.jpg","width":692,"height":1000},{"@type":"BreadcrumbList","@id":"https:\/\/www.matts-guitar-shop.com\/de\/produit\/gibson-thunderbird-g2-gene-simmons-ehem-gene-simmons-kiss\/#breadcrumb","itemListElement":[{"@type":"ListItem","position":1,"name":"Startseite","item":"https:\/\/www.matts-guitar-shop.com\/de\/"},{"@type":"ListItem","position":2,"name":"Shop","item":"https:\/\/www.matts-guitar-shop.com\/de\/shop\/"},{"@type":"ListItem","position":3,"name":"Gibson Thunderbird G2 Gene Simmons, ehem. Gene Simmons (Kiss)"}]},{"@type":"WebSite","@id":"https:\/\/www.matts-guitar-shop.com\/de\/#website","url":"https:\/\/www.matts-guitar-shop.com\/de\/","name":"matts-guitar-shop.com","description":"Guitar Shop","publisher":{"@id":"https:\/\/www.matts-guitar-shop.com\/de\/#organization"},"potentialAction":[{"@type":"SearchAction","target":{"@type":"EntryPoint","urlTemplate":"https:\/\/www.matts-guitar-shop.com\/de\/?s={search_term_string}"},"query-input":{"@type":"PropertyValueSpecification","valueRequired":true,"valueName":"search_term_string"}}],"inLanguage":"de"},{"@type":"Organization","@id":"https:\/\/www.matts-guitar-shop.com\/de\/#organization","name":"matts-guitar-shop.com","url":"https:\/\/www.matts-guitar-shop.com\/de\/","logo":{"@type":"ImageObject","inLanguage":"de","@id":"https:\/\/www.matts-guitar-shop.com\/de\/#\/schema\/logo\/image\/","url":"https:\/\/www.matts-guitar-shop.com\/wp-content\/uploads\/2024\/09\/MGS-logo-site-02.png","contentUrl":"https:\/\/www.matts-guitar-shop.com\/wp-content\/uploads\/2024\/09\/MGS-logo-site-02.png","width":200,"height":122,"caption":"matts-guitar-shop.com"},"image":{"@id":"https:\/\/www.matts-guitar-shop.com\/de\/#\/schema\/logo\/image\/"},"sameAs":["https:\/\/www.facebook.com\/profile.php?id=100044359842817","https:\/\/www.instagram.com\/mattsguitarshop\/","https:\/\/www.youtube.com\/@MattLucasMan\/videos"]}]}},"_links":{"self":[{"href":"https:\/\/www.matts-guitar-shop.com\/de\/wp-json\/wp\/v2\/product\/19977","targetHints":{"allow":["GET"]}}],"collection":[{"href":"https:\/\/www.matts-guitar-shop.com\/de\/wp-json\/wp\/v2\/product"}],"about":[{"href":"https:\/\/www.matts-guitar-shop.com\/de\/wp-json\/wp\/v2\/types\/product"}],"replies":[{"embeddable":true,"href":"https:\/\/www.matts-guitar-shop.com\/de\/wp-json\/wp\/v2\/comments?post=19977"}],"wp:featuredmedia":[{"embeddable":true,"href":"https:\/\/www.matts-guitar-shop.com\/de\/wp-json\/wp\/v2\/media\/5052"}],"wp:attachment":[{"href":"https:\/\/www.matts-guitar-shop.com\/de\/wp-json\/wp\/v2\/media?parent=19977"}],"wp:term":[{"taxonomy":"product_brand","embeddable":true,"href":"https:\/\/www.matts-guitar-shop.com\/de\/wp-json\/wp\/v2\/product_brand?post=19977"},{"taxonomy":"product_cat","embeddable":true,"href":"https:\/\/www.matts-guitar-shop.com\/de\/wp-json\/wp\/v2\/product_cat?post=19977"},{"taxonomy":"product_tag","embeddable":true,"href":"https:\/\/www.matts-guitar-shop.com\/de\/wp-json\/wp\/v2\/product_tag?post=19977"}],"curies":[{"name":"wp","href":"https:\/\/api.w.org\/{rel}","templated":true}]}}