{"id":19976,"date":"2024-08-22T18:31:28","date_gmt":"2024-08-22T16:31:28","guid":{"rendered":"https:\/\/www.matts-guitar-shop.com\/produit\/john-bolin-gretsch-billy-bo-prototype-ehem-billy-gibbons-collection\/"},"modified":"2025-10-29T18:52:42","modified_gmt":"2025-10-29T17:52:42","slug":"john-bolin-gretsch-billy-bo-prototype-ehem-billy-gibbons-collection","status":"publish","type":"product","link":"https:\/\/www.matts-guitar-shop.com\/de\/produit\/john-bolin-gretsch-billy-bo-prototype-ehem-billy-gibbons-collection\/","title":{"rendered":"John Bolin Gretsch Billy Bo Prototype, ehem. Billy Gibbons Collection"},"content":{"rendered":"<p>Billy F Gibbons<br \/>(1949)<\/p>\n<p>Band: ZZ Top<br \/>Hauptgitarre: Gibson Les Paul Standard 1959<br \/>Unbedingt anh\u00f6ren: Just Got Paid<\/p>\n<p>Billy Gibbons ist der Boss. Der Boss der Gitarristen mit seinem sinnlichen Vibrato und dem fetten Sound wie ein Burrito, den er seiner Les Paul entlockt. Der Boss der S\u00e4nger mit seiner rauen, twangy Stimme. Der Boss der Bandleader mit ZZ Top, seinem Trio, dessen Besetzung seit 1969 unver\u00e4ndert geblieben ist. Der Boss der Stilbewussten, mit einem makellosen Sinn f\u00fcr B\u00fchnenoutfits. Und schlie\u00dflich der Boss der Sammler, mit mehreren Lagerhallen voller Tausender Gitarren, die er \u00fcber die Jahre erworben hat. Der Legende nach besitzt er von jedem Jahr jedes Modell der gro\u00dfen Marken ein Exemplar \u2013 und es k\u00f6nnte gut sein, dass dies keine blo\u00dfe Legende ist\u2026 Fakt ist, dass die Gitarren, die wir von ihm kennen, einen schwindelig machen k\u00f6nnen, von der \u201eMistress Pearly Gates\u201c, der ber\u00fchmten Les Paul 59, die ihn seit jeher begleitet, \u00fcber seine Strat 54 Hardtail, die oft erg\u00e4nzend zu Pearly Gates zu h\u00f6ren ist, bis hin zu seinen zahlreichen Hotrod-Custom-Gitarren.<\/p>\n<p>Seine Karriere beginnt bereits 1967 bei The Moving Sidewalks, einer der wenigen texanischen Psychedelic-Rock-Bands, die von den 13th Floor Elevators inspiriert waren. Sie spielten sogar als Vorgruppe von Jimi Hendrix, bevor sie sich 1969 trennten \u2013 jenem Jahr, in dem Gibbons ZZ Top gr\u00fcndete.<\/p>\n<p>Das Trio startete mit traditionellem, fettem Blues-Rock, bevor es sich in eine elektronischere Richtung entwickelte, beginnend mit <i>Deg\u00fcello<\/i> 1979. Diese Entwicklung setzte sich mit der Trilogie <i>Eliminator \/ Afterburner \/ Recycler<\/i> fort, drei Alben, auf denen Gibbons\u2019 Blues mit den damals aktuellen Synthesizern und Drum Machines verschmolz \u2013 ein Ergebnis, das viele Fans \u00fcberzeugte, egal ob sie die Trio-Musik \u00fcber Singles wie \u201eGimme All Your Loving\u201c und \u201eRough Boy\u201c oder \u00fcber die exzellenten Videoclips der Band kennenlernten, die damals in Dauerschleife auf MTV liefen. Seitdem hat ZZ Top seine Musik erneut neu erfunden, mit einem fetteren, organischeren Sound, getr\u00e4nkt in Fuzz. Gibbons trat zudem mehrfach als Gast auf den Alben anderer Musiker auf und ver\u00f6ffentlichte vor allem zwei Soloalben: <i>Perfectamundo<\/i>, das kubanische Musik erforscht, und <i>Big Bad Blues<\/i>, das zu seinen Wurzeln zur\u00fcckkehrt, zwischen Muddy Waters und Bo Diddley. Der Kreis schlie\u00dft sich.<\/p>\n","protected":false},"excerpt":{"rendered":"<p><strong>Genialer Gitarrist mit unverwechselbarem Look und exzentrischem Stil, Billy Gibbons hat sich in der Musikgeschichte sowohl durch den fetten Sound seiner Gitarren als auch durch seinen Bart, der untrennbar mit dem Reverend verbunden ist, einen Namen gemacht. Als leidenschaftlicher Sammler von Instrumenten ist Gibbons besonders erfinderisch, wenn es darum geht, originelle Modelle zu entwerfen. Unter der Vielzahl an Gitarren, die er im Laufe der Jahre entworfen hat, nimmt die rote Billy Bo einen besonderen Platz ein. Die Gitarre, die zu einer Ikone wurde, ist in Wirklichkeit eine Hommage, die zwei Generationen von Bluesmusikern vereint \u2013 Billy Gibbons nat\u00fcrlich, aber auch Bo Diddley, dem diese Gitarrenform zu verdanken ist. Das John Bolin Billy Bo Gretsch Prototype, das im Matt\u2019s Guitar Shop angeboten wird, ist eine extrem seltene Gitarre, die von John Bolin entworfen wurde. Sie zeigt alle Merkmale der pers\u00f6nlichen Gitarren des Reverend und bringt die Billy Bo auf die Spitze ihrer Qualit\u00e4ten.<\/strong><\/p>\n<p>Werfen wir einen Blick auf die Geschichte der Billy Bo, einer legend\u00e4ren Gitarre, die ein neues, zutiefst futuristisches Design einleitete. 2005 unterzeichnete Billy Gibbons sein erstes Signature-Modell bei Gretsch, eine Gitarre mit einem absolut radikalen Design, das jedoch nicht brandneu war. Die Gretsch Jupiter Thunderbird war 1959 eine von dem legend\u00e4ren Bo Diddley entworfene Form. Die Marke aus Brooklyn fertigte damals nur ein Exemplar, das Diddley sp\u00e4ter an Gibbons weitergab. Dieses historische St\u00fcck blieb lange Zeit in den Archiven des ZZ Top-Chefs, bis er es f\u00fcr eine Aufnahme wieder hervorholte, und schlug Gretsch anschlie\u00dfend vor, ein Doppel-Signature-Modell zu entwickeln, das zwei Generationen von Gitarristen vereint \u2013 daher der Name Billy Bo, f\u00fcr Gibbons und Diddley. Die Billy Bo \u00fcbernimmt die urspr\u00fcngliche Form, aber die Tonabnehmer sind TV Jones Powertron, besser geeignet f\u00fcr den modernen, fetten Sound, den ZZ Top bevorzugt.<\/p>\n<p>John Bolin und Billy Gibbons begannen eine erfolgreiche Zusammenarbeit, nachdem sie sich hinter den Kulissen eines ZZ Top-Konzerts in Boise, Idaho, getroffen hatten. Billy Gibbons war von Bolins Instrumenten begeistert, und die beiden unternahmen schnell mehrere Projekte f\u00fcr Gitarren, die die Anspr\u00fcche des einen und das technische K\u00f6nnen des anderen vereinten. Der Master Builder John Bolin arbeitete eng mit Billy Gibbons zusammen und fertigte \u00fcber zwanzig Jahre mehr als 100 individuell gestaltete Gitarren und B\u00e4sse. Im Laufe der Jahre und Gitarren entwickelten sie exzentrische Instrumente, die das gro\u00dfe K\u00f6nnen des ersten nutzten. Sie bauten Gitarren aus verschiedenen Materialien, um Gibbons\u2019 grenzenlose Vorstellungskraft zu erf\u00fcllen: geschnitzte Decken, goldene, geflammte, mit Fell und Leder bezogene Decken oder verzerrte Decken\u2026 Ihre Partnerschaft erstreckte sich bis zu den pers\u00f6nlichen Gitarren, die Billy Gibbons auf der B\u00fchne spielte. John Bolin fertigte nach und nach die Billy Bo, die Gibbons auf der B\u00fchne spielte \u2013 vor allem aus Gr\u00fcnden des Gewichts auf den Schultern.<\/p>\n<p>Dieses seltene Billy Bo John Bolin Prototype stammt direkt aus der Sammlung von Billy Gibbons und wurde vom Gitarrenbauer John Bolin gefertigt. Sie vereint alle spezifischen Merkmale der pers\u00f6nlichen Instrumente des Reverend: das bemerkenswert leichte Gewicht im Vergleich zu ihrem Gretsch-\u00c4quivalent und der Steg-Tonabnehmer, der mit voller Kraft arbeitet. Ein au\u00dfergew\u00f6hnliches St\u00fcck, das im Matt\u2019s Guitar Shop entdeckt werden kann!<\/p>\n<p><strong>Haben Sie Fragen zu diesem Produkt? Kontaktieren Sie uns!<\/strong><\/p>\n","protected":false},"featured_media":6123,"comment_status":"open","ping_status":"closed","template":"","meta":{"_et_pb_use_builder":"","_et_pb_old_content":"","_et_gb_content_width":""},"product_brand":[],"product_cat":[673,677,670],"product_tag":[],"class_list":{"0":"post-19976","1":"product","2":"type-product","3":"status-publish","4":"has-post-thumbnail","6":"product_cat-gitarren","7":"product_cat-elektrische-gitarren","8":"product_cat-kuenstler","9":"pa_artiste-billy-f-gibbons-de","10":"pa_disponibilite-zu-verkaufen","11":"pa_marque-gretsch-de","13":"first","14":"instock","15":"shipping-taxable","16":"product-type-simple"},"yoast_head":"<!-- This site is optimized with the Yoast SEO plugin v26.8 - https:\/\/yoast.com\/product\/yoast-seo-wordpress\/ -->\n<title>John Bolin Gretsch Billy Bo Prototype, ehem. Billy Gibbons Collection - Matt&#039;s Guitar Shop<\/title>\n<meta name=\"description\" content=\"Der Meister der Gitarristen mit seinem sinnlichen Vibrato und dem satten, vollen Klang, den er aus seiner Les Paul Gibbons Collection holt.\" \/>\n<meta name=\"robots\" content=\"index, follow, max-snippet:-1, max-image-preview:large, max-video-preview:-1\" \/>\n<link rel=\"canonical\" href=\"https:\/\/www.matts-guitar-shop.com\/de\/produit\/john-bolin-gretsch-billy-bo-prototype-ehem-billy-gibbons-collection\/\" \/>\n<meta property=\"og:locale\" content=\"de_DE\" \/>\n<meta property=\"og:type\" content=\"article\" \/>\n<meta property=\"og:title\" content=\"John Bolin Gretsch Billy Bo Prototype, ehem. Billy Gibbons Collection - Matt&#039;s Guitar Shop\" \/>\n<meta property=\"og:description\" content=\"Der Meister der Gitarristen mit seinem sinnlichen Vibrato und dem satten, vollen Klang, den er aus seiner Les Paul Gibbons Collection holt.\" \/>\n<meta property=\"og:url\" content=\"https:\/\/www.matts-guitar-shop.com\/de\/produit\/john-bolin-gretsch-billy-bo-prototype-ehem-billy-gibbons-collection\/\" \/>\n<meta property=\"og:site_name\" content=\"Matt&#039;s Guitar Shop\" \/>\n<meta property=\"article:publisher\" content=\"https:\/\/www.facebook.com\/profile.php?id=100044359842817\" \/>\n<meta property=\"article:modified_time\" content=\"2025-10-29T17:52:42+00:00\" \/>\n<meta property=\"og:image\" content=\"https:\/\/www.matts-guitar-shop.com\/wp-content\/uploads\/2024\/08\/Gretsch-John-Bolin-Billy-Bo-Prototype-Ex-Billy-Gibbons-Collection-00.jpg\" \/>\n\t<meta property=\"og:image:width\" content=\"692\" \/>\n\t<meta property=\"og:image:height\" content=\"1000\" \/>\n\t<meta property=\"og:image:type\" content=\"image\/jpeg\" \/>\n<meta name=\"twitter:card\" content=\"summary_large_image\" \/>\n<meta name=\"twitter:label1\" content=\"Gesch\u00e4tzte Lesezeit\" \/>\n\t<meta name=\"twitter:data1\" content=\"2\u00a0Minuten\" \/>\n<script type=\"application\/ld+json\" class=\"yoast-schema-graph\">{\"@context\":\"https:\/\/schema.org\",\"@graph\":[{\"@type\":\"WebPage\",\"@id\":\"https:\/\/www.matts-guitar-shop.com\/de\/produit\/john-bolin-gretsch-billy-bo-prototype-ehem-billy-gibbons-collection\/\",\"url\":\"https:\/\/www.matts-guitar-shop.com\/de\/produit\/john-bolin-gretsch-billy-bo-prototype-ehem-billy-gibbons-collection\/\",\"name\":\"John Bolin Gretsch Billy Bo Prototype, ehem. Billy Gibbons Collection - Matt&#039;s Guitar Shop\",\"isPartOf\":{\"@id\":\"https:\/\/www.matts-guitar-shop.com\/de\/#website\"},\"primaryImageOfPage\":{\"@id\":\"https:\/\/www.matts-guitar-shop.com\/de\/produit\/john-bolin-gretsch-billy-bo-prototype-ehem-billy-gibbons-collection\/#primaryimage\"},\"image\":{\"@id\":\"https:\/\/www.matts-guitar-shop.com\/de\/produit\/john-bolin-gretsch-billy-bo-prototype-ehem-billy-gibbons-collection\/#primaryimage\"},\"thumbnailUrl\":\"https:\/\/www.matts-guitar-shop.com\/wp-content\/uploads\/2024\/08\/Gretsch-John-Bolin-Billy-Bo-Prototype-Ex-Billy-Gibbons-Collection-00.jpg\",\"datePublished\":\"2024-08-22T16:31:28+00:00\",\"dateModified\":\"2025-10-29T17:52:42+00:00\",\"description\":\"Der Meister der Gitarristen mit seinem sinnlichen Vibrato und dem satten, vollen Klang, den er aus seiner Les Paul Gibbons Collection holt.\",\"breadcrumb\":{\"@id\":\"https:\/\/www.matts-guitar-shop.com\/de\/produit\/john-bolin-gretsch-billy-bo-prototype-ehem-billy-gibbons-collection\/#breadcrumb\"},\"inLanguage\":\"de\",\"potentialAction\":[{\"@type\":\"ReadAction\",\"target\":[\"https:\/\/www.matts-guitar-shop.com\/de\/produit\/john-bolin-gretsch-billy-bo-prototype-ehem-billy-gibbons-collection\/\"]}]},{\"@type\":\"ImageObject\",\"inLanguage\":\"de\",\"@id\":\"https:\/\/www.matts-guitar-shop.com\/de\/produit\/john-bolin-gretsch-billy-bo-prototype-ehem-billy-gibbons-collection\/#primaryimage\",\"url\":\"https:\/\/www.matts-guitar-shop.com\/wp-content\/uploads\/2024\/08\/Gretsch-John-Bolin-Billy-Bo-Prototype-Ex-Billy-Gibbons-Collection-00.jpg\",\"contentUrl\":\"https:\/\/www.matts-guitar-shop.com\/wp-content\/uploads\/2024\/08\/Gretsch-John-Bolin-Billy-Bo-Prototype-Ex-Billy-Gibbons-Collection-00.jpg\",\"width\":692,\"height\":1000},{\"@type\":\"BreadcrumbList\",\"@id\":\"https:\/\/www.matts-guitar-shop.com\/de\/produit\/john-bolin-gretsch-billy-bo-prototype-ehem-billy-gibbons-collection\/#breadcrumb\",\"itemListElement\":[{\"@type\":\"ListItem\",\"position\":1,\"name\":\"Startseite\",\"item\":\"https:\/\/www.matts-guitar-shop.com\/de\/\"},{\"@type\":\"ListItem\",\"position\":2,\"name\":\"Shop\",\"item\":\"https:\/\/www.matts-guitar-shop.com\/de\/shop\/\"},{\"@type\":\"ListItem\",\"position\":3,\"name\":\"John Bolin Gretsch Billy Bo Prototype, ehem. Billy Gibbons Collection\"}]},{\"@type\":\"WebSite\",\"@id\":\"https:\/\/www.matts-guitar-shop.com\/de\/#website\",\"url\":\"https:\/\/www.matts-guitar-shop.com\/de\/\",\"name\":\"matts-guitar-shop.com\",\"description\":\"Guitar Shop\",\"publisher\":{\"@id\":\"https:\/\/www.matts-guitar-shop.com\/de\/#organization\"},\"potentialAction\":[{\"@type\":\"SearchAction\",\"target\":{\"@type\":\"EntryPoint\",\"urlTemplate\":\"https:\/\/www.matts-guitar-shop.com\/de\/?s={search_term_string}\"},\"query-input\":{\"@type\":\"PropertyValueSpecification\",\"valueRequired\":true,\"valueName\":\"search_term_string\"}}],\"inLanguage\":\"de\"},{\"@type\":\"Organization\",\"@id\":\"https:\/\/www.matts-guitar-shop.com\/de\/#organization\",\"name\":\"matts-guitar-shop.com\",\"url\":\"https:\/\/www.matts-guitar-shop.com\/de\/\",\"logo\":{\"@type\":\"ImageObject\",\"inLanguage\":\"de\",\"@id\":\"https:\/\/www.matts-guitar-shop.com\/de\/#\/schema\/logo\/image\/\",\"url\":\"https:\/\/www.matts-guitar-shop.com\/wp-content\/uploads\/2024\/09\/MGS-logo-site-02.png\",\"contentUrl\":\"https:\/\/www.matts-guitar-shop.com\/wp-content\/uploads\/2024\/09\/MGS-logo-site-02.png\",\"width\":200,\"height\":122,\"caption\":\"matts-guitar-shop.com\"},\"image\":{\"@id\":\"https:\/\/www.matts-guitar-shop.com\/de\/#\/schema\/logo\/image\/\"},\"sameAs\":[\"https:\/\/www.facebook.com\/profile.php?id=100044359842817\",\"https:\/\/www.instagram.com\/mattsguitarshop\/\",\"https:\/\/www.youtube.com\/@MattLucasMan\/videos\"]}]}<\/script>\n<!-- \/ Yoast SEO plugin. -->","yoast_head_json":{"title":"John Bolin Gretsch Billy Bo Prototype, ehem. Billy Gibbons Collection - Matt&#039;s Guitar Shop","description":"Der Meister der Gitarristen mit seinem sinnlichen Vibrato und dem satten, vollen Klang, den er aus seiner Les Paul Gibbons Collection holt.","robots":{"index":"index","follow":"follow","max-snippet":"max-snippet:-1","max-image-preview":"max-image-preview:large","max-video-preview":"max-video-preview:-1"},"canonical":"https:\/\/www.matts-guitar-shop.com\/de\/produit\/john-bolin-gretsch-billy-bo-prototype-ehem-billy-gibbons-collection\/","og_locale":"de_DE","og_type":"article","og_title":"John Bolin Gretsch Billy Bo Prototype, ehem. Billy Gibbons Collection - Matt&#039;s Guitar Shop","og_description":"Der Meister der Gitarristen mit seinem sinnlichen Vibrato und dem satten, vollen Klang, den er aus seiner Les Paul Gibbons Collection holt.","og_url":"https:\/\/www.matts-guitar-shop.com\/de\/produit\/john-bolin-gretsch-billy-bo-prototype-ehem-billy-gibbons-collection\/","og_site_name":"Matt&#039;s Guitar Shop","article_publisher":"https:\/\/www.facebook.com\/profile.php?id=100044359842817","article_modified_time":"2025-10-29T17:52:42+00:00","og_image":[{"width":692,"height":1000,"url":"https:\/\/www.matts-guitar-shop.com\/wp-content\/uploads\/2024\/08\/Gretsch-John-Bolin-Billy-Bo-Prototype-Ex-Billy-Gibbons-Collection-00.jpg","type":"image\/jpeg"}],"twitter_card":"summary_large_image","twitter_misc":{"Gesch\u00e4tzte Lesezeit":"2\u00a0Minuten"},"schema":{"@context":"https:\/\/schema.org","@graph":[{"@type":"WebPage","@id":"https:\/\/www.matts-guitar-shop.com\/de\/produit\/john-bolin-gretsch-billy-bo-prototype-ehem-billy-gibbons-collection\/","url":"https:\/\/www.matts-guitar-shop.com\/de\/produit\/john-bolin-gretsch-billy-bo-prototype-ehem-billy-gibbons-collection\/","name":"John Bolin Gretsch Billy Bo Prototype, ehem. Billy Gibbons Collection - Matt&#039;s Guitar Shop","isPartOf":{"@id":"https:\/\/www.matts-guitar-shop.com\/de\/#website"},"primaryImageOfPage":{"@id":"https:\/\/www.matts-guitar-shop.com\/de\/produit\/john-bolin-gretsch-billy-bo-prototype-ehem-billy-gibbons-collection\/#primaryimage"},"image":{"@id":"https:\/\/www.matts-guitar-shop.com\/de\/produit\/john-bolin-gretsch-billy-bo-prototype-ehem-billy-gibbons-collection\/#primaryimage"},"thumbnailUrl":"https:\/\/www.matts-guitar-shop.com\/wp-content\/uploads\/2024\/08\/Gretsch-John-Bolin-Billy-Bo-Prototype-Ex-Billy-Gibbons-Collection-00.jpg","datePublished":"2024-08-22T16:31:28+00:00","dateModified":"2025-10-29T17:52:42+00:00","description":"Der Meister der Gitarristen mit seinem sinnlichen Vibrato und dem satten, vollen Klang, den er aus seiner Les Paul Gibbons Collection holt.","breadcrumb":{"@id":"https:\/\/www.matts-guitar-shop.com\/de\/produit\/john-bolin-gretsch-billy-bo-prototype-ehem-billy-gibbons-collection\/#breadcrumb"},"inLanguage":"de","potentialAction":[{"@type":"ReadAction","target":["https:\/\/www.matts-guitar-shop.com\/de\/produit\/john-bolin-gretsch-billy-bo-prototype-ehem-billy-gibbons-collection\/"]}]},{"@type":"ImageObject","inLanguage":"de","@id":"https:\/\/www.matts-guitar-shop.com\/de\/produit\/john-bolin-gretsch-billy-bo-prototype-ehem-billy-gibbons-collection\/#primaryimage","url":"https:\/\/www.matts-guitar-shop.com\/wp-content\/uploads\/2024\/08\/Gretsch-John-Bolin-Billy-Bo-Prototype-Ex-Billy-Gibbons-Collection-00.jpg","contentUrl":"https:\/\/www.matts-guitar-shop.com\/wp-content\/uploads\/2024\/08\/Gretsch-John-Bolin-Billy-Bo-Prototype-Ex-Billy-Gibbons-Collection-00.jpg","width":692,"height":1000},{"@type":"BreadcrumbList","@id":"https:\/\/www.matts-guitar-shop.com\/de\/produit\/john-bolin-gretsch-billy-bo-prototype-ehem-billy-gibbons-collection\/#breadcrumb","itemListElement":[{"@type":"ListItem","position":1,"name":"Startseite","item":"https:\/\/www.matts-guitar-shop.com\/de\/"},{"@type":"ListItem","position":2,"name":"Shop","item":"https:\/\/www.matts-guitar-shop.com\/de\/shop\/"},{"@type":"ListItem","position":3,"name":"John Bolin Gretsch Billy Bo Prototype, ehem. Billy Gibbons Collection"}]},{"@type":"WebSite","@id":"https:\/\/www.matts-guitar-shop.com\/de\/#website","url":"https:\/\/www.matts-guitar-shop.com\/de\/","name":"matts-guitar-shop.com","description":"Guitar Shop","publisher":{"@id":"https:\/\/www.matts-guitar-shop.com\/de\/#organization"},"potentialAction":[{"@type":"SearchAction","target":{"@type":"EntryPoint","urlTemplate":"https:\/\/www.matts-guitar-shop.com\/de\/?s={search_term_string}"},"query-input":{"@type":"PropertyValueSpecification","valueRequired":true,"valueName":"search_term_string"}}],"inLanguage":"de"},{"@type":"Organization","@id":"https:\/\/www.matts-guitar-shop.com\/de\/#organization","name":"matts-guitar-shop.com","url":"https:\/\/www.matts-guitar-shop.com\/de\/","logo":{"@type":"ImageObject","inLanguage":"de","@id":"https:\/\/www.matts-guitar-shop.com\/de\/#\/schema\/logo\/image\/","url":"https:\/\/www.matts-guitar-shop.com\/wp-content\/uploads\/2024\/09\/MGS-logo-site-02.png","contentUrl":"https:\/\/www.matts-guitar-shop.com\/wp-content\/uploads\/2024\/09\/MGS-logo-site-02.png","width":200,"height":122,"caption":"matts-guitar-shop.com"},"image":{"@id":"https:\/\/www.matts-guitar-shop.com\/de\/#\/schema\/logo\/image\/"},"sameAs":["https:\/\/www.facebook.com\/profile.php?id=100044359842817","https:\/\/www.instagram.com\/mattsguitarshop\/","https:\/\/www.youtube.com\/@MattLucasMan\/videos"]}]}},"_links":{"self":[{"href":"https:\/\/www.matts-guitar-shop.com\/de\/wp-json\/wp\/v2\/product\/19976","targetHints":{"allow":["GET"]}}],"collection":[{"href":"https:\/\/www.matts-guitar-shop.com\/de\/wp-json\/wp\/v2\/product"}],"about":[{"href":"https:\/\/www.matts-guitar-shop.com\/de\/wp-json\/wp\/v2\/types\/product"}],"replies":[{"embeddable":true,"href":"https:\/\/www.matts-guitar-shop.com\/de\/wp-json\/wp\/v2\/comments?post=19976"}],"wp:featuredmedia":[{"embeddable":true,"href":"https:\/\/www.matts-guitar-shop.com\/de\/wp-json\/wp\/v2\/media\/6123"}],"wp:attachment":[{"href":"https:\/\/www.matts-guitar-shop.com\/de\/wp-json\/wp\/v2\/media?parent=19976"}],"wp:term":[{"taxonomy":"product_brand","embeddable":true,"href":"https:\/\/www.matts-guitar-shop.com\/de\/wp-json\/wp\/v2\/product_brand?post=19976"},{"taxonomy":"product_cat","embeddable":true,"href":"https:\/\/www.matts-guitar-shop.com\/de\/wp-json\/wp\/v2\/product_cat?post=19976"},{"taxonomy":"product_tag","embeddable":true,"href":"https:\/\/www.matts-guitar-shop.com\/de\/wp-json\/wp\/v2\/product_tag?post=19976"}],"curies":[{"name":"wp","href":"https:\/\/api.w.org\/{rel}","templated":true}]}}