{"id":19975,"date":"2024-08-22T18:12:19","date_gmt":"2024-08-22T16:12:19","guid":{"rendered":"https:\/\/www.matts-guitar-shop.com\/produit\/gibson-sg-junior-1964-ehem-incubus\/"},"modified":"2024-08-22T18:12:19","modified_gmt":"2024-08-22T16:12:19","slug":"gibson-sg-junior-1964-ehem-incubus","status":"publish","type":"product","link":"https:\/\/www.matts-guitar-shop.com\/de\/produit\/gibson-sg-junior-1964-ehem-incubus\/","title":{"rendered":"Gibson SG Junior 1964, ehem. Incubus"},"content":{"rendered":"<p>Gibson SG Junior 1964 Ex Incubus<br \/>Gibson SG Junior 1964, ehemals Incubus<\/p>\n","protected":false},"excerpt":{"rendered":"<p><strong>Unter den Veteranen des amerikanischen Rocks geh\u00f6rt Incubus zu den Bands, die sich im Laufe der Jahre ihren festen Platz in den K\u00f6pfen der Fans und in den Charts erarbeitet haben. Die Kalifornier spielen seit der Highschool zusammen und wurden durch harte Arbeit und unerm\u00fcdliche Tourneen bekannt. Treu ihren Rock-Wurzeln, aber offen f\u00fcr Einfl\u00fcsse aus Metal und Grunge, hat Incubus ein abwechslungsreiches und mitrei\u00dfendes Repertoire geschaffen, gepr\u00e4gt von eing\u00e4ngigen Riffs. Diese Gibson SG Junior von 1964 war Teil dieses energiegeladenen Rocks: Sie geh\u00f6rte zum Tour-Arsenal des Gitarristen Mike Einziger, der sie auf der \u201eLight Grenades\u201c-Tour 2008 nach Modifikationen spielte.<\/strong><\/p>\n<p>Die kalifornische Formation Incubus zeichnete sich schnell durch ihren kraftvollen und energiegeladenen Rock aus. An der Gitarre gef\u00fchrt von Mike Einziger erklomm die Band die Charts und wurde zu einer Referenz im amerikanischen Rock. Neben seiner Rolle als instrumentales R\u00fcckgrat arbeitete Einziger mit einer Vielzahl von Musikern zusammen, darunter Pharrell Williams, Hans Zimmer und Avicii. Auf seinen j\u00fcngsten Tourneen spielte Mike Einziger eine Gibson SG Junior, die seinen individuellen Anforderungen angepasst wurde. Diese Gitarre, die auf der Tour 2008 zum Album \u201eLight Grenades\u201c verwendet wurde, ist jetzt im Matt\u2019s Guitar Shop erh\u00e4ltlich. Es handelt sich um eine Gibson SG Junior von 1964, die er modifizierte, um sein Karpaltunnel-Problem auszugleichen und ihr ein vielseitigeres Profil zu verleihen. So wurde ein zus\u00e4tzlicher P-90-Hals-Tonabnehmer und ein Pickup-Schalter hinzugef\u00fcgt, w\u00e4hrend der Hals abgeschliffen wurde. Einziger ben\u00f6tigte nach seiner Operation eine komfortablere Gitarre f\u00fcr die Tourneen. Diese wundersch\u00f6ne SG von 1964 wurde auf der Decke von Mike Einziger mit der Inschrift \u201eIncubus 2009\u201c signiert, nachdem sie w\u00e4hrend der gesamten Tour 2008 gespielt wurde. Eine au\u00dfergew\u00f6hnliche Gitarre, speziell f\u00fcr Mike Einziger und Incubus gefertigt, exklusiv im Matt\u2019s Guitar Shop zu entdecken!<\/p>\n<p>&nbsp;<\/p>\n<h3>Verkauft<\/h3>\n","protected":false},"featured_media":6008,"comment_status":"open","ping_status":"closed","template":"","meta":{"_et_pb_use_builder":"","_et_pb_old_content":"","_et_gb_content_width":""},"product_brand":[],"product_cat":[673,677,672],"product_tag":[],"class_list":{"0":"post-19975","1":"product","2":"type-product","3":"status-publish","4":"has-post-thumbnail","6":"product_cat-gitarren","7":"product_cat-elektrische-gitarren","8":"product_cat-verkaufte","9":"pa_artiste-incubus-de","10":"pa_disponibilite-verkauft","11":"pa_marque-gibson-de","13":"first","14":"outofstock","15":"shipping-taxable","16":"product-type-simple"},"yoast_head":"<!-- This site is optimized with the Yoast SEO plugin v26.8 - https:\/\/yoast.com\/product\/yoast-seo-wordpress\/ -->\n<title>Gibson SG Junior 1964, ehem. Incubus - Matt&#039;s Guitar Shop<\/title>\n<meta name=\"robots\" content=\"index, follow, max-snippet:-1, max-image-preview:large, max-video-preview:-1\" \/>\n<link rel=\"canonical\" href=\"https:\/\/www.matts-guitar-shop.com\/de\/produit\/gibson-sg-junior-1964-ehem-incubus\/\" \/>\n<meta property=\"og:locale\" content=\"de_DE\" \/>\n<meta property=\"og:type\" content=\"article\" \/>\n<meta property=\"og:title\" content=\"Gibson SG Junior 1964, ehem. Incubus - Matt&#039;s Guitar Shop\" \/>\n<meta property=\"og:description\" content=\"Unter den Veteranen des amerikanischen Rocks geh\u00f6rt Incubus zu den Bands, die sich im Laufe der Jahre ihren festen Platz in den K\u00f6pfen der Fans und in den Charts erarbeitet haben. Die Kalifornier spielen seit der Highschool zusammen und wurden durch harte Arbeit und unerm\u00fcdliche Tourneen bekannt. Treu ihren Rock-Wurzeln, aber offen f\u00fcr Einfl\u00fcsse aus Metal und Grunge, hat Incubus ein abwechslungsreiches und mitrei\u00dfendes Repertoire geschaffen, gepr\u00e4gt von eing\u00e4ngigen Riffs. Diese Gibson SG Junior von 1964 war Teil dieses energiegeladenen Rocks: Sie geh\u00f6rte zum Tour-Arsenal des Gitarristen Mike Einziger, der sie auf der \u201eLight Grenades\u201c-Tour 2008 nach Modifikationen spielte. Die kalifornische Formation Incubus zeichnete sich schnell durch ihren kraftvollen und energiegeladenen Rock aus. An der Gitarre gef\u00fchrt von Mike Einziger erklomm die Band die Charts und wurde zu einer Referenz im amerikanischen Rock. Neben seiner Rolle als instrumentales R\u00fcckgrat arbeitete Einziger mit einer Vielzahl von Musikern zusammen, darunter Pharrell Williams, Hans Zimmer und Avicii. Auf seinen j\u00fcngsten Tourneen spielte Mike Einziger eine Gibson SG Junior, die seinen individuellen Anforderungen angepasst wurde. Diese Gitarre, die auf der Tour 2008 zum Album \u201eLight Grenades\u201c verwendet wurde, ist jetzt im Matt\u2019s Guitar Shop erh\u00e4ltlich. Es handelt sich um eine Gibson SG Junior von 1964, die er modifizierte, um sein Karpaltunnel-Problem auszugleichen und ihr ein vielseitigeres Profil zu verleihen. So wurde ein zus\u00e4tzlicher P-90-Hals-Tonabnehmer und ein Pickup-Schalter hinzugef\u00fcgt, w\u00e4hrend der Hals abgeschliffen wurde. Einziger ben\u00f6tigte nach seiner Operation eine komfortablere Gitarre f\u00fcr die Tourneen. Diese wundersch\u00f6ne SG von 1964 wurde auf der Decke von Mike Einziger mit der Inschrift \u201eIncubus 2009\u201c signiert, nachdem sie w\u00e4hrend der gesamten Tour 2008 gespielt wurde. Eine au\u00dfergew\u00f6hnliche Gitarre, speziell f\u00fcr Mike Einziger und Incubus gefertigt, exklusiv im Matt\u2019s Guitar Shop zu entdecken! &nbsp; Verkauft\" \/>\n<meta property=\"og:url\" content=\"https:\/\/www.matts-guitar-shop.com\/de\/produit\/gibson-sg-junior-1964-ehem-incubus\/\" \/>\n<meta property=\"og:site_name\" content=\"Matt&#039;s Guitar Shop\" \/>\n<meta property=\"article:publisher\" content=\"https:\/\/www.facebook.com\/profile.php?id=100044359842817\" \/>\n<meta property=\"og:image\" content=\"https:\/\/www.matts-guitar-shop.com\/wp-content\/uploads\/2024\/08\/Gibson-SG-Junior-1964-Ex-Incubus-guitare-00.jpg\" \/>\n\t<meta property=\"og:image:width\" content=\"692\" \/>\n\t<meta property=\"og:image:height\" content=\"1000\" \/>\n\t<meta property=\"og:image:type\" content=\"image\/jpeg\" \/>\n<meta name=\"twitter:card\" content=\"summary_large_image\" \/>\n<script type=\"application\/ld+json\" class=\"yoast-schema-graph\">{\"@context\":\"https:\/\/schema.org\",\"@graph\":[{\"@type\":\"WebPage\",\"@id\":\"https:\/\/www.matts-guitar-shop.com\/de\/produit\/gibson-sg-junior-1964-ehem-incubus\/\",\"url\":\"https:\/\/www.matts-guitar-shop.com\/de\/produit\/gibson-sg-junior-1964-ehem-incubus\/\",\"name\":\"Gibson SG Junior 1964, ehem. Incubus - Matt&#039;s Guitar Shop\",\"isPartOf\":{\"@id\":\"https:\/\/www.matts-guitar-shop.com\/de\/#website\"},\"primaryImageOfPage\":{\"@id\":\"https:\/\/www.matts-guitar-shop.com\/de\/produit\/gibson-sg-junior-1964-ehem-incubus\/#primaryimage\"},\"image\":{\"@id\":\"https:\/\/www.matts-guitar-shop.com\/de\/produit\/gibson-sg-junior-1964-ehem-incubus\/#primaryimage\"},\"thumbnailUrl\":\"https:\/\/www.matts-guitar-shop.com\/wp-content\/uploads\/2024\/08\/Gibson-SG-Junior-1964-Ex-Incubus-guitare-00.jpg\",\"datePublished\":\"2024-08-22T16:12:19+00:00\",\"breadcrumb\":{\"@id\":\"https:\/\/www.matts-guitar-shop.com\/de\/produit\/gibson-sg-junior-1964-ehem-incubus\/#breadcrumb\"},\"inLanguage\":\"de\",\"potentialAction\":[{\"@type\":\"ReadAction\",\"target\":[\"https:\/\/www.matts-guitar-shop.com\/de\/produit\/gibson-sg-junior-1964-ehem-incubus\/\"]}]},{\"@type\":\"ImageObject\",\"inLanguage\":\"de\",\"@id\":\"https:\/\/www.matts-guitar-shop.com\/de\/produit\/gibson-sg-junior-1964-ehem-incubus\/#primaryimage\",\"url\":\"https:\/\/www.matts-guitar-shop.com\/wp-content\/uploads\/2024\/08\/Gibson-SG-Junior-1964-Ex-Incubus-guitare-00.jpg\",\"contentUrl\":\"https:\/\/www.matts-guitar-shop.com\/wp-content\/uploads\/2024\/08\/Gibson-SG-Junior-1964-Ex-Incubus-guitare-00.jpg\",\"width\":692,\"height\":1000},{\"@type\":\"BreadcrumbList\",\"@id\":\"https:\/\/www.matts-guitar-shop.com\/de\/produit\/gibson-sg-junior-1964-ehem-incubus\/#breadcrumb\",\"itemListElement\":[{\"@type\":\"ListItem\",\"position\":1,\"name\":\"Startseite\",\"item\":\"https:\/\/www.matts-guitar-shop.com\/de\/\"},{\"@type\":\"ListItem\",\"position\":2,\"name\":\"Shop\",\"item\":\"https:\/\/www.matts-guitar-shop.com\/de\/shop\/\"},{\"@type\":\"ListItem\",\"position\":3,\"name\":\"Gibson SG Junior 1964, ehem. Incubus\"}]},{\"@type\":\"WebSite\",\"@id\":\"https:\/\/www.matts-guitar-shop.com\/de\/#website\",\"url\":\"https:\/\/www.matts-guitar-shop.com\/de\/\",\"name\":\"matts-guitar-shop.com\",\"description\":\"Guitar Shop\",\"publisher\":{\"@id\":\"https:\/\/www.matts-guitar-shop.com\/de\/#organization\"},\"potentialAction\":[{\"@type\":\"SearchAction\",\"target\":{\"@type\":\"EntryPoint\",\"urlTemplate\":\"https:\/\/www.matts-guitar-shop.com\/de\/?s={search_term_string}\"},\"query-input\":{\"@type\":\"PropertyValueSpecification\",\"valueRequired\":true,\"valueName\":\"search_term_string\"}}],\"inLanguage\":\"de\"},{\"@type\":\"Organization\",\"@id\":\"https:\/\/www.matts-guitar-shop.com\/de\/#organization\",\"name\":\"matts-guitar-shop.com\",\"url\":\"https:\/\/www.matts-guitar-shop.com\/de\/\",\"logo\":{\"@type\":\"ImageObject\",\"inLanguage\":\"de\",\"@id\":\"https:\/\/www.matts-guitar-shop.com\/de\/#\/schema\/logo\/image\/\",\"url\":\"https:\/\/www.matts-guitar-shop.com\/wp-content\/uploads\/2024\/09\/MGS-logo-site-02.png\",\"contentUrl\":\"https:\/\/www.matts-guitar-shop.com\/wp-content\/uploads\/2024\/09\/MGS-logo-site-02.png\",\"width\":200,\"height\":122,\"caption\":\"matts-guitar-shop.com\"},\"image\":{\"@id\":\"https:\/\/www.matts-guitar-shop.com\/de\/#\/schema\/logo\/image\/\"},\"sameAs\":[\"https:\/\/www.facebook.com\/profile.php?id=100044359842817\",\"https:\/\/www.instagram.com\/mattsguitarshop\/\",\"https:\/\/www.youtube.com\/@MattLucasMan\/videos\"]}]}<\/script>\n<!-- \/ Yoast SEO plugin. -->","yoast_head_json":{"title":"Gibson SG Junior 1964, ehem. Incubus - Matt&#039;s Guitar Shop","robots":{"index":"index","follow":"follow","max-snippet":"max-snippet:-1","max-image-preview":"max-image-preview:large","max-video-preview":"max-video-preview:-1"},"canonical":"https:\/\/www.matts-guitar-shop.com\/de\/produit\/gibson-sg-junior-1964-ehem-incubus\/","og_locale":"de_DE","og_type":"article","og_title":"Gibson SG Junior 1964, ehem. Incubus - Matt&#039;s Guitar Shop","og_description":"Unter den Veteranen des amerikanischen Rocks geh\u00f6rt Incubus zu den Bands, die sich im Laufe der Jahre ihren festen Platz in den K\u00f6pfen der Fans und in den Charts erarbeitet haben. Die Kalifornier spielen seit der Highschool zusammen und wurden durch harte Arbeit und unerm\u00fcdliche Tourneen bekannt. Treu ihren Rock-Wurzeln, aber offen f\u00fcr Einfl\u00fcsse aus Metal und Grunge, hat Incubus ein abwechslungsreiches und mitrei\u00dfendes Repertoire geschaffen, gepr\u00e4gt von eing\u00e4ngigen Riffs. Diese Gibson SG Junior von 1964 war Teil dieses energiegeladenen Rocks: Sie geh\u00f6rte zum Tour-Arsenal des Gitarristen Mike Einziger, der sie auf der \u201eLight Grenades\u201c-Tour 2008 nach Modifikationen spielte. Die kalifornische Formation Incubus zeichnete sich schnell durch ihren kraftvollen und energiegeladenen Rock aus. An der Gitarre gef\u00fchrt von Mike Einziger erklomm die Band die Charts und wurde zu einer Referenz im amerikanischen Rock. Neben seiner Rolle als instrumentales R\u00fcckgrat arbeitete Einziger mit einer Vielzahl von Musikern zusammen, darunter Pharrell Williams, Hans Zimmer und Avicii. Auf seinen j\u00fcngsten Tourneen spielte Mike Einziger eine Gibson SG Junior, die seinen individuellen Anforderungen angepasst wurde. Diese Gitarre, die auf der Tour 2008 zum Album \u201eLight Grenades\u201c verwendet wurde, ist jetzt im Matt\u2019s Guitar Shop erh\u00e4ltlich. Es handelt sich um eine Gibson SG Junior von 1964, die er modifizierte, um sein Karpaltunnel-Problem auszugleichen und ihr ein vielseitigeres Profil zu verleihen. So wurde ein zus\u00e4tzlicher P-90-Hals-Tonabnehmer und ein Pickup-Schalter hinzugef\u00fcgt, w\u00e4hrend der Hals abgeschliffen wurde. Einziger ben\u00f6tigte nach seiner Operation eine komfortablere Gitarre f\u00fcr die Tourneen. Diese wundersch\u00f6ne SG von 1964 wurde auf der Decke von Mike Einziger mit der Inschrift \u201eIncubus 2009\u201c signiert, nachdem sie w\u00e4hrend der gesamten Tour 2008 gespielt wurde. Eine au\u00dfergew\u00f6hnliche Gitarre, speziell f\u00fcr Mike Einziger und Incubus gefertigt, exklusiv im Matt\u2019s Guitar Shop zu entdecken! &nbsp; Verkauft","og_url":"https:\/\/www.matts-guitar-shop.com\/de\/produit\/gibson-sg-junior-1964-ehem-incubus\/","og_site_name":"Matt&#039;s Guitar Shop","article_publisher":"https:\/\/www.facebook.com\/profile.php?id=100044359842817","og_image":[{"width":692,"height":1000,"url":"https:\/\/www.matts-guitar-shop.com\/wp-content\/uploads\/2024\/08\/Gibson-SG-Junior-1964-Ex-Incubus-guitare-00.jpg","type":"image\/jpeg"}],"twitter_card":"summary_large_image","schema":{"@context":"https:\/\/schema.org","@graph":[{"@type":"WebPage","@id":"https:\/\/www.matts-guitar-shop.com\/de\/produit\/gibson-sg-junior-1964-ehem-incubus\/","url":"https:\/\/www.matts-guitar-shop.com\/de\/produit\/gibson-sg-junior-1964-ehem-incubus\/","name":"Gibson SG Junior 1964, ehem. Incubus - Matt&#039;s Guitar Shop","isPartOf":{"@id":"https:\/\/www.matts-guitar-shop.com\/de\/#website"},"primaryImageOfPage":{"@id":"https:\/\/www.matts-guitar-shop.com\/de\/produit\/gibson-sg-junior-1964-ehem-incubus\/#primaryimage"},"image":{"@id":"https:\/\/www.matts-guitar-shop.com\/de\/produit\/gibson-sg-junior-1964-ehem-incubus\/#primaryimage"},"thumbnailUrl":"https:\/\/www.matts-guitar-shop.com\/wp-content\/uploads\/2024\/08\/Gibson-SG-Junior-1964-Ex-Incubus-guitare-00.jpg","datePublished":"2024-08-22T16:12:19+00:00","breadcrumb":{"@id":"https:\/\/www.matts-guitar-shop.com\/de\/produit\/gibson-sg-junior-1964-ehem-incubus\/#breadcrumb"},"inLanguage":"de","potentialAction":[{"@type":"ReadAction","target":["https:\/\/www.matts-guitar-shop.com\/de\/produit\/gibson-sg-junior-1964-ehem-incubus\/"]}]},{"@type":"ImageObject","inLanguage":"de","@id":"https:\/\/www.matts-guitar-shop.com\/de\/produit\/gibson-sg-junior-1964-ehem-incubus\/#primaryimage","url":"https:\/\/www.matts-guitar-shop.com\/wp-content\/uploads\/2024\/08\/Gibson-SG-Junior-1964-Ex-Incubus-guitare-00.jpg","contentUrl":"https:\/\/www.matts-guitar-shop.com\/wp-content\/uploads\/2024\/08\/Gibson-SG-Junior-1964-Ex-Incubus-guitare-00.jpg","width":692,"height":1000},{"@type":"BreadcrumbList","@id":"https:\/\/www.matts-guitar-shop.com\/de\/produit\/gibson-sg-junior-1964-ehem-incubus\/#breadcrumb","itemListElement":[{"@type":"ListItem","position":1,"name":"Startseite","item":"https:\/\/www.matts-guitar-shop.com\/de\/"},{"@type":"ListItem","position":2,"name":"Shop","item":"https:\/\/www.matts-guitar-shop.com\/de\/shop\/"},{"@type":"ListItem","position":3,"name":"Gibson SG Junior 1964, ehem. Incubus"}]},{"@type":"WebSite","@id":"https:\/\/www.matts-guitar-shop.com\/de\/#website","url":"https:\/\/www.matts-guitar-shop.com\/de\/","name":"matts-guitar-shop.com","description":"Guitar Shop","publisher":{"@id":"https:\/\/www.matts-guitar-shop.com\/de\/#organization"},"potentialAction":[{"@type":"SearchAction","target":{"@type":"EntryPoint","urlTemplate":"https:\/\/www.matts-guitar-shop.com\/de\/?s={search_term_string}"},"query-input":{"@type":"PropertyValueSpecification","valueRequired":true,"valueName":"search_term_string"}}],"inLanguage":"de"},{"@type":"Organization","@id":"https:\/\/www.matts-guitar-shop.com\/de\/#organization","name":"matts-guitar-shop.com","url":"https:\/\/www.matts-guitar-shop.com\/de\/","logo":{"@type":"ImageObject","inLanguage":"de","@id":"https:\/\/www.matts-guitar-shop.com\/de\/#\/schema\/logo\/image\/","url":"https:\/\/www.matts-guitar-shop.com\/wp-content\/uploads\/2024\/09\/MGS-logo-site-02.png","contentUrl":"https:\/\/www.matts-guitar-shop.com\/wp-content\/uploads\/2024\/09\/MGS-logo-site-02.png","width":200,"height":122,"caption":"matts-guitar-shop.com"},"image":{"@id":"https:\/\/www.matts-guitar-shop.com\/de\/#\/schema\/logo\/image\/"},"sameAs":["https:\/\/www.facebook.com\/profile.php?id=100044359842817","https:\/\/www.instagram.com\/mattsguitarshop\/","https:\/\/www.youtube.com\/@MattLucasMan\/videos"]}]}},"_links":{"self":[{"href":"https:\/\/www.matts-guitar-shop.com\/de\/wp-json\/wp\/v2\/product\/19975","targetHints":{"allow":["GET"]}}],"collection":[{"href":"https:\/\/www.matts-guitar-shop.com\/de\/wp-json\/wp\/v2\/product"}],"about":[{"href":"https:\/\/www.matts-guitar-shop.com\/de\/wp-json\/wp\/v2\/types\/product"}],"replies":[{"embeddable":true,"href":"https:\/\/www.matts-guitar-shop.com\/de\/wp-json\/wp\/v2\/comments?post=19975"}],"wp:featuredmedia":[{"embeddable":true,"href":"https:\/\/www.matts-guitar-shop.com\/de\/wp-json\/wp\/v2\/media\/6008"}],"wp:attachment":[{"href":"https:\/\/www.matts-guitar-shop.com\/de\/wp-json\/wp\/v2\/media?parent=19975"}],"wp:term":[{"taxonomy":"product_brand","embeddable":true,"href":"https:\/\/www.matts-guitar-shop.com\/de\/wp-json\/wp\/v2\/product_brand?post=19975"},{"taxonomy":"product_cat","embeddable":true,"href":"https:\/\/www.matts-guitar-shop.com\/de\/wp-json\/wp\/v2\/product_cat?post=19975"},{"taxonomy":"product_tag","embeddable":true,"href":"https:\/\/www.matts-guitar-shop.com\/de\/wp-json\/wp\/v2\/product_tag?post=19975"}],"curies":[{"name":"wp","href":"https:\/\/api.w.org\/{rel}","templated":true}]}}