{"id":19974,"date":"2024-08-22T17:41:06","date_gmt":"2024-08-22T15:41:06","guid":{"rendered":"https:\/\/www.matts-guitar-shop.com\/produit\/gibson-sg-les-paul-standard-1962\/"},"modified":"2025-10-29T18:50:22","modified_gmt":"2025-10-29T17:50:22","slug":"gibson-sg-les-paul-standard-1962","status":"publish","type":"product","link":"https:\/\/www.matts-guitar-shop.com\/de\/produit\/gibson-sg-les-paul-standard-1962\/","title":{"rendered":"Gibson SG Les Paul Standard 1962"},"content":{"rendered":"<p>Gibson SG Les Paul Standard 1962<\/p>\n","protected":false},"excerpt":{"rendered":"<p><strong>Die zweite H\u00e4lfte des 20. Jahrhunderts ist gepr\u00e4gt von einem erbitterten Wettbewerb unter Gitarrenherstellern, die ihre Modelle als unangefochtene Referenzen der Musikszene etablieren wollten. Nach und nach erschienen die weltber\u00fchmten Telecaster, Stratocaster und Les Paul, die die Hierarchie der E-Gitarren revolutionierten. 1961 entstand die ber\u00fchmte SG, die legend\u00e4re Solid-Body-Gitarre mit doppeltem Cutaway in Cherry-Finish, die von den gr\u00f6\u00dften Gitarristen ergriffen werden sollte. Diese gro\u00dfartige Gibson SG Les Paul Standard 1962 geh\u00f6rt zu den allerersten Produktionsmonaten des Modells, das sich schnell als eine der Referenzgitarren der Musikgeschichte etablieren sollte.<\/strong><\/p>\n<p>Als die SG auf den Markt kam, erhielt sie ein neues, modernes Design, das das bisher Bekannte revolutionierte. Es entstand eine Mischung aus Facetten, Spitzen und Winkeln, gefertigt aus einem einzigen massiven Mahagonist\u00fcck, das die Handwerker von Gibson zu einer schlanken und eleganten Form verwandelten. Die Spitzen der Cutaways bilden zwei anmutige H\u00f6rner, die einige Jahre sp\u00e4ter das Markenzeichen von Angus Young, dem legend\u00e4ren Gitarristen von AC\/DC, werden. Die Facetten verleihen zudem eine verfeinerte Optik und z\u00e4hlen zu den charakteristischen Merkmalen der Decke der SG.<\/p>\n<p>Die vom Matt\u2019s Guitar Shop angebotene SG Les Paul Standard 1962 ist eine Gitarre aus den allerersten Produktionsmonaten. Die Kopfplatte tr\u00e4gt die Aufschrift \u201eLes Paul\u201c zusammen mit dem Gibson-Logo und einem Ornament in Form einer Distel darunter. Die Lackierungen von Decke und Hals \u00fcbernehmen das Cherry-Rot, das auf der SG ikonisch werden sollte, und das Palisandergriffbrett ist mit trapezf\u00f6rmigen Inlays versehen. Dieses au\u00dfergew\u00f6hnliche Exemplar weist alle Merkmale der allerersten Modelle auf: Es ist ausgestattet mit einem kleinen Pickguard (das ab 1967 durch ein gro\u00dfes verschraubtes Pickguard ersetzt wurde, das auch als Tonabnehmerhalter dient), einem Maestro-Vibrato mit seitlicher Aktion (das ab 1963 ersetzt wurde) und dem Les Paul-Stempel, der 1963 endet. Eine legend\u00e4re Gitarre aus den ersten Monaten, verf\u00fcgbar im Matt\u2019s Guitar Shop!<\/p>\n<p>&nbsp;<\/p>\n<h3>Verkauft<\/h3>\n","protected":false},"featured_media":5893,"comment_status":"open","ping_status":"closed","template":"","meta":{"_et_pb_use_builder":"","_et_pb_old_content":"","_et_gb_content_width":""},"product_brand":[],"product_cat":[673,677,672],"product_tag":[],"class_list":{"0":"post-19974","1":"product","2":"type-product","3":"status-publish","4":"has-post-thumbnail","6":"product_cat-gitarren","7":"product_cat-elektrische-gitarren","8":"product_cat-verkaufte","9":"pa_disponibilite-verkauft","10":"pa_marque-gibson-de","12":"first","13":"outofstock","14":"shipping-taxable","15":"product-type-simple"},"yoast_head":"<!-- This site is optimized with the Yoast SEO plugin v26.8 - https:\/\/yoast.com\/product\/yoast-seo-wordpress\/ -->\n<title>Gibson SG Les Paul Standard 1962 - Matt&#039;s Guitar Shop<\/title>\n<meta name=\"description\" content=\"Dieses au\u00dfergew\u00f6hnliche Exemplar weist alle Merkmale der allerersten Modelle auf. Erh\u00e4ltlich bei Matt\u2019s Guitar Shop.\" \/>\n<meta name=\"robots\" content=\"index, follow, max-snippet:-1, max-image-preview:large, max-video-preview:-1\" \/>\n<link rel=\"canonical\" href=\"https:\/\/www.matts-guitar-shop.com\/de\/produit\/gibson-sg-les-paul-standard-1962\/\" \/>\n<meta property=\"og:locale\" content=\"de_DE\" \/>\n<meta property=\"og:type\" content=\"article\" \/>\n<meta property=\"og:title\" content=\"Gibson SG Les Paul Standard 1962 - Matt&#039;s Guitar Shop\" \/>\n<meta property=\"og:description\" content=\"Dieses au\u00dfergew\u00f6hnliche Exemplar weist alle Merkmale der allerersten Modelle auf. Erh\u00e4ltlich bei Matt\u2019s Guitar Shop.\" \/>\n<meta property=\"og:url\" content=\"https:\/\/www.matts-guitar-shop.com\/de\/produit\/gibson-sg-les-paul-standard-1962\/\" \/>\n<meta property=\"og:site_name\" content=\"Matt&#039;s Guitar Shop\" \/>\n<meta property=\"article:publisher\" content=\"https:\/\/www.facebook.com\/profile.php?id=100044359842817\" \/>\n<meta property=\"article:modified_time\" content=\"2025-10-29T17:50:22+00:00\" \/>\n<meta property=\"og:image\" content=\"https:\/\/www.matts-guitar-shop.com\/wp-content\/uploads\/2024\/08\/Gibson-SG-Les-Paul-Standard-1962-guitare-00.jpg\" \/>\n\t<meta property=\"og:image:width\" content=\"692\" \/>\n\t<meta property=\"og:image:height\" content=\"1000\" \/>\n\t<meta property=\"og:image:type\" content=\"image\/jpeg\" \/>\n<meta name=\"twitter:card\" content=\"summary_large_image\" \/>\n<script type=\"application\/ld+json\" class=\"yoast-schema-graph\">{\"@context\":\"https:\/\/schema.org\",\"@graph\":[{\"@type\":\"WebPage\",\"@id\":\"https:\/\/www.matts-guitar-shop.com\/de\/produit\/gibson-sg-les-paul-standard-1962\/\",\"url\":\"https:\/\/www.matts-guitar-shop.com\/de\/produit\/gibson-sg-les-paul-standard-1962\/\",\"name\":\"Gibson SG Les Paul Standard 1962 - Matt&#039;s Guitar Shop\",\"isPartOf\":{\"@id\":\"https:\/\/www.matts-guitar-shop.com\/de\/#website\"},\"primaryImageOfPage\":{\"@id\":\"https:\/\/www.matts-guitar-shop.com\/de\/produit\/gibson-sg-les-paul-standard-1962\/#primaryimage\"},\"image\":{\"@id\":\"https:\/\/www.matts-guitar-shop.com\/de\/produit\/gibson-sg-les-paul-standard-1962\/#primaryimage\"},\"thumbnailUrl\":\"https:\/\/www.matts-guitar-shop.com\/wp-content\/uploads\/2024\/08\/Gibson-SG-Les-Paul-Standard-1962-guitare-00.jpg\",\"datePublished\":\"2024-08-22T15:41:06+00:00\",\"dateModified\":\"2025-10-29T17:50:22+00:00\",\"description\":\"Dieses au\u00dfergew\u00f6hnliche Exemplar weist alle Merkmale der allerersten Modelle auf. Erh\u00e4ltlich bei Matt\u2019s Guitar Shop.\",\"breadcrumb\":{\"@id\":\"https:\/\/www.matts-guitar-shop.com\/de\/produit\/gibson-sg-les-paul-standard-1962\/#breadcrumb\"},\"inLanguage\":\"de\",\"potentialAction\":[{\"@type\":\"ReadAction\",\"target\":[\"https:\/\/www.matts-guitar-shop.com\/de\/produit\/gibson-sg-les-paul-standard-1962\/\"]}]},{\"@type\":\"ImageObject\",\"inLanguage\":\"de\",\"@id\":\"https:\/\/www.matts-guitar-shop.com\/de\/produit\/gibson-sg-les-paul-standard-1962\/#primaryimage\",\"url\":\"https:\/\/www.matts-guitar-shop.com\/wp-content\/uploads\/2024\/08\/Gibson-SG-Les-Paul-Standard-1962-guitare-00.jpg\",\"contentUrl\":\"https:\/\/www.matts-guitar-shop.com\/wp-content\/uploads\/2024\/08\/Gibson-SG-Les-Paul-Standard-1962-guitare-00.jpg\",\"width\":692,\"height\":1000},{\"@type\":\"BreadcrumbList\",\"@id\":\"https:\/\/www.matts-guitar-shop.com\/de\/produit\/gibson-sg-les-paul-standard-1962\/#breadcrumb\",\"itemListElement\":[{\"@type\":\"ListItem\",\"position\":1,\"name\":\"Startseite\",\"item\":\"https:\/\/www.matts-guitar-shop.com\/de\/\"},{\"@type\":\"ListItem\",\"position\":2,\"name\":\"Shop\",\"item\":\"https:\/\/www.matts-guitar-shop.com\/de\/shop\/\"},{\"@type\":\"ListItem\",\"position\":3,\"name\":\"Gibson SG Les Paul Standard 1962\"}]},{\"@type\":\"WebSite\",\"@id\":\"https:\/\/www.matts-guitar-shop.com\/de\/#website\",\"url\":\"https:\/\/www.matts-guitar-shop.com\/de\/\",\"name\":\"matts-guitar-shop.com\",\"description\":\"Guitar Shop\",\"publisher\":{\"@id\":\"https:\/\/www.matts-guitar-shop.com\/de\/#organization\"},\"potentialAction\":[{\"@type\":\"SearchAction\",\"target\":{\"@type\":\"EntryPoint\",\"urlTemplate\":\"https:\/\/www.matts-guitar-shop.com\/de\/?s={search_term_string}\"},\"query-input\":{\"@type\":\"PropertyValueSpecification\",\"valueRequired\":true,\"valueName\":\"search_term_string\"}}],\"inLanguage\":\"de\"},{\"@type\":\"Organization\",\"@id\":\"https:\/\/www.matts-guitar-shop.com\/de\/#organization\",\"name\":\"matts-guitar-shop.com\",\"url\":\"https:\/\/www.matts-guitar-shop.com\/de\/\",\"logo\":{\"@type\":\"ImageObject\",\"inLanguage\":\"de\",\"@id\":\"https:\/\/www.matts-guitar-shop.com\/de\/#\/schema\/logo\/image\/\",\"url\":\"https:\/\/www.matts-guitar-shop.com\/wp-content\/uploads\/2024\/09\/MGS-logo-site-02.png\",\"contentUrl\":\"https:\/\/www.matts-guitar-shop.com\/wp-content\/uploads\/2024\/09\/MGS-logo-site-02.png\",\"width\":200,\"height\":122,\"caption\":\"matts-guitar-shop.com\"},\"image\":{\"@id\":\"https:\/\/www.matts-guitar-shop.com\/de\/#\/schema\/logo\/image\/\"},\"sameAs\":[\"https:\/\/www.facebook.com\/profile.php?id=100044359842817\",\"https:\/\/www.instagram.com\/mattsguitarshop\/\",\"https:\/\/www.youtube.com\/@MattLucasMan\/videos\"]}]}<\/script>\n<!-- \/ Yoast SEO plugin. -->","yoast_head_json":{"title":"Gibson SG Les Paul Standard 1962 - Matt&#039;s Guitar Shop","description":"Dieses au\u00dfergew\u00f6hnliche Exemplar weist alle Merkmale der allerersten Modelle auf. Erh\u00e4ltlich bei Matt\u2019s Guitar Shop.","robots":{"index":"index","follow":"follow","max-snippet":"max-snippet:-1","max-image-preview":"max-image-preview:large","max-video-preview":"max-video-preview:-1"},"canonical":"https:\/\/www.matts-guitar-shop.com\/de\/produit\/gibson-sg-les-paul-standard-1962\/","og_locale":"de_DE","og_type":"article","og_title":"Gibson SG Les Paul Standard 1962 - Matt&#039;s Guitar Shop","og_description":"Dieses au\u00dfergew\u00f6hnliche Exemplar weist alle Merkmale der allerersten Modelle auf. Erh\u00e4ltlich bei Matt\u2019s Guitar Shop.","og_url":"https:\/\/www.matts-guitar-shop.com\/de\/produit\/gibson-sg-les-paul-standard-1962\/","og_site_name":"Matt&#039;s Guitar Shop","article_publisher":"https:\/\/www.facebook.com\/profile.php?id=100044359842817","article_modified_time":"2025-10-29T17:50:22+00:00","og_image":[{"width":692,"height":1000,"url":"https:\/\/www.matts-guitar-shop.com\/wp-content\/uploads\/2024\/08\/Gibson-SG-Les-Paul-Standard-1962-guitare-00.jpg","type":"image\/jpeg"}],"twitter_card":"summary_large_image","schema":{"@context":"https:\/\/schema.org","@graph":[{"@type":"WebPage","@id":"https:\/\/www.matts-guitar-shop.com\/de\/produit\/gibson-sg-les-paul-standard-1962\/","url":"https:\/\/www.matts-guitar-shop.com\/de\/produit\/gibson-sg-les-paul-standard-1962\/","name":"Gibson SG Les Paul Standard 1962 - Matt&#039;s Guitar Shop","isPartOf":{"@id":"https:\/\/www.matts-guitar-shop.com\/de\/#website"},"primaryImageOfPage":{"@id":"https:\/\/www.matts-guitar-shop.com\/de\/produit\/gibson-sg-les-paul-standard-1962\/#primaryimage"},"image":{"@id":"https:\/\/www.matts-guitar-shop.com\/de\/produit\/gibson-sg-les-paul-standard-1962\/#primaryimage"},"thumbnailUrl":"https:\/\/www.matts-guitar-shop.com\/wp-content\/uploads\/2024\/08\/Gibson-SG-Les-Paul-Standard-1962-guitare-00.jpg","datePublished":"2024-08-22T15:41:06+00:00","dateModified":"2025-10-29T17:50:22+00:00","description":"Dieses au\u00dfergew\u00f6hnliche Exemplar weist alle Merkmale der allerersten Modelle auf. Erh\u00e4ltlich bei Matt\u2019s Guitar Shop.","breadcrumb":{"@id":"https:\/\/www.matts-guitar-shop.com\/de\/produit\/gibson-sg-les-paul-standard-1962\/#breadcrumb"},"inLanguage":"de","potentialAction":[{"@type":"ReadAction","target":["https:\/\/www.matts-guitar-shop.com\/de\/produit\/gibson-sg-les-paul-standard-1962\/"]}]},{"@type":"ImageObject","inLanguage":"de","@id":"https:\/\/www.matts-guitar-shop.com\/de\/produit\/gibson-sg-les-paul-standard-1962\/#primaryimage","url":"https:\/\/www.matts-guitar-shop.com\/wp-content\/uploads\/2024\/08\/Gibson-SG-Les-Paul-Standard-1962-guitare-00.jpg","contentUrl":"https:\/\/www.matts-guitar-shop.com\/wp-content\/uploads\/2024\/08\/Gibson-SG-Les-Paul-Standard-1962-guitare-00.jpg","width":692,"height":1000},{"@type":"BreadcrumbList","@id":"https:\/\/www.matts-guitar-shop.com\/de\/produit\/gibson-sg-les-paul-standard-1962\/#breadcrumb","itemListElement":[{"@type":"ListItem","position":1,"name":"Startseite","item":"https:\/\/www.matts-guitar-shop.com\/de\/"},{"@type":"ListItem","position":2,"name":"Shop","item":"https:\/\/www.matts-guitar-shop.com\/de\/shop\/"},{"@type":"ListItem","position":3,"name":"Gibson SG Les Paul Standard 1962"}]},{"@type":"WebSite","@id":"https:\/\/www.matts-guitar-shop.com\/de\/#website","url":"https:\/\/www.matts-guitar-shop.com\/de\/","name":"matts-guitar-shop.com","description":"Guitar Shop","publisher":{"@id":"https:\/\/www.matts-guitar-shop.com\/de\/#organization"},"potentialAction":[{"@type":"SearchAction","target":{"@type":"EntryPoint","urlTemplate":"https:\/\/www.matts-guitar-shop.com\/de\/?s={search_term_string}"},"query-input":{"@type":"PropertyValueSpecification","valueRequired":true,"valueName":"search_term_string"}}],"inLanguage":"de"},{"@type":"Organization","@id":"https:\/\/www.matts-guitar-shop.com\/de\/#organization","name":"matts-guitar-shop.com","url":"https:\/\/www.matts-guitar-shop.com\/de\/","logo":{"@type":"ImageObject","inLanguage":"de","@id":"https:\/\/www.matts-guitar-shop.com\/de\/#\/schema\/logo\/image\/","url":"https:\/\/www.matts-guitar-shop.com\/wp-content\/uploads\/2024\/09\/MGS-logo-site-02.png","contentUrl":"https:\/\/www.matts-guitar-shop.com\/wp-content\/uploads\/2024\/09\/MGS-logo-site-02.png","width":200,"height":122,"caption":"matts-guitar-shop.com"},"image":{"@id":"https:\/\/www.matts-guitar-shop.com\/de\/#\/schema\/logo\/image\/"},"sameAs":["https:\/\/www.facebook.com\/profile.php?id=100044359842817","https:\/\/www.instagram.com\/mattsguitarshop\/","https:\/\/www.youtube.com\/@MattLucasMan\/videos"]}]}},"_links":{"self":[{"href":"https:\/\/www.matts-guitar-shop.com\/de\/wp-json\/wp\/v2\/product\/19974","targetHints":{"allow":["GET"]}}],"collection":[{"href":"https:\/\/www.matts-guitar-shop.com\/de\/wp-json\/wp\/v2\/product"}],"about":[{"href":"https:\/\/www.matts-guitar-shop.com\/de\/wp-json\/wp\/v2\/types\/product"}],"replies":[{"embeddable":true,"href":"https:\/\/www.matts-guitar-shop.com\/de\/wp-json\/wp\/v2\/comments?post=19974"}],"wp:featuredmedia":[{"embeddable":true,"href":"https:\/\/www.matts-guitar-shop.com\/de\/wp-json\/wp\/v2\/media\/5893"}],"wp:attachment":[{"href":"https:\/\/www.matts-guitar-shop.com\/de\/wp-json\/wp\/v2\/media?parent=19974"}],"wp:term":[{"taxonomy":"product_brand","embeddable":true,"href":"https:\/\/www.matts-guitar-shop.com\/de\/wp-json\/wp\/v2\/product_brand?post=19974"},{"taxonomy":"product_cat","embeddable":true,"href":"https:\/\/www.matts-guitar-shop.com\/de\/wp-json\/wp\/v2\/product_cat?post=19974"},{"taxonomy":"product_tag","embeddable":true,"href":"https:\/\/www.matts-guitar-shop.com\/de\/wp-json\/wp\/v2\/product_tag?post=19974"}],"curies":[{"name":"wp","href":"https:\/\/api.w.org\/{rel}","templated":true}]}}