{"id":19971,"date":"2024-08-22T15:07:12","date_gmt":"2024-08-22T13:07:12","guid":{"rendered":"https:\/\/www.matts-guitar-shop.com\/produit\/gibson-les-paul-standard-the-allman-brother-dickey-betts-dan-toler\/"},"modified":"2025-10-29T19:48:02","modified_gmt":"2025-10-29T18:48:02","slug":"gibson-les-paul-standard-the-allman-brother-dickey-betts-dan-toler","status":"publish","type":"product","link":"https:\/\/www.matts-guitar-shop.com\/de\/produit\/gibson-les-paul-standard-the-allman-brother-dickey-betts-dan-toler\/","title":{"rendered":"Gibson Les Paul Standard The Allman Brother Dickey Betts \/ Dan Toler"},"content":{"rendered":"<p>Dickey Betts<br \/>\n(1943)<\/p>\n<p>Band: Allman Brothers Band<br \/>\nHauptgitarre: Gibson Les Paul Standard 1958<br \/>\nUnbedingt anh\u00f6ren: Jessica<\/p>\n<p>Die Band hie\u00df Allman Brothers, da Duane und Greg Allman die Gr\u00fcnder waren, aber man sollte die entscheidende Bedeutung von Dickey Betts nicht vergessen. Betts bildete zusammen mit Duane die zweite H\u00e4lfte der Gitarrenharmonien und komplexen Gegenstimmen, die den typischen Sound der Band schufen. Sie entwickelten einen neuen Sound, einen neuen Ansatz des Rock, der sowohl den Southern Rock inspirierte als auch britische K\u00fcnstler wie Thin Lizzy und Iron Maiden.<\/p>\n<p>Betts begann in den mittleren 60er Jahren in zahlreichen lokalen Bands in Florida zu spielen und schloss sich der Allman Brothers Band direkt bei deren Gr\u00fcndung 1969 an. An der Seite von Duane Allman bildeten sie ein zweik\u00f6pfiges Gitarrenmonster, das bis heute un\u00fcbertroffen ist \u2013 eine Mischung aus sehr erfinderischen Sounds, die zusammenfinden und pure Sch\u00f6nheit schaffen. Auf den ersten beiden Alben von 1969 und 1970 schrieb Greg Allman alle St\u00fccke, mit den bemerkenswerten Ausnahmen von \u201eRevival\u201c und vor allem \u201eIn Memory Of Elizabeth Reed\u201c, einem Jam-Klassiker von Betts, der auf dem Live-Album <i>At Fillmore East<\/i> zu einem epischen 13-min\u00fctigen St\u00fcck wurde.<\/p>\n<p>Nach Duanes Tod wurde Betts zum Bandleader und schrieb Klassiker wie \u201eJessica\u201c, komponiert 1973 f\u00fcr seine Tochter. Kurz darauf startete er auch seine Solokarriere mit der Band Great Southern und sp\u00e4ter mit seiner Dickey Betts Band. 1976 l\u00f6sten sich die Allman Brothers erstmals auf, und in der folgenden Zeit war Betts mal Teil der Band, mal nicht. Besonders hervorzuheben ist die exzellente Phase in den 90er Jahren, in der er an der Seite von Warren Haynes spielte. 2018 tourte Betts noch immer mit seiner eigenen Band, zu der auch sein Sohn Duane geh\u00f6rt \u2013 eine echte Familiengeschichte.<\/p>\n","protected":false},"excerpt":{"rendered":"<p><strong>Welche Les Paul Vintage ist die wichtigste von allen? Manche werden sagen, es sei die Burst, die Clapton f\u00fcr das Album <i>John Mayall and the Bluesbreakers<\/i> verwendet hat, andere denken an die \u201959 Bigsby, die Keith Richards zu Beginn seiner Karriere spielte. Aber es gibt auch starke Argumente f\u00fcr die legend\u00e4re Toler Burst. Urspr\u00fcnglich war diese Gitarre eine Les Paul Goldtop von 1958 (eine der letzten, bevor Sunburst zur Standardlackierung wurde) mit schwarzem R\u00fccken (statt des \u00fcblichen nat\u00fcrlichen Mahagoni). Dickey Betts kaufte sie Mitte der 60er Jahre, bevor er den Allman Brothers Band beitrat.<\/strong><\/p>\n<p>Es ist eine der Les Pauls, die er w\u00e4hrend seiner ersten Zeit in der Band von 1969 bis 1976 am meisten spielte. Sie ist also sowohl ein unglaubliches Relikt als auch ein Instrument, das einen Sound erfunden und ein Genre definiert hat. Es reicht, ein paar Sekunden den Hals-Tonabnehmer dieser Les Paul durch einen aufgedrehten Marshall zu spielen, um zu verstehen: Es ist bei weitem der gesanglichste, lyrischste und w\u00e4rmste Hals-Tonabnehmer, der jemals auf einer Vintage-Les-Paul gespielt wurde. Er hat einen gigantischen Sound, beh\u00e4lt aber seine Klarheit, und das Sustain dauert ewig. Diesen Sound h\u00f6rt man sehr gut auf den fr\u00fchen Alben der Allman Brothers, wo er die Br\u00fccke zwischen Blues, Jazz und Rock mit einer saxophon\u00e4hnlichen Stimme schl\u00e4gt.<\/p>\n<p>Auch wenn es nicht zu 100% best\u00e4tigt werden kann, ist es sehr wahrscheinlich, dass es sich um die Les Paul handelt, die Dickey auf dem Album <i>At Fillmore East<\/i> von 1971 spielte \u2013 zweifellos eines der gr\u00f6\u00dften Live-Alben aller Zeiten. Als er der Besitzer war, lie\u00df Dickey zwei Potis austauschen, ersetzte die Original-Mechaniken durch Grover, brach den Kopf, lie\u00df ihn neu bundieren und schickte die Gitarre vor allem Mitte der 70er Jahre zu Gibson f\u00fcr ein Refinish. Das erkl\u00e4rt das typische zweifarbige Sunburst der 70er, das man hier sieht, und auch warum die Trennung der beiden Ahornst\u00fccke der Decke nicht zentriert ist (was bei Goldtops \u00fcblich war, da der Spieler die Decke nicht sehen sollte!).<\/p>\n<p>1977 gr\u00fcndete Betts seine Band Great Southern zusammen mit dem Gitarristen Dan Toler, dem er schlie\u00dflich diese Gitarre schenkte, die daraufhin die Toler Burst wurde. Toler trat sp\u00e4ter an der Seite von Dickey den Allman Brothers bei, und die Burst war zu dieser Zeit sein Hauptinstrument. 1983 sah ein junger Joe Bonamassa Toler diese Gitarre bei seinem allerersten Konzert spielen.<\/p>\n<p>Toler verkaufte sie sp\u00e4ter an einen amerikanischen DJ, der sie wiederum an einen Deutschen weitergab, der schlie\u00dflich zustimmte, sie an Matt zu verkaufen. Nur wenige Stunden nach der Ankunft dieser Gitarre in Frankreich wurde die Toler Burst schlie\u00dflich mit Joe Bonamassa wiedervereint, der sie bei einem denkw\u00fcrdigen Konzert in Clermont-Ferrand spielte. Die Geschichte kann sehr sch\u00f6ne Echos erzeugen.<\/p>\n","protected":false},"featured_media":5691,"comment_status":"open","ping_status":"closed","template":"","meta":{"_et_pb_use_builder":"","_et_pb_old_content":"","_et_gb_content_width":""},"product_brand":[],"product_cat":[673,677,672],"product_tag":[],"class_list":{"0":"post-19971","1":"product","2":"type-product","3":"status-publish","4":"has-post-thumbnail","6":"product_cat-gitarren","7":"product_cat-elektrische-gitarren","8":"product_cat-verkaufte","9":"pa_artiste-dan-toler-de","10":"pa_artiste-dickey-betts-de","11":"pa_disponibilite-verkauft","12":"pa_marque-gibson-de","14":"first","15":"outofstock","16":"shipping-taxable","17":"product-type-simple"},"yoast_head":"<!-- This site is optimized with the Yoast SEO plugin v26.8 - https:\/\/yoast.com\/product\/yoast-seo-wordpress\/ -->\n<title>Gibson Les Paul Standard The Allman Brother Dickey Betts \/ Dan Toler - Matt&#039;s Guitar Shop<\/title>\n<meta name=\"description\" content=\"1958 Gibson Les Paul Standard ex-Dickey Betts &amp; Dan Toler (Allman Brothers). Eine legend\u00e4re und seltene Gitarre, ikonisches Instrument des Southern Rock.\" \/>\n<meta name=\"robots\" content=\"index, follow, max-snippet:-1, max-image-preview:large, max-video-preview:-1\" \/>\n<link rel=\"canonical\" href=\"https:\/\/www.matts-guitar-shop.com\/de\/produit\/gibson-les-paul-standard-the-allman-brother-dickey-betts-dan-toler\/\" \/>\n<meta property=\"og:locale\" content=\"de_DE\" \/>\n<meta property=\"og:type\" content=\"article\" \/>\n<meta property=\"og:title\" content=\"Gibson Les Paul Standard The Allman Brother Dickey Betts \/ Dan Toler - Matt&#039;s Guitar Shop\" \/>\n<meta property=\"og:description\" content=\"1958 Gibson Les Paul Standard ex-Dickey Betts &amp; Dan Toler (Allman Brothers). Eine legend\u00e4re und seltene Gitarre, ikonisches Instrument des Southern Rock.\" \/>\n<meta property=\"og:url\" content=\"https:\/\/www.matts-guitar-shop.com\/de\/produit\/gibson-les-paul-standard-the-allman-brother-dickey-betts-dan-toler\/\" \/>\n<meta property=\"og:site_name\" content=\"Matt&#039;s Guitar Shop\" \/>\n<meta property=\"article:publisher\" content=\"https:\/\/www.facebook.com\/profile.php?id=100044359842817\" \/>\n<meta property=\"article:modified_time\" content=\"2025-10-29T18:48:02+00:00\" \/>\n<meta property=\"og:image\" content=\"https:\/\/www.matts-guitar-shop.com\/wp-content\/uploads\/2024\/08\/1958-gibson-les-paul-dickey-betts-00.jpg\" \/>\n\t<meta property=\"og:image:width\" content=\"900\" \/>\n\t<meta property=\"og:image:height\" content=\"1300\" \/>\n\t<meta property=\"og:image:type\" content=\"image\/jpeg\" \/>\n<meta name=\"twitter:card\" content=\"summary_large_image\" \/>\n<meta name=\"twitter:label1\" content=\"Gesch\u00e4tzte Lesezeit\" \/>\n\t<meta name=\"twitter:data1\" content=\"1\u00a0Minute\" \/>\n<script type=\"application\/ld+json\" class=\"yoast-schema-graph\">{\"@context\":\"https:\/\/schema.org\",\"@graph\":[{\"@type\":\"WebPage\",\"@id\":\"https:\/\/www.matts-guitar-shop.com\/de\/produit\/gibson-les-paul-standard-the-allman-brother-dickey-betts-dan-toler\/\",\"url\":\"https:\/\/www.matts-guitar-shop.com\/de\/produit\/gibson-les-paul-standard-the-allman-brother-dickey-betts-dan-toler\/\",\"name\":\"Gibson Les Paul Standard The Allman Brother Dickey Betts \/ Dan Toler - Matt&#039;s Guitar Shop\",\"isPartOf\":{\"@id\":\"https:\/\/www.matts-guitar-shop.com\/de\/#website\"},\"primaryImageOfPage\":{\"@id\":\"https:\/\/www.matts-guitar-shop.com\/de\/produit\/gibson-les-paul-standard-the-allman-brother-dickey-betts-dan-toler\/#primaryimage\"},\"image\":{\"@id\":\"https:\/\/www.matts-guitar-shop.com\/de\/produit\/gibson-les-paul-standard-the-allman-brother-dickey-betts-dan-toler\/#primaryimage\"},\"thumbnailUrl\":\"https:\/\/www.matts-guitar-shop.com\/wp-content\/uploads\/2024\/08\/1958-gibson-les-paul-dickey-betts-00.jpg\",\"datePublished\":\"2024-08-22T13:07:12+00:00\",\"dateModified\":\"2025-10-29T18:48:02+00:00\",\"description\":\"1958 Gibson Les Paul Standard ex-Dickey Betts & Dan Toler (Allman Brothers). Eine legend\u00e4re und seltene Gitarre, ikonisches Instrument des Southern Rock.\",\"breadcrumb\":{\"@id\":\"https:\/\/www.matts-guitar-shop.com\/de\/produit\/gibson-les-paul-standard-the-allman-brother-dickey-betts-dan-toler\/#breadcrumb\"},\"inLanguage\":\"de\",\"potentialAction\":[{\"@type\":\"ReadAction\",\"target\":[\"https:\/\/www.matts-guitar-shop.com\/de\/produit\/gibson-les-paul-standard-the-allman-brother-dickey-betts-dan-toler\/\"]}]},{\"@type\":\"ImageObject\",\"inLanguage\":\"de\",\"@id\":\"https:\/\/www.matts-guitar-shop.com\/de\/produit\/gibson-les-paul-standard-the-allman-brother-dickey-betts-dan-toler\/#primaryimage\",\"url\":\"https:\/\/www.matts-guitar-shop.com\/wp-content\/uploads\/2024\/08\/1958-gibson-les-paul-dickey-betts-00.jpg\",\"contentUrl\":\"https:\/\/www.matts-guitar-shop.com\/wp-content\/uploads\/2024\/08\/1958-gibson-les-paul-dickey-betts-00.jpg\",\"width\":900,\"height\":1300},{\"@type\":\"BreadcrumbList\",\"@id\":\"https:\/\/www.matts-guitar-shop.com\/de\/produit\/gibson-les-paul-standard-the-allman-brother-dickey-betts-dan-toler\/#breadcrumb\",\"itemListElement\":[{\"@type\":\"ListItem\",\"position\":1,\"name\":\"Startseite\",\"item\":\"https:\/\/www.matts-guitar-shop.com\/de\/\"},{\"@type\":\"ListItem\",\"position\":2,\"name\":\"Shop\",\"item\":\"https:\/\/www.matts-guitar-shop.com\/de\/shop\/\"},{\"@type\":\"ListItem\",\"position\":3,\"name\":\"Gibson Les Paul Standard The Allman Brother Dickey Betts \/ Dan Toler\"}]},{\"@type\":\"WebSite\",\"@id\":\"https:\/\/www.matts-guitar-shop.com\/de\/#website\",\"url\":\"https:\/\/www.matts-guitar-shop.com\/de\/\",\"name\":\"matts-guitar-shop.com\",\"description\":\"Guitar Shop\",\"publisher\":{\"@id\":\"https:\/\/www.matts-guitar-shop.com\/de\/#organization\"},\"potentialAction\":[{\"@type\":\"SearchAction\",\"target\":{\"@type\":\"EntryPoint\",\"urlTemplate\":\"https:\/\/www.matts-guitar-shop.com\/de\/?s={search_term_string}\"},\"query-input\":{\"@type\":\"PropertyValueSpecification\",\"valueRequired\":true,\"valueName\":\"search_term_string\"}}],\"inLanguage\":\"de\"},{\"@type\":\"Organization\",\"@id\":\"https:\/\/www.matts-guitar-shop.com\/de\/#organization\",\"name\":\"matts-guitar-shop.com\",\"url\":\"https:\/\/www.matts-guitar-shop.com\/de\/\",\"logo\":{\"@type\":\"ImageObject\",\"inLanguage\":\"de\",\"@id\":\"https:\/\/www.matts-guitar-shop.com\/de\/#\/schema\/logo\/image\/\",\"url\":\"https:\/\/www.matts-guitar-shop.com\/wp-content\/uploads\/2024\/09\/MGS-logo-site-02.png\",\"contentUrl\":\"https:\/\/www.matts-guitar-shop.com\/wp-content\/uploads\/2024\/09\/MGS-logo-site-02.png\",\"width\":200,\"height\":122,\"caption\":\"matts-guitar-shop.com\"},\"image\":{\"@id\":\"https:\/\/www.matts-guitar-shop.com\/de\/#\/schema\/logo\/image\/\"},\"sameAs\":[\"https:\/\/www.facebook.com\/profile.php?id=100044359842817\",\"https:\/\/www.instagram.com\/mattsguitarshop\/\",\"https:\/\/www.youtube.com\/@MattLucasMan\/videos\"]}]}<\/script>\n<!-- \/ Yoast SEO plugin. -->","yoast_head_json":{"title":"Gibson Les Paul Standard The Allman Brother Dickey Betts \/ Dan Toler - Matt&#039;s Guitar Shop","description":"1958 Gibson Les Paul Standard ex-Dickey Betts & Dan Toler (Allman Brothers). Eine legend\u00e4re und seltene Gitarre, ikonisches Instrument des Southern Rock.","robots":{"index":"index","follow":"follow","max-snippet":"max-snippet:-1","max-image-preview":"max-image-preview:large","max-video-preview":"max-video-preview:-1"},"canonical":"https:\/\/www.matts-guitar-shop.com\/de\/produit\/gibson-les-paul-standard-the-allman-brother-dickey-betts-dan-toler\/","og_locale":"de_DE","og_type":"article","og_title":"Gibson Les Paul Standard The Allman Brother Dickey Betts \/ Dan Toler - Matt&#039;s Guitar Shop","og_description":"1958 Gibson Les Paul Standard ex-Dickey Betts & Dan Toler (Allman Brothers). Eine legend\u00e4re und seltene Gitarre, ikonisches Instrument des Southern Rock.","og_url":"https:\/\/www.matts-guitar-shop.com\/de\/produit\/gibson-les-paul-standard-the-allman-brother-dickey-betts-dan-toler\/","og_site_name":"Matt&#039;s Guitar Shop","article_publisher":"https:\/\/www.facebook.com\/profile.php?id=100044359842817","article_modified_time":"2025-10-29T18:48:02+00:00","og_image":[{"width":900,"height":1300,"url":"https:\/\/www.matts-guitar-shop.com\/wp-content\/uploads\/2024\/08\/1958-gibson-les-paul-dickey-betts-00.jpg","type":"image\/jpeg"}],"twitter_card":"summary_large_image","twitter_misc":{"Gesch\u00e4tzte Lesezeit":"1\u00a0Minute"},"schema":{"@context":"https:\/\/schema.org","@graph":[{"@type":"WebPage","@id":"https:\/\/www.matts-guitar-shop.com\/de\/produit\/gibson-les-paul-standard-the-allman-brother-dickey-betts-dan-toler\/","url":"https:\/\/www.matts-guitar-shop.com\/de\/produit\/gibson-les-paul-standard-the-allman-brother-dickey-betts-dan-toler\/","name":"Gibson Les Paul Standard The Allman Brother Dickey Betts \/ Dan Toler - Matt&#039;s Guitar Shop","isPartOf":{"@id":"https:\/\/www.matts-guitar-shop.com\/de\/#website"},"primaryImageOfPage":{"@id":"https:\/\/www.matts-guitar-shop.com\/de\/produit\/gibson-les-paul-standard-the-allman-brother-dickey-betts-dan-toler\/#primaryimage"},"image":{"@id":"https:\/\/www.matts-guitar-shop.com\/de\/produit\/gibson-les-paul-standard-the-allman-brother-dickey-betts-dan-toler\/#primaryimage"},"thumbnailUrl":"https:\/\/www.matts-guitar-shop.com\/wp-content\/uploads\/2024\/08\/1958-gibson-les-paul-dickey-betts-00.jpg","datePublished":"2024-08-22T13:07:12+00:00","dateModified":"2025-10-29T18:48:02+00:00","description":"1958 Gibson Les Paul Standard ex-Dickey Betts & Dan Toler (Allman Brothers). Eine legend\u00e4re und seltene Gitarre, ikonisches Instrument des Southern Rock.","breadcrumb":{"@id":"https:\/\/www.matts-guitar-shop.com\/de\/produit\/gibson-les-paul-standard-the-allman-brother-dickey-betts-dan-toler\/#breadcrumb"},"inLanguage":"de","potentialAction":[{"@type":"ReadAction","target":["https:\/\/www.matts-guitar-shop.com\/de\/produit\/gibson-les-paul-standard-the-allman-brother-dickey-betts-dan-toler\/"]}]},{"@type":"ImageObject","inLanguage":"de","@id":"https:\/\/www.matts-guitar-shop.com\/de\/produit\/gibson-les-paul-standard-the-allman-brother-dickey-betts-dan-toler\/#primaryimage","url":"https:\/\/www.matts-guitar-shop.com\/wp-content\/uploads\/2024\/08\/1958-gibson-les-paul-dickey-betts-00.jpg","contentUrl":"https:\/\/www.matts-guitar-shop.com\/wp-content\/uploads\/2024\/08\/1958-gibson-les-paul-dickey-betts-00.jpg","width":900,"height":1300},{"@type":"BreadcrumbList","@id":"https:\/\/www.matts-guitar-shop.com\/de\/produit\/gibson-les-paul-standard-the-allman-brother-dickey-betts-dan-toler\/#breadcrumb","itemListElement":[{"@type":"ListItem","position":1,"name":"Startseite","item":"https:\/\/www.matts-guitar-shop.com\/de\/"},{"@type":"ListItem","position":2,"name":"Shop","item":"https:\/\/www.matts-guitar-shop.com\/de\/shop\/"},{"@type":"ListItem","position":3,"name":"Gibson Les Paul Standard The Allman Brother Dickey Betts \/ Dan Toler"}]},{"@type":"WebSite","@id":"https:\/\/www.matts-guitar-shop.com\/de\/#website","url":"https:\/\/www.matts-guitar-shop.com\/de\/","name":"matts-guitar-shop.com","description":"Guitar Shop","publisher":{"@id":"https:\/\/www.matts-guitar-shop.com\/de\/#organization"},"potentialAction":[{"@type":"SearchAction","target":{"@type":"EntryPoint","urlTemplate":"https:\/\/www.matts-guitar-shop.com\/de\/?s={search_term_string}"},"query-input":{"@type":"PropertyValueSpecification","valueRequired":true,"valueName":"search_term_string"}}],"inLanguage":"de"},{"@type":"Organization","@id":"https:\/\/www.matts-guitar-shop.com\/de\/#organization","name":"matts-guitar-shop.com","url":"https:\/\/www.matts-guitar-shop.com\/de\/","logo":{"@type":"ImageObject","inLanguage":"de","@id":"https:\/\/www.matts-guitar-shop.com\/de\/#\/schema\/logo\/image\/","url":"https:\/\/www.matts-guitar-shop.com\/wp-content\/uploads\/2024\/09\/MGS-logo-site-02.png","contentUrl":"https:\/\/www.matts-guitar-shop.com\/wp-content\/uploads\/2024\/09\/MGS-logo-site-02.png","width":200,"height":122,"caption":"matts-guitar-shop.com"},"image":{"@id":"https:\/\/www.matts-guitar-shop.com\/de\/#\/schema\/logo\/image\/"},"sameAs":["https:\/\/www.facebook.com\/profile.php?id=100044359842817","https:\/\/www.instagram.com\/mattsguitarshop\/","https:\/\/www.youtube.com\/@MattLucasMan\/videos"]}]}},"_links":{"self":[{"href":"https:\/\/www.matts-guitar-shop.com\/de\/wp-json\/wp\/v2\/product\/19971","targetHints":{"allow":["GET"]}}],"collection":[{"href":"https:\/\/www.matts-guitar-shop.com\/de\/wp-json\/wp\/v2\/product"}],"about":[{"href":"https:\/\/www.matts-guitar-shop.com\/de\/wp-json\/wp\/v2\/types\/product"}],"replies":[{"embeddable":true,"href":"https:\/\/www.matts-guitar-shop.com\/de\/wp-json\/wp\/v2\/comments?post=19971"}],"wp:featuredmedia":[{"embeddable":true,"href":"https:\/\/www.matts-guitar-shop.com\/de\/wp-json\/wp\/v2\/media\/5691"}],"wp:attachment":[{"href":"https:\/\/www.matts-guitar-shop.com\/de\/wp-json\/wp\/v2\/media?parent=19971"}],"wp:term":[{"taxonomy":"product_brand","embeddable":true,"href":"https:\/\/www.matts-guitar-shop.com\/de\/wp-json\/wp\/v2\/product_brand?post=19971"},{"taxonomy":"product_cat","embeddable":true,"href":"https:\/\/www.matts-guitar-shop.com\/de\/wp-json\/wp\/v2\/product_cat?post=19971"},{"taxonomy":"product_tag","embeddable":true,"href":"https:\/\/www.matts-guitar-shop.com\/de\/wp-json\/wp\/v2\/product_tag?post=19971"}],"curies":[{"name":"wp","href":"https:\/\/api.w.org\/{rel}","templated":true}]}}