{"id":19968,"date":"2024-08-22T14:07:41","date_gmt":"2024-08-22T12:07:41","guid":{"rendered":"https:\/\/www.matts-guitar-shop.com\/produit\/gibson-eb1-1956-little-richard-and-the-upsetters\/"},"modified":"2025-10-29T19:29:42","modified_gmt":"2025-10-29T18:29:42","slug":"gibson-eb1-1956-little-richard-and-the-upsetters","status":"publish","type":"product","link":"https:\/\/www.matts-guitar-shop.com\/de\/produit\/gibson-eb1-1956-little-richard-and-the-upsetters\/","title":{"rendered":"Gibson EB1 1956 Little Richard and The Upsetters"},"content":{"rendered":"<p>Gibson EB1 1956 Little Richard and The Upsetters<\/p>\n","protected":false},"excerpt":{"rendered":"<p><strong>Hinter jeder musikalischen Bewegung steht eine Pionierfigur, die die ersten Weichen f\u00fcr ganze K\u00fcnstlergenerationen gestellt hat. Little Richard geh\u00f6rt dazu. Als Gr\u00fcndungsfigur des Rock\u2019n\u2019Roll pr\u00e4gte er die 1950er Jahre mit seinem exzentrischen Stil und seinen zeitlosen Hits. So geschickt wie energiegeladen am Klavier, hatte Little Richard auch ein feines Gesp\u00fcr daf\u00fcr, sich Musiker um sich zu scharen, die die melodische Struktur seiner gro\u00dfen Erfolge sicherten. 1956 umgab er sich mit den Upsetters, einer Gruppe amerikanischer Musiker, mit denen er einige seiner gr\u00f6\u00dften Hits aufnahm (darunter der Song \u201eLong Tall Sally\u201c). Dieser Gibson EB1 Bass von 1956 geh\u00f6rte Olsie Robinson, dem Bassisten der Upsetters. Er begleitete Little Richard bei den meisten seiner Hits und ist im Video des zeitlosen \u201eTutti Frutti\u201c zu sehen, nur wenige Schritte von Little Richard entfernt hinter seinem Klavier.<\/strong><\/p>\n<p>Hinter jedem Hit stehen aufmerksame und engagierte Musiker, die Schritt f\u00fcr Schritt die Melodien aufbauen. Hinter Little Richard strukturierte Olsie Robinson seine St\u00fccke mit seinem beeindruckenden Violinenbass von Gibson. Diese EB-1 wurde 1953 auf den Markt gebracht. Sie war der erste elektrische Bass der Marke Gibson, als Antwort auf den Erfolg der Fender Precision Bass. Statt einen Korpus \u00e4hnlich einer E-Gitarre zu w\u00e4hlen, gestalteten sie diese EB-1 nach dem Vorbild eines Kontrabasses \u2013 bis hin zur Bemalung einer Schallloch\u00f6ffnung auf dem Kor<\/p>\n","protected":false},"featured_media":5482,"comment_status":"open","ping_status":"closed","template":"","meta":{"_et_pb_use_builder":"","_et_pb_old_content":"","_et_gb_content_width":""},"product_brand":[],"product_cat":[673,674,677],"product_tag":[],"class_list":{"0":"post-19968","1":"product","2":"type-product","3":"status-publish","4":"has-post-thumbnail","6":"product_cat-gitarren","7":"product_cat-baesse","8":"product_cat-elektrische-gitarren","9":"pa_disponibilite-zu-verkaufen","10":"pa_marque-gibson-de","12":"first","13":"instock","14":"shipping-taxable","15":"product-type-simple"},"yoast_head":"<!-- This site is optimized with the Yoast SEO plugin v26.8 - https:\/\/yoast.com\/product\/yoast-seo-wordpress\/ -->\n<title>Gibson EB1 1956 Little Richard and The Upsetters - Matt&#039;s Guitar Shop<\/title>\n<meta name=\"description\" content=\"Hinter jeder Musikbewegung steht eine Pionierfigur, die die ersten Grundsteine f\u00fcr ganze K\u00fcnstlergenerationen gelegt hat.\" \/>\n<meta name=\"robots\" content=\"index, follow, max-snippet:-1, max-image-preview:large, max-video-preview:-1\" \/>\n<link rel=\"canonical\" href=\"https:\/\/www.matts-guitar-shop.com\/de\/produit\/gibson-eb1-1956-little-richard-and-the-upsetters\/\" \/>\n<meta property=\"og:locale\" content=\"de_DE\" \/>\n<meta property=\"og:type\" content=\"article\" \/>\n<meta property=\"og:title\" content=\"Gibson EB1 1956 Little Richard and The Upsetters - Matt&#039;s Guitar Shop\" \/>\n<meta property=\"og:description\" content=\"Hinter jeder Musikbewegung steht eine Pionierfigur, die die ersten Grundsteine f\u00fcr ganze K\u00fcnstlergenerationen gelegt hat.\" \/>\n<meta property=\"og:url\" content=\"https:\/\/www.matts-guitar-shop.com\/de\/produit\/gibson-eb1-1956-little-richard-and-the-upsetters\/\" \/>\n<meta property=\"og:site_name\" content=\"Matt&#039;s Guitar Shop\" \/>\n<meta property=\"article:publisher\" content=\"https:\/\/www.facebook.com\/profile.php?id=100044359842817\" \/>\n<meta property=\"article:modified_time\" content=\"2025-10-29T18:29:42+00:00\" \/>\n<meta property=\"og:image\" content=\"https:\/\/www.matts-guitar-shop.com\/wp-content\/uploads\/2024\/08\/Gibson-EB1-1956-Little-Richard-and-The-Upsetters-00.jpg\" \/>\n\t<meta property=\"og:image:width\" content=\"692\" \/>\n\t<meta property=\"og:image:height\" content=\"1000\" \/>\n\t<meta property=\"og:image:type\" content=\"image\/jpeg\" \/>\n<meta name=\"twitter:card\" content=\"summary_large_image\" \/>\n<script type=\"application\/ld+json\" class=\"yoast-schema-graph\">{\"@context\":\"https:\/\/schema.org\",\"@graph\":[{\"@type\":\"WebPage\",\"@id\":\"https:\/\/www.matts-guitar-shop.com\/de\/produit\/gibson-eb1-1956-little-richard-and-the-upsetters\/\",\"url\":\"https:\/\/www.matts-guitar-shop.com\/de\/produit\/gibson-eb1-1956-little-richard-and-the-upsetters\/\",\"name\":\"Gibson EB1 1956 Little Richard and The Upsetters - Matt&#039;s Guitar Shop\",\"isPartOf\":{\"@id\":\"https:\/\/www.matts-guitar-shop.com\/de\/#website\"},\"primaryImageOfPage\":{\"@id\":\"https:\/\/www.matts-guitar-shop.com\/de\/produit\/gibson-eb1-1956-little-richard-and-the-upsetters\/#primaryimage\"},\"image\":{\"@id\":\"https:\/\/www.matts-guitar-shop.com\/de\/produit\/gibson-eb1-1956-little-richard-and-the-upsetters\/#primaryimage\"},\"thumbnailUrl\":\"https:\/\/www.matts-guitar-shop.com\/wp-content\/uploads\/2024\/08\/Gibson-EB1-1956-Little-Richard-and-The-Upsetters-00.jpg\",\"datePublished\":\"2024-08-22T12:07:41+00:00\",\"dateModified\":\"2025-10-29T18:29:42+00:00\",\"description\":\"Hinter jeder Musikbewegung steht eine Pionierfigur, die die ersten Grundsteine f\u00fcr ganze K\u00fcnstlergenerationen gelegt hat.\",\"breadcrumb\":{\"@id\":\"https:\/\/www.matts-guitar-shop.com\/de\/produit\/gibson-eb1-1956-little-richard-and-the-upsetters\/#breadcrumb\"},\"inLanguage\":\"de\",\"potentialAction\":[{\"@type\":\"ReadAction\",\"target\":[\"https:\/\/www.matts-guitar-shop.com\/de\/produit\/gibson-eb1-1956-little-richard-and-the-upsetters\/\"]}]},{\"@type\":\"ImageObject\",\"inLanguage\":\"de\",\"@id\":\"https:\/\/www.matts-guitar-shop.com\/de\/produit\/gibson-eb1-1956-little-richard-and-the-upsetters\/#primaryimage\",\"url\":\"https:\/\/www.matts-guitar-shop.com\/wp-content\/uploads\/2024\/08\/Gibson-EB1-1956-Little-Richard-and-The-Upsetters-00.jpg\",\"contentUrl\":\"https:\/\/www.matts-guitar-shop.com\/wp-content\/uploads\/2024\/08\/Gibson-EB1-1956-Little-Richard-and-The-Upsetters-00.jpg\",\"width\":692,\"height\":1000,\"caption\":\"Basse Gibson EB1 de 1956 - The Upsetters\"},{\"@type\":\"BreadcrumbList\",\"@id\":\"https:\/\/www.matts-guitar-shop.com\/de\/produit\/gibson-eb1-1956-little-richard-and-the-upsetters\/#breadcrumb\",\"itemListElement\":[{\"@type\":\"ListItem\",\"position\":1,\"name\":\"Startseite\",\"item\":\"https:\/\/www.matts-guitar-shop.com\/de\/\"},{\"@type\":\"ListItem\",\"position\":2,\"name\":\"Shop\",\"item\":\"https:\/\/www.matts-guitar-shop.com\/de\/shop\/\"},{\"@type\":\"ListItem\",\"position\":3,\"name\":\"Gibson EB1 1956 Little Richard and The Upsetters\"}]},{\"@type\":\"WebSite\",\"@id\":\"https:\/\/www.matts-guitar-shop.com\/de\/#website\",\"url\":\"https:\/\/www.matts-guitar-shop.com\/de\/\",\"name\":\"matts-guitar-shop.com\",\"description\":\"Guitar Shop\",\"publisher\":{\"@id\":\"https:\/\/www.matts-guitar-shop.com\/de\/#organization\"},\"potentialAction\":[{\"@type\":\"SearchAction\",\"target\":{\"@type\":\"EntryPoint\",\"urlTemplate\":\"https:\/\/www.matts-guitar-shop.com\/de\/?s={search_term_string}\"},\"query-input\":{\"@type\":\"PropertyValueSpecification\",\"valueRequired\":true,\"valueName\":\"search_term_string\"}}],\"inLanguage\":\"de\"},{\"@type\":\"Organization\",\"@id\":\"https:\/\/www.matts-guitar-shop.com\/de\/#organization\",\"name\":\"matts-guitar-shop.com\",\"url\":\"https:\/\/www.matts-guitar-shop.com\/de\/\",\"logo\":{\"@type\":\"ImageObject\",\"inLanguage\":\"de\",\"@id\":\"https:\/\/www.matts-guitar-shop.com\/de\/#\/schema\/logo\/image\/\",\"url\":\"https:\/\/www.matts-guitar-shop.com\/wp-content\/uploads\/2024\/09\/MGS-logo-site-02.png\",\"contentUrl\":\"https:\/\/www.matts-guitar-shop.com\/wp-content\/uploads\/2024\/09\/MGS-logo-site-02.png\",\"width\":200,\"height\":122,\"caption\":\"matts-guitar-shop.com\"},\"image\":{\"@id\":\"https:\/\/www.matts-guitar-shop.com\/de\/#\/schema\/logo\/image\/\"},\"sameAs\":[\"https:\/\/www.facebook.com\/profile.php?id=100044359842817\",\"https:\/\/www.instagram.com\/mattsguitarshop\/\",\"https:\/\/www.youtube.com\/@MattLucasMan\/videos\"]}]}<\/script>\n<!-- \/ Yoast SEO plugin. -->","yoast_head_json":{"title":"Gibson EB1 1956 Little Richard and The Upsetters - Matt&#039;s Guitar Shop","description":"Hinter jeder Musikbewegung steht eine Pionierfigur, die die ersten Grundsteine f\u00fcr ganze K\u00fcnstlergenerationen gelegt hat.","robots":{"index":"index","follow":"follow","max-snippet":"max-snippet:-1","max-image-preview":"max-image-preview:large","max-video-preview":"max-video-preview:-1"},"canonical":"https:\/\/www.matts-guitar-shop.com\/de\/produit\/gibson-eb1-1956-little-richard-and-the-upsetters\/","og_locale":"de_DE","og_type":"article","og_title":"Gibson EB1 1956 Little Richard and The Upsetters - Matt&#039;s Guitar Shop","og_description":"Hinter jeder Musikbewegung steht eine Pionierfigur, die die ersten Grundsteine f\u00fcr ganze K\u00fcnstlergenerationen gelegt hat.","og_url":"https:\/\/www.matts-guitar-shop.com\/de\/produit\/gibson-eb1-1956-little-richard-and-the-upsetters\/","og_site_name":"Matt&#039;s Guitar Shop","article_publisher":"https:\/\/www.facebook.com\/profile.php?id=100044359842817","article_modified_time":"2025-10-29T18:29:42+00:00","og_image":[{"width":692,"height":1000,"url":"https:\/\/www.matts-guitar-shop.com\/wp-content\/uploads\/2024\/08\/Gibson-EB1-1956-Little-Richard-and-The-Upsetters-00.jpg","type":"image\/jpeg"}],"twitter_card":"summary_large_image","schema":{"@context":"https:\/\/schema.org","@graph":[{"@type":"WebPage","@id":"https:\/\/www.matts-guitar-shop.com\/de\/produit\/gibson-eb1-1956-little-richard-and-the-upsetters\/","url":"https:\/\/www.matts-guitar-shop.com\/de\/produit\/gibson-eb1-1956-little-richard-and-the-upsetters\/","name":"Gibson EB1 1956 Little Richard and The Upsetters - Matt&#039;s Guitar Shop","isPartOf":{"@id":"https:\/\/www.matts-guitar-shop.com\/de\/#website"},"primaryImageOfPage":{"@id":"https:\/\/www.matts-guitar-shop.com\/de\/produit\/gibson-eb1-1956-little-richard-and-the-upsetters\/#primaryimage"},"image":{"@id":"https:\/\/www.matts-guitar-shop.com\/de\/produit\/gibson-eb1-1956-little-richard-and-the-upsetters\/#primaryimage"},"thumbnailUrl":"https:\/\/www.matts-guitar-shop.com\/wp-content\/uploads\/2024\/08\/Gibson-EB1-1956-Little-Richard-and-The-Upsetters-00.jpg","datePublished":"2024-08-22T12:07:41+00:00","dateModified":"2025-10-29T18:29:42+00:00","description":"Hinter jeder Musikbewegung steht eine Pionierfigur, die die ersten Grundsteine f\u00fcr ganze K\u00fcnstlergenerationen gelegt hat.","breadcrumb":{"@id":"https:\/\/www.matts-guitar-shop.com\/de\/produit\/gibson-eb1-1956-little-richard-and-the-upsetters\/#breadcrumb"},"inLanguage":"de","potentialAction":[{"@type":"ReadAction","target":["https:\/\/www.matts-guitar-shop.com\/de\/produit\/gibson-eb1-1956-little-richard-and-the-upsetters\/"]}]},{"@type":"ImageObject","inLanguage":"de","@id":"https:\/\/www.matts-guitar-shop.com\/de\/produit\/gibson-eb1-1956-little-richard-and-the-upsetters\/#primaryimage","url":"https:\/\/www.matts-guitar-shop.com\/wp-content\/uploads\/2024\/08\/Gibson-EB1-1956-Little-Richard-and-The-Upsetters-00.jpg","contentUrl":"https:\/\/www.matts-guitar-shop.com\/wp-content\/uploads\/2024\/08\/Gibson-EB1-1956-Little-Richard-and-The-Upsetters-00.jpg","width":692,"height":1000,"caption":"Basse Gibson EB1 de 1956 - The Upsetters"},{"@type":"BreadcrumbList","@id":"https:\/\/www.matts-guitar-shop.com\/de\/produit\/gibson-eb1-1956-little-richard-and-the-upsetters\/#breadcrumb","itemListElement":[{"@type":"ListItem","position":1,"name":"Startseite","item":"https:\/\/www.matts-guitar-shop.com\/de\/"},{"@type":"ListItem","position":2,"name":"Shop","item":"https:\/\/www.matts-guitar-shop.com\/de\/shop\/"},{"@type":"ListItem","position":3,"name":"Gibson EB1 1956 Little Richard and The Upsetters"}]},{"@type":"WebSite","@id":"https:\/\/www.matts-guitar-shop.com\/de\/#website","url":"https:\/\/www.matts-guitar-shop.com\/de\/","name":"matts-guitar-shop.com","description":"Guitar Shop","publisher":{"@id":"https:\/\/www.matts-guitar-shop.com\/de\/#organization"},"potentialAction":[{"@type":"SearchAction","target":{"@type":"EntryPoint","urlTemplate":"https:\/\/www.matts-guitar-shop.com\/de\/?s={search_term_string}"},"query-input":{"@type":"PropertyValueSpecification","valueRequired":true,"valueName":"search_term_string"}}],"inLanguage":"de"},{"@type":"Organization","@id":"https:\/\/www.matts-guitar-shop.com\/de\/#organization","name":"matts-guitar-shop.com","url":"https:\/\/www.matts-guitar-shop.com\/de\/","logo":{"@type":"ImageObject","inLanguage":"de","@id":"https:\/\/www.matts-guitar-shop.com\/de\/#\/schema\/logo\/image\/","url":"https:\/\/www.matts-guitar-shop.com\/wp-content\/uploads\/2024\/09\/MGS-logo-site-02.png","contentUrl":"https:\/\/www.matts-guitar-shop.com\/wp-content\/uploads\/2024\/09\/MGS-logo-site-02.png","width":200,"height":122,"caption":"matts-guitar-shop.com"},"image":{"@id":"https:\/\/www.matts-guitar-shop.com\/de\/#\/schema\/logo\/image\/"},"sameAs":["https:\/\/www.facebook.com\/profile.php?id=100044359842817","https:\/\/www.instagram.com\/mattsguitarshop\/","https:\/\/www.youtube.com\/@MattLucasMan\/videos"]}]}},"_links":{"self":[{"href":"https:\/\/www.matts-guitar-shop.com\/de\/wp-json\/wp\/v2\/product\/19968","targetHints":{"allow":["GET"]}}],"collection":[{"href":"https:\/\/www.matts-guitar-shop.com\/de\/wp-json\/wp\/v2\/product"}],"about":[{"href":"https:\/\/www.matts-guitar-shop.com\/de\/wp-json\/wp\/v2\/types\/product"}],"replies":[{"embeddable":true,"href":"https:\/\/www.matts-guitar-shop.com\/de\/wp-json\/wp\/v2\/comments?post=19968"}],"wp:featuredmedia":[{"embeddable":true,"href":"https:\/\/www.matts-guitar-shop.com\/de\/wp-json\/wp\/v2\/media\/5482"}],"wp:attachment":[{"href":"https:\/\/www.matts-guitar-shop.com\/de\/wp-json\/wp\/v2\/media?parent=19968"}],"wp:term":[{"taxonomy":"product_brand","embeddable":true,"href":"https:\/\/www.matts-guitar-shop.com\/de\/wp-json\/wp\/v2\/product_brand?post=19968"},{"taxonomy":"product_cat","embeddable":true,"href":"https:\/\/www.matts-guitar-shop.com\/de\/wp-json\/wp\/v2\/product_cat?post=19968"},{"taxonomy":"product_tag","embeddable":true,"href":"https:\/\/www.matts-guitar-shop.com\/de\/wp-json\/wp\/v2\/product_tag?post=19968"}],"curies":[{"name":"wp","href":"https:\/\/api.w.org\/{rel}","templated":true}]}}