{"id":19966,"date":"2024-08-21T17:18:10","date_gmt":"2024-08-21T15:18:10","guid":{"rendered":"https:\/\/www.matts-guitar-shop.com\/produit\/gibson-sg-monark-billy-gibbons\/"},"modified":"2025-10-29T20:07:30","modified_gmt":"2025-10-29T19:07:30","slug":"gibson-sg-monark-billy-gibbons","status":"publish","type":"product","link":"https:\/\/www.matts-guitar-shop.com\/de\/produit\/gibson-sg-monark-billy-gibbons\/","title":{"rendered":"Gibson SG Monark Billy Gibbons"},"content":{"rendered":"<p>Billy F Gibbons<br \/>\n(1949)<\/p>\n<p>Band: ZZ Top<br \/>\nHauptgitarre: Gibson Les Paul Standard 1959<br \/>\nUnbedingt anh\u00f6ren: Just Got Paid<\/p>\n<p>Billy Gibbons ist der Boss. Der Boss der Gitarristen mit seinem sinnlichen Vibrato und dem fetten Sound wie ein Burrito, den er aus seiner Les Paul herausholt. Der Boss der S\u00e4nger mit seiner rauen, twangigen Stimme. Der Boss der Bandleader mit ZZ Top, seinem Trio, dessen Besetzung seit 1969 unver\u00e4ndert geblieben ist. Der Boss der Dandys, mit einem tadellosen Sinn f\u00fcr B\u00fchnenoutfits. Und schlie\u00dflich der Boss der Sammler, mit mehreren Hangars voller Tausender Gitarren, die er im Laufe der Jahre erworben hat. Die Legende besagt, er besitze ein Exemplar jedes Jahres von jedem Modell der gro\u00dfen Marken \u2013 und vielleicht ist das gar keine Legende\u2026 Jedenfalls lassen die St\u00fccke, die man von ihm kennt, den Kopf schwirren: von \u201eMistress Pearly Gates\u201c, der ber\u00fchmten Les Paul \u201959, die ihn seit jeher begleitet, bis hin zu seiner \u201954er Strat Hardtail, die man oft als Erg\u00e4nzung zur Pearly Gates h\u00f6rt, ganz zu schweigen von seinen zahlreichen Hotrod-artig modifizierten Gitarren.<\/p>\n<p>Seine Karriere begann bereits 1967 mit The Moving Sidewalks, einer der wenigen texanischen Psychedelic-Rock-Bands, die von den 13th Floor Elevators inspiriert waren. Sie spielten sogar im Vorprogramm von Jimi Hendrix, bevor sie sich 1969 trennten \u2013 dem Jahr, in dem Gibbons ZZ Top gr\u00fcndete.<\/p>\n<p>Das Trio startete mit fettem, traditionellem Bluesrock, bevor es sich in eine elektronischere Richtung entwickelte, beginnend mit <i>Deg\u00fcello<\/i> im Jahr 1979. Diese Ausrichtung setzte sich fort mit der Trilogie <i>Eliminator<\/i> \/ <i>Afterburner<\/i> \/ <i>Recycler<\/i> \u2013 drei Alben, auf denen sich Gibbons\u2019 Blues mit den Synthesizern und Drumcomputern jener Zeit vermischte, mit einem Ergebnis, das viele Fans \u00fcberzeugte, sei es durch Singles wie <i>Gimme All Your Loving<\/i> und <i>Rough Boy<\/i> oder durch die gro\u00dfartigen Videoclips der Band, die damals in Dauerschleife auf MTV liefen. Seitdem hat ZZ Top seine Musik erneut neu erfunden \u2013 mit einem fetteren, organischeren und fuzz-getr\u00e4nkten Sound. Gibbons trat mehrfach als Gast auf den Alben anderer Musiker auf und ver\u00f6ffentlichte vor allem zwei Soloalben: <i>Perfectamundo<\/i>, das kubanische Musik erforscht, und <i>Big Bad Blues<\/i>, das zu seinen ersten Lieben zur\u00fcckkehrt, irgendwo zwischen Muddy Waters und Bo Diddley. Der Kreis schlie\u00dft sich.<\/p>\n","protected":false},"excerpt":{"rendered":"<p><strong>Die Steampunk-Bewegung wurde durch die Romane von Jules Verne wie \u201e20.000 Meilen unter den Meeren\u201c ins Leben gerufen, in denen seine Beschreibungen imagin\u00e4rer Dampfmaschinen Legionen von Schriftstellern, Regisseuren, Designern und sogar Gitarrenbauern inspiriert haben! Diese SG Monark ist das perfekte Beispiel daf\u00fcr, wie eine Gibson im Steampunk-Stil aussehen sollte. Sie begann ihr Leben als bescheidene SG Standard von 2008, und Billy Gibbons, ihr Besitzer, beschloss, sie mit Hilfe von Thomas Nilsen (dem Gr\u00fcnder der Tonabnehmermarke Cream T Pickups) und Raymond Eide (von der Werkstatt Faust Guitars in Trondheim, Norwegen) zu etwas Besonderem zu machen.<\/strong><\/p>\n<p>Die beiden M\u00e4nner begannen damit, das urspr\u00fcngliche Finish der SG abzuschleifen, danach alterten sie das Holz und versahen es mit einer viel leichteren Lackierung. Aber das war nur der Anfang. Anschlie\u00dfend fertigten sie ein Lederfurnier f\u00fcr die Kopfplatte an (mit dem Gibbons-Logo anstelle des \u00fcblichen Gibson-Schriftzugs) und nutzten ebenfalls Leder f\u00fcr die vier Kn\u00f6pfe. F\u00fcr das Trussrod-Cover fanden sie ein wundersch\u00f6nes Metall-Logo der norwegischen Motorradmarke Monark aus den sechziger Jahren, und sie verwendeten Teile eines amerikanischen Luftwaffenflugzeugs aus dem Zweiten Weltkrieg, um daraus die Ausgangsbuchse, den Pickup-Wahlschalter (auf dem \u201eOuter Marker\u201c zu lesen ist) sowie den Schalter f\u00fcr die Uhr zu fertigen, auf dem \u201eInter\/Radio\u201c steht.<\/p>\n<p>Ja, Sie haben richtig gelesen: Das ultimative Steampunk-Attribut dieses gitarristischen Kunstwerks sind die Mechanismen einer britischen Uhr aus den 50er-Jahren, die in Form eines Horns gestaltet wurden, um das Holz des oberen Cutaways der SG zu ersetzen \u2013 ein bisschen wie ein bionisches Auge bei einem Menschen. Dieser unglaubliche Mechanismus kann aktiviert werden und l\u00f6st ein m\u00e4chtiges Br\u00fcllen aus den Cream T Pickups aus. \u00dcbrigens ist diese Gitarre so besonders, dass sie im Sommerheft 2018 des englischen Magazins <i>Guitarist<\/i> in einem Titelbeitrag \u00fcber modifizierte Gitarren vorgestellt wurde.<\/p>\n","protected":false},"featured_media":5300,"comment_status":"open","ping_status":"closed","template":"","meta":{"_et_pb_use_builder":"","_et_pb_old_content":"","_et_gb_content_width":""},"product_brand":[],"product_cat":[673,677,672,670],"product_tag":[],"class_list":{"0":"post-19966","1":"product","2":"type-product","3":"status-publish","4":"has-post-thumbnail","6":"product_cat-gitarren","7":"product_cat-elektrische-gitarren","8":"product_cat-verkaufte","9":"product_cat-kuenstler","10":"pa_artiste-billy-f-gibbons-de","11":"pa_disponibilite-verkauft","12":"pa_marque-gibson-de","14":"first","15":"outofstock","16":"shipping-taxable","17":"product-type-simple"},"yoast_head":"<!-- This site is optimized with the Yoast SEO plugin v26.8 - https:\/\/yoast.com\/product\/yoast-seo-wordpress\/ -->\n<title>Gibson SG Monark Billy Gibbons - Matt&#039;s Guitar Shop<\/title>\n<meta name=\"description\" content=\"Gibson SG Monark von Billy Gibbons. Eine einzigartige und sammelw\u00fcrdige Gitarre, ein seltenes au\u00dfergew\u00f6hnliches St\u00fcck des legend\u00e4ren ZZ Top-Gitarristen, erh\u00e4ltlich bei Matt\u2019s Guitar Shop.\" \/>\n<meta name=\"robots\" content=\"index, follow, max-snippet:-1, max-image-preview:large, max-video-preview:-1\" \/>\n<link rel=\"canonical\" href=\"https:\/\/www.matts-guitar-shop.com\/de\/produit\/gibson-sg-monark-billy-gibbons\/\" \/>\n<meta property=\"og:locale\" content=\"de_DE\" \/>\n<meta property=\"og:type\" content=\"article\" \/>\n<meta property=\"og:title\" content=\"Gibson SG Monark Billy Gibbons - Matt&#039;s Guitar Shop\" \/>\n<meta property=\"og:description\" content=\"Gibson SG Monark von Billy Gibbons. Eine einzigartige und sammelw\u00fcrdige Gitarre, ein seltenes au\u00dfergew\u00f6hnliches St\u00fcck des legend\u00e4ren ZZ Top-Gitarristen, erh\u00e4ltlich bei Matt\u2019s Guitar Shop.\" \/>\n<meta property=\"og:url\" content=\"https:\/\/www.matts-guitar-shop.com\/de\/produit\/gibson-sg-monark-billy-gibbons\/\" \/>\n<meta property=\"og:site_name\" content=\"Matt&#039;s Guitar Shop\" \/>\n<meta property=\"article:publisher\" content=\"https:\/\/www.facebook.com\/profile.php?id=100044359842817\" \/>\n<meta property=\"article:modified_time\" content=\"2025-10-29T19:07:30+00:00\" \/>\n<meta property=\"og:image\" content=\"https:\/\/www.matts-guitar-shop.com\/wp-content\/uploads\/2024\/08\/Gibson-SG-Monark-Billy-Gibbons-1996-guitare-00.jpg\" \/>\n\t<meta property=\"og:image:width\" content=\"900\" \/>\n\t<meta property=\"og:image:height\" content=\"1300\" \/>\n\t<meta property=\"og:image:type\" content=\"image\/jpeg\" \/>\n<meta name=\"twitter:card\" content=\"summary_large_image\" \/>\n<meta name=\"twitter:label1\" content=\"Gesch\u00e4tzte Lesezeit\" \/>\n\t<meta name=\"twitter:data1\" content=\"2\u00a0Minuten\" \/>\n<script type=\"application\/ld+json\" class=\"yoast-schema-graph\">{\"@context\":\"https:\/\/schema.org\",\"@graph\":[{\"@type\":\"WebPage\",\"@id\":\"https:\/\/www.matts-guitar-shop.com\/de\/produit\/gibson-sg-monark-billy-gibbons\/\",\"url\":\"https:\/\/www.matts-guitar-shop.com\/de\/produit\/gibson-sg-monark-billy-gibbons\/\",\"name\":\"Gibson SG Monark Billy Gibbons - Matt&#039;s Guitar Shop\",\"isPartOf\":{\"@id\":\"https:\/\/www.matts-guitar-shop.com\/de\/#website\"},\"primaryImageOfPage\":{\"@id\":\"https:\/\/www.matts-guitar-shop.com\/de\/produit\/gibson-sg-monark-billy-gibbons\/#primaryimage\"},\"image\":{\"@id\":\"https:\/\/www.matts-guitar-shop.com\/de\/produit\/gibson-sg-monark-billy-gibbons\/#primaryimage\"},\"thumbnailUrl\":\"https:\/\/www.matts-guitar-shop.com\/wp-content\/uploads\/2024\/08\/Gibson-SG-Monark-Billy-Gibbons-1996-guitare-00.jpg\",\"datePublished\":\"2024-08-21T15:18:10+00:00\",\"dateModified\":\"2025-10-29T19:07:30+00:00\",\"description\":\"Gibson SG Monark von Billy Gibbons. Eine einzigartige und sammelw\u00fcrdige Gitarre, ein seltenes au\u00dfergew\u00f6hnliches St\u00fcck des legend\u00e4ren ZZ Top-Gitarristen, erh\u00e4ltlich bei Matt\u2019s Guitar Shop.\",\"breadcrumb\":{\"@id\":\"https:\/\/www.matts-guitar-shop.com\/de\/produit\/gibson-sg-monark-billy-gibbons\/#breadcrumb\"},\"inLanguage\":\"de\",\"potentialAction\":[{\"@type\":\"ReadAction\",\"target\":[\"https:\/\/www.matts-guitar-shop.com\/de\/produit\/gibson-sg-monark-billy-gibbons\/\"]}]},{\"@type\":\"ImageObject\",\"inLanguage\":\"de\",\"@id\":\"https:\/\/www.matts-guitar-shop.com\/de\/produit\/gibson-sg-monark-billy-gibbons\/#primaryimage\",\"url\":\"https:\/\/www.matts-guitar-shop.com\/wp-content\/uploads\/2024\/08\/Gibson-SG-Monark-Billy-Gibbons-1996-guitare-00.jpg\",\"contentUrl\":\"https:\/\/www.matts-guitar-shop.com\/wp-content\/uploads\/2024\/08\/Gibson-SG-Monark-Billy-Gibbons-1996-guitare-00.jpg\",\"width\":900,\"height\":1300},{\"@type\":\"BreadcrumbList\",\"@id\":\"https:\/\/www.matts-guitar-shop.com\/de\/produit\/gibson-sg-monark-billy-gibbons\/#breadcrumb\",\"itemListElement\":[{\"@type\":\"ListItem\",\"position\":1,\"name\":\"Startseite\",\"item\":\"https:\/\/www.matts-guitar-shop.com\/de\/\"},{\"@type\":\"ListItem\",\"position\":2,\"name\":\"Shop\",\"item\":\"https:\/\/www.matts-guitar-shop.com\/de\/shop\/\"},{\"@type\":\"ListItem\",\"position\":3,\"name\":\"Gibson SG Monark Billy Gibbons\"}]},{\"@type\":\"WebSite\",\"@id\":\"https:\/\/www.matts-guitar-shop.com\/de\/#website\",\"url\":\"https:\/\/www.matts-guitar-shop.com\/de\/\",\"name\":\"matts-guitar-shop.com\",\"description\":\"Guitar Shop\",\"publisher\":{\"@id\":\"https:\/\/www.matts-guitar-shop.com\/de\/#organization\"},\"potentialAction\":[{\"@type\":\"SearchAction\",\"target\":{\"@type\":\"EntryPoint\",\"urlTemplate\":\"https:\/\/www.matts-guitar-shop.com\/de\/?s={search_term_string}\"},\"query-input\":{\"@type\":\"PropertyValueSpecification\",\"valueRequired\":true,\"valueName\":\"search_term_string\"}}],\"inLanguage\":\"de\"},{\"@type\":\"Organization\",\"@id\":\"https:\/\/www.matts-guitar-shop.com\/de\/#organization\",\"name\":\"matts-guitar-shop.com\",\"url\":\"https:\/\/www.matts-guitar-shop.com\/de\/\",\"logo\":{\"@type\":\"ImageObject\",\"inLanguage\":\"de\",\"@id\":\"https:\/\/www.matts-guitar-shop.com\/de\/#\/schema\/logo\/image\/\",\"url\":\"https:\/\/www.matts-guitar-shop.com\/wp-content\/uploads\/2024\/09\/MGS-logo-site-02.png\",\"contentUrl\":\"https:\/\/www.matts-guitar-shop.com\/wp-content\/uploads\/2024\/09\/MGS-logo-site-02.png\",\"width\":200,\"height\":122,\"caption\":\"matts-guitar-shop.com\"},\"image\":{\"@id\":\"https:\/\/www.matts-guitar-shop.com\/de\/#\/schema\/logo\/image\/\"},\"sameAs\":[\"https:\/\/www.facebook.com\/profile.php?id=100044359842817\",\"https:\/\/www.instagram.com\/mattsguitarshop\/\",\"https:\/\/www.youtube.com\/@MattLucasMan\/videos\"]}]}<\/script>\n<!-- \/ Yoast SEO plugin. -->","yoast_head_json":{"title":"Gibson SG Monark Billy Gibbons - Matt&#039;s Guitar Shop","description":"Gibson SG Monark von Billy Gibbons. Eine einzigartige und sammelw\u00fcrdige Gitarre, ein seltenes au\u00dfergew\u00f6hnliches St\u00fcck des legend\u00e4ren ZZ Top-Gitarristen, erh\u00e4ltlich bei Matt\u2019s Guitar Shop.","robots":{"index":"index","follow":"follow","max-snippet":"max-snippet:-1","max-image-preview":"max-image-preview:large","max-video-preview":"max-video-preview:-1"},"canonical":"https:\/\/www.matts-guitar-shop.com\/de\/produit\/gibson-sg-monark-billy-gibbons\/","og_locale":"de_DE","og_type":"article","og_title":"Gibson SG Monark Billy Gibbons - Matt&#039;s Guitar Shop","og_description":"Gibson SG Monark von Billy Gibbons. Eine einzigartige und sammelw\u00fcrdige Gitarre, ein seltenes au\u00dfergew\u00f6hnliches St\u00fcck des legend\u00e4ren ZZ Top-Gitarristen, erh\u00e4ltlich bei Matt\u2019s Guitar Shop.","og_url":"https:\/\/www.matts-guitar-shop.com\/de\/produit\/gibson-sg-monark-billy-gibbons\/","og_site_name":"Matt&#039;s Guitar Shop","article_publisher":"https:\/\/www.facebook.com\/profile.php?id=100044359842817","article_modified_time":"2025-10-29T19:07:30+00:00","og_image":[{"width":900,"height":1300,"url":"https:\/\/www.matts-guitar-shop.com\/wp-content\/uploads\/2024\/08\/Gibson-SG-Monark-Billy-Gibbons-1996-guitare-00.jpg","type":"image\/jpeg"}],"twitter_card":"summary_large_image","twitter_misc":{"Gesch\u00e4tzte Lesezeit":"2\u00a0Minuten"},"schema":{"@context":"https:\/\/schema.org","@graph":[{"@type":"WebPage","@id":"https:\/\/www.matts-guitar-shop.com\/de\/produit\/gibson-sg-monark-billy-gibbons\/","url":"https:\/\/www.matts-guitar-shop.com\/de\/produit\/gibson-sg-monark-billy-gibbons\/","name":"Gibson SG Monark Billy Gibbons - Matt&#039;s Guitar Shop","isPartOf":{"@id":"https:\/\/www.matts-guitar-shop.com\/de\/#website"},"primaryImageOfPage":{"@id":"https:\/\/www.matts-guitar-shop.com\/de\/produit\/gibson-sg-monark-billy-gibbons\/#primaryimage"},"image":{"@id":"https:\/\/www.matts-guitar-shop.com\/de\/produit\/gibson-sg-monark-billy-gibbons\/#primaryimage"},"thumbnailUrl":"https:\/\/www.matts-guitar-shop.com\/wp-content\/uploads\/2024\/08\/Gibson-SG-Monark-Billy-Gibbons-1996-guitare-00.jpg","datePublished":"2024-08-21T15:18:10+00:00","dateModified":"2025-10-29T19:07:30+00:00","description":"Gibson SG Monark von Billy Gibbons. Eine einzigartige und sammelw\u00fcrdige Gitarre, ein seltenes au\u00dfergew\u00f6hnliches St\u00fcck des legend\u00e4ren ZZ Top-Gitarristen, erh\u00e4ltlich bei Matt\u2019s Guitar Shop.","breadcrumb":{"@id":"https:\/\/www.matts-guitar-shop.com\/de\/produit\/gibson-sg-monark-billy-gibbons\/#breadcrumb"},"inLanguage":"de","potentialAction":[{"@type":"ReadAction","target":["https:\/\/www.matts-guitar-shop.com\/de\/produit\/gibson-sg-monark-billy-gibbons\/"]}]},{"@type":"ImageObject","inLanguage":"de","@id":"https:\/\/www.matts-guitar-shop.com\/de\/produit\/gibson-sg-monark-billy-gibbons\/#primaryimage","url":"https:\/\/www.matts-guitar-shop.com\/wp-content\/uploads\/2024\/08\/Gibson-SG-Monark-Billy-Gibbons-1996-guitare-00.jpg","contentUrl":"https:\/\/www.matts-guitar-shop.com\/wp-content\/uploads\/2024\/08\/Gibson-SG-Monark-Billy-Gibbons-1996-guitare-00.jpg","width":900,"height":1300},{"@type":"BreadcrumbList","@id":"https:\/\/www.matts-guitar-shop.com\/de\/produit\/gibson-sg-monark-billy-gibbons\/#breadcrumb","itemListElement":[{"@type":"ListItem","position":1,"name":"Startseite","item":"https:\/\/www.matts-guitar-shop.com\/de\/"},{"@type":"ListItem","position":2,"name":"Shop","item":"https:\/\/www.matts-guitar-shop.com\/de\/shop\/"},{"@type":"ListItem","position":3,"name":"Gibson SG Monark Billy Gibbons"}]},{"@type":"WebSite","@id":"https:\/\/www.matts-guitar-shop.com\/de\/#website","url":"https:\/\/www.matts-guitar-shop.com\/de\/","name":"matts-guitar-shop.com","description":"Guitar Shop","publisher":{"@id":"https:\/\/www.matts-guitar-shop.com\/de\/#organization"},"potentialAction":[{"@type":"SearchAction","target":{"@type":"EntryPoint","urlTemplate":"https:\/\/www.matts-guitar-shop.com\/de\/?s={search_term_string}"},"query-input":{"@type":"PropertyValueSpecification","valueRequired":true,"valueName":"search_term_string"}}],"inLanguage":"de"},{"@type":"Organization","@id":"https:\/\/www.matts-guitar-shop.com\/de\/#organization","name":"matts-guitar-shop.com","url":"https:\/\/www.matts-guitar-shop.com\/de\/","logo":{"@type":"ImageObject","inLanguage":"de","@id":"https:\/\/www.matts-guitar-shop.com\/de\/#\/schema\/logo\/image\/","url":"https:\/\/www.matts-guitar-shop.com\/wp-content\/uploads\/2024\/09\/MGS-logo-site-02.png","contentUrl":"https:\/\/www.matts-guitar-shop.com\/wp-content\/uploads\/2024\/09\/MGS-logo-site-02.png","width":200,"height":122,"caption":"matts-guitar-shop.com"},"image":{"@id":"https:\/\/www.matts-guitar-shop.com\/de\/#\/schema\/logo\/image\/"},"sameAs":["https:\/\/www.facebook.com\/profile.php?id=100044359842817","https:\/\/www.instagram.com\/mattsguitarshop\/","https:\/\/www.youtube.com\/@MattLucasMan\/videos"]}]}},"_links":{"self":[{"href":"https:\/\/www.matts-guitar-shop.com\/de\/wp-json\/wp\/v2\/product\/19966","targetHints":{"allow":["GET"]}}],"collection":[{"href":"https:\/\/www.matts-guitar-shop.com\/de\/wp-json\/wp\/v2\/product"}],"about":[{"href":"https:\/\/www.matts-guitar-shop.com\/de\/wp-json\/wp\/v2\/types\/product"}],"replies":[{"embeddable":true,"href":"https:\/\/www.matts-guitar-shop.com\/de\/wp-json\/wp\/v2\/comments?post=19966"}],"wp:featuredmedia":[{"embeddable":true,"href":"https:\/\/www.matts-guitar-shop.com\/de\/wp-json\/wp\/v2\/media\/5300"}],"wp:attachment":[{"href":"https:\/\/www.matts-guitar-shop.com\/de\/wp-json\/wp\/v2\/media?parent=19966"}],"wp:term":[{"taxonomy":"product_brand","embeddable":true,"href":"https:\/\/www.matts-guitar-shop.com\/de\/wp-json\/wp\/v2\/product_brand?post=19966"},{"taxonomy":"product_cat","embeddable":true,"href":"https:\/\/www.matts-guitar-shop.com\/de\/wp-json\/wp\/v2\/product_cat?post=19966"},{"taxonomy":"product_tag","embeddable":true,"href":"https:\/\/www.matts-guitar-shop.com\/de\/wp-json\/wp\/v2\/product_tag?post=19966"}],"curies":[{"name":"wp","href":"https:\/\/api.w.org\/{rel}","templated":true}]}}