{"id":19961,"date":"2024-08-26T15:27:33","date_gmt":"2024-08-26T13:27:33","guid":{"rendered":"https:\/\/www.matts-guitar-shop.com\/produit\/gretsch-the-monkees-cheap-trick-1967\/"},"modified":"2024-08-26T15:27:33","modified_gmt":"2024-08-26T13:27:33","slug":"gretsch-the-monkees-cheap-trick-1967","status":"publish","type":"product","link":"https:\/\/www.matts-guitar-shop.com\/de\/produit\/gretsch-the-monkees-cheap-trick-1967\/","title":{"rendered":"Gretsch The Monkees Cheap Trick 1967"},"content":{"rendered":"<p>Gretsch The Monkees Cheap Trick 1967<\/p>\n","protected":false},"excerpt":{"rendered":"<p><strong>Ende 1964 beschloss ein junger Regisseur namens Bob Rafelson, einen Fernsehclip zu drehen, der stark vom Beatles-Film \u201eA Hard Day\u2019s Night\u201c inspiriert war. Der junge Regisseur und sein damaliger Partner schalteten eine Anzeige, um \u201evier verr\u00fcckte Jungs\u201c zu finden, und w\u00e4hlten schlie\u00dflich vier junge M\u00e4nner namens Michael Nesmith, Micky Dolenz, Davy Jones und Peter Tork aus.<\/strong><\/p>\n<p>Schon bei den ersten Ausstrahlungen war die Serie ein riesiger Erfolg, und die daraus hervorgehenden Songs f\u00fchrten zu Clips, die die Monkees in Aktion zeigten.<\/p>\n<p>Mit dem enormen Erfolg der Band entschied sich Gretsch, ein The Monkees Signature-Modell zu erstellen, um mit dem Image der Band verbunden zu sein. Dieses Modell blieb nur sehr kurze Zeit in Produktion und wurde 1970 eingestellt, als sich die Band aufl\u00f6ste. Dieses wundersch\u00f6ne Exemplar ist daher auf dem Pickguard von Micky Dolenz signiert und hat die Besonderheit, dass es von Rick Nielsen von Cheap Trick f\u00fcr das Video zum letzten Album der Band gespielt wurde. Au\u00dferdem ist das Instrument auf dem Coverfoto dieses Albums zu sehen, wobei Rick Nielsen wahrscheinlich Fan einer Band war, die mit f\u00fcnf Alben Legende schrieb, von denen vier die Charts anf\u00fchrten!<\/p>\n<p><strong>Fans der Monkeemania, diese Gitarre ist f\u00fcr euch!<\/strong><\/p>\n","protected":false},"featured_media":6774,"comment_status":"open","ping_status":"closed","template":"","meta":{"_et_pb_use_builder":"","_et_pb_old_content":"","_et_gb_content_width":""},"product_brand":[],"product_cat":[673,677],"product_tag":[],"class_list":{"0":"post-19961","1":"product","2":"type-product","3":"status-publish","4":"has-post-thumbnail","6":"product_cat-gitarren","7":"product_cat-elektrische-gitarren","8":"pa_disponibilite-zu-verkaufen","9":"pa_marque-gretsch-de","11":"first","12":"instock","13":"shipping-taxable","14":"product-type-simple"},"yoast_head":"<!-- This site is optimized with the Yoast SEO plugin v26.8 - https:\/\/yoast.com\/product\/yoast-seo-wordpress\/ -->\n<title>Gretsch The Monkees Cheap Trick 1967 - Matt&#039;s Guitar Shop<\/title>\n<meta name=\"robots\" content=\"index, follow, max-snippet:-1, max-image-preview:large, max-video-preview:-1\" \/>\n<link rel=\"canonical\" href=\"https:\/\/www.matts-guitar-shop.com\/de\/produit\/gretsch-the-monkees-cheap-trick-1967\/\" \/>\n<meta property=\"og:locale\" content=\"de_DE\" \/>\n<meta property=\"og:type\" content=\"article\" \/>\n<meta property=\"og:title\" content=\"Gretsch The Monkees Cheap Trick 1967 - Matt&#039;s Guitar Shop\" \/>\n<meta property=\"og:description\" content=\"Ende 1964 beschloss ein junger Regisseur namens Bob Rafelson, einen Fernsehclip zu drehen, der stark vom Beatles-Film \u201eA Hard Day\u2019s Night\u201c inspiriert war. Der junge Regisseur und sein damaliger Partner schalteten eine Anzeige, um \u201evier verr\u00fcckte Jungs\u201c zu finden, und w\u00e4hlten schlie\u00dflich vier junge M\u00e4nner namens Michael Nesmith, Micky Dolenz, Davy Jones und Peter Tork aus. Schon bei den ersten Ausstrahlungen war die Serie ein riesiger Erfolg, und die daraus hervorgehenden Songs f\u00fchrten zu Clips, die die Monkees in Aktion zeigten. Mit dem enormen Erfolg der Band entschied sich Gretsch, ein The Monkees Signature-Modell zu erstellen, um mit dem Image der Band verbunden zu sein. Dieses Modell blieb nur sehr kurze Zeit in Produktion und wurde 1970 eingestellt, als sich die Band aufl\u00f6ste. Dieses wundersch\u00f6ne Exemplar ist daher auf dem Pickguard von Micky Dolenz signiert und hat die Besonderheit, dass es von Rick Nielsen von Cheap Trick f\u00fcr das Video zum letzten Album der Band gespielt wurde. Au\u00dferdem ist das Instrument auf dem Coverfoto dieses Albums zu sehen, wobei Rick Nielsen wahrscheinlich Fan einer Band war, die mit f\u00fcnf Alben Legende schrieb, von denen vier die Charts anf\u00fchrten! Fans der Monkeemania, diese Gitarre ist f\u00fcr euch!\" \/>\n<meta property=\"og:url\" content=\"https:\/\/www.matts-guitar-shop.com\/de\/produit\/gretsch-the-monkees-cheap-trick-1967\/\" \/>\n<meta property=\"og:site_name\" content=\"Matt&#039;s Guitar Shop\" \/>\n<meta property=\"article:publisher\" content=\"https:\/\/www.facebook.com\/profile.php?id=100044359842817\" \/>\n<meta property=\"og:image\" content=\"https:\/\/www.matts-guitar-shop.com\/wp-content\/uploads\/2024\/08\/Gretsch-The-Monkees-Chieap-Tric-1967-guitare-00.jpg\" \/>\n\t<meta property=\"og:image:width\" content=\"692\" \/>\n\t<meta property=\"og:image:height\" content=\"1000\" \/>\n\t<meta property=\"og:image:type\" content=\"image\/jpeg\" \/>\n<meta name=\"twitter:card\" content=\"summary_large_image\" \/>\n<script type=\"application\/ld+json\" class=\"yoast-schema-graph\">{\"@context\":\"https:\/\/schema.org\",\"@graph\":[{\"@type\":\"WebPage\",\"@id\":\"https:\/\/www.matts-guitar-shop.com\/de\/produit\/gretsch-the-monkees-cheap-trick-1967\/\",\"url\":\"https:\/\/www.matts-guitar-shop.com\/de\/produit\/gretsch-the-monkees-cheap-trick-1967\/\",\"name\":\"Gretsch The Monkees Cheap Trick 1967 - Matt&#039;s Guitar Shop\",\"isPartOf\":{\"@id\":\"https:\/\/www.matts-guitar-shop.com\/de\/#website\"},\"primaryImageOfPage\":{\"@id\":\"https:\/\/www.matts-guitar-shop.com\/de\/produit\/gretsch-the-monkees-cheap-trick-1967\/#primaryimage\"},\"image\":{\"@id\":\"https:\/\/www.matts-guitar-shop.com\/de\/produit\/gretsch-the-monkees-cheap-trick-1967\/#primaryimage\"},\"thumbnailUrl\":\"https:\/\/www.matts-guitar-shop.com\/wp-content\/uploads\/2024\/08\/Gretsch-The-Monkees-Chieap-Tric-1967-guitare-00.jpg\",\"datePublished\":\"2024-08-26T13:27:33+00:00\",\"breadcrumb\":{\"@id\":\"https:\/\/www.matts-guitar-shop.com\/de\/produit\/gretsch-the-monkees-cheap-trick-1967\/#breadcrumb\"},\"inLanguage\":\"de\",\"potentialAction\":[{\"@type\":\"ReadAction\",\"target\":[\"https:\/\/www.matts-guitar-shop.com\/de\/produit\/gretsch-the-monkees-cheap-trick-1967\/\"]}]},{\"@type\":\"ImageObject\",\"inLanguage\":\"de\",\"@id\":\"https:\/\/www.matts-guitar-shop.com\/de\/produit\/gretsch-the-monkees-cheap-trick-1967\/#primaryimage\",\"url\":\"https:\/\/www.matts-guitar-shop.com\/wp-content\/uploads\/2024\/08\/Gretsch-The-Monkees-Chieap-Tric-1967-guitare-00.jpg\",\"contentUrl\":\"https:\/\/www.matts-guitar-shop.com\/wp-content\/uploads\/2024\/08\/Gretsch-The-Monkees-Chieap-Tric-1967-guitare-00.jpg\",\"width\":692,\"height\":1000},{\"@type\":\"BreadcrumbList\",\"@id\":\"https:\/\/www.matts-guitar-shop.com\/de\/produit\/gretsch-the-monkees-cheap-trick-1967\/#breadcrumb\",\"itemListElement\":[{\"@type\":\"ListItem\",\"position\":1,\"name\":\"Startseite\",\"item\":\"https:\/\/www.matts-guitar-shop.com\/de\/\"},{\"@type\":\"ListItem\",\"position\":2,\"name\":\"Shop\",\"item\":\"https:\/\/www.matts-guitar-shop.com\/de\/shop\/\"},{\"@type\":\"ListItem\",\"position\":3,\"name\":\"Gretsch The Monkees Cheap Trick 1967\"}]},{\"@type\":\"WebSite\",\"@id\":\"https:\/\/www.matts-guitar-shop.com\/de\/#website\",\"url\":\"https:\/\/www.matts-guitar-shop.com\/de\/\",\"name\":\"matts-guitar-shop.com\",\"description\":\"Guitar Shop\",\"publisher\":{\"@id\":\"https:\/\/www.matts-guitar-shop.com\/de\/#organization\"},\"potentialAction\":[{\"@type\":\"SearchAction\",\"target\":{\"@type\":\"EntryPoint\",\"urlTemplate\":\"https:\/\/www.matts-guitar-shop.com\/de\/?s={search_term_string}\"},\"query-input\":{\"@type\":\"PropertyValueSpecification\",\"valueRequired\":true,\"valueName\":\"search_term_string\"}}],\"inLanguage\":\"de\"},{\"@type\":\"Organization\",\"@id\":\"https:\/\/www.matts-guitar-shop.com\/de\/#organization\",\"name\":\"matts-guitar-shop.com\",\"url\":\"https:\/\/www.matts-guitar-shop.com\/de\/\",\"logo\":{\"@type\":\"ImageObject\",\"inLanguage\":\"de\",\"@id\":\"https:\/\/www.matts-guitar-shop.com\/de\/#\/schema\/logo\/image\/\",\"url\":\"https:\/\/www.matts-guitar-shop.com\/wp-content\/uploads\/2024\/09\/MGS-logo-site-02.png\",\"contentUrl\":\"https:\/\/www.matts-guitar-shop.com\/wp-content\/uploads\/2024\/09\/MGS-logo-site-02.png\",\"width\":200,\"height\":122,\"caption\":\"matts-guitar-shop.com\"},\"image\":{\"@id\":\"https:\/\/www.matts-guitar-shop.com\/de\/#\/schema\/logo\/image\/\"},\"sameAs\":[\"https:\/\/www.facebook.com\/profile.php?id=100044359842817\",\"https:\/\/www.instagram.com\/mattsguitarshop\/\",\"https:\/\/www.youtube.com\/@MattLucasMan\/videos\"]}]}<\/script>\n<!-- \/ Yoast SEO plugin. -->","yoast_head_json":{"title":"Gretsch The Monkees Cheap Trick 1967 - Matt&#039;s Guitar Shop","robots":{"index":"index","follow":"follow","max-snippet":"max-snippet:-1","max-image-preview":"max-image-preview:large","max-video-preview":"max-video-preview:-1"},"canonical":"https:\/\/www.matts-guitar-shop.com\/de\/produit\/gretsch-the-monkees-cheap-trick-1967\/","og_locale":"de_DE","og_type":"article","og_title":"Gretsch The Monkees Cheap Trick 1967 - Matt&#039;s Guitar Shop","og_description":"Ende 1964 beschloss ein junger Regisseur namens Bob Rafelson, einen Fernsehclip zu drehen, der stark vom Beatles-Film \u201eA Hard Day\u2019s Night\u201c inspiriert war. Der junge Regisseur und sein damaliger Partner schalteten eine Anzeige, um \u201evier verr\u00fcckte Jungs\u201c zu finden, und w\u00e4hlten schlie\u00dflich vier junge M\u00e4nner namens Michael Nesmith, Micky Dolenz, Davy Jones und Peter Tork aus. Schon bei den ersten Ausstrahlungen war die Serie ein riesiger Erfolg, und die daraus hervorgehenden Songs f\u00fchrten zu Clips, die die Monkees in Aktion zeigten. Mit dem enormen Erfolg der Band entschied sich Gretsch, ein The Monkees Signature-Modell zu erstellen, um mit dem Image der Band verbunden zu sein. Dieses Modell blieb nur sehr kurze Zeit in Produktion und wurde 1970 eingestellt, als sich die Band aufl\u00f6ste. Dieses wundersch\u00f6ne Exemplar ist daher auf dem Pickguard von Micky Dolenz signiert und hat die Besonderheit, dass es von Rick Nielsen von Cheap Trick f\u00fcr das Video zum letzten Album der Band gespielt wurde. Au\u00dferdem ist das Instrument auf dem Coverfoto dieses Albums zu sehen, wobei Rick Nielsen wahrscheinlich Fan einer Band war, die mit f\u00fcnf Alben Legende schrieb, von denen vier die Charts anf\u00fchrten! Fans der Monkeemania, diese Gitarre ist f\u00fcr euch!","og_url":"https:\/\/www.matts-guitar-shop.com\/de\/produit\/gretsch-the-monkees-cheap-trick-1967\/","og_site_name":"Matt&#039;s Guitar Shop","article_publisher":"https:\/\/www.facebook.com\/profile.php?id=100044359842817","og_image":[{"width":692,"height":1000,"url":"https:\/\/www.matts-guitar-shop.com\/wp-content\/uploads\/2024\/08\/Gretsch-The-Monkees-Chieap-Tric-1967-guitare-00.jpg","type":"image\/jpeg"}],"twitter_card":"summary_large_image","schema":{"@context":"https:\/\/schema.org","@graph":[{"@type":"WebPage","@id":"https:\/\/www.matts-guitar-shop.com\/de\/produit\/gretsch-the-monkees-cheap-trick-1967\/","url":"https:\/\/www.matts-guitar-shop.com\/de\/produit\/gretsch-the-monkees-cheap-trick-1967\/","name":"Gretsch The Monkees Cheap Trick 1967 - Matt&#039;s Guitar Shop","isPartOf":{"@id":"https:\/\/www.matts-guitar-shop.com\/de\/#website"},"primaryImageOfPage":{"@id":"https:\/\/www.matts-guitar-shop.com\/de\/produit\/gretsch-the-monkees-cheap-trick-1967\/#primaryimage"},"image":{"@id":"https:\/\/www.matts-guitar-shop.com\/de\/produit\/gretsch-the-monkees-cheap-trick-1967\/#primaryimage"},"thumbnailUrl":"https:\/\/www.matts-guitar-shop.com\/wp-content\/uploads\/2024\/08\/Gretsch-The-Monkees-Chieap-Tric-1967-guitare-00.jpg","datePublished":"2024-08-26T13:27:33+00:00","breadcrumb":{"@id":"https:\/\/www.matts-guitar-shop.com\/de\/produit\/gretsch-the-monkees-cheap-trick-1967\/#breadcrumb"},"inLanguage":"de","potentialAction":[{"@type":"ReadAction","target":["https:\/\/www.matts-guitar-shop.com\/de\/produit\/gretsch-the-monkees-cheap-trick-1967\/"]}]},{"@type":"ImageObject","inLanguage":"de","@id":"https:\/\/www.matts-guitar-shop.com\/de\/produit\/gretsch-the-monkees-cheap-trick-1967\/#primaryimage","url":"https:\/\/www.matts-guitar-shop.com\/wp-content\/uploads\/2024\/08\/Gretsch-The-Monkees-Chieap-Tric-1967-guitare-00.jpg","contentUrl":"https:\/\/www.matts-guitar-shop.com\/wp-content\/uploads\/2024\/08\/Gretsch-The-Monkees-Chieap-Tric-1967-guitare-00.jpg","width":692,"height":1000},{"@type":"BreadcrumbList","@id":"https:\/\/www.matts-guitar-shop.com\/de\/produit\/gretsch-the-monkees-cheap-trick-1967\/#breadcrumb","itemListElement":[{"@type":"ListItem","position":1,"name":"Startseite","item":"https:\/\/www.matts-guitar-shop.com\/de\/"},{"@type":"ListItem","position":2,"name":"Shop","item":"https:\/\/www.matts-guitar-shop.com\/de\/shop\/"},{"@type":"ListItem","position":3,"name":"Gretsch The Monkees Cheap Trick 1967"}]},{"@type":"WebSite","@id":"https:\/\/www.matts-guitar-shop.com\/de\/#website","url":"https:\/\/www.matts-guitar-shop.com\/de\/","name":"matts-guitar-shop.com","description":"Guitar Shop","publisher":{"@id":"https:\/\/www.matts-guitar-shop.com\/de\/#organization"},"potentialAction":[{"@type":"SearchAction","target":{"@type":"EntryPoint","urlTemplate":"https:\/\/www.matts-guitar-shop.com\/de\/?s={search_term_string}"},"query-input":{"@type":"PropertyValueSpecification","valueRequired":true,"valueName":"search_term_string"}}],"inLanguage":"de"},{"@type":"Organization","@id":"https:\/\/www.matts-guitar-shop.com\/de\/#organization","name":"matts-guitar-shop.com","url":"https:\/\/www.matts-guitar-shop.com\/de\/","logo":{"@type":"ImageObject","inLanguage":"de","@id":"https:\/\/www.matts-guitar-shop.com\/de\/#\/schema\/logo\/image\/","url":"https:\/\/www.matts-guitar-shop.com\/wp-content\/uploads\/2024\/09\/MGS-logo-site-02.png","contentUrl":"https:\/\/www.matts-guitar-shop.com\/wp-content\/uploads\/2024\/09\/MGS-logo-site-02.png","width":200,"height":122,"caption":"matts-guitar-shop.com"},"image":{"@id":"https:\/\/www.matts-guitar-shop.com\/de\/#\/schema\/logo\/image\/"},"sameAs":["https:\/\/www.facebook.com\/profile.php?id=100044359842817","https:\/\/www.instagram.com\/mattsguitarshop\/","https:\/\/www.youtube.com\/@MattLucasMan\/videos"]}]}},"_links":{"self":[{"href":"https:\/\/www.matts-guitar-shop.com\/de\/wp-json\/wp\/v2\/product\/19961","targetHints":{"allow":["GET"]}}],"collection":[{"href":"https:\/\/www.matts-guitar-shop.com\/de\/wp-json\/wp\/v2\/product"}],"about":[{"href":"https:\/\/www.matts-guitar-shop.com\/de\/wp-json\/wp\/v2\/types\/product"}],"replies":[{"embeddable":true,"href":"https:\/\/www.matts-guitar-shop.com\/de\/wp-json\/wp\/v2\/comments?post=19961"}],"wp:featuredmedia":[{"embeddable":true,"href":"https:\/\/www.matts-guitar-shop.com\/de\/wp-json\/wp\/v2\/media\/6774"}],"wp:attachment":[{"href":"https:\/\/www.matts-guitar-shop.com\/de\/wp-json\/wp\/v2\/media?parent=19961"}],"wp:term":[{"taxonomy":"product_brand","embeddable":true,"href":"https:\/\/www.matts-guitar-shop.com\/de\/wp-json\/wp\/v2\/product_brand?post=19961"},{"taxonomy":"product_cat","embeddable":true,"href":"https:\/\/www.matts-guitar-shop.com\/de\/wp-json\/wp\/v2\/product_cat?post=19961"},{"taxonomy":"product_tag","embeddable":true,"href":"https:\/\/www.matts-guitar-shop.com\/de\/wp-json\/wp\/v2\/product_tag?post=19961"}],"curies":[{"name":"wp","href":"https:\/\/api.w.org\/{rel}","templated":true}]}}