{"id":19957,"date":"2024-08-29T20:56:46","date_gmt":"2024-08-29T18:56:46","guid":{"rendered":"https:\/\/www.matts-guitar-shop.com\/produit\/ibanez-jem-bass-dusty-hill-collection\/"},"modified":"2025-10-29T17:44:43","modified_gmt":"2025-10-29T16:44:43","slug":"ibanez-jem-bass-dusty-hill-collection","status":"publish","type":"product","link":"https:\/\/www.matts-guitar-shop.com\/de\/produit\/ibanez-jem-bass-dusty-hill-collection\/","title":{"rendered":"Ibanez Jem Bass &#8211; Dusty Hill Collection"},"content":{"rendered":"<p>Ibanez Jem Bass &#8211; Dusty Hill Collection<\/p>\n","protected":false},"excerpt":{"rendered":"<p><strong>Dusty Hill<\/strong> geh\u00f6rt zu den respektiertesten und anerkanntesten Musikern der zeitgen\u00f6ssischen Szene. Als ikonischer Bassist von <strong>ZZ Top<\/strong> und treuer Weggef\u00e4hrte von Billy Gibbons pr\u00e4gte er seinen eigenen Spielstil und formte einige der gr\u00f6\u00dften Hits des 21. Jahrhunderts. Auf der B\u00fchne erg\u00e4nzten Dusty Hill und Billy Gibbons ihre Noten durch einen sehr \u00e4hnlichen Kleidungsstil und durch speziell f\u00fcr sie gebaute Instrumente ihres Gitarrenbauers John Bolin (wie etwa die &#8222;<em><strong>Bug<\/strong><\/em>&#8222;, die &#8222;<em><strong>Jelly Bean<\/strong><\/em>&#8220; oder die &#8222;<em><strong>Crazy Cowboy Guitar<\/strong><\/em>&#8222;, die alle im Matt\u2019s Guitar Shop zu entdecken sind). Sein Status als talentierter Bassist brachte ihm zudem den Respekt seiner Kollegen ein.<\/p>\n<p>Dieser <strong>Ibanez Jem Bass<\/strong> in knalligen Farben ist eine echte Ausnahme unter den Ibanez-Instrumenten. Entworfen nach dem Vorbild der Jem, die von Steve Vai entwickelt wurde, ist dieser Bass einer der wenigen \u2013 wenn nicht sogar der einzige \u2013 existierende Jem-Bass weltweit. Er wurde wahrscheinlich an Dusty Hill geschickt, in Anerkennung seines Rangs als anerkannter und talentierter Bassist, und von ihm gespielt und gesch\u00e4tzt. Mit seinem \u00e4u\u00dferst markanten Finish in &#8222;Desert Sun Yellow&#8220; ist dieser Bass ein extrem seltenes Sammlerst\u00fcck. Er ist ein bedeutendes Beispiel f\u00fcr die Beziehung zwischen renommierten Musikern und Herstellern sowie f\u00fcr den Status von Dusty Hill. Ein au\u00dfergew\u00f6hnliches Sammlerst\u00fcck f\u00fcr jeden Rockfan, ZZ Top-Liebhaber, aber auch f\u00fcr Sammler der Marke Ibanez.<\/p>\n","protected":false},"featured_media":7437,"comment_status":"open","ping_status":"closed","template":"","meta":{"_et_pb_use_builder":"","_et_pb_old_content":"","_et_gb_content_width":""},"product_brand":[],"product_cat":[673,674,670],"product_tag":[],"class_list":{"0":"post-19957","1":"product","2":"type-product","3":"status-publish","4":"has-post-thumbnail","6":"product_cat-gitarren","7":"product_cat-baesse","8":"product_cat-kuenstler","9":"pa_artiste-dusty-hill-de","10":"pa_disponibilite-zu-verkaufen","11":"pa_marque-ibanez-de","13":"first","14":"instock","15":"shipping-taxable","16":"purchasable","17":"product-type-simple"},"yoast_head":"<!-- This site is optimized with the Yoast SEO plugin v26.8 - https:\/\/yoast.com\/product\/yoast-seo-wordpress\/ -->\n<title>Ibanez Jem Bass - Dusty Hill Collection - Matt&#039;s Guitar Shop<\/title>\n<meta name=\"description\" content=\"Diese farbenfrohe Ibanez Jem-Bass ist eine echte Ausnahme unter allen Ibanez-Instrumenten. Kontaktieren Sie uns.\" \/>\n<meta name=\"robots\" content=\"index, follow, max-snippet:-1, max-image-preview:large, max-video-preview:-1\" \/>\n<link rel=\"canonical\" href=\"https:\/\/www.matts-guitar-shop.com\/de\/produit\/ibanez-jem-bass-dusty-hill-collection\/\" \/>\n<meta property=\"og:locale\" content=\"de_DE\" \/>\n<meta property=\"og:type\" content=\"article\" \/>\n<meta property=\"og:title\" content=\"Ibanez Jem Bass - Dusty Hill Collection - Matt&#039;s Guitar Shop\" \/>\n<meta property=\"og:description\" content=\"Diese farbenfrohe Ibanez Jem-Bass ist eine echte Ausnahme unter allen Ibanez-Instrumenten. Kontaktieren Sie uns.\" \/>\n<meta property=\"og:url\" content=\"https:\/\/www.matts-guitar-shop.com\/de\/produit\/ibanez-jem-bass-dusty-hill-collection\/\" \/>\n<meta property=\"og:site_name\" content=\"Matt&#039;s Guitar Shop\" \/>\n<meta property=\"article:publisher\" content=\"https:\/\/www.facebook.com\/profile.php?id=100044359842817\" \/>\n<meta property=\"article:modified_time\" content=\"2025-10-29T16:44:43+00:00\" \/>\n<meta property=\"og:image\" content=\"https:\/\/www.matts-guitar-shop.com\/wp-content\/uploads\/2024\/08\/Ibanez-Jem-Bass-Dusty-Hill-0-02.jpg\" \/>\n\t<meta property=\"og:image:width\" content=\"700\" \/>\n\t<meta property=\"og:image:height\" content=\"1050\" \/>\n\t<meta property=\"og:image:type\" content=\"image\/jpeg\" \/>\n<meta name=\"twitter:card\" content=\"summary_large_image\" \/>\n<script type=\"application\/ld+json\" class=\"yoast-schema-graph\">{\"@context\":\"https:\/\/schema.org\",\"@graph\":[{\"@type\":\"WebPage\",\"@id\":\"https:\/\/www.matts-guitar-shop.com\/de\/produit\/ibanez-jem-bass-dusty-hill-collection\/\",\"url\":\"https:\/\/www.matts-guitar-shop.com\/de\/produit\/ibanez-jem-bass-dusty-hill-collection\/\",\"name\":\"Ibanez Jem Bass - Dusty Hill Collection - Matt&#039;s Guitar Shop\",\"isPartOf\":{\"@id\":\"https:\/\/www.matts-guitar-shop.com\/de\/#website\"},\"primaryImageOfPage\":{\"@id\":\"https:\/\/www.matts-guitar-shop.com\/de\/produit\/ibanez-jem-bass-dusty-hill-collection\/#primaryimage\"},\"image\":{\"@id\":\"https:\/\/www.matts-guitar-shop.com\/de\/produit\/ibanez-jem-bass-dusty-hill-collection\/#primaryimage\"},\"thumbnailUrl\":\"https:\/\/www.matts-guitar-shop.com\/wp-content\/uploads\/2024\/08\/Ibanez-Jem-Bass-Dusty-Hill-0-02.jpg\",\"datePublished\":\"2024-08-29T18:56:46+00:00\",\"dateModified\":\"2025-10-29T16:44:43+00:00\",\"description\":\"Diese farbenfrohe Ibanez Jem-Bass ist eine echte Ausnahme unter allen Ibanez-Instrumenten. Kontaktieren Sie uns.\",\"breadcrumb\":{\"@id\":\"https:\/\/www.matts-guitar-shop.com\/de\/produit\/ibanez-jem-bass-dusty-hill-collection\/#breadcrumb\"},\"inLanguage\":\"de\",\"potentialAction\":[{\"@type\":\"ReadAction\",\"target\":[\"https:\/\/www.matts-guitar-shop.com\/de\/produit\/ibanez-jem-bass-dusty-hill-collection\/\"]}]},{\"@type\":\"ImageObject\",\"inLanguage\":\"de\",\"@id\":\"https:\/\/www.matts-guitar-shop.com\/de\/produit\/ibanez-jem-bass-dusty-hill-collection\/#primaryimage\",\"url\":\"https:\/\/www.matts-guitar-shop.com\/wp-content\/uploads\/2024\/08\/Ibanez-Jem-Bass-Dusty-Hill-0-02.jpg\",\"contentUrl\":\"https:\/\/www.matts-guitar-shop.com\/wp-content\/uploads\/2024\/08\/Ibanez-Jem-Bass-Dusty-Hill-0-02.jpg\",\"width\":700,\"height\":1050},{\"@type\":\"BreadcrumbList\",\"@id\":\"https:\/\/www.matts-guitar-shop.com\/de\/produit\/ibanez-jem-bass-dusty-hill-collection\/#breadcrumb\",\"itemListElement\":[{\"@type\":\"ListItem\",\"position\":1,\"name\":\"Startseite\",\"item\":\"https:\/\/www.matts-guitar-shop.com\/de\/\"},{\"@type\":\"ListItem\",\"position\":2,\"name\":\"Shop\",\"item\":\"https:\/\/www.matts-guitar-shop.com\/de\/shop\/\"},{\"@type\":\"ListItem\",\"position\":3,\"name\":\"Ibanez Jem Bass &#8211; Dusty Hill Collection\"}]},{\"@type\":\"WebSite\",\"@id\":\"https:\/\/www.matts-guitar-shop.com\/de\/#website\",\"url\":\"https:\/\/www.matts-guitar-shop.com\/de\/\",\"name\":\"matts-guitar-shop.com\",\"description\":\"Guitar Shop\",\"publisher\":{\"@id\":\"https:\/\/www.matts-guitar-shop.com\/de\/#organization\"},\"potentialAction\":[{\"@type\":\"SearchAction\",\"target\":{\"@type\":\"EntryPoint\",\"urlTemplate\":\"https:\/\/www.matts-guitar-shop.com\/de\/?s={search_term_string}\"},\"query-input\":{\"@type\":\"PropertyValueSpecification\",\"valueRequired\":true,\"valueName\":\"search_term_string\"}}],\"inLanguage\":\"de\"},{\"@type\":\"Organization\",\"@id\":\"https:\/\/www.matts-guitar-shop.com\/de\/#organization\",\"name\":\"matts-guitar-shop.com\",\"url\":\"https:\/\/www.matts-guitar-shop.com\/de\/\",\"logo\":{\"@type\":\"ImageObject\",\"inLanguage\":\"de\",\"@id\":\"https:\/\/www.matts-guitar-shop.com\/de\/#\/schema\/logo\/image\/\",\"url\":\"https:\/\/www.matts-guitar-shop.com\/wp-content\/uploads\/2024\/09\/MGS-logo-site-02.png\",\"contentUrl\":\"https:\/\/www.matts-guitar-shop.com\/wp-content\/uploads\/2024\/09\/MGS-logo-site-02.png\",\"width\":200,\"height\":122,\"caption\":\"matts-guitar-shop.com\"},\"image\":{\"@id\":\"https:\/\/www.matts-guitar-shop.com\/de\/#\/schema\/logo\/image\/\"},\"sameAs\":[\"https:\/\/www.facebook.com\/profile.php?id=100044359842817\",\"https:\/\/www.instagram.com\/mattsguitarshop\/\",\"https:\/\/www.youtube.com\/@MattLucasMan\/videos\"]}]}<\/script>\n<!-- \/ Yoast SEO plugin. -->","yoast_head_json":{"title":"Ibanez Jem Bass - Dusty Hill Collection - Matt&#039;s Guitar Shop","description":"Diese farbenfrohe Ibanez Jem-Bass ist eine echte Ausnahme unter allen Ibanez-Instrumenten. Kontaktieren Sie uns.","robots":{"index":"index","follow":"follow","max-snippet":"max-snippet:-1","max-image-preview":"max-image-preview:large","max-video-preview":"max-video-preview:-1"},"canonical":"https:\/\/www.matts-guitar-shop.com\/de\/produit\/ibanez-jem-bass-dusty-hill-collection\/","og_locale":"de_DE","og_type":"article","og_title":"Ibanez Jem Bass - Dusty Hill Collection - Matt&#039;s Guitar Shop","og_description":"Diese farbenfrohe Ibanez Jem-Bass ist eine echte Ausnahme unter allen Ibanez-Instrumenten. Kontaktieren Sie uns.","og_url":"https:\/\/www.matts-guitar-shop.com\/de\/produit\/ibanez-jem-bass-dusty-hill-collection\/","og_site_name":"Matt&#039;s Guitar Shop","article_publisher":"https:\/\/www.facebook.com\/profile.php?id=100044359842817","article_modified_time":"2025-10-29T16:44:43+00:00","og_image":[{"width":700,"height":1050,"url":"https:\/\/www.matts-guitar-shop.com\/wp-content\/uploads\/2024\/08\/Ibanez-Jem-Bass-Dusty-Hill-0-02.jpg","type":"image\/jpeg"}],"twitter_card":"summary_large_image","schema":{"@context":"https:\/\/schema.org","@graph":[{"@type":"WebPage","@id":"https:\/\/www.matts-guitar-shop.com\/de\/produit\/ibanez-jem-bass-dusty-hill-collection\/","url":"https:\/\/www.matts-guitar-shop.com\/de\/produit\/ibanez-jem-bass-dusty-hill-collection\/","name":"Ibanez Jem Bass - Dusty Hill Collection - Matt&#039;s Guitar Shop","isPartOf":{"@id":"https:\/\/www.matts-guitar-shop.com\/de\/#website"},"primaryImageOfPage":{"@id":"https:\/\/www.matts-guitar-shop.com\/de\/produit\/ibanez-jem-bass-dusty-hill-collection\/#primaryimage"},"image":{"@id":"https:\/\/www.matts-guitar-shop.com\/de\/produit\/ibanez-jem-bass-dusty-hill-collection\/#primaryimage"},"thumbnailUrl":"https:\/\/www.matts-guitar-shop.com\/wp-content\/uploads\/2024\/08\/Ibanez-Jem-Bass-Dusty-Hill-0-02.jpg","datePublished":"2024-08-29T18:56:46+00:00","dateModified":"2025-10-29T16:44:43+00:00","description":"Diese farbenfrohe Ibanez Jem-Bass ist eine echte Ausnahme unter allen Ibanez-Instrumenten. Kontaktieren Sie uns.","breadcrumb":{"@id":"https:\/\/www.matts-guitar-shop.com\/de\/produit\/ibanez-jem-bass-dusty-hill-collection\/#breadcrumb"},"inLanguage":"de","potentialAction":[{"@type":"ReadAction","target":["https:\/\/www.matts-guitar-shop.com\/de\/produit\/ibanez-jem-bass-dusty-hill-collection\/"]}]},{"@type":"ImageObject","inLanguage":"de","@id":"https:\/\/www.matts-guitar-shop.com\/de\/produit\/ibanez-jem-bass-dusty-hill-collection\/#primaryimage","url":"https:\/\/www.matts-guitar-shop.com\/wp-content\/uploads\/2024\/08\/Ibanez-Jem-Bass-Dusty-Hill-0-02.jpg","contentUrl":"https:\/\/www.matts-guitar-shop.com\/wp-content\/uploads\/2024\/08\/Ibanez-Jem-Bass-Dusty-Hill-0-02.jpg","width":700,"height":1050},{"@type":"BreadcrumbList","@id":"https:\/\/www.matts-guitar-shop.com\/de\/produit\/ibanez-jem-bass-dusty-hill-collection\/#breadcrumb","itemListElement":[{"@type":"ListItem","position":1,"name":"Startseite","item":"https:\/\/www.matts-guitar-shop.com\/de\/"},{"@type":"ListItem","position":2,"name":"Shop","item":"https:\/\/www.matts-guitar-shop.com\/de\/shop\/"},{"@type":"ListItem","position":3,"name":"Ibanez Jem Bass &#8211; Dusty Hill Collection"}]},{"@type":"WebSite","@id":"https:\/\/www.matts-guitar-shop.com\/de\/#website","url":"https:\/\/www.matts-guitar-shop.com\/de\/","name":"matts-guitar-shop.com","description":"Guitar Shop","publisher":{"@id":"https:\/\/www.matts-guitar-shop.com\/de\/#organization"},"potentialAction":[{"@type":"SearchAction","target":{"@type":"EntryPoint","urlTemplate":"https:\/\/www.matts-guitar-shop.com\/de\/?s={search_term_string}"},"query-input":{"@type":"PropertyValueSpecification","valueRequired":true,"valueName":"search_term_string"}}],"inLanguage":"de"},{"@type":"Organization","@id":"https:\/\/www.matts-guitar-shop.com\/de\/#organization","name":"matts-guitar-shop.com","url":"https:\/\/www.matts-guitar-shop.com\/de\/","logo":{"@type":"ImageObject","inLanguage":"de","@id":"https:\/\/www.matts-guitar-shop.com\/de\/#\/schema\/logo\/image\/","url":"https:\/\/www.matts-guitar-shop.com\/wp-content\/uploads\/2024\/09\/MGS-logo-site-02.png","contentUrl":"https:\/\/www.matts-guitar-shop.com\/wp-content\/uploads\/2024\/09\/MGS-logo-site-02.png","width":200,"height":122,"caption":"matts-guitar-shop.com"},"image":{"@id":"https:\/\/www.matts-guitar-shop.com\/de\/#\/schema\/logo\/image\/"},"sameAs":["https:\/\/www.facebook.com\/profile.php?id=100044359842817","https:\/\/www.instagram.com\/mattsguitarshop\/","https:\/\/www.youtube.com\/@MattLucasMan\/videos"]}]}},"_links":{"self":[{"href":"https:\/\/www.matts-guitar-shop.com\/de\/wp-json\/wp\/v2\/product\/19957","targetHints":{"allow":["GET"]}}],"collection":[{"href":"https:\/\/www.matts-guitar-shop.com\/de\/wp-json\/wp\/v2\/product"}],"about":[{"href":"https:\/\/www.matts-guitar-shop.com\/de\/wp-json\/wp\/v2\/types\/product"}],"replies":[{"embeddable":true,"href":"https:\/\/www.matts-guitar-shop.com\/de\/wp-json\/wp\/v2\/comments?post=19957"}],"wp:featuredmedia":[{"embeddable":true,"href":"https:\/\/www.matts-guitar-shop.com\/de\/wp-json\/wp\/v2\/media\/7437"}],"wp:attachment":[{"href":"https:\/\/www.matts-guitar-shop.com\/de\/wp-json\/wp\/v2\/media?parent=19957"}],"wp:term":[{"taxonomy":"product_brand","embeddable":true,"href":"https:\/\/www.matts-guitar-shop.com\/de\/wp-json\/wp\/v2\/product_brand?post=19957"},{"taxonomy":"product_cat","embeddable":true,"href":"https:\/\/www.matts-guitar-shop.com\/de\/wp-json\/wp\/v2\/product_cat?post=19957"},{"taxonomy":"product_tag","embeddable":true,"href":"https:\/\/www.matts-guitar-shop.com\/de\/wp-json\/wp\/v2\/product_tag?post=19957"}],"curies":[{"name":"wp","href":"https:\/\/api.w.org\/{rel}","templated":true}]}}