{"id":19955,"date":"2024-08-26T17:10:26","date_gmt":"2024-08-26T15:10:26","guid":{"rendered":"https:\/\/www.matts-guitar-shop.com\/produit\/ibanez-ps-2000-ehemals-paul-stanley-kiss-2013-2022\/"},"modified":"2025-10-29T18:48:04","modified_gmt":"2025-10-29T17:48:04","slug":"ibanez-ps-2000-ehemals-paul-stanley-kiss-2013-2022","status":"publish","type":"product","link":"https:\/\/www.matts-guitar-shop.com\/de\/produit\/ibanez-ps-2000-ehemals-paul-stanley-kiss-2013-2022\/","title":{"rendered":"Ibanez PS 2000 Ehemals Paul Stanley \/ Kiss 2013-2022"},"content":{"rendered":"<p>Paul Stanley<br \/>\n(1952)<\/p>\n<p>Gruppe: Kiss<br \/>\nHauptgitarre: Washburn Signature<br \/>\nUnbedingt h\u00f6renswerter Titel: Love Gun<\/p>\n<p>In den USA ist Kiss weit mehr als nur eine Band: Es ist eine Religion, ein kulturelles Ph\u00e4nomen von unglaublichem Ausma\u00df (ihr Club, die ber\u00fchmte Kiss Army, z\u00e4hlt sogar die ehemalige Au\u00dfenministerin Condoleezza Rice zu seinen Mitgliedern). Jeder Amerikaner hat seine eigene Geschichte mit Kiss, wie er die Musik der Band entdeckt hat, wie er das Make-up von Starchild oder Demon zu Halloween \u00fcbernommen hat, und oft sogar, wie er beschlossen hat, ein Instrument zu lernen, nachdem er Kiss zum ersten Mal geh\u00f6rt hatte.<\/p>\n<p>Die Bandmitglieder erfanden die pyrotechnische Show, und ihre Meisterschaft im Merchandising ist selbst f\u00fcr den habgierigsten Manager inspirierend.<\/p>\n<p>Die beiden Gr\u00fcnder Gene Simmons (Bass \/ Gesang) und Paul Stanley (Rhythmusgitarre \/ Gesang) sind die tragenden S\u00e4ulen der Band. Sie waren 1973 dabei und sind bis heute aktiv f\u00fcr eine weitere Abschiedstournee. Sie bilden ein Duo \u00e0 la Lennon und McCartney des Hard Rock, mit unbestreitbarem Songwriting-Talent, da viele ihrer Lieder zu langlebigen Hits wurden. Paul Stanley hat die h\u00f6chste und bluesigste Stimme der beiden, mit einem sofort erkennbaren Timbre. Sein Gitarrenspiel ist schlicht, aber er hat die geheime Waffe, von der die meisten Rockmusiker tr\u00e4umen: eine rechte Hand, die f\u00fcr Riffs geboren ist und ein ganzes Stadion mitstampfen l\u00e4sst. Ace Frehley war der ultimative flamboyante Solist, Stanley beherrscht die B\u00fchne durch sein Charisma und den m\u00e4chtigen Marshall-Sound, den er aus seinen Gitarren holt.<\/p>\n<p>Im Laufe der Jahre hat Paul eine beeindruckende Sammlung aufgebaut, darunter einige Bursts, die er ausschlie\u00dflich im Studio verwendet. Auf der B\u00fchne sah man ihn auf den Ibanez Iceman, die eng mit ihm verbunden sind, bevor er zu Washburn wechselte, die ihm derzeit hervorragende Signature-Modelle fertigen. Die Plateaustiefel werden nicht mitgeliefert, sind aber w\u00e4rmstens zu empfehlen.<\/p>\n<p><img decoding=\"async\" class=\"alignnone size-full wp-image-7159\" src=\"https:\/\/www.matts-guitar-shop.com\/wp-content\/uploads\/2024\/08\/paul-stanley-matts-guitar-shop-01.jpg\" alt=\"\" width=\"400\" height=\"600\" srcset=\"https:\/\/www.matts-guitar-shop.com\/wp-content\/uploads\/2024\/08\/paul-stanley-matts-guitar-shop-01.jpg 400w, https:\/\/www.matts-guitar-shop.com\/wp-content\/uploads\/2024\/08\/paul-stanley-matts-guitar-shop-01-200x300.jpg 200w\" sizes=\"(max-width: 400px) 100vw, 400px\" \/><\/p>\n","protected":false},"excerpt":{"rendered":"<p>Wenn Sie Fragen zu diesem Produkt haben, kontaktieren Sie uns!<\/p>\n","protected":false},"featured_media":7169,"comment_status":"open","ping_status":"closed","template":"","meta":{"_et_pb_use_builder":"","_et_pb_old_content":"","_et_gb_content_width":""},"product_brand":[],"product_cat":[673,677,670],"product_tag":[],"class_list":{"0":"post-19955","1":"product","2":"type-product","3":"status-publish","4":"has-post-thumbnail","6":"product_cat-gitarren","7":"product_cat-elektrische-gitarren","8":"product_cat-kuenstler","9":"pa_artiste-paul-stanley-de","10":"pa_disponibilite-zu-verkaufen","11":"pa_marque-ibanez-de","13":"first","14":"instock","15":"shipping-taxable","16":"purchasable","17":"product-type-simple"},"yoast_head":"<!-- This site is optimized with the Yoast SEO plugin v26.8 - https:\/\/yoast.com\/product\/yoast-seo-wordpress\/ -->\n<title>Ibanez PS 2000 Ehemals Paul Stanley \/ Kiss 2013-2022 - Matt&#039;s Guitar Shop<\/title>\n<meta name=\"description\" content=\"Ibanez PS 2000 ex-Paul Stanley (KISS), gespielt zwischen 2013 und 2022. Eine seltene, sammelw\u00fcrdige Signature-Gitarre, exklusiv erh\u00e4ltlich bei Matt\u2019s Guitar Shop.\" \/>\n<meta name=\"robots\" content=\"index, follow, max-snippet:-1, max-image-preview:large, max-video-preview:-1\" \/>\n<link rel=\"canonical\" href=\"https:\/\/www.matts-guitar-shop.com\/de\/produit\/ibanez-ps-2000-ehemals-paul-stanley-kiss-2013-2022\/\" \/>\n<meta property=\"og:locale\" content=\"de_DE\" \/>\n<meta property=\"og:type\" content=\"article\" \/>\n<meta property=\"og:title\" content=\"Ibanez PS 2000 Ehemals Paul Stanley \/ Kiss 2013-2022 - Matt&#039;s Guitar Shop\" \/>\n<meta property=\"og:description\" content=\"Ibanez PS 2000 ex-Paul Stanley (KISS), gespielt zwischen 2013 und 2022. Eine seltene, sammelw\u00fcrdige Signature-Gitarre, exklusiv erh\u00e4ltlich bei Matt\u2019s Guitar Shop.\" \/>\n<meta property=\"og:url\" content=\"https:\/\/www.matts-guitar-shop.com\/de\/produit\/ibanez-ps-2000-ehemals-paul-stanley-kiss-2013-2022\/\" \/>\n<meta property=\"og:site_name\" content=\"Matt&#039;s Guitar Shop\" \/>\n<meta property=\"article:publisher\" content=\"https:\/\/www.facebook.com\/profile.php?id=100044359842817\" \/>\n<meta property=\"article:modified_time\" content=\"2025-10-29T17:48:04+00:00\" \/>\n<meta property=\"og:image\" content=\"https:\/\/www.matts-guitar-shop.com\/wp-content\/uploads\/2024\/08\/Ibanez-PS-2000-Ex-Paul-Stanley-Kiss-de-2013-a-2022-guitare.jpg\" \/>\n\t<meta property=\"og:image:width\" content=\"700\" \/>\n\t<meta property=\"og:image:height\" content=\"1011\" \/>\n\t<meta property=\"og:image:type\" content=\"image\/jpeg\" \/>\n<meta name=\"twitter:card\" content=\"summary_large_image\" \/>\n<meta name=\"twitter:label1\" content=\"Gesch\u00e4tzte Lesezeit\" \/>\n\t<meta name=\"twitter:data1\" content=\"2\u00a0Minuten\" \/>\n<script type=\"application\/ld+json\" class=\"yoast-schema-graph\">{\"@context\":\"https:\/\/schema.org\",\"@graph\":[{\"@type\":\"WebPage\",\"@id\":\"https:\/\/www.matts-guitar-shop.com\/de\/produit\/ibanez-ps-2000-ehemals-paul-stanley-kiss-2013-2022\/\",\"url\":\"https:\/\/www.matts-guitar-shop.com\/de\/produit\/ibanez-ps-2000-ehemals-paul-stanley-kiss-2013-2022\/\",\"name\":\"Ibanez PS 2000 Ehemals Paul Stanley \/ Kiss 2013-2022 - Matt&#039;s Guitar Shop\",\"isPartOf\":{\"@id\":\"https:\/\/www.matts-guitar-shop.com\/de\/#website\"},\"primaryImageOfPage\":{\"@id\":\"https:\/\/www.matts-guitar-shop.com\/de\/produit\/ibanez-ps-2000-ehemals-paul-stanley-kiss-2013-2022\/#primaryimage\"},\"image\":{\"@id\":\"https:\/\/www.matts-guitar-shop.com\/de\/produit\/ibanez-ps-2000-ehemals-paul-stanley-kiss-2013-2022\/#primaryimage\"},\"thumbnailUrl\":\"https:\/\/www.matts-guitar-shop.com\/wp-content\/uploads\/2024\/08\/Ibanez-PS-2000-Ex-Paul-Stanley-Kiss-de-2013-a-2022-guitare.jpg\",\"datePublished\":\"2024-08-26T15:10:26+00:00\",\"dateModified\":\"2025-10-29T17:48:04+00:00\",\"description\":\"Ibanez PS 2000 ex-Paul Stanley (KISS), gespielt zwischen 2013 und 2022. Eine seltene, sammelw\u00fcrdige Signature-Gitarre, exklusiv erh\u00e4ltlich bei Matt\u2019s Guitar Shop.\",\"breadcrumb\":{\"@id\":\"https:\/\/www.matts-guitar-shop.com\/de\/produit\/ibanez-ps-2000-ehemals-paul-stanley-kiss-2013-2022\/#breadcrumb\"},\"inLanguage\":\"de\",\"potentialAction\":[{\"@type\":\"ReadAction\",\"target\":[\"https:\/\/www.matts-guitar-shop.com\/de\/produit\/ibanez-ps-2000-ehemals-paul-stanley-kiss-2013-2022\/\"]}]},{\"@type\":\"ImageObject\",\"inLanguage\":\"de\",\"@id\":\"https:\/\/www.matts-guitar-shop.com\/de\/produit\/ibanez-ps-2000-ehemals-paul-stanley-kiss-2013-2022\/#primaryimage\",\"url\":\"https:\/\/www.matts-guitar-shop.com\/wp-content\/uploads\/2024\/08\/Ibanez-PS-2000-Ex-Paul-Stanley-Kiss-de-2013-a-2022-guitare.jpg\",\"contentUrl\":\"https:\/\/www.matts-guitar-shop.com\/wp-content\/uploads\/2024\/08\/Ibanez-PS-2000-Ex-Paul-Stanley-Kiss-de-2013-a-2022-guitare.jpg\",\"width\":700,\"height\":1011},{\"@type\":\"BreadcrumbList\",\"@id\":\"https:\/\/www.matts-guitar-shop.com\/de\/produit\/ibanez-ps-2000-ehemals-paul-stanley-kiss-2013-2022\/#breadcrumb\",\"itemListElement\":[{\"@type\":\"ListItem\",\"position\":1,\"name\":\"Startseite\",\"item\":\"https:\/\/www.matts-guitar-shop.com\/de\/\"},{\"@type\":\"ListItem\",\"position\":2,\"name\":\"Shop\",\"item\":\"https:\/\/www.matts-guitar-shop.com\/de\/shop\/\"},{\"@type\":\"ListItem\",\"position\":3,\"name\":\"Ibanez PS 2000 Ehemals Paul Stanley \/ Kiss 2013-2022\"}]},{\"@type\":\"WebSite\",\"@id\":\"https:\/\/www.matts-guitar-shop.com\/de\/#website\",\"url\":\"https:\/\/www.matts-guitar-shop.com\/de\/\",\"name\":\"matts-guitar-shop.com\",\"description\":\"Guitar Shop\",\"publisher\":{\"@id\":\"https:\/\/www.matts-guitar-shop.com\/de\/#organization\"},\"potentialAction\":[{\"@type\":\"SearchAction\",\"target\":{\"@type\":\"EntryPoint\",\"urlTemplate\":\"https:\/\/www.matts-guitar-shop.com\/de\/?s={search_term_string}\"},\"query-input\":{\"@type\":\"PropertyValueSpecification\",\"valueRequired\":true,\"valueName\":\"search_term_string\"}}],\"inLanguage\":\"de\"},{\"@type\":\"Organization\",\"@id\":\"https:\/\/www.matts-guitar-shop.com\/de\/#organization\",\"name\":\"matts-guitar-shop.com\",\"url\":\"https:\/\/www.matts-guitar-shop.com\/de\/\",\"logo\":{\"@type\":\"ImageObject\",\"inLanguage\":\"de\",\"@id\":\"https:\/\/www.matts-guitar-shop.com\/de\/#\/schema\/logo\/image\/\",\"url\":\"https:\/\/www.matts-guitar-shop.com\/wp-content\/uploads\/2024\/09\/MGS-logo-site-02.png\",\"contentUrl\":\"https:\/\/www.matts-guitar-shop.com\/wp-content\/uploads\/2024\/09\/MGS-logo-site-02.png\",\"width\":200,\"height\":122,\"caption\":\"matts-guitar-shop.com\"},\"image\":{\"@id\":\"https:\/\/www.matts-guitar-shop.com\/de\/#\/schema\/logo\/image\/\"},\"sameAs\":[\"https:\/\/www.facebook.com\/profile.php?id=100044359842817\",\"https:\/\/www.instagram.com\/mattsguitarshop\/\",\"https:\/\/www.youtube.com\/@MattLucasMan\/videos\"]}]}<\/script>\n<!-- \/ Yoast SEO plugin. -->","yoast_head_json":{"title":"Ibanez PS 2000 Ehemals Paul Stanley \/ Kiss 2013-2022 - Matt&#039;s Guitar Shop","description":"Ibanez PS 2000 ex-Paul Stanley (KISS), gespielt zwischen 2013 und 2022. Eine seltene, sammelw\u00fcrdige Signature-Gitarre, exklusiv erh\u00e4ltlich bei Matt\u2019s Guitar Shop.","robots":{"index":"index","follow":"follow","max-snippet":"max-snippet:-1","max-image-preview":"max-image-preview:large","max-video-preview":"max-video-preview:-1"},"canonical":"https:\/\/www.matts-guitar-shop.com\/de\/produit\/ibanez-ps-2000-ehemals-paul-stanley-kiss-2013-2022\/","og_locale":"de_DE","og_type":"article","og_title":"Ibanez PS 2000 Ehemals Paul Stanley \/ Kiss 2013-2022 - Matt&#039;s Guitar Shop","og_description":"Ibanez PS 2000 ex-Paul Stanley (KISS), gespielt zwischen 2013 und 2022. Eine seltene, sammelw\u00fcrdige Signature-Gitarre, exklusiv erh\u00e4ltlich bei Matt\u2019s Guitar Shop.","og_url":"https:\/\/www.matts-guitar-shop.com\/de\/produit\/ibanez-ps-2000-ehemals-paul-stanley-kiss-2013-2022\/","og_site_name":"Matt&#039;s Guitar Shop","article_publisher":"https:\/\/www.facebook.com\/profile.php?id=100044359842817","article_modified_time":"2025-10-29T17:48:04+00:00","og_image":[{"width":700,"height":1011,"url":"https:\/\/www.matts-guitar-shop.com\/wp-content\/uploads\/2024\/08\/Ibanez-PS-2000-Ex-Paul-Stanley-Kiss-de-2013-a-2022-guitare.jpg","type":"image\/jpeg"}],"twitter_card":"summary_large_image","twitter_misc":{"Gesch\u00e4tzte Lesezeit":"2\u00a0Minuten"},"schema":{"@context":"https:\/\/schema.org","@graph":[{"@type":"WebPage","@id":"https:\/\/www.matts-guitar-shop.com\/de\/produit\/ibanez-ps-2000-ehemals-paul-stanley-kiss-2013-2022\/","url":"https:\/\/www.matts-guitar-shop.com\/de\/produit\/ibanez-ps-2000-ehemals-paul-stanley-kiss-2013-2022\/","name":"Ibanez PS 2000 Ehemals Paul Stanley \/ Kiss 2013-2022 - Matt&#039;s Guitar Shop","isPartOf":{"@id":"https:\/\/www.matts-guitar-shop.com\/de\/#website"},"primaryImageOfPage":{"@id":"https:\/\/www.matts-guitar-shop.com\/de\/produit\/ibanez-ps-2000-ehemals-paul-stanley-kiss-2013-2022\/#primaryimage"},"image":{"@id":"https:\/\/www.matts-guitar-shop.com\/de\/produit\/ibanez-ps-2000-ehemals-paul-stanley-kiss-2013-2022\/#primaryimage"},"thumbnailUrl":"https:\/\/www.matts-guitar-shop.com\/wp-content\/uploads\/2024\/08\/Ibanez-PS-2000-Ex-Paul-Stanley-Kiss-de-2013-a-2022-guitare.jpg","datePublished":"2024-08-26T15:10:26+00:00","dateModified":"2025-10-29T17:48:04+00:00","description":"Ibanez PS 2000 ex-Paul Stanley (KISS), gespielt zwischen 2013 und 2022. Eine seltene, sammelw\u00fcrdige Signature-Gitarre, exklusiv erh\u00e4ltlich bei Matt\u2019s Guitar Shop.","breadcrumb":{"@id":"https:\/\/www.matts-guitar-shop.com\/de\/produit\/ibanez-ps-2000-ehemals-paul-stanley-kiss-2013-2022\/#breadcrumb"},"inLanguage":"de","potentialAction":[{"@type":"ReadAction","target":["https:\/\/www.matts-guitar-shop.com\/de\/produit\/ibanez-ps-2000-ehemals-paul-stanley-kiss-2013-2022\/"]}]},{"@type":"ImageObject","inLanguage":"de","@id":"https:\/\/www.matts-guitar-shop.com\/de\/produit\/ibanez-ps-2000-ehemals-paul-stanley-kiss-2013-2022\/#primaryimage","url":"https:\/\/www.matts-guitar-shop.com\/wp-content\/uploads\/2024\/08\/Ibanez-PS-2000-Ex-Paul-Stanley-Kiss-de-2013-a-2022-guitare.jpg","contentUrl":"https:\/\/www.matts-guitar-shop.com\/wp-content\/uploads\/2024\/08\/Ibanez-PS-2000-Ex-Paul-Stanley-Kiss-de-2013-a-2022-guitare.jpg","width":700,"height":1011},{"@type":"BreadcrumbList","@id":"https:\/\/www.matts-guitar-shop.com\/de\/produit\/ibanez-ps-2000-ehemals-paul-stanley-kiss-2013-2022\/#breadcrumb","itemListElement":[{"@type":"ListItem","position":1,"name":"Startseite","item":"https:\/\/www.matts-guitar-shop.com\/de\/"},{"@type":"ListItem","position":2,"name":"Shop","item":"https:\/\/www.matts-guitar-shop.com\/de\/shop\/"},{"@type":"ListItem","position":3,"name":"Ibanez PS 2000 Ehemals Paul Stanley \/ Kiss 2013-2022"}]},{"@type":"WebSite","@id":"https:\/\/www.matts-guitar-shop.com\/de\/#website","url":"https:\/\/www.matts-guitar-shop.com\/de\/","name":"matts-guitar-shop.com","description":"Guitar Shop","publisher":{"@id":"https:\/\/www.matts-guitar-shop.com\/de\/#organization"},"potentialAction":[{"@type":"SearchAction","target":{"@type":"EntryPoint","urlTemplate":"https:\/\/www.matts-guitar-shop.com\/de\/?s={search_term_string}"},"query-input":{"@type":"PropertyValueSpecification","valueRequired":true,"valueName":"search_term_string"}}],"inLanguage":"de"},{"@type":"Organization","@id":"https:\/\/www.matts-guitar-shop.com\/de\/#organization","name":"matts-guitar-shop.com","url":"https:\/\/www.matts-guitar-shop.com\/de\/","logo":{"@type":"ImageObject","inLanguage":"de","@id":"https:\/\/www.matts-guitar-shop.com\/de\/#\/schema\/logo\/image\/","url":"https:\/\/www.matts-guitar-shop.com\/wp-content\/uploads\/2024\/09\/MGS-logo-site-02.png","contentUrl":"https:\/\/www.matts-guitar-shop.com\/wp-content\/uploads\/2024\/09\/MGS-logo-site-02.png","width":200,"height":122,"caption":"matts-guitar-shop.com"},"image":{"@id":"https:\/\/www.matts-guitar-shop.com\/de\/#\/schema\/logo\/image\/"},"sameAs":["https:\/\/www.facebook.com\/profile.php?id=100044359842817","https:\/\/www.instagram.com\/mattsguitarshop\/","https:\/\/www.youtube.com\/@MattLucasMan\/videos"]}]}},"_links":{"self":[{"href":"https:\/\/www.matts-guitar-shop.com\/de\/wp-json\/wp\/v2\/product\/19955","targetHints":{"allow":["GET"]}}],"collection":[{"href":"https:\/\/www.matts-guitar-shop.com\/de\/wp-json\/wp\/v2\/product"}],"about":[{"href":"https:\/\/www.matts-guitar-shop.com\/de\/wp-json\/wp\/v2\/types\/product"}],"replies":[{"embeddable":true,"href":"https:\/\/www.matts-guitar-shop.com\/de\/wp-json\/wp\/v2\/comments?post=19955"}],"wp:featuredmedia":[{"embeddable":true,"href":"https:\/\/www.matts-guitar-shop.com\/de\/wp-json\/wp\/v2\/media\/7169"}],"wp:attachment":[{"href":"https:\/\/www.matts-guitar-shop.com\/de\/wp-json\/wp\/v2\/media?parent=19955"}],"wp:term":[{"taxonomy":"product_brand","embeddable":true,"href":"https:\/\/www.matts-guitar-shop.com\/de\/wp-json\/wp\/v2\/product_brand?post=19955"},{"taxonomy":"product_cat","embeddable":true,"href":"https:\/\/www.matts-guitar-shop.com\/de\/wp-json\/wp\/v2\/product_cat?post=19955"},{"taxonomy":"product_tag","embeddable":true,"href":"https:\/\/www.matts-guitar-shop.com\/de\/wp-json\/wp\/v2\/product_tag?post=19955"}],"curies":[{"name":"wp","href":"https:\/\/api.w.org\/{rel}","templated":true}]}}