{"id":19951,"date":"2024-08-26T15:42:15","date_gmt":"2024-08-26T13:42:15","guid":{"rendered":"https:\/\/www.matts-guitar-shop.com\/produit\/gretsch-custom-shop-stephen-stern-gebaute-falcon-mayura-massgefertigt-fuer-scott-holiday-rival-sons-im-studio-und-auf-tour-gespielt\/"},"modified":"2025-10-29T18:08:41","modified_gmt":"2025-10-29T17:08:41","slug":"gretsch-custom-shop-stephen-stern-gebaute-falcon-mayura-massgefertigt-fuer-scott-holiday-rival-sons-im-studio-und-auf-tour-gespielt","status":"publish","type":"product","link":"https:\/\/www.matts-guitar-shop.com\/de\/produit\/gretsch-custom-shop-stephen-stern-gebaute-falcon-mayura-massgefertigt-fuer-scott-holiday-rival-sons-im-studio-und-auf-tour-gespielt\/","title":{"rendered":"Gretsch Custom Shop Stephen Stern gebaute Falcon &#8211; &#8222;Mayura&#8220; &#8211; Ma\u00dfgefertigt f\u00fcr Scott Holiday (Rival Sons), im Studio und auf Tour gespielt"},"content":{"rendered":"<p>Scott Holiday<\/p>\n","protected":false},"excerpt":{"rendered":"<p>Entdecken Sie diese beeindruckende <strong>Gretsch Falcon Custom Built von Stephen Stern<\/strong>, dem herausragenden Master Builder des Gretsch Custom Shops, speziell f\u00fcr <strong>Scott Holiday<\/strong> von <strong>Rival Sons<\/strong> gefertigt. Mit dem ganzen Einfallsreichtum, der Kreativit\u00e4t und dem Stil des exzentrischen Gitarristen entworfen, offenbart diese einzigartige Falcon ihre Geheimnisse und Magie hinter dem glitzernden Sunburst-Finish.<\/p>\n<p>Ein wunderbares Tribut an die historischen Modelle von Gretsch, diese Gitarre nimmt sowohl Bezug auf die Karriere von Scott Holiday als auch auf die amerikanische Marke. Basierend auf der Falcon, ist sie hier unter dem Symbol eines anderen Vogels gestaltet: dem Pfau, einem heiligen Vogel in der hinduistischen Kultur. Daher tr\u00e4gt sie den Namen &#8222;<strong>Mayura<\/strong>&#8222;, ein Sanskrit-Begriff f\u00fcr den majest\u00e4tischen Vogel, dessen Zeichen an mehreren Stellen der Gitarre zu finden sind. Vom Pickguard \u00fcber das Griffbrett bis hin zum Kopf des Instruments zieht sich der Pfau und pr\u00e4gt diese Gitarre. Doch wenn diese Falcon \u201eMayura\u201c au\u00dfergew\u00f6hnlich ist, dann auch wegen ihrer ganz eigenen \u201eScott\u201c-Spezifikationen. Scott, der wie einen kostbaren Talisman ein mexikanisches Tuch von Konzert zu Konzert tr\u00e4gt, wollte, dass sein geliebtes Muster auf der Decke des Instruments erscheint, hinter dem glitzernden Sunburst-Finish. Die von Stephen Stern meisterhaft relicte Gitarre zeigt so zwei au\u00dfergew\u00f6hnliche, erg\u00e4nzende Finishes, die diese Gitarre von einer h\u00fcbschen Falcon zu einem \u00e4sthetisch atemberaubenden Instrument machen.<\/p>\n<p>Abgesehen von ihrem exzentrischen Aussehen ist Scott Holiday auch als anspruchsvoller Gitarrist mit vielen Facetten im Spiel und in der Technik bekannt. Diese Falcon ist daher mit speziellen Tonabnehmern von <strong>TV Jones<\/strong> ausgestattet, die auf Scotts Wunsch gefertigt wurden: Drei statt der \u00fcblichen zwei f\u00fcr dieses Modell sowie diverse Schalter, um ihm maximale Vielseitigkeit zu bieten.<\/p>\n<p>Diese Gitarre wurde von Scott Holiday intensiv <strong>im Studio<\/strong> mit den Rival Sons beim Schreiben und Aufnehmen der beiden Alben &#8222;<em>DarkFighter<\/em>&#8220; (2023) und &#8222;<em>Lightbringer<\/em>&#8220; (2023) gespielt. Sie wurde auch <strong>auf Tour<\/strong> eingesetzt, insbesondere bei den Songs &#8222;<em>Bird in The Hand<\/em>&#8222;, &#8222;<em>Horses Breath<\/em>&#8222;, &#8222;<em>Redemption<\/em>&#8220; und &#8222;<em>SweetLife<\/em>&#8222;. Dieses bedeutende Instrument aus der j\u00fcngeren Geschichte der Rival Sons wird mit einem Echtheitszertifikat von Scott Holiday geliefert, das seine gro\u00dfartige Geschichte dokumentiert.<\/p>\n","protected":false},"featured_media":6853,"comment_status":"open","ping_status":"closed","template":"","meta":{"_et_pb_use_builder":"","_et_pb_old_content":"","_et_gb_content_width":""},"product_brand":[],"product_cat":[672],"product_tag":[],"class_list":{"0":"post-19951","1":"product","2":"type-product","3":"status-publish","4":"has-post-thumbnail","6":"product_cat-verkaufte","7":"pa_artiste-scott-holiday-de","8":"pa_disponibilite-verkauft","9":"pa_marque-gretsch-de","11":"first","12":"outofstock","13":"shipping-taxable","14":"purchasable","15":"product-type-simple"},"yoast_head":"<!-- This site is optimized with the Yoast SEO plugin v26.8 - https:\/\/yoast.com\/product\/yoast-seo-wordpress\/ -->\n<title>Gretsch Custom Shop Stephen Stern gebaute Falcon - &quot;Mayura&quot; - Ma\u00dfgefertigt f\u00fcr Scott Holiday (Rival Sons), im Studio und auf Tour gespielt - Matt&#039;s Guitar Shop<\/title>\n<meta name=\"description\" content=\"Entdecken Sie diese atemberaubende Gretsch Falcon Custom, gebaut von Stephen Stern, dem Meisterbauer des Gretsch Custom Shops.\" \/>\n<meta name=\"robots\" content=\"index, follow, max-snippet:-1, max-image-preview:large, max-video-preview:-1\" \/>\n<link rel=\"canonical\" href=\"https:\/\/www.matts-guitar-shop.com\/de\/produit\/gretsch-custom-shop-stephen-stern-gebaute-falcon-mayura-massgefertigt-fuer-scott-holiday-rival-sons-im-studio-und-auf-tour-gespielt\/\" \/>\n<meta property=\"og:locale\" content=\"de_DE\" \/>\n<meta property=\"og:type\" content=\"article\" \/>\n<meta property=\"og:title\" content=\"Gretsch Custom Shop Stephen Stern gebaute Falcon - &quot;Mayura&quot; - Ma\u00dfgefertigt f\u00fcr Scott Holiday (Rival Sons), im Studio und auf Tour gespielt - Matt&#039;s Guitar Shop\" \/>\n<meta property=\"og:description\" content=\"Entdecken Sie diese atemberaubende Gretsch Falcon Custom, gebaut von Stephen Stern, dem Meisterbauer des Gretsch Custom Shops.\" \/>\n<meta property=\"og:url\" content=\"https:\/\/www.matts-guitar-shop.com\/de\/produit\/gretsch-custom-shop-stephen-stern-gebaute-falcon-mayura-massgefertigt-fuer-scott-holiday-rival-sons-im-studio-und-auf-tour-gespielt\/\" \/>\n<meta property=\"og:site_name\" content=\"Matt&#039;s Guitar Shop\" \/>\n<meta property=\"article:publisher\" content=\"https:\/\/www.facebook.com\/profile.php?id=100044359842817\" \/>\n<meta property=\"article:modified_time\" content=\"2025-10-29T17:08:41+00:00\" \/>\n<meta property=\"og:image\" content=\"https:\/\/www.matts-guitar-shop.com\/wp-content\/uploads\/2024\/08\/Gretsch-Custom-Shop-Stephen-Stern-Built-Falcon-Mayura-Scott-Holiday-0-01.jpg\" \/>\n\t<meta property=\"og:image:width\" content=\"667\" \/>\n\t<meta property=\"og:image:height\" content=\"1000\" \/>\n\t<meta property=\"og:image:type\" content=\"image\/jpeg\" \/>\n<meta name=\"twitter:card\" content=\"summary_large_image\" \/>\n<script type=\"application\/ld+json\" class=\"yoast-schema-graph\">{\"@context\":\"https:\/\/schema.org\",\"@graph\":[{\"@type\":\"WebPage\",\"@id\":\"https:\/\/www.matts-guitar-shop.com\/de\/produit\/gretsch-custom-shop-stephen-stern-gebaute-falcon-mayura-massgefertigt-fuer-scott-holiday-rival-sons-im-studio-und-auf-tour-gespielt\/\",\"url\":\"https:\/\/www.matts-guitar-shop.com\/de\/produit\/gretsch-custom-shop-stephen-stern-gebaute-falcon-mayura-massgefertigt-fuer-scott-holiday-rival-sons-im-studio-und-auf-tour-gespielt\/\",\"name\":\"Gretsch Custom Shop Stephen Stern gebaute Falcon - \\\"Mayura\\\" - Ma\u00dfgefertigt f\u00fcr Scott Holiday (Rival Sons), im Studio und auf Tour gespielt - Matt&#039;s Guitar Shop\",\"isPartOf\":{\"@id\":\"https:\/\/www.matts-guitar-shop.com\/de\/#website\"},\"primaryImageOfPage\":{\"@id\":\"https:\/\/www.matts-guitar-shop.com\/de\/produit\/gretsch-custom-shop-stephen-stern-gebaute-falcon-mayura-massgefertigt-fuer-scott-holiday-rival-sons-im-studio-und-auf-tour-gespielt\/#primaryimage\"},\"image\":{\"@id\":\"https:\/\/www.matts-guitar-shop.com\/de\/produit\/gretsch-custom-shop-stephen-stern-gebaute-falcon-mayura-massgefertigt-fuer-scott-holiday-rival-sons-im-studio-und-auf-tour-gespielt\/#primaryimage\"},\"thumbnailUrl\":\"https:\/\/www.matts-guitar-shop.com\/wp-content\/uploads\/2024\/08\/Gretsch-Custom-Shop-Stephen-Stern-Built-Falcon-Mayura-Scott-Holiday-0-01.jpg\",\"datePublished\":\"2024-08-26T13:42:15+00:00\",\"dateModified\":\"2025-10-29T17:08:41+00:00\",\"description\":\"Entdecken Sie diese atemberaubende Gretsch Falcon Custom, gebaut von Stephen Stern, dem Meisterbauer des Gretsch Custom Shops.\",\"breadcrumb\":{\"@id\":\"https:\/\/www.matts-guitar-shop.com\/de\/produit\/gretsch-custom-shop-stephen-stern-gebaute-falcon-mayura-massgefertigt-fuer-scott-holiday-rival-sons-im-studio-und-auf-tour-gespielt\/#breadcrumb\"},\"inLanguage\":\"de\",\"potentialAction\":[{\"@type\":\"ReadAction\",\"target\":[\"https:\/\/www.matts-guitar-shop.com\/de\/produit\/gretsch-custom-shop-stephen-stern-gebaute-falcon-mayura-massgefertigt-fuer-scott-holiday-rival-sons-im-studio-und-auf-tour-gespielt\/\"]}]},{\"@type\":\"ImageObject\",\"inLanguage\":\"de\",\"@id\":\"https:\/\/www.matts-guitar-shop.com\/de\/produit\/gretsch-custom-shop-stephen-stern-gebaute-falcon-mayura-massgefertigt-fuer-scott-holiday-rival-sons-im-studio-und-auf-tour-gespielt\/#primaryimage\",\"url\":\"https:\/\/www.matts-guitar-shop.com\/wp-content\/uploads\/2024\/08\/Gretsch-Custom-Shop-Stephen-Stern-Built-Falcon-Mayura-Scott-Holiday-0-01.jpg\",\"contentUrl\":\"https:\/\/www.matts-guitar-shop.com\/wp-content\/uploads\/2024\/08\/Gretsch-Custom-Shop-Stephen-Stern-Built-Falcon-Mayura-Scott-Holiday-0-01.jpg\",\"width\":667,\"height\":1000},{\"@type\":\"BreadcrumbList\",\"@id\":\"https:\/\/www.matts-guitar-shop.com\/de\/produit\/gretsch-custom-shop-stephen-stern-gebaute-falcon-mayura-massgefertigt-fuer-scott-holiday-rival-sons-im-studio-und-auf-tour-gespielt\/#breadcrumb\",\"itemListElement\":[{\"@type\":\"ListItem\",\"position\":1,\"name\":\"Startseite\",\"item\":\"https:\/\/www.matts-guitar-shop.com\/de\/\"},{\"@type\":\"ListItem\",\"position\":2,\"name\":\"Shop\",\"item\":\"https:\/\/www.matts-guitar-shop.com\/de\/shop\/\"},{\"@type\":\"ListItem\",\"position\":3,\"name\":\"Gretsch Custom Shop Stephen Stern gebaute Falcon &#8211; \u00ab\u00a0Mayura\u00a0\u00bb &#8211; Ma\u00dfgefertigt f\u00fcr Scott Holiday (Rival Sons), im Studio und auf Tour gespielt\"}]},{\"@type\":\"WebSite\",\"@id\":\"https:\/\/www.matts-guitar-shop.com\/de\/#website\",\"url\":\"https:\/\/www.matts-guitar-shop.com\/de\/\",\"name\":\"matts-guitar-shop.com\",\"description\":\"Guitar Shop\",\"publisher\":{\"@id\":\"https:\/\/www.matts-guitar-shop.com\/de\/#organization\"},\"potentialAction\":[{\"@type\":\"SearchAction\",\"target\":{\"@type\":\"EntryPoint\",\"urlTemplate\":\"https:\/\/www.matts-guitar-shop.com\/de\/?s={search_term_string}\"},\"query-input\":{\"@type\":\"PropertyValueSpecification\",\"valueRequired\":true,\"valueName\":\"search_term_string\"}}],\"inLanguage\":\"de\"},{\"@type\":\"Organization\",\"@id\":\"https:\/\/www.matts-guitar-shop.com\/de\/#organization\",\"name\":\"matts-guitar-shop.com\",\"url\":\"https:\/\/www.matts-guitar-shop.com\/de\/\",\"logo\":{\"@type\":\"ImageObject\",\"inLanguage\":\"de\",\"@id\":\"https:\/\/www.matts-guitar-shop.com\/de\/#\/schema\/logo\/image\/\",\"url\":\"https:\/\/www.matts-guitar-shop.com\/wp-content\/uploads\/2024\/09\/MGS-logo-site-02.png\",\"contentUrl\":\"https:\/\/www.matts-guitar-shop.com\/wp-content\/uploads\/2024\/09\/MGS-logo-site-02.png\",\"width\":200,\"height\":122,\"caption\":\"matts-guitar-shop.com\"},\"image\":{\"@id\":\"https:\/\/www.matts-guitar-shop.com\/de\/#\/schema\/logo\/image\/\"},\"sameAs\":[\"https:\/\/www.facebook.com\/profile.php?id=100044359842817\",\"https:\/\/www.instagram.com\/mattsguitarshop\/\",\"https:\/\/www.youtube.com\/@MattLucasMan\/videos\"]}]}<\/script>\n<!-- \/ Yoast SEO plugin. -->","yoast_head_json":{"title":"Gretsch Custom Shop Stephen Stern gebaute Falcon - \"Mayura\" - Ma\u00dfgefertigt f\u00fcr Scott Holiday (Rival Sons), im Studio und auf Tour gespielt - Matt&#039;s Guitar Shop","description":"Entdecken Sie diese atemberaubende Gretsch Falcon Custom, gebaut von Stephen Stern, dem Meisterbauer des Gretsch Custom Shops.","robots":{"index":"index","follow":"follow","max-snippet":"max-snippet:-1","max-image-preview":"max-image-preview:large","max-video-preview":"max-video-preview:-1"},"canonical":"https:\/\/www.matts-guitar-shop.com\/de\/produit\/gretsch-custom-shop-stephen-stern-gebaute-falcon-mayura-massgefertigt-fuer-scott-holiday-rival-sons-im-studio-und-auf-tour-gespielt\/","og_locale":"de_DE","og_type":"article","og_title":"Gretsch Custom Shop Stephen Stern gebaute Falcon - \"Mayura\" - Ma\u00dfgefertigt f\u00fcr Scott Holiday (Rival Sons), im Studio und auf Tour gespielt - Matt&#039;s Guitar Shop","og_description":"Entdecken Sie diese atemberaubende Gretsch Falcon Custom, gebaut von Stephen Stern, dem Meisterbauer des Gretsch Custom Shops.","og_url":"https:\/\/www.matts-guitar-shop.com\/de\/produit\/gretsch-custom-shop-stephen-stern-gebaute-falcon-mayura-massgefertigt-fuer-scott-holiday-rival-sons-im-studio-und-auf-tour-gespielt\/","og_site_name":"Matt&#039;s Guitar Shop","article_publisher":"https:\/\/www.facebook.com\/profile.php?id=100044359842817","article_modified_time":"2025-10-29T17:08:41+00:00","og_image":[{"width":667,"height":1000,"url":"https:\/\/www.matts-guitar-shop.com\/wp-content\/uploads\/2024\/08\/Gretsch-Custom-Shop-Stephen-Stern-Built-Falcon-Mayura-Scott-Holiday-0-01.jpg","type":"image\/jpeg"}],"twitter_card":"summary_large_image","schema":{"@context":"https:\/\/schema.org","@graph":[{"@type":"WebPage","@id":"https:\/\/www.matts-guitar-shop.com\/de\/produit\/gretsch-custom-shop-stephen-stern-gebaute-falcon-mayura-massgefertigt-fuer-scott-holiday-rival-sons-im-studio-und-auf-tour-gespielt\/","url":"https:\/\/www.matts-guitar-shop.com\/de\/produit\/gretsch-custom-shop-stephen-stern-gebaute-falcon-mayura-massgefertigt-fuer-scott-holiday-rival-sons-im-studio-und-auf-tour-gespielt\/","name":"Gretsch Custom Shop Stephen Stern gebaute Falcon - \"Mayura\" - Ma\u00dfgefertigt f\u00fcr Scott Holiday (Rival Sons), im Studio und auf Tour gespielt - Matt&#039;s Guitar Shop","isPartOf":{"@id":"https:\/\/www.matts-guitar-shop.com\/de\/#website"},"primaryImageOfPage":{"@id":"https:\/\/www.matts-guitar-shop.com\/de\/produit\/gretsch-custom-shop-stephen-stern-gebaute-falcon-mayura-massgefertigt-fuer-scott-holiday-rival-sons-im-studio-und-auf-tour-gespielt\/#primaryimage"},"image":{"@id":"https:\/\/www.matts-guitar-shop.com\/de\/produit\/gretsch-custom-shop-stephen-stern-gebaute-falcon-mayura-massgefertigt-fuer-scott-holiday-rival-sons-im-studio-und-auf-tour-gespielt\/#primaryimage"},"thumbnailUrl":"https:\/\/www.matts-guitar-shop.com\/wp-content\/uploads\/2024\/08\/Gretsch-Custom-Shop-Stephen-Stern-Built-Falcon-Mayura-Scott-Holiday-0-01.jpg","datePublished":"2024-08-26T13:42:15+00:00","dateModified":"2025-10-29T17:08:41+00:00","description":"Entdecken Sie diese atemberaubende Gretsch Falcon Custom, gebaut von Stephen Stern, dem Meisterbauer des Gretsch Custom Shops.","breadcrumb":{"@id":"https:\/\/www.matts-guitar-shop.com\/de\/produit\/gretsch-custom-shop-stephen-stern-gebaute-falcon-mayura-massgefertigt-fuer-scott-holiday-rival-sons-im-studio-und-auf-tour-gespielt\/#breadcrumb"},"inLanguage":"de","potentialAction":[{"@type":"ReadAction","target":["https:\/\/www.matts-guitar-shop.com\/de\/produit\/gretsch-custom-shop-stephen-stern-gebaute-falcon-mayura-massgefertigt-fuer-scott-holiday-rival-sons-im-studio-und-auf-tour-gespielt\/"]}]},{"@type":"ImageObject","inLanguage":"de","@id":"https:\/\/www.matts-guitar-shop.com\/de\/produit\/gretsch-custom-shop-stephen-stern-gebaute-falcon-mayura-massgefertigt-fuer-scott-holiday-rival-sons-im-studio-und-auf-tour-gespielt\/#primaryimage","url":"https:\/\/www.matts-guitar-shop.com\/wp-content\/uploads\/2024\/08\/Gretsch-Custom-Shop-Stephen-Stern-Built-Falcon-Mayura-Scott-Holiday-0-01.jpg","contentUrl":"https:\/\/www.matts-guitar-shop.com\/wp-content\/uploads\/2024\/08\/Gretsch-Custom-Shop-Stephen-Stern-Built-Falcon-Mayura-Scott-Holiday-0-01.jpg","width":667,"height":1000},{"@type":"BreadcrumbList","@id":"https:\/\/www.matts-guitar-shop.com\/de\/produit\/gretsch-custom-shop-stephen-stern-gebaute-falcon-mayura-massgefertigt-fuer-scott-holiday-rival-sons-im-studio-und-auf-tour-gespielt\/#breadcrumb","itemListElement":[{"@type":"ListItem","position":1,"name":"Startseite","item":"https:\/\/www.matts-guitar-shop.com\/de\/"},{"@type":"ListItem","position":2,"name":"Shop","item":"https:\/\/www.matts-guitar-shop.com\/de\/shop\/"},{"@type":"ListItem","position":3,"name":"Gretsch Custom Shop Stephen Stern gebaute Falcon &#8211; \u00ab\u00a0Mayura\u00a0\u00bb &#8211; Ma\u00dfgefertigt f\u00fcr Scott Holiday (Rival Sons), im Studio und auf Tour gespielt"}]},{"@type":"WebSite","@id":"https:\/\/www.matts-guitar-shop.com\/de\/#website","url":"https:\/\/www.matts-guitar-shop.com\/de\/","name":"matts-guitar-shop.com","description":"Guitar Shop","publisher":{"@id":"https:\/\/www.matts-guitar-shop.com\/de\/#organization"},"potentialAction":[{"@type":"SearchAction","target":{"@type":"EntryPoint","urlTemplate":"https:\/\/www.matts-guitar-shop.com\/de\/?s={search_term_string}"},"query-input":{"@type":"PropertyValueSpecification","valueRequired":true,"valueName":"search_term_string"}}],"inLanguage":"de"},{"@type":"Organization","@id":"https:\/\/www.matts-guitar-shop.com\/de\/#organization","name":"matts-guitar-shop.com","url":"https:\/\/www.matts-guitar-shop.com\/de\/","logo":{"@type":"ImageObject","inLanguage":"de","@id":"https:\/\/www.matts-guitar-shop.com\/de\/#\/schema\/logo\/image\/","url":"https:\/\/www.matts-guitar-shop.com\/wp-content\/uploads\/2024\/09\/MGS-logo-site-02.png","contentUrl":"https:\/\/www.matts-guitar-shop.com\/wp-content\/uploads\/2024\/09\/MGS-logo-site-02.png","width":200,"height":122,"caption":"matts-guitar-shop.com"},"image":{"@id":"https:\/\/www.matts-guitar-shop.com\/de\/#\/schema\/logo\/image\/"},"sameAs":["https:\/\/www.facebook.com\/profile.php?id=100044359842817","https:\/\/www.instagram.com\/mattsguitarshop\/","https:\/\/www.youtube.com\/@MattLucasMan\/videos"]}]}},"_links":{"self":[{"href":"https:\/\/www.matts-guitar-shop.com\/de\/wp-json\/wp\/v2\/product\/19951","targetHints":{"allow":["GET"]}}],"collection":[{"href":"https:\/\/www.matts-guitar-shop.com\/de\/wp-json\/wp\/v2\/product"}],"about":[{"href":"https:\/\/www.matts-guitar-shop.com\/de\/wp-json\/wp\/v2\/types\/product"}],"replies":[{"embeddable":true,"href":"https:\/\/www.matts-guitar-shop.com\/de\/wp-json\/wp\/v2\/comments?post=19951"}],"wp:featuredmedia":[{"embeddable":true,"href":"https:\/\/www.matts-guitar-shop.com\/de\/wp-json\/wp\/v2\/media\/6853"}],"wp:attachment":[{"href":"https:\/\/www.matts-guitar-shop.com\/de\/wp-json\/wp\/v2\/media?parent=19951"}],"wp:term":[{"taxonomy":"product_brand","embeddable":true,"href":"https:\/\/www.matts-guitar-shop.com\/de\/wp-json\/wp\/v2\/product_brand?post=19951"},{"taxonomy":"product_cat","embeddable":true,"href":"https:\/\/www.matts-guitar-shop.com\/de\/wp-json\/wp\/v2\/product_cat?post=19951"},{"taxonomy":"product_tag","embeddable":true,"href":"https:\/\/www.matts-guitar-shop.com\/de\/wp-json\/wp\/v2\/product_tag?post=19951"}],"curies":[{"name":"wp","href":"https:\/\/api.w.org\/{rel}","templated":true}]}}