{"id":19947,"date":"2024-08-30T20:28:34","date_gmt":"2024-08-30T18:28:34","guid":{"rendered":"https:\/\/www.matts-guitar-shop.com\/produit\/lorenzi-john-mayer-black-one-tribute\/"},"modified":"2025-12-02T20:41:27","modified_gmt":"2025-12-02T19:41:27","slug":"lorenzi-john-mayer-black-one-tribute","status":"publish","type":"product","link":"https:\/\/www.matts-guitar-shop.com\/de\/produit\/lorenzi-john-mayer-black-one-tribute\/","title":{"rendered":"Lorenzi John Mayer Black One Tribute"},"content":{"rendered":"<h2>John Mayer<\/h2>\n<p>Zu Beginn der 2000er-Jahre, als die amerikanische Popmusik neue Gesichter suchte und der Blues scheinbar den Veteranen vorbehalten war, ver\u00e4nderte ein junger Gitarrist mit stillem Charme die Landschaft: <strong>John Mayer<\/strong>. Mit seiner Akustikgitarre und Songs f\u00fcr intime B\u00fchnen trat er in Erscheinung und zeigte schnell, dass er weit mehr war als ein S\u00e4nger von Balladen. Hinter der sanften Oberfl\u00e4che verbarg sich ein Virtuose, ein leidenschaftlicher Musiker, der Pop-Sensibilit\u00e4t, die Tiefe des Folk und die Kraft des modernen Blues miteinander verbinden konnte.<\/p>\n<p>John Mayer hat nie leere Zurschaustellung gesucht. Als Meister des Gef\u00fchls setzt er auf die richtige Note, die Gitarrenlinie, die atmet, den dezenten Groove, der sich einschleicht, ohne jemals \u00fcberladen zu sein. Von <em>Continuum<\/em> \u00fcber <em>Born<\/em> and <em>Raised<\/em> bis <em>Sob Rock<\/em> hat er ein Universum geschaffen, in dem die Gitarre genauso viel sagt wie die Stimme \u2013 manchmal sogar mehr. Seine Soli haben den Charakter n\u00e4chtlicher Gest\u00e4ndnisse, eleganter Melancholie, als w\u00e4ren sie gefl\u00fcstert und nicht gespielt.<\/p>\n<p>Mit dem <em>John Mayer Trio<\/em> offenbarte er einem breiteren Publikum seine Bluesman-Seite: ein scharfes Spiel, inspiriert von SRV, Clapton oder B.B. King, aber stets gefiltert durch eine sehr pers\u00f6nliche Sensibilit\u00e4t. Sein Touch, oft im hybriden Fingerstyle, verbindet Sanftheit mit chirurgischer Pr\u00e4zision. Auf der B\u00fchne wechselt er zwischen am\u00fcsierter Bescheidenheit und strahlenden H\u00f6henfl\u00fcgen und l\u00e4sst der Gitarre den Raum, den sie verdient.<\/p>\n<p>Und dann ist da seine beinahe emotionale Beziehung zu Instrumenten. Mayer pflegt ein tiefes Verh\u00e4ltnis zu seinen Gitarren, die er ausw\u00e4hlt, modifiziert und sammelt mit dem Auge eines obsessiven Kenners. Lange mit Fender verbunden (seine Black One ist heute legend\u00e4r), arbeitete er sp\u00e4ter an Signature-Modellen bei PRS mit, darunter die Silver Sky, bis ins kleinste Detail gestaltet, um seinem Touch und seiner Klang\u00e4sthetik zu entsprechen. Jede Gitarre in seiner Sammlung zeugt von seinem Streben nach perfekter Balance: durchdachte Ergonomie, pr\u00e4ziser Klangcharakter, makellose Verarbeitung. Keine Extravaganz \u2013 nur die aufrichtige Suche nach einem Klang, der zu ihm passt.<\/p>\n<p>Unerm\u00fcdlich entwickelt sich John Mayer st\u00e4ndig weiter: ein sensibler S\u00e4nger, ein beeindruckender Gitarrist, ein detailverliebter Songwriter \u2013 immer in Bewegung. Zwischen seinen Soloalben, seiner Rolle bei Dead &amp; Company und seinen Nebenprojekten navigiert er m\u00fchelos zwischen musikalischen Welten.<\/p>\n<p>Eines ist sicher: John Mayer verk\u00f6rpert den modernen Guitar Hero, der Technik, Emotion und Eleganz vereint, ohne je die Musik aus den Augen zu verlieren. Mit seinem subtilen Spiel, seiner introspektiven Feder und seiner tiefen Liebe zu edlen Gitarren bleibt er ein inspirierter Kapit\u00e4n, geleitet von einer \u00dcberzeugung: Eine gut gespielte Melodie kann ausdr\u00fccken, was Worte nie erreichen.<\/p>\n","protected":false},"excerpt":{"rendered":"<p><strong>Im Kreis der au\u00dfergew\u00f6hnlichen Gitarristen nimmt John Mayer einen besonderen Platz ein. Als wahres Wunderkind des sechssaitigen Instruments hat er sich auf der zeitgen\u00f6ssischen Musikb\u00fchne als erfinderischer, technischer und virtuoser Gitarrist etabliert, der von Gitarrenliebhabern sehr gesch\u00e4tzt wird. John Mayer griff fr\u00fch zu historischen Modellen, bevor er mit Fender und sp\u00e4ter PRS seine Signature-Gitarren entwickelte. Unter diesen ist die Black One eine herausragende Ausnahme. Diese Lorenzi Black One Tribute ist eine beeindruckende Custom-Gitarre, die der Black One von John Mayer huldigt \u2013 einer Gitarre mit einer so besonderen Geschichte und Optik.<\/strong><\/p>\n<p>Als bedingungsloser Bewunderer von Stevie Ray Vaughan und dessen \u201eNumber One\u201c-Gitarre, gezeichnet vom Gebrauch der Zeit, beauftragte John Mayer 2004 den Fender Custom Shop mit einer sogenannten \u201eHeavy Relic\u201c, gefertigt vom Masterbuilder John Cruz. John Mayer begleitete dieses Projekt eng, um ein Spielgef\u00fchl und Aussehen zu erreichen, das dem Instrument seines Idols sehr nahekommt. Aus diesem Projekt entstand die ber\u00fchmte \u201eBlack One\u201c, die ikonische Gitarre von John Mayer, die ihn auf den sch\u00f6nsten B\u00fchnen und in den besten Studios weltweit begleitete. Begeistert vom Mythos dieser Gitarre, machte sich der italienische Gitarrenbauer Lorenzi daran, dieser gealterten Stratocaster Tribut zu zollen, bei der das Holz sichtbar bleibt. Jede Gitarre wird in seinen italienischen Werkst\u00e4tten handgefertigt, wobei das Finish sorgf\u00e4ltig reliced wird. Holz und Pickups werden sorgf\u00e4ltig ausgew\u00e4hlt, und das Gitarrentop zollt der originalen Black One von John Mayer sowohl klanglich als auch visuell verbl\u00fcffend Tribut. Verf\u00fcgbar im Matt\u2019s Guitar Shop!<\/p>\n<p><strong>Wenn Sie Fragen zu diesem Produkt haben, kontaktieren Sie uns!<\/strong><\/p>\n","protected":false},"featured_media":7832,"comment_status":"open","ping_status":"closed","template":"","meta":{"_et_pb_use_builder":"","_et_pb_old_content":"","_et_gb_content_width":""},"product_brand":[],"product_cat":[672],"product_tag":[],"class_list":{"0":"post-19947","1":"product","2":"type-product","3":"status-publish","4":"has-post-thumbnail","6":"product_cat-verkaufte","7":"pa_artiste-john-mayer-de","8":"pa_disponibilite-verkauft","9":"pa_marque-lorenzi-de","11":"first","12":"outofstock","13":"shipping-taxable","14":"purchasable","15":"product-type-simple"},"yoast_head":"<!-- This site is optimized with the Yoast SEO plugin v26.8 - https:\/\/yoast.com\/product\/yoast-seo-wordpress\/ -->\n<title>Lorenzi John Mayer Black One Tribute - Matt&#039;s Guitar Shop<\/title>\n<meta name=\"robots\" content=\"index, follow, max-snippet:-1, max-image-preview:large, max-video-preview:-1\" \/>\n<link rel=\"canonical\" href=\"https:\/\/www.matts-guitar-shop.com\/de\/produit\/lorenzi-john-mayer-black-one-tribute\/\" \/>\n<meta property=\"og:locale\" content=\"de_DE\" \/>\n<meta property=\"og:type\" content=\"article\" \/>\n<meta property=\"og:title\" content=\"Lorenzi John Mayer Black One Tribute - Matt&#039;s Guitar Shop\" \/>\n<meta property=\"og:description\" content=\"Im Kreis der au\u00dfergew\u00f6hnlichen Gitarristen nimmt John Mayer einen besonderen Platz ein. Als wahres Wunderkind des sechssaitigen Instruments hat er sich auf der zeitgen\u00f6ssischen Musikb\u00fchne als erfinderischer, technischer und virtuoser Gitarrist etabliert, der von Gitarrenliebhabern sehr gesch\u00e4tzt wird. John Mayer griff fr\u00fch zu historischen Modellen, bevor er mit Fender und sp\u00e4ter PRS seine Signature-Gitarren entwickelte. Unter diesen ist die Black One eine herausragende Ausnahme. Diese Lorenzi Black One Tribute ist eine beeindruckende Custom-Gitarre, die der Black One von John Mayer huldigt \u2013 einer Gitarre mit einer so besonderen Geschichte und Optik. Als bedingungsloser Bewunderer von Stevie Ray Vaughan und dessen \u201eNumber One\u201c-Gitarre, gezeichnet vom Gebrauch der Zeit, beauftragte John Mayer 2004 den Fender Custom Shop mit einer sogenannten \u201eHeavy Relic\u201c, gefertigt vom Masterbuilder John Cruz. John Mayer begleitete dieses Projekt eng, um ein Spielgef\u00fchl und Aussehen zu erreichen, das dem Instrument seines Idols sehr nahekommt. Aus diesem Projekt entstand die ber\u00fchmte \u201eBlack One\u201c, die ikonische Gitarre von John Mayer, die ihn auf den sch\u00f6nsten B\u00fchnen und in den besten Studios weltweit begleitete. Begeistert vom Mythos dieser Gitarre, machte sich der italienische Gitarrenbauer Lorenzi daran, dieser gealterten Stratocaster Tribut zu zollen, bei der das Holz sichtbar bleibt. Jede Gitarre wird in seinen italienischen Werkst\u00e4tten handgefertigt, wobei das Finish sorgf\u00e4ltig reliced wird. Holz und Pickups werden sorgf\u00e4ltig ausgew\u00e4hlt, und das Gitarrentop zollt der originalen Black One von John Mayer sowohl klanglich als auch visuell verbl\u00fcffend Tribut. Verf\u00fcgbar im Matt\u2019s Guitar Shop! Wenn Sie Fragen zu diesem Produkt haben, kontaktieren Sie uns!\" \/>\n<meta property=\"og:url\" content=\"https:\/\/www.matts-guitar-shop.com\/de\/produit\/lorenzi-john-mayer-black-one-tribute\/\" \/>\n<meta property=\"og:site_name\" content=\"Matt&#039;s Guitar Shop\" \/>\n<meta property=\"article:publisher\" content=\"https:\/\/www.facebook.com\/profile.php?id=100044359842817\" \/>\n<meta property=\"article:modified_time\" content=\"2025-12-02T19:41:27+00:00\" \/>\n<meta property=\"og:image\" content=\"https:\/\/www.matts-guitar-shop.com\/wp-content\/uploads\/2024\/08\/Lorenzi-John-Mayer-Black-One-Tribute-guitare-00.jpg\" \/>\n\t<meta property=\"og:image:width\" content=\"700\" \/>\n\t<meta property=\"og:image:height\" content=\"1011\" \/>\n\t<meta property=\"og:image:type\" content=\"image\/jpeg\" \/>\n<meta name=\"twitter:card\" content=\"summary_large_image\" \/>\n<meta name=\"twitter:label1\" content=\"Gesch\u00e4tzte Lesezeit\" \/>\n\t<meta name=\"twitter:data1\" content=\"2\u00a0Minuten\" \/>\n<script type=\"application\/ld+json\" class=\"yoast-schema-graph\">{\"@context\":\"https:\/\/schema.org\",\"@graph\":[{\"@type\":\"WebPage\",\"@id\":\"https:\/\/www.matts-guitar-shop.com\/de\/produit\/lorenzi-john-mayer-black-one-tribute\/\",\"url\":\"https:\/\/www.matts-guitar-shop.com\/de\/produit\/lorenzi-john-mayer-black-one-tribute\/\",\"name\":\"Lorenzi John Mayer Black One Tribute - Matt&#039;s Guitar Shop\",\"isPartOf\":{\"@id\":\"https:\/\/www.matts-guitar-shop.com\/de\/#website\"},\"primaryImageOfPage\":{\"@id\":\"https:\/\/www.matts-guitar-shop.com\/de\/produit\/lorenzi-john-mayer-black-one-tribute\/#primaryimage\"},\"image\":{\"@id\":\"https:\/\/www.matts-guitar-shop.com\/de\/produit\/lorenzi-john-mayer-black-one-tribute\/#primaryimage\"},\"thumbnailUrl\":\"https:\/\/www.matts-guitar-shop.com\/wp-content\/uploads\/2024\/08\/Lorenzi-John-Mayer-Black-One-Tribute-guitare-00.jpg\",\"datePublished\":\"2024-08-30T18:28:34+00:00\",\"dateModified\":\"2025-12-02T19:41:27+00:00\",\"breadcrumb\":{\"@id\":\"https:\/\/www.matts-guitar-shop.com\/de\/produit\/lorenzi-john-mayer-black-one-tribute\/#breadcrumb\"},\"inLanguage\":\"de\",\"potentialAction\":[{\"@type\":\"ReadAction\",\"target\":[\"https:\/\/www.matts-guitar-shop.com\/de\/produit\/lorenzi-john-mayer-black-one-tribute\/\"]}]},{\"@type\":\"ImageObject\",\"inLanguage\":\"de\",\"@id\":\"https:\/\/www.matts-guitar-shop.com\/de\/produit\/lorenzi-john-mayer-black-one-tribute\/#primaryimage\",\"url\":\"https:\/\/www.matts-guitar-shop.com\/wp-content\/uploads\/2024\/08\/Lorenzi-John-Mayer-Black-One-Tribute-guitare-00.jpg\",\"contentUrl\":\"https:\/\/www.matts-guitar-shop.com\/wp-content\/uploads\/2024\/08\/Lorenzi-John-Mayer-Black-One-Tribute-guitare-00.jpg\",\"width\":700,\"height\":1011},{\"@type\":\"BreadcrumbList\",\"@id\":\"https:\/\/www.matts-guitar-shop.com\/de\/produit\/lorenzi-john-mayer-black-one-tribute\/#breadcrumb\",\"itemListElement\":[{\"@type\":\"ListItem\",\"position\":1,\"name\":\"Startseite\",\"item\":\"https:\/\/www.matts-guitar-shop.com\/de\/\"},{\"@type\":\"ListItem\",\"position\":2,\"name\":\"Shop\",\"item\":\"https:\/\/www.matts-guitar-shop.com\/de\/shop\/\"},{\"@type\":\"ListItem\",\"position\":3,\"name\":\"Lorenzi John Mayer Black One Tribute\"}]},{\"@type\":\"WebSite\",\"@id\":\"https:\/\/www.matts-guitar-shop.com\/de\/#website\",\"url\":\"https:\/\/www.matts-guitar-shop.com\/de\/\",\"name\":\"matts-guitar-shop.com\",\"description\":\"Guitar Shop\",\"publisher\":{\"@id\":\"https:\/\/www.matts-guitar-shop.com\/de\/#organization\"},\"potentialAction\":[{\"@type\":\"SearchAction\",\"target\":{\"@type\":\"EntryPoint\",\"urlTemplate\":\"https:\/\/www.matts-guitar-shop.com\/de\/?s={search_term_string}\"},\"query-input\":{\"@type\":\"PropertyValueSpecification\",\"valueRequired\":true,\"valueName\":\"search_term_string\"}}],\"inLanguage\":\"de\"},{\"@type\":\"Organization\",\"@id\":\"https:\/\/www.matts-guitar-shop.com\/de\/#organization\",\"name\":\"matts-guitar-shop.com\",\"url\":\"https:\/\/www.matts-guitar-shop.com\/de\/\",\"logo\":{\"@type\":\"ImageObject\",\"inLanguage\":\"de\",\"@id\":\"https:\/\/www.matts-guitar-shop.com\/de\/#\/schema\/logo\/image\/\",\"url\":\"https:\/\/www.matts-guitar-shop.com\/wp-content\/uploads\/2024\/09\/MGS-logo-site-02.png\",\"contentUrl\":\"https:\/\/www.matts-guitar-shop.com\/wp-content\/uploads\/2024\/09\/MGS-logo-site-02.png\",\"width\":200,\"height\":122,\"caption\":\"matts-guitar-shop.com\"},\"image\":{\"@id\":\"https:\/\/www.matts-guitar-shop.com\/de\/#\/schema\/logo\/image\/\"},\"sameAs\":[\"https:\/\/www.facebook.com\/profile.php?id=100044359842817\",\"https:\/\/www.instagram.com\/mattsguitarshop\/\",\"https:\/\/www.youtube.com\/@MattLucasMan\/videos\"]}]}<\/script>\n<!-- \/ Yoast SEO plugin. -->","yoast_head_json":{"title":"Lorenzi John Mayer Black One Tribute - Matt&#039;s Guitar Shop","robots":{"index":"index","follow":"follow","max-snippet":"max-snippet:-1","max-image-preview":"max-image-preview:large","max-video-preview":"max-video-preview:-1"},"canonical":"https:\/\/www.matts-guitar-shop.com\/de\/produit\/lorenzi-john-mayer-black-one-tribute\/","og_locale":"de_DE","og_type":"article","og_title":"Lorenzi John Mayer Black One Tribute - Matt&#039;s Guitar Shop","og_description":"Im Kreis der au\u00dfergew\u00f6hnlichen Gitarristen nimmt John Mayer einen besonderen Platz ein. Als wahres Wunderkind des sechssaitigen Instruments hat er sich auf der zeitgen\u00f6ssischen Musikb\u00fchne als erfinderischer, technischer und virtuoser Gitarrist etabliert, der von Gitarrenliebhabern sehr gesch\u00e4tzt wird. John Mayer griff fr\u00fch zu historischen Modellen, bevor er mit Fender und sp\u00e4ter PRS seine Signature-Gitarren entwickelte. Unter diesen ist die Black One eine herausragende Ausnahme. Diese Lorenzi Black One Tribute ist eine beeindruckende Custom-Gitarre, die der Black One von John Mayer huldigt \u2013 einer Gitarre mit einer so besonderen Geschichte und Optik. Als bedingungsloser Bewunderer von Stevie Ray Vaughan und dessen \u201eNumber One\u201c-Gitarre, gezeichnet vom Gebrauch der Zeit, beauftragte John Mayer 2004 den Fender Custom Shop mit einer sogenannten \u201eHeavy Relic\u201c, gefertigt vom Masterbuilder John Cruz. John Mayer begleitete dieses Projekt eng, um ein Spielgef\u00fchl und Aussehen zu erreichen, das dem Instrument seines Idols sehr nahekommt. Aus diesem Projekt entstand die ber\u00fchmte \u201eBlack One\u201c, die ikonische Gitarre von John Mayer, die ihn auf den sch\u00f6nsten B\u00fchnen und in den besten Studios weltweit begleitete. Begeistert vom Mythos dieser Gitarre, machte sich der italienische Gitarrenbauer Lorenzi daran, dieser gealterten Stratocaster Tribut zu zollen, bei der das Holz sichtbar bleibt. Jede Gitarre wird in seinen italienischen Werkst\u00e4tten handgefertigt, wobei das Finish sorgf\u00e4ltig reliced wird. Holz und Pickups werden sorgf\u00e4ltig ausgew\u00e4hlt, und das Gitarrentop zollt der originalen Black One von John Mayer sowohl klanglich als auch visuell verbl\u00fcffend Tribut. Verf\u00fcgbar im Matt\u2019s Guitar Shop! Wenn Sie Fragen zu diesem Produkt haben, kontaktieren Sie uns!","og_url":"https:\/\/www.matts-guitar-shop.com\/de\/produit\/lorenzi-john-mayer-black-one-tribute\/","og_site_name":"Matt&#039;s Guitar Shop","article_publisher":"https:\/\/www.facebook.com\/profile.php?id=100044359842817","article_modified_time":"2025-12-02T19:41:27+00:00","og_image":[{"width":700,"height":1011,"url":"https:\/\/www.matts-guitar-shop.com\/wp-content\/uploads\/2024\/08\/Lorenzi-John-Mayer-Black-One-Tribute-guitare-00.jpg","type":"image\/jpeg"}],"twitter_card":"summary_large_image","twitter_misc":{"Gesch\u00e4tzte Lesezeit":"2\u00a0Minuten"},"schema":{"@context":"https:\/\/schema.org","@graph":[{"@type":"WebPage","@id":"https:\/\/www.matts-guitar-shop.com\/de\/produit\/lorenzi-john-mayer-black-one-tribute\/","url":"https:\/\/www.matts-guitar-shop.com\/de\/produit\/lorenzi-john-mayer-black-one-tribute\/","name":"Lorenzi John Mayer Black One Tribute - Matt&#039;s Guitar Shop","isPartOf":{"@id":"https:\/\/www.matts-guitar-shop.com\/de\/#website"},"primaryImageOfPage":{"@id":"https:\/\/www.matts-guitar-shop.com\/de\/produit\/lorenzi-john-mayer-black-one-tribute\/#primaryimage"},"image":{"@id":"https:\/\/www.matts-guitar-shop.com\/de\/produit\/lorenzi-john-mayer-black-one-tribute\/#primaryimage"},"thumbnailUrl":"https:\/\/www.matts-guitar-shop.com\/wp-content\/uploads\/2024\/08\/Lorenzi-John-Mayer-Black-One-Tribute-guitare-00.jpg","datePublished":"2024-08-30T18:28:34+00:00","dateModified":"2025-12-02T19:41:27+00:00","breadcrumb":{"@id":"https:\/\/www.matts-guitar-shop.com\/de\/produit\/lorenzi-john-mayer-black-one-tribute\/#breadcrumb"},"inLanguage":"de","potentialAction":[{"@type":"ReadAction","target":["https:\/\/www.matts-guitar-shop.com\/de\/produit\/lorenzi-john-mayer-black-one-tribute\/"]}]},{"@type":"ImageObject","inLanguage":"de","@id":"https:\/\/www.matts-guitar-shop.com\/de\/produit\/lorenzi-john-mayer-black-one-tribute\/#primaryimage","url":"https:\/\/www.matts-guitar-shop.com\/wp-content\/uploads\/2024\/08\/Lorenzi-John-Mayer-Black-One-Tribute-guitare-00.jpg","contentUrl":"https:\/\/www.matts-guitar-shop.com\/wp-content\/uploads\/2024\/08\/Lorenzi-John-Mayer-Black-One-Tribute-guitare-00.jpg","width":700,"height":1011},{"@type":"BreadcrumbList","@id":"https:\/\/www.matts-guitar-shop.com\/de\/produit\/lorenzi-john-mayer-black-one-tribute\/#breadcrumb","itemListElement":[{"@type":"ListItem","position":1,"name":"Startseite","item":"https:\/\/www.matts-guitar-shop.com\/de\/"},{"@type":"ListItem","position":2,"name":"Shop","item":"https:\/\/www.matts-guitar-shop.com\/de\/shop\/"},{"@type":"ListItem","position":3,"name":"Lorenzi John Mayer Black One Tribute"}]},{"@type":"WebSite","@id":"https:\/\/www.matts-guitar-shop.com\/de\/#website","url":"https:\/\/www.matts-guitar-shop.com\/de\/","name":"matts-guitar-shop.com","description":"Guitar Shop","publisher":{"@id":"https:\/\/www.matts-guitar-shop.com\/de\/#organization"},"potentialAction":[{"@type":"SearchAction","target":{"@type":"EntryPoint","urlTemplate":"https:\/\/www.matts-guitar-shop.com\/de\/?s={search_term_string}"},"query-input":{"@type":"PropertyValueSpecification","valueRequired":true,"valueName":"search_term_string"}}],"inLanguage":"de"},{"@type":"Organization","@id":"https:\/\/www.matts-guitar-shop.com\/de\/#organization","name":"matts-guitar-shop.com","url":"https:\/\/www.matts-guitar-shop.com\/de\/","logo":{"@type":"ImageObject","inLanguage":"de","@id":"https:\/\/www.matts-guitar-shop.com\/de\/#\/schema\/logo\/image\/","url":"https:\/\/www.matts-guitar-shop.com\/wp-content\/uploads\/2024\/09\/MGS-logo-site-02.png","contentUrl":"https:\/\/www.matts-guitar-shop.com\/wp-content\/uploads\/2024\/09\/MGS-logo-site-02.png","width":200,"height":122,"caption":"matts-guitar-shop.com"},"image":{"@id":"https:\/\/www.matts-guitar-shop.com\/de\/#\/schema\/logo\/image\/"},"sameAs":["https:\/\/www.facebook.com\/profile.php?id=100044359842817","https:\/\/www.instagram.com\/mattsguitarshop\/","https:\/\/www.youtube.com\/@MattLucasMan\/videos"]}]}},"_links":{"self":[{"href":"https:\/\/www.matts-guitar-shop.com\/de\/wp-json\/wp\/v2\/product\/19947","targetHints":{"allow":["GET"]}}],"collection":[{"href":"https:\/\/www.matts-guitar-shop.com\/de\/wp-json\/wp\/v2\/product"}],"about":[{"href":"https:\/\/www.matts-guitar-shop.com\/de\/wp-json\/wp\/v2\/types\/product"}],"replies":[{"embeddable":true,"href":"https:\/\/www.matts-guitar-shop.com\/de\/wp-json\/wp\/v2\/comments?post=19947"}],"wp:featuredmedia":[{"embeddable":true,"href":"https:\/\/www.matts-guitar-shop.com\/de\/wp-json\/wp\/v2\/media\/7832"}],"wp:attachment":[{"href":"https:\/\/www.matts-guitar-shop.com\/de\/wp-json\/wp\/v2\/media?parent=19947"}],"wp:term":[{"taxonomy":"product_brand","embeddable":true,"href":"https:\/\/www.matts-guitar-shop.com\/de\/wp-json\/wp\/v2\/product_brand?post=19947"},{"taxonomy":"product_cat","embeddable":true,"href":"https:\/\/www.matts-guitar-shop.com\/de\/wp-json\/wp\/v2\/product_cat?post=19947"},{"taxonomy":"product_tag","embeddable":true,"href":"https:\/\/www.matts-guitar-shop.com\/de\/wp-json\/wp\/v2\/product_tag?post=19947"}],"curies":[{"name":"wp","href":"https:\/\/api.w.org\/{rel}","templated":true}]}}