{"id":19943,"date":"2024-08-31T13:46:19","date_gmt":"2024-08-31T11:46:19","guid":{"rendered":"https:\/\/www.matts-guitar-shop.com\/produit\/vox-tear-drop-ehemals-bill-wyman-the-rolling-stones\/"},"modified":"2025-10-17T21:47:23","modified_gmt":"2025-10-17T19:47:23","slug":"vox-tear-drop-ehemals-bill-wyman-the-rolling-stones","status":"publish","type":"product","link":"https:\/\/www.matts-guitar-shop.com\/de\/produit\/vox-tear-drop-ehemals-bill-wyman-the-rolling-stones\/","title":{"rendered":"Vox Tear Drop Ehemals Bill Wyman &#8211; The Rolling Stones"},"content":{"rendered":"<p>Bill Wyman<\/p>\n","protected":false},"excerpt":{"rendered":"<p><strong>Unter den legend\u00e4ren Instrumenten, die die gro\u00dfe Musikgeschichte gepr\u00e4gt haben, gibt es Formen, die ikonisch wurden und die Konturen der Musik mitgestaltet haben. In einem Horizont, gepr\u00e4gt von den schlanken Formen der Stratocaster, den abgerundeten Kurven der Les Paul und den gro\u00dfz\u00fcgigen Konturen der ES, sticht eine originelle und \u00fcberraschende Form hervor: die ber\u00fchmte \u201eTeardrop\u201c. VOX-Gitarren pr\u00e4gten die Geschichte durch ihre innovativen Designs, die nicht unbemerkt blieben. Die Teardrop und die Phantom wurden in den 1960er Jahren entworfen und faszinierten schnell Musiker auf der ganzen Welt. Diese Modelle mit transgressiven Formen stellten die Normen in Frage und spielten eine wichtige Rolle bei der Invasion des britischen Rocks, wobei die gr\u00f6\u00dften englischen Bands Gitarren in Tr\u00e4nenform spielten. Unter ihnen griffen die damals noch jungen Rolling Stones zu dieser legend\u00e4ren Gitarrenform.<\/strong><\/p>\n<p><strong>Dieser Vox Teardrop-Bass, angeboten vom Matt\u2019s Guitar Shop, ist genau der, den Bill Wyman auf den Aufnahmen und Tourneen der Rolling Stones von 1966 bis 1968 spielte.<\/strong><\/p>\n<p>Als Vox Anfang der 1960er Jahre nacheinander die Phantom und die Teardrop (offiziell Mark genannt) auf den Markt brachte, wirkten diese beiden Instrumente wie eine Revolution. Sie brachen die bisher geltenden Regeln der E-Gitarre und f\u00fchrten eine erstaunliche, originelle und sofort erkennbare Form ein. Die E-Gitarren-Version der ber\u00fchmten Teardrop (\u201eTr\u00e4ne\u201c) wurde schnell von Musikern der britischen Rockszene \u00fcbernommen, ebenso wie ihr Bass-Pendant. Die Geschichte der Rolling Stones und der Teardrop sind in diesem Sinne eng miteinander verbunden. Die jungen Musiker trugen dazu bei, dieses Modell zu einer Ikone der 1960er Jahre zu machen: Brian Jones eignete sich schnell die Gitarre in wei\u00dfer Ausf\u00fchrung an, die speziell f\u00fcr ihn gefertigt wurde, w\u00e4hrend Bill Wyman die Teardrop zu seinem Referenzbass machte und ebenfalls ein nach ihm benanntes Modell erhielt.<\/p>\n<p>Im August 1965 brachte Vox die Wyman Bass auf den Markt, einen Vox Teardrop Semi-Akustik-Bass, benannt nach dem Bassisten der Rolling Stones. Sie wird zudem als \u201eWyman Bass\u201c pr\u00e4sentiert, wie der Kopf des Basses belegt. Das au\u00dfergew\u00f6hnliche Instrument, das vom Matt\u2019s Guitar Shop angeboten wird, ist genau der Bass, den der Bassist der Rolling Stones zwischen 1966 und 1968 auf zahlreichen Aufnahmen und B\u00fchnen spielte. Dieser Vox Teardrop ist auf mehreren zeitgen\u00f6ssischen Fotografien verewigt, die die Band auf der B\u00fchne oder im Studio zeigen, w\u00e4hrend seine schweren und runden Kl\u00e4nge die ersten Hits der Stones begleiteten. Er stammt direkt aus der Sammlung von Bill Wyman.<\/p>\n<p>Dieser Vox Wyman Bass von 1965 hat einen hohlen Korpus aus geflammtem Ahorn in der ber\u00fchmten Tropfenform mit Sunburst-Finish. Zwei Regler, ein Kippschalter und eine Eingangsbuchse sind auf einer verchromten Platte auf der Vorderseite des Basses montiert. Der Bass ist zudem mit einem Hals aus naturbelassenem Ahorn ausgestattet. Das verchromte Schlagbrett auf der Decke tr\u00e4gt die Marke Vox, w\u00e4hrend der Kopf des Instruments \u201eWyman Bass\u201c zeigt. Selten haben Instrumente zur Entstehung eines der gr\u00f6\u00dften Mythen der Musikgeschichte beigetragen&#8230; F\u00fcr die Rolling Stones m\u00fcssen Sie nicht weiter suchen \u2013 er ist im Matt\u2019s Guitar Shop!<\/p>\n<p><strong>Wenn Sie Fragen zu diesem Produkt haben, kontaktieren Sie uns!<\/strong><\/p>\n","protected":false},"featured_media":9110,"comment_status":"open","ping_status":"closed","template":"","meta":{"_et_pb_use_builder":"","_et_pb_old_content":"","_et_gb_content_width":""},"product_brand":[],"product_cat":[674,670],"product_tag":[],"class_list":{"0":"post-19943","1":"product","2":"type-product","3":"status-publish","4":"has-post-thumbnail","6":"product_cat-baesse","7":"product_cat-kuenstler","8":"pa_artiste-bill-wyman-de","9":"pa_disponibilite-zu-verkaufen","10":"pa_marque-vox-de","12":"first","13":"instock","14":"shipping-taxable","15":"product-type-simple"},"yoast_head":"<!-- This site is optimized with the Yoast SEO plugin v26.8 - https:\/\/yoast.com\/product\/yoast-seo-wordpress\/ -->\n<title>Vox Tear Drop Ehemals Bill Wyman - The Rolling Stones - Matt&#039;s Guitar Shop<\/title>\n<meta name=\"description\" content=\"Dieser 1965er Vox Wyman Bass hat einen hohlen Korpus aus geflammtem Ahorn in der ber\u00fchmten Tropfenform mit Sunburst-Finish.\" \/>\n<meta name=\"robots\" content=\"index, follow, max-snippet:-1, max-image-preview:large, max-video-preview:-1\" \/>\n<link rel=\"canonical\" href=\"https:\/\/www.matts-guitar-shop.com\/de\/produit\/vox-tear-drop-ehemals-bill-wyman-the-rolling-stones\/\" \/>\n<meta property=\"og:locale\" content=\"de_DE\" \/>\n<meta property=\"og:type\" content=\"article\" \/>\n<meta property=\"og:title\" content=\"Vox Tear Drop Ehemals Bill Wyman - The Rolling Stones - Matt&#039;s Guitar Shop\" \/>\n<meta property=\"og:description\" content=\"Dieser 1965er Vox Wyman Bass hat einen hohlen Korpus aus geflammtem Ahorn in der ber\u00fchmten Tropfenform mit Sunburst-Finish.\" \/>\n<meta property=\"og:url\" content=\"https:\/\/www.matts-guitar-shop.com\/de\/produit\/vox-tear-drop-ehemals-bill-wyman-the-rolling-stones\/\" \/>\n<meta property=\"og:site_name\" content=\"Matt&#039;s Guitar Shop\" \/>\n<meta property=\"article:publisher\" content=\"https:\/\/www.facebook.com\/profile.php?id=100044359842817\" \/>\n<meta property=\"article:modified_time\" content=\"2025-10-17T19:47:23+00:00\" \/>\n<meta property=\"og:image\" content=\"https:\/\/www.matts-guitar-shop.com\/wp-content\/uploads\/2024\/08\/Vox-Tear-Drop-Ex-Bill-Wyman-instrument-00.jpg\" \/>\n\t<meta property=\"og:image:width\" content=\"700\" \/>\n\t<meta property=\"og:image:height\" content=\"1011\" \/>\n\t<meta property=\"og:image:type\" content=\"image\/jpeg\" \/>\n<meta name=\"twitter:card\" content=\"summary_large_image\" \/>\n<script type=\"application\/ld+json\" class=\"yoast-schema-graph\">{\"@context\":\"https:\/\/schema.org\",\"@graph\":[{\"@type\":\"WebPage\",\"@id\":\"https:\/\/www.matts-guitar-shop.com\/de\/produit\/vox-tear-drop-ehemals-bill-wyman-the-rolling-stones\/\",\"url\":\"https:\/\/www.matts-guitar-shop.com\/de\/produit\/vox-tear-drop-ehemals-bill-wyman-the-rolling-stones\/\",\"name\":\"Vox Tear Drop Ehemals Bill Wyman - The Rolling Stones - Matt&#039;s Guitar Shop\",\"isPartOf\":{\"@id\":\"https:\/\/www.matts-guitar-shop.com\/de\/#website\"},\"primaryImageOfPage\":{\"@id\":\"https:\/\/www.matts-guitar-shop.com\/de\/produit\/vox-tear-drop-ehemals-bill-wyman-the-rolling-stones\/#primaryimage\"},\"image\":{\"@id\":\"https:\/\/www.matts-guitar-shop.com\/de\/produit\/vox-tear-drop-ehemals-bill-wyman-the-rolling-stones\/#primaryimage\"},\"thumbnailUrl\":\"https:\/\/www.matts-guitar-shop.com\/wp-content\/uploads\/2024\/08\/Vox-Tear-Drop-Ex-Bill-Wyman-instrument-00.jpg\",\"datePublished\":\"2024-08-31T11:46:19+00:00\",\"dateModified\":\"2025-10-17T19:47:23+00:00\",\"description\":\"Dieser 1965er Vox Wyman Bass hat einen hohlen Korpus aus geflammtem Ahorn in der ber\u00fchmten Tropfenform mit Sunburst-Finish.\",\"breadcrumb\":{\"@id\":\"https:\/\/www.matts-guitar-shop.com\/de\/produit\/vox-tear-drop-ehemals-bill-wyman-the-rolling-stones\/#breadcrumb\"},\"inLanguage\":\"de\",\"potentialAction\":[{\"@type\":\"ReadAction\",\"target\":[\"https:\/\/www.matts-guitar-shop.com\/de\/produit\/vox-tear-drop-ehemals-bill-wyman-the-rolling-stones\/\"]}]},{\"@type\":\"ImageObject\",\"inLanguage\":\"de\",\"@id\":\"https:\/\/www.matts-guitar-shop.com\/de\/produit\/vox-tear-drop-ehemals-bill-wyman-the-rolling-stones\/#primaryimage\",\"url\":\"https:\/\/www.matts-guitar-shop.com\/wp-content\/uploads\/2024\/08\/Vox-Tear-Drop-Ex-Bill-Wyman-instrument-00.jpg\",\"contentUrl\":\"https:\/\/www.matts-guitar-shop.com\/wp-content\/uploads\/2024\/08\/Vox-Tear-Drop-Ex-Bill-Wyman-instrument-00.jpg\",\"width\":700,\"height\":1011},{\"@type\":\"BreadcrumbList\",\"@id\":\"https:\/\/www.matts-guitar-shop.com\/de\/produit\/vox-tear-drop-ehemals-bill-wyman-the-rolling-stones\/#breadcrumb\",\"itemListElement\":[{\"@type\":\"ListItem\",\"position\":1,\"name\":\"Startseite\",\"item\":\"https:\/\/www.matts-guitar-shop.com\/de\/\"},{\"@type\":\"ListItem\",\"position\":2,\"name\":\"Shop\",\"item\":\"https:\/\/www.matts-guitar-shop.com\/de\/shop\/\"},{\"@type\":\"ListItem\",\"position\":3,\"name\":\"Vox Tear Drop Ehemals Bill Wyman &#8211; The Rolling Stones\"}]},{\"@type\":\"WebSite\",\"@id\":\"https:\/\/www.matts-guitar-shop.com\/de\/#website\",\"url\":\"https:\/\/www.matts-guitar-shop.com\/de\/\",\"name\":\"matts-guitar-shop.com\",\"description\":\"Guitar Shop\",\"publisher\":{\"@id\":\"https:\/\/www.matts-guitar-shop.com\/de\/#organization\"},\"potentialAction\":[{\"@type\":\"SearchAction\",\"target\":{\"@type\":\"EntryPoint\",\"urlTemplate\":\"https:\/\/www.matts-guitar-shop.com\/de\/?s={search_term_string}\"},\"query-input\":{\"@type\":\"PropertyValueSpecification\",\"valueRequired\":true,\"valueName\":\"search_term_string\"}}],\"inLanguage\":\"de\"},{\"@type\":\"Organization\",\"@id\":\"https:\/\/www.matts-guitar-shop.com\/de\/#organization\",\"name\":\"matts-guitar-shop.com\",\"url\":\"https:\/\/www.matts-guitar-shop.com\/de\/\",\"logo\":{\"@type\":\"ImageObject\",\"inLanguage\":\"de\",\"@id\":\"https:\/\/www.matts-guitar-shop.com\/de\/#\/schema\/logo\/image\/\",\"url\":\"https:\/\/www.matts-guitar-shop.com\/wp-content\/uploads\/2024\/09\/MGS-logo-site-02.png\",\"contentUrl\":\"https:\/\/www.matts-guitar-shop.com\/wp-content\/uploads\/2024\/09\/MGS-logo-site-02.png\",\"width\":200,\"height\":122,\"caption\":\"matts-guitar-shop.com\"},\"image\":{\"@id\":\"https:\/\/www.matts-guitar-shop.com\/de\/#\/schema\/logo\/image\/\"},\"sameAs\":[\"https:\/\/www.facebook.com\/profile.php?id=100044359842817\",\"https:\/\/www.instagram.com\/mattsguitarshop\/\",\"https:\/\/www.youtube.com\/@MattLucasMan\/videos\"]}]}<\/script>\n<!-- \/ Yoast SEO plugin. -->","yoast_head_json":{"title":"Vox Tear Drop Ehemals Bill Wyman - The Rolling Stones - Matt&#039;s Guitar Shop","description":"Dieser 1965er Vox Wyman Bass hat einen hohlen Korpus aus geflammtem Ahorn in der ber\u00fchmten Tropfenform mit Sunburst-Finish.","robots":{"index":"index","follow":"follow","max-snippet":"max-snippet:-1","max-image-preview":"max-image-preview:large","max-video-preview":"max-video-preview:-1"},"canonical":"https:\/\/www.matts-guitar-shop.com\/de\/produit\/vox-tear-drop-ehemals-bill-wyman-the-rolling-stones\/","og_locale":"de_DE","og_type":"article","og_title":"Vox Tear Drop Ehemals Bill Wyman - The Rolling Stones - Matt&#039;s Guitar Shop","og_description":"Dieser 1965er Vox Wyman Bass hat einen hohlen Korpus aus geflammtem Ahorn in der ber\u00fchmten Tropfenform mit Sunburst-Finish.","og_url":"https:\/\/www.matts-guitar-shop.com\/de\/produit\/vox-tear-drop-ehemals-bill-wyman-the-rolling-stones\/","og_site_name":"Matt&#039;s Guitar Shop","article_publisher":"https:\/\/www.facebook.com\/profile.php?id=100044359842817","article_modified_time":"2025-10-17T19:47:23+00:00","og_image":[{"width":700,"height":1011,"url":"https:\/\/www.matts-guitar-shop.com\/wp-content\/uploads\/2024\/08\/Vox-Tear-Drop-Ex-Bill-Wyman-instrument-00.jpg","type":"image\/jpeg"}],"twitter_card":"summary_large_image","schema":{"@context":"https:\/\/schema.org","@graph":[{"@type":"WebPage","@id":"https:\/\/www.matts-guitar-shop.com\/de\/produit\/vox-tear-drop-ehemals-bill-wyman-the-rolling-stones\/","url":"https:\/\/www.matts-guitar-shop.com\/de\/produit\/vox-tear-drop-ehemals-bill-wyman-the-rolling-stones\/","name":"Vox Tear Drop Ehemals Bill Wyman - The Rolling Stones - Matt&#039;s Guitar Shop","isPartOf":{"@id":"https:\/\/www.matts-guitar-shop.com\/de\/#website"},"primaryImageOfPage":{"@id":"https:\/\/www.matts-guitar-shop.com\/de\/produit\/vox-tear-drop-ehemals-bill-wyman-the-rolling-stones\/#primaryimage"},"image":{"@id":"https:\/\/www.matts-guitar-shop.com\/de\/produit\/vox-tear-drop-ehemals-bill-wyman-the-rolling-stones\/#primaryimage"},"thumbnailUrl":"https:\/\/www.matts-guitar-shop.com\/wp-content\/uploads\/2024\/08\/Vox-Tear-Drop-Ex-Bill-Wyman-instrument-00.jpg","datePublished":"2024-08-31T11:46:19+00:00","dateModified":"2025-10-17T19:47:23+00:00","description":"Dieser 1965er Vox Wyman Bass hat einen hohlen Korpus aus geflammtem Ahorn in der ber\u00fchmten Tropfenform mit Sunburst-Finish.","breadcrumb":{"@id":"https:\/\/www.matts-guitar-shop.com\/de\/produit\/vox-tear-drop-ehemals-bill-wyman-the-rolling-stones\/#breadcrumb"},"inLanguage":"de","potentialAction":[{"@type":"ReadAction","target":["https:\/\/www.matts-guitar-shop.com\/de\/produit\/vox-tear-drop-ehemals-bill-wyman-the-rolling-stones\/"]}]},{"@type":"ImageObject","inLanguage":"de","@id":"https:\/\/www.matts-guitar-shop.com\/de\/produit\/vox-tear-drop-ehemals-bill-wyman-the-rolling-stones\/#primaryimage","url":"https:\/\/www.matts-guitar-shop.com\/wp-content\/uploads\/2024\/08\/Vox-Tear-Drop-Ex-Bill-Wyman-instrument-00.jpg","contentUrl":"https:\/\/www.matts-guitar-shop.com\/wp-content\/uploads\/2024\/08\/Vox-Tear-Drop-Ex-Bill-Wyman-instrument-00.jpg","width":700,"height":1011},{"@type":"BreadcrumbList","@id":"https:\/\/www.matts-guitar-shop.com\/de\/produit\/vox-tear-drop-ehemals-bill-wyman-the-rolling-stones\/#breadcrumb","itemListElement":[{"@type":"ListItem","position":1,"name":"Startseite","item":"https:\/\/www.matts-guitar-shop.com\/de\/"},{"@type":"ListItem","position":2,"name":"Shop","item":"https:\/\/www.matts-guitar-shop.com\/de\/shop\/"},{"@type":"ListItem","position":3,"name":"Vox Tear Drop Ehemals Bill Wyman &#8211; The Rolling Stones"}]},{"@type":"WebSite","@id":"https:\/\/www.matts-guitar-shop.com\/de\/#website","url":"https:\/\/www.matts-guitar-shop.com\/de\/","name":"matts-guitar-shop.com","description":"Guitar Shop","publisher":{"@id":"https:\/\/www.matts-guitar-shop.com\/de\/#organization"},"potentialAction":[{"@type":"SearchAction","target":{"@type":"EntryPoint","urlTemplate":"https:\/\/www.matts-guitar-shop.com\/de\/?s={search_term_string}"},"query-input":{"@type":"PropertyValueSpecification","valueRequired":true,"valueName":"search_term_string"}}],"inLanguage":"de"},{"@type":"Organization","@id":"https:\/\/www.matts-guitar-shop.com\/de\/#organization","name":"matts-guitar-shop.com","url":"https:\/\/www.matts-guitar-shop.com\/de\/","logo":{"@type":"ImageObject","inLanguage":"de","@id":"https:\/\/www.matts-guitar-shop.com\/de\/#\/schema\/logo\/image\/","url":"https:\/\/www.matts-guitar-shop.com\/wp-content\/uploads\/2024\/09\/MGS-logo-site-02.png","contentUrl":"https:\/\/www.matts-guitar-shop.com\/wp-content\/uploads\/2024\/09\/MGS-logo-site-02.png","width":200,"height":122,"caption":"matts-guitar-shop.com"},"image":{"@id":"https:\/\/www.matts-guitar-shop.com\/de\/#\/schema\/logo\/image\/"},"sameAs":["https:\/\/www.facebook.com\/profile.php?id=100044359842817","https:\/\/www.instagram.com\/mattsguitarshop\/","https:\/\/www.youtube.com\/@MattLucasMan\/videos"]}]}},"_links":{"self":[{"href":"https:\/\/www.matts-guitar-shop.com\/de\/wp-json\/wp\/v2\/product\/19943","targetHints":{"allow":["GET"]}}],"collection":[{"href":"https:\/\/www.matts-guitar-shop.com\/de\/wp-json\/wp\/v2\/product"}],"about":[{"href":"https:\/\/www.matts-guitar-shop.com\/de\/wp-json\/wp\/v2\/types\/product"}],"replies":[{"embeddable":true,"href":"https:\/\/www.matts-guitar-shop.com\/de\/wp-json\/wp\/v2\/comments?post=19943"}],"wp:featuredmedia":[{"embeddable":true,"href":"https:\/\/www.matts-guitar-shop.com\/de\/wp-json\/wp\/v2\/media\/9110"}],"wp:attachment":[{"href":"https:\/\/www.matts-guitar-shop.com\/de\/wp-json\/wp\/v2\/media?parent=19943"}],"wp:term":[{"taxonomy":"product_brand","embeddable":true,"href":"https:\/\/www.matts-guitar-shop.com\/de\/wp-json\/wp\/v2\/product_brand?post=19943"},{"taxonomy":"product_cat","embeddable":true,"href":"https:\/\/www.matts-guitar-shop.com\/de\/wp-json\/wp\/v2\/product_cat?post=19943"},{"taxonomy":"product_tag","embeddable":true,"href":"https:\/\/www.matts-guitar-shop.com\/de\/wp-json\/wp\/v2\/product_tag?post=19943"}],"curies":[{"name":"wp","href":"https:\/\/api.w.org\/{rel}","templated":true}]}}