{"id":19941,"date":"2024-08-31T12:42:52","date_gmt":"2024-08-31T10:42:52","guid":{"rendered":"https:\/\/www.matts-guitar-shop.com\/produit\/taylor-812ce-ehemals-orianthis-sammlung\/"},"modified":"2025-10-17T22:36:51","modified_gmt":"2025-10-17T20:36:51","slug":"taylor-812ce-ehemals-orianthis-sammlung","status":"publish","type":"product","link":"https:\/\/www.matts-guitar-shop.com\/de\/produit\/taylor-812ce-ehemals-orianthis-sammlung\/","title":{"rendered":"Taylor 812Ce &#8211; Ehemals Orianthis Sammlung"},"content":{"rendered":"<p>Orianthi<br \/>\n(1985)<\/p>\n<p>Gruppe: RSO<br \/>\nHauptgitarre: PRS Signature<br \/>\nUnbedingt h\u00f6renswerter Titel: According To You<\/p>\n<p>Orianthis Karriere begann mit einer riesigen verpassten Gelegenheit, denn sie sollte 2009 Gitarristin f\u00fcr Michael Jacksons Konzertreihe \u201eThis Is It\u201c werden. Trotz des Todes des Superstar-S\u00e4ngers erm\u00f6glichte der Film, der daraufhin ver\u00f6ffentlicht wurde, den Fans, zu sehen, wie diese letzte Tour h\u00e4tte aussehen k\u00f6nnen, anhand von Aufnahmen der Proben. Man sieht deutlich Orianthi mit ihrer PRS, wie sie bei Jacksons ultimativer Gitarrenleistung gl\u00e4nzt: dem Solo von \u201eBeat It\u201c, urspr\u00fcnglich aufgenommen von Eddie Van Halen.<\/p>\n<p>Nach dieser weltweiten Aufmerksamkeit nutzte die junge Virtuosin die Gelegenheit, nur wenige Monate sp\u00e4ter ihr Album \u201eBelieve\u201c zu ver\u00f6ffentlichen. Das Album war bereits seit 2007 fertig, und die Publicity durch \u201eThis Is It\u201c war zu gro\u00df, um den Release nicht auf dieses Ph\u00e4nomen abzustimmen. Das Album wurde ein gro\u00dfer Erfolg, besonders durch das Duett mit Steve Vai auf dem Instrumental \u201eHighly Strung\u201c, das ein virales Video wurde.<\/p>\n<p>2011 wurde Orianthi die erste Musikerin, die Mitglied der Alice Cooper Band wurde \u2013 wie ein frischer Wind in einer Formation, die eher an t\u00e4towierte Goths als an blonde Musikerinnen mit H\u00fcten gew\u00f6hnt war. Der legend\u00e4re geschminkte S\u00e4nger sch\u00e4tzte dieses Gleichgewicht so sehr, dass, als Orianthi die Band 2014 verlie\u00df, Cooper sie durch die ebenfalls shreddernde Nita Strauss ersetzte.<\/p>\n<p>Nach diesem neuen Kapitel verfolgt die Australierin gleichzeitig ihre Solokarriere und ihre T\u00e4tigkeit als \u201ehired gun\u201c, unter anderem an der Seite von Dave Stewart und Richie Sambora. Letzterer sch\u00e4tzte ihre Chemie so sehr, dass sie gemeinsam eine Band gr\u00fcndeten: RSO. Das erste Album dieses Projekts, \u201eRadio Free America\u201c, erschien 2018 und markiert einen weiteren Erfolg in der beeindruckenden Karriere der Musikerin.<\/p>\n","protected":false},"excerpt":{"rendered":"<p>Wenn Sie Fragen zu diesem Produkt haben, kontaktieren Sie uns!<\/p>\n","protected":false},"featured_media":8934,"comment_status":"open","ping_status":"closed","template":"","meta":{"_et_pb_use_builder":"","_et_pb_old_content":"","_et_gb_content_width":""},"product_brand":[],"product_cat":[675,673,672,670],"product_tag":[],"class_list":{"0":"post-19941","1":"product","2":"type-product","3":"status-publish","4":"has-post-thumbnail","6":"product_cat-akustikgitarren","7":"product_cat-gitarren","8":"product_cat-verkaufte","9":"product_cat-kuenstler","10":"pa_artiste-orianthi-de","11":"pa_disponibilite-verkauft","12":"pa_marque-taylor-de","14":"first","15":"outofstock","16":"shipping-taxable","17":"product-type-simple"},"yoast_head":"<!-- This site is optimized with the Yoast SEO plugin v26.8 - https:\/\/yoast.com\/product\/yoast-seo-wordpress\/ -->\n<title>Taylor 812Ce - Ehemals Orianthis Sammlung - Matt&#039;s Guitar Shop<\/title>\n<meta name=\"description\" content=\"Orianthis Karriere begann mit einer riesigen verpassten Gelegenheit, da sie Michaels Jacksons Gitarristin h\u00e4tte sein sollen.\" \/>\n<meta name=\"robots\" content=\"index, follow, max-snippet:-1, max-image-preview:large, max-video-preview:-1\" \/>\n<link rel=\"canonical\" href=\"https:\/\/www.matts-guitar-shop.com\/de\/produit\/taylor-812ce-ehemals-orianthis-sammlung\/\" \/>\n<meta property=\"og:locale\" content=\"de_DE\" \/>\n<meta property=\"og:type\" content=\"article\" \/>\n<meta property=\"og:title\" content=\"Taylor 812Ce - Ehemals Orianthis Sammlung - Matt&#039;s Guitar Shop\" \/>\n<meta property=\"og:description\" content=\"Orianthis Karriere begann mit einer riesigen verpassten Gelegenheit, da sie Michaels Jacksons Gitarristin h\u00e4tte sein sollen.\" \/>\n<meta property=\"og:url\" content=\"https:\/\/www.matts-guitar-shop.com\/de\/produit\/taylor-812ce-ehemals-orianthis-sammlung\/\" \/>\n<meta property=\"og:site_name\" content=\"Matt&#039;s Guitar Shop\" \/>\n<meta property=\"article:publisher\" content=\"https:\/\/www.facebook.com\/profile.php?id=100044359842817\" \/>\n<meta property=\"article:modified_time\" content=\"2025-10-17T20:36:51+00:00\" \/>\n<meta property=\"og:image\" content=\"https:\/\/www.matts-guitar-shop.com\/wp-content\/uploads\/2024\/08\/Taylor-812Ce-Orianthi-s-Collection-guitare.jpg\" \/>\n\t<meta property=\"og:image:width\" content=\"700\" \/>\n\t<meta property=\"og:image:height\" content=\"1011\" \/>\n\t<meta property=\"og:image:type\" content=\"image\/jpeg\" \/>\n<meta name=\"twitter:card\" content=\"summary_large_image\" \/>\n<meta name=\"twitter:label1\" content=\"Gesch\u00e4tzte Lesezeit\" \/>\n\t<meta name=\"twitter:data1\" content=\"1\u00a0Minute\" \/>\n<script type=\"application\/ld+json\" class=\"yoast-schema-graph\">{\"@context\":\"https:\/\/schema.org\",\"@graph\":[{\"@type\":\"WebPage\",\"@id\":\"https:\/\/www.matts-guitar-shop.com\/de\/produit\/taylor-812ce-ehemals-orianthis-sammlung\/\",\"url\":\"https:\/\/www.matts-guitar-shop.com\/de\/produit\/taylor-812ce-ehemals-orianthis-sammlung\/\",\"name\":\"Taylor 812Ce - Ehemals Orianthis Sammlung - Matt&#039;s Guitar Shop\",\"isPartOf\":{\"@id\":\"https:\/\/www.matts-guitar-shop.com\/de\/#website\"},\"primaryImageOfPage\":{\"@id\":\"https:\/\/www.matts-guitar-shop.com\/de\/produit\/taylor-812ce-ehemals-orianthis-sammlung\/#primaryimage\"},\"image\":{\"@id\":\"https:\/\/www.matts-guitar-shop.com\/de\/produit\/taylor-812ce-ehemals-orianthis-sammlung\/#primaryimage\"},\"thumbnailUrl\":\"https:\/\/www.matts-guitar-shop.com\/wp-content\/uploads\/2024\/08\/Taylor-812Ce-Orianthi-s-Collection-guitare.jpg\",\"datePublished\":\"2024-08-31T10:42:52+00:00\",\"dateModified\":\"2025-10-17T20:36:51+00:00\",\"description\":\"Orianthis Karriere begann mit einer riesigen verpassten Gelegenheit, da sie Michaels Jacksons Gitarristin h\u00e4tte sein sollen.\",\"breadcrumb\":{\"@id\":\"https:\/\/www.matts-guitar-shop.com\/de\/produit\/taylor-812ce-ehemals-orianthis-sammlung\/#breadcrumb\"},\"inLanguage\":\"de\",\"potentialAction\":[{\"@type\":\"ReadAction\",\"target\":[\"https:\/\/www.matts-guitar-shop.com\/de\/produit\/taylor-812ce-ehemals-orianthis-sammlung\/\"]}]},{\"@type\":\"ImageObject\",\"inLanguage\":\"de\",\"@id\":\"https:\/\/www.matts-guitar-shop.com\/de\/produit\/taylor-812ce-ehemals-orianthis-sammlung\/#primaryimage\",\"url\":\"https:\/\/www.matts-guitar-shop.com\/wp-content\/uploads\/2024\/08\/Taylor-812Ce-Orianthi-s-Collection-guitare.jpg\",\"contentUrl\":\"https:\/\/www.matts-guitar-shop.com\/wp-content\/uploads\/2024\/08\/Taylor-812Ce-Orianthi-s-Collection-guitare.jpg\",\"width\":700,\"height\":1011},{\"@type\":\"BreadcrumbList\",\"@id\":\"https:\/\/www.matts-guitar-shop.com\/de\/produit\/taylor-812ce-ehemals-orianthis-sammlung\/#breadcrumb\",\"itemListElement\":[{\"@type\":\"ListItem\",\"position\":1,\"name\":\"Startseite\",\"item\":\"https:\/\/www.matts-guitar-shop.com\/de\/\"},{\"@type\":\"ListItem\",\"position\":2,\"name\":\"Shop\",\"item\":\"https:\/\/www.matts-guitar-shop.com\/de\/shop\/\"},{\"@type\":\"ListItem\",\"position\":3,\"name\":\"Taylor 812Ce &#8211; Ehemals Orianthis Sammlung\"}]},{\"@type\":\"WebSite\",\"@id\":\"https:\/\/www.matts-guitar-shop.com\/de\/#website\",\"url\":\"https:\/\/www.matts-guitar-shop.com\/de\/\",\"name\":\"matts-guitar-shop.com\",\"description\":\"Guitar Shop\",\"publisher\":{\"@id\":\"https:\/\/www.matts-guitar-shop.com\/de\/#organization\"},\"potentialAction\":[{\"@type\":\"SearchAction\",\"target\":{\"@type\":\"EntryPoint\",\"urlTemplate\":\"https:\/\/www.matts-guitar-shop.com\/de\/?s={search_term_string}\"},\"query-input\":{\"@type\":\"PropertyValueSpecification\",\"valueRequired\":true,\"valueName\":\"search_term_string\"}}],\"inLanguage\":\"de\"},{\"@type\":\"Organization\",\"@id\":\"https:\/\/www.matts-guitar-shop.com\/de\/#organization\",\"name\":\"matts-guitar-shop.com\",\"url\":\"https:\/\/www.matts-guitar-shop.com\/de\/\",\"logo\":{\"@type\":\"ImageObject\",\"inLanguage\":\"de\",\"@id\":\"https:\/\/www.matts-guitar-shop.com\/de\/#\/schema\/logo\/image\/\",\"url\":\"https:\/\/www.matts-guitar-shop.com\/wp-content\/uploads\/2024\/09\/MGS-logo-site-02.png\",\"contentUrl\":\"https:\/\/www.matts-guitar-shop.com\/wp-content\/uploads\/2024\/09\/MGS-logo-site-02.png\",\"width\":200,\"height\":122,\"caption\":\"matts-guitar-shop.com\"},\"image\":{\"@id\":\"https:\/\/www.matts-guitar-shop.com\/de\/#\/schema\/logo\/image\/\"},\"sameAs\":[\"https:\/\/www.facebook.com\/profile.php?id=100044359842817\",\"https:\/\/www.instagram.com\/mattsguitarshop\/\",\"https:\/\/www.youtube.com\/@MattLucasMan\/videos\"]}]}<\/script>\n<!-- \/ Yoast SEO plugin. -->","yoast_head_json":{"title":"Taylor 812Ce - Ehemals Orianthis Sammlung - Matt&#039;s Guitar Shop","description":"Orianthis Karriere begann mit einer riesigen verpassten Gelegenheit, da sie Michaels Jacksons Gitarristin h\u00e4tte sein sollen.","robots":{"index":"index","follow":"follow","max-snippet":"max-snippet:-1","max-image-preview":"max-image-preview:large","max-video-preview":"max-video-preview:-1"},"canonical":"https:\/\/www.matts-guitar-shop.com\/de\/produit\/taylor-812ce-ehemals-orianthis-sammlung\/","og_locale":"de_DE","og_type":"article","og_title":"Taylor 812Ce - Ehemals Orianthis Sammlung - Matt&#039;s Guitar Shop","og_description":"Orianthis Karriere begann mit einer riesigen verpassten Gelegenheit, da sie Michaels Jacksons Gitarristin h\u00e4tte sein sollen.","og_url":"https:\/\/www.matts-guitar-shop.com\/de\/produit\/taylor-812ce-ehemals-orianthis-sammlung\/","og_site_name":"Matt&#039;s Guitar Shop","article_publisher":"https:\/\/www.facebook.com\/profile.php?id=100044359842817","article_modified_time":"2025-10-17T20:36:51+00:00","og_image":[{"width":700,"height":1011,"url":"https:\/\/www.matts-guitar-shop.com\/wp-content\/uploads\/2024\/08\/Taylor-812Ce-Orianthi-s-Collection-guitare.jpg","type":"image\/jpeg"}],"twitter_card":"summary_large_image","twitter_misc":{"Gesch\u00e4tzte Lesezeit":"1\u00a0Minute"},"schema":{"@context":"https:\/\/schema.org","@graph":[{"@type":"WebPage","@id":"https:\/\/www.matts-guitar-shop.com\/de\/produit\/taylor-812ce-ehemals-orianthis-sammlung\/","url":"https:\/\/www.matts-guitar-shop.com\/de\/produit\/taylor-812ce-ehemals-orianthis-sammlung\/","name":"Taylor 812Ce - Ehemals Orianthis Sammlung - Matt&#039;s Guitar Shop","isPartOf":{"@id":"https:\/\/www.matts-guitar-shop.com\/de\/#website"},"primaryImageOfPage":{"@id":"https:\/\/www.matts-guitar-shop.com\/de\/produit\/taylor-812ce-ehemals-orianthis-sammlung\/#primaryimage"},"image":{"@id":"https:\/\/www.matts-guitar-shop.com\/de\/produit\/taylor-812ce-ehemals-orianthis-sammlung\/#primaryimage"},"thumbnailUrl":"https:\/\/www.matts-guitar-shop.com\/wp-content\/uploads\/2024\/08\/Taylor-812Ce-Orianthi-s-Collection-guitare.jpg","datePublished":"2024-08-31T10:42:52+00:00","dateModified":"2025-10-17T20:36:51+00:00","description":"Orianthis Karriere begann mit einer riesigen verpassten Gelegenheit, da sie Michaels Jacksons Gitarristin h\u00e4tte sein sollen.","breadcrumb":{"@id":"https:\/\/www.matts-guitar-shop.com\/de\/produit\/taylor-812ce-ehemals-orianthis-sammlung\/#breadcrumb"},"inLanguage":"de","potentialAction":[{"@type":"ReadAction","target":["https:\/\/www.matts-guitar-shop.com\/de\/produit\/taylor-812ce-ehemals-orianthis-sammlung\/"]}]},{"@type":"ImageObject","inLanguage":"de","@id":"https:\/\/www.matts-guitar-shop.com\/de\/produit\/taylor-812ce-ehemals-orianthis-sammlung\/#primaryimage","url":"https:\/\/www.matts-guitar-shop.com\/wp-content\/uploads\/2024\/08\/Taylor-812Ce-Orianthi-s-Collection-guitare.jpg","contentUrl":"https:\/\/www.matts-guitar-shop.com\/wp-content\/uploads\/2024\/08\/Taylor-812Ce-Orianthi-s-Collection-guitare.jpg","width":700,"height":1011},{"@type":"BreadcrumbList","@id":"https:\/\/www.matts-guitar-shop.com\/de\/produit\/taylor-812ce-ehemals-orianthis-sammlung\/#breadcrumb","itemListElement":[{"@type":"ListItem","position":1,"name":"Startseite","item":"https:\/\/www.matts-guitar-shop.com\/de\/"},{"@type":"ListItem","position":2,"name":"Shop","item":"https:\/\/www.matts-guitar-shop.com\/de\/shop\/"},{"@type":"ListItem","position":3,"name":"Taylor 812Ce &#8211; Ehemals Orianthis Sammlung"}]},{"@type":"WebSite","@id":"https:\/\/www.matts-guitar-shop.com\/de\/#website","url":"https:\/\/www.matts-guitar-shop.com\/de\/","name":"matts-guitar-shop.com","description":"Guitar Shop","publisher":{"@id":"https:\/\/www.matts-guitar-shop.com\/de\/#organization"},"potentialAction":[{"@type":"SearchAction","target":{"@type":"EntryPoint","urlTemplate":"https:\/\/www.matts-guitar-shop.com\/de\/?s={search_term_string}"},"query-input":{"@type":"PropertyValueSpecification","valueRequired":true,"valueName":"search_term_string"}}],"inLanguage":"de"},{"@type":"Organization","@id":"https:\/\/www.matts-guitar-shop.com\/de\/#organization","name":"matts-guitar-shop.com","url":"https:\/\/www.matts-guitar-shop.com\/de\/","logo":{"@type":"ImageObject","inLanguage":"de","@id":"https:\/\/www.matts-guitar-shop.com\/de\/#\/schema\/logo\/image\/","url":"https:\/\/www.matts-guitar-shop.com\/wp-content\/uploads\/2024\/09\/MGS-logo-site-02.png","contentUrl":"https:\/\/www.matts-guitar-shop.com\/wp-content\/uploads\/2024\/09\/MGS-logo-site-02.png","width":200,"height":122,"caption":"matts-guitar-shop.com"},"image":{"@id":"https:\/\/www.matts-guitar-shop.com\/de\/#\/schema\/logo\/image\/"},"sameAs":["https:\/\/www.facebook.com\/profile.php?id=100044359842817","https:\/\/www.instagram.com\/mattsguitarshop\/","https:\/\/www.youtube.com\/@MattLucasMan\/videos"]}]}},"_links":{"self":[{"href":"https:\/\/www.matts-guitar-shop.com\/de\/wp-json\/wp\/v2\/product\/19941","targetHints":{"allow":["GET"]}}],"collection":[{"href":"https:\/\/www.matts-guitar-shop.com\/de\/wp-json\/wp\/v2\/product"}],"about":[{"href":"https:\/\/www.matts-guitar-shop.com\/de\/wp-json\/wp\/v2\/types\/product"}],"replies":[{"embeddable":true,"href":"https:\/\/www.matts-guitar-shop.com\/de\/wp-json\/wp\/v2\/comments?post=19941"}],"wp:featuredmedia":[{"embeddable":true,"href":"https:\/\/www.matts-guitar-shop.com\/de\/wp-json\/wp\/v2\/media\/8934"}],"wp:attachment":[{"href":"https:\/\/www.matts-guitar-shop.com\/de\/wp-json\/wp\/v2\/media?parent=19941"}],"wp:term":[{"taxonomy":"product_brand","embeddable":true,"href":"https:\/\/www.matts-guitar-shop.com\/de\/wp-json\/wp\/v2\/product_brand?post=19941"},{"taxonomy":"product_cat","embeddable":true,"href":"https:\/\/www.matts-guitar-shop.com\/de\/wp-json\/wp\/v2\/product_cat?post=19941"},{"taxonomy":"product_tag","embeddable":true,"href":"https:\/\/www.matts-guitar-shop.com\/de\/wp-json\/wp\/v2\/product_tag?post=19941"}],"curies":[{"name":"wp","href":"https:\/\/api.w.org\/{rel}","templated":true}]}}