{"id":19940,"date":"2024-08-31T12:39:59","date_gmt":"2024-08-31T10:39:59","guid":{"rendered":"https:\/\/www.matts-guitar-shop.com\/produit\/taylor-doubleneck-richie-sambora-signature-koa\/"},"modified":"2025-10-17T22:31:41","modified_gmt":"2025-10-17T20:31:41","slug":"taylor-doubleneck-richie-sambora-signature-koa","status":"publish","type":"product","link":"https:\/\/www.matts-guitar-shop.com\/de\/produit\/taylor-doubleneck-richie-sambora-signature-koa\/","title":{"rendered":"Taylor Doubleneck Richie Sambora Signature Koa"},"content":{"rendered":"<p>Richie Sambora<br \/> (1959)<\/p>\n<p>Band: Bon Jovi<br \/> Hauptgitarre: Fender Stratocaster Signature<br \/> Unbedingt anh\u00f6ren: Livin\u2019 On A Prayer<\/p>\n<p>Die Geschichte des Rock ist so gestrickt: F\u00fcr jeden Mick Jagger gibt es einen Keith Richards. F\u00fcr jeden Steven Tyler einen Joe Perry. F\u00fcr jeden Robert Plant einen Jimmy Page. F\u00fcr jeden Superstar-S\u00e4nger, der die Massen begeistert, gibt es einen zur\u00fcckhaltenden und unglaublich coolen Gitarristen, der den Hintergrund sichert und nur gelegentlich f\u00fcr kurze Soli die B\u00fchne \u00fcbernimmt.<\/p>\n<p>Richie Sambora stie\u00df 1983 zu der New-Jersey-Band Bon Jovi, wenige Monate nach deren Gr\u00fcndung. Von Anfang an erg\u00e4nzten sich Samboras Spiel und Pers\u00f6nlichkeit perfekt mit dem Bild des Frontmanns Jon Bon Jovi. Gemeinsam bildeten sie ein Songwriting-Duo, das klassische FM-Hard-Rock-Hits hervorbringen sollte, die bis heute auf allen Radiosendern gespielt werden. Der gro\u00dfe Durchbruch kam 1986 mit dem Album <i>Slippery When Wet<\/i>, auf dem Sambora neun der zehn Songs mitverfasste, darunter die Mega-Singles <i>Livin\u2019 On A Prayer<\/i>, <i>You Give Love A Bad Name<\/i> und <i>Wanted Dead Or Alive<\/i>. Man h\u00f6rt das schnelle, pr\u00e4zise, energiegeladene und einfallsreiche Spiel des Gitarrenhelden, der nat\u00fcrlich Elemente von Van Halen aufnahm, wie es damals unter Solisten \u00fcblich war, dabei aber seinen eigenen Stil entwickelte. Seine Arrangements zeigen sich u.\u202fa. im Einsatz der 12-Saiter bei <i>Wanted\u2026<\/i>, im Pitch Shifter des Solos von <i>You Give Love A Bad Name<\/i> und in der Talkbox bei <i>Livin\u2019 On A Prayer<\/i>.<\/p>\n<p>Von da an wurde die Band riesig und tourte weltweit vor begeisterten Fans. Bon Jovi gelang es mehrfach, nach einigen Jahren wieder an die Spitze zur\u00fcckzukehren, wodurch sie mehrere aufeinanderfolgende Generationen erreichten. So standen sie 1994 mit <i>Always<\/i> und 2000 mit <i>It\u2019s My Life<\/i> (ebenfalls von Sambora mitgeschrieben) erneut an der Spitze der Charts und gewannen ein neues Publikum, das sie bis heute verfolgt.<\/p>\n<p>Geplagt von pers\u00f6nlichen D\u00e4monen, musste Sambora 2013 die Band mitten auf einer Welt-Tour verlassen. Seitdem gr\u00fcndete er mit seiner Ex-Partnerin Orianthi die Band RSO und zeigt zunehmend Interesse an Telecaster und Esquire, nachdem er fr\u00fcher vor allem f\u00fcr seine Superstrats in der Bon-Jovi-\u00c4ra bekannt war. Samboras musikalische Zukunft h\u00e4lt sicherlich noch einige \u00dcberraschungen bereit.<\/p>\n","protected":false},"excerpt":{"rendered":"<p><strong>Beeindruckende Instrumente mit besonders eigenst\u00e4ndiger \u00c4sthetik \u2013 Doppelhals-Gitarren haben schnell den Status von Kuriosit\u00e4ten hinter sich gelassen und sind zum Privileg der technisch versiertesten und talentiertesten Musiker geworden. Untrennbar von epischen Rockst\u00fccken, sind diese erstaunlichen Instrumente zu Kultobjekten geworden, ebenso geheimnisvoll wie magisch. Unter den Gitarristen, die sie zu ihrem Markenzeichen gemacht haben, stehen Jimmy Page und Slash neben Richie Sambora. Der Gitarrist von Bon Jovi hat die M\u00f6glichkeiten dieser Instrumente mit au\u00dfergew\u00f6hnlichem harmonischem Potenzial vollst\u00e4ndig ausgesch\u00f6pft und sie auf mehreren Alben sowie bei jedem seiner Konzerte verwendet. Zwei dieser au\u00dfergew\u00f6hnlichen Instrumente sind im Matt\u2019s Guitar Shop zu entdecken. Speziell f\u00fcr Richie Sambora entworfen, weisen sie alle Besonderheiten dieser legend\u00e4ren Gitarren auf, die auf der Musikszene eine Ausnahme darstellen. Diese akustische Doppelhals-Taylor ist ein fantastisches Instrument, das Teil einer Serie von drei f\u00fcr Richie Sambora produzierten Gitarren ist.<\/strong><\/p>\n<p>Richie Sambora geh\u00f6rt zu jenen virtuosen Musikern, die ganze Stadien allein mit der Kraft ihrer H\u00e4nde zum Beben brachten. Als Gitarrist von Bon Jovi entfaltete er jeden Abend seine Magie auf der Gitarre, um die Massen mit den gr\u00f6\u00dften Hits und Soli der amerikanischen Band zu begeistern. Neben seinen Gitarrentalenten entwickelte Richie Sambora ein feines Gesp\u00fcr f\u00fcr Instrumente und eine besondere Liebe f\u00fcr au\u00dfergew\u00f6hnliche St\u00fccke. Es war nur selbstverst\u00e4ndlich, dass er den Doppelhals-Gitarren einen zentralen Platz in seinem Tour-Equipment einr\u00e4umte. Diese Gitarren mit \u00fcberlegener harmonischer Reichhaltigkeit passten ideal zu Samboras ambitionierten Kompositionen, mit denen er den Klang wechseln konnte, ohne das Instrument zu wechseln. Schwer zu sagen, wer so sehr mit diesen au\u00dfergew\u00f6hnlichen Instrumenten verbunden ist wie Richie Sambora: die unverwechselbare Ovation, die warme Taylor, die legend\u00e4re Telecaster \u2013 alle Doppelhals \u2013 oder die beeindruckende dreifache Ovation aus Moskau &#8230; Er umgab sich mit zahlreichen akustischen und elektrischen Instrumenten, die seinen h\u00f6chsten Anspr\u00fcchen gen\u00fcgten.<\/p>\n<p>Diese Taylor Doppelhals Richie Sambora Signature Koa ist eine akustische Gitarre von au\u00dfergew\u00f6hnlicher Qualit\u00e4t, speziell f\u00fcr den Gitarristen entworfen. Sie reiht sich direkt in die Linie seiner komplexen und anspruchsvollen Instrumente ein. Immer auf der Suche nach einer besonders breiten Klangpalette, arbeitete er mit den Besten zusammen, um technisch und musikalisch bemerkenswerte Gitarren zu entwerfen und zu produzieren: Diese Taylor erf\u00fcllt all diese Kriterien. Es ist eine au\u00dfergew\u00f6hnliche Gitarre mit klarem, warmem und pr\u00e4zisem Klang, die einen unteren Hals mit zw\u00f6lf Saiten und einen weiteren mit sechs Saiten kombiniert. Komplett aus Koa gefertigt, bietet sie einen au\u00dfergew\u00f6hnlich geflammten R\u00fccken, einen Hals aus Mahagoni und ein Griffbrett aus Ebenholz. Die Herstellung dieser Gitarre war eine so gro\u00dfe technische Herausforderung, dass die Gitarrenbauer von Taylor beschlossen, nur drei Exemplare zu fertigen. Richie behielt eine, eine weitere wurde an den Produzenten und Freund von Richie Sambora, Bob Rock, gegeben, und die letzte ist im Matt\u2019s Guitar Shop erh\u00e4ltlich. Diese Taylor ist eine absolut au\u00dfergew\u00f6hnliche Gitarre, die von Richie gespielt wurde und eine beeindruckende Resonanz und Klarheit besitzt. Eine wahre Ausnahmegitarre, die im Matt\u2019s Guitar Shop entdeckt werden kann!<\/p>\n<p><strong>Wenn Sie Fragen zu diesem Produkt haben, kontaktieren Sie uns!<\/strong><\/p>\n","protected":false},"featured_media":8795,"comment_status":"open","ping_status":"closed","template":"","meta":{"_et_pb_use_builder":"","_et_pb_old_content":"","_et_gb_content_width":""},"product_brand":[],"product_cat":[675,673,670],"product_tag":[],"class_list":{"0":"post-19940","1":"product","2":"type-product","3":"status-publish","4":"has-post-thumbnail","6":"product_cat-akustikgitarren","7":"product_cat-gitarren","8":"product_cat-kuenstler","9":"pa_artiste-richie-sambora-de","10":"pa_disponibilite-zu-verkaufen","11":"pa_marque-taylor-de","13":"first","14":"instock","15":"shipping-taxable","16":"product-type-simple"},"yoast_head":"<!-- This site is optimized with the Yoast SEO plugin v26.8 - https:\/\/yoast.com\/product\/yoast-seo-wordpress\/ -->\n<title>Taylor Doubleneck Richie Sambora Signature Koa - Matt&#039;s Guitar Shop<\/title>\n<meta name=\"description\" content=\"Beeindruckende Instrumente mit besonders eigenst\u00e4ndiger \u00c4sthetik \u2013 die Doppelhalsgitarren haben schnell den Status reiner Kuriosit\u00e4ten \u00fcberschritten.\" \/>\n<meta name=\"robots\" content=\"index, follow, max-snippet:-1, max-image-preview:large, max-video-preview:-1\" \/>\n<link rel=\"canonical\" href=\"https:\/\/www.matts-guitar-shop.com\/de\/produit\/taylor-doubleneck-richie-sambora-signature-koa\/\" \/>\n<meta property=\"og:locale\" content=\"de_DE\" \/>\n<meta property=\"og:type\" content=\"article\" \/>\n<meta property=\"og:title\" content=\"Taylor Doubleneck Richie Sambora Signature Koa - Matt&#039;s Guitar Shop\" \/>\n<meta property=\"og:description\" content=\"Beeindruckende Instrumente mit besonders eigenst\u00e4ndiger \u00c4sthetik \u2013 die Doppelhalsgitarren haben schnell den Status reiner Kuriosit\u00e4ten \u00fcberschritten.\" \/>\n<meta property=\"og:url\" content=\"https:\/\/www.matts-guitar-shop.com\/de\/produit\/taylor-doubleneck-richie-sambora-signature-koa\/\" \/>\n<meta property=\"og:site_name\" content=\"Matt&#039;s Guitar Shop\" \/>\n<meta property=\"article:publisher\" content=\"https:\/\/www.facebook.com\/profile.php?id=100044359842817\" \/>\n<meta property=\"article:modified_time\" content=\"2025-10-17T20:31:41+00:00\" \/>\n<meta property=\"og:image\" content=\"https:\/\/www.matts-guitar-shop.com\/wp-content\/uploads\/2024\/08\/Taylor-Doubleneck-Richie-Sambora-Signature-Koa-guitare-00.jpg\" \/>\n\t<meta property=\"og:image:width\" content=\"700\" \/>\n\t<meta property=\"og:image:height\" content=\"1011\" \/>\n\t<meta property=\"og:image:type\" content=\"image\/jpeg\" \/>\n<meta name=\"twitter:card\" content=\"summary_large_image\" \/>\n<meta name=\"twitter:label1\" content=\"Gesch\u00e4tzte Lesezeit\" \/>\n\t<meta name=\"twitter:data1\" content=\"2\u00a0Minuten\" \/>\n<script type=\"application\/ld+json\" class=\"yoast-schema-graph\">{\"@context\":\"https:\/\/schema.org\",\"@graph\":[{\"@type\":\"WebPage\",\"@id\":\"https:\/\/www.matts-guitar-shop.com\/de\/produit\/taylor-doubleneck-richie-sambora-signature-koa\/\",\"url\":\"https:\/\/www.matts-guitar-shop.com\/de\/produit\/taylor-doubleneck-richie-sambora-signature-koa\/\",\"name\":\"Taylor Doubleneck Richie Sambora Signature Koa - Matt&#039;s Guitar Shop\",\"isPartOf\":{\"@id\":\"https:\/\/www.matts-guitar-shop.com\/de\/#website\"},\"primaryImageOfPage\":{\"@id\":\"https:\/\/www.matts-guitar-shop.com\/de\/produit\/taylor-doubleneck-richie-sambora-signature-koa\/#primaryimage\"},\"image\":{\"@id\":\"https:\/\/www.matts-guitar-shop.com\/de\/produit\/taylor-doubleneck-richie-sambora-signature-koa\/#primaryimage\"},\"thumbnailUrl\":\"https:\/\/www.matts-guitar-shop.com\/wp-content\/uploads\/2024\/08\/Taylor-Doubleneck-Richie-Sambora-Signature-Koa-guitare-00.jpg\",\"datePublished\":\"2024-08-31T10:39:59+00:00\",\"dateModified\":\"2025-10-17T20:31:41+00:00\",\"description\":\"Beeindruckende Instrumente mit besonders eigenst\u00e4ndiger \u00c4sthetik \u2013 die Doppelhalsgitarren haben schnell den Status reiner Kuriosit\u00e4ten \u00fcberschritten.\",\"breadcrumb\":{\"@id\":\"https:\/\/www.matts-guitar-shop.com\/de\/produit\/taylor-doubleneck-richie-sambora-signature-koa\/#breadcrumb\"},\"inLanguage\":\"de\",\"potentialAction\":[{\"@type\":\"ReadAction\",\"target\":[\"https:\/\/www.matts-guitar-shop.com\/de\/produit\/taylor-doubleneck-richie-sambora-signature-koa\/\"]}]},{\"@type\":\"ImageObject\",\"inLanguage\":\"de\",\"@id\":\"https:\/\/www.matts-guitar-shop.com\/de\/produit\/taylor-doubleneck-richie-sambora-signature-koa\/#primaryimage\",\"url\":\"https:\/\/www.matts-guitar-shop.com\/wp-content\/uploads\/2024\/08\/Taylor-Doubleneck-Richie-Sambora-Signature-Koa-guitare-00.jpg\",\"contentUrl\":\"https:\/\/www.matts-guitar-shop.com\/wp-content\/uploads\/2024\/08\/Taylor-Doubleneck-Richie-Sambora-Signature-Koa-guitare-00.jpg\",\"width\":700,\"height\":1011},{\"@type\":\"BreadcrumbList\",\"@id\":\"https:\/\/www.matts-guitar-shop.com\/de\/produit\/taylor-doubleneck-richie-sambora-signature-koa\/#breadcrumb\",\"itemListElement\":[{\"@type\":\"ListItem\",\"position\":1,\"name\":\"Startseite\",\"item\":\"https:\/\/www.matts-guitar-shop.com\/de\/\"},{\"@type\":\"ListItem\",\"position\":2,\"name\":\"Shop\",\"item\":\"https:\/\/www.matts-guitar-shop.com\/de\/shop\/\"},{\"@type\":\"ListItem\",\"position\":3,\"name\":\"Taylor Doubleneck Richie Sambora Signature Koa\"}]},{\"@type\":\"WebSite\",\"@id\":\"https:\/\/www.matts-guitar-shop.com\/de\/#website\",\"url\":\"https:\/\/www.matts-guitar-shop.com\/de\/\",\"name\":\"matts-guitar-shop.com\",\"description\":\"Guitar Shop\",\"publisher\":{\"@id\":\"https:\/\/www.matts-guitar-shop.com\/de\/#organization\"},\"potentialAction\":[{\"@type\":\"SearchAction\",\"target\":{\"@type\":\"EntryPoint\",\"urlTemplate\":\"https:\/\/www.matts-guitar-shop.com\/de\/?s={search_term_string}\"},\"query-input\":{\"@type\":\"PropertyValueSpecification\",\"valueRequired\":true,\"valueName\":\"search_term_string\"}}],\"inLanguage\":\"de\"},{\"@type\":\"Organization\",\"@id\":\"https:\/\/www.matts-guitar-shop.com\/de\/#organization\",\"name\":\"matts-guitar-shop.com\",\"url\":\"https:\/\/www.matts-guitar-shop.com\/de\/\",\"logo\":{\"@type\":\"ImageObject\",\"inLanguage\":\"de\",\"@id\":\"https:\/\/www.matts-guitar-shop.com\/de\/#\/schema\/logo\/image\/\",\"url\":\"https:\/\/www.matts-guitar-shop.com\/wp-content\/uploads\/2024\/09\/MGS-logo-site-02.png\",\"contentUrl\":\"https:\/\/www.matts-guitar-shop.com\/wp-content\/uploads\/2024\/09\/MGS-logo-site-02.png\",\"width\":200,\"height\":122,\"caption\":\"matts-guitar-shop.com\"},\"image\":{\"@id\":\"https:\/\/www.matts-guitar-shop.com\/de\/#\/schema\/logo\/image\/\"},\"sameAs\":[\"https:\/\/www.facebook.com\/profile.php?id=100044359842817\",\"https:\/\/www.instagram.com\/mattsguitarshop\/\",\"https:\/\/www.youtube.com\/@MattLucasMan\/videos\"]}]}<\/script>\n<!-- \/ Yoast SEO plugin. -->","yoast_head_json":{"title":"Taylor Doubleneck Richie Sambora Signature Koa - Matt&#039;s Guitar Shop","description":"Beeindruckende Instrumente mit besonders eigenst\u00e4ndiger \u00c4sthetik \u2013 die Doppelhalsgitarren haben schnell den Status reiner Kuriosit\u00e4ten \u00fcberschritten.","robots":{"index":"index","follow":"follow","max-snippet":"max-snippet:-1","max-image-preview":"max-image-preview:large","max-video-preview":"max-video-preview:-1"},"canonical":"https:\/\/www.matts-guitar-shop.com\/de\/produit\/taylor-doubleneck-richie-sambora-signature-koa\/","og_locale":"de_DE","og_type":"article","og_title":"Taylor Doubleneck Richie Sambora Signature Koa - Matt&#039;s Guitar Shop","og_description":"Beeindruckende Instrumente mit besonders eigenst\u00e4ndiger \u00c4sthetik \u2013 die Doppelhalsgitarren haben schnell den Status reiner Kuriosit\u00e4ten \u00fcberschritten.","og_url":"https:\/\/www.matts-guitar-shop.com\/de\/produit\/taylor-doubleneck-richie-sambora-signature-koa\/","og_site_name":"Matt&#039;s Guitar Shop","article_publisher":"https:\/\/www.facebook.com\/profile.php?id=100044359842817","article_modified_time":"2025-10-17T20:31:41+00:00","og_image":[{"width":700,"height":1011,"url":"https:\/\/www.matts-guitar-shop.com\/wp-content\/uploads\/2024\/08\/Taylor-Doubleneck-Richie-Sambora-Signature-Koa-guitare-00.jpg","type":"image\/jpeg"}],"twitter_card":"summary_large_image","twitter_misc":{"Gesch\u00e4tzte Lesezeit":"2\u00a0Minuten"},"schema":{"@context":"https:\/\/schema.org","@graph":[{"@type":"WebPage","@id":"https:\/\/www.matts-guitar-shop.com\/de\/produit\/taylor-doubleneck-richie-sambora-signature-koa\/","url":"https:\/\/www.matts-guitar-shop.com\/de\/produit\/taylor-doubleneck-richie-sambora-signature-koa\/","name":"Taylor Doubleneck Richie Sambora Signature Koa - Matt&#039;s Guitar Shop","isPartOf":{"@id":"https:\/\/www.matts-guitar-shop.com\/de\/#website"},"primaryImageOfPage":{"@id":"https:\/\/www.matts-guitar-shop.com\/de\/produit\/taylor-doubleneck-richie-sambora-signature-koa\/#primaryimage"},"image":{"@id":"https:\/\/www.matts-guitar-shop.com\/de\/produit\/taylor-doubleneck-richie-sambora-signature-koa\/#primaryimage"},"thumbnailUrl":"https:\/\/www.matts-guitar-shop.com\/wp-content\/uploads\/2024\/08\/Taylor-Doubleneck-Richie-Sambora-Signature-Koa-guitare-00.jpg","datePublished":"2024-08-31T10:39:59+00:00","dateModified":"2025-10-17T20:31:41+00:00","description":"Beeindruckende Instrumente mit besonders eigenst\u00e4ndiger \u00c4sthetik \u2013 die Doppelhalsgitarren haben schnell den Status reiner Kuriosit\u00e4ten \u00fcberschritten.","breadcrumb":{"@id":"https:\/\/www.matts-guitar-shop.com\/de\/produit\/taylor-doubleneck-richie-sambora-signature-koa\/#breadcrumb"},"inLanguage":"de","potentialAction":[{"@type":"ReadAction","target":["https:\/\/www.matts-guitar-shop.com\/de\/produit\/taylor-doubleneck-richie-sambora-signature-koa\/"]}]},{"@type":"ImageObject","inLanguage":"de","@id":"https:\/\/www.matts-guitar-shop.com\/de\/produit\/taylor-doubleneck-richie-sambora-signature-koa\/#primaryimage","url":"https:\/\/www.matts-guitar-shop.com\/wp-content\/uploads\/2024\/08\/Taylor-Doubleneck-Richie-Sambora-Signature-Koa-guitare-00.jpg","contentUrl":"https:\/\/www.matts-guitar-shop.com\/wp-content\/uploads\/2024\/08\/Taylor-Doubleneck-Richie-Sambora-Signature-Koa-guitare-00.jpg","width":700,"height":1011},{"@type":"BreadcrumbList","@id":"https:\/\/www.matts-guitar-shop.com\/de\/produit\/taylor-doubleneck-richie-sambora-signature-koa\/#breadcrumb","itemListElement":[{"@type":"ListItem","position":1,"name":"Startseite","item":"https:\/\/www.matts-guitar-shop.com\/de\/"},{"@type":"ListItem","position":2,"name":"Shop","item":"https:\/\/www.matts-guitar-shop.com\/de\/shop\/"},{"@type":"ListItem","position":3,"name":"Taylor Doubleneck Richie Sambora Signature Koa"}]},{"@type":"WebSite","@id":"https:\/\/www.matts-guitar-shop.com\/de\/#website","url":"https:\/\/www.matts-guitar-shop.com\/de\/","name":"matts-guitar-shop.com","description":"Guitar Shop","publisher":{"@id":"https:\/\/www.matts-guitar-shop.com\/de\/#organization"},"potentialAction":[{"@type":"SearchAction","target":{"@type":"EntryPoint","urlTemplate":"https:\/\/www.matts-guitar-shop.com\/de\/?s={search_term_string}"},"query-input":{"@type":"PropertyValueSpecification","valueRequired":true,"valueName":"search_term_string"}}],"inLanguage":"de"},{"@type":"Organization","@id":"https:\/\/www.matts-guitar-shop.com\/de\/#organization","name":"matts-guitar-shop.com","url":"https:\/\/www.matts-guitar-shop.com\/de\/","logo":{"@type":"ImageObject","inLanguage":"de","@id":"https:\/\/www.matts-guitar-shop.com\/de\/#\/schema\/logo\/image\/","url":"https:\/\/www.matts-guitar-shop.com\/wp-content\/uploads\/2024\/09\/MGS-logo-site-02.png","contentUrl":"https:\/\/www.matts-guitar-shop.com\/wp-content\/uploads\/2024\/09\/MGS-logo-site-02.png","width":200,"height":122,"caption":"matts-guitar-shop.com"},"image":{"@id":"https:\/\/www.matts-guitar-shop.com\/de\/#\/schema\/logo\/image\/"},"sameAs":["https:\/\/www.facebook.com\/profile.php?id=100044359842817","https:\/\/www.instagram.com\/mattsguitarshop\/","https:\/\/www.youtube.com\/@MattLucasMan\/videos"]}]}},"_links":{"self":[{"href":"https:\/\/www.matts-guitar-shop.com\/de\/wp-json\/wp\/v2\/product\/19940","targetHints":{"allow":["GET"]}}],"collection":[{"href":"https:\/\/www.matts-guitar-shop.com\/de\/wp-json\/wp\/v2\/product"}],"about":[{"href":"https:\/\/www.matts-guitar-shop.com\/de\/wp-json\/wp\/v2\/types\/product"}],"replies":[{"embeddable":true,"href":"https:\/\/www.matts-guitar-shop.com\/de\/wp-json\/wp\/v2\/comments?post=19940"}],"wp:featuredmedia":[{"embeddable":true,"href":"https:\/\/www.matts-guitar-shop.com\/de\/wp-json\/wp\/v2\/media\/8795"}],"wp:attachment":[{"href":"https:\/\/www.matts-guitar-shop.com\/de\/wp-json\/wp\/v2\/media?parent=19940"}],"wp:term":[{"taxonomy":"product_brand","embeddable":true,"href":"https:\/\/www.matts-guitar-shop.com\/de\/wp-json\/wp\/v2\/product_brand?post=19940"},{"taxonomy":"product_cat","embeddable":true,"href":"https:\/\/www.matts-guitar-shop.com\/de\/wp-json\/wp\/v2\/product_cat?post=19940"},{"taxonomy":"product_tag","embeddable":true,"href":"https:\/\/www.matts-guitar-shop.com\/de\/wp-json\/wp\/v2\/product_tag?post=19940"}],"curies":[{"name":"wp","href":"https:\/\/api.w.org\/{rel}","templated":true}]}}