{"id":19939,"date":"2024-08-31T12:17:27","date_gmt":"2024-08-31T10:17:27","guid":{"rendered":"https:\/\/www.matts-guitar-shop.com\/produit\/bass-lightwave-saber-fretless-ehemals-greg-allman-allman-brothers\/"},"modified":"2025-10-17T22:30:30","modified_gmt":"2025-10-17T20:30:30","slug":"bass-lightwave-saber-fretless-ehemals-greg-allman-allman-brothers","status":"publish","type":"product","link":"https:\/\/www.matts-guitar-shop.com\/de\/produit\/bass-lightwave-saber-fretless-ehemals-greg-allman-allman-brothers\/","title":{"rendered":"Bass Lightwave Saber Fretless Ehemals Greg Allman \/ Allman Brothers"},"content":{"rendered":"<p>Bass Lightwave Saber Fretless Ex Greg Allman \/ Allman Brothers<\/p>\n","protected":false},"excerpt":{"rendered":"<p><strong>Als die beiden Br\u00fcder Gregg und Duane Allman Ende der 1960er Jahre in Jacksonville, Florida, die Allman Brothers gr\u00fcndeten, waren sie bereit, ihren Namen in die Ruhmeshalle der legend\u00e4ren Bands einzuschreiben. Mit Einfl\u00fcssen aus Blues, Jazz und Country in ihrer Musik wurden sie zu den Pionieren des Southern Rock. Die Allman Brothers wiesen zahlreichen nachfolgenden K\u00fcnstlern den Weg durch ihr musikalisches Zusammenspiel und ihr meisterhaftes Live-Spiel. Heute sind sie Teil der Rocklegende, insbesondere durch ihr unverkennbares Gesp\u00fcr f\u00fcr Jam-Sessions und Improvisation auf der B\u00fchne. Bei einem Konzert, in dem Jam-Sessions einen so gro\u00dfen Stellenwert haben, ist das vom Musiker gew\u00e4hlte Instrument von unsch\u00e4tzbarem Wert, da es eine sehr enge Verbindung erm\u00f6glicht, um das beste Spielgef\u00fchl zu erzielen. Dieser Lightwave-Bass in nat\u00fcrlicher Ausf\u00fchrung ist ein direktes Beispiel f\u00fcr Gregg Allmans Spielgewohnheiten als Multiinstrumentalist: Es ist ein Bass, den er gespielt und besonders gesch\u00e4tzt hat.<\/strong><\/p>\n<p>Von den beiden Gr\u00fcnderbr\u00fcdern trug Gregg das Feuer der Familienband am l\u00e4ngsten. Nach dem tragischen Tod von Duane f\u00fchrte Gregg die Band durch mehrere Neugr\u00fcndungen hindurch und bem\u00fchte sich, den urspr\u00fcnglichen Geist der Band aufrechtzuerhalten \u2013 zwischen Rockrhythmen und improvisierten H\u00f6henfl\u00fcgen. Dieser Bass ist ein privilegiertes Zeugnis des kreativen und musikalischen Werdegangs eines der Gr\u00fcndungsmitglieder der Allman Brothers. Er zeigt das <strong>gesamte Talent von Gregg Allman<\/strong>, einem Multiinstrumentalisten, der zahlreiche Instrumente spielte. Dieser Bass befand sich mehrere Jahre in seinem Besitz, als Erstbesitz und mit gro\u00dfer Sorgfalt behandelt. Es ist ein Instrument mit prestigetr\u00e4chtiger Herkunft, das zu den Wurzeln einer der gr\u00f6\u00dften Bands der Geschichte zur\u00fcckf\u00fchrt!<\/p>\n","protected":false},"featured_media":8674,"comment_status":"open","ping_status":"closed","template":"","meta":{"_et_pb_use_builder":"","_et_pb_old_content":"","_et_gb_content_width":""},"product_brand":[],"product_cat":[672],"product_tag":[],"class_list":{"0":"post-19939","1":"product","2":"type-product","3":"status-publish","4":"has-post-thumbnail","6":"product_cat-verkaufte","7":"pa_disponibilite-verkauft","8":"pa_marque-saber-de","10":"first","11":"outofstock","12":"shipping-taxable","13":"product-type-simple"},"yoast_head":"<!-- This site is optimized with the Yoast SEO plugin v26.8 - https:\/\/yoast.com\/product\/yoast-seo-wordpress\/ -->\n<title>Bass Lightwave Saber Fretless Ehemals Greg Allman \/ Allman Brothers - Matt&#039;s Guitar Shop<\/title>\n<meta name=\"description\" content=\"Bass Lightwave Saber Fretless ex-Gregg Allman (Allman Brothers). Ein fretless Bass mit legend\u00e4rer Herkunft, au\u00dfergew\u00f6hnliches Instrument f\u00fcr Sammler.\" \/>\n<meta name=\"robots\" content=\"index, follow, max-snippet:-1, max-image-preview:large, max-video-preview:-1\" \/>\n<link rel=\"canonical\" href=\"https:\/\/www.matts-guitar-shop.com\/de\/produit\/bass-lightwave-saber-fretless-ehemals-greg-allman-allman-brothers\/\" \/>\n<meta property=\"og:locale\" content=\"de_DE\" \/>\n<meta property=\"og:type\" content=\"article\" \/>\n<meta property=\"og:title\" content=\"Bass Lightwave Saber Fretless Ehemals Greg Allman \/ Allman Brothers - Matt&#039;s Guitar Shop\" \/>\n<meta property=\"og:description\" content=\"Bass Lightwave Saber Fretless ex-Gregg Allman (Allman Brothers). Ein fretless Bass mit legend\u00e4rer Herkunft, au\u00dfergew\u00f6hnliches Instrument f\u00fcr Sammler.\" \/>\n<meta property=\"og:url\" content=\"https:\/\/www.matts-guitar-shop.com\/de\/produit\/bass-lightwave-saber-fretless-ehemals-greg-allman-allman-brothers\/\" \/>\n<meta property=\"og:site_name\" content=\"Matt&#039;s Guitar Shop\" \/>\n<meta property=\"article:publisher\" content=\"https:\/\/www.facebook.com\/profile.php?id=100044359842817\" \/>\n<meta property=\"article:modified_time\" content=\"2025-10-17T20:30:30+00:00\" \/>\n<meta property=\"og:image\" content=\"https:\/\/www.matts-guitar-shop.com\/wp-content\/uploads\/2024\/08\/Saber-Bass-Lightwave-Fretless-Ex-Greg-Allman-Allman-Brothers-00.jpg\" \/>\n\t<meta property=\"og:image:width\" content=\"700\" \/>\n\t<meta property=\"og:image:height\" content=\"1011\" \/>\n\t<meta property=\"og:image:type\" content=\"image\/jpeg\" \/>\n<meta name=\"twitter:card\" content=\"summary_large_image\" \/>\n<script type=\"application\/ld+json\" class=\"yoast-schema-graph\">{\"@context\":\"https:\/\/schema.org\",\"@graph\":[{\"@type\":\"WebPage\",\"@id\":\"https:\/\/www.matts-guitar-shop.com\/de\/produit\/bass-lightwave-saber-fretless-ehemals-greg-allman-allman-brothers\/\",\"url\":\"https:\/\/www.matts-guitar-shop.com\/de\/produit\/bass-lightwave-saber-fretless-ehemals-greg-allman-allman-brothers\/\",\"name\":\"Bass Lightwave Saber Fretless Ehemals Greg Allman \/ Allman Brothers - Matt&#039;s Guitar Shop\",\"isPartOf\":{\"@id\":\"https:\/\/www.matts-guitar-shop.com\/de\/#website\"},\"primaryImageOfPage\":{\"@id\":\"https:\/\/www.matts-guitar-shop.com\/de\/produit\/bass-lightwave-saber-fretless-ehemals-greg-allman-allman-brothers\/#primaryimage\"},\"image\":{\"@id\":\"https:\/\/www.matts-guitar-shop.com\/de\/produit\/bass-lightwave-saber-fretless-ehemals-greg-allman-allman-brothers\/#primaryimage\"},\"thumbnailUrl\":\"https:\/\/www.matts-guitar-shop.com\/wp-content\/uploads\/2024\/08\/Saber-Bass-Lightwave-Fretless-Ex-Greg-Allman-Allman-Brothers-00.jpg\",\"datePublished\":\"2024-08-31T10:17:27+00:00\",\"dateModified\":\"2025-10-17T20:30:30+00:00\",\"description\":\"Bass Lightwave Saber Fretless ex-Gregg Allman (Allman Brothers). Ein fretless Bass mit legend\u00e4rer Herkunft, au\u00dfergew\u00f6hnliches Instrument f\u00fcr Sammler.\",\"breadcrumb\":{\"@id\":\"https:\/\/www.matts-guitar-shop.com\/de\/produit\/bass-lightwave-saber-fretless-ehemals-greg-allman-allman-brothers\/#breadcrumb\"},\"inLanguage\":\"de\",\"potentialAction\":[{\"@type\":\"ReadAction\",\"target\":[\"https:\/\/www.matts-guitar-shop.com\/de\/produit\/bass-lightwave-saber-fretless-ehemals-greg-allman-allman-brothers\/\"]}]},{\"@type\":\"ImageObject\",\"inLanguage\":\"de\",\"@id\":\"https:\/\/www.matts-guitar-shop.com\/de\/produit\/bass-lightwave-saber-fretless-ehemals-greg-allman-allman-brothers\/#primaryimage\",\"url\":\"https:\/\/www.matts-guitar-shop.com\/wp-content\/uploads\/2024\/08\/Saber-Bass-Lightwave-Fretless-Ex-Greg-Allman-Allman-Brothers-00.jpg\",\"contentUrl\":\"https:\/\/www.matts-guitar-shop.com\/wp-content\/uploads\/2024\/08\/Saber-Bass-Lightwave-Fretless-Ex-Greg-Allman-Allman-Brothers-00.jpg\",\"width\":700,\"height\":1011},{\"@type\":\"BreadcrumbList\",\"@id\":\"https:\/\/www.matts-guitar-shop.com\/de\/produit\/bass-lightwave-saber-fretless-ehemals-greg-allman-allman-brothers\/#breadcrumb\",\"itemListElement\":[{\"@type\":\"ListItem\",\"position\":1,\"name\":\"Startseite\",\"item\":\"https:\/\/www.matts-guitar-shop.com\/de\/\"},{\"@type\":\"ListItem\",\"position\":2,\"name\":\"Shop\",\"item\":\"https:\/\/www.matts-guitar-shop.com\/de\/shop\/\"},{\"@type\":\"ListItem\",\"position\":3,\"name\":\"Bass Lightwave Saber Fretless Ehemals Greg Allman \/ Allman Brothers\"}]},{\"@type\":\"WebSite\",\"@id\":\"https:\/\/www.matts-guitar-shop.com\/de\/#website\",\"url\":\"https:\/\/www.matts-guitar-shop.com\/de\/\",\"name\":\"matts-guitar-shop.com\",\"description\":\"Guitar Shop\",\"publisher\":{\"@id\":\"https:\/\/www.matts-guitar-shop.com\/de\/#organization\"},\"potentialAction\":[{\"@type\":\"SearchAction\",\"target\":{\"@type\":\"EntryPoint\",\"urlTemplate\":\"https:\/\/www.matts-guitar-shop.com\/de\/?s={search_term_string}\"},\"query-input\":{\"@type\":\"PropertyValueSpecification\",\"valueRequired\":true,\"valueName\":\"search_term_string\"}}],\"inLanguage\":\"de\"},{\"@type\":\"Organization\",\"@id\":\"https:\/\/www.matts-guitar-shop.com\/de\/#organization\",\"name\":\"matts-guitar-shop.com\",\"url\":\"https:\/\/www.matts-guitar-shop.com\/de\/\",\"logo\":{\"@type\":\"ImageObject\",\"inLanguage\":\"de\",\"@id\":\"https:\/\/www.matts-guitar-shop.com\/de\/#\/schema\/logo\/image\/\",\"url\":\"https:\/\/www.matts-guitar-shop.com\/wp-content\/uploads\/2024\/09\/MGS-logo-site-02.png\",\"contentUrl\":\"https:\/\/www.matts-guitar-shop.com\/wp-content\/uploads\/2024\/09\/MGS-logo-site-02.png\",\"width\":200,\"height\":122,\"caption\":\"matts-guitar-shop.com\"},\"image\":{\"@id\":\"https:\/\/www.matts-guitar-shop.com\/de\/#\/schema\/logo\/image\/\"},\"sameAs\":[\"https:\/\/www.facebook.com\/profile.php?id=100044359842817\",\"https:\/\/www.instagram.com\/mattsguitarshop\/\",\"https:\/\/www.youtube.com\/@MattLucasMan\/videos\"]}]}<\/script>\n<!-- \/ Yoast SEO plugin. -->","yoast_head_json":{"title":"Bass Lightwave Saber Fretless Ehemals Greg Allman \/ Allman Brothers - Matt&#039;s Guitar Shop","description":"Bass Lightwave Saber Fretless ex-Gregg Allman (Allman Brothers). Ein fretless Bass mit legend\u00e4rer Herkunft, au\u00dfergew\u00f6hnliches Instrument f\u00fcr Sammler.","robots":{"index":"index","follow":"follow","max-snippet":"max-snippet:-1","max-image-preview":"max-image-preview:large","max-video-preview":"max-video-preview:-1"},"canonical":"https:\/\/www.matts-guitar-shop.com\/de\/produit\/bass-lightwave-saber-fretless-ehemals-greg-allman-allman-brothers\/","og_locale":"de_DE","og_type":"article","og_title":"Bass Lightwave Saber Fretless Ehemals Greg Allman \/ Allman Brothers - Matt&#039;s Guitar Shop","og_description":"Bass Lightwave Saber Fretless ex-Gregg Allman (Allman Brothers). Ein fretless Bass mit legend\u00e4rer Herkunft, au\u00dfergew\u00f6hnliches Instrument f\u00fcr Sammler.","og_url":"https:\/\/www.matts-guitar-shop.com\/de\/produit\/bass-lightwave-saber-fretless-ehemals-greg-allman-allman-brothers\/","og_site_name":"Matt&#039;s Guitar Shop","article_publisher":"https:\/\/www.facebook.com\/profile.php?id=100044359842817","article_modified_time":"2025-10-17T20:30:30+00:00","og_image":[{"width":700,"height":1011,"url":"https:\/\/www.matts-guitar-shop.com\/wp-content\/uploads\/2024\/08\/Saber-Bass-Lightwave-Fretless-Ex-Greg-Allman-Allman-Brothers-00.jpg","type":"image\/jpeg"}],"twitter_card":"summary_large_image","schema":{"@context":"https:\/\/schema.org","@graph":[{"@type":"WebPage","@id":"https:\/\/www.matts-guitar-shop.com\/de\/produit\/bass-lightwave-saber-fretless-ehemals-greg-allman-allman-brothers\/","url":"https:\/\/www.matts-guitar-shop.com\/de\/produit\/bass-lightwave-saber-fretless-ehemals-greg-allman-allman-brothers\/","name":"Bass Lightwave Saber Fretless Ehemals Greg Allman \/ Allman Brothers - Matt&#039;s Guitar Shop","isPartOf":{"@id":"https:\/\/www.matts-guitar-shop.com\/de\/#website"},"primaryImageOfPage":{"@id":"https:\/\/www.matts-guitar-shop.com\/de\/produit\/bass-lightwave-saber-fretless-ehemals-greg-allman-allman-brothers\/#primaryimage"},"image":{"@id":"https:\/\/www.matts-guitar-shop.com\/de\/produit\/bass-lightwave-saber-fretless-ehemals-greg-allman-allman-brothers\/#primaryimage"},"thumbnailUrl":"https:\/\/www.matts-guitar-shop.com\/wp-content\/uploads\/2024\/08\/Saber-Bass-Lightwave-Fretless-Ex-Greg-Allman-Allman-Brothers-00.jpg","datePublished":"2024-08-31T10:17:27+00:00","dateModified":"2025-10-17T20:30:30+00:00","description":"Bass Lightwave Saber Fretless ex-Gregg Allman (Allman Brothers). Ein fretless Bass mit legend\u00e4rer Herkunft, au\u00dfergew\u00f6hnliches Instrument f\u00fcr Sammler.","breadcrumb":{"@id":"https:\/\/www.matts-guitar-shop.com\/de\/produit\/bass-lightwave-saber-fretless-ehemals-greg-allman-allman-brothers\/#breadcrumb"},"inLanguage":"de","potentialAction":[{"@type":"ReadAction","target":["https:\/\/www.matts-guitar-shop.com\/de\/produit\/bass-lightwave-saber-fretless-ehemals-greg-allman-allman-brothers\/"]}]},{"@type":"ImageObject","inLanguage":"de","@id":"https:\/\/www.matts-guitar-shop.com\/de\/produit\/bass-lightwave-saber-fretless-ehemals-greg-allman-allman-brothers\/#primaryimage","url":"https:\/\/www.matts-guitar-shop.com\/wp-content\/uploads\/2024\/08\/Saber-Bass-Lightwave-Fretless-Ex-Greg-Allman-Allman-Brothers-00.jpg","contentUrl":"https:\/\/www.matts-guitar-shop.com\/wp-content\/uploads\/2024\/08\/Saber-Bass-Lightwave-Fretless-Ex-Greg-Allman-Allman-Brothers-00.jpg","width":700,"height":1011},{"@type":"BreadcrumbList","@id":"https:\/\/www.matts-guitar-shop.com\/de\/produit\/bass-lightwave-saber-fretless-ehemals-greg-allman-allman-brothers\/#breadcrumb","itemListElement":[{"@type":"ListItem","position":1,"name":"Startseite","item":"https:\/\/www.matts-guitar-shop.com\/de\/"},{"@type":"ListItem","position":2,"name":"Shop","item":"https:\/\/www.matts-guitar-shop.com\/de\/shop\/"},{"@type":"ListItem","position":3,"name":"Bass Lightwave Saber Fretless Ehemals Greg Allman \/ Allman Brothers"}]},{"@type":"WebSite","@id":"https:\/\/www.matts-guitar-shop.com\/de\/#website","url":"https:\/\/www.matts-guitar-shop.com\/de\/","name":"matts-guitar-shop.com","description":"Guitar Shop","publisher":{"@id":"https:\/\/www.matts-guitar-shop.com\/de\/#organization"},"potentialAction":[{"@type":"SearchAction","target":{"@type":"EntryPoint","urlTemplate":"https:\/\/www.matts-guitar-shop.com\/de\/?s={search_term_string}"},"query-input":{"@type":"PropertyValueSpecification","valueRequired":true,"valueName":"search_term_string"}}],"inLanguage":"de"},{"@type":"Organization","@id":"https:\/\/www.matts-guitar-shop.com\/de\/#organization","name":"matts-guitar-shop.com","url":"https:\/\/www.matts-guitar-shop.com\/de\/","logo":{"@type":"ImageObject","inLanguage":"de","@id":"https:\/\/www.matts-guitar-shop.com\/de\/#\/schema\/logo\/image\/","url":"https:\/\/www.matts-guitar-shop.com\/wp-content\/uploads\/2024\/09\/MGS-logo-site-02.png","contentUrl":"https:\/\/www.matts-guitar-shop.com\/wp-content\/uploads\/2024\/09\/MGS-logo-site-02.png","width":200,"height":122,"caption":"matts-guitar-shop.com"},"image":{"@id":"https:\/\/www.matts-guitar-shop.com\/de\/#\/schema\/logo\/image\/"},"sameAs":["https:\/\/www.facebook.com\/profile.php?id=100044359842817","https:\/\/www.instagram.com\/mattsguitarshop\/","https:\/\/www.youtube.com\/@MattLucasMan\/videos"]}]}},"_links":{"self":[{"href":"https:\/\/www.matts-guitar-shop.com\/de\/wp-json\/wp\/v2\/product\/19939","targetHints":{"allow":["GET"]}}],"collection":[{"href":"https:\/\/www.matts-guitar-shop.com\/de\/wp-json\/wp\/v2\/product"}],"about":[{"href":"https:\/\/www.matts-guitar-shop.com\/de\/wp-json\/wp\/v2\/types\/product"}],"replies":[{"embeddable":true,"href":"https:\/\/www.matts-guitar-shop.com\/de\/wp-json\/wp\/v2\/comments?post=19939"}],"wp:featuredmedia":[{"embeddable":true,"href":"https:\/\/www.matts-guitar-shop.com\/de\/wp-json\/wp\/v2\/media\/8674"}],"wp:attachment":[{"href":"https:\/\/www.matts-guitar-shop.com\/de\/wp-json\/wp\/v2\/media?parent=19939"}],"wp:term":[{"taxonomy":"product_brand","embeddable":true,"href":"https:\/\/www.matts-guitar-shop.com\/de\/wp-json\/wp\/v2\/product_brand?post=19939"},{"taxonomy":"product_cat","embeddable":true,"href":"https:\/\/www.matts-guitar-shop.com\/de\/wp-json\/wp\/v2\/product_cat?post=19939"},{"taxonomy":"product_tag","embeddable":true,"href":"https:\/\/www.matts-guitar-shop.com\/de\/wp-json\/wp\/v2\/product_tag?post=19939"}],"curies":[{"name":"wp","href":"https:\/\/api.w.org\/{rel}","templated":true}]}}