{"id":19937,"date":"2024-08-31T11:45:45","date_gmt":"2024-08-31T09:45:45","guid":{"rendered":"https:\/\/www.matts-guitar-shop.com\/produit\/prs-25th-anniversary-tonare-grand-akustik-emma\/"},"modified":"2026-02-05T17:19:34","modified_gmt":"2026-02-05T16:19:34","slug":"prs-25th-anniversary-tonare-grand-akustik-emma","status":"publish","type":"product","link":"https:\/\/www.matts-guitar-shop.com\/de\/produit\/prs-25th-anniversary-tonare-grand-akustik-emma\/","title":{"rendered":"PRS 25th Anniversary Tonare Grand Akustik Emma"},"content":{"rendered":"<h2>Biografie von PRS Paul Reed Smith<\/h2>\n<p>Ende der 1970er Jahre, als Rock und Jazz Fusion neue klangliche Wege suchten, etablierte sich <strong>Paul Reed Smith<\/strong> als vision\u00e4rer Gitarrenbauer der E-Gitarre. Als Gr\u00fcnder von <strong>PRS Guitars<\/strong> definierte er neu, was ein High-End-Instrument sein kann \u2014 eine Verbindung aus makelloser Handwerkskunst, technischer Innovation und einzigartigem Klang.<\/p>\n<p>Paul Reed Smith war nie nur ein Instrumentenhersteller. Sein Ansatz ist ganzheitlich: Jede Gitarre ist auf Spielbarkeit, Langlebigkeit und musikalischen Ausdruck ausgelegt. Korpus und Hals werden pr\u00e4zise geformt, H\u00f6lzer sorgf\u00e4ltig ausgew\u00e4hlt, Tonabnehmer und Elektronik auf Vielseitigkeit und klangliche Tiefe abgestimmt. \u00c4sthetik, Komfort und Performance verschmelzen zu einem inspirierenden Gesamtwerk.<\/p>\n<p><strong>PRS<\/strong> verbindet Tradition und Moderne. Inspiriert von Fender und Gibson, erg\u00e4nzt durch eigene Innovationen \u2014 elegante Formen, patentierte Mechaniken, edle Finishes und ein unverwechselbarer Sound \u2014 decken PRS-Gitarren Jazz, Blues, Rock und Metal mit au\u00dfergew\u00f6hnlicher Klarheit ab.<\/p>\n<p>Gro\u00dfe Namen schlossen sich dieser Revolution an: Steve Lukather, John Mayer, Ed Sheeran oder Santana entschieden sich f\u00fcr <strong>PRS<\/strong> und lie\u00dfen teilweise ihre traditionellen Marken hinter sich. Diese K\u00fcnstler machten <strong>PRS<\/strong> zu einer weltweiten Referenz und bewiesen, dass eine Gitarre mehr als ein Werkzeug ist \u2014 sie ist ein kreativer Partner.<\/p>\n<p>Jede Paul Reed Smith Gitarre erz\u00e4hlt eine Geschichte. Sie ist die Verl\u00e4ngerung des Musikers \u2014 ein pr\u00e4zises, inspirierendes Instrument, das zum echten Mitspieler wird.<\/p>\n<p>Eines ist sicher: Paul Reed Smith hat die moderne E-Gitarre nachhaltig gepr\u00e4gt. Mit handwerklicher Exzellenz, Innovationsgeist und musikalischem Gesp\u00fcr schuf er Instrumente, die Generationen \u00fcberdauern und dabei lebendig, einzigartig und zutiefst musikalisch bleiben.<\/p>\n","protected":false},"excerpt":{"rendered":"<p>Wenn Sie Fragen zu diesem Produkt haben, kontaktieren Sie uns!<\/p>\n","protected":false},"featured_media":8498,"comment_status":"open","ping_status":"closed","template":"","meta":{"_et_pb_use_builder":"","_et_pb_old_content":"","_et_gb_content_width":""},"product_brand":[],"product_cat":[675,673],"product_tag":[],"class_list":{"0":"post-19937","1":"product","2":"type-product","3":"status-publish","4":"has-post-thumbnail","6":"product_cat-akustikgitarren","7":"product_cat-gitarren","8":"pa_disponibilite-zu-verkaufen","9":"pa_marque-prs-de","11":"first","12":"instock","13":"shipping-taxable","14":"purchasable","15":"product-type-simple"},"yoast_head":"<!-- This site is optimized with the Yoast SEO plugin v26.8 - https:\/\/yoast.com\/product\/yoast-seo-wordpress\/ -->\n<title>PRS 25th Anniversary Tonare Grand Akustik Emma - Matt&#039;s Guitar Shop<\/title>\n<meta name=\"robots\" content=\"index, follow, max-snippet:-1, max-image-preview:large, max-video-preview:-1\" \/>\n<link rel=\"canonical\" href=\"https:\/\/www.matts-guitar-shop.com\/de\/produit\/prs-25th-anniversary-tonare-grand-akustik-emma\/\" \/>\n<meta property=\"og:locale\" content=\"de_DE\" \/>\n<meta property=\"og:type\" content=\"article\" \/>\n<meta property=\"og:title\" content=\"PRS 25th Anniversary Tonare Grand Akustik Emma - Matt&#039;s Guitar Shop\" \/>\n<meta property=\"og:description\" content=\"Wenn Sie Fragen zu diesem Produkt haben, kontaktieren Sie uns!\" \/>\n<meta property=\"og:url\" content=\"https:\/\/www.matts-guitar-shop.com\/de\/produit\/prs-25th-anniversary-tonare-grand-akustik-emma\/\" \/>\n<meta property=\"og:site_name\" content=\"Matt&#039;s Guitar Shop\" \/>\n<meta property=\"article:publisher\" content=\"https:\/\/www.facebook.com\/profile.php?id=100044359842817\" \/>\n<meta property=\"article:modified_time\" content=\"2026-02-05T16:19:34+00:00\" \/>\n<meta property=\"og:image\" content=\"https:\/\/www.matts-guitar-shop.com\/wp-content\/uploads\/2024\/08\/PRS-25th-Anniversary-Tonare-grand-acoustic-emma-guitare-01.jpg\" \/>\n\t<meta property=\"og:image:width\" content=\"700\" \/>\n\t<meta property=\"og:image:height\" content=\"1061\" \/>\n\t<meta property=\"og:image:type\" content=\"image\/jpeg\" \/>\n<meta name=\"twitter:card\" content=\"summary_large_image\" \/>\n<meta name=\"twitter:label1\" content=\"Gesch\u00e4tzte Lesezeit\" \/>\n\t<meta name=\"twitter:data1\" content=\"1\u00a0Minute\" \/>\n<script type=\"application\/ld+json\" class=\"yoast-schema-graph\">{\"@context\":\"https:\/\/schema.org\",\"@graph\":[{\"@type\":\"WebPage\",\"@id\":\"https:\/\/www.matts-guitar-shop.com\/de\/produit\/prs-25th-anniversary-tonare-grand-akustik-emma\/\",\"url\":\"https:\/\/www.matts-guitar-shop.com\/de\/produit\/prs-25th-anniversary-tonare-grand-akustik-emma\/\",\"name\":\"PRS 25th Anniversary Tonare Grand Akustik Emma - Matt&#039;s Guitar Shop\",\"isPartOf\":{\"@id\":\"https:\/\/www.matts-guitar-shop.com\/de\/#website\"},\"primaryImageOfPage\":{\"@id\":\"https:\/\/www.matts-guitar-shop.com\/de\/produit\/prs-25th-anniversary-tonare-grand-akustik-emma\/#primaryimage\"},\"image\":{\"@id\":\"https:\/\/www.matts-guitar-shop.com\/de\/produit\/prs-25th-anniversary-tonare-grand-akustik-emma\/#primaryimage\"},\"thumbnailUrl\":\"https:\/\/www.matts-guitar-shop.com\/wp-content\/uploads\/2024\/08\/PRS-25th-Anniversary-Tonare-grand-acoustic-emma-guitare-01.jpg\",\"datePublished\":\"2024-08-31T09:45:45+00:00\",\"dateModified\":\"2026-02-05T16:19:34+00:00\",\"breadcrumb\":{\"@id\":\"https:\/\/www.matts-guitar-shop.com\/de\/produit\/prs-25th-anniversary-tonare-grand-akustik-emma\/#breadcrumb\"},\"inLanguage\":\"de\",\"potentialAction\":[{\"@type\":\"ReadAction\",\"target\":[\"https:\/\/www.matts-guitar-shop.com\/de\/produit\/prs-25th-anniversary-tonare-grand-akustik-emma\/\"]}]},{\"@type\":\"ImageObject\",\"inLanguage\":\"de\",\"@id\":\"https:\/\/www.matts-guitar-shop.com\/de\/produit\/prs-25th-anniversary-tonare-grand-akustik-emma\/#primaryimage\",\"url\":\"https:\/\/www.matts-guitar-shop.com\/wp-content\/uploads\/2024\/08\/PRS-25th-Anniversary-Tonare-grand-acoustic-emma-guitare-01.jpg\",\"contentUrl\":\"https:\/\/www.matts-guitar-shop.com\/wp-content\/uploads\/2024\/08\/PRS-25th-Anniversary-Tonare-grand-acoustic-emma-guitare-01.jpg\",\"width\":700,\"height\":1061},{\"@type\":\"BreadcrumbList\",\"@id\":\"https:\/\/www.matts-guitar-shop.com\/de\/produit\/prs-25th-anniversary-tonare-grand-akustik-emma\/#breadcrumb\",\"itemListElement\":[{\"@type\":\"ListItem\",\"position\":1,\"name\":\"Startseite\",\"item\":\"https:\/\/www.matts-guitar-shop.com\/de\/\"},{\"@type\":\"ListItem\",\"position\":2,\"name\":\"Shop\",\"item\":\"https:\/\/www.matts-guitar-shop.com\/de\/shop\/\"},{\"@type\":\"ListItem\",\"position\":3,\"name\":\"PRS 25th Anniversary Tonare Grand Akustik Emma\"}]},{\"@type\":\"WebSite\",\"@id\":\"https:\/\/www.matts-guitar-shop.com\/de\/#website\",\"url\":\"https:\/\/www.matts-guitar-shop.com\/de\/\",\"name\":\"matts-guitar-shop.com\",\"description\":\"Guitar Shop\",\"publisher\":{\"@id\":\"https:\/\/www.matts-guitar-shop.com\/de\/#organization\"},\"potentialAction\":[{\"@type\":\"SearchAction\",\"target\":{\"@type\":\"EntryPoint\",\"urlTemplate\":\"https:\/\/www.matts-guitar-shop.com\/de\/?s={search_term_string}\"},\"query-input\":{\"@type\":\"PropertyValueSpecification\",\"valueRequired\":true,\"valueName\":\"search_term_string\"}}],\"inLanguage\":\"de\"},{\"@type\":\"Organization\",\"@id\":\"https:\/\/www.matts-guitar-shop.com\/de\/#organization\",\"name\":\"matts-guitar-shop.com\",\"url\":\"https:\/\/www.matts-guitar-shop.com\/de\/\",\"logo\":{\"@type\":\"ImageObject\",\"inLanguage\":\"de\",\"@id\":\"https:\/\/www.matts-guitar-shop.com\/de\/#\/schema\/logo\/image\/\",\"url\":\"https:\/\/www.matts-guitar-shop.com\/wp-content\/uploads\/2024\/09\/MGS-logo-site-02.png\",\"contentUrl\":\"https:\/\/www.matts-guitar-shop.com\/wp-content\/uploads\/2024\/09\/MGS-logo-site-02.png\",\"width\":200,\"height\":122,\"caption\":\"matts-guitar-shop.com\"},\"image\":{\"@id\":\"https:\/\/www.matts-guitar-shop.com\/de\/#\/schema\/logo\/image\/\"},\"sameAs\":[\"https:\/\/www.facebook.com\/profile.php?id=100044359842817\",\"https:\/\/www.instagram.com\/mattsguitarshop\/\",\"https:\/\/www.youtube.com\/@MattLucasMan\/videos\"]}]}<\/script>\n<!-- \/ Yoast SEO plugin. -->","yoast_head_json":{"title":"PRS 25th Anniversary Tonare Grand Akustik Emma - Matt&#039;s Guitar Shop","robots":{"index":"index","follow":"follow","max-snippet":"max-snippet:-1","max-image-preview":"max-image-preview:large","max-video-preview":"max-video-preview:-1"},"canonical":"https:\/\/www.matts-guitar-shop.com\/de\/produit\/prs-25th-anniversary-tonare-grand-akustik-emma\/","og_locale":"de_DE","og_type":"article","og_title":"PRS 25th Anniversary Tonare Grand Akustik Emma - Matt&#039;s Guitar Shop","og_description":"Wenn Sie Fragen zu diesem Produkt haben, kontaktieren Sie uns!","og_url":"https:\/\/www.matts-guitar-shop.com\/de\/produit\/prs-25th-anniversary-tonare-grand-akustik-emma\/","og_site_name":"Matt&#039;s Guitar Shop","article_publisher":"https:\/\/www.facebook.com\/profile.php?id=100044359842817","article_modified_time":"2026-02-05T16:19:34+00:00","og_image":[{"width":700,"height":1061,"url":"https:\/\/www.matts-guitar-shop.com\/wp-content\/uploads\/2024\/08\/PRS-25th-Anniversary-Tonare-grand-acoustic-emma-guitare-01.jpg","type":"image\/jpeg"}],"twitter_card":"summary_large_image","twitter_misc":{"Gesch\u00e4tzte Lesezeit":"1\u00a0Minute"},"schema":{"@context":"https:\/\/schema.org","@graph":[{"@type":"WebPage","@id":"https:\/\/www.matts-guitar-shop.com\/de\/produit\/prs-25th-anniversary-tonare-grand-akustik-emma\/","url":"https:\/\/www.matts-guitar-shop.com\/de\/produit\/prs-25th-anniversary-tonare-grand-akustik-emma\/","name":"PRS 25th Anniversary Tonare Grand Akustik Emma - Matt&#039;s Guitar Shop","isPartOf":{"@id":"https:\/\/www.matts-guitar-shop.com\/de\/#website"},"primaryImageOfPage":{"@id":"https:\/\/www.matts-guitar-shop.com\/de\/produit\/prs-25th-anniversary-tonare-grand-akustik-emma\/#primaryimage"},"image":{"@id":"https:\/\/www.matts-guitar-shop.com\/de\/produit\/prs-25th-anniversary-tonare-grand-akustik-emma\/#primaryimage"},"thumbnailUrl":"https:\/\/www.matts-guitar-shop.com\/wp-content\/uploads\/2024\/08\/PRS-25th-Anniversary-Tonare-grand-acoustic-emma-guitare-01.jpg","datePublished":"2024-08-31T09:45:45+00:00","dateModified":"2026-02-05T16:19:34+00:00","breadcrumb":{"@id":"https:\/\/www.matts-guitar-shop.com\/de\/produit\/prs-25th-anniversary-tonare-grand-akustik-emma\/#breadcrumb"},"inLanguage":"de","potentialAction":[{"@type":"ReadAction","target":["https:\/\/www.matts-guitar-shop.com\/de\/produit\/prs-25th-anniversary-tonare-grand-akustik-emma\/"]}]},{"@type":"ImageObject","inLanguage":"de","@id":"https:\/\/www.matts-guitar-shop.com\/de\/produit\/prs-25th-anniversary-tonare-grand-akustik-emma\/#primaryimage","url":"https:\/\/www.matts-guitar-shop.com\/wp-content\/uploads\/2024\/08\/PRS-25th-Anniversary-Tonare-grand-acoustic-emma-guitare-01.jpg","contentUrl":"https:\/\/www.matts-guitar-shop.com\/wp-content\/uploads\/2024\/08\/PRS-25th-Anniversary-Tonare-grand-acoustic-emma-guitare-01.jpg","width":700,"height":1061},{"@type":"BreadcrumbList","@id":"https:\/\/www.matts-guitar-shop.com\/de\/produit\/prs-25th-anniversary-tonare-grand-akustik-emma\/#breadcrumb","itemListElement":[{"@type":"ListItem","position":1,"name":"Startseite","item":"https:\/\/www.matts-guitar-shop.com\/de\/"},{"@type":"ListItem","position":2,"name":"Shop","item":"https:\/\/www.matts-guitar-shop.com\/de\/shop\/"},{"@type":"ListItem","position":3,"name":"PRS 25th Anniversary Tonare Grand Akustik Emma"}]},{"@type":"WebSite","@id":"https:\/\/www.matts-guitar-shop.com\/de\/#website","url":"https:\/\/www.matts-guitar-shop.com\/de\/","name":"matts-guitar-shop.com","description":"Guitar Shop","publisher":{"@id":"https:\/\/www.matts-guitar-shop.com\/de\/#organization"},"potentialAction":[{"@type":"SearchAction","target":{"@type":"EntryPoint","urlTemplate":"https:\/\/www.matts-guitar-shop.com\/de\/?s={search_term_string}"},"query-input":{"@type":"PropertyValueSpecification","valueRequired":true,"valueName":"search_term_string"}}],"inLanguage":"de"},{"@type":"Organization","@id":"https:\/\/www.matts-guitar-shop.com\/de\/#organization","name":"matts-guitar-shop.com","url":"https:\/\/www.matts-guitar-shop.com\/de\/","logo":{"@type":"ImageObject","inLanguage":"de","@id":"https:\/\/www.matts-guitar-shop.com\/de\/#\/schema\/logo\/image\/","url":"https:\/\/www.matts-guitar-shop.com\/wp-content\/uploads\/2024\/09\/MGS-logo-site-02.png","contentUrl":"https:\/\/www.matts-guitar-shop.com\/wp-content\/uploads\/2024\/09\/MGS-logo-site-02.png","width":200,"height":122,"caption":"matts-guitar-shop.com"},"image":{"@id":"https:\/\/www.matts-guitar-shop.com\/de\/#\/schema\/logo\/image\/"},"sameAs":["https:\/\/www.facebook.com\/profile.php?id=100044359842817","https:\/\/www.instagram.com\/mattsguitarshop\/","https:\/\/www.youtube.com\/@MattLucasMan\/videos"]}]}},"_links":{"self":[{"href":"https:\/\/www.matts-guitar-shop.com\/de\/wp-json\/wp\/v2\/product\/19937","targetHints":{"allow":["GET"]}}],"collection":[{"href":"https:\/\/www.matts-guitar-shop.com\/de\/wp-json\/wp\/v2\/product"}],"about":[{"href":"https:\/\/www.matts-guitar-shop.com\/de\/wp-json\/wp\/v2\/types\/product"}],"replies":[{"embeddable":true,"href":"https:\/\/www.matts-guitar-shop.com\/de\/wp-json\/wp\/v2\/comments?post=19937"}],"wp:featuredmedia":[{"embeddable":true,"href":"https:\/\/www.matts-guitar-shop.com\/de\/wp-json\/wp\/v2\/media\/8498"}],"wp:attachment":[{"href":"https:\/\/www.matts-guitar-shop.com\/de\/wp-json\/wp\/v2\/media?parent=19937"}],"wp:term":[{"taxonomy":"product_brand","embeddable":true,"href":"https:\/\/www.matts-guitar-shop.com\/de\/wp-json\/wp\/v2\/product_brand?post=19937"},{"taxonomy":"product_cat","embeddable":true,"href":"https:\/\/www.matts-guitar-shop.com\/de\/wp-json\/wp\/v2\/product_cat?post=19937"},{"taxonomy":"product_tag","embeddable":true,"href":"https:\/\/www.matts-guitar-shop.com\/de\/wp-json\/wp\/v2\/product_tag?post=19937"}],"curies":[{"name":"wp","href":"https:\/\/api.w.org\/{rel}","templated":true}]}}