{"id":19936,"date":"2024-08-31T11:30:16","date_gmt":"2024-08-31T09:30:16","guid":{"rendered":"https:\/\/www.matts-guitar-shop.com\/produit\/nik-huber-krauster-i-ehemals-steely-dan\/"},"modified":"2024-08-31T11:30:16","modified_gmt":"2024-08-31T09:30:16","slug":"nik-huber-krauster-i-ehemals-steely-dan","status":"publish","type":"product","link":"https:\/\/www.matts-guitar-shop.com\/de\/produit\/nik-huber-krauster-i-ehemals-steely-dan\/","title":{"rendered":"Nik Huber Krauster I Ehemals Steely Dan"},"content":{"rendered":"<p>Nik Huber Krauster I Ex Steely Dan<\/p>\n","protected":false},"excerpt":{"rendered":"<p><strong>Nik Huber geh\u00f6rt zu den besten aktuell t\u00e4tigen Gitarrenbauern, und sein Team von acht Spezialisten fertigt in Deutschland, ganz in der N\u00e4he von Frankfurt, unglaubliche Gitarren an. Er begann 1996, und Huber stellte vor allem sehr dekorierte und anspruchsvolle Instrumente her, ganz in der Tradition von Paul Reed Smith oder Joel Dantzig. Nik Huber versteht es aber auch, sein Fachwissen, seine Feinf\u00fchligkeit und Pr\u00e4zision auf schlichtere Designs anzuwenden, Gitarren, die eher einer Les Paul Junior als einer Standard \u00e4hneln, dabei aber exzellent klingen und trotz ihres eher spartanischen Aussehens sehr gut gebaut sind.<\/strong><\/p>\n<p>So entstand das Modell Krauster II mit Eigenschaften, die an eine Les Paul Special erinnern, gesehen durch die Augen des deutschen Meisters: Der Korpus besteht aus einem St\u00fcck Mahagoni, der eingeleimte Hals jedoch aus Ahorn, was ziemlich \u00fcberraschend ist. Wahrscheinlich inspiriert von der Les Paul Junior, hat Nik Huber ihr eine kleine \u201eDrehung\u201c verliehen, indem er sich f\u00fcr einen Ahornhals entschied, der etwas mehr Nervosit\u00e4t verleiht. Die PRS-\u00e4hnliche Hybridmensur betr\u00e4gt 25\u201c, das Mittelma\u00df zwischen Gibson und Fender, und die nicht einstellbare Wraparound-Br\u00fccke sorgt f\u00fcr eine perfekte \u00dcbertragung der Saitenschwingungen auf den Korpus. Das vom Matt\u2019s Guitar Shop angebotene Modell ist au\u00dfergew\u00f6hnlich. Es geh\u00f6rte der legend\u00e4ren amerikanischen Rockband Steely Dan, bestehend aus Donald Fagen und dem nicht minder legend\u00e4ren Walter Becker. Ein Instrument, das auf das prestigetr\u00e4chtige Erbe extrem beeindruckend klingt!<\/p>\n<p><strong>Wenn Sie Fragen zu diesem Produkt haben, kontaktieren Sie uns!<\/strong><\/p>\n","protected":false},"featured_media":8489,"comment_status":"open","ping_status":"closed","template":"","meta":{"_et_pb_use_builder":"","_et_pb_old_content":"","_et_gb_content_width":""},"product_brand":[],"product_cat":[673,677],"product_tag":[],"class_list":{"0":"post-19936","1":"product","2":"type-product","3":"status-publish","4":"has-post-thumbnail","6":"product_cat-gitarren","7":"product_cat-elektrische-gitarren","8":"pa_artiste-steely-dan-de","9":"pa_disponibilite-zu-verkaufen","10":"pa_marque-nik-huber-de","12":"first","13":"instock","14":"shipping-taxable","15":"product-type-simple"},"yoast_head":"<!-- This site is optimized with the Yoast SEO plugin v26.8 - https:\/\/yoast.com\/product\/yoast-seo-wordpress\/ -->\n<title>Nik Huber Krauster I Ehemals Steely Dan - Matt&#039;s Guitar Shop<\/title>\n<meta name=\"robots\" content=\"index, follow, max-snippet:-1, max-image-preview:large, max-video-preview:-1\" \/>\n<link rel=\"canonical\" href=\"https:\/\/www.matts-guitar-shop.com\/de\/produit\/nik-huber-krauster-i-ehemals-steely-dan\/\" \/>\n<meta property=\"og:locale\" content=\"de_DE\" \/>\n<meta property=\"og:type\" content=\"article\" \/>\n<meta property=\"og:title\" content=\"Nik Huber Krauster I Ehemals Steely Dan - Matt&#039;s Guitar Shop\" \/>\n<meta property=\"og:description\" content=\"Nik Huber geh\u00f6rt zu den besten aktuell t\u00e4tigen Gitarrenbauern, und sein Team von acht Spezialisten fertigt in Deutschland, ganz in der N\u00e4he von Frankfurt, unglaubliche Gitarren an. Er begann 1996, und Huber stellte vor allem sehr dekorierte und anspruchsvolle Instrumente her, ganz in der Tradition von Paul Reed Smith oder Joel Dantzig. Nik Huber versteht es aber auch, sein Fachwissen, seine Feinf\u00fchligkeit und Pr\u00e4zision auf schlichtere Designs anzuwenden, Gitarren, die eher einer Les Paul Junior als einer Standard \u00e4hneln, dabei aber exzellent klingen und trotz ihres eher spartanischen Aussehens sehr gut gebaut sind. So entstand das Modell Krauster II mit Eigenschaften, die an eine Les Paul Special erinnern, gesehen durch die Augen des deutschen Meisters: Der Korpus besteht aus einem St\u00fcck Mahagoni, der eingeleimte Hals jedoch aus Ahorn, was ziemlich \u00fcberraschend ist. Wahrscheinlich inspiriert von der Les Paul Junior, hat Nik Huber ihr eine kleine \u201eDrehung\u201c verliehen, indem er sich f\u00fcr einen Ahornhals entschied, der etwas mehr Nervosit\u00e4t verleiht. Die PRS-\u00e4hnliche Hybridmensur betr\u00e4gt 25\u201c, das Mittelma\u00df zwischen Gibson und Fender, und die nicht einstellbare Wraparound-Br\u00fccke sorgt f\u00fcr eine perfekte \u00dcbertragung der Saitenschwingungen auf den Korpus. Das vom Matt\u2019s Guitar Shop angebotene Modell ist au\u00dfergew\u00f6hnlich. Es geh\u00f6rte der legend\u00e4ren amerikanischen Rockband Steely Dan, bestehend aus Donald Fagen und dem nicht minder legend\u00e4ren Walter Becker. Ein Instrument, das auf das prestigetr\u00e4chtige Erbe extrem beeindruckend klingt! Wenn Sie Fragen zu diesem Produkt haben, kontaktieren Sie uns!\" \/>\n<meta property=\"og:url\" content=\"https:\/\/www.matts-guitar-shop.com\/de\/produit\/nik-huber-krauster-i-ehemals-steely-dan\/\" \/>\n<meta property=\"og:site_name\" content=\"Matt&#039;s Guitar Shop\" \/>\n<meta property=\"article:publisher\" content=\"https:\/\/www.facebook.com\/profile.php?id=100044359842817\" \/>\n<meta property=\"og:image\" content=\"https:\/\/www.matts-guitar-shop.com\/wp-content\/uploads\/2024\/08\/nik-huber-krauster-ex-steely-dan-grey-00.jpg\" \/>\n\t<meta property=\"og:image:width\" content=\"900\" \/>\n\t<meta property=\"og:image:height\" content=\"1300\" \/>\n\t<meta property=\"og:image:type\" content=\"image\/jpeg\" \/>\n<meta name=\"twitter:card\" content=\"summary_large_image\" \/>\n<script type=\"application\/ld+json\" class=\"yoast-schema-graph\">{\"@context\":\"https:\/\/schema.org\",\"@graph\":[{\"@type\":\"WebPage\",\"@id\":\"https:\/\/www.matts-guitar-shop.com\/de\/produit\/nik-huber-krauster-i-ehemals-steely-dan\/\",\"url\":\"https:\/\/www.matts-guitar-shop.com\/de\/produit\/nik-huber-krauster-i-ehemals-steely-dan\/\",\"name\":\"Nik Huber Krauster I Ehemals Steely Dan - Matt&#039;s Guitar Shop\",\"isPartOf\":{\"@id\":\"https:\/\/www.matts-guitar-shop.com\/de\/#website\"},\"primaryImageOfPage\":{\"@id\":\"https:\/\/www.matts-guitar-shop.com\/de\/produit\/nik-huber-krauster-i-ehemals-steely-dan\/#primaryimage\"},\"image\":{\"@id\":\"https:\/\/www.matts-guitar-shop.com\/de\/produit\/nik-huber-krauster-i-ehemals-steely-dan\/#primaryimage\"},\"thumbnailUrl\":\"https:\/\/www.matts-guitar-shop.com\/wp-content\/uploads\/2024\/08\/nik-huber-krauster-ex-steely-dan-grey-00.jpg\",\"datePublished\":\"2024-08-31T09:30:16+00:00\",\"breadcrumb\":{\"@id\":\"https:\/\/www.matts-guitar-shop.com\/de\/produit\/nik-huber-krauster-i-ehemals-steely-dan\/#breadcrumb\"},\"inLanguage\":\"de\",\"potentialAction\":[{\"@type\":\"ReadAction\",\"target\":[\"https:\/\/www.matts-guitar-shop.com\/de\/produit\/nik-huber-krauster-i-ehemals-steely-dan\/\"]}]},{\"@type\":\"ImageObject\",\"inLanguage\":\"de\",\"@id\":\"https:\/\/www.matts-guitar-shop.com\/de\/produit\/nik-huber-krauster-i-ehemals-steely-dan\/#primaryimage\",\"url\":\"https:\/\/www.matts-guitar-shop.com\/wp-content\/uploads\/2024\/08\/nik-huber-krauster-ex-steely-dan-grey-00.jpg\",\"contentUrl\":\"https:\/\/www.matts-guitar-shop.com\/wp-content\/uploads\/2024\/08\/nik-huber-krauster-ex-steely-dan-grey-00.jpg\",\"width\":900,\"height\":1300},{\"@type\":\"BreadcrumbList\",\"@id\":\"https:\/\/www.matts-guitar-shop.com\/de\/produit\/nik-huber-krauster-i-ehemals-steely-dan\/#breadcrumb\",\"itemListElement\":[{\"@type\":\"ListItem\",\"position\":1,\"name\":\"Startseite\",\"item\":\"https:\/\/www.matts-guitar-shop.com\/de\/\"},{\"@type\":\"ListItem\",\"position\":2,\"name\":\"Shop\",\"item\":\"https:\/\/www.matts-guitar-shop.com\/de\/shop\/\"},{\"@type\":\"ListItem\",\"position\":3,\"name\":\"Nik Huber Krauster I Ehemals Steely Dan\"}]},{\"@type\":\"WebSite\",\"@id\":\"https:\/\/www.matts-guitar-shop.com\/de\/#website\",\"url\":\"https:\/\/www.matts-guitar-shop.com\/de\/\",\"name\":\"matts-guitar-shop.com\",\"description\":\"Guitar Shop\",\"publisher\":{\"@id\":\"https:\/\/www.matts-guitar-shop.com\/de\/#organization\"},\"potentialAction\":[{\"@type\":\"SearchAction\",\"target\":{\"@type\":\"EntryPoint\",\"urlTemplate\":\"https:\/\/www.matts-guitar-shop.com\/de\/?s={search_term_string}\"},\"query-input\":{\"@type\":\"PropertyValueSpecification\",\"valueRequired\":true,\"valueName\":\"search_term_string\"}}],\"inLanguage\":\"de\"},{\"@type\":\"Organization\",\"@id\":\"https:\/\/www.matts-guitar-shop.com\/de\/#organization\",\"name\":\"matts-guitar-shop.com\",\"url\":\"https:\/\/www.matts-guitar-shop.com\/de\/\",\"logo\":{\"@type\":\"ImageObject\",\"inLanguage\":\"de\",\"@id\":\"https:\/\/www.matts-guitar-shop.com\/de\/#\/schema\/logo\/image\/\",\"url\":\"https:\/\/www.matts-guitar-shop.com\/wp-content\/uploads\/2024\/09\/MGS-logo-site-02.png\",\"contentUrl\":\"https:\/\/www.matts-guitar-shop.com\/wp-content\/uploads\/2024\/09\/MGS-logo-site-02.png\",\"width\":200,\"height\":122,\"caption\":\"matts-guitar-shop.com\"},\"image\":{\"@id\":\"https:\/\/www.matts-guitar-shop.com\/de\/#\/schema\/logo\/image\/\"},\"sameAs\":[\"https:\/\/www.facebook.com\/profile.php?id=100044359842817\",\"https:\/\/www.instagram.com\/mattsguitarshop\/\",\"https:\/\/www.youtube.com\/@MattLucasMan\/videos\"]}]}<\/script>\n<!-- \/ Yoast SEO plugin. -->","yoast_head_json":{"title":"Nik Huber Krauster I Ehemals Steely Dan - Matt&#039;s Guitar Shop","robots":{"index":"index","follow":"follow","max-snippet":"max-snippet:-1","max-image-preview":"max-image-preview:large","max-video-preview":"max-video-preview:-1"},"canonical":"https:\/\/www.matts-guitar-shop.com\/de\/produit\/nik-huber-krauster-i-ehemals-steely-dan\/","og_locale":"de_DE","og_type":"article","og_title":"Nik Huber Krauster I Ehemals Steely Dan - Matt&#039;s Guitar Shop","og_description":"Nik Huber geh\u00f6rt zu den besten aktuell t\u00e4tigen Gitarrenbauern, und sein Team von acht Spezialisten fertigt in Deutschland, ganz in der N\u00e4he von Frankfurt, unglaubliche Gitarren an. Er begann 1996, und Huber stellte vor allem sehr dekorierte und anspruchsvolle Instrumente her, ganz in der Tradition von Paul Reed Smith oder Joel Dantzig. Nik Huber versteht es aber auch, sein Fachwissen, seine Feinf\u00fchligkeit und Pr\u00e4zision auf schlichtere Designs anzuwenden, Gitarren, die eher einer Les Paul Junior als einer Standard \u00e4hneln, dabei aber exzellent klingen und trotz ihres eher spartanischen Aussehens sehr gut gebaut sind. So entstand das Modell Krauster II mit Eigenschaften, die an eine Les Paul Special erinnern, gesehen durch die Augen des deutschen Meisters: Der Korpus besteht aus einem St\u00fcck Mahagoni, der eingeleimte Hals jedoch aus Ahorn, was ziemlich \u00fcberraschend ist. Wahrscheinlich inspiriert von der Les Paul Junior, hat Nik Huber ihr eine kleine \u201eDrehung\u201c verliehen, indem er sich f\u00fcr einen Ahornhals entschied, der etwas mehr Nervosit\u00e4t verleiht. Die PRS-\u00e4hnliche Hybridmensur betr\u00e4gt 25\u201c, das Mittelma\u00df zwischen Gibson und Fender, und die nicht einstellbare Wraparound-Br\u00fccke sorgt f\u00fcr eine perfekte \u00dcbertragung der Saitenschwingungen auf den Korpus. Das vom Matt\u2019s Guitar Shop angebotene Modell ist au\u00dfergew\u00f6hnlich. Es geh\u00f6rte der legend\u00e4ren amerikanischen Rockband Steely Dan, bestehend aus Donald Fagen und dem nicht minder legend\u00e4ren Walter Becker. Ein Instrument, das auf das prestigetr\u00e4chtige Erbe extrem beeindruckend klingt! Wenn Sie Fragen zu diesem Produkt haben, kontaktieren Sie uns!","og_url":"https:\/\/www.matts-guitar-shop.com\/de\/produit\/nik-huber-krauster-i-ehemals-steely-dan\/","og_site_name":"Matt&#039;s Guitar Shop","article_publisher":"https:\/\/www.facebook.com\/profile.php?id=100044359842817","og_image":[{"width":900,"height":1300,"url":"https:\/\/www.matts-guitar-shop.com\/wp-content\/uploads\/2024\/08\/nik-huber-krauster-ex-steely-dan-grey-00.jpg","type":"image\/jpeg"}],"twitter_card":"summary_large_image","schema":{"@context":"https:\/\/schema.org","@graph":[{"@type":"WebPage","@id":"https:\/\/www.matts-guitar-shop.com\/de\/produit\/nik-huber-krauster-i-ehemals-steely-dan\/","url":"https:\/\/www.matts-guitar-shop.com\/de\/produit\/nik-huber-krauster-i-ehemals-steely-dan\/","name":"Nik Huber Krauster I Ehemals Steely Dan - Matt&#039;s Guitar Shop","isPartOf":{"@id":"https:\/\/www.matts-guitar-shop.com\/de\/#website"},"primaryImageOfPage":{"@id":"https:\/\/www.matts-guitar-shop.com\/de\/produit\/nik-huber-krauster-i-ehemals-steely-dan\/#primaryimage"},"image":{"@id":"https:\/\/www.matts-guitar-shop.com\/de\/produit\/nik-huber-krauster-i-ehemals-steely-dan\/#primaryimage"},"thumbnailUrl":"https:\/\/www.matts-guitar-shop.com\/wp-content\/uploads\/2024\/08\/nik-huber-krauster-ex-steely-dan-grey-00.jpg","datePublished":"2024-08-31T09:30:16+00:00","breadcrumb":{"@id":"https:\/\/www.matts-guitar-shop.com\/de\/produit\/nik-huber-krauster-i-ehemals-steely-dan\/#breadcrumb"},"inLanguage":"de","potentialAction":[{"@type":"ReadAction","target":["https:\/\/www.matts-guitar-shop.com\/de\/produit\/nik-huber-krauster-i-ehemals-steely-dan\/"]}]},{"@type":"ImageObject","inLanguage":"de","@id":"https:\/\/www.matts-guitar-shop.com\/de\/produit\/nik-huber-krauster-i-ehemals-steely-dan\/#primaryimage","url":"https:\/\/www.matts-guitar-shop.com\/wp-content\/uploads\/2024\/08\/nik-huber-krauster-ex-steely-dan-grey-00.jpg","contentUrl":"https:\/\/www.matts-guitar-shop.com\/wp-content\/uploads\/2024\/08\/nik-huber-krauster-ex-steely-dan-grey-00.jpg","width":900,"height":1300},{"@type":"BreadcrumbList","@id":"https:\/\/www.matts-guitar-shop.com\/de\/produit\/nik-huber-krauster-i-ehemals-steely-dan\/#breadcrumb","itemListElement":[{"@type":"ListItem","position":1,"name":"Startseite","item":"https:\/\/www.matts-guitar-shop.com\/de\/"},{"@type":"ListItem","position":2,"name":"Shop","item":"https:\/\/www.matts-guitar-shop.com\/de\/shop\/"},{"@type":"ListItem","position":3,"name":"Nik Huber Krauster I Ehemals Steely Dan"}]},{"@type":"WebSite","@id":"https:\/\/www.matts-guitar-shop.com\/de\/#website","url":"https:\/\/www.matts-guitar-shop.com\/de\/","name":"matts-guitar-shop.com","description":"Guitar Shop","publisher":{"@id":"https:\/\/www.matts-guitar-shop.com\/de\/#organization"},"potentialAction":[{"@type":"SearchAction","target":{"@type":"EntryPoint","urlTemplate":"https:\/\/www.matts-guitar-shop.com\/de\/?s={search_term_string}"},"query-input":{"@type":"PropertyValueSpecification","valueRequired":true,"valueName":"search_term_string"}}],"inLanguage":"de"},{"@type":"Organization","@id":"https:\/\/www.matts-guitar-shop.com\/de\/#organization","name":"matts-guitar-shop.com","url":"https:\/\/www.matts-guitar-shop.com\/de\/","logo":{"@type":"ImageObject","inLanguage":"de","@id":"https:\/\/www.matts-guitar-shop.com\/de\/#\/schema\/logo\/image\/","url":"https:\/\/www.matts-guitar-shop.com\/wp-content\/uploads\/2024\/09\/MGS-logo-site-02.png","contentUrl":"https:\/\/www.matts-guitar-shop.com\/wp-content\/uploads\/2024\/09\/MGS-logo-site-02.png","width":200,"height":122,"caption":"matts-guitar-shop.com"},"image":{"@id":"https:\/\/www.matts-guitar-shop.com\/de\/#\/schema\/logo\/image\/"},"sameAs":["https:\/\/www.facebook.com\/profile.php?id=100044359842817","https:\/\/www.instagram.com\/mattsguitarshop\/","https:\/\/www.youtube.com\/@MattLucasMan\/videos"]}]}},"_links":{"self":[{"href":"https:\/\/www.matts-guitar-shop.com\/de\/wp-json\/wp\/v2\/product\/19936","targetHints":{"allow":["GET"]}}],"collection":[{"href":"https:\/\/www.matts-guitar-shop.com\/de\/wp-json\/wp\/v2\/product"}],"about":[{"href":"https:\/\/www.matts-guitar-shop.com\/de\/wp-json\/wp\/v2\/types\/product"}],"replies":[{"embeddable":true,"href":"https:\/\/www.matts-guitar-shop.com\/de\/wp-json\/wp\/v2\/comments?post=19936"}],"wp:featuredmedia":[{"embeddable":true,"href":"https:\/\/www.matts-guitar-shop.com\/de\/wp-json\/wp\/v2\/media\/8489"}],"wp:attachment":[{"href":"https:\/\/www.matts-guitar-shop.com\/de\/wp-json\/wp\/v2\/media?parent=19936"}],"wp:term":[{"taxonomy":"product_brand","embeddable":true,"href":"https:\/\/www.matts-guitar-shop.com\/de\/wp-json\/wp\/v2\/product_brand?post=19936"},{"taxonomy":"product_cat","embeddable":true,"href":"https:\/\/www.matts-guitar-shop.com\/de\/wp-json\/wp\/v2\/product_cat?post=19936"},{"taxonomy":"product_tag","embeddable":true,"href":"https:\/\/www.matts-guitar-shop.com\/de\/wp-json\/wp\/v2\/product_tag?post=19936"}],"curies":[{"name":"wp","href":"https:\/\/api.w.org\/{rel}","templated":true}]}}