{"id":19935,"date":"2024-08-31T11:21:58","date_gmt":"2024-08-31T09:21:58","guid":{"rendered":"https:\/\/www.matts-guitar-shop.com\/produit\/martin-d28-eric-clapton-crossroads-edition\/"},"modified":"2025-10-17T22:29:13","modified_gmt":"2025-10-17T20:29:13","slug":"martin-d28-eric-clapton-crossroads-edition","status":"publish","type":"product","link":"https:\/\/www.matts-guitar-shop.com\/de\/produit\/martin-d28-eric-clapton-crossroads-edition\/","title":{"rendered":"Martin D28 Eric Clapton Crossroads Edition"},"content":{"rendered":"<p>Eric Clapton<br \/>\n(1945)<\/p>\n<p>Gruppe: Cream<br \/>\nHauptgitarre: Fender Stratocaster<br \/>\nUnbedingt h\u00f6renswerter Titel: Crossroads<\/p>\n<p>Mehr als nur ein Musiker, Clapton ist zu einer weltweiten Ikone geworden, zweifellos der bekannteste Bluesmusiker und Gitarrist f\u00fcr die breite \u00d6ffentlichkeit, ohne dabei von echten Kennern gemieden zu werden. Man muss sagen, dass die Rolle des jungen Eric mehr als entscheidend bei der Entstehung eines echten britischen Blues war und dessen Export in die USA ma\u00dfgeblich beeinflusste.<\/p>\n<p>Clapton machte seine ersten Erfahrungen bei The Yardbirds, einer Band, die Chicago-Blues-Einfl\u00fcsse mit Pop verband, mit seiner Telecaster an einem AC30-Verst\u00e4rker. Nach der Single \u201eFor Your Love\u201c (1965), die ihm jedoch viel zu poppig war, stieg er in eine Puristenband namens John Mayall and the Bluesbreakers ein. Er blieb nur wenige Monate bei Mayall, doch diese Zeit reichte aus, um die unvergesslichen Titel des gleichnamigen Albums \u201eWith Eric Clapton\u201c von 1966 aufzunehmen. Mit diesem historischen Werk entdeckte die Welt die t\u00f6dliche Kombination einer Les Paul Sunburst \u2013 damals ein Modell, das niemanden interessierte \u2013 an einem Marshall-Combo. Dieses Rezept wurde von unz\u00e4hligen Rockstars \u00fcbernommen, aber die kraftvolle Elektrizit\u00e4t von Claptons Spiel auf diesem Album wurde nie vollst\u00e4ndig erreicht. Er inspirierte eine ganze Generation britischer Gitarristen und Fans, die ihn fortan \u201eGod\u201c nannten.<\/p>\n<p>1966 schloss er sich dem Trio an, das der Schlagzeuger Ginger Baker zusammen mit Jack Bruce (ebenfalls ein ehemaliges Mitglied von John Mayall) gegr\u00fcndet hatte: Cream war geboren. Das Trio aus Virtuosen erfand den elektrischen Blues neu, kehrte zu seinen Wurzeln zur\u00fcck und verlieh den Werken der alten Meister eine psychedelische Dringlichkeit. In der Band sah man Clapton mit einer SG, die mit verr\u00fcckten Zeichnungen (\u201eThe Fool\u201c) verziert war, und einer ES-335 Cherry Red. Schlie\u00dflich zerbrach Cream unter dem Gewicht der unterschiedlichen Egos, und Clapton gr\u00fcndete Blind Faith mit Steve Winwood, wo er eine Telecaster mit Strat-Hals spielte \u2013 das erste Zeichen seines ausgepr\u00e4gten Geschmacks f\u00fcr Fender-Kombinationen.<\/p>\n<p>1970 versteckte sich Clapton hinter dem Bandnamen Derek And The Dominos f\u00fcr das gro\u00dfartige Album \u201eLayla\u201c, bevor er schlie\u00dflich begann, seine Solokarriere anzunehmen und unter eigenem Namen Alben zu ver\u00f6ffentlichen, beginnend mit dem gleichnamigen Album von 1970 und \u201e461 Ocean Boulevard\u201c 1974. Anschlie\u00dfend folgten mehr oder weniger spannende Produktionen, in denen stets der Strat-Sound zu h\u00f6ren war, den er unverzichtbar machte, meist mit seiner treuen \u201eBlackie\u201c, einer schwarzen Strat aus den F\u00fcnfzigern, zusammengesetzt aus mehreren Vintage-Instrumenten.<\/p>\n<p>Das definitive Album, das Clapton noch weiter voranbrachte, erschien schlie\u00dflich 1992 mit \u201eUnplugged\u201c, ein einfaches akustisches Konzert f\u00fcr eine MTV-Sendung, das zu einem wahren kulturellen Ph\u00e4nomen wurde und den Verkauf von Martin-Gitarren wie nie zuvor ankurbelte. Die 000-28 wurde wieder zu einem begehrten Objekt. Seitdem ver\u00f6ffentlichte Eric ein Tribute-Album an Robert Johnson, Duett-Alben mit B.B. King und J.J. Cale, organisierte die exzellenten Crossroads-Festivals und verkaufte zahlreiche Gitarren bei Auktionen. Seine seltenen Live-Auftritte sind noch mehr als ein halbes Jahrhundert nach seinen Anf\u00e4ngen bedeutende Gitarrenevents.<\/p>\n","protected":false},"excerpt":{"rendered":"<p>Wenn Sie Fragen zu diesem Produkt haben, kontaktieren Sie uns!<\/p>\n","protected":false},"featured_media":8379,"comment_status":"open","ping_status":"closed","template":"","meta":{"_et_pb_use_builder":"","_et_pb_old_content":"","_et_gb_content_width":""},"product_brand":[],"product_cat":[675,673,672],"product_tag":[],"class_list":{"0":"post-19935","1":"product","2":"type-product","3":"status-publish","4":"has-post-thumbnail","6":"product_cat-akustikgitarren","7":"product_cat-gitarren","8":"product_cat-verkaufte","9":"pa_artiste-eric-clapton-de","10":"pa_disponibilite-verkauft","11":"pa_marque-martin-co-de","13":"first","14":"outofstock","15":"shipping-taxable","16":"purchasable","17":"product-type-simple"},"yoast_head":"<!-- This site is optimized with the Yoast SEO plugin v26.8 - https:\/\/yoast.com\/product\/yoast-seo-wordpress\/ -->\n<title>Martin D28 Eric Clapton Crossroads Edition - Matt&#039;s Guitar Shop<\/title>\n<meta name=\"description\" content=\"Martin D-28 Eric Clapton Crossroads Edition. Eine au\u00dfergew\u00f6hnliche Akustikgitarre, Hommage an Crossroads, signiert, selten und sammelw\u00fcrdig.\" \/>\n<meta name=\"robots\" content=\"index, follow, max-snippet:-1, max-image-preview:large, max-video-preview:-1\" \/>\n<link rel=\"canonical\" href=\"https:\/\/www.matts-guitar-shop.com\/de\/produit\/martin-d28-eric-clapton-crossroads-edition\/\" \/>\n<meta property=\"og:locale\" content=\"de_DE\" \/>\n<meta property=\"og:type\" content=\"article\" \/>\n<meta property=\"og:title\" content=\"Martin D28 Eric Clapton Crossroads Edition - Matt&#039;s Guitar Shop\" \/>\n<meta property=\"og:description\" content=\"Martin D-28 Eric Clapton Crossroads Edition. Eine au\u00dfergew\u00f6hnliche Akustikgitarre, Hommage an Crossroads, signiert, selten und sammelw\u00fcrdig.\" \/>\n<meta property=\"og:url\" content=\"https:\/\/www.matts-guitar-shop.com\/de\/produit\/martin-d28-eric-clapton-crossroads-edition\/\" \/>\n<meta property=\"og:site_name\" content=\"Matt&#039;s Guitar Shop\" \/>\n<meta property=\"article:publisher\" content=\"https:\/\/www.facebook.com\/profile.php?id=100044359842817\" \/>\n<meta property=\"article:modified_time\" content=\"2025-10-17T20:29:13+00:00\" \/>\n<meta property=\"og:image\" content=\"https:\/\/www.matts-guitar-shop.com\/wp-content\/uploads\/2024\/08\/martin-d-28-eric-clapton-crossroads-edition-guitare-00.jpg\" \/>\n\t<meta property=\"og:image:width\" content=\"700\" \/>\n\t<meta property=\"og:image:height\" content=\"1011\" \/>\n\t<meta property=\"og:image:type\" content=\"image\/jpeg\" \/>\n<meta name=\"twitter:card\" content=\"summary_large_image\" \/>\n<meta name=\"twitter:label1\" content=\"Gesch\u00e4tzte Lesezeit\" \/>\n\t<meta name=\"twitter:data1\" content=\"2\u00a0Minuten\" \/>\n<script type=\"application\/ld+json\" class=\"yoast-schema-graph\">{\"@context\":\"https:\/\/schema.org\",\"@graph\":[{\"@type\":\"WebPage\",\"@id\":\"https:\/\/www.matts-guitar-shop.com\/de\/produit\/martin-d28-eric-clapton-crossroads-edition\/\",\"url\":\"https:\/\/www.matts-guitar-shop.com\/de\/produit\/martin-d28-eric-clapton-crossroads-edition\/\",\"name\":\"Martin D28 Eric Clapton Crossroads Edition - Matt&#039;s Guitar Shop\",\"isPartOf\":{\"@id\":\"https:\/\/www.matts-guitar-shop.com\/de\/#website\"},\"primaryImageOfPage\":{\"@id\":\"https:\/\/www.matts-guitar-shop.com\/de\/produit\/martin-d28-eric-clapton-crossroads-edition\/#primaryimage\"},\"image\":{\"@id\":\"https:\/\/www.matts-guitar-shop.com\/de\/produit\/martin-d28-eric-clapton-crossroads-edition\/#primaryimage\"},\"thumbnailUrl\":\"https:\/\/www.matts-guitar-shop.com\/wp-content\/uploads\/2024\/08\/martin-d-28-eric-clapton-crossroads-edition-guitare-00.jpg\",\"datePublished\":\"2024-08-31T09:21:58+00:00\",\"dateModified\":\"2025-10-17T20:29:13+00:00\",\"description\":\"Martin D-28 Eric Clapton Crossroads Edition. Eine au\u00dfergew\u00f6hnliche Akustikgitarre, Hommage an Crossroads, signiert, selten und sammelw\u00fcrdig.\",\"breadcrumb\":{\"@id\":\"https:\/\/www.matts-guitar-shop.com\/de\/produit\/martin-d28-eric-clapton-crossroads-edition\/#breadcrumb\"},\"inLanguage\":\"de\",\"potentialAction\":[{\"@type\":\"ReadAction\",\"target\":[\"https:\/\/www.matts-guitar-shop.com\/de\/produit\/martin-d28-eric-clapton-crossroads-edition\/\"]}]},{\"@type\":\"ImageObject\",\"inLanguage\":\"de\",\"@id\":\"https:\/\/www.matts-guitar-shop.com\/de\/produit\/martin-d28-eric-clapton-crossroads-edition\/#primaryimage\",\"url\":\"https:\/\/www.matts-guitar-shop.com\/wp-content\/uploads\/2024\/08\/martin-d-28-eric-clapton-crossroads-edition-guitare-00.jpg\",\"contentUrl\":\"https:\/\/www.matts-guitar-shop.com\/wp-content\/uploads\/2024\/08\/martin-d-28-eric-clapton-crossroads-edition-guitare-00.jpg\",\"width\":700,\"height\":1011},{\"@type\":\"BreadcrumbList\",\"@id\":\"https:\/\/www.matts-guitar-shop.com\/de\/produit\/martin-d28-eric-clapton-crossroads-edition\/#breadcrumb\",\"itemListElement\":[{\"@type\":\"ListItem\",\"position\":1,\"name\":\"Startseite\",\"item\":\"https:\/\/www.matts-guitar-shop.com\/de\/\"},{\"@type\":\"ListItem\",\"position\":2,\"name\":\"Shop\",\"item\":\"https:\/\/www.matts-guitar-shop.com\/de\/shop\/\"},{\"@type\":\"ListItem\",\"position\":3,\"name\":\"Martin D28 Eric Clapton Crossroads Edition\"}]},{\"@type\":\"WebSite\",\"@id\":\"https:\/\/www.matts-guitar-shop.com\/de\/#website\",\"url\":\"https:\/\/www.matts-guitar-shop.com\/de\/\",\"name\":\"matts-guitar-shop.com\",\"description\":\"Guitar Shop\",\"publisher\":{\"@id\":\"https:\/\/www.matts-guitar-shop.com\/de\/#organization\"},\"potentialAction\":[{\"@type\":\"SearchAction\",\"target\":{\"@type\":\"EntryPoint\",\"urlTemplate\":\"https:\/\/www.matts-guitar-shop.com\/de\/?s={search_term_string}\"},\"query-input\":{\"@type\":\"PropertyValueSpecification\",\"valueRequired\":true,\"valueName\":\"search_term_string\"}}],\"inLanguage\":\"de\"},{\"@type\":\"Organization\",\"@id\":\"https:\/\/www.matts-guitar-shop.com\/de\/#organization\",\"name\":\"matts-guitar-shop.com\",\"url\":\"https:\/\/www.matts-guitar-shop.com\/de\/\",\"logo\":{\"@type\":\"ImageObject\",\"inLanguage\":\"de\",\"@id\":\"https:\/\/www.matts-guitar-shop.com\/de\/#\/schema\/logo\/image\/\",\"url\":\"https:\/\/www.matts-guitar-shop.com\/wp-content\/uploads\/2024\/09\/MGS-logo-site-02.png\",\"contentUrl\":\"https:\/\/www.matts-guitar-shop.com\/wp-content\/uploads\/2024\/09\/MGS-logo-site-02.png\",\"width\":200,\"height\":122,\"caption\":\"matts-guitar-shop.com\"},\"image\":{\"@id\":\"https:\/\/www.matts-guitar-shop.com\/de\/#\/schema\/logo\/image\/\"},\"sameAs\":[\"https:\/\/www.facebook.com\/profile.php?id=100044359842817\",\"https:\/\/www.instagram.com\/mattsguitarshop\/\",\"https:\/\/www.youtube.com\/@MattLucasMan\/videos\"]}]}<\/script>\n<!-- \/ Yoast SEO plugin. -->","yoast_head_json":{"title":"Martin D28 Eric Clapton Crossroads Edition - Matt&#039;s Guitar Shop","description":"Martin D-28 Eric Clapton Crossroads Edition. Eine au\u00dfergew\u00f6hnliche Akustikgitarre, Hommage an Crossroads, signiert, selten und sammelw\u00fcrdig.","robots":{"index":"index","follow":"follow","max-snippet":"max-snippet:-1","max-image-preview":"max-image-preview:large","max-video-preview":"max-video-preview:-1"},"canonical":"https:\/\/www.matts-guitar-shop.com\/de\/produit\/martin-d28-eric-clapton-crossroads-edition\/","og_locale":"de_DE","og_type":"article","og_title":"Martin D28 Eric Clapton Crossroads Edition - Matt&#039;s Guitar Shop","og_description":"Martin D-28 Eric Clapton Crossroads Edition. Eine au\u00dfergew\u00f6hnliche Akustikgitarre, Hommage an Crossroads, signiert, selten und sammelw\u00fcrdig.","og_url":"https:\/\/www.matts-guitar-shop.com\/de\/produit\/martin-d28-eric-clapton-crossroads-edition\/","og_site_name":"Matt&#039;s Guitar Shop","article_publisher":"https:\/\/www.facebook.com\/profile.php?id=100044359842817","article_modified_time":"2025-10-17T20:29:13+00:00","og_image":[{"width":700,"height":1011,"url":"https:\/\/www.matts-guitar-shop.com\/wp-content\/uploads\/2024\/08\/martin-d-28-eric-clapton-crossroads-edition-guitare-00.jpg","type":"image\/jpeg"}],"twitter_card":"summary_large_image","twitter_misc":{"Gesch\u00e4tzte Lesezeit":"2\u00a0Minuten"},"schema":{"@context":"https:\/\/schema.org","@graph":[{"@type":"WebPage","@id":"https:\/\/www.matts-guitar-shop.com\/de\/produit\/martin-d28-eric-clapton-crossroads-edition\/","url":"https:\/\/www.matts-guitar-shop.com\/de\/produit\/martin-d28-eric-clapton-crossroads-edition\/","name":"Martin D28 Eric Clapton Crossroads Edition - Matt&#039;s Guitar Shop","isPartOf":{"@id":"https:\/\/www.matts-guitar-shop.com\/de\/#website"},"primaryImageOfPage":{"@id":"https:\/\/www.matts-guitar-shop.com\/de\/produit\/martin-d28-eric-clapton-crossroads-edition\/#primaryimage"},"image":{"@id":"https:\/\/www.matts-guitar-shop.com\/de\/produit\/martin-d28-eric-clapton-crossroads-edition\/#primaryimage"},"thumbnailUrl":"https:\/\/www.matts-guitar-shop.com\/wp-content\/uploads\/2024\/08\/martin-d-28-eric-clapton-crossroads-edition-guitare-00.jpg","datePublished":"2024-08-31T09:21:58+00:00","dateModified":"2025-10-17T20:29:13+00:00","description":"Martin D-28 Eric Clapton Crossroads Edition. Eine au\u00dfergew\u00f6hnliche Akustikgitarre, Hommage an Crossroads, signiert, selten und sammelw\u00fcrdig.","breadcrumb":{"@id":"https:\/\/www.matts-guitar-shop.com\/de\/produit\/martin-d28-eric-clapton-crossroads-edition\/#breadcrumb"},"inLanguage":"de","potentialAction":[{"@type":"ReadAction","target":["https:\/\/www.matts-guitar-shop.com\/de\/produit\/martin-d28-eric-clapton-crossroads-edition\/"]}]},{"@type":"ImageObject","inLanguage":"de","@id":"https:\/\/www.matts-guitar-shop.com\/de\/produit\/martin-d28-eric-clapton-crossroads-edition\/#primaryimage","url":"https:\/\/www.matts-guitar-shop.com\/wp-content\/uploads\/2024\/08\/martin-d-28-eric-clapton-crossroads-edition-guitare-00.jpg","contentUrl":"https:\/\/www.matts-guitar-shop.com\/wp-content\/uploads\/2024\/08\/martin-d-28-eric-clapton-crossroads-edition-guitare-00.jpg","width":700,"height":1011},{"@type":"BreadcrumbList","@id":"https:\/\/www.matts-guitar-shop.com\/de\/produit\/martin-d28-eric-clapton-crossroads-edition\/#breadcrumb","itemListElement":[{"@type":"ListItem","position":1,"name":"Startseite","item":"https:\/\/www.matts-guitar-shop.com\/de\/"},{"@type":"ListItem","position":2,"name":"Shop","item":"https:\/\/www.matts-guitar-shop.com\/de\/shop\/"},{"@type":"ListItem","position":3,"name":"Martin D28 Eric Clapton Crossroads Edition"}]},{"@type":"WebSite","@id":"https:\/\/www.matts-guitar-shop.com\/de\/#website","url":"https:\/\/www.matts-guitar-shop.com\/de\/","name":"matts-guitar-shop.com","description":"Guitar Shop","publisher":{"@id":"https:\/\/www.matts-guitar-shop.com\/de\/#organization"},"potentialAction":[{"@type":"SearchAction","target":{"@type":"EntryPoint","urlTemplate":"https:\/\/www.matts-guitar-shop.com\/de\/?s={search_term_string}"},"query-input":{"@type":"PropertyValueSpecification","valueRequired":true,"valueName":"search_term_string"}}],"inLanguage":"de"},{"@type":"Organization","@id":"https:\/\/www.matts-guitar-shop.com\/de\/#organization","name":"matts-guitar-shop.com","url":"https:\/\/www.matts-guitar-shop.com\/de\/","logo":{"@type":"ImageObject","inLanguage":"de","@id":"https:\/\/www.matts-guitar-shop.com\/de\/#\/schema\/logo\/image\/","url":"https:\/\/www.matts-guitar-shop.com\/wp-content\/uploads\/2024\/09\/MGS-logo-site-02.png","contentUrl":"https:\/\/www.matts-guitar-shop.com\/wp-content\/uploads\/2024\/09\/MGS-logo-site-02.png","width":200,"height":122,"caption":"matts-guitar-shop.com"},"image":{"@id":"https:\/\/www.matts-guitar-shop.com\/de\/#\/schema\/logo\/image\/"},"sameAs":["https:\/\/www.facebook.com\/profile.php?id=100044359842817","https:\/\/www.instagram.com\/mattsguitarshop\/","https:\/\/www.youtube.com\/@MattLucasMan\/videos"]}]}},"_links":{"self":[{"href":"https:\/\/www.matts-guitar-shop.com\/de\/wp-json\/wp\/v2\/product\/19935","targetHints":{"allow":["GET"]}}],"collection":[{"href":"https:\/\/www.matts-guitar-shop.com\/de\/wp-json\/wp\/v2\/product"}],"about":[{"href":"https:\/\/www.matts-guitar-shop.com\/de\/wp-json\/wp\/v2\/types\/product"}],"replies":[{"embeddable":true,"href":"https:\/\/www.matts-guitar-shop.com\/de\/wp-json\/wp\/v2\/comments?post=19935"}],"wp:featuredmedia":[{"embeddable":true,"href":"https:\/\/www.matts-guitar-shop.com\/de\/wp-json\/wp\/v2\/media\/8379"}],"wp:attachment":[{"href":"https:\/\/www.matts-guitar-shop.com\/de\/wp-json\/wp\/v2\/media?parent=19935"}],"wp:term":[{"taxonomy":"product_brand","embeddable":true,"href":"https:\/\/www.matts-guitar-shop.com\/de\/wp-json\/wp\/v2\/product_brand?post=19935"},{"taxonomy":"product_cat","embeddable":true,"href":"https:\/\/www.matts-guitar-shop.com\/de\/wp-json\/wp\/v2\/product_cat?post=19935"},{"taxonomy":"product_tag","embeddable":true,"href":"https:\/\/www.matts-guitar-shop.com\/de\/wp-json\/wp\/v2\/product_tag?post=19935"}],"curies":[{"name":"wp","href":"https:\/\/api.w.org\/{rel}","templated":true}]}}