{"id":19933,"date":"2024-12-17T00:22:06","date_gmt":"2024-12-16T23:22:06","guid":{"rendered":"https:\/\/www.matts-guitar-shop.com\/produit\/cliff-williams-1976-music-man-stingray\/"},"modified":"2026-01-12T17:42:49","modified_gmt":"2026-01-12T16:42:49","slug":"cliff-williams-1976-music-man-stingray","status":"publish","type":"product","link":"https:\/\/www.matts-guitar-shop.com\/de\/produit\/cliff-williams-1976-music-man-stingray\/","title":{"rendered":"Cliff Williams\u2019 1976 Music Man StingRay"},"content":{"rendered":"<h2>Biografie von Cliff Williams, legend\u00e4rer Bassist von AC\/DC<\/h2>\n<p><strong>Cliff Williams<\/strong> ist ein <strong>britischer Bassist<\/strong>, geboren am 14. Dezember 1949 in England. Weltweit bekannt ist er als der <strong>ikonische Bassist von AC\/DC<\/strong>, dem er 1977 beitrat und mit dem er die Geschichte des <strong>Hardrock<\/strong> pr\u00e4gte.<\/p>\n<h3>Eine bedeutende Karriere im Rock<\/h3>\n<p>Bei <strong>AC\/DC<\/strong> wirkte <strong>Cliff Williams<\/strong> an legend\u00e4ren Alben wie <strong>Highway to Hell<\/strong> und <strong>Back in Black<\/strong> mit, eines der meistverkauften Alben aller Zeiten. Sein Bassspiel zeichnet sich durch <strong>kraftvolle, pr\u00e4zise Rhythmen<\/strong> aus, die perfekt zum Sound der Band passen.<\/p>\n<h3>Spielstil und Instrumente<\/h3>\n<p>Bekannt f\u00fcr sein <strong>schlichtes und effektives Spiel<\/strong>, bevorzugt <strong>Cliff Williams<\/strong> solide Basslinien, die den Groove unterst\u00fctzen. Er ist eng mit den <strong>Music Man StingRay<\/strong> B\u00e4ssen verbunden, insbesondere den Vintage-Modellen aus den 1970er Jahren, die zu Referenzen f\u00fcr <strong>Rock<\/strong>-Basser wurden.<\/p>\n<h3>Eine Hardrock-Ikone<\/h3>\n<p>Als Mitglied der <strong>Rock &amp; Roll Hall of Fame<\/strong> gilt <strong>Cliff Williams<\/strong> heute als einer der <strong>einflussreichsten Rock-Bassisten<\/strong>, gesch\u00e4tzt f\u00fcr seine Best\u00e4ndigkeit, seinen charakteristischen Sound und seine Schl\u00fcsselrolle im Erfolg von <strong>AC\/DC<\/strong>.<\/p>\n","protected":false},"excerpt":{"rendered":"<p>Die Sammlung des Matt\u2019s Guitar Shop spart auch einige legend\u00e4re B\u00e4sse nicht aus. In diesem Zusammenhang ist diese <b>Music Man Stingray<\/b> ein echtes St\u00fcck Geschichte f\u00fcr alle Hard-Rock-Fans und erst recht f\u00fcr AC\/DC.<\/p>\n<p>Als er 1977 zu AC\/DC stie\u00df, spielte <b>Cliff Williams<\/b> auf einer Fender Precision, einem Instrument, das zu seinem kraftvollen und effizienten Spiel mit dem Plektrum passte. Zwischenzeitlich hatte die kalifornische Marke Music Man, gegr\u00fcndet vom selben L\u00e9o Fender, den StingRay-Bass auf den Markt gebracht \u2013 ein Modell, das die Einfachheit der Precision Bass beibeh\u00e4lt, aber eine h\u00f6here Ausgangsleistung und mehr Durchsetzungsverm\u00f6gen bietet. Diese Erg\u00e4nzungen passten perfekt zur Entwicklung des Sounds der damaligen Musikproduktionen.<\/p>\n<p><b>Cliff Williams<\/b> \u00fcbernahm die StingRay endg\u00fcltig 1979 auf der Tournee nach dem Album <i>Highway To Hell<\/i>. Man sieht eine stark beanspruchte Sunburst sogar im Film <em>Let There Be Rock<\/em>, aufgenommen in Paris im Dezember 1979. Sie ist auch 2011 auf <i>Live At The River Plate<\/i> zu sehen, bis zur <i>Rock Or Bust World Tour<\/i>, die 2016 endete. In diesen 37 Jahren hatte Cliff Williams insgesamt nur f\u00fcnf StingRays im Einsatz. Dieses Exemplar tr\u00e4gt die Nummer 3. <b>Man kann also sagen, dass nur wenige B\u00e4sse so viele Stadien zum Beben gebracht haben wie diese bescheidene Music Man!<\/b><\/p>\n<p>Betreten Sie die legend\u00e4re Welt von Matt\u2019s Guitar Shop, dem <strong><a href=\"https:\/\/www.matts-guitar-shop.com\/de\/\">Gitarrengesch\u00e4ft in Paris<\/a><\/strong>, und entdecken Sie einzigartige St\u00fccke wie die <strong><a href=\"https:\/\/www.matts-guitar-shop.com\/de\/produit\/randy-rhoads-1974-gibson-les-paul-standard\/\" target=\"_new\" rel=\"noopener\">Randy Rhoads Gitarre<\/a><\/strong>, die ikonische <strong><a href=\"https:\/\/www.matts-guitar-shop.com\/de\/produit\/rory-gallaghers-gibson-melody-maker-1960\/\" target=\"_new\" rel=\"noopener\">Rory Gallagher Gitarre<\/a><\/strong>, die <strong><a href=\"https:\/\/www.matts-guitar-shop.com\/de\/produit\/joe-perrys-gibson-les-paul-special-tribute-aerosmith\/\" target=\"_new\" rel=\"noopener\">Aerosmith Gitarre<\/a><\/strong>, die <strong><a href=\"https:\/\/www.matts-guitar-shop.com\/de\/produit\/lorenzi-john-frusciante-tribute\/\" target=\"_new\" rel=\"noopener\">John Frusciante Gitarre<\/a><\/strong>, die <strong><a href=\"https:\/\/www.matts-guitar-shop.com\/de\/produit\/paul-stanleys-gibson-flying-v-number-1-kiss\/\" target=\"_new\" rel=\"noopener\">KISS Gitarre<\/a><\/strong>, den <strong><a href=\"https:\/\/www.matts-guitar-shop.com\/de\/produit\/gene-simmons-bass-von-gene-persoenlich-handbemalt\/\" target=\"_new\" rel=\"noopener\">Gene Simmons Bass<\/a><\/strong> oder die legend\u00e4re <strong><a href=\"https:\/\/www.matts-guitar-shop.com\/de\/produit\/fender-custom-shop-telecaster-keith-richards-prototyp\/\" target=\"_new\" rel=\"noopener\">Keith Richards Telecaster Gitarre<\/a><\/strong>.<\/p>\n","protected":false},"featured_media":11711,"comment_status":"open","ping_status":"closed","template":"","meta":{"_et_pb_use_builder":"","_et_pb_old_content":"","_et_gb_content_width":""},"product_brand":[],"product_cat":[674,676,670],"product_tag":[],"class_list":{"0":"post-19933","1":"product","2":"type-product","3":"status-publish","4":"has-post-thumbnail","6":"product_cat-baesse","7":"product_cat-ikonische-gitarren","8":"product_cat-kuenstler","9":"pa_artiste-cliff-williams-de","10":"pa_disponibilite-zu-verkaufen","11":"pa_marque-music-man-de","13":"first","14":"instock","15":"shipping-taxable","16":"product-type-simple"},"yoast_head":"<!-- This site is optimized with the Yoast SEO plugin v26.8 - https:\/\/yoast.com\/product\/yoast-seo-wordpress\/ -->\n<title>Cliff Williams Bass 1976 Music Man StingRay - Matt&#039;s Guitar Shop<\/title>\n<meta name=\"description\" content=\"Die Sammlung von Matt\u2019s Guitar Shop umfasst auch einige legend\u00e4re B\u00e4sse. In diesem Zusammenhang ist dieser Music Man Stingray ein echtes St\u00fcck Musikgeschichte. Entdecken Sie den Cliff Williams Bass.\" \/>\n<meta name=\"robots\" content=\"index, follow, max-snippet:-1, max-image-preview:large, max-video-preview:-1\" \/>\n<link rel=\"canonical\" href=\"https:\/\/www.matts-guitar-shop.com\/de\/produit\/cliff-williams-1976-music-man-stingray\/\" \/>\n<meta property=\"og:locale\" content=\"de_DE\" \/>\n<meta property=\"og:type\" content=\"article\" \/>\n<meta property=\"og:title\" content=\"Cliff Williams Bass 1976 Music Man StingRay - Matt&#039;s Guitar Shop\" \/>\n<meta property=\"og:description\" content=\"Die Sammlung von Matt\u2019s Guitar Shop umfasst auch einige legend\u00e4re B\u00e4sse. In diesem Zusammenhang ist dieser Music Man Stingray ein echtes St\u00fcck Musikgeschichte. Entdecken Sie den Cliff Williams Bass.\" \/>\n<meta property=\"og:url\" content=\"https:\/\/www.matts-guitar-shop.com\/de\/produit\/cliff-williams-1976-music-man-stingray\/\" \/>\n<meta property=\"og:site_name\" content=\"Matt&#039;s Guitar Shop\" \/>\n<meta property=\"article:publisher\" content=\"https:\/\/www.facebook.com\/profile.php?id=100044359842817\" \/>\n<meta property=\"article:modified_time\" content=\"2026-01-12T16:42:49+00:00\" \/>\n<meta property=\"og:image\" content=\"https:\/\/www.matts-guitar-shop.com\/wp-content\/uploads\/2024\/12\/cliff-williams-1976-music-man-stingray-81.jpg\" \/>\n\t<meta property=\"og:image:width\" content=\"800\" \/>\n\t<meta property=\"og:image:height\" content=\"1000\" \/>\n\t<meta property=\"og:image:type\" content=\"image\/jpeg\" \/>\n<meta name=\"twitter:card\" content=\"summary_large_image\" \/>\n<meta name=\"twitter:label1\" content=\"Gesch\u00e4tzte Lesezeit\" \/>\n\t<meta name=\"twitter:data1\" content=\"1\u00a0Minute\" \/>\n<script type=\"application\/ld+json\" class=\"yoast-schema-graph\">{\"@context\":\"https:\/\/schema.org\",\"@graph\":[{\"@type\":\"WebPage\",\"@id\":\"https:\/\/www.matts-guitar-shop.com\/de\/produit\/cliff-williams-1976-music-man-stingray\/\",\"url\":\"https:\/\/www.matts-guitar-shop.com\/de\/produit\/cliff-williams-1976-music-man-stingray\/\",\"name\":\"Cliff Williams Bass 1976 Music Man StingRay - Matt&#039;s Guitar Shop\",\"isPartOf\":{\"@id\":\"https:\/\/www.matts-guitar-shop.com\/de\/#website\"},\"primaryImageOfPage\":{\"@id\":\"https:\/\/www.matts-guitar-shop.com\/de\/produit\/cliff-williams-1976-music-man-stingray\/#primaryimage\"},\"image\":{\"@id\":\"https:\/\/www.matts-guitar-shop.com\/de\/produit\/cliff-williams-1976-music-man-stingray\/#primaryimage\"},\"thumbnailUrl\":\"https:\/\/www.matts-guitar-shop.com\/wp-content\/uploads\/2024\/12\/cliff-williams-1976-music-man-stingray-81.jpg\",\"datePublished\":\"2024-12-16T23:22:06+00:00\",\"dateModified\":\"2026-01-12T16:42:49+00:00\",\"description\":\"Die Sammlung von Matt\u2019s Guitar Shop umfasst auch einige legend\u00e4re B\u00e4sse. In diesem Zusammenhang ist dieser Music Man Stingray ein echtes St\u00fcck Musikgeschichte. Entdecken Sie den Cliff Williams Bass.\",\"breadcrumb\":{\"@id\":\"https:\/\/www.matts-guitar-shop.com\/de\/produit\/cliff-williams-1976-music-man-stingray\/#breadcrumb\"},\"inLanguage\":\"de\",\"potentialAction\":[{\"@type\":\"ReadAction\",\"target\":[\"https:\/\/www.matts-guitar-shop.com\/de\/produit\/cliff-williams-1976-music-man-stingray\/\"]}]},{\"@type\":\"ImageObject\",\"inLanguage\":\"de\",\"@id\":\"https:\/\/www.matts-guitar-shop.com\/de\/produit\/cliff-williams-1976-music-man-stingray\/#primaryimage\",\"url\":\"https:\/\/www.matts-guitar-shop.com\/wp-content\/uploads\/2024\/12\/cliff-williams-1976-music-man-stingray-81.jpg\",\"contentUrl\":\"https:\/\/www.matts-guitar-shop.com\/wp-content\/uploads\/2024\/12\/cliff-williams-1976-music-man-stingray-81.jpg\",\"width\":800,\"height\":1000,\"caption\":\"cliff william bass\"},{\"@type\":\"BreadcrumbList\",\"@id\":\"https:\/\/www.matts-guitar-shop.com\/de\/produit\/cliff-williams-1976-music-man-stingray\/#breadcrumb\",\"itemListElement\":[{\"@type\":\"ListItem\",\"position\":1,\"name\":\"Startseite\",\"item\":\"https:\/\/www.matts-guitar-shop.com\/de\/\"},{\"@type\":\"ListItem\",\"position\":2,\"name\":\"Shop\",\"item\":\"https:\/\/www.matts-guitar-shop.com\/de\/shop\/\"},{\"@type\":\"ListItem\",\"position\":3,\"name\":\"Cliff Williams\u2019 1976 Music Man StingRay\"}]},{\"@type\":\"WebSite\",\"@id\":\"https:\/\/www.matts-guitar-shop.com\/de\/#website\",\"url\":\"https:\/\/www.matts-guitar-shop.com\/de\/\",\"name\":\"matts-guitar-shop.com\",\"description\":\"Guitar Shop\",\"publisher\":{\"@id\":\"https:\/\/www.matts-guitar-shop.com\/de\/#organization\"},\"potentialAction\":[{\"@type\":\"SearchAction\",\"target\":{\"@type\":\"EntryPoint\",\"urlTemplate\":\"https:\/\/www.matts-guitar-shop.com\/de\/?s={search_term_string}\"},\"query-input\":{\"@type\":\"PropertyValueSpecification\",\"valueRequired\":true,\"valueName\":\"search_term_string\"}}],\"inLanguage\":\"de\"},{\"@type\":\"Organization\",\"@id\":\"https:\/\/www.matts-guitar-shop.com\/de\/#organization\",\"name\":\"matts-guitar-shop.com\",\"url\":\"https:\/\/www.matts-guitar-shop.com\/de\/\",\"logo\":{\"@type\":\"ImageObject\",\"inLanguage\":\"de\",\"@id\":\"https:\/\/www.matts-guitar-shop.com\/de\/#\/schema\/logo\/image\/\",\"url\":\"https:\/\/www.matts-guitar-shop.com\/wp-content\/uploads\/2024\/09\/MGS-logo-site-02.png\",\"contentUrl\":\"https:\/\/www.matts-guitar-shop.com\/wp-content\/uploads\/2024\/09\/MGS-logo-site-02.png\",\"width\":200,\"height\":122,\"caption\":\"matts-guitar-shop.com\"},\"image\":{\"@id\":\"https:\/\/www.matts-guitar-shop.com\/de\/#\/schema\/logo\/image\/\"},\"sameAs\":[\"https:\/\/www.facebook.com\/profile.php?id=100044359842817\",\"https:\/\/www.instagram.com\/mattsguitarshop\/\",\"https:\/\/www.youtube.com\/@MattLucasMan\/videos\"]}]}<\/script>\n<!-- \/ Yoast SEO plugin. -->","yoast_head_json":{"title":"Cliff Williams Bass 1976 Music Man StingRay - Matt&#039;s Guitar Shop","description":"Die Sammlung von Matt\u2019s Guitar Shop umfasst auch einige legend\u00e4re B\u00e4sse. In diesem Zusammenhang ist dieser Music Man Stingray ein echtes St\u00fcck Musikgeschichte. Entdecken Sie den Cliff Williams Bass.","robots":{"index":"index","follow":"follow","max-snippet":"max-snippet:-1","max-image-preview":"max-image-preview:large","max-video-preview":"max-video-preview:-1"},"canonical":"https:\/\/www.matts-guitar-shop.com\/de\/produit\/cliff-williams-1976-music-man-stingray\/","og_locale":"de_DE","og_type":"article","og_title":"Cliff Williams Bass 1976 Music Man StingRay - Matt&#039;s Guitar Shop","og_description":"Die Sammlung von Matt\u2019s Guitar Shop umfasst auch einige legend\u00e4re B\u00e4sse. In diesem Zusammenhang ist dieser Music Man Stingray ein echtes St\u00fcck Musikgeschichte. Entdecken Sie den Cliff Williams Bass.","og_url":"https:\/\/www.matts-guitar-shop.com\/de\/produit\/cliff-williams-1976-music-man-stingray\/","og_site_name":"Matt&#039;s Guitar Shop","article_publisher":"https:\/\/www.facebook.com\/profile.php?id=100044359842817","article_modified_time":"2026-01-12T16:42:49+00:00","og_image":[{"width":800,"height":1000,"url":"https:\/\/www.matts-guitar-shop.com\/wp-content\/uploads\/2024\/12\/cliff-williams-1976-music-man-stingray-81.jpg","type":"image\/jpeg"}],"twitter_card":"summary_large_image","twitter_misc":{"Gesch\u00e4tzte Lesezeit":"1\u00a0Minute"},"schema":{"@context":"https:\/\/schema.org","@graph":[{"@type":"WebPage","@id":"https:\/\/www.matts-guitar-shop.com\/de\/produit\/cliff-williams-1976-music-man-stingray\/","url":"https:\/\/www.matts-guitar-shop.com\/de\/produit\/cliff-williams-1976-music-man-stingray\/","name":"Cliff Williams Bass 1976 Music Man StingRay - Matt&#039;s Guitar Shop","isPartOf":{"@id":"https:\/\/www.matts-guitar-shop.com\/de\/#website"},"primaryImageOfPage":{"@id":"https:\/\/www.matts-guitar-shop.com\/de\/produit\/cliff-williams-1976-music-man-stingray\/#primaryimage"},"image":{"@id":"https:\/\/www.matts-guitar-shop.com\/de\/produit\/cliff-williams-1976-music-man-stingray\/#primaryimage"},"thumbnailUrl":"https:\/\/www.matts-guitar-shop.com\/wp-content\/uploads\/2024\/12\/cliff-williams-1976-music-man-stingray-81.jpg","datePublished":"2024-12-16T23:22:06+00:00","dateModified":"2026-01-12T16:42:49+00:00","description":"Die Sammlung von Matt\u2019s Guitar Shop umfasst auch einige legend\u00e4re B\u00e4sse. In diesem Zusammenhang ist dieser Music Man Stingray ein echtes St\u00fcck Musikgeschichte. Entdecken Sie den Cliff Williams Bass.","breadcrumb":{"@id":"https:\/\/www.matts-guitar-shop.com\/de\/produit\/cliff-williams-1976-music-man-stingray\/#breadcrumb"},"inLanguage":"de","potentialAction":[{"@type":"ReadAction","target":["https:\/\/www.matts-guitar-shop.com\/de\/produit\/cliff-williams-1976-music-man-stingray\/"]}]},{"@type":"ImageObject","inLanguage":"de","@id":"https:\/\/www.matts-guitar-shop.com\/de\/produit\/cliff-williams-1976-music-man-stingray\/#primaryimage","url":"https:\/\/www.matts-guitar-shop.com\/wp-content\/uploads\/2024\/12\/cliff-williams-1976-music-man-stingray-81.jpg","contentUrl":"https:\/\/www.matts-guitar-shop.com\/wp-content\/uploads\/2024\/12\/cliff-williams-1976-music-man-stingray-81.jpg","width":800,"height":1000,"caption":"cliff william bass"},{"@type":"BreadcrumbList","@id":"https:\/\/www.matts-guitar-shop.com\/de\/produit\/cliff-williams-1976-music-man-stingray\/#breadcrumb","itemListElement":[{"@type":"ListItem","position":1,"name":"Startseite","item":"https:\/\/www.matts-guitar-shop.com\/de\/"},{"@type":"ListItem","position":2,"name":"Shop","item":"https:\/\/www.matts-guitar-shop.com\/de\/shop\/"},{"@type":"ListItem","position":3,"name":"Cliff Williams\u2019 1976 Music Man StingRay"}]},{"@type":"WebSite","@id":"https:\/\/www.matts-guitar-shop.com\/de\/#website","url":"https:\/\/www.matts-guitar-shop.com\/de\/","name":"matts-guitar-shop.com","description":"Guitar Shop","publisher":{"@id":"https:\/\/www.matts-guitar-shop.com\/de\/#organization"},"potentialAction":[{"@type":"SearchAction","target":{"@type":"EntryPoint","urlTemplate":"https:\/\/www.matts-guitar-shop.com\/de\/?s={search_term_string}"},"query-input":{"@type":"PropertyValueSpecification","valueRequired":true,"valueName":"search_term_string"}}],"inLanguage":"de"},{"@type":"Organization","@id":"https:\/\/www.matts-guitar-shop.com\/de\/#organization","name":"matts-guitar-shop.com","url":"https:\/\/www.matts-guitar-shop.com\/de\/","logo":{"@type":"ImageObject","inLanguage":"de","@id":"https:\/\/www.matts-guitar-shop.com\/de\/#\/schema\/logo\/image\/","url":"https:\/\/www.matts-guitar-shop.com\/wp-content\/uploads\/2024\/09\/MGS-logo-site-02.png","contentUrl":"https:\/\/www.matts-guitar-shop.com\/wp-content\/uploads\/2024\/09\/MGS-logo-site-02.png","width":200,"height":122,"caption":"matts-guitar-shop.com"},"image":{"@id":"https:\/\/www.matts-guitar-shop.com\/de\/#\/schema\/logo\/image\/"},"sameAs":["https:\/\/www.facebook.com\/profile.php?id=100044359842817","https:\/\/www.instagram.com\/mattsguitarshop\/","https:\/\/www.youtube.com\/@MattLucasMan\/videos"]}]}},"_links":{"self":[{"href":"https:\/\/www.matts-guitar-shop.com\/de\/wp-json\/wp\/v2\/product\/19933","targetHints":{"allow":["GET"]}}],"collection":[{"href":"https:\/\/www.matts-guitar-shop.com\/de\/wp-json\/wp\/v2\/product"}],"about":[{"href":"https:\/\/www.matts-guitar-shop.com\/de\/wp-json\/wp\/v2\/types\/product"}],"replies":[{"embeddable":true,"href":"https:\/\/www.matts-guitar-shop.com\/de\/wp-json\/wp\/v2\/comments?post=19933"}],"wp:featuredmedia":[{"embeddable":true,"href":"https:\/\/www.matts-guitar-shop.com\/de\/wp-json\/wp\/v2\/media\/11711"}],"wp:attachment":[{"href":"https:\/\/www.matts-guitar-shop.com\/de\/wp-json\/wp\/v2\/media?parent=19933"}],"wp:term":[{"taxonomy":"product_brand","embeddable":true,"href":"https:\/\/www.matts-guitar-shop.com\/de\/wp-json\/wp\/v2\/product_brand?post=19933"},{"taxonomy":"product_cat","embeddable":true,"href":"https:\/\/www.matts-guitar-shop.com\/de\/wp-json\/wp\/v2\/product_cat?post=19933"},{"taxonomy":"product_tag","embeddable":true,"href":"https:\/\/www.matts-guitar-shop.com\/de\/wp-json\/wp\/v2\/product_tag?post=19933"}],"curies":[{"name":"wp","href":"https:\/\/api.w.org\/{rel}","templated":true}]}}