{"id":19932,"date":"2024-12-17T00:05:31","date_gmt":"2024-12-16T23:05:31","guid":{"rendered":"https:\/\/www.matts-guitar-shop.com\/produit\/marcus-kings-gibson-es-345-memphis-custom-shop\/"},"modified":"2025-11-22T13:13:19","modified_gmt":"2025-11-22T12:13:19","slug":"marcus-kings-gibson-es-345-memphis-custom-shop","status":"publish","type":"product","link":"https:\/\/www.matts-guitar-shop.com\/de\/produit\/marcus-kings-gibson-es-345-memphis-custom-shop\/","title":{"rendered":"Marcus King\u2019s Gibson ES-345 Memphis Custom Shop"},"content":{"rendered":"<h2>Marcus King<\/h2>\n<p>Die Geschichte des Blues ist gepr\u00e4gt von starken Namen, die sich als tragende S\u00e4ulen und pr\u00e4gende Vorbilder etabliert haben. Unter ihnen nehmen die \u201eKings\u201c eine besondere Stellung ein. B.B. King, Albert King und Freddie King sind drei wahre Legenden, die den amerikanischen Blues geformt und den Weg f\u00fcr ganze Generationen von Gitarristen bereitet haben. Viele Jahre sp\u00e4ter ist es ein junger, talentierter Musiker aus South Carolina namens <strong>Marcus King<\/strong>, der diesen Namen wieder an die Spitze der Charts brachte und daran erinnerte, dass sie im Bluesrock wahrlich K\u00f6nige sind.<\/p>\n<p>In eine Musikerfamilie hineingeboren \u2014 sein Vater Marvin King war eine bekannte Figur der lokalen Szene \u2014 tauchte der amerikanische Musiker Marcus King Mitte der 2010er-Jahre mit einem Stil auf, der Soul, Blues, Rock, Gospel und Jazz vereint. Schon damals zeigte er eine beeindruckende Reife und setzte sein bluesorientiertes Gitarrenspiel in Kompositionen ein, die schnell Aufmerksamkeit erregten. Mit einer Reihe von Alben und Auftritten, die von au\u00dfergew\u00f6hnlicher Disziplin und Ambition gepr\u00e4gt sind, hat Marcus King seinen Status als virtuoser Bluesmusiker gefestigt. Heute z\u00e4hlt er zu den talentiertesten Gitarristen seiner Generation, umgeben von erstklassigen Musikern in seiner Band (darunter Gitarrist Drew Smithers), und f\u00e4hig, seinen musikalischen Idolen ehrw\u00fcrdige Hommagen zu widmen. Eines ist sicher: Mit dem Namen \u201eKing\u201c hat Marcus nicht nur einen Namen geerbt \u2014 er hat das gewaltige Erbe der drei Kings des Blues angenommen, ein Erbe, das er offensichtlich mit W\u00fcrde weitertr\u00e4gt.<\/p>\n","protected":false},"excerpt":{"rendered":"<p>In der Tradition der gro\u00dfen Bluesmeister hat <b>Marcus King<\/b> die Gibson ES zu seiner bevorzugten Gitarre gemacht. Doch bevor seine ber\u00fchmte \u201eBig Red\u201c, die von Gibson repliziert wurde, und die Vintage-Gitarren, die er sich sp\u00e4ter leisten konnte, war sein Hauptinstrument eine <b>Gibson ES-345<\/b> Memphis Custom Shop. Genau diese Gitarre ist vor einigen Jahren in die Sammlung des Matt\u2019s Guitar Shop aufgenommen worden.<\/p>\n<p>Nur wenige Instrumente werden so lange, intensiv und leidenschaftlich von einem jungen K\u00fcnstler gespielt, der sie in- und auswendig kennt. So auch diese ES-345, die Marcus Kings Anfangsjahre treu begleitete. Sie war <b>seine Hauptgitarre<\/b> von 2014 bis 2020, die er von Auftritt zu Auftritt trug. Sie war auch seine bevorzugte Studio-Gitarre, insbesondere auf dem Album <i>Carolina Confession<\/i> (2018), auf dem die Gitarre besonders im Titel <i>Homesick<\/i> zu h\u00f6ren ist.<\/p>\n<p>Diese Gibson ES-345 ist l\u00e4ngst mehr als eine einfache Memphis Custom Shop. Ihre unz\u00e4hligen Spielstunden haben ihr eine seltene Offenheit, eine bemerkenswerte Projektion und eine auffallende Spielklarheit verliehen. Zahlreiche Gebrauchsspuren zeugen zudem von den Jahren, die sie von Konzert zu Konzert begleitet hat und so Marcus Kings Ruf St\u00fcck f\u00fcr St\u00fcck gepr\u00e4gt haben.<\/p>\n","protected":false},"featured_media":12661,"comment_status":"open","ping_status":"closed","template":"","meta":{"_et_pb_use_builder":"","_et_pb_old_content":"","_et_gb_content_width":""},"product_brand":[],"product_cat":[676,672],"product_tag":[],"class_list":{"0":"post-19932","1":"product","2":"type-product","3":"status-publish","4":"has-post-thumbnail","6":"product_cat-ikonische-gitarren","7":"product_cat-verkaufte","8":"pa_artiste-marcus-king-de","9":"pa_disponibilite-verkauft","10":"pa_marque-gibson-de","12":"first","13":"outofstock","14":"shipping-taxable","15":"product-type-simple"},"yoast_head":"<!-- This site is optimized with the Yoast SEO plugin v26.8 - https:\/\/yoast.com\/product\/yoast-seo-wordpress\/ -->\n<title>Marcus King\u2019s Gibson ES-345 Memphis Custom Shop - Matt&#039;s Guitar Shop<\/title>\n<meta name=\"description\" content=\"In der Tradition der gr\u00f6\u00dften Bluesmeister hat Marcus King die Gibson ES zu seiner bevorzugten Gitarre gemacht.\" \/>\n<meta name=\"robots\" content=\"index, follow, max-snippet:-1, max-image-preview:large, max-video-preview:-1\" \/>\n<link rel=\"canonical\" href=\"https:\/\/www.matts-guitar-shop.com\/de\/produit\/marcus-kings-gibson-es-345-memphis-custom-shop\/\" \/>\n<meta property=\"og:locale\" content=\"de_DE\" \/>\n<meta property=\"og:type\" content=\"article\" \/>\n<meta property=\"og:title\" content=\"Marcus King\u2019s Gibson ES-345 Memphis Custom Shop - Matt&#039;s Guitar Shop\" \/>\n<meta property=\"og:description\" content=\"In der Tradition der gr\u00f6\u00dften Bluesmeister hat Marcus King die Gibson ES zu seiner bevorzugten Gitarre gemacht.\" \/>\n<meta property=\"og:url\" content=\"https:\/\/www.matts-guitar-shop.com\/de\/produit\/marcus-kings-gibson-es-345-memphis-custom-shop\/\" \/>\n<meta property=\"og:site_name\" content=\"Matt&#039;s Guitar Shop\" \/>\n<meta property=\"article:publisher\" content=\"https:\/\/www.facebook.com\/profile.php?id=100044359842817\" \/>\n<meta property=\"article:modified_time\" content=\"2025-11-22T12:13:19+00:00\" \/>\n<meta property=\"og:image\" content=\"https:\/\/www.matts-guitar-shop.com\/wp-content\/uploads\/2024\/12\/marcus-king-s-gibson-es-345-memphis-custom-shop-73.jpg\" \/>\n\t<meta property=\"og:image:width\" content=\"800\" \/>\n\t<meta property=\"og:image:height\" content=\"1000\" \/>\n\t<meta property=\"og:image:type\" content=\"image\/jpeg\" \/>\n<meta name=\"twitter:card\" content=\"summary_large_image\" \/>\n<meta name=\"twitter:label1\" content=\"Gesch\u00e4tzte Lesezeit\" \/>\n\t<meta name=\"twitter:data1\" content=\"1\u00a0Minute\" \/>\n<script type=\"application\/ld+json\" class=\"yoast-schema-graph\">{\"@context\":\"https:\/\/schema.org\",\"@graph\":[{\"@type\":\"WebPage\",\"@id\":\"https:\/\/www.matts-guitar-shop.com\/de\/produit\/marcus-kings-gibson-es-345-memphis-custom-shop\/\",\"url\":\"https:\/\/www.matts-guitar-shop.com\/de\/produit\/marcus-kings-gibson-es-345-memphis-custom-shop\/\",\"name\":\"Marcus King\u2019s Gibson ES-345 Memphis Custom Shop - Matt&#039;s Guitar Shop\",\"isPartOf\":{\"@id\":\"https:\/\/www.matts-guitar-shop.com\/de\/#website\"},\"primaryImageOfPage\":{\"@id\":\"https:\/\/www.matts-guitar-shop.com\/de\/produit\/marcus-kings-gibson-es-345-memphis-custom-shop\/#primaryimage\"},\"image\":{\"@id\":\"https:\/\/www.matts-guitar-shop.com\/de\/produit\/marcus-kings-gibson-es-345-memphis-custom-shop\/#primaryimage\"},\"thumbnailUrl\":\"https:\/\/www.matts-guitar-shop.com\/wp-content\/uploads\/2024\/12\/marcus-king-s-gibson-es-345-memphis-custom-shop-73.jpg\",\"datePublished\":\"2024-12-16T23:05:31+00:00\",\"dateModified\":\"2025-11-22T12:13:19+00:00\",\"description\":\"In der Tradition der gr\u00f6\u00dften Bluesmeister hat Marcus King die Gibson ES zu seiner bevorzugten Gitarre gemacht.\",\"breadcrumb\":{\"@id\":\"https:\/\/www.matts-guitar-shop.com\/de\/produit\/marcus-kings-gibson-es-345-memphis-custom-shop\/#breadcrumb\"},\"inLanguage\":\"de\",\"potentialAction\":[{\"@type\":\"ReadAction\",\"target\":[\"https:\/\/www.matts-guitar-shop.com\/de\/produit\/marcus-kings-gibson-es-345-memphis-custom-shop\/\"]}]},{\"@type\":\"ImageObject\",\"inLanguage\":\"de\",\"@id\":\"https:\/\/www.matts-guitar-shop.com\/de\/produit\/marcus-kings-gibson-es-345-memphis-custom-shop\/#primaryimage\",\"url\":\"https:\/\/www.matts-guitar-shop.com\/wp-content\/uploads\/2024\/12\/marcus-king-s-gibson-es-345-memphis-custom-shop-73.jpg\",\"contentUrl\":\"https:\/\/www.matts-guitar-shop.com\/wp-content\/uploads\/2024\/12\/marcus-king-s-gibson-es-345-memphis-custom-shop-73.jpg\",\"width\":800,\"height\":1000},{\"@type\":\"BreadcrumbList\",\"@id\":\"https:\/\/www.matts-guitar-shop.com\/de\/produit\/marcus-kings-gibson-es-345-memphis-custom-shop\/#breadcrumb\",\"itemListElement\":[{\"@type\":\"ListItem\",\"position\":1,\"name\":\"Startseite\",\"item\":\"https:\/\/www.matts-guitar-shop.com\/de\/\"},{\"@type\":\"ListItem\",\"position\":2,\"name\":\"Shop\",\"item\":\"https:\/\/www.matts-guitar-shop.com\/de\/shop\/\"},{\"@type\":\"ListItem\",\"position\":3,\"name\":\"Marcus King\u2019s Gibson ES-345 Memphis Custom Shop\"}]},{\"@type\":\"WebSite\",\"@id\":\"https:\/\/www.matts-guitar-shop.com\/de\/#website\",\"url\":\"https:\/\/www.matts-guitar-shop.com\/de\/\",\"name\":\"matts-guitar-shop.com\",\"description\":\"Guitar Shop\",\"publisher\":{\"@id\":\"https:\/\/www.matts-guitar-shop.com\/de\/#organization\"},\"potentialAction\":[{\"@type\":\"SearchAction\",\"target\":{\"@type\":\"EntryPoint\",\"urlTemplate\":\"https:\/\/www.matts-guitar-shop.com\/de\/?s={search_term_string}\"},\"query-input\":{\"@type\":\"PropertyValueSpecification\",\"valueRequired\":true,\"valueName\":\"search_term_string\"}}],\"inLanguage\":\"de\"},{\"@type\":\"Organization\",\"@id\":\"https:\/\/www.matts-guitar-shop.com\/de\/#organization\",\"name\":\"matts-guitar-shop.com\",\"url\":\"https:\/\/www.matts-guitar-shop.com\/de\/\",\"logo\":{\"@type\":\"ImageObject\",\"inLanguage\":\"de\",\"@id\":\"https:\/\/www.matts-guitar-shop.com\/de\/#\/schema\/logo\/image\/\",\"url\":\"https:\/\/www.matts-guitar-shop.com\/wp-content\/uploads\/2024\/09\/MGS-logo-site-02.png\",\"contentUrl\":\"https:\/\/www.matts-guitar-shop.com\/wp-content\/uploads\/2024\/09\/MGS-logo-site-02.png\",\"width\":200,\"height\":122,\"caption\":\"matts-guitar-shop.com\"},\"image\":{\"@id\":\"https:\/\/www.matts-guitar-shop.com\/de\/#\/schema\/logo\/image\/\"},\"sameAs\":[\"https:\/\/www.facebook.com\/profile.php?id=100044359842817\",\"https:\/\/www.instagram.com\/mattsguitarshop\/\",\"https:\/\/www.youtube.com\/@MattLucasMan\/videos\"]}]}<\/script>\n<!-- \/ Yoast SEO plugin. -->","yoast_head_json":{"title":"Marcus King\u2019s Gibson ES-345 Memphis Custom Shop - Matt&#039;s Guitar Shop","description":"In der Tradition der gr\u00f6\u00dften Bluesmeister hat Marcus King die Gibson ES zu seiner bevorzugten Gitarre gemacht.","robots":{"index":"index","follow":"follow","max-snippet":"max-snippet:-1","max-image-preview":"max-image-preview:large","max-video-preview":"max-video-preview:-1"},"canonical":"https:\/\/www.matts-guitar-shop.com\/de\/produit\/marcus-kings-gibson-es-345-memphis-custom-shop\/","og_locale":"de_DE","og_type":"article","og_title":"Marcus King\u2019s Gibson ES-345 Memphis Custom Shop - Matt&#039;s Guitar Shop","og_description":"In der Tradition der gr\u00f6\u00dften Bluesmeister hat Marcus King die Gibson ES zu seiner bevorzugten Gitarre gemacht.","og_url":"https:\/\/www.matts-guitar-shop.com\/de\/produit\/marcus-kings-gibson-es-345-memphis-custom-shop\/","og_site_name":"Matt&#039;s Guitar Shop","article_publisher":"https:\/\/www.facebook.com\/profile.php?id=100044359842817","article_modified_time":"2025-11-22T12:13:19+00:00","og_image":[{"width":800,"height":1000,"url":"https:\/\/www.matts-guitar-shop.com\/wp-content\/uploads\/2024\/12\/marcus-king-s-gibson-es-345-memphis-custom-shop-73.jpg","type":"image\/jpeg"}],"twitter_card":"summary_large_image","twitter_misc":{"Gesch\u00e4tzte Lesezeit":"1\u00a0Minute"},"schema":{"@context":"https:\/\/schema.org","@graph":[{"@type":"WebPage","@id":"https:\/\/www.matts-guitar-shop.com\/de\/produit\/marcus-kings-gibson-es-345-memphis-custom-shop\/","url":"https:\/\/www.matts-guitar-shop.com\/de\/produit\/marcus-kings-gibson-es-345-memphis-custom-shop\/","name":"Marcus King\u2019s Gibson ES-345 Memphis Custom Shop - Matt&#039;s Guitar Shop","isPartOf":{"@id":"https:\/\/www.matts-guitar-shop.com\/de\/#website"},"primaryImageOfPage":{"@id":"https:\/\/www.matts-guitar-shop.com\/de\/produit\/marcus-kings-gibson-es-345-memphis-custom-shop\/#primaryimage"},"image":{"@id":"https:\/\/www.matts-guitar-shop.com\/de\/produit\/marcus-kings-gibson-es-345-memphis-custom-shop\/#primaryimage"},"thumbnailUrl":"https:\/\/www.matts-guitar-shop.com\/wp-content\/uploads\/2024\/12\/marcus-king-s-gibson-es-345-memphis-custom-shop-73.jpg","datePublished":"2024-12-16T23:05:31+00:00","dateModified":"2025-11-22T12:13:19+00:00","description":"In der Tradition der gr\u00f6\u00dften Bluesmeister hat Marcus King die Gibson ES zu seiner bevorzugten Gitarre gemacht.","breadcrumb":{"@id":"https:\/\/www.matts-guitar-shop.com\/de\/produit\/marcus-kings-gibson-es-345-memphis-custom-shop\/#breadcrumb"},"inLanguage":"de","potentialAction":[{"@type":"ReadAction","target":["https:\/\/www.matts-guitar-shop.com\/de\/produit\/marcus-kings-gibson-es-345-memphis-custom-shop\/"]}]},{"@type":"ImageObject","inLanguage":"de","@id":"https:\/\/www.matts-guitar-shop.com\/de\/produit\/marcus-kings-gibson-es-345-memphis-custom-shop\/#primaryimage","url":"https:\/\/www.matts-guitar-shop.com\/wp-content\/uploads\/2024\/12\/marcus-king-s-gibson-es-345-memphis-custom-shop-73.jpg","contentUrl":"https:\/\/www.matts-guitar-shop.com\/wp-content\/uploads\/2024\/12\/marcus-king-s-gibson-es-345-memphis-custom-shop-73.jpg","width":800,"height":1000},{"@type":"BreadcrumbList","@id":"https:\/\/www.matts-guitar-shop.com\/de\/produit\/marcus-kings-gibson-es-345-memphis-custom-shop\/#breadcrumb","itemListElement":[{"@type":"ListItem","position":1,"name":"Startseite","item":"https:\/\/www.matts-guitar-shop.com\/de\/"},{"@type":"ListItem","position":2,"name":"Shop","item":"https:\/\/www.matts-guitar-shop.com\/de\/shop\/"},{"@type":"ListItem","position":3,"name":"Marcus King\u2019s Gibson ES-345 Memphis Custom Shop"}]},{"@type":"WebSite","@id":"https:\/\/www.matts-guitar-shop.com\/de\/#website","url":"https:\/\/www.matts-guitar-shop.com\/de\/","name":"matts-guitar-shop.com","description":"Guitar Shop","publisher":{"@id":"https:\/\/www.matts-guitar-shop.com\/de\/#organization"},"potentialAction":[{"@type":"SearchAction","target":{"@type":"EntryPoint","urlTemplate":"https:\/\/www.matts-guitar-shop.com\/de\/?s={search_term_string}"},"query-input":{"@type":"PropertyValueSpecification","valueRequired":true,"valueName":"search_term_string"}}],"inLanguage":"de"},{"@type":"Organization","@id":"https:\/\/www.matts-guitar-shop.com\/de\/#organization","name":"matts-guitar-shop.com","url":"https:\/\/www.matts-guitar-shop.com\/de\/","logo":{"@type":"ImageObject","inLanguage":"de","@id":"https:\/\/www.matts-guitar-shop.com\/de\/#\/schema\/logo\/image\/","url":"https:\/\/www.matts-guitar-shop.com\/wp-content\/uploads\/2024\/09\/MGS-logo-site-02.png","contentUrl":"https:\/\/www.matts-guitar-shop.com\/wp-content\/uploads\/2024\/09\/MGS-logo-site-02.png","width":200,"height":122,"caption":"matts-guitar-shop.com"},"image":{"@id":"https:\/\/www.matts-guitar-shop.com\/de\/#\/schema\/logo\/image\/"},"sameAs":["https:\/\/www.facebook.com\/profile.php?id=100044359842817","https:\/\/www.instagram.com\/mattsguitarshop\/","https:\/\/www.youtube.com\/@MattLucasMan\/videos"]}]}},"_links":{"self":[{"href":"https:\/\/www.matts-guitar-shop.com\/de\/wp-json\/wp\/v2\/product\/19932","targetHints":{"allow":["GET"]}}],"collection":[{"href":"https:\/\/www.matts-guitar-shop.com\/de\/wp-json\/wp\/v2\/product"}],"about":[{"href":"https:\/\/www.matts-guitar-shop.com\/de\/wp-json\/wp\/v2\/types\/product"}],"replies":[{"embeddable":true,"href":"https:\/\/www.matts-guitar-shop.com\/de\/wp-json\/wp\/v2\/comments?post=19932"}],"wp:featuredmedia":[{"embeddable":true,"href":"https:\/\/www.matts-guitar-shop.com\/de\/wp-json\/wp\/v2\/media\/12661"}],"wp:attachment":[{"href":"https:\/\/www.matts-guitar-shop.com\/de\/wp-json\/wp\/v2\/media?parent=19932"}],"wp:term":[{"taxonomy":"product_brand","embeddable":true,"href":"https:\/\/www.matts-guitar-shop.com\/de\/wp-json\/wp\/v2\/product_brand?post=19932"},{"taxonomy":"product_cat","embeddable":true,"href":"https:\/\/www.matts-guitar-shop.com\/de\/wp-json\/wp\/v2\/product_cat?post=19932"},{"taxonomy":"product_tag","embeddable":true,"href":"https:\/\/www.matts-guitar-shop.com\/de\/wp-json\/wp\/v2\/product_tag?post=19932"}],"curies":[{"name":"wp","href":"https:\/\/api.w.org\/{rel}","templated":true}]}}