{"id":19930,"date":"2024-12-16T23:42:23","date_gmt":"2024-12-16T22:42:23","guid":{"rendered":"https:\/\/www.matts-guitar-shop.com\/produit\/1955-gibson-les-paul-custom-ehemals-im-besitz-von-paul-kossoff-und-eric-clapton\/"},"modified":"2025-10-17T21:56:43","modified_gmt":"2025-10-17T19:56:43","slug":"1955-gibson-les-paul-custom-ehemals-im-besitz-von-paul-kossoff-und-eric-clapton","status":"publish","type":"product","link":"https:\/\/www.matts-guitar-shop.com\/de\/produit\/1955-gibson-les-paul-custom-ehemals-im-besitz-von-paul-kossoff-und-eric-clapton\/","title":{"rendered":"1955 Gibson Les Paul Custom \u2013 ehemals im Besitz von Paul Kossoff und Eric Clapton"},"content":{"rendered":"<p>Paul Kossoff<br \/>\nEric Clapton<\/p>\n","protected":false},"excerpt":{"rendered":"<p>In der Kategorie der Lieblings-Les Pauls des Shops nimmt diese <b>Gibson Les Paul Custom<\/b> von 1955 einen besonderen Platz ein. Rein und elegant, ist sie eine Gitarre, die ebenso zart wie kraftvoll ist und bereits in den H\u00e4nden bedeutender K\u00fcnstler gespielt wurde.<\/p>\n<p>Mitte der 1960er Jahre, als er noch nicht der Meister des Blues-Vibratos bei <i>Free<\/i> war, wollte <b>Paul Kossoff<\/b> bereits eine Les Paul. Echte Gibsons waren im London jener Zeit \u00e4u\u00dferst selten, und nach einer Les Paul Junior erhielt der junge Paul dank einer Reise seines Vaters, des Schauspielers David Kossoff, in die USA seine erste echte Les Paul.<\/p>\n<p>Wir waren noch weit von den Bursts und Gold Tops entfernt, die er sp\u00e4ter auf der B\u00fchne des Isle of Wight Festivals spielen w\u00fcrde, aber es war eine Les Paul Custom von 1955. Dieses zweite Produktionsjahr entspricht der ersten Version der Black Beauty, noch vor der Einf\u00fchrung der Humbucker. Sie ist daher mit einem P90 in der Stegposition und einem Alnico-\u201cstaples\u201d-Tonabnehmer in der Halsposition ausgestattet.<\/p>\n<p>Da Kossoff es nicht ertragen konnte, dass seine kostbare Gitarre am Binding vergilbte, entfernte er den Lack. Dieses Fehlen von Lack sorgt daf\u00fcr, dass die Bindings auch \u00fcber f\u00fcnfzig Jahre sp\u00e4ter noch wei\u00df sind und erm\u00f6glicht es, diese Les Paul auf Fotos, auf denen Kossoff sie mit seiner ersten Band, den <i>Black Cat Bones<\/i>, spielt, sofort zu erkennen.<\/p>\n<p>Dar\u00fcber hinaus ist die Gitarre auf einem Foto von <b>Eric Clapton<\/b> in London im Marquee 1967 w\u00e4hrend der Cream-Tour zum Album <i>Disraeli Gears<\/i> zu identifizieren. Die Black Beauty soll auch kurzzeitig in den H\u00e4nden von Duff McKagan gewesen sein, bevor sie beim Matt\u2019s Guitar Shop landete. Eines ist sicher: Nach all den Jahren sind die kleinen Zettel in den Elektronikhohlr\u00e4umen und die Gravuren, auf denen Kossoff seinen Namen verewigt hat, noch immer in der Gitarre \u2013 als k\u00f6nnte sie niemals vollst\u00e4ndig einem anderen geh\u00f6ren.<\/p>\n<p>Regelm\u00e4\u00dfig verliehen, wurde diese Gitarre unter anderem von Marcus King, Adrian Smith (Iron Maiden), Craig Ross (Lenny Kravitz), Charlie Starr (Blackberry Smoke) und J.J. Julius Son (Kaleo) gespielt.<\/p>\n","protected":false},"featured_media":11843,"comment_status":"open","ping_status":"closed","template":"","meta":{"_et_pb_use_builder":"","_et_pb_old_content":"","_et_gb_content_width":""},"product_brand":[],"product_cat":[673,677,676,670],"product_tag":[],"class_list":{"0":"post-19930","1":"product","2":"type-product","3":"status-publish","4":"has-post-thumbnail","6":"product_cat-gitarren","7":"product_cat-elektrische-gitarren","8":"product_cat-ikonische-gitarren","9":"product_cat-kuenstler","10":"pa_artiste-eric-clapton-de","11":"pa_artiste-paul-kossoff-de","12":"pa_disponibilite-zu-verkaufen","13":"pa_marque-gibson-de","15":"first","16":"instock","17":"shipping-taxable","18":"product-type-simple"},"yoast_head":"<!-- This site is optimized with the Yoast SEO plugin v26.8 - https:\/\/yoast.com\/product\/yoast-seo-wordpress\/ -->\n<title>1955 Gibson Les Paul Custom \u2013 ehemals im Besitz von Paul Kossoff und Eric Clapton - Matt&#039;s Guitar Shop<\/title>\n<meta name=\"description\" content=\"Rein und elegant, ist sie eine Gitarre, so zart wie kraftvoll, die bereits in den H\u00e4nden bedeutender K\u00fcnstler war.\" \/>\n<meta name=\"robots\" content=\"index, follow, max-snippet:-1, max-image-preview:large, max-video-preview:-1\" \/>\n<link rel=\"canonical\" href=\"https:\/\/www.matts-guitar-shop.com\/de\/produit\/1955-gibson-les-paul-custom-ehemals-im-besitz-von-paul-kossoff-und-eric-clapton\/\" \/>\n<meta property=\"og:locale\" content=\"de_DE\" \/>\n<meta property=\"og:type\" content=\"article\" \/>\n<meta property=\"og:title\" content=\"1955 Gibson Les Paul Custom \u2013 ehemals im Besitz von Paul Kossoff und Eric Clapton - Matt&#039;s Guitar Shop\" \/>\n<meta property=\"og:description\" content=\"Rein und elegant, ist sie eine Gitarre, so zart wie kraftvoll, die bereits in den H\u00e4nden bedeutender K\u00fcnstler war.\" \/>\n<meta property=\"og:url\" content=\"https:\/\/www.matts-guitar-shop.com\/de\/produit\/1955-gibson-les-paul-custom-ehemals-im-besitz-von-paul-kossoff-und-eric-clapton\/\" \/>\n<meta property=\"og:site_name\" content=\"Matt&#039;s Guitar Shop\" \/>\n<meta property=\"article:publisher\" content=\"https:\/\/www.facebook.com\/profile.php?id=100044359842817\" \/>\n<meta property=\"article:modified_time\" content=\"2025-10-17T19:56:43+00:00\" \/>\n<meta property=\"og:image\" content=\"https:\/\/www.matts-guitar-shop.com\/wp-content\/uploads\/2024\/12\/gibson-les-paul-custom-1955-kossoff-clapton-78.jpg\" \/>\n\t<meta property=\"og:image:width\" content=\"800\" \/>\n\t<meta property=\"og:image:height\" content=\"1000\" \/>\n\t<meta property=\"og:image:type\" content=\"image\/jpeg\" \/>\n<meta name=\"twitter:card\" content=\"summary_large_image\" \/>\n<script type=\"application\/ld+json\" class=\"yoast-schema-graph\">{\"@context\":\"https:\/\/schema.org\",\"@graph\":[{\"@type\":\"WebPage\",\"@id\":\"https:\/\/www.matts-guitar-shop.com\/de\/produit\/1955-gibson-les-paul-custom-ehemals-im-besitz-von-paul-kossoff-und-eric-clapton\/\",\"url\":\"https:\/\/www.matts-guitar-shop.com\/de\/produit\/1955-gibson-les-paul-custom-ehemals-im-besitz-von-paul-kossoff-und-eric-clapton\/\",\"name\":\"1955 Gibson Les Paul Custom \u2013 ehemals im Besitz von Paul Kossoff und Eric Clapton - Matt&#039;s Guitar Shop\",\"isPartOf\":{\"@id\":\"https:\/\/www.matts-guitar-shop.com\/de\/#website\"},\"primaryImageOfPage\":{\"@id\":\"https:\/\/www.matts-guitar-shop.com\/de\/produit\/1955-gibson-les-paul-custom-ehemals-im-besitz-von-paul-kossoff-und-eric-clapton\/#primaryimage\"},\"image\":{\"@id\":\"https:\/\/www.matts-guitar-shop.com\/de\/produit\/1955-gibson-les-paul-custom-ehemals-im-besitz-von-paul-kossoff-und-eric-clapton\/#primaryimage\"},\"thumbnailUrl\":\"https:\/\/www.matts-guitar-shop.com\/wp-content\/uploads\/2024\/12\/gibson-les-paul-custom-1955-kossoff-clapton-78.jpg\",\"datePublished\":\"2024-12-16T22:42:23+00:00\",\"dateModified\":\"2025-10-17T19:56:43+00:00\",\"description\":\"Rein und elegant, ist sie eine Gitarre, so zart wie kraftvoll, die bereits in den H\u00e4nden bedeutender K\u00fcnstler war.\",\"breadcrumb\":{\"@id\":\"https:\/\/www.matts-guitar-shop.com\/de\/produit\/1955-gibson-les-paul-custom-ehemals-im-besitz-von-paul-kossoff-und-eric-clapton\/#breadcrumb\"},\"inLanguage\":\"de\",\"potentialAction\":[{\"@type\":\"ReadAction\",\"target\":[\"https:\/\/www.matts-guitar-shop.com\/de\/produit\/1955-gibson-les-paul-custom-ehemals-im-besitz-von-paul-kossoff-und-eric-clapton\/\"]}]},{\"@type\":\"ImageObject\",\"inLanguage\":\"de\",\"@id\":\"https:\/\/www.matts-guitar-shop.com\/de\/produit\/1955-gibson-les-paul-custom-ehemals-im-besitz-von-paul-kossoff-und-eric-clapton\/#primaryimage\",\"url\":\"https:\/\/www.matts-guitar-shop.com\/wp-content\/uploads\/2024\/12\/gibson-les-paul-custom-1955-kossoff-clapton-78.jpg\",\"contentUrl\":\"https:\/\/www.matts-guitar-shop.com\/wp-content\/uploads\/2024\/12\/gibson-les-paul-custom-1955-kossoff-clapton-78.jpg\",\"width\":800,\"height\":1000},{\"@type\":\"BreadcrumbList\",\"@id\":\"https:\/\/www.matts-guitar-shop.com\/de\/produit\/1955-gibson-les-paul-custom-ehemals-im-besitz-von-paul-kossoff-und-eric-clapton\/#breadcrumb\",\"itemListElement\":[{\"@type\":\"ListItem\",\"position\":1,\"name\":\"Startseite\",\"item\":\"https:\/\/www.matts-guitar-shop.com\/de\/\"},{\"@type\":\"ListItem\",\"position\":2,\"name\":\"Shop\",\"item\":\"https:\/\/www.matts-guitar-shop.com\/de\/shop\/\"},{\"@type\":\"ListItem\",\"position\":3,\"name\":\"1955 Gibson Les Paul Custom \u2013 ehemals im Besitz von Paul Kossoff und Eric Clapton\"}]},{\"@type\":\"WebSite\",\"@id\":\"https:\/\/www.matts-guitar-shop.com\/de\/#website\",\"url\":\"https:\/\/www.matts-guitar-shop.com\/de\/\",\"name\":\"matts-guitar-shop.com\",\"description\":\"Guitar Shop\",\"publisher\":{\"@id\":\"https:\/\/www.matts-guitar-shop.com\/de\/#organization\"},\"potentialAction\":[{\"@type\":\"SearchAction\",\"target\":{\"@type\":\"EntryPoint\",\"urlTemplate\":\"https:\/\/www.matts-guitar-shop.com\/de\/?s={search_term_string}\"},\"query-input\":{\"@type\":\"PropertyValueSpecification\",\"valueRequired\":true,\"valueName\":\"search_term_string\"}}],\"inLanguage\":\"de\"},{\"@type\":\"Organization\",\"@id\":\"https:\/\/www.matts-guitar-shop.com\/de\/#organization\",\"name\":\"matts-guitar-shop.com\",\"url\":\"https:\/\/www.matts-guitar-shop.com\/de\/\",\"logo\":{\"@type\":\"ImageObject\",\"inLanguage\":\"de\",\"@id\":\"https:\/\/www.matts-guitar-shop.com\/de\/#\/schema\/logo\/image\/\",\"url\":\"https:\/\/www.matts-guitar-shop.com\/wp-content\/uploads\/2024\/09\/MGS-logo-site-02.png\",\"contentUrl\":\"https:\/\/www.matts-guitar-shop.com\/wp-content\/uploads\/2024\/09\/MGS-logo-site-02.png\",\"width\":200,\"height\":122,\"caption\":\"matts-guitar-shop.com\"},\"image\":{\"@id\":\"https:\/\/www.matts-guitar-shop.com\/de\/#\/schema\/logo\/image\/\"},\"sameAs\":[\"https:\/\/www.facebook.com\/profile.php?id=100044359842817\",\"https:\/\/www.instagram.com\/mattsguitarshop\/\",\"https:\/\/www.youtube.com\/@MattLucasMan\/videos\"]}]}<\/script>\n<!-- \/ Yoast SEO plugin. -->","yoast_head_json":{"title":"1955 Gibson Les Paul Custom \u2013 ehemals im Besitz von Paul Kossoff und Eric Clapton - Matt&#039;s Guitar Shop","description":"Rein und elegant, ist sie eine Gitarre, so zart wie kraftvoll, die bereits in den H\u00e4nden bedeutender K\u00fcnstler war.","robots":{"index":"index","follow":"follow","max-snippet":"max-snippet:-1","max-image-preview":"max-image-preview:large","max-video-preview":"max-video-preview:-1"},"canonical":"https:\/\/www.matts-guitar-shop.com\/de\/produit\/1955-gibson-les-paul-custom-ehemals-im-besitz-von-paul-kossoff-und-eric-clapton\/","og_locale":"de_DE","og_type":"article","og_title":"1955 Gibson Les Paul Custom \u2013 ehemals im Besitz von Paul Kossoff und Eric Clapton - Matt&#039;s Guitar Shop","og_description":"Rein und elegant, ist sie eine Gitarre, so zart wie kraftvoll, die bereits in den H\u00e4nden bedeutender K\u00fcnstler war.","og_url":"https:\/\/www.matts-guitar-shop.com\/de\/produit\/1955-gibson-les-paul-custom-ehemals-im-besitz-von-paul-kossoff-und-eric-clapton\/","og_site_name":"Matt&#039;s Guitar Shop","article_publisher":"https:\/\/www.facebook.com\/profile.php?id=100044359842817","article_modified_time":"2025-10-17T19:56:43+00:00","og_image":[{"width":800,"height":1000,"url":"https:\/\/www.matts-guitar-shop.com\/wp-content\/uploads\/2024\/12\/gibson-les-paul-custom-1955-kossoff-clapton-78.jpg","type":"image\/jpeg"}],"twitter_card":"summary_large_image","schema":{"@context":"https:\/\/schema.org","@graph":[{"@type":"WebPage","@id":"https:\/\/www.matts-guitar-shop.com\/de\/produit\/1955-gibson-les-paul-custom-ehemals-im-besitz-von-paul-kossoff-und-eric-clapton\/","url":"https:\/\/www.matts-guitar-shop.com\/de\/produit\/1955-gibson-les-paul-custom-ehemals-im-besitz-von-paul-kossoff-und-eric-clapton\/","name":"1955 Gibson Les Paul Custom \u2013 ehemals im Besitz von Paul Kossoff und Eric Clapton - Matt&#039;s Guitar Shop","isPartOf":{"@id":"https:\/\/www.matts-guitar-shop.com\/de\/#website"},"primaryImageOfPage":{"@id":"https:\/\/www.matts-guitar-shop.com\/de\/produit\/1955-gibson-les-paul-custom-ehemals-im-besitz-von-paul-kossoff-und-eric-clapton\/#primaryimage"},"image":{"@id":"https:\/\/www.matts-guitar-shop.com\/de\/produit\/1955-gibson-les-paul-custom-ehemals-im-besitz-von-paul-kossoff-und-eric-clapton\/#primaryimage"},"thumbnailUrl":"https:\/\/www.matts-guitar-shop.com\/wp-content\/uploads\/2024\/12\/gibson-les-paul-custom-1955-kossoff-clapton-78.jpg","datePublished":"2024-12-16T22:42:23+00:00","dateModified":"2025-10-17T19:56:43+00:00","description":"Rein und elegant, ist sie eine Gitarre, so zart wie kraftvoll, die bereits in den H\u00e4nden bedeutender K\u00fcnstler war.","breadcrumb":{"@id":"https:\/\/www.matts-guitar-shop.com\/de\/produit\/1955-gibson-les-paul-custom-ehemals-im-besitz-von-paul-kossoff-und-eric-clapton\/#breadcrumb"},"inLanguage":"de","potentialAction":[{"@type":"ReadAction","target":["https:\/\/www.matts-guitar-shop.com\/de\/produit\/1955-gibson-les-paul-custom-ehemals-im-besitz-von-paul-kossoff-und-eric-clapton\/"]}]},{"@type":"ImageObject","inLanguage":"de","@id":"https:\/\/www.matts-guitar-shop.com\/de\/produit\/1955-gibson-les-paul-custom-ehemals-im-besitz-von-paul-kossoff-und-eric-clapton\/#primaryimage","url":"https:\/\/www.matts-guitar-shop.com\/wp-content\/uploads\/2024\/12\/gibson-les-paul-custom-1955-kossoff-clapton-78.jpg","contentUrl":"https:\/\/www.matts-guitar-shop.com\/wp-content\/uploads\/2024\/12\/gibson-les-paul-custom-1955-kossoff-clapton-78.jpg","width":800,"height":1000},{"@type":"BreadcrumbList","@id":"https:\/\/www.matts-guitar-shop.com\/de\/produit\/1955-gibson-les-paul-custom-ehemals-im-besitz-von-paul-kossoff-und-eric-clapton\/#breadcrumb","itemListElement":[{"@type":"ListItem","position":1,"name":"Startseite","item":"https:\/\/www.matts-guitar-shop.com\/de\/"},{"@type":"ListItem","position":2,"name":"Shop","item":"https:\/\/www.matts-guitar-shop.com\/de\/shop\/"},{"@type":"ListItem","position":3,"name":"1955 Gibson Les Paul Custom \u2013 ehemals im Besitz von Paul Kossoff und Eric Clapton"}]},{"@type":"WebSite","@id":"https:\/\/www.matts-guitar-shop.com\/de\/#website","url":"https:\/\/www.matts-guitar-shop.com\/de\/","name":"matts-guitar-shop.com","description":"Guitar Shop","publisher":{"@id":"https:\/\/www.matts-guitar-shop.com\/de\/#organization"},"potentialAction":[{"@type":"SearchAction","target":{"@type":"EntryPoint","urlTemplate":"https:\/\/www.matts-guitar-shop.com\/de\/?s={search_term_string}"},"query-input":{"@type":"PropertyValueSpecification","valueRequired":true,"valueName":"search_term_string"}}],"inLanguage":"de"},{"@type":"Organization","@id":"https:\/\/www.matts-guitar-shop.com\/de\/#organization","name":"matts-guitar-shop.com","url":"https:\/\/www.matts-guitar-shop.com\/de\/","logo":{"@type":"ImageObject","inLanguage":"de","@id":"https:\/\/www.matts-guitar-shop.com\/de\/#\/schema\/logo\/image\/","url":"https:\/\/www.matts-guitar-shop.com\/wp-content\/uploads\/2024\/09\/MGS-logo-site-02.png","contentUrl":"https:\/\/www.matts-guitar-shop.com\/wp-content\/uploads\/2024\/09\/MGS-logo-site-02.png","width":200,"height":122,"caption":"matts-guitar-shop.com"},"image":{"@id":"https:\/\/www.matts-guitar-shop.com\/de\/#\/schema\/logo\/image\/"},"sameAs":["https:\/\/www.facebook.com\/profile.php?id=100044359842817","https:\/\/www.instagram.com\/mattsguitarshop\/","https:\/\/www.youtube.com\/@MattLucasMan\/videos"]}]}},"_links":{"self":[{"href":"https:\/\/www.matts-guitar-shop.com\/de\/wp-json\/wp\/v2\/product\/19930","targetHints":{"allow":["GET"]}}],"collection":[{"href":"https:\/\/www.matts-guitar-shop.com\/de\/wp-json\/wp\/v2\/product"}],"about":[{"href":"https:\/\/www.matts-guitar-shop.com\/de\/wp-json\/wp\/v2\/types\/product"}],"replies":[{"embeddable":true,"href":"https:\/\/www.matts-guitar-shop.com\/de\/wp-json\/wp\/v2\/comments?post=19930"}],"wp:featuredmedia":[{"embeddable":true,"href":"https:\/\/www.matts-guitar-shop.com\/de\/wp-json\/wp\/v2\/media\/11843"}],"wp:attachment":[{"href":"https:\/\/www.matts-guitar-shop.com\/de\/wp-json\/wp\/v2\/media?parent=19930"}],"wp:term":[{"taxonomy":"product_brand","embeddable":true,"href":"https:\/\/www.matts-guitar-shop.com\/de\/wp-json\/wp\/v2\/product_brand?post=19930"},{"taxonomy":"product_cat","embeddable":true,"href":"https:\/\/www.matts-guitar-shop.com\/de\/wp-json\/wp\/v2\/product_cat?post=19930"},{"taxonomy":"product_tag","embeddable":true,"href":"https:\/\/www.matts-guitar-shop.com\/de\/wp-json\/wp\/v2\/product_tag?post=19930"}],"curies":[{"name":"wp","href":"https:\/\/api.w.org\/{rel}","templated":true}]}}