{"id":19929,"date":"2024-12-16T17:47:44","date_gmt":"2024-12-16T16:47:44","guid":{"rendered":"https:\/\/www.matts-guitar-shop.com\/produit\/steve-jones-weisse-1974er-gibson-les-paul-custom-verwendet-mit-den-sex-pistols\/"},"modified":"2025-10-17T21:53:37","modified_gmt":"2025-10-17T19:53:37","slug":"steve-jones-weisse-1974er-gibson-les-paul-custom-verwendet-mit-den-sex-pistols","status":"publish","type":"product","link":"https:\/\/www.matts-guitar-shop.com\/de\/produit\/steve-jones-weisse-1974er-gibson-les-paul-custom-verwendet-mit-den-sex-pistols\/","title":{"rendered":"Steve Jones\u2019 wei\u00dfe 1974er Gibson Les Paul Custom \u2013 verwendet mit den Sex Pistols"},"content":{"rendered":"<p>Steve Jones<br \/>\nSex Pistols<\/p>\n","protected":false},"excerpt":{"rendered":"<p><b>Mehr als nur eine Gitarre:<\/b> Diese 1974er Les Paul Custom hat die Musik revolutioniert, politische und gesellschaftliche Normen gebrochen, die britische Krone provoziert und eine ganze Kultur des Aufbegehrens und der Wut begleitet. Sie ist eine der beiden Gitarren, die Steve Jones f\u00fcr das legend\u00e4re Album der Sex Pistols, <i>Never Mind The Bollocks, Here\u2019s the Sex Pistols<\/i> (1977), verwendete, und sp\u00e4ter die Hauptgitarre bei Konzerten.<\/p>\n<p>Die Gitarre der feuchten, elektrisierenden Clubs, voller w\u00fctender Hymnen und pr\u00e4ziser, scharfer Riffs: Steve Jones\u2019 wei\u00dfe Les Paul Custom ist ebenso Teil der <b>Punk-Geschichte<\/b> wie die l\u00e4ssige, provokante Ausstrahlung von Johnny Rotten. Man kann sagen, sie hat eine Revolution angesto\u00dfen \u2013 zumindest ist sie eines der <b>subversivsten<\/b> Instrumente der j\u00fcngeren westlichen Politikgeschichte. Eng \u00fcberwacht, kritisiert und zensiert, enth\u00e4lt diese Gitarre mehr als nur Noten; sie tr\u00e4gt die Essenz der Punk-Revolution und ihrer Ideale in sich.<\/p>\n<p>Obwohl sie durch Steve Jones ber\u00fchmt wurde, hat diese Gitarre eine noch viel umfassendere Geschichte. Urspr\u00fcnglich geh\u00f6rte sie Syl Sylvain, dem ikonischen Gitarristen der Punkband <b><i>New York Dolls<\/i><\/b>. Ihrem Manager, dem gleichen Malcolm McLaren, der sp\u00e4ter die <b>Sex Pistols<\/b> gr\u00fcndete, soll die Gitarre als Bezahlung \u00fcbergeben worden sein \u2013 anschlie\u00dfend kam sie in die H\u00e4nde seines neuen Sch\u00fctzlings Steve Jones. Damals war die Gitarre mit zwei Pin-up-Stickern versehen, die sie unverwechselbar machten.<\/p>\n<p>Nach einer misslungenen US-Tour der Sex Pistols 1978 verschwand sie <b>mysteri\u00f6serweise<\/b>, um 2024 wieder aufzutauchen. Sie wurde vom Matt\u2019s Guitar Shop nach einer langen Authentifizierungsarbeit erworben. Angeblich mehrfach von Steve Jones selbst verkauft, handelt es sich bei dieser 1974er Gibson Les Paul Custom tats\u00e4chlich um das Original.<\/p>\n<p>Getrieben von dem Wunsch, historische Instrumente im heutigen Kontext erlebbar zu machen, verleiht der Matt\u2019s Guitar Shop diese Gitarre regelm\u00e4\u00dfig an von den Sex Pistols beeinflusste K\u00fcnstler. Sie wurde im Juni 2024 von Billie Joe Armstrong mit Green Day gespielt, dann von Craig Ross mit Lenny Kravitz und von Yungblud im Juli 2024 \u2013 zuletzt von Deryck Whibley mit Sum 41 beim letzten europ\u00e4ischen Konzert der Bandgeschichte. Diese K\u00fcnstler zeigen, wie stark die Sex Pistols einen musikalischen Strom aufgebaut und den Punk revolutioniert haben.<\/p>\n","protected":false},"featured_media":12722,"comment_status":"open","ping_status":"closed","template":"","meta":{"_et_pb_use_builder":"","_et_pb_old_content":"","_et_gb_content_width":""},"product_brand":[],"product_cat":[676,672],"product_tag":[],"class_list":{"0":"post-19929","1":"product","2":"type-product","3":"status-publish","4":"has-post-thumbnail","6":"product_cat-ikonische-gitarren","7":"product_cat-verkaufte","8":"pa_artiste-sex-pistols-de","9":"pa_artiste-steve-jones-de","10":"pa_disponibilite-verkauft","11":"pa_marque-gibson-de","13":"first","14":"outofstock","15":"shipping-taxable","16":"product-type-simple"},"yoast_head":"<!-- This site is optimized with the Yoast SEO plugin v26.8 - https:\/\/yoast.com\/product\/yoast-seo-wordpress\/ -->\n<title>Steve Jones\u2019 wei\u00dfe 1974er Gibson Les Paul Custom \u2013 verwendet mit den Sex Pistols - Matt&#039;s Guitar Shop<\/title>\n<meta name=\"description\" content=\"Mehr als nur eine Gitarre, hat diese Les Paul Custom von 1974 die Musik revolutioniert und politische sowie soziale Grenzen \u00fcberschritten.\" \/>\n<meta name=\"robots\" content=\"index, follow, max-snippet:-1, max-image-preview:large, max-video-preview:-1\" \/>\n<link rel=\"canonical\" href=\"https:\/\/www.matts-guitar-shop.com\/de\/produit\/steve-jones-weisse-1974er-gibson-les-paul-custom-verwendet-mit-den-sex-pistols\/\" \/>\n<meta property=\"og:locale\" content=\"de_DE\" \/>\n<meta property=\"og:type\" content=\"article\" \/>\n<meta property=\"og:title\" content=\"Steve Jones\u2019 wei\u00dfe 1974er Gibson Les Paul Custom \u2013 verwendet mit den Sex Pistols - Matt&#039;s Guitar Shop\" \/>\n<meta property=\"og:description\" content=\"Mehr als nur eine Gitarre, hat diese Les Paul Custom von 1974 die Musik revolutioniert und politische sowie soziale Grenzen \u00fcberschritten.\" \/>\n<meta property=\"og:url\" content=\"https:\/\/www.matts-guitar-shop.com\/de\/produit\/steve-jones-weisse-1974er-gibson-les-paul-custom-verwendet-mit-den-sex-pistols\/\" \/>\n<meta property=\"og:site_name\" content=\"Matt&#039;s Guitar Shop\" \/>\n<meta property=\"article:publisher\" content=\"https:\/\/www.facebook.com\/profile.php?id=100044359842817\" \/>\n<meta property=\"article:modified_time\" content=\"2025-10-17T19:53:37+00:00\" \/>\n<meta property=\"og:image\" content=\"https:\/\/www.matts-guitar-shop.com\/wp-content\/uploads\/2024\/12\/steve-jones-white-1974-gibson-les-paul-custom-92.jpg\" \/>\n\t<meta property=\"og:image:width\" content=\"800\" \/>\n\t<meta property=\"og:image:height\" content=\"1000\" \/>\n\t<meta property=\"og:image:type\" content=\"image\/jpeg\" \/>\n<meta name=\"twitter:card\" content=\"summary_large_image\" \/>\n<script type=\"application\/ld+json\" class=\"yoast-schema-graph\">{\"@context\":\"https:\/\/schema.org\",\"@graph\":[{\"@type\":\"WebPage\",\"@id\":\"https:\/\/www.matts-guitar-shop.com\/de\/produit\/steve-jones-weisse-1974er-gibson-les-paul-custom-verwendet-mit-den-sex-pistols\/\",\"url\":\"https:\/\/www.matts-guitar-shop.com\/de\/produit\/steve-jones-weisse-1974er-gibson-les-paul-custom-verwendet-mit-den-sex-pistols\/\",\"name\":\"Steve Jones\u2019 wei\u00dfe 1974er Gibson Les Paul Custom \u2013 verwendet mit den Sex Pistols - Matt&#039;s Guitar Shop\",\"isPartOf\":{\"@id\":\"https:\/\/www.matts-guitar-shop.com\/de\/#website\"},\"primaryImageOfPage\":{\"@id\":\"https:\/\/www.matts-guitar-shop.com\/de\/produit\/steve-jones-weisse-1974er-gibson-les-paul-custom-verwendet-mit-den-sex-pistols\/#primaryimage\"},\"image\":{\"@id\":\"https:\/\/www.matts-guitar-shop.com\/de\/produit\/steve-jones-weisse-1974er-gibson-les-paul-custom-verwendet-mit-den-sex-pistols\/#primaryimage\"},\"thumbnailUrl\":\"https:\/\/www.matts-guitar-shop.com\/wp-content\/uploads\/2024\/12\/steve-jones-white-1974-gibson-les-paul-custom-92.jpg\",\"datePublished\":\"2024-12-16T16:47:44+00:00\",\"dateModified\":\"2025-10-17T19:53:37+00:00\",\"description\":\"Mehr als nur eine Gitarre, hat diese Les Paul Custom von 1974 die Musik revolutioniert und politische sowie soziale Grenzen \u00fcberschritten.\",\"breadcrumb\":{\"@id\":\"https:\/\/www.matts-guitar-shop.com\/de\/produit\/steve-jones-weisse-1974er-gibson-les-paul-custom-verwendet-mit-den-sex-pistols\/#breadcrumb\"},\"inLanguage\":\"de\",\"potentialAction\":[{\"@type\":\"ReadAction\",\"target\":[\"https:\/\/www.matts-guitar-shop.com\/de\/produit\/steve-jones-weisse-1974er-gibson-les-paul-custom-verwendet-mit-den-sex-pistols\/\"]}]},{\"@type\":\"ImageObject\",\"inLanguage\":\"de\",\"@id\":\"https:\/\/www.matts-guitar-shop.com\/de\/produit\/steve-jones-weisse-1974er-gibson-les-paul-custom-verwendet-mit-den-sex-pistols\/#primaryimage\",\"url\":\"https:\/\/www.matts-guitar-shop.com\/wp-content\/uploads\/2024\/12\/steve-jones-white-1974-gibson-les-paul-custom-92.jpg\",\"contentUrl\":\"https:\/\/www.matts-guitar-shop.com\/wp-content\/uploads\/2024\/12\/steve-jones-white-1974-gibson-les-paul-custom-92.jpg\",\"width\":800,\"height\":1000},{\"@type\":\"BreadcrumbList\",\"@id\":\"https:\/\/www.matts-guitar-shop.com\/de\/produit\/steve-jones-weisse-1974er-gibson-les-paul-custom-verwendet-mit-den-sex-pistols\/#breadcrumb\",\"itemListElement\":[{\"@type\":\"ListItem\",\"position\":1,\"name\":\"Startseite\",\"item\":\"https:\/\/www.matts-guitar-shop.com\/de\/\"},{\"@type\":\"ListItem\",\"position\":2,\"name\":\"Shop\",\"item\":\"https:\/\/www.matts-guitar-shop.com\/de\/shop\/\"},{\"@type\":\"ListItem\",\"position\":3,\"name\":\"Steve Jones\u2019 wei\u00dfe 1974er Gibson Les Paul Custom \u2013 verwendet mit den Sex Pistols\"}]},{\"@type\":\"WebSite\",\"@id\":\"https:\/\/www.matts-guitar-shop.com\/de\/#website\",\"url\":\"https:\/\/www.matts-guitar-shop.com\/de\/\",\"name\":\"matts-guitar-shop.com\",\"description\":\"Guitar Shop\",\"publisher\":{\"@id\":\"https:\/\/www.matts-guitar-shop.com\/de\/#organization\"},\"potentialAction\":[{\"@type\":\"SearchAction\",\"target\":{\"@type\":\"EntryPoint\",\"urlTemplate\":\"https:\/\/www.matts-guitar-shop.com\/de\/?s={search_term_string}\"},\"query-input\":{\"@type\":\"PropertyValueSpecification\",\"valueRequired\":true,\"valueName\":\"search_term_string\"}}],\"inLanguage\":\"de\"},{\"@type\":\"Organization\",\"@id\":\"https:\/\/www.matts-guitar-shop.com\/de\/#organization\",\"name\":\"matts-guitar-shop.com\",\"url\":\"https:\/\/www.matts-guitar-shop.com\/de\/\",\"logo\":{\"@type\":\"ImageObject\",\"inLanguage\":\"de\",\"@id\":\"https:\/\/www.matts-guitar-shop.com\/de\/#\/schema\/logo\/image\/\",\"url\":\"https:\/\/www.matts-guitar-shop.com\/wp-content\/uploads\/2024\/09\/MGS-logo-site-02.png\",\"contentUrl\":\"https:\/\/www.matts-guitar-shop.com\/wp-content\/uploads\/2024\/09\/MGS-logo-site-02.png\",\"width\":200,\"height\":122,\"caption\":\"matts-guitar-shop.com\"},\"image\":{\"@id\":\"https:\/\/www.matts-guitar-shop.com\/de\/#\/schema\/logo\/image\/\"},\"sameAs\":[\"https:\/\/www.facebook.com\/profile.php?id=100044359842817\",\"https:\/\/www.instagram.com\/mattsguitarshop\/\",\"https:\/\/www.youtube.com\/@MattLucasMan\/videos\"]}]}<\/script>\n<!-- \/ Yoast SEO plugin. -->","yoast_head_json":{"title":"Steve Jones\u2019 wei\u00dfe 1974er Gibson Les Paul Custom \u2013 verwendet mit den Sex Pistols - Matt&#039;s Guitar Shop","description":"Mehr als nur eine Gitarre, hat diese Les Paul Custom von 1974 die Musik revolutioniert und politische sowie soziale Grenzen \u00fcberschritten.","robots":{"index":"index","follow":"follow","max-snippet":"max-snippet:-1","max-image-preview":"max-image-preview:large","max-video-preview":"max-video-preview:-1"},"canonical":"https:\/\/www.matts-guitar-shop.com\/de\/produit\/steve-jones-weisse-1974er-gibson-les-paul-custom-verwendet-mit-den-sex-pistols\/","og_locale":"de_DE","og_type":"article","og_title":"Steve Jones\u2019 wei\u00dfe 1974er Gibson Les Paul Custom \u2013 verwendet mit den Sex Pistols - Matt&#039;s Guitar Shop","og_description":"Mehr als nur eine Gitarre, hat diese Les Paul Custom von 1974 die Musik revolutioniert und politische sowie soziale Grenzen \u00fcberschritten.","og_url":"https:\/\/www.matts-guitar-shop.com\/de\/produit\/steve-jones-weisse-1974er-gibson-les-paul-custom-verwendet-mit-den-sex-pistols\/","og_site_name":"Matt&#039;s Guitar Shop","article_publisher":"https:\/\/www.facebook.com\/profile.php?id=100044359842817","article_modified_time":"2025-10-17T19:53:37+00:00","og_image":[{"width":800,"height":1000,"url":"https:\/\/www.matts-guitar-shop.com\/wp-content\/uploads\/2024\/12\/steve-jones-white-1974-gibson-les-paul-custom-92.jpg","type":"image\/jpeg"}],"twitter_card":"summary_large_image","schema":{"@context":"https:\/\/schema.org","@graph":[{"@type":"WebPage","@id":"https:\/\/www.matts-guitar-shop.com\/de\/produit\/steve-jones-weisse-1974er-gibson-les-paul-custom-verwendet-mit-den-sex-pistols\/","url":"https:\/\/www.matts-guitar-shop.com\/de\/produit\/steve-jones-weisse-1974er-gibson-les-paul-custom-verwendet-mit-den-sex-pistols\/","name":"Steve Jones\u2019 wei\u00dfe 1974er Gibson Les Paul Custom \u2013 verwendet mit den Sex Pistols - Matt&#039;s Guitar Shop","isPartOf":{"@id":"https:\/\/www.matts-guitar-shop.com\/de\/#website"},"primaryImageOfPage":{"@id":"https:\/\/www.matts-guitar-shop.com\/de\/produit\/steve-jones-weisse-1974er-gibson-les-paul-custom-verwendet-mit-den-sex-pistols\/#primaryimage"},"image":{"@id":"https:\/\/www.matts-guitar-shop.com\/de\/produit\/steve-jones-weisse-1974er-gibson-les-paul-custom-verwendet-mit-den-sex-pistols\/#primaryimage"},"thumbnailUrl":"https:\/\/www.matts-guitar-shop.com\/wp-content\/uploads\/2024\/12\/steve-jones-white-1974-gibson-les-paul-custom-92.jpg","datePublished":"2024-12-16T16:47:44+00:00","dateModified":"2025-10-17T19:53:37+00:00","description":"Mehr als nur eine Gitarre, hat diese Les Paul Custom von 1974 die Musik revolutioniert und politische sowie soziale Grenzen \u00fcberschritten.","breadcrumb":{"@id":"https:\/\/www.matts-guitar-shop.com\/de\/produit\/steve-jones-weisse-1974er-gibson-les-paul-custom-verwendet-mit-den-sex-pistols\/#breadcrumb"},"inLanguage":"de","potentialAction":[{"@type":"ReadAction","target":["https:\/\/www.matts-guitar-shop.com\/de\/produit\/steve-jones-weisse-1974er-gibson-les-paul-custom-verwendet-mit-den-sex-pistols\/"]}]},{"@type":"ImageObject","inLanguage":"de","@id":"https:\/\/www.matts-guitar-shop.com\/de\/produit\/steve-jones-weisse-1974er-gibson-les-paul-custom-verwendet-mit-den-sex-pistols\/#primaryimage","url":"https:\/\/www.matts-guitar-shop.com\/wp-content\/uploads\/2024\/12\/steve-jones-white-1974-gibson-les-paul-custom-92.jpg","contentUrl":"https:\/\/www.matts-guitar-shop.com\/wp-content\/uploads\/2024\/12\/steve-jones-white-1974-gibson-les-paul-custom-92.jpg","width":800,"height":1000},{"@type":"BreadcrumbList","@id":"https:\/\/www.matts-guitar-shop.com\/de\/produit\/steve-jones-weisse-1974er-gibson-les-paul-custom-verwendet-mit-den-sex-pistols\/#breadcrumb","itemListElement":[{"@type":"ListItem","position":1,"name":"Startseite","item":"https:\/\/www.matts-guitar-shop.com\/de\/"},{"@type":"ListItem","position":2,"name":"Shop","item":"https:\/\/www.matts-guitar-shop.com\/de\/shop\/"},{"@type":"ListItem","position":3,"name":"Steve Jones\u2019 wei\u00dfe 1974er Gibson Les Paul Custom \u2013 verwendet mit den Sex Pistols"}]},{"@type":"WebSite","@id":"https:\/\/www.matts-guitar-shop.com\/de\/#website","url":"https:\/\/www.matts-guitar-shop.com\/de\/","name":"matts-guitar-shop.com","description":"Guitar Shop","publisher":{"@id":"https:\/\/www.matts-guitar-shop.com\/de\/#organization"},"potentialAction":[{"@type":"SearchAction","target":{"@type":"EntryPoint","urlTemplate":"https:\/\/www.matts-guitar-shop.com\/de\/?s={search_term_string}"},"query-input":{"@type":"PropertyValueSpecification","valueRequired":true,"valueName":"search_term_string"}}],"inLanguage":"de"},{"@type":"Organization","@id":"https:\/\/www.matts-guitar-shop.com\/de\/#organization","name":"matts-guitar-shop.com","url":"https:\/\/www.matts-guitar-shop.com\/de\/","logo":{"@type":"ImageObject","inLanguage":"de","@id":"https:\/\/www.matts-guitar-shop.com\/de\/#\/schema\/logo\/image\/","url":"https:\/\/www.matts-guitar-shop.com\/wp-content\/uploads\/2024\/09\/MGS-logo-site-02.png","contentUrl":"https:\/\/www.matts-guitar-shop.com\/wp-content\/uploads\/2024\/09\/MGS-logo-site-02.png","width":200,"height":122,"caption":"matts-guitar-shop.com"},"image":{"@id":"https:\/\/www.matts-guitar-shop.com\/de\/#\/schema\/logo\/image\/"},"sameAs":["https:\/\/www.facebook.com\/profile.php?id=100044359842817","https:\/\/www.instagram.com\/mattsguitarshop\/","https:\/\/www.youtube.com\/@MattLucasMan\/videos"]}]}},"_links":{"self":[{"href":"https:\/\/www.matts-guitar-shop.com\/de\/wp-json\/wp\/v2\/product\/19929","targetHints":{"allow":["GET"]}}],"collection":[{"href":"https:\/\/www.matts-guitar-shop.com\/de\/wp-json\/wp\/v2\/product"}],"about":[{"href":"https:\/\/www.matts-guitar-shop.com\/de\/wp-json\/wp\/v2\/types\/product"}],"replies":[{"embeddable":true,"href":"https:\/\/www.matts-guitar-shop.com\/de\/wp-json\/wp\/v2\/comments?post=19929"}],"wp:featuredmedia":[{"embeddable":true,"href":"https:\/\/www.matts-guitar-shop.com\/de\/wp-json\/wp\/v2\/media\/12722"}],"wp:attachment":[{"href":"https:\/\/www.matts-guitar-shop.com\/de\/wp-json\/wp\/v2\/media?parent=19929"}],"wp:term":[{"taxonomy":"product_brand","embeddable":true,"href":"https:\/\/www.matts-guitar-shop.com\/de\/wp-json\/wp\/v2\/product_brand?post=19929"},{"taxonomy":"product_cat","embeddable":true,"href":"https:\/\/www.matts-guitar-shop.com\/de\/wp-json\/wp\/v2\/product_cat?post=19929"},{"taxonomy":"product_tag","embeddable":true,"href":"https:\/\/www.matts-guitar-shop.com\/de\/wp-json\/wp\/v2\/product_tag?post=19929"}],"curies":[{"name":"wp","href":"https:\/\/api.w.org\/{rel}","templated":true}]}}