{"id":19928,"date":"2024-09-02T15:21:17","date_gmt":"2024-09-02T13:21:17","guid":{"rendered":"https:\/\/www.matts-guitar-shop.com\/produit\/yamaha-ll56-ehemals-scott-holiday-rival-sons\/"},"modified":"2025-10-17T21:51:39","modified_gmt":"2025-10-17T19:51:39","slug":"yamaha-ll56-ehemals-scott-holiday-rival-sons","status":"publish","type":"product","link":"https:\/\/www.matts-guitar-shop.com\/de\/produit\/yamaha-ll56-ehemals-scott-holiday-rival-sons\/","title":{"rendered":"Yamaha LL56, ehemals Scott Holiday (Rival Sons)"},"content":{"rendered":"<p>Scott Holiday<\/p>\n","protected":false},"excerpt":{"rendered":"<p><strong>Im amerikanischen Rockhorizont nimmt die Band Rival Sons eine energiegeladene Stellung ein, die weltweit auf den B\u00fchnen mit schrillen E-Gitarren und heulenden Riffs verteidigt wird. Aus diesem Umfeld trat der charismatische Scott Holiday hervor, Rhythmusgitarrist der Band und Pfeiler mitrei\u00dfender Soli. Aber was w\u00e4re eine Rockband ohne ruhige, sanfte und melancholische Balladen? Akustisch bevorzugt der Gitarrist Yamaha-Gitarren. Dieses wundersch\u00f6ne LL56-Modell geh\u00f6rte zu Scott Holidays Arsenal auf Tour: ein Prototyp, der \u00fcber mehrere Jahre hinweg zur Begleitung der Rival Sons-St\u00fccke eingesetzt wurde.<\/strong><\/p>\n<p>Unter den akustischen Gitarren von Yamaha ist die LL56 ein au\u00dfergew\u00f6hnliches Instrument. Ihr exzellenter Klang und ihr klarer Ton \u00fcberzeugten zahlreiche K\u00fcnstler, sie f\u00fcr melodische Performances zu w\u00e4hlen. Dieses beeindruckende Custom-Shop-Modell w\u00fcrdigt die gesamte L-Serie der japanischen Marke in einer Deluxe-Ausf\u00fchrung. Die vom Matt\u2019s Guitar Shop angebotene Gitarre ist ein LL56-Prototyp aus dem Jahr 2011. Mit einer massiven Fichtendecke, einem Korpus und Zargen aus massivem Palisander sowie Abalone-Einlagen ausgestattet, bietet sie eine hervorragende Dynamik und exzellentes Spielgef\u00fchl. Scott Holiday spielte diese Gitarre mehrere Jahre sowohl im Studio als auch auf der B\u00fchne und signierte sie am Kopf. Au\u00dferdem befindet sich auf der R\u00fcckseite des Kopfes ein Etikett, das die von dem Rival Sons-Gitarristen bevorzugte Stimmung angibt\u2026 Eine gro\u00dfartige Gitarre, bereit f\u00fcr die n\u00e4chste Tour, verf\u00fcgbar im Matt\u2019s Guitar Shop!<\/p>\n<p><strong>Bei Fragen zu diesem Produkt kontaktieren Sie uns bitte!<\/strong><\/p>\n","protected":false},"featured_media":9389,"comment_status":"open","ping_status":"closed","template":"","meta":{"_et_pb_use_builder":"","_et_pb_old_content":"","_et_gb_content_width":""},"product_brand":[],"product_cat":[675,673,670],"product_tag":[],"class_list":{"0":"post-19928","1":"product","2":"type-product","3":"status-publish","4":"has-post-thumbnail","6":"product_cat-akustikgitarren","7":"product_cat-gitarren","8":"product_cat-kuenstler","9":"pa_artiste-scott-holiday-de","10":"pa_disponibilite-zu-verkaufen","11":"pa_marque-yamaha-de","13":"first","14":"instock","15":"shipping-taxable","16":"purchasable","17":"product-type-simple"},"yoast_head":"<!-- This site is optimized with the Yoast SEO plugin v26.8 - https:\/\/yoast.com\/product\/yoast-seo-wordpress\/ -->\n<title>Yamaha LL56, ehemals Scott Holiday (Rival Sons) - Matt&#039;s Guitar Shop<\/title>\n<meta name=\"description\" content=\"Am Horizont des amerikanischen Rocks nimmt die Band Rival Sons einen energiegeladenen Platz ein, der auf B\u00fchnen weltweit leidenschaftlich verteidigt wird.\" \/>\n<meta name=\"robots\" content=\"index, follow, max-snippet:-1, max-image-preview:large, max-video-preview:-1\" \/>\n<link rel=\"canonical\" href=\"https:\/\/www.matts-guitar-shop.com\/de\/produit\/yamaha-ll56-ehemals-scott-holiday-rival-sons\/\" \/>\n<meta property=\"og:locale\" content=\"de_DE\" \/>\n<meta property=\"og:type\" content=\"article\" \/>\n<meta property=\"og:title\" content=\"Yamaha LL56, ehemals Scott Holiday (Rival Sons) - Matt&#039;s Guitar Shop\" \/>\n<meta property=\"og:description\" content=\"Am Horizont des amerikanischen Rocks nimmt die Band Rival Sons einen energiegeladenen Platz ein, der auf B\u00fchnen weltweit leidenschaftlich verteidigt wird.\" \/>\n<meta property=\"og:url\" content=\"https:\/\/www.matts-guitar-shop.com\/de\/produit\/yamaha-ll56-ehemals-scott-holiday-rival-sons\/\" \/>\n<meta property=\"og:site_name\" content=\"Matt&#039;s Guitar Shop\" \/>\n<meta property=\"article:publisher\" content=\"https:\/\/www.facebook.com\/profile.php?id=100044359842817\" \/>\n<meta property=\"article:modified_time\" content=\"2025-10-17T19:51:39+00:00\" \/>\n<meta property=\"og:image\" content=\"https:\/\/www.matts-guitar-shop.com\/wp-content\/uploads\/2024\/09\/Yamaha-LL56-Ex-Scott-Holiday-Rival-Sons-guitare-00.jpg\" \/>\n\t<meta property=\"og:image:width\" content=\"900\" \/>\n\t<meta property=\"og:image:height\" content=\"1300\" \/>\n\t<meta property=\"og:image:type\" content=\"image\/jpeg\" \/>\n<meta name=\"twitter:card\" content=\"summary_large_image\" \/>\n<script type=\"application\/ld+json\" class=\"yoast-schema-graph\">{\"@context\":\"https:\/\/schema.org\",\"@graph\":[{\"@type\":\"WebPage\",\"@id\":\"https:\/\/www.matts-guitar-shop.com\/de\/produit\/yamaha-ll56-ehemals-scott-holiday-rival-sons\/\",\"url\":\"https:\/\/www.matts-guitar-shop.com\/de\/produit\/yamaha-ll56-ehemals-scott-holiday-rival-sons\/\",\"name\":\"Yamaha LL56, ehemals Scott Holiday (Rival Sons) - Matt&#039;s Guitar Shop\",\"isPartOf\":{\"@id\":\"https:\/\/www.matts-guitar-shop.com\/de\/#website\"},\"primaryImageOfPage\":{\"@id\":\"https:\/\/www.matts-guitar-shop.com\/de\/produit\/yamaha-ll56-ehemals-scott-holiday-rival-sons\/#primaryimage\"},\"image\":{\"@id\":\"https:\/\/www.matts-guitar-shop.com\/de\/produit\/yamaha-ll56-ehemals-scott-holiday-rival-sons\/#primaryimage\"},\"thumbnailUrl\":\"https:\/\/www.matts-guitar-shop.com\/wp-content\/uploads\/2024\/09\/Yamaha-LL56-Ex-Scott-Holiday-Rival-Sons-guitare-00.jpg\",\"datePublished\":\"2024-09-02T13:21:17+00:00\",\"dateModified\":\"2025-10-17T19:51:39+00:00\",\"description\":\"Am Horizont des amerikanischen Rocks nimmt die Band Rival Sons einen energiegeladenen Platz ein, der auf B\u00fchnen weltweit leidenschaftlich verteidigt wird.\",\"breadcrumb\":{\"@id\":\"https:\/\/www.matts-guitar-shop.com\/de\/produit\/yamaha-ll56-ehemals-scott-holiday-rival-sons\/#breadcrumb\"},\"inLanguage\":\"de\",\"potentialAction\":[{\"@type\":\"ReadAction\",\"target\":[\"https:\/\/www.matts-guitar-shop.com\/de\/produit\/yamaha-ll56-ehemals-scott-holiday-rival-sons\/\"]}]},{\"@type\":\"ImageObject\",\"inLanguage\":\"de\",\"@id\":\"https:\/\/www.matts-guitar-shop.com\/de\/produit\/yamaha-ll56-ehemals-scott-holiday-rival-sons\/#primaryimage\",\"url\":\"https:\/\/www.matts-guitar-shop.com\/wp-content\/uploads\/2024\/09\/Yamaha-LL56-Ex-Scott-Holiday-Rival-Sons-guitare-00.jpg\",\"contentUrl\":\"https:\/\/www.matts-guitar-shop.com\/wp-content\/uploads\/2024\/09\/Yamaha-LL56-Ex-Scott-Holiday-Rival-Sons-guitare-00.jpg\",\"width\":900,\"height\":1300},{\"@type\":\"BreadcrumbList\",\"@id\":\"https:\/\/www.matts-guitar-shop.com\/de\/produit\/yamaha-ll56-ehemals-scott-holiday-rival-sons\/#breadcrumb\",\"itemListElement\":[{\"@type\":\"ListItem\",\"position\":1,\"name\":\"Startseite\",\"item\":\"https:\/\/www.matts-guitar-shop.com\/de\/\"},{\"@type\":\"ListItem\",\"position\":2,\"name\":\"Shop\",\"item\":\"https:\/\/www.matts-guitar-shop.com\/de\/shop\/\"},{\"@type\":\"ListItem\",\"position\":3,\"name\":\"Yamaha LL56, ehemals Scott Holiday (Rival Sons)\"}]},{\"@type\":\"WebSite\",\"@id\":\"https:\/\/www.matts-guitar-shop.com\/de\/#website\",\"url\":\"https:\/\/www.matts-guitar-shop.com\/de\/\",\"name\":\"matts-guitar-shop.com\",\"description\":\"Guitar Shop\",\"publisher\":{\"@id\":\"https:\/\/www.matts-guitar-shop.com\/de\/#organization\"},\"potentialAction\":[{\"@type\":\"SearchAction\",\"target\":{\"@type\":\"EntryPoint\",\"urlTemplate\":\"https:\/\/www.matts-guitar-shop.com\/de\/?s={search_term_string}\"},\"query-input\":{\"@type\":\"PropertyValueSpecification\",\"valueRequired\":true,\"valueName\":\"search_term_string\"}}],\"inLanguage\":\"de\"},{\"@type\":\"Organization\",\"@id\":\"https:\/\/www.matts-guitar-shop.com\/de\/#organization\",\"name\":\"matts-guitar-shop.com\",\"url\":\"https:\/\/www.matts-guitar-shop.com\/de\/\",\"logo\":{\"@type\":\"ImageObject\",\"inLanguage\":\"de\",\"@id\":\"https:\/\/www.matts-guitar-shop.com\/de\/#\/schema\/logo\/image\/\",\"url\":\"https:\/\/www.matts-guitar-shop.com\/wp-content\/uploads\/2024\/09\/MGS-logo-site-02.png\",\"contentUrl\":\"https:\/\/www.matts-guitar-shop.com\/wp-content\/uploads\/2024\/09\/MGS-logo-site-02.png\",\"width\":200,\"height\":122,\"caption\":\"matts-guitar-shop.com\"},\"image\":{\"@id\":\"https:\/\/www.matts-guitar-shop.com\/de\/#\/schema\/logo\/image\/\"},\"sameAs\":[\"https:\/\/www.facebook.com\/profile.php?id=100044359842817\",\"https:\/\/www.instagram.com\/mattsguitarshop\/\",\"https:\/\/www.youtube.com\/@MattLucasMan\/videos\"]}]}<\/script>\n<!-- \/ Yoast SEO plugin. -->","yoast_head_json":{"title":"Yamaha LL56, ehemals Scott Holiday (Rival Sons) - Matt&#039;s Guitar Shop","description":"Am Horizont des amerikanischen Rocks nimmt die Band Rival Sons einen energiegeladenen Platz ein, der auf B\u00fchnen weltweit leidenschaftlich verteidigt wird.","robots":{"index":"index","follow":"follow","max-snippet":"max-snippet:-1","max-image-preview":"max-image-preview:large","max-video-preview":"max-video-preview:-1"},"canonical":"https:\/\/www.matts-guitar-shop.com\/de\/produit\/yamaha-ll56-ehemals-scott-holiday-rival-sons\/","og_locale":"de_DE","og_type":"article","og_title":"Yamaha LL56, ehemals Scott Holiday (Rival Sons) - Matt&#039;s Guitar Shop","og_description":"Am Horizont des amerikanischen Rocks nimmt die Band Rival Sons einen energiegeladenen Platz ein, der auf B\u00fchnen weltweit leidenschaftlich verteidigt wird.","og_url":"https:\/\/www.matts-guitar-shop.com\/de\/produit\/yamaha-ll56-ehemals-scott-holiday-rival-sons\/","og_site_name":"Matt&#039;s Guitar Shop","article_publisher":"https:\/\/www.facebook.com\/profile.php?id=100044359842817","article_modified_time":"2025-10-17T19:51:39+00:00","og_image":[{"width":900,"height":1300,"url":"https:\/\/www.matts-guitar-shop.com\/wp-content\/uploads\/2024\/09\/Yamaha-LL56-Ex-Scott-Holiday-Rival-Sons-guitare-00.jpg","type":"image\/jpeg"}],"twitter_card":"summary_large_image","schema":{"@context":"https:\/\/schema.org","@graph":[{"@type":"WebPage","@id":"https:\/\/www.matts-guitar-shop.com\/de\/produit\/yamaha-ll56-ehemals-scott-holiday-rival-sons\/","url":"https:\/\/www.matts-guitar-shop.com\/de\/produit\/yamaha-ll56-ehemals-scott-holiday-rival-sons\/","name":"Yamaha LL56, ehemals Scott Holiday (Rival Sons) - Matt&#039;s Guitar Shop","isPartOf":{"@id":"https:\/\/www.matts-guitar-shop.com\/de\/#website"},"primaryImageOfPage":{"@id":"https:\/\/www.matts-guitar-shop.com\/de\/produit\/yamaha-ll56-ehemals-scott-holiday-rival-sons\/#primaryimage"},"image":{"@id":"https:\/\/www.matts-guitar-shop.com\/de\/produit\/yamaha-ll56-ehemals-scott-holiday-rival-sons\/#primaryimage"},"thumbnailUrl":"https:\/\/www.matts-guitar-shop.com\/wp-content\/uploads\/2024\/09\/Yamaha-LL56-Ex-Scott-Holiday-Rival-Sons-guitare-00.jpg","datePublished":"2024-09-02T13:21:17+00:00","dateModified":"2025-10-17T19:51:39+00:00","description":"Am Horizont des amerikanischen Rocks nimmt die Band Rival Sons einen energiegeladenen Platz ein, der auf B\u00fchnen weltweit leidenschaftlich verteidigt wird.","breadcrumb":{"@id":"https:\/\/www.matts-guitar-shop.com\/de\/produit\/yamaha-ll56-ehemals-scott-holiday-rival-sons\/#breadcrumb"},"inLanguage":"de","potentialAction":[{"@type":"ReadAction","target":["https:\/\/www.matts-guitar-shop.com\/de\/produit\/yamaha-ll56-ehemals-scott-holiday-rival-sons\/"]}]},{"@type":"ImageObject","inLanguage":"de","@id":"https:\/\/www.matts-guitar-shop.com\/de\/produit\/yamaha-ll56-ehemals-scott-holiday-rival-sons\/#primaryimage","url":"https:\/\/www.matts-guitar-shop.com\/wp-content\/uploads\/2024\/09\/Yamaha-LL56-Ex-Scott-Holiday-Rival-Sons-guitare-00.jpg","contentUrl":"https:\/\/www.matts-guitar-shop.com\/wp-content\/uploads\/2024\/09\/Yamaha-LL56-Ex-Scott-Holiday-Rival-Sons-guitare-00.jpg","width":900,"height":1300},{"@type":"BreadcrumbList","@id":"https:\/\/www.matts-guitar-shop.com\/de\/produit\/yamaha-ll56-ehemals-scott-holiday-rival-sons\/#breadcrumb","itemListElement":[{"@type":"ListItem","position":1,"name":"Startseite","item":"https:\/\/www.matts-guitar-shop.com\/de\/"},{"@type":"ListItem","position":2,"name":"Shop","item":"https:\/\/www.matts-guitar-shop.com\/de\/shop\/"},{"@type":"ListItem","position":3,"name":"Yamaha LL56, ehemals Scott Holiday (Rival Sons)"}]},{"@type":"WebSite","@id":"https:\/\/www.matts-guitar-shop.com\/de\/#website","url":"https:\/\/www.matts-guitar-shop.com\/de\/","name":"matts-guitar-shop.com","description":"Guitar Shop","publisher":{"@id":"https:\/\/www.matts-guitar-shop.com\/de\/#organization"},"potentialAction":[{"@type":"SearchAction","target":{"@type":"EntryPoint","urlTemplate":"https:\/\/www.matts-guitar-shop.com\/de\/?s={search_term_string}"},"query-input":{"@type":"PropertyValueSpecification","valueRequired":true,"valueName":"search_term_string"}}],"inLanguage":"de"},{"@type":"Organization","@id":"https:\/\/www.matts-guitar-shop.com\/de\/#organization","name":"matts-guitar-shop.com","url":"https:\/\/www.matts-guitar-shop.com\/de\/","logo":{"@type":"ImageObject","inLanguage":"de","@id":"https:\/\/www.matts-guitar-shop.com\/de\/#\/schema\/logo\/image\/","url":"https:\/\/www.matts-guitar-shop.com\/wp-content\/uploads\/2024\/09\/MGS-logo-site-02.png","contentUrl":"https:\/\/www.matts-guitar-shop.com\/wp-content\/uploads\/2024\/09\/MGS-logo-site-02.png","width":200,"height":122,"caption":"matts-guitar-shop.com"},"image":{"@id":"https:\/\/www.matts-guitar-shop.com\/de\/#\/schema\/logo\/image\/"},"sameAs":["https:\/\/www.facebook.com\/profile.php?id=100044359842817","https:\/\/www.instagram.com\/mattsguitarshop\/","https:\/\/www.youtube.com\/@MattLucasMan\/videos"]}]}},"_links":{"self":[{"href":"https:\/\/www.matts-guitar-shop.com\/de\/wp-json\/wp\/v2\/product\/19928","targetHints":{"allow":["GET"]}}],"collection":[{"href":"https:\/\/www.matts-guitar-shop.com\/de\/wp-json\/wp\/v2\/product"}],"about":[{"href":"https:\/\/www.matts-guitar-shop.com\/de\/wp-json\/wp\/v2\/types\/product"}],"replies":[{"embeddable":true,"href":"https:\/\/www.matts-guitar-shop.com\/de\/wp-json\/wp\/v2\/comments?post=19928"}],"wp:featuredmedia":[{"embeddable":true,"href":"https:\/\/www.matts-guitar-shop.com\/de\/wp-json\/wp\/v2\/media\/9389"}],"wp:attachment":[{"href":"https:\/\/www.matts-guitar-shop.com\/de\/wp-json\/wp\/v2\/media?parent=19928"}],"wp:term":[{"taxonomy":"product_brand","embeddable":true,"href":"https:\/\/www.matts-guitar-shop.com\/de\/wp-json\/wp\/v2\/product_brand?post=19928"},{"taxonomy":"product_cat","embeddable":true,"href":"https:\/\/www.matts-guitar-shop.com\/de\/wp-json\/wp\/v2\/product_cat?post=19928"},{"taxonomy":"product_tag","embeddable":true,"href":"https:\/\/www.matts-guitar-shop.com\/de\/wp-json\/wp\/v2\/product_tag?post=19928"}],"curies":[{"name":"wp","href":"https:\/\/api.w.org\/{rel}","templated":true}]}}