{"id":19926,"date":"2024-08-31T13:55:58","date_gmt":"2024-08-31T11:55:58","guid":{"rendered":"https:\/\/www.matts-guitar-shop.com\/produit\/vox-virage-dc-richie-sambora\/"},"modified":"2025-12-04T17:08:10","modified_gmt":"2025-12-04T16:08:10","slug":"vox-virage-dc-richie-sambora","status":"publish","type":"product","link":"https:\/\/www.matts-guitar-shop.com\/de\/produit\/vox-virage-dc-richie-sambora\/","title":{"rendered":"Vox Virage DC Richie Sambora"},"content":{"rendered":"<h2>Richie Sambora \u2013 Band: Bon Jovi<\/h2>\n<p>Anfang der 1980er Jahre, als der amerikanische Rock nach einem Sound suchte, der ganze Stadien begeistern konnte, trat eine Band aus New Jersey als Inbegriff des Stadium Rock hervor: <b>Bon Jovi<\/b>. An der Spitze stand Jon Bon Jovi als charismatischer Frontmann, doch es war <b>Richie Sambora<\/b>, dessen Gitarre und unverwechselbares Gesp\u00fcr der Musik der Band ihre emotionale und melodische Tiefe verliehen.<\/p>\n<p>Richie Sambora wollte nie durch Geschwindigkeit oder reine Technik beeindrucken. Sein Talent als Klangarchitekt liegt im Solo, das im Ged\u00e4chtnis bleibt, im Riff, das den Gesang tr\u00e4gt, in den bluesigen Phrasen, die die Seele ebenso in Schwingung versetzen wie die Lautsprecher. Titel wie <em>Livin\u2019 on a Prayer<\/em>, <em>Wanted Dead or Alive<\/em> oder <em>Bed of Roses<\/em> beweisen es: Hinter der mitrei\u00dfenden Energie von Bon Jovi war Sambora stets der stille Bildhauer der Emotionen, der jede Note in ein Bild und jedes Solo in eine Erz\u00e4hlung verwandelte.<\/p>\n<p>Auf der B\u00fchne war er Jon Bon Jovis perfekte Erg\u00e4nzung: W\u00e4hrend der S\u00e4nger die Menge anheizte, antwortete Sambora mit seinen feurigen Licks, seinen charakteristischen Harmonieges\u00e4ngen und dieser fast mystischen Aura, die jedes Solo zu einem erwarteten, beinahe heiligen Moment machte. Er blieb seinem typischen Stil treu und erforschte dennoch viele Nuancen \u2013 Blues, Hard Rock, bewegende Balladen \u2013 stets auf der Suche nach der einen Note, die dem Song dient.<\/p>\n<p>Seine Beziehung zu Gitarren ist ein zentraler Bestandteil seiner musikalischen Identit\u00e4t. Richie Sambora reiste mit modifizierten Fender Stratocasters und Gibson Les Pauls um die Welt, sorgf\u00e4ltig ausgew\u00e4hlt und mit obsessiver Pr\u00e4zision eingestellt. Jedes Instrument erz\u00e4hlt eine Geschichte: ausgetauschte Pickups, perfekt justierte Tremolos, H\u00f6lzer, die jahrelange Tourneen gesehen haben, extravagante Gitarren mit mehreren H\u00e4lsen\u2026 Seine Sammlung ist weit mehr als eine Laune \u2013 sie spiegelt einen Musiker wider, der jede Emotion mit einem pr\u00e4zisen Klang ausdr\u00fccken will, vom wuchtigen Riff bis zum feinsten Arpeggio.<\/p>\n<p>Unerm\u00fcdlich trug Sambora Bon Jovi \u00fcber Jahrzehnte, w\u00e4hrend er gleichzeitig eine Solokarriere verfolgte und mit den Gr\u00f6\u00dften der Branche zusammenarbeitete. Ein unauff\u00e4lliger Leader, ein inspirierter Songwriter, ein leidenschaftlicher Gitarrist \u2013 er stellte sein Talent stets in den Dienst des Songs, nie des Egos.<\/p>\n<p>Eines steht fest: Richie Sambora hat den Sound von Bon Jovi gepr\u00e4gt wie kein anderer. Mit seinen sorgf\u00e4ltig ausgew\u00e4hlten Gitarren, seinen unvergesslichen Soli und seiner F\u00e4higkeit, sowohl Stadien als auch Herzen zu ber\u00fchren, bleibt er die melodische Seele der Band. Ein stiller, aber unverzichtbarer Kapit\u00e4n, \u00fcberzeugt davon, dass die wahre Kraft des Rock in Emotion und Aufrichtigkeit liegt.<\/p>\n","protected":false},"excerpt":{"rendered":"<p><strong>Wenn man die britische Institution Vox vor allem f\u00fcr ihre unverzichtbaren Verst\u00e4rker kennt, war die Marke auch f\u00fcr fantasievolle und pers\u00f6nliche Gitarrendesigns verantwortlich, von denen einige zu Klassikern der Rockgeschichte wurden. Die Phantom wurde in den H\u00e4nden von Tom Petty oder Ian Curtis gesehen, die Teardrop (oder Mark VI) ist untrennbar mit Brian Jones verbunden, und die sehr eigenartige Guitorgan, die T\u00f6ne \u00e4hnlich einer Hammond-Orgel erzeugen kann, taucht bei den Counting Crows und auf unz\u00e4hligen Filmmusikaufnahmen auf.<\/strong><\/p>\n<p>2008 blickte Vox auf seine glorreiche Vergangenheit zur\u00fcck und entwickelte neben einer Phantom mit integriertem Verst\u00e4rker und Effekten auch eine Serie deutlich professionellerer Instrumente. Die Einf\u00fchrung wurde durch hochkar\u00e4tige K\u00fcnstler-Endorsements begleitet, darunter Prince, der viele Konzerte mit seiner HDC-77 spielte, oder Chris Robinson (Black Crowes), der lange mit seiner Virage tourte. Richie Sambora geh\u00f6rte zu den Gl\u00fccklichen, und diese von ihm signierte Virage DC war Teil seiner umfangreichen Sammlung.<\/p>\n<p>Auf den ersten Blick \u00e4hnelt die Virage DC einer leicht verkleinerten ES-335, doch der gro\u00dfe Unterschied liegt in den verbauten Pickups, einer Vox-Exklusivit\u00e4t, entwickelt mit Steve Blutcher von Dimarzio. Jeder der beiden Pickups verf\u00fcgt \u00fcber zwei Spulen und sechs Polepieces und kann \u00fcber einen Schalter so konfiguriert werden, dass der Klang von drei verschiedenen Pickups wiedergegeben wird: Humbucker mit beiden Spulen, Single Coil mit nur einer Spule und P90 mit den sechs Polepieces. Insgesamt neun m\u00f6gliche Konfigurationen \u2013 genug zu sagen, dass dieses Tool einem Musiker wie Sambora, der in der Lage ist, sehr unterschiedliche Klangwelten zu erzeugen, viel Zeit spart, um den richtigen Sound zu finden, ohne die Inspiration zu hemmen.<\/p>\n","protected":false},"featured_media":9207,"comment_status":"open","ping_status":"closed","template":"","meta":{"_et_pb_use_builder":"","_et_pb_old_content":"","_et_gb_content_width":""},"product_brand":[],"product_cat":[672],"product_tag":[],"class_list":{"0":"post-19926","1":"product","2":"type-product","3":"status-publish","4":"has-post-thumbnail","6":"product_cat-verkaufte","7":"pa_artiste-richie-sambora-de","8":"pa_disponibilite-verkauft","10":"first","11":"outofstock","12":"shipping-taxable","13":"product-type-simple"},"yoast_head":"<!-- This site is optimized with the Yoast SEO plugin v26.8 - https:\/\/yoast.com\/product\/yoast-seo-wordpress\/ -->\n<title>Vox Virage DC Richie Sambora - Matt&#039;s Guitar Shop<\/title>\n<meta name=\"description\" content=\"Vox Virage DC ex-Richie Sambora. Boutique-Verst\u00e4rker mit modularem Aufbau, kraftvollem Sound, flexiblen Anschl\u00fcssen und legend\u00e4rer Signatur. Verf\u00fcgbar bei Matts Guitar Shop.\" \/>\n<meta name=\"robots\" content=\"index, follow, max-snippet:-1, max-image-preview:large, max-video-preview:-1\" \/>\n<link rel=\"canonical\" href=\"https:\/\/www.matts-guitar-shop.com\/de\/produit\/vox-virage-dc-richie-sambora\/\" \/>\n<meta property=\"og:locale\" content=\"de_DE\" \/>\n<meta property=\"og:type\" content=\"article\" \/>\n<meta property=\"og:title\" content=\"Vox Virage DC Richie Sambora - Matt&#039;s Guitar Shop\" \/>\n<meta property=\"og:description\" content=\"Vox Virage DC ex-Richie Sambora. Boutique-Verst\u00e4rker mit modularem Aufbau, kraftvollem Sound, flexiblen Anschl\u00fcssen und legend\u00e4rer Signatur. Verf\u00fcgbar bei Matts Guitar Shop.\" \/>\n<meta property=\"og:url\" content=\"https:\/\/www.matts-guitar-shop.com\/de\/produit\/vox-virage-dc-richie-sambora\/\" \/>\n<meta property=\"og:site_name\" content=\"Matt&#039;s Guitar Shop\" \/>\n<meta property=\"article:publisher\" content=\"https:\/\/www.facebook.com\/profile.php?id=100044359842817\" \/>\n<meta property=\"article:modified_time\" content=\"2025-12-04T16:08:10+00:00\" \/>\n<meta property=\"og:image\" content=\"https:\/\/www.matts-guitar-shop.com\/wp-content\/uploads\/2024\/08\/vox-virage-dc-richie-sambora-guitare-00.jpg\" \/>\n\t<meta property=\"og:image:width\" content=\"700\" \/>\n\t<meta property=\"og:image:height\" content=\"1011\" \/>\n\t<meta property=\"og:image:type\" content=\"image\/jpeg\" \/>\n<meta name=\"twitter:card\" content=\"summary_large_image\" \/>\n<meta name=\"twitter:label1\" content=\"Gesch\u00e4tzte Lesezeit\" \/>\n\t<meta name=\"twitter:data1\" content=\"2\u00a0Minuten\" \/>\n<script type=\"application\/ld+json\" class=\"yoast-schema-graph\">{\"@context\":\"https:\/\/schema.org\",\"@graph\":[{\"@type\":\"WebPage\",\"@id\":\"https:\/\/www.matts-guitar-shop.com\/de\/produit\/vox-virage-dc-richie-sambora\/\",\"url\":\"https:\/\/www.matts-guitar-shop.com\/de\/produit\/vox-virage-dc-richie-sambora\/\",\"name\":\"Vox Virage DC Richie Sambora - Matt&#039;s Guitar Shop\",\"isPartOf\":{\"@id\":\"https:\/\/www.matts-guitar-shop.com\/de\/#website\"},\"primaryImageOfPage\":{\"@id\":\"https:\/\/www.matts-guitar-shop.com\/de\/produit\/vox-virage-dc-richie-sambora\/#primaryimage\"},\"image\":{\"@id\":\"https:\/\/www.matts-guitar-shop.com\/de\/produit\/vox-virage-dc-richie-sambora\/#primaryimage\"},\"thumbnailUrl\":\"https:\/\/www.matts-guitar-shop.com\/wp-content\/uploads\/2024\/08\/vox-virage-dc-richie-sambora-guitare-00.jpg\",\"datePublished\":\"2024-08-31T11:55:58+00:00\",\"dateModified\":\"2025-12-04T16:08:10+00:00\",\"description\":\"Vox Virage DC ex-Richie Sambora. Boutique-Verst\u00e4rker mit modularem Aufbau, kraftvollem Sound, flexiblen Anschl\u00fcssen und legend\u00e4rer Signatur. Verf\u00fcgbar bei Matts Guitar Shop.\",\"breadcrumb\":{\"@id\":\"https:\/\/www.matts-guitar-shop.com\/de\/produit\/vox-virage-dc-richie-sambora\/#breadcrumb\"},\"inLanguage\":\"de\",\"potentialAction\":[{\"@type\":\"ReadAction\",\"target\":[\"https:\/\/www.matts-guitar-shop.com\/de\/produit\/vox-virage-dc-richie-sambora\/\"]}]},{\"@type\":\"ImageObject\",\"inLanguage\":\"de\",\"@id\":\"https:\/\/www.matts-guitar-shop.com\/de\/produit\/vox-virage-dc-richie-sambora\/#primaryimage\",\"url\":\"https:\/\/www.matts-guitar-shop.com\/wp-content\/uploads\/2024\/08\/vox-virage-dc-richie-sambora-guitare-00.jpg\",\"contentUrl\":\"https:\/\/www.matts-guitar-shop.com\/wp-content\/uploads\/2024\/08\/vox-virage-dc-richie-sambora-guitare-00.jpg\",\"width\":700,\"height\":1011},{\"@type\":\"BreadcrumbList\",\"@id\":\"https:\/\/www.matts-guitar-shop.com\/de\/produit\/vox-virage-dc-richie-sambora\/#breadcrumb\",\"itemListElement\":[{\"@type\":\"ListItem\",\"position\":1,\"name\":\"Startseite\",\"item\":\"https:\/\/www.matts-guitar-shop.com\/de\/\"},{\"@type\":\"ListItem\",\"position\":2,\"name\":\"Shop\",\"item\":\"https:\/\/www.matts-guitar-shop.com\/de\/shop\/\"},{\"@type\":\"ListItem\",\"position\":3,\"name\":\"Vox Virage DC Richie Sambora\"}]},{\"@type\":\"WebSite\",\"@id\":\"https:\/\/www.matts-guitar-shop.com\/de\/#website\",\"url\":\"https:\/\/www.matts-guitar-shop.com\/de\/\",\"name\":\"matts-guitar-shop.com\",\"description\":\"Guitar Shop\",\"publisher\":{\"@id\":\"https:\/\/www.matts-guitar-shop.com\/de\/#organization\"},\"potentialAction\":[{\"@type\":\"SearchAction\",\"target\":{\"@type\":\"EntryPoint\",\"urlTemplate\":\"https:\/\/www.matts-guitar-shop.com\/de\/?s={search_term_string}\"},\"query-input\":{\"@type\":\"PropertyValueSpecification\",\"valueRequired\":true,\"valueName\":\"search_term_string\"}}],\"inLanguage\":\"de\"},{\"@type\":\"Organization\",\"@id\":\"https:\/\/www.matts-guitar-shop.com\/de\/#organization\",\"name\":\"matts-guitar-shop.com\",\"url\":\"https:\/\/www.matts-guitar-shop.com\/de\/\",\"logo\":{\"@type\":\"ImageObject\",\"inLanguage\":\"de\",\"@id\":\"https:\/\/www.matts-guitar-shop.com\/de\/#\/schema\/logo\/image\/\",\"url\":\"https:\/\/www.matts-guitar-shop.com\/wp-content\/uploads\/2024\/09\/MGS-logo-site-02.png\",\"contentUrl\":\"https:\/\/www.matts-guitar-shop.com\/wp-content\/uploads\/2024\/09\/MGS-logo-site-02.png\",\"width\":200,\"height\":122,\"caption\":\"matts-guitar-shop.com\"},\"image\":{\"@id\":\"https:\/\/www.matts-guitar-shop.com\/de\/#\/schema\/logo\/image\/\"},\"sameAs\":[\"https:\/\/www.facebook.com\/profile.php?id=100044359842817\",\"https:\/\/www.instagram.com\/mattsguitarshop\/\",\"https:\/\/www.youtube.com\/@MattLucasMan\/videos\"]}]}<\/script>\n<!-- \/ Yoast SEO plugin. -->","yoast_head_json":{"title":"Vox Virage DC Richie Sambora - Matt&#039;s Guitar Shop","description":"Vox Virage DC ex-Richie Sambora. Boutique-Verst\u00e4rker mit modularem Aufbau, kraftvollem Sound, flexiblen Anschl\u00fcssen und legend\u00e4rer Signatur. Verf\u00fcgbar bei Matts Guitar Shop.","robots":{"index":"index","follow":"follow","max-snippet":"max-snippet:-1","max-image-preview":"max-image-preview:large","max-video-preview":"max-video-preview:-1"},"canonical":"https:\/\/www.matts-guitar-shop.com\/de\/produit\/vox-virage-dc-richie-sambora\/","og_locale":"de_DE","og_type":"article","og_title":"Vox Virage DC Richie Sambora - Matt&#039;s Guitar Shop","og_description":"Vox Virage DC ex-Richie Sambora. Boutique-Verst\u00e4rker mit modularem Aufbau, kraftvollem Sound, flexiblen Anschl\u00fcssen und legend\u00e4rer Signatur. Verf\u00fcgbar bei Matts Guitar Shop.","og_url":"https:\/\/www.matts-guitar-shop.com\/de\/produit\/vox-virage-dc-richie-sambora\/","og_site_name":"Matt&#039;s Guitar Shop","article_publisher":"https:\/\/www.facebook.com\/profile.php?id=100044359842817","article_modified_time":"2025-12-04T16:08:10+00:00","og_image":[{"width":700,"height":1011,"url":"https:\/\/www.matts-guitar-shop.com\/wp-content\/uploads\/2024\/08\/vox-virage-dc-richie-sambora-guitare-00.jpg","type":"image\/jpeg"}],"twitter_card":"summary_large_image","twitter_misc":{"Gesch\u00e4tzte Lesezeit":"2\u00a0Minuten"},"schema":{"@context":"https:\/\/schema.org","@graph":[{"@type":"WebPage","@id":"https:\/\/www.matts-guitar-shop.com\/de\/produit\/vox-virage-dc-richie-sambora\/","url":"https:\/\/www.matts-guitar-shop.com\/de\/produit\/vox-virage-dc-richie-sambora\/","name":"Vox Virage DC Richie Sambora - Matt&#039;s Guitar Shop","isPartOf":{"@id":"https:\/\/www.matts-guitar-shop.com\/de\/#website"},"primaryImageOfPage":{"@id":"https:\/\/www.matts-guitar-shop.com\/de\/produit\/vox-virage-dc-richie-sambora\/#primaryimage"},"image":{"@id":"https:\/\/www.matts-guitar-shop.com\/de\/produit\/vox-virage-dc-richie-sambora\/#primaryimage"},"thumbnailUrl":"https:\/\/www.matts-guitar-shop.com\/wp-content\/uploads\/2024\/08\/vox-virage-dc-richie-sambora-guitare-00.jpg","datePublished":"2024-08-31T11:55:58+00:00","dateModified":"2025-12-04T16:08:10+00:00","description":"Vox Virage DC ex-Richie Sambora. Boutique-Verst\u00e4rker mit modularem Aufbau, kraftvollem Sound, flexiblen Anschl\u00fcssen und legend\u00e4rer Signatur. Verf\u00fcgbar bei Matts Guitar Shop.","breadcrumb":{"@id":"https:\/\/www.matts-guitar-shop.com\/de\/produit\/vox-virage-dc-richie-sambora\/#breadcrumb"},"inLanguage":"de","potentialAction":[{"@type":"ReadAction","target":["https:\/\/www.matts-guitar-shop.com\/de\/produit\/vox-virage-dc-richie-sambora\/"]}]},{"@type":"ImageObject","inLanguage":"de","@id":"https:\/\/www.matts-guitar-shop.com\/de\/produit\/vox-virage-dc-richie-sambora\/#primaryimage","url":"https:\/\/www.matts-guitar-shop.com\/wp-content\/uploads\/2024\/08\/vox-virage-dc-richie-sambora-guitare-00.jpg","contentUrl":"https:\/\/www.matts-guitar-shop.com\/wp-content\/uploads\/2024\/08\/vox-virage-dc-richie-sambora-guitare-00.jpg","width":700,"height":1011},{"@type":"BreadcrumbList","@id":"https:\/\/www.matts-guitar-shop.com\/de\/produit\/vox-virage-dc-richie-sambora\/#breadcrumb","itemListElement":[{"@type":"ListItem","position":1,"name":"Startseite","item":"https:\/\/www.matts-guitar-shop.com\/de\/"},{"@type":"ListItem","position":2,"name":"Shop","item":"https:\/\/www.matts-guitar-shop.com\/de\/shop\/"},{"@type":"ListItem","position":3,"name":"Vox Virage DC Richie Sambora"}]},{"@type":"WebSite","@id":"https:\/\/www.matts-guitar-shop.com\/de\/#website","url":"https:\/\/www.matts-guitar-shop.com\/de\/","name":"matts-guitar-shop.com","description":"Guitar Shop","publisher":{"@id":"https:\/\/www.matts-guitar-shop.com\/de\/#organization"},"potentialAction":[{"@type":"SearchAction","target":{"@type":"EntryPoint","urlTemplate":"https:\/\/www.matts-guitar-shop.com\/de\/?s={search_term_string}"},"query-input":{"@type":"PropertyValueSpecification","valueRequired":true,"valueName":"search_term_string"}}],"inLanguage":"de"},{"@type":"Organization","@id":"https:\/\/www.matts-guitar-shop.com\/de\/#organization","name":"matts-guitar-shop.com","url":"https:\/\/www.matts-guitar-shop.com\/de\/","logo":{"@type":"ImageObject","inLanguage":"de","@id":"https:\/\/www.matts-guitar-shop.com\/de\/#\/schema\/logo\/image\/","url":"https:\/\/www.matts-guitar-shop.com\/wp-content\/uploads\/2024\/09\/MGS-logo-site-02.png","contentUrl":"https:\/\/www.matts-guitar-shop.com\/wp-content\/uploads\/2024\/09\/MGS-logo-site-02.png","width":200,"height":122,"caption":"matts-guitar-shop.com"},"image":{"@id":"https:\/\/www.matts-guitar-shop.com\/de\/#\/schema\/logo\/image\/"},"sameAs":["https:\/\/www.facebook.com\/profile.php?id=100044359842817","https:\/\/www.instagram.com\/mattsguitarshop\/","https:\/\/www.youtube.com\/@MattLucasMan\/videos"]}]}},"_links":{"self":[{"href":"https:\/\/www.matts-guitar-shop.com\/de\/wp-json\/wp\/v2\/product\/19926","targetHints":{"allow":["GET"]}}],"collection":[{"href":"https:\/\/www.matts-guitar-shop.com\/de\/wp-json\/wp\/v2\/product"}],"about":[{"href":"https:\/\/www.matts-guitar-shop.com\/de\/wp-json\/wp\/v2\/types\/product"}],"replies":[{"embeddable":true,"href":"https:\/\/www.matts-guitar-shop.com\/de\/wp-json\/wp\/v2\/comments?post=19926"}],"wp:featuredmedia":[{"embeddable":true,"href":"https:\/\/www.matts-guitar-shop.com\/de\/wp-json\/wp\/v2\/media\/9207"}],"wp:attachment":[{"href":"https:\/\/www.matts-guitar-shop.com\/de\/wp-json\/wp\/v2\/media?parent=19926"}],"wp:term":[{"taxonomy":"product_brand","embeddable":true,"href":"https:\/\/www.matts-guitar-shop.com\/de\/wp-json\/wp\/v2\/product_brand?post=19926"},{"taxonomy":"product_cat","embeddable":true,"href":"https:\/\/www.matts-guitar-shop.com\/de\/wp-json\/wp\/v2\/product_cat?post=19926"},{"taxonomy":"product_tag","embeddable":true,"href":"https:\/\/www.matts-guitar-shop.com\/de\/wp-json\/wp\/v2\/product_tag?post=19926"}],"curies":[{"name":"wp","href":"https:\/\/api.w.org\/{rel}","templated":true}]}}