{"id":19925,"date":"2024-12-17T01:47:36","date_gmt":"2024-12-17T00:47:36","guid":{"rendered":"https:\/\/www.matts-guitar-shop.com\/produit\/1936-dobro-d36-ehemals-ramon-pipin\/"},"modified":"2025-10-17T21:17:51","modified_gmt":"2025-10-17T19:17:51","slug":"1936-dobro-d36-ehemals-ramon-pipin","status":"publish","type":"product","link":"https:\/\/www.matts-guitar-shop.com\/de\/produit\/1936-dobro-d36-ehemals-ramon-pipin\/","title":{"rendered":"1936 Dobro D36 ehemals Ramon Pipin"},"content":{"rendered":"<p>Ramon Pipin<\/p>\n","protected":false},"excerpt":{"rendered":"<p>Legend\u00e4res und unverwechselbares Instrument, das Dobro ist ein Sinnbild f\u00fcr Blues- und Country-Musik. Dieses wundersch\u00f6ne Exemplar ist ein originaler Dobro aus dem Jahr 1936, der unter anderem Ramon Pipin (ber\u00fchmter franz\u00f6sischer Musiker) geh\u00f6rte. Seine Patina zeugt von der beeindruckenden Geschichte, die in diesem Instrument steckt.<\/p>\n","protected":false},"featured_media":13332,"comment_status":"open","ping_status":"closed","template":"","meta":{"_et_pb_use_builder":"on","_et_pb_old_content":"Ramon Pipin","_et_gb_content_width":""},"product_brand":[],"product_cat":[673,676,670],"product_tag":[],"class_list":{"0":"post-19925","1":"product","2":"type-product","3":"status-publish","4":"has-post-thumbnail","6":"product_cat-gitarren","7":"product_cat-ikonische-gitarren","8":"product_cat-kuenstler","9":"pa_artiste-ramon-pipin-de","10":"pa_disponibilite-zu-verkaufen","11":"pa_marque-dobro-de","13":"first","14":"instock","15":"shipping-taxable","16":"product-type-simple"},"yoast_head":"<!-- This site is optimized with the Yoast SEO plugin v26.8 - https:\/\/yoast.com\/product\/yoast-seo-wordpress\/ -->\n<title>1936 Dobro D36 ehemals Ramon Pipin - Matt&#039;s Guitar Shop<\/title>\n<meta name=\"description\" content=\"Dobro D36 von 1936, ex-Ramon Pipin. Eine seltene und historische Vintage-Resonatorgitarre, ein einzigartiges Sammlerst\u00fcck, verf\u00fcgbar bei Matts Guitar Shop.\" \/>\n<meta name=\"robots\" content=\"index, follow, max-snippet:-1, max-image-preview:large, max-video-preview:-1\" \/>\n<link rel=\"canonical\" href=\"https:\/\/www.matts-guitar-shop.com\/de\/produit\/1936-dobro-d36-ehemals-ramon-pipin\/\" \/>\n<meta property=\"og:locale\" content=\"de_DE\" \/>\n<meta property=\"og:type\" content=\"article\" \/>\n<meta property=\"og:title\" content=\"1936 Dobro D36 ehemals Ramon Pipin - Matt&#039;s Guitar Shop\" \/>\n<meta property=\"og:description\" content=\"Dobro D36 von 1936, ex-Ramon Pipin. Eine seltene und historische Vintage-Resonatorgitarre, ein einzigartiges Sammlerst\u00fcck, verf\u00fcgbar bei Matts Guitar Shop.\" \/>\n<meta property=\"og:url\" content=\"https:\/\/www.matts-guitar-shop.com\/de\/produit\/1936-dobro-d36-ehemals-ramon-pipin\/\" \/>\n<meta property=\"og:site_name\" content=\"Matt&#039;s Guitar Shop\" \/>\n<meta property=\"article:publisher\" content=\"https:\/\/www.facebook.com\/profile.php?id=100044359842817\" \/>\n<meta property=\"article:modified_time\" content=\"2025-10-17T19:17:51+00:00\" \/>\n<meta property=\"og:image\" content=\"https:\/\/www.matts-guitar-shop.com\/wp-content\/uploads\/2024\/12\/dobro-d-36-1936-ramon-pipin-02.jpg\" \/>\n\t<meta property=\"og:image:width\" content=\"800\" \/>\n\t<meta property=\"og:image:height\" content=\"1200\" \/>\n\t<meta property=\"og:image:type\" content=\"image\/jpeg\" \/>\n<meta name=\"twitter:card\" content=\"summary_large_image\" \/>\n<script type=\"application\/ld+json\" class=\"yoast-schema-graph\">{\"@context\":\"https:\/\/schema.org\",\"@graph\":[{\"@type\":\"WebPage\",\"@id\":\"https:\/\/www.matts-guitar-shop.com\/de\/produit\/1936-dobro-d36-ehemals-ramon-pipin\/\",\"url\":\"https:\/\/www.matts-guitar-shop.com\/de\/produit\/1936-dobro-d36-ehemals-ramon-pipin\/\",\"name\":\"1936 Dobro D36 ehemals Ramon Pipin - Matt&#039;s Guitar Shop\",\"isPartOf\":{\"@id\":\"https:\/\/www.matts-guitar-shop.com\/de\/#website\"},\"primaryImageOfPage\":{\"@id\":\"https:\/\/www.matts-guitar-shop.com\/de\/produit\/1936-dobro-d36-ehemals-ramon-pipin\/#primaryimage\"},\"image\":{\"@id\":\"https:\/\/www.matts-guitar-shop.com\/de\/produit\/1936-dobro-d36-ehemals-ramon-pipin\/#primaryimage\"},\"thumbnailUrl\":\"https:\/\/www.matts-guitar-shop.com\/wp-content\/uploads\/2024\/12\/dobro-d-36-1936-ramon-pipin-02.jpg\",\"datePublished\":\"2024-12-17T00:47:36+00:00\",\"dateModified\":\"2025-10-17T19:17:51+00:00\",\"description\":\"Dobro D36 von 1936, ex-Ramon Pipin. Eine seltene und historische Vintage-Resonatorgitarre, ein einzigartiges Sammlerst\u00fcck, verf\u00fcgbar bei Matts Guitar Shop.\",\"breadcrumb\":{\"@id\":\"https:\/\/www.matts-guitar-shop.com\/de\/produit\/1936-dobro-d36-ehemals-ramon-pipin\/#breadcrumb\"},\"inLanguage\":\"de\",\"potentialAction\":[{\"@type\":\"ReadAction\",\"target\":[\"https:\/\/www.matts-guitar-shop.com\/de\/produit\/1936-dobro-d36-ehemals-ramon-pipin\/\"]}]},{\"@type\":\"ImageObject\",\"inLanguage\":\"de\",\"@id\":\"https:\/\/www.matts-guitar-shop.com\/de\/produit\/1936-dobro-d36-ehemals-ramon-pipin\/#primaryimage\",\"url\":\"https:\/\/www.matts-guitar-shop.com\/wp-content\/uploads\/2024\/12\/dobro-d-36-1936-ramon-pipin-02.jpg\",\"contentUrl\":\"https:\/\/www.matts-guitar-shop.com\/wp-content\/uploads\/2024\/12\/dobro-d-36-1936-ramon-pipin-02.jpg\",\"width\":800,\"height\":1200},{\"@type\":\"BreadcrumbList\",\"@id\":\"https:\/\/www.matts-guitar-shop.com\/de\/produit\/1936-dobro-d36-ehemals-ramon-pipin\/#breadcrumb\",\"itemListElement\":[{\"@type\":\"ListItem\",\"position\":1,\"name\":\"Startseite\",\"item\":\"https:\/\/www.matts-guitar-shop.com\/de\/\"},{\"@type\":\"ListItem\",\"position\":2,\"name\":\"Shop\",\"item\":\"https:\/\/www.matts-guitar-shop.com\/de\/shop\/\"},{\"@type\":\"ListItem\",\"position\":3,\"name\":\"1936 Dobro D36 ehemals Ramon Pipin\"}]},{\"@type\":\"WebSite\",\"@id\":\"https:\/\/www.matts-guitar-shop.com\/de\/#website\",\"url\":\"https:\/\/www.matts-guitar-shop.com\/de\/\",\"name\":\"matts-guitar-shop.com\",\"description\":\"Guitar Shop\",\"publisher\":{\"@id\":\"https:\/\/www.matts-guitar-shop.com\/de\/#organization\"},\"potentialAction\":[{\"@type\":\"SearchAction\",\"target\":{\"@type\":\"EntryPoint\",\"urlTemplate\":\"https:\/\/www.matts-guitar-shop.com\/de\/?s={search_term_string}\"},\"query-input\":{\"@type\":\"PropertyValueSpecification\",\"valueRequired\":true,\"valueName\":\"search_term_string\"}}],\"inLanguage\":\"de\"},{\"@type\":\"Organization\",\"@id\":\"https:\/\/www.matts-guitar-shop.com\/de\/#organization\",\"name\":\"matts-guitar-shop.com\",\"url\":\"https:\/\/www.matts-guitar-shop.com\/de\/\",\"logo\":{\"@type\":\"ImageObject\",\"inLanguage\":\"de\",\"@id\":\"https:\/\/www.matts-guitar-shop.com\/de\/#\/schema\/logo\/image\/\",\"url\":\"https:\/\/www.matts-guitar-shop.com\/wp-content\/uploads\/2024\/09\/MGS-logo-site-02.png\",\"contentUrl\":\"https:\/\/www.matts-guitar-shop.com\/wp-content\/uploads\/2024\/09\/MGS-logo-site-02.png\",\"width\":200,\"height\":122,\"caption\":\"matts-guitar-shop.com\"},\"image\":{\"@id\":\"https:\/\/www.matts-guitar-shop.com\/de\/#\/schema\/logo\/image\/\"},\"sameAs\":[\"https:\/\/www.facebook.com\/profile.php?id=100044359842817\",\"https:\/\/www.instagram.com\/mattsguitarshop\/\",\"https:\/\/www.youtube.com\/@MattLucasMan\/videos\"]}]}<\/script>\n<!-- \/ Yoast SEO plugin. -->","yoast_head_json":{"title":"1936 Dobro D36 ehemals Ramon Pipin - Matt&#039;s Guitar Shop","description":"Dobro D36 von 1936, ex-Ramon Pipin. Eine seltene und historische Vintage-Resonatorgitarre, ein einzigartiges Sammlerst\u00fcck, verf\u00fcgbar bei Matts Guitar Shop.","robots":{"index":"index","follow":"follow","max-snippet":"max-snippet:-1","max-image-preview":"max-image-preview:large","max-video-preview":"max-video-preview:-1"},"canonical":"https:\/\/www.matts-guitar-shop.com\/de\/produit\/1936-dobro-d36-ehemals-ramon-pipin\/","og_locale":"de_DE","og_type":"article","og_title":"1936 Dobro D36 ehemals Ramon Pipin - Matt&#039;s Guitar Shop","og_description":"Dobro D36 von 1936, ex-Ramon Pipin. Eine seltene und historische Vintage-Resonatorgitarre, ein einzigartiges Sammlerst\u00fcck, verf\u00fcgbar bei Matts Guitar Shop.","og_url":"https:\/\/www.matts-guitar-shop.com\/de\/produit\/1936-dobro-d36-ehemals-ramon-pipin\/","og_site_name":"Matt&#039;s Guitar Shop","article_publisher":"https:\/\/www.facebook.com\/profile.php?id=100044359842817","article_modified_time":"2025-10-17T19:17:51+00:00","og_image":[{"width":800,"height":1200,"url":"https:\/\/www.matts-guitar-shop.com\/wp-content\/uploads\/2024\/12\/dobro-d-36-1936-ramon-pipin-02.jpg","type":"image\/jpeg"}],"twitter_card":"summary_large_image","schema":{"@context":"https:\/\/schema.org","@graph":[{"@type":"WebPage","@id":"https:\/\/www.matts-guitar-shop.com\/de\/produit\/1936-dobro-d36-ehemals-ramon-pipin\/","url":"https:\/\/www.matts-guitar-shop.com\/de\/produit\/1936-dobro-d36-ehemals-ramon-pipin\/","name":"1936 Dobro D36 ehemals Ramon Pipin - Matt&#039;s Guitar Shop","isPartOf":{"@id":"https:\/\/www.matts-guitar-shop.com\/de\/#website"},"primaryImageOfPage":{"@id":"https:\/\/www.matts-guitar-shop.com\/de\/produit\/1936-dobro-d36-ehemals-ramon-pipin\/#primaryimage"},"image":{"@id":"https:\/\/www.matts-guitar-shop.com\/de\/produit\/1936-dobro-d36-ehemals-ramon-pipin\/#primaryimage"},"thumbnailUrl":"https:\/\/www.matts-guitar-shop.com\/wp-content\/uploads\/2024\/12\/dobro-d-36-1936-ramon-pipin-02.jpg","datePublished":"2024-12-17T00:47:36+00:00","dateModified":"2025-10-17T19:17:51+00:00","description":"Dobro D36 von 1936, ex-Ramon Pipin. Eine seltene und historische Vintage-Resonatorgitarre, ein einzigartiges Sammlerst\u00fcck, verf\u00fcgbar bei Matts Guitar Shop.","breadcrumb":{"@id":"https:\/\/www.matts-guitar-shop.com\/de\/produit\/1936-dobro-d36-ehemals-ramon-pipin\/#breadcrumb"},"inLanguage":"de","potentialAction":[{"@type":"ReadAction","target":["https:\/\/www.matts-guitar-shop.com\/de\/produit\/1936-dobro-d36-ehemals-ramon-pipin\/"]}]},{"@type":"ImageObject","inLanguage":"de","@id":"https:\/\/www.matts-guitar-shop.com\/de\/produit\/1936-dobro-d36-ehemals-ramon-pipin\/#primaryimage","url":"https:\/\/www.matts-guitar-shop.com\/wp-content\/uploads\/2024\/12\/dobro-d-36-1936-ramon-pipin-02.jpg","contentUrl":"https:\/\/www.matts-guitar-shop.com\/wp-content\/uploads\/2024\/12\/dobro-d-36-1936-ramon-pipin-02.jpg","width":800,"height":1200},{"@type":"BreadcrumbList","@id":"https:\/\/www.matts-guitar-shop.com\/de\/produit\/1936-dobro-d36-ehemals-ramon-pipin\/#breadcrumb","itemListElement":[{"@type":"ListItem","position":1,"name":"Startseite","item":"https:\/\/www.matts-guitar-shop.com\/de\/"},{"@type":"ListItem","position":2,"name":"Shop","item":"https:\/\/www.matts-guitar-shop.com\/de\/shop\/"},{"@type":"ListItem","position":3,"name":"1936 Dobro D36 ehemals Ramon Pipin"}]},{"@type":"WebSite","@id":"https:\/\/www.matts-guitar-shop.com\/de\/#website","url":"https:\/\/www.matts-guitar-shop.com\/de\/","name":"matts-guitar-shop.com","description":"Guitar Shop","publisher":{"@id":"https:\/\/www.matts-guitar-shop.com\/de\/#organization"},"potentialAction":[{"@type":"SearchAction","target":{"@type":"EntryPoint","urlTemplate":"https:\/\/www.matts-guitar-shop.com\/de\/?s={search_term_string}"},"query-input":{"@type":"PropertyValueSpecification","valueRequired":true,"valueName":"search_term_string"}}],"inLanguage":"de"},{"@type":"Organization","@id":"https:\/\/www.matts-guitar-shop.com\/de\/#organization","name":"matts-guitar-shop.com","url":"https:\/\/www.matts-guitar-shop.com\/de\/","logo":{"@type":"ImageObject","inLanguage":"de","@id":"https:\/\/www.matts-guitar-shop.com\/de\/#\/schema\/logo\/image\/","url":"https:\/\/www.matts-guitar-shop.com\/wp-content\/uploads\/2024\/09\/MGS-logo-site-02.png","contentUrl":"https:\/\/www.matts-guitar-shop.com\/wp-content\/uploads\/2024\/09\/MGS-logo-site-02.png","width":200,"height":122,"caption":"matts-guitar-shop.com"},"image":{"@id":"https:\/\/www.matts-guitar-shop.com\/de\/#\/schema\/logo\/image\/"},"sameAs":["https:\/\/www.facebook.com\/profile.php?id=100044359842817","https:\/\/www.instagram.com\/mattsguitarshop\/","https:\/\/www.youtube.com\/@MattLucasMan\/videos"]}]}},"_links":{"self":[{"href":"https:\/\/www.matts-guitar-shop.com\/de\/wp-json\/wp\/v2\/product\/19925","targetHints":{"allow":["GET"]}}],"collection":[{"href":"https:\/\/www.matts-guitar-shop.com\/de\/wp-json\/wp\/v2\/product"}],"about":[{"href":"https:\/\/www.matts-guitar-shop.com\/de\/wp-json\/wp\/v2\/types\/product"}],"replies":[{"embeddable":true,"href":"https:\/\/www.matts-guitar-shop.com\/de\/wp-json\/wp\/v2\/comments?post=19925"}],"wp:featuredmedia":[{"embeddable":true,"href":"https:\/\/www.matts-guitar-shop.com\/de\/wp-json\/wp\/v2\/media\/13332"}],"wp:attachment":[{"href":"https:\/\/www.matts-guitar-shop.com\/de\/wp-json\/wp\/v2\/media?parent=19925"}],"wp:term":[{"taxonomy":"product_brand","embeddable":true,"href":"https:\/\/www.matts-guitar-shop.com\/de\/wp-json\/wp\/v2\/product_brand?post=19925"},{"taxonomy":"product_cat","embeddable":true,"href":"https:\/\/www.matts-guitar-shop.com\/de\/wp-json\/wp\/v2\/product_cat?post=19925"},{"taxonomy":"product_tag","embeddable":true,"href":"https:\/\/www.matts-guitar-shop.com\/de\/wp-json\/wp\/v2\/product_tag?post=19925"}],"curies":[{"name":"wp","href":"https:\/\/api.w.org\/{rel}","templated":true}]}}