{"id":19924,"date":"2024-12-17T01:34:42","date_gmt":"2024-12-17T00:34:42","guid":{"rendered":"https:\/\/www.matts-guitar-shop.com\/produit\/1964-gibson-j200\/"},"modified":"2025-10-17T21:12:06","modified_gmt":"2025-10-17T19:12:06","slug":"1964-gibson-j200","status":"publish","type":"product","link":"https:\/\/www.matts-guitar-shop.com\/de\/produit\/1964-gibson-j200\/","title":{"rendered":"1964 Gibson J200"},"content":{"rendered":"<p>1964 Gibson J200<\/p>\n","protected":false},"excerpt":{"rendered":"<p>Gute <b>Gibson J-200<\/b>-Modelle, selbst aus der Zeit, sind nicht leicht zu finden. Oft verleiht das Ahornholz ihnen eine \u00fcberm\u00e4\u00dfige Aggressivit\u00e4t, und nur wenige strahlen wirklich Projektion aus. Der Klang bleibt meist zur\u00fcckhaltend, mit sehr kurzem Sustain, was nicht dazu einl\u00e4dt, \u00fcber die Rhythmen auf den ersten drei B\u00fcnden hinauszugehen.<\/p>\n<p>Und dann st\u00f6\u00dft man manchmal auf <b>ein magisches Exemplar<\/b>, das alle anderen blass aussehen l\u00e4sst und einem besser verstehen hilft, warum so viele gro\u00dfe Musiker die Kalamazoo-Gitarre als bevorzugte Partnerin gew\u00e4hlt haben \u2013 abgesehen nat\u00fcrlich von ihrem unbestreitbar coolen Aussehen. Eine gute J-200 verstr\u00f6mt einen echten Atem, die erwartete Lautst\u00e4rke angesichts ihrer Gr\u00f6\u00dfe, ohne dass die B\u00e4sse matschig wirken, dank der klaren Definition, die das Ahornholz erm\u00f6glicht. Wenn man das Gl\u00fcck hat, eine solche J-200 zu finden, sollte man nicht lange z\u00f6gern \u2013 besonders, wenn sie in einem wundersch\u00f6nen Zustand erhalten ist f\u00fcr eine Gitarre, die gerade ihr sechzigstes Jubil\u00e4um gefeiert hat.<\/p>\n<p>Dieses Exemplar befand sich im Showroom von Retrofret in Brooklyn, und es h\u00e4tte dort wohl nicht lange geblieben, w\u00e4re es nicht nach Frankreich gekommen. Abgesehen von den Mechaniken ist sie vollst\u00e4ndig original, in einem perfekten Zustand, der nicht mint, aber auch nicht relic ist \u2013 wieder einmal eine Frage des Gleichgewichts. Wie die sch\u00f6ne Vertiefung in der Decke zwischen Rosette und Schlagbrett zeigt, genau auf dem Weg des Plektrums, wurde diese J-200 viel gespielt, was wohl auch erkl\u00e4rt, warum sie so gut klingt. Sie war das Arbeitspferd eines Nashville-Country-Session-Musikers, der sie f\u00fcr unz\u00e4hlige Rhythmen nutzte, die im Radio rauf und runter liefen, und sie wird ihren magischen Klang noch lange behaupten.<\/p>\n<p>Diese Gitarre wird regelm\u00e4\u00dfig an K\u00fcnstler verliehen, die in Paris im Studio sind, und begeistert jeden, der sie im Showroom spielt.<\/p>\n","protected":false},"featured_media":11458,"comment_status":"open","ping_status":"closed","template":"","meta":{"_et_pb_use_builder":"","_et_pb_old_content":"","_et_gb_content_width":""},"product_brand":[],"product_cat":[673,676],"product_tag":[],"class_list":{"0":"post-19924","1":"product","2":"type-product","3":"status-publish","4":"has-post-thumbnail","6":"product_cat-gitarren","7":"product_cat-ikonische-gitarren","8":"pa_disponibilite-zu-verkaufen","9":"pa_marque-gibson-de","11":"first","12":"instock","13":"shipping-taxable","14":"product-type-simple"},"yoast_head":"<!-- This site is optimized with the Yoast SEO plugin v26.8 - https:\/\/yoast.com\/product\/yoast-seo-wordpress\/ -->\n<title>1964 Gibson J200 - Matt&#039;s Guitar Shop<\/title>\n<meta name=\"description\" content=\"1964 Gibson J200 verf\u00fcgbar bei Matt&#039;s Guitar Shop. Kontaktieren Sie uns gerne, um weitere Informationen zu erhalten.\" \/>\n<meta name=\"robots\" content=\"index, follow, max-snippet:-1, max-image-preview:large, max-video-preview:-1\" \/>\n<link rel=\"canonical\" href=\"https:\/\/www.matts-guitar-shop.com\/de\/produit\/1964-gibson-j200\/\" \/>\n<meta property=\"og:locale\" content=\"de_DE\" \/>\n<meta property=\"og:type\" content=\"article\" \/>\n<meta property=\"og:title\" content=\"1964 Gibson J200 - Matt&#039;s Guitar Shop\" \/>\n<meta property=\"og:description\" content=\"1964 Gibson J200 verf\u00fcgbar bei Matt&#039;s Guitar Shop. Kontaktieren Sie uns gerne, um weitere Informationen zu erhalten.\" \/>\n<meta property=\"og:url\" content=\"https:\/\/www.matts-guitar-shop.com\/de\/produit\/1964-gibson-j200\/\" \/>\n<meta property=\"og:site_name\" content=\"Matt&#039;s Guitar Shop\" \/>\n<meta property=\"article:publisher\" content=\"https:\/\/www.facebook.com\/profile.php?id=100044359842817\" \/>\n<meta property=\"article:modified_time\" content=\"2025-10-17T19:12:06+00:00\" \/>\n<meta property=\"og:image\" content=\"https:\/\/www.matts-guitar-shop.com\/wp-content\/uploads\/2024\/12\/1964-gibson-J-200-guitar-shop-21.jpg\" \/>\n\t<meta property=\"og:image:width\" content=\"671\" \/>\n\t<meta property=\"og:image:height\" content=\"1006\" \/>\n\t<meta property=\"og:image:type\" content=\"image\/jpeg\" \/>\n<meta name=\"twitter:card\" content=\"summary_large_image\" \/>\n<script type=\"application\/ld+json\" class=\"yoast-schema-graph\">{\"@context\":\"https:\/\/schema.org\",\"@graph\":[{\"@type\":\"WebPage\",\"@id\":\"https:\/\/www.matts-guitar-shop.com\/de\/produit\/1964-gibson-j200\/\",\"url\":\"https:\/\/www.matts-guitar-shop.com\/de\/produit\/1964-gibson-j200\/\",\"name\":\"1964 Gibson J200 - Matt&#039;s Guitar Shop\",\"isPartOf\":{\"@id\":\"https:\/\/www.matts-guitar-shop.com\/de\/#website\"},\"primaryImageOfPage\":{\"@id\":\"https:\/\/www.matts-guitar-shop.com\/de\/produit\/1964-gibson-j200\/#primaryimage\"},\"image\":{\"@id\":\"https:\/\/www.matts-guitar-shop.com\/de\/produit\/1964-gibson-j200\/#primaryimage\"},\"thumbnailUrl\":\"https:\/\/www.matts-guitar-shop.com\/wp-content\/uploads\/2024\/12\/1964-gibson-J-200-guitar-shop-21.jpg\",\"datePublished\":\"2024-12-17T00:34:42+00:00\",\"dateModified\":\"2025-10-17T19:12:06+00:00\",\"description\":\"1964 Gibson J200 verf\u00fcgbar bei Matt's Guitar Shop. Kontaktieren Sie uns gerne, um weitere Informationen zu erhalten.\",\"breadcrumb\":{\"@id\":\"https:\/\/www.matts-guitar-shop.com\/de\/produit\/1964-gibson-j200\/#breadcrumb\"},\"inLanguage\":\"de\",\"potentialAction\":[{\"@type\":\"ReadAction\",\"target\":[\"https:\/\/www.matts-guitar-shop.com\/de\/produit\/1964-gibson-j200\/\"]}]},{\"@type\":\"ImageObject\",\"inLanguage\":\"de\",\"@id\":\"https:\/\/www.matts-guitar-shop.com\/de\/produit\/1964-gibson-j200\/#primaryimage\",\"url\":\"https:\/\/www.matts-guitar-shop.com\/wp-content\/uploads\/2024\/12\/1964-gibson-J-200-guitar-shop-21.jpg\",\"contentUrl\":\"https:\/\/www.matts-guitar-shop.com\/wp-content\/uploads\/2024\/12\/1964-gibson-J-200-guitar-shop-21.jpg\",\"width\":671,\"height\":1006},{\"@type\":\"BreadcrumbList\",\"@id\":\"https:\/\/www.matts-guitar-shop.com\/de\/produit\/1964-gibson-j200\/#breadcrumb\",\"itemListElement\":[{\"@type\":\"ListItem\",\"position\":1,\"name\":\"Startseite\",\"item\":\"https:\/\/www.matts-guitar-shop.com\/de\/\"},{\"@type\":\"ListItem\",\"position\":2,\"name\":\"Shop\",\"item\":\"https:\/\/www.matts-guitar-shop.com\/de\/shop\/\"},{\"@type\":\"ListItem\",\"position\":3,\"name\":\"1964 Gibson J200\"}]},{\"@type\":\"WebSite\",\"@id\":\"https:\/\/www.matts-guitar-shop.com\/de\/#website\",\"url\":\"https:\/\/www.matts-guitar-shop.com\/de\/\",\"name\":\"matts-guitar-shop.com\",\"description\":\"Guitar Shop\",\"publisher\":{\"@id\":\"https:\/\/www.matts-guitar-shop.com\/de\/#organization\"},\"potentialAction\":[{\"@type\":\"SearchAction\",\"target\":{\"@type\":\"EntryPoint\",\"urlTemplate\":\"https:\/\/www.matts-guitar-shop.com\/de\/?s={search_term_string}\"},\"query-input\":{\"@type\":\"PropertyValueSpecification\",\"valueRequired\":true,\"valueName\":\"search_term_string\"}}],\"inLanguage\":\"de\"},{\"@type\":\"Organization\",\"@id\":\"https:\/\/www.matts-guitar-shop.com\/de\/#organization\",\"name\":\"matts-guitar-shop.com\",\"url\":\"https:\/\/www.matts-guitar-shop.com\/de\/\",\"logo\":{\"@type\":\"ImageObject\",\"inLanguage\":\"de\",\"@id\":\"https:\/\/www.matts-guitar-shop.com\/de\/#\/schema\/logo\/image\/\",\"url\":\"https:\/\/www.matts-guitar-shop.com\/wp-content\/uploads\/2024\/09\/MGS-logo-site-02.png\",\"contentUrl\":\"https:\/\/www.matts-guitar-shop.com\/wp-content\/uploads\/2024\/09\/MGS-logo-site-02.png\",\"width\":200,\"height\":122,\"caption\":\"matts-guitar-shop.com\"},\"image\":{\"@id\":\"https:\/\/www.matts-guitar-shop.com\/de\/#\/schema\/logo\/image\/\"},\"sameAs\":[\"https:\/\/www.facebook.com\/profile.php?id=100044359842817\",\"https:\/\/www.instagram.com\/mattsguitarshop\/\",\"https:\/\/www.youtube.com\/@MattLucasMan\/videos\"]}]}<\/script>\n<!-- \/ Yoast SEO plugin. -->","yoast_head_json":{"title":"1964 Gibson J200 - Matt&#039;s Guitar Shop","description":"1964 Gibson J200 verf\u00fcgbar bei Matt's Guitar Shop. Kontaktieren Sie uns gerne, um weitere Informationen zu erhalten.","robots":{"index":"index","follow":"follow","max-snippet":"max-snippet:-1","max-image-preview":"max-image-preview:large","max-video-preview":"max-video-preview:-1"},"canonical":"https:\/\/www.matts-guitar-shop.com\/de\/produit\/1964-gibson-j200\/","og_locale":"de_DE","og_type":"article","og_title":"1964 Gibson J200 - Matt&#039;s Guitar Shop","og_description":"1964 Gibson J200 verf\u00fcgbar bei Matt's Guitar Shop. Kontaktieren Sie uns gerne, um weitere Informationen zu erhalten.","og_url":"https:\/\/www.matts-guitar-shop.com\/de\/produit\/1964-gibson-j200\/","og_site_name":"Matt&#039;s Guitar Shop","article_publisher":"https:\/\/www.facebook.com\/profile.php?id=100044359842817","article_modified_time":"2025-10-17T19:12:06+00:00","og_image":[{"width":671,"height":1006,"url":"https:\/\/www.matts-guitar-shop.com\/wp-content\/uploads\/2024\/12\/1964-gibson-J-200-guitar-shop-21.jpg","type":"image\/jpeg"}],"twitter_card":"summary_large_image","schema":{"@context":"https:\/\/schema.org","@graph":[{"@type":"WebPage","@id":"https:\/\/www.matts-guitar-shop.com\/de\/produit\/1964-gibson-j200\/","url":"https:\/\/www.matts-guitar-shop.com\/de\/produit\/1964-gibson-j200\/","name":"1964 Gibson J200 - Matt&#039;s Guitar Shop","isPartOf":{"@id":"https:\/\/www.matts-guitar-shop.com\/de\/#website"},"primaryImageOfPage":{"@id":"https:\/\/www.matts-guitar-shop.com\/de\/produit\/1964-gibson-j200\/#primaryimage"},"image":{"@id":"https:\/\/www.matts-guitar-shop.com\/de\/produit\/1964-gibson-j200\/#primaryimage"},"thumbnailUrl":"https:\/\/www.matts-guitar-shop.com\/wp-content\/uploads\/2024\/12\/1964-gibson-J-200-guitar-shop-21.jpg","datePublished":"2024-12-17T00:34:42+00:00","dateModified":"2025-10-17T19:12:06+00:00","description":"1964 Gibson J200 verf\u00fcgbar bei Matt's Guitar Shop. Kontaktieren Sie uns gerne, um weitere Informationen zu erhalten.","breadcrumb":{"@id":"https:\/\/www.matts-guitar-shop.com\/de\/produit\/1964-gibson-j200\/#breadcrumb"},"inLanguage":"de","potentialAction":[{"@type":"ReadAction","target":["https:\/\/www.matts-guitar-shop.com\/de\/produit\/1964-gibson-j200\/"]}]},{"@type":"ImageObject","inLanguage":"de","@id":"https:\/\/www.matts-guitar-shop.com\/de\/produit\/1964-gibson-j200\/#primaryimage","url":"https:\/\/www.matts-guitar-shop.com\/wp-content\/uploads\/2024\/12\/1964-gibson-J-200-guitar-shop-21.jpg","contentUrl":"https:\/\/www.matts-guitar-shop.com\/wp-content\/uploads\/2024\/12\/1964-gibson-J-200-guitar-shop-21.jpg","width":671,"height":1006},{"@type":"BreadcrumbList","@id":"https:\/\/www.matts-guitar-shop.com\/de\/produit\/1964-gibson-j200\/#breadcrumb","itemListElement":[{"@type":"ListItem","position":1,"name":"Startseite","item":"https:\/\/www.matts-guitar-shop.com\/de\/"},{"@type":"ListItem","position":2,"name":"Shop","item":"https:\/\/www.matts-guitar-shop.com\/de\/shop\/"},{"@type":"ListItem","position":3,"name":"1964 Gibson J200"}]},{"@type":"WebSite","@id":"https:\/\/www.matts-guitar-shop.com\/de\/#website","url":"https:\/\/www.matts-guitar-shop.com\/de\/","name":"matts-guitar-shop.com","description":"Guitar Shop","publisher":{"@id":"https:\/\/www.matts-guitar-shop.com\/de\/#organization"},"potentialAction":[{"@type":"SearchAction","target":{"@type":"EntryPoint","urlTemplate":"https:\/\/www.matts-guitar-shop.com\/de\/?s={search_term_string}"},"query-input":{"@type":"PropertyValueSpecification","valueRequired":true,"valueName":"search_term_string"}}],"inLanguage":"de"},{"@type":"Organization","@id":"https:\/\/www.matts-guitar-shop.com\/de\/#organization","name":"matts-guitar-shop.com","url":"https:\/\/www.matts-guitar-shop.com\/de\/","logo":{"@type":"ImageObject","inLanguage":"de","@id":"https:\/\/www.matts-guitar-shop.com\/de\/#\/schema\/logo\/image\/","url":"https:\/\/www.matts-guitar-shop.com\/wp-content\/uploads\/2024\/09\/MGS-logo-site-02.png","contentUrl":"https:\/\/www.matts-guitar-shop.com\/wp-content\/uploads\/2024\/09\/MGS-logo-site-02.png","width":200,"height":122,"caption":"matts-guitar-shop.com"},"image":{"@id":"https:\/\/www.matts-guitar-shop.com\/de\/#\/schema\/logo\/image\/"},"sameAs":["https:\/\/www.facebook.com\/profile.php?id=100044359842817","https:\/\/www.instagram.com\/mattsguitarshop\/","https:\/\/www.youtube.com\/@MattLucasMan\/videos"]}]}},"_links":{"self":[{"href":"https:\/\/www.matts-guitar-shop.com\/de\/wp-json\/wp\/v2\/product\/19924","targetHints":{"allow":["GET"]}}],"collection":[{"href":"https:\/\/www.matts-guitar-shop.com\/de\/wp-json\/wp\/v2\/product"}],"about":[{"href":"https:\/\/www.matts-guitar-shop.com\/de\/wp-json\/wp\/v2\/types\/product"}],"replies":[{"embeddable":true,"href":"https:\/\/www.matts-guitar-shop.com\/de\/wp-json\/wp\/v2\/comments?post=19924"}],"wp:featuredmedia":[{"embeddable":true,"href":"https:\/\/www.matts-guitar-shop.com\/de\/wp-json\/wp\/v2\/media\/11458"}],"wp:attachment":[{"href":"https:\/\/www.matts-guitar-shop.com\/de\/wp-json\/wp\/v2\/media?parent=19924"}],"wp:term":[{"taxonomy":"product_brand","embeddable":true,"href":"https:\/\/www.matts-guitar-shop.com\/de\/wp-json\/wp\/v2\/product_brand?post=19924"},{"taxonomy":"product_cat","embeddable":true,"href":"https:\/\/www.matts-guitar-shop.com\/de\/wp-json\/wp\/v2\/product_cat?post=19924"},{"taxonomy":"product_tag","embeddable":true,"href":"https:\/\/www.matts-guitar-shop.com\/de\/wp-json\/wp\/v2\/product_tag?post=19924"}],"curies":[{"name":"wp","href":"https:\/\/api.w.org\/{rel}","templated":true}]}}