{"id":19921,"date":"2024-12-17T01:07:15","date_gmt":"2024-12-17T00:07:15","guid":{"rendered":"https:\/\/www.matts-guitar-shop.com\/produit\/gene-simmons-bass-von-gene-persoenlich-handbemalt\/"},"modified":"2026-05-05T19:29:11","modified_gmt":"2026-05-05T17:29:11","slug":"gene-simmons-bass-von-gene-persoenlich-handbemalt","status":"publish","type":"product","link":"https:\/\/www.matts-guitar-shop.com\/de\/produit\/gene-simmons-bass-von-gene-persoenlich-handbemalt\/","title":{"rendered":"Gene Simmons\u2019 Bass, von Gene pers\u00f6nlich handbemalt"},"content":{"rendered":"<h2>Biografie von Gene Simmons: Von Chaim Witz zur Rock-Ikone<\/h2>\n<h3>Bescheidene Anf\u00e4nge und die Eroberung New Yorks<\/h3>\n<p>Die Geschichte beginnt am 25. August 1949 in Haifa, als ein Junge namens <strong>Chaim Witz<\/strong> geboren wird. Seine Kindheit verbringt er damit, von Amerika und <strong>Rock \u2019n\u2019 Roll<\/strong> zu tr\u00e4umen. Mit acht Jahren zieht die Familie nach <strong>New York<\/strong>, wo Chaim schnell den Namen <strong>Eugene Klein<\/strong> annimmt, um sich besser in sein neues Leben einzuf\u00fcgen.<br \/>\nIn diesem urbanen Dschungel macht er seine ersten Schritte als <strong>Musiker<\/strong> und zieht mit seinen begeisterten Auftritten und seiner nat\u00fcrlichen B\u00fchnenpr\u00e4senz Aufmerksamkeit auf sich. Eugene erkennt fr\u00fch, dass der Weg zum Erfolg nicht nur \u00fcber <strong>Musik<\/strong> f\u00fchrt, sondern auch \u00fcber eine theatralische Pers\u00f6nlichkeit.<\/p>\n<h3>Gene Simmons: Bassist, S\u00e4nger und Herz von KISS<\/h3>\n<p>Anfang der 1970er Jahre trifft <strong>Simmons<\/strong> auf <strong>Paul Stanley<\/strong>. Gemeinsam entwickeln sie ein radikales Konzept f\u00fcr die damalige Zeit: eine Band, die Show, kraftvolle Alben und eine markante visuelle Identit\u00e4t vereint. <strong>KISS<\/strong> ver\u00e4ndert schnell die Rockwelt mit einer explosiven Mischung aus Pyrotechnik, extravaganten Kost\u00fcmen und Songs, die sofort zu Klassikern werden.<br \/>\nAls <strong>Bassist<\/strong> und <strong>Lead-S\u00e4nger<\/strong> der Band hinterl\u00e4sst Gene Simmons schnell seine Handschrift auf jedem St\u00fcck. Im Laufe der Jahrzehnte pr\u00e4gt der <strong>Musiker<\/strong> auch die Identit\u00e4t der Gruppe, experimentiert mit Spieltechniken und erneuert st\u00e4ndig seinen B\u00fchnenauftritt.<\/p>\n<h4>Die ikonische Punisher-Gitarre<\/h4>\n<p>Die ber\u00fchmte <strong>Punisher<\/strong>-Gitarre, unverkennbar durch ihre einzigartige Form und ihr aggressives Design, verk\u00f6rpert perfekt die Dualit\u00e4t des <strong>Musikers<\/strong> \u2014 sowohl Sch\u00f6pfer als auch Showman, der stets die Grenzen des Konventionellen verschiebt.<br \/>\n<strong>Simmons<\/strong> scheut sich nicht, seine Instrumente f\u00fcr jede Tour individuell anzupassen, spielt mit den Codes des Hard Rock und zeigt deutlich seinen Anspruch zu schockieren und zu \u00fcberraschen. Die <strong>Punisher<\/strong> symbolisiert auch die Bedeutung, die er dem Image beimisst, und spiegelt seine Vorliebe f\u00fcr gro\u00dfes Spektakel und unvergessliche Auftritte wider.<\/p>\n<h4>Ein produktiver Songwriter und Produzent<\/h4>\n<p>Als <strong>Songwriter<\/strong> hat Gene Simmons einige der ikonischsten Songs von KISS geschrieben und im Laufe seiner Karriere auch mit anderen K\u00fcnstlern zusammengearbeitet.<br \/>\nSein Talent, Trends zu erkennen und neue musikalische Ideen einzubringen, hat sich mehrfach bew\u00e4hrt und zur internationalen Bekanntheit der Band beigetragen. Auf zahlreichen Studioalben ist sein <strong>Produktionsstil<\/strong> zu sp\u00fcren, der Effizienz und Originalit\u00e4t vereint und zeitlose Songs schafft, die Generationen \u00fcberdauern.<\/p>\n<h3>Das Erbe eines unvergleichlichen Stars<\/h3>\n<p>Jahrzehnt f\u00fcr Jahrzehnt sorgt <strong>Gene Simmons<\/strong> daf\u00fcr, dass ein Mythos fortbesteht, der weit \u00fcber die Musik hinausgeht. Er inspiriert unz\u00e4hlige junge Musiker und Unternehmer, die in ihrem Bereich innovativ sein wollen.<br \/>\nDas <strong>k\u00fcnstlerische und kulturelle Erbe<\/strong> von Gene Simmons kennt keine Grenzen. Viele Rock- und Popstars nennen heute seinen Einfluss und loben seine unerm\u00fcdliche Energie und ansteckende Leidenschaft. Ob an seinem Bass, im Studio oder im Fernsehen \u2013 dieser au\u00dfergew\u00f6hnliche Musiker verk\u00f6rpert wie kaum ein anderer die Exzesse, Freiheit und den Geist des Rock \u2019n\u2019 Roll.<\/p>\n","protected":false},"excerpt":{"rendered":"<p><b>Gene Simmons<\/b> bleibt in der heutigen Musiklandschaft eine Referenz im Bassbereich. Pr\u00e4zise, kraftvoll und donnernd hat der \u201eGod of Thunder\u201c mit <b>KISS<\/b> echte Hits geschaffen, unter anderem mit B\u00e4ssen, die er eng mitentwickelt hat.<\/p>\n<p>Dieses Punisher-Modell ist absolut au\u00dfergew\u00f6hnlich. Es handelt sich um ein Unikat und wurde von <b>Gene Simmons von Hand bemalt<\/b> auf der Decke sowie auf der R\u00fcckseite betitelt und signiert. Aus dem Design der Tonabnehmer erhebt sich das Gesicht eines wilden Drachen, der auf der linken Seite triumphiert und seine Zunge herausstreckt. Die Kreatur wirkt, als k\u00e4me sie direkt aus der H\u00f6lle, bereit mit scharfen Z\u00e4hnen und eingerollter Zunge anzugreifen. Der Bass \u00fcbernimmt zudem Gene Simmons\u2019 typische B\u00fchnen-Features, mit Befestigungshaken und Plektren entlang eines Streifens an den Seiten des Instruments. Ein wahres Kunstwerk, dekoriert und signiert vom God of Thunder\u2026 exklusiv bei Matt\u2019s Guitar Shop!<\/p>\n<p>Betreten Sie die legend\u00e4re Welt von Matt\u2019s Guitar Shop, dem <strong><a href=\"https:\/\/www.matts-guitar-shop.com\/de\/\">Gitarrengesch\u00e4ft in Paris<\/a><\/strong>, und entdecken Sie einzigartige St\u00fccke wie die <strong><a href=\"https:\/\/www.matts-guitar-shop.com\/de\/produit\/randy-rhoads-1974-gibson-les-paul-standard\/\" target=\"_new\" rel=\"noopener\">Randy Rhoads Gitarre<\/a><\/strong>, die mythische <strong><a href=\"https:\/\/www.matts-guitar-shop.com\/de\/produit\/rory-gallaghers-gibson-melody-maker-1960\/\" target=\"_new\" rel=\"noopener\">Rory Gallagher Gitarre<\/a><\/strong>, die <strong><a href=\"https:\/\/www.matts-guitar-shop.com\/de\/produit\/joe-perrys-gibson-les-paul-special-tribute-aerosmith\/\" target=\"_new\" rel=\"noopener\">Aerosmith Gitarre<\/a><\/strong>, den <strong><a href=\"https:\/\/www.matts-guitar-shop.com\/de\/produit\/cliff-williams-1976-music-man-stingray\/\" target=\"_new\" rel=\"noopener\">Cliff Williams Bass<\/a><\/strong>, die <strong><a href=\"https:\/\/www.matts-guitar-shop.com\/de\/produit\/lorenzi-john-frusciante-tribute\/\" target=\"_new\" rel=\"noopener\">John Frusciante Gitarre<\/a><\/strong>, die <strong><a href=\"https:\/\/www.matts-guitar-shop.com\/produit\/paul-stanleys-gibson-flying-v-number-1-KISS\/\" target=\"_new\" rel=\"noopener\">KISS Gitarre<\/a><\/strong> oder sogar die legend\u00e4re <strong><a href=\"https:\/\/www.matts-guitar-shop.com\/de\/produit\/fender-custom-shop-telecaster-keith-richards-prototyp\/\" target=\"_new\" rel=\"noopener\">Keith Richards Telecaster Gitarre<\/a><\/strong>.<\/p>\n","protected":false},"featured_media":12421,"comment_status":"open","ping_status":"closed","template":"","meta":{"_et_pb_use_builder":"","_et_pb_old_content":"","_et_gb_content_width":""},"product_brand":[],"product_cat":[676,672],"product_tag":[],"class_list":{"0":"post-19921","1":"product","2":"type-product","3":"status-publish","4":"has-post-thumbnail","6":"product_cat-ikonische-gitarren","7":"product_cat-verkaufte","8":"pa_artiste-gene-simmons-de","9":"pa_disponibilite-verkauft","10":"pa_marque-gene-simmons-axe-ltd-de","12":"first","13":"outofstock","14":"shipping-taxable","15":"product-type-simple"},"yoast_head":"<!-- This site is optimized with the Yoast SEO plugin v26.8 - https:\/\/yoast.com\/product\/yoast-seo-wordpress\/ -->\n<title>Gene Simmons Bass - Matt&#039;s Guitar Shop<\/title>\n<meta name=\"description\" content=\"Entdecken Sie den Bass von Gene Simmons. Pr\u00e4zise, dr\u00f6hnend und kraftvoll \u2013 der \u201eGod of Thunder\u201c hat mit KISS echte Hits geschaffen, mit B\u00e4ssen, die er eng mitgestaltet hat.\" \/>\n<meta name=\"robots\" content=\"index, follow, max-snippet:-1, max-image-preview:large, max-video-preview:-1\" \/>\n<link rel=\"canonical\" href=\"https:\/\/www.matts-guitar-shop.com\/de\/produit\/gene-simmons-bass-von-gene-persoenlich-handbemalt\/\" \/>\n<meta property=\"og:locale\" content=\"de_DE\" \/>\n<meta property=\"og:type\" content=\"article\" \/>\n<meta property=\"og:title\" content=\"Gene Simmons Bass - Matt&#039;s Guitar Shop\" \/>\n<meta property=\"og:description\" content=\"Entdecken Sie den Bass von Gene Simmons. Pr\u00e4zise, dr\u00f6hnend und kraftvoll \u2013 der \u201eGod of Thunder\u201c hat mit KISS echte Hits geschaffen, mit B\u00e4ssen, die er eng mitgestaltet hat.\" \/>\n<meta property=\"og:url\" content=\"https:\/\/www.matts-guitar-shop.com\/de\/produit\/gene-simmons-bass-von-gene-persoenlich-handbemalt\/\" \/>\n<meta property=\"og:site_name\" content=\"Matt&#039;s Guitar Shop\" \/>\n<meta property=\"article:publisher\" content=\"https:\/\/www.facebook.com\/profile.php?id=100044359842817\" \/>\n<meta property=\"article:modified_time\" content=\"2026-05-05T17:29:11+00:00\" \/>\n<meta property=\"og:image\" content=\"https:\/\/www.matts-guitar-shop.com\/wp-content\/uploads\/2024\/12\/gene-simmons-bass-hand-painted-by-gene-04.jpg\" \/>\n\t<meta property=\"og:image:width\" content=\"800\" \/>\n\t<meta property=\"og:image:height\" content=\"1000\" \/>\n\t<meta property=\"og:image:type\" content=\"image\/jpeg\" \/>\n<meta name=\"twitter:card\" content=\"summary_large_image\" \/>\n<meta name=\"twitter:label1\" content=\"Gesch\u00e4tzte Lesezeit\" \/>\n\t<meta name=\"twitter:data1\" content=\"2\u00a0Minuten\" \/>\n<script type=\"application\/ld+json\" class=\"yoast-schema-graph\">{\"@context\":\"https:\/\/schema.org\",\"@graph\":[{\"@type\":\"WebPage\",\"@id\":\"https:\/\/www.matts-guitar-shop.com\/de\/produit\/gene-simmons-bass-von-gene-persoenlich-handbemalt\/\",\"url\":\"https:\/\/www.matts-guitar-shop.com\/de\/produit\/gene-simmons-bass-von-gene-persoenlich-handbemalt\/\",\"name\":\"Gene Simmons Bass - Matt&#039;s Guitar Shop\",\"isPartOf\":{\"@id\":\"https:\/\/www.matts-guitar-shop.com\/de\/#website\"},\"primaryImageOfPage\":{\"@id\":\"https:\/\/www.matts-guitar-shop.com\/de\/produit\/gene-simmons-bass-von-gene-persoenlich-handbemalt\/#primaryimage\"},\"image\":{\"@id\":\"https:\/\/www.matts-guitar-shop.com\/de\/produit\/gene-simmons-bass-von-gene-persoenlich-handbemalt\/#primaryimage\"},\"thumbnailUrl\":\"https:\/\/www.matts-guitar-shop.com\/wp-content\/uploads\/2024\/12\/gene-simmons-bass-hand-painted-by-gene-04.jpg\",\"datePublished\":\"2024-12-17T00:07:15+00:00\",\"dateModified\":\"2026-05-05T17:29:11+00:00\",\"description\":\"Entdecken Sie den Bass von Gene Simmons. Pr\u00e4zise, dr\u00f6hnend und kraftvoll \u2013 der \u201eGod of Thunder\u201c hat mit KISS echte Hits geschaffen, mit B\u00e4ssen, die er eng mitgestaltet hat.\",\"breadcrumb\":{\"@id\":\"https:\/\/www.matts-guitar-shop.com\/de\/produit\/gene-simmons-bass-von-gene-persoenlich-handbemalt\/#breadcrumb\"},\"inLanguage\":\"de\",\"potentialAction\":[{\"@type\":\"ReadAction\",\"target\":[\"https:\/\/www.matts-guitar-shop.com\/de\/produit\/gene-simmons-bass-von-gene-persoenlich-handbemalt\/\"]}]},{\"@type\":\"ImageObject\",\"inLanguage\":\"de\",\"@id\":\"https:\/\/www.matts-guitar-shop.com\/de\/produit\/gene-simmons-bass-von-gene-persoenlich-handbemalt\/#primaryimage\",\"url\":\"https:\/\/www.matts-guitar-shop.com\/wp-content\/uploads\/2024\/12\/gene-simmons-bass-hand-painted-by-gene-04.jpg\",\"contentUrl\":\"https:\/\/www.matts-guitar-shop.com\/wp-content\/uploads\/2024\/12\/gene-simmons-bass-hand-painted-by-gene-04.jpg\",\"width\":800,\"height\":1000,\"caption\":\"Basse Gene Simmons\"},{\"@type\":\"BreadcrumbList\",\"@id\":\"https:\/\/www.matts-guitar-shop.com\/de\/produit\/gene-simmons-bass-von-gene-persoenlich-handbemalt\/#breadcrumb\",\"itemListElement\":[{\"@type\":\"ListItem\",\"position\":1,\"name\":\"Startseite\",\"item\":\"https:\/\/www.matts-guitar-shop.com\/de\/\"},{\"@type\":\"ListItem\",\"position\":2,\"name\":\"Shop\",\"item\":\"https:\/\/www.matts-guitar-shop.com\/de\/shop\/\"},{\"@type\":\"ListItem\",\"position\":3,\"name\":\"Gene Simmons\u2019 Bass, von Gene pers\u00f6nlich handbemalt\"}]},{\"@type\":\"WebSite\",\"@id\":\"https:\/\/www.matts-guitar-shop.com\/de\/#website\",\"url\":\"https:\/\/www.matts-guitar-shop.com\/de\/\",\"name\":\"matts-guitar-shop.com\",\"description\":\"Guitar Shop\",\"publisher\":{\"@id\":\"https:\/\/www.matts-guitar-shop.com\/de\/#organization\"},\"potentialAction\":[{\"@type\":\"SearchAction\",\"target\":{\"@type\":\"EntryPoint\",\"urlTemplate\":\"https:\/\/www.matts-guitar-shop.com\/de\/?s={search_term_string}\"},\"query-input\":{\"@type\":\"PropertyValueSpecification\",\"valueRequired\":true,\"valueName\":\"search_term_string\"}}],\"inLanguage\":\"de\"},{\"@type\":\"Organization\",\"@id\":\"https:\/\/www.matts-guitar-shop.com\/de\/#organization\",\"name\":\"matts-guitar-shop.com\",\"url\":\"https:\/\/www.matts-guitar-shop.com\/de\/\",\"logo\":{\"@type\":\"ImageObject\",\"inLanguage\":\"de\",\"@id\":\"https:\/\/www.matts-guitar-shop.com\/de\/#\/schema\/logo\/image\/\",\"url\":\"https:\/\/www.matts-guitar-shop.com\/wp-content\/uploads\/2024\/09\/MGS-logo-site-02.png\",\"contentUrl\":\"https:\/\/www.matts-guitar-shop.com\/wp-content\/uploads\/2024\/09\/MGS-logo-site-02.png\",\"width\":200,\"height\":122,\"caption\":\"matts-guitar-shop.com\"},\"image\":{\"@id\":\"https:\/\/www.matts-guitar-shop.com\/de\/#\/schema\/logo\/image\/\"},\"sameAs\":[\"https:\/\/www.facebook.com\/profile.php?id=100044359842817\",\"https:\/\/www.instagram.com\/mattsguitarshop\/\",\"https:\/\/www.youtube.com\/@MattLucasMan\/videos\"]}]}<\/script>\n<!-- \/ Yoast SEO plugin. -->","yoast_head_json":{"title":"Gene Simmons Bass - Matt&#039;s Guitar Shop","description":"Entdecken Sie den Bass von Gene Simmons. Pr\u00e4zise, dr\u00f6hnend und kraftvoll \u2013 der \u201eGod of Thunder\u201c hat mit KISS echte Hits geschaffen, mit B\u00e4ssen, die er eng mitgestaltet hat.","robots":{"index":"index","follow":"follow","max-snippet":"max-snippet:-1","max-image-preview":"max-image-preview:large","max-video-preview":"max-video-preview:-1"},"canonical":"https:\/\/www.matts-guitar-shop.com\/de\/produit\/gene-simmons-bass-von-gene-persoenlich-handbemalt\/","og_locale":"de_DE","og_type":"article","og_title":"Gene Simmons Bass - Matt&#039;s Guitar Shop","og_description":"Entdecken Sie den Bass von Gene Simmons. Pr\u00e4zise, dr\u00f6hnend und kraftvoll \u2013 der \u201eGod of Thunder\u201c hat mit KISS echte Hits geschaffen, mit B\u00e4ssen, die er eng mitgestaltet hat.","og_url":"https:\/\/www.matts-guitar-shop.com\/de\/produit\/gene-simmons-bass-von-gene-persoenlich-handbemalt\/","og_site_name":"Matt&#039;s Guitar Shop","article_publisher":"https:\/\/www.facebook.com\/profile.php?id=100044359842817","article_modified_time":"2026-05-05T17:29:11+00:00","og_image":[{"width":800,"height":1000,"url":"https:\/\/www.matts-guitar-shop.com\/wp-content\/uploads\/2024\/12\/gene-simmons-bass-hand-painted-by-gene-04.jpg","type":"image\/jpeg"}],"twitter_card":"summary_large_image","twitter_misc":{"Gesch\u00e4tzte Lesezeit":"2\u00a0Minuten"},"schema":{"@context":"https:\/\/schema.org","@graph":[{"@type":"WebPage","@id":"https:\/\/www.matts-guitar-shop.com\/de\/produit\/gene-simmons-bass-von-gene-persoenlich-handbemalt\/","url":"https:\/\/www.matts-guitar-shop.com\/de\/produit\/gene-simmons-bass-von-gene-persoenlich-handbemalt\/","name":"Gene Simmons Bass - Matt&#039;s Guitar Shop","isPartOf":{"@id":"https:\/\/www.matts-guitar-shop.com\/de\/#website"},"primaryImageOfPage":{"@id":"https:\/\/www.matts-guitar-shop.com\/de\/produit\/gene-simmons-bass-von-gene-persoenlich-handbemalt\/#primaryimage"},"image":{"@id":"https:\/\/www.matts-guitar-shop.com\/de\/produit\/gene-simmons-bass-von-gene-persoenlich-handbemalt\/#primaryimage"},"thumbnailUrl":"https:\/\/www.matts-guitar-shop.com\/wp-content\/uploads\/2024\/12\/gene-simmons-bass-hand-painted-by-gene-04.jpg","datePublished":"2024-12-17T00:07:15+00:00","dateModified":"2026-05-05T17:29:11+00:00","description":"Entdecken Sie den Bass von Gene Simmons. Pr\u00e4zise, dr\u00f6hnend und kraftvoll \u2013 der \u201eGod of Thunder\u201c hat mit KISS echte Hits geschaffen, mit B\u00e4ssen, die er eng mitgestaltet hat.","breadcrumb":{"@id":"https:\/\/www.matts-guitar-shop.com\/de\/produit\/gene-simmons-bass-von-gene-persoenlich-handbemalt\/#breadcrumb"},"inLanguage":"de","potentialAction":[{"@type":"ReadAction","target":["https:\/\/www.matts-guitar-shop.com\/de\/produit\/gene-simmons-bass-von-gene-persoenlich-handbemalt\/"]}]},{"@type":"ImageObject","inLanguage":"de","@id":"https:\/\/www.matts-guitar-shop.com\/de\/produit\/gene-simmons-bass-von-gene-persoenlich-handbemalt\/#primaryimage","url":"https:\/\/www.matts-guitar-shop.com\/wp-content\/uploads\/2024\/12\/gene-simmons-bass-hand-painted-by-gene-04.jpg","contentUrl":"https:\/\/www.matts-guitar-shop.com\/wp-content\/uploads\/2024\/12\/gene-simmons-bass-hand-painted-by-gene-04.jpg","width":800,"height":1000,"caption":"Basse Gene Simmons"},{"@type":"BreadcrumbList","@id":"https:\/\/www.matts-guitar-shop.com\/de\/produit\/gene-simmons-bass-von-gene-persoenlich-handbemalt\/#breadcrumb","itemListElement":[{"@type":"ListItem","position":1,"name":"Startseite","item":"https:\/\/www.matts-guitar-shop.com\/de\/"},{"@type":"ListItem","position":2,"name":"Shop","item":"https:\/\/www.matts-guitar-shop.com\/de\/shop\/"},{"@type":"ListItem","position":3,"name":"Gene Simmons\u2019 Bass, von Gene pers\u00f6nlich handbemalt"}]},{"@type":"WebSite","@id":"https:\/\/www.matts-guitar-shop.com\/de\/#website","url":"https:\/\/www.matts-guitar-shop.com\/de\/","name":"matts-guitar-shop.com","description":"Guitar Shop","publisher":{"@id":"https:\/\/www.matts-guitar-shop.com\/de\/#organization"},"potentialAction":[{"@type":"SearchAction","target":{"@type":"EntryPoint","urlTemplate":"https:\/\/www.matts-guitar-shop.com\/de\/?s={search_term_string}"},"query-input":{"@type":"PropertyValueSpecification","valueRequired":true,"valueName":"search_term_string"}}],"inLanguage":"de"},{"@type":"Organization","@id":"https:\/\/www.matts-guitar-shop.com\/de\/#organization","name":"matts-guitar-shop.com","url":"https:\/\/www.matts-guitar-shop.com\/de\/","logo":{"@type":"ImageObject","inLanguage":"de","@id":"https:\/\/www.matts-guitar-shop.com\/de\/#\/schema\/logo\/image\/","url":"https:\/\/www.matts-guitar-shop.com\/wp-content\/uploads\/2024\/09\/MGS-logo-site-02.png","contentUrl":"https:\/\/www.matts-guitar-shop.com\/wp-content\/uploads\/2024\/09\/MGS-logo-site-02.png","width":200,"height":122,"caption":"matts-guitar-shop.com"},"image":{"@id":"https:\/\/www.matts-guitar-shop.com\/de\/#\/schema\/logo\/image\/"},"sameAs":["https:\/\/www.facebook.com\/profile.php?id=100044359842817","https:\/\/www.instagram.com\/mattsguitarshop\/","https:\/\/www.youtube.com\/@MattLucasMan\/videos"]}]}},"_links":{"self":[{"href":"https:\/\/www.matts-guitar-shop.com\/de\/wp-json\/wp\/v2\/product\/19921","targetHints":{"allow":["GET"]}}],"collection":[{"href":"https:\/\/www.matts-guitar-shop.com\/de\/wp-json\/wp\/v2\/product"}],"about":[{"href":"https:\/\/www.matts-guitar-shop.com\/de\/wp-json\/wp\/v2\/types\/product"}],"replies":[{"embeddable":true,"href":"https:\/\/www.matts-guitar-shop.com\/de\/wp-json\/wp\/v2\/comments?post=19921"}],"wp:featuredmedia":[{"embeddable":true,"href":"https:\/\/www.matts-guitar-shop.com\/de\/wp-json\/wp\/v2\/media\/12421"}],"wp:attachment":[{"href":"https:\/\/www.matts-guitar-shop.com\/de\/wp-json\/wp\/v2\/media?parent=19921"}],"wp:term":[{"taxonomy":"product_brand","embeddable":true,"href":"https:\/\/www.matts-guitar-shop.com\/de\/wp-json\/wp\/v2\/product_brand?post=19921"},{"taxonomy":"product_cat","embeddable":true,"href":"https:\/\/www.matts-guitar-shop.com\/de\/wp-json\/wp\/v2\/product_cat?post=19921"},{"taxonomy":"product_tag","embeddable":true,"href":"https:\/\/www.matts-guitar-shop.com\/de\/wp-json\/wp\/v2\/product_tag?post=19921"}],"curies":[{"name":"wp","href":"https:\/\/api.w.org\/{rel}","templated":true}]}}