{"id":19920,"date":"2024-12-17T00:51:19","date_gmt":"2024-12-16T23:51:19","guid":{"rendered":"https:\/\/www.matts-guitar-shop.com\/produit\/jose-reyes-sentchordi-hermanos-gipsy-kings\/"},"modified":"2025-10-17T21:02:59","modified_gmt":"2025-10-17T19:02:59","slug":"jose-reyes-sentchordi-hermanos-gipsy-kings","status":"publish","type":"product","link":"https:\/\/www.matts-guitar-shop.com\/de\/produit\/jose-reyes-sentchordi-hermanos-gipsy-kings\/","title":{"rendered":"Jos\u00e9 Reyes\u2019 Sentchordi Hermanos (Gipsy Kings)"},"content":{"rendered":"<p>Jos\u00e9 Reyes des Gipsy Kings<\/p>\n","protected":false},"excerpt":{"rendered":"<p>Nach der Tradition der Manouches muss das Instrument eines verstorbenen Musikers verbrannt werden. Diese Gitarre ist daher besonders au\u00dfergew\u00f6hnlich, da sie die Zeiten \u00fcberdauert hat, um zu uns zu gelangen. Sie wurde um 1884\/85 in Valencia gefertigt und geh\u00f6rte <b>Jos\u00e9 Reyes<\/b>.<\/p>\n<p>Gitarrist und S\u00e4nger der Gruppe Los Reyes, die sp\u00e4ter als <b>Gipsy Kings<\/b> bekannt wurde, war der Ansicht, dass diese sehr alte Gitarre eine eigene Seele besa\u00df. Er nutzte sie \u00fcber viele Jahre hinweg intensiv im Studio und auf der B\u00fchne, bis zu seinem Tod 1979. Diese akustische Gitarre, gefertigt aus Rio-Palisander und Fichte vom Atelier Sentchordi Hermans, ist ein echtes Relikt eines einflussreichen Manouche-Musikers und zugleich eine Gitarre mit tiefem, besonders reichhaltigem Klang. Ein seltenes kulturelles und historisches Objekt, das Teil der Sammlung des Matt\u2019s Guitar Shop ist.<\/p>\n","protected":false},"featured_media":12607,"comment_status":"open","ping_status":"closed","template":"","meta":{"_et_pb_use_builder":"","_et_pb_old_content":"","_et_gb_content_width":""},"product_brand":[],"product_cat":[673,676,672,670],"product_tag":[],"class_list":{"0":"post-19920","1":"product","2":"type-product","3":"status-publish","4":"has-post-thumbnail","6":"product_cat-gitarren","7":"product_cat-ikonische-gitarren","8":"product_cat-verkaufte","9":"product_cat-kuenstler","10":"pa_artiste-jose-reyes-de","11":"pa_disponibilite-verkauft","12":"pa_marque-sentchordi-hermanos-de","14":"first","15":"outofstock","16":"shipping-taxable","17":"product-type-simple"},"yoast_head":"<!-- This site is optimized with the Yoast SEO plugin v26.8 - https:\/\/yoast.com\/product\/yoast-seo-wordpress\/ -->\n<title>Jos\u00e9 Reyes\u2019 Sentchordi Hermanos (Gipsy Kings) - Matt&#039;s Guitar Shop<\/title>\n<meta name=\"description\" content=\"Diese Gitarre erh\u00e4lt dadurch einen besonders au\u00dfergew\u00f6hnlichen Charakter, da sie die Zeiten \u00fcberdauert hat, um zu uns zu gelangen.\" \/>\n<meta name=\"robots\" content=\"index, follow, max-snippet:-1, max-image-preview:large, max-video-preview:-1\" \/>\n<link rel=\"canonical\" href=\"https:\/\/www.matts-guitar-shop.com\/de\/produit\/jose-reyes-sentchordi-hermanos-gipsy-kings\/\" \/>\n<meta property=\"og:locale\" content=\"de_DE\" \/>\n<meta property=\"og:type\" content=\"article\" \/>\n<meta property=\"og:title\" content=\"Jos\u00e9 Reyes\u2019 Sentchordi Hermanos (Gipsy Kings) - Matt&#039;s Guitar Shop\" \/>\n<meta property=\"og:description\" content=\"Diese Gitarre erh\u00e4lt dadurch einen besonders au\u00dfergew\u00f6hnlichen Charakter, da sie die Zeiten \u00fcberdauert hat, um zu uns zu gelangen.\" \/>\n<meta property=\"og:url\" content=\"https:\/\/www.matts-guitar-shop.com\/de\/produit\/jose-reyes-sentchordi-hermanos-gipsy-kings\/\" \/>\n<meta property=\"og:site_name\" content=\"Matt&#039;s Guitar Shop\" \/>\n<meta property=\"article:publisher\" content=\"https:\/\/www.facebook.com\/profile.php?id=100044359842817\" \/>\n<meta property=\"article:modified_time\" content=\"2025-10-17T19:02:59+00:00\" \/>\n<meta property=\"og:image\" content=\"https:\/\/www.matts-guitar-shop.com\/wp-content\/uploads\/2024\/12\/jose-reyes-sentchordi-hermanos-gipsy-kings-83.jpg\" \/>\n\t<meta property=\"og:image:width\" content=\"800\" \/>\n\t<meta property=\"og:image:height\" content=\"1000\" \/>\n\t<meta property=\"og:image:type\" content=\"image\/jpeg\" \/>\n<meta name=\"twitter:card\" content=\"summary_large_image\" \/>\n<script type=\"application\/ld+json\" class=\"yoast-schema-graph\">{\"@context\":\"https:\/\/schema.org\",\"@graph\":[{\"@type\":\"WebPage\",\"@id\":\"https:\/\/www.matts-guitar-shop.com\/de\/produit\/jose-reyes-sentchordi-hermanos-gipsy-kings\/\",\"url\":\"https:\/\/www.matts-guitar-shop.com\/de\/produit\/jose-reyes-sentchordi-hermanos-gipsy-kings\/\",\"name\":\"Jos\u00e9 Reyes\u2019 Sentchordi Hermanos (Gipsy Kings) - Matt&#039;s Guitar Shop\",\"isPartOf\":{\"@id\":\"https:\/\/www.matts-guitar-shop.com\/de\/#website\"},\"primaryImageOfPage\":{\"@id\":\"https:\/\/www.matts-guitar-shop.com\/de\/produit\/jose-reyes-sentchordi-hermanos-gipsy-kings\/#primaryimage\"},\"image\":{\"@id\":\"https:\/\/www.matts-guitar-shop.com\/de\/produit\/jose-reyes-sentchordi-hermanos-gipsy-kings\/#primaryimage\"},\"thumbnailUrl\":\"https:\/\/www.matts-guitar-shop.com\/wp-content\/uploads\/2024\/12\/jose-reyes-sentchordi-hermanos-gipsy-kings-83.jpg\",\"datePublished\":\"2024-12-16T23:51:19+00:00\",\"dateModified\":\"2025-10-17T19:02:59+00:00\",\"description\":\"Diese Gitarre erh\u00e4lt dadurch einen besonders au\u00dfergew\u00f6hnlichen Charakter, da sie die Zeiten \u00fcberdauert hat, um zu uns zu gelangen.\",\"breadcrumb\":{\"@id\":\"https:\/\/www.matts-guitar-shop.com\/de\/produit\/jose-reyes-sentchordi-hermanos-gipsy-kings\/#breadcrumb\"},\"inLanguage\":\"de\",\"potentialAction\":[{\"@type\":\"ReadAction\",\"target\":[\"https:\/\/www.matts-guitar-shop.com\/de\/produit\/jose-reyes-sentchordi-hermanos-gipsy-kings\/\"]}]},{\"@type\":\"ImageObject\",\"inLanguage\":\"de\",\"@id\":\"https:\/\/www.matts-guitar-shop.com\/de\/produit\/jose-reyes-sentchordi-hermanos-gipsy-kings\/#primaryimage\",\"url\":\"https:\/\/www.matts-guitar-shop.com\/wp-content\/uploads\/2024\/12\/jose-reyes-sentchordi-hermanos-gipsy-kings-83.jpg\",\"contentUrl\":\"https:\/\/www.matts-guitar-shop.com\/wp-content\/uploads\/2024\/12\/jose-reyes-sentchordi-hermanos-gipsy-kings-83.jpg\",\"width\":800,\"height\":1000},{\"@type\":\"BreadcrumbList\",\"@id\":\"https:\/\/www.matts-guitar-shop.com\/de\/produit\/jose-reyes-sentchordi-hermanos-gipsy-kings\/#breadcrumb\",\"itemListElement\":[{\"@type\":\"ListItem\",\"position\":1,\"name\":\"Startseite\",\"item\":\"https:\/\/www.matts-guitar-shop.com\/de\/\"},{\"@type\":\"ListItem\",\"position\":2,\"name\":\"Shop\",\"item\":\"https:\/\/www.matts-guitar-shop.com\/de\/shop\/\"},{\"@type\":\"ListItem\",\"position\":3,\"name\":\"Jos\u00e9 Reyes\u2019 Sentchordi Hermanos (Gipsy Kings)\"}]},{\"@type\":\"WebSite\",\"@id\":\"https:\/\/www.matts-guitar-shop.com\/de\/#website\",\"url\":\"https:\/\/www.matts-guitar-shop.com\/de\/\",\"name\":\"matts-guitar-shop.com\",\"description\":\"Guitar Shop\",\"publisher\":{\"@id\":\"https:\/\/www.matts-guitar-shop.com\/de\/#organization\"},\"potentialAction\":[{\"@type\":\"SearchAction\",\"target\":{\"@type\":\"EntryPoint\",\"urlTemplate\":\"https:\/\/www.matts-guitar-shop.com\/de\/?s={search_term_string}\"},\"query-input\":{\"@type\":\"PropertyValueSpecification\",\"valueRequired\":true,\"valueName\":\"search_term_string\"}}],\"inLanguage\":\"de\"},{\"@type\":\"Organization\",\"@id\":\"https:\/\/www.matts-guitar-shop.com\/de\/#organization\",\"name\":\"matts-guitar-shop.com\",\"url\":\"https:\/\/www.matts-guitar-shop.com\/de\/\",\"logo\":{\"@type\":\"ImageObject\",\"inLanguage\":\"de\",\"@id\":\"https:\/\/www.matts-guitar-shop.com\/de\/#\/schema\/logo\/image\/\",\"url\":\"https:\/\/www.matts-guitar-shop.com\/wp-content\/uploads\/2024\/09\/MGS-logo-site-02.png\",\"contentUrl\":\"https:\/\/www.matts-guitar-shop.com\/wp-content\/uploads\/2024\/09\/MGS-logo-site-02.png\",\"width\":200,\"height\":122,\"caption\":\"matts-guitar-shop.com\"},\"image\":{\"@id\":\"https:\/\/www.matts-guitar-shop.com\/de\/#\/schema\/logo\/image\/\"},\"sameAs\":[\"https:\/\/www.facebook.com\/profile.php?id=100044359842817\",\"https:\/\/www.instagram.com\/mattsguitarshop\/\",\"https:\/\/www.youtube.com\/@MattLucasMan\/videos\"]}]}<\/script>\n<!-- \/ Yoast SEO plugin. -->","yoast_head_json":{"title":"Jos\u00e9 Reyes\u2019 Sentchordi Hermanos (Gipsy Kings) - Matt&#039;s Guitar Shop","description":"Diese Gitarre erh\u00e4lt dadurch einen besonders au\u00dfergew\u00f6hnlichen Charakter, da sie die Zeiten \u00fcberdauert hat, um zu uns zu gelangen.","robots":{"index":"index","follow":"follow","max-snippet":"max-snippet:-1","max-image-preview":"max-image-preview:large","max-video-preview":"max-video-preview:-1"},"canonical":"https:\/\/www.matts-guitar-shop.com\/de\/produit\/jose-reyes-sentchordi-hermanos-gipsy-kings\/","og_locale":"de_DE","og_type":"article","og_title":"Jos\u00e9 Reyes\u2019 Sentchordi Hermanos (Gipsy Kings) - Matt&#039;s Guitar Shop","og_description":"Diese Gitarre erh\u00e4lt dadurch einen besonders au\u00dfergew\u00f6hnlichen Charakter, da sie die Zeiten \u00fcberdauert hat, um zu uns zu gelangen.","og_url":"https:\/\/www.matts-guitar-shop.com\/de\/produit\/jose-reyes-sentchordi-hermanos-gipsy-kings\/","og_site_name":"Matt&#039;s Guitar Shop","article_publisher":"https:\/\/www.facebook.com\/profile.php?id=100044359842817","article_modified_time":"2025-10-17T19:02:59+00:00","og_image":[{"width":800,"height":1000,"url":"https:\/\/www.matts-guitar-shop.com\/wp-content\/uploads\/2024\/12\/jose-reyes-sentchordi-hermanos-gipsy-kings-83.jpg","type":"image\/jpeg"}],"twitter_card":"summary_large_image","schema":{"@context":"https:\/\/schema.org","@graph":[{"@type":"WebPage","@id":"https:\/\/www.matts-guitar-shop.com\/de\/produit\/jose-reyes-sentchordi-hermanos-gipsy-kings\/","url":"https:\/\/www.matts-guitar-shop.com\/de\/produit\/jose-reyes-sentchordi-hermanos-gipsy-kings\/","name":"Jos\u00e9 Reyes\u2019 Sentchordi Hermanos (Gipsy Kings) - Matt&#039;s Guitar Shop","isPartOf":{"@id":"https:\/\/www.matts-guitar-shop.com\/de\/#website"},"primaryImageOfPage":{"@id":"https:\/\/www.matts-guitar-shop.com\/de\/produit\/jose-reyes-sentchordi-hermanos-gipsy-kings\/#primaryimage"},"image":{"@id":"https:\/\/www.matts-guitar-shop.com\/de\/produit\/jose-reyes-sentchordi-hermanos-gipsy-kings\/#primaryimage"},"thumbnailUrl":"https:\/\/www.matts-guitar-shop.com\/wp-content\/uploads\/2024\/12\/jose-reyes-sentchordi-hermanos-gipsy-kings-83.jpg","datePublished":"2024-12-16T23:51:19+00:00","dateModified":"2025-10-17T19:02:59+00:00","description":"Diese Gitarre erh\u00e4lt dadurch einen besonders au\u00dfergew\u00f6hnlichen Charakter, da sie die Zeiten \u00fcberdauert hat, um zu uns zu gelangen.","breadcrumb":{"@id":"https:\/\/www.matts-guitar-shop.com\/de\/produit\/jose-reyes-sentchordi-hermanos-gipsy-kings\/#breadcrumb"},"inLanguage":"de","potentialAction":[{"@type":"ReadAction","target":["https:\/\/www.matts-guitar-shop.com\/de\/produit\/jose-reyes-sentchordi-hermanos-gipsy-kings\/"]}]},{"@type":"ImageObject","inLanguage":"de","@id":"https:\/\/www.matts-guitar-shop.com\/de\/produit\/jose-reyes-sentchordi-hermanos-gipsy-kings\/#primaryimage","url":"https:\/\/www.matts-guitar-shop.com\/wp-content\/uploads\/2024\/12\/jose-reyes-sentchordi-hermanos-gipsy-kings-83.jpg","contentUrl":"https:\/\/www.matts-guitar-shop.com\/wp-content\/uploads\/2024\/12\/jose-reyes-sentchordi-hermanos-gipsy-kings-83.jpg","width":800,"height":1000},{"@type":"BreadcrumbList","@id":"https:\/\/www.matts-guitar-shop.com\/de\/produit\/jose-reyes-sentchordi-hermanos-gipsy-kings\/#breadcrumb","itemListElement":[{"@type":"ListItem","position":1,"name":"Startseite","item":"https:\/\/www.matts-guitar-shop.com\/de\/"},{"@type":"ListItem","position":2,"name":"Shop","item":"https:\/\/www.matts-guitar-shop.com\/de\/shop\/"},{"@type":"ListItem","position":3,"name":"Jos\u00e9 Reyes\u2019 Sentchordi Hermanos (Gipsy Kings)"}]},{"@type":"WebSite","@id":"https:\/\/www.matts-guitar-shop.com\/de\/#website","url":"https:\/\/www.matts-guitar-shop.com\/de\/","name":"matts-guitar-shop.com","description":"Guitar Shop","publisher":{"@id":"https:\/\/www.matts-guitar-shop.com\/de\/#organization"},"potentialAction":[{"@type":"SearchAction","target":{"@type":"EntryPoint","urlTemplate":"https:\/\/www.matts-guitar-shop.com\/de\/?s={search_term_string}"},"query-input":{"@type":"PropertyValueSpecification","valueRequired":true,"valueName":"search_term_string"}}],"inLanguage":"de"},{"@type":"Organization","@id":"https:\/\/www.matts-guitar-shop.com\/de\/#organization","name":"matts-guitar-shop.com","url":"https:\/\/www.matts-guitar-shop.com\/de\/","logo":{"@type":"ImageObject","inLanguage":"de","@id":"https:\/\/www.matts-guitar-shop.com\/de\/#\/schema\/logo\/image\/","url":"https:\/\/www.matts-guitar-shop.com\/wp-content\/uploads\/2024\/09\/MGS-logo-site-02.png","contentUrl":"https:\/\/www.matts-guitar-shop.com\/wp-content\/uploads\/2024\/09\/MGS-logo-site-02.png","width":200,"height":122,"caption":"matts-guitar-shop.com"},"image":{"@id":"https:\/\/www.matts-guitar-shop.com\/de\/#\/schema\/logo\/image\/"},"sameAs":["https:\/\/www.facebook.com\/profile.php?id=100044359842817","https:\/\/www.instagram.com\/mattsguitarshop\/","https:\/\/www.youtube.com\/@MattLucasMan\/videos"]}]}},"_links":{"self":[{"href":"https:\/\/www.matts-guitar-shop.com\/de\/wp-json\/wp\/v2\/product\/19920","targetHints":{"allow":["GET"]}}],"collection":[{"href":"https:\/\/www.matts-guitar-shop.com\/de\/wp-json\/wp\/v2\/product"}],"about":[{"href":"https:\/\/www.matts-guitar-shop.com\/de\/wp-json\/wp\/v2\/types\/product"}],"replies":[{"embeddable":true,"href":"https:\/\/www.matts-guitar-shop.com\/de\/wp-json\/wp\/v2\/comments?post=19920"}],"wp:featuredmedia":[{"embeddable":true,"href":"https:\/\/www.matts-guitar-shop.com\/de\/wp-json\/wp\/v2\/media\/12607"}],"wp:attachment":[{"href":"https:\/\/www.matts-guitar-shop.com\/de\/wp-json\/wp\/v2\/media?parent=19920"}],"wp:term":[{"taxonomy":"product_brand","embeddable":true,"href":"https:\/\/www.matts-guitar-shop.com\/de\/wp-json\/wp\/v2\/product_brand?post=19920"},{"taxonomy":"product_cat","embeddable":true,"href":"https:\/\/www.matts-guitar-shop.com\/de\/wp-json\/wp\/v2\/product_cat?post=19920"},{"taxonomy":"product_tag","embeddable":true,"href":"https:\/\/www.matts-guitar-shop.com\/de\/wp-json\/wp\/v2\/product_tag?post=19920"}],"curies":[{"name":"wp","href":"https:\/\/api.w.org\/{rel}","templated":true}]}}