{"id":19918,"date":"2024-12-17T00:29:38","date_gmt":"2024-12-16T23:29:38","guid":{"rendered":"https:\/\/www.matts-guitar-shop.com\/produit\/orianthis-prs-custom-made-blood-splattered\/"},"modified":"2025-10-17T22:20:26","modified_gmt":"2025-10-17T20:20:26","slug":"orianthis-prs-custom-made-blood-splattered","status":"publish","type":"product","link":"https:\/\/www.matts-guitar-shop.com\/de\/produit\/orianthis-prs-custom-made-blood-splattered\/","title":{"rendered":"Orianthi\u2019s PRS Custom Made \u00ab Blood splattered \u00bb"},"content":{"rendered":"<p>Orianthi<br \/>\nAlice Cooper<\/p>\n","protected":false},"excerpt":{"rendered":"<p>Was k\u00f6nnte ikonischer sein, um <b>Alice Cooper<\/b> zu repr\u00e4sentieren, als eine Gitarre mit Blutspritzern? Diese PRS Custom Made \u201eBlood Splattered\u201c wurde f\u00fcr <b>Orianthi<\/b> gefertigt, die Gitarren-Heldin, die \u00fcber mehrere Jahre mit dem Meister des blutigen Rocks gespielt hat.<\/p>\n<p>Die Gitarre wurde von Alice Cooper und Orianthi gemeinsam mit PRS entworfen, mit dem Ziel, ein Instrument zu schaffen, das sowohl optisch als auch klanglich perfekt f\u00fcr die B\u00fchne geeignet ist. Sie wurde \u00fcber viele Jahre hinweg intensiv mit der Alice Cooper Band gespielt und war sogar im Museum von Atlanta in einer Ausstellung \u00fcber Gitarren zu sehen. Eine echte ikonische Gitarre!<\/p>\n","protected":false},"featured_media":11596,"comment_status":"open","ping_status":"closed","template":"","meta":{"_et_pb_use_builder":"","_et_pb_old_content":"","_et_gb_content_width":""},"product_brand":[],"product_cat":[673,677,676,672,670],"product_tag":[],"class_list":{"0":"post-19918","1":"product","2":"type-product","3":"status-publish","4":"has-post-thumbnail","6":"product_cat-gitarren","7":"product_cat-elektrische-gitarren","8":"product_cat-ikonische-gitarren","9":"product_cat-verkaufte","10":"product_cat-kuenstler","11":"pa_artiste-orianthi-de","12":"pa_disponibilite-verkauft","13":"pa_marque-prs-de","15":"first","16":"outofstock","17":"shipping-taxable","18":"product-type-simple"},"yoast_head":"<!-- This site is optimized with the Yoast SEO plugin v26.8 - https:\/\/yoast.com\/product\/yoast-seo-wordpress\/ -->\n<title>Orianthi\u2019s PRS Custom Made \u00ab Blood splattered \u00bb - Matt&#039;s Guitar Shop<\/title>\n<meta name=\"description\" content=\"Was k\u00f6nnte Alice Cooper besser repr\u00e4sentieren als eine mit Blut bespritzte Gitarre?\" \/>\n<meta name=\"robots\" content=\"index, follow, max-snippet:-1, max-image-preview:large, max-video-preview:-1\" \/>\n<link rel=\"canonical\" href=\"https:\/\/www.matts-guitar-shop.com\/de\/produit\/orianthis-prs-custom-made-blood-splattered\/\" \/>\n<meta property=\"og:locale\" content=\"de_DE\" \/>\n<meta property=\"og:type\" content=\"article\" \/>\n<meta property=\"og:title\" content=\"Orianthi\u2019s PRS Custom Made \u00ab Blood splattered \u00bb - Matt&#039;s Guitar Shop\" \/>\n<meta property=\"og:description\" content=\"Was k\u00f6nnte Alice Cooper besser repr\u00e4sentieren als eine mit Blut bespritzte Gitarre?\" \/>\n<meta property=\"og:url\" content=\"https:\/\/www.matts-guitar-shop.com\/de\/produit\/orianthis-prs-custom-made-blood-splattered\/\" \/>\n<meta property=\"og:site_name\" content=\"Matt&#039;s Guitar Shop\" \/>\n<meta property=\"article:publisher\" content=\"https:\/\/www.facebook.com\/profile.php?id=100044359842817\" \/>\n<meta property=\"article:modified_time\" content=\"2025-10-17T20:20:26+00:00\" \/>\n<meta property=\"og:image\" content=\"https:\/\/www.matts-guitar-shop.com\/wp-content\/uploads\/2024\/12\/orianthi-s-prs-custom-made-blood-splattered-36.jpg\" \/>\n\t<meta property=\"og:image:width\" content=\"800\" \/>\n\t<meta property=\"og:image:height\" content=\"1000\" \/>\n\t<meta property=\"og:image:type\" content=\"image\/jpeg\" \/>\n<meta name=\"twitter:card\" content=\"summary_large_image\" \/>\n<script type=\"application\/ld+json\" class=\"yoast-schema-graph\">{\"@context\":\"https:\/\/schema.org\",\"@graph\":[{\"@type\":\"WebPage\",\"@id\":\"https:\/\/www.matts-guitar-shop.com\/de\/produit\/orianthis-prs-custom-made-blood-splattered\/\",\"url\":\"https:\/\/www.matts-guitar-shop.com\/de\/produit\/orianthis-prs-custom-made-blood-splattered\/\",\"name\":\"Orianthi\u2019s PRS Custom Made \u00ab Blood splattered \u00bb - Matt&#039;s Guitar Shop\",\"isPartOf\":{\"@id\":\"https:\/\/www.matts-guitar-shop.com\/de\/#website\"},\"primaryImageOfPage\":{\"@id\":\"https:\/\/www.matts-guitar-shop.com\/de\/produit\/orianthis-prs-custom-made-blood-splattered\/#primaryimage\"},\"image\":{\"@id\":\"https:\/\/www.matts-guitar-shop.com\/de\/produit\/orianthis-prs-custom-made-blood-splattered\/#primaryimage\"},\"thumbnailUrl\":\"https:\/\/www.matts-guitar-shop.com\/wp-content\/uploads\/2024\/12\/orianthi-s-prs-custom-made-blood-splattered-36.jpg\",\"datePublished\":\"2024-12-16T23:29:38+00:00\",\"dateModified\":\"2025-10-17T20:20:26+00:00\",\"description\":\"Was k\u00f6nnte Alice Cooper besser repr\u00e4sentieren als eine mit Blut bespritzte Gitarre?\",\"breadcrumb\":{\"@id\":\"https:\/\/www.matts-guitar-shop.com\/de\/produit\/orianthis-prs-custom-made-blood-splattered\/#breadcrumb\"},\"inLanguage\":\"de\",\"potentialAction\":[{\"@type\":\"ReadAction\",\"target\":[\"https:\/\/www.matts-guitar-shop.com\/de\/produit\/orianthis-prs-custom-made-blood-splattered\/\"]}]},{\"@type\":\"ImageObject\",\"inLanguage\":\"de\",\"@id\":\"https:\/\/www.matts-guitar-shop.com\/de\/produit\/orianthis-prs-custom-made-blood-splattered\/#primaryimage\",\"url\":\"https:\/\/www.matts-guitar-shop.com\/wp-content\/uploads\/2024\/12\/orianthi-s-prs-custom-made-blood-splattered-36.jpg\",\"contentUrl\":\"https:\/\/www.matts-guitar-shop.com\/wp-content\/uploads\/2024\/12\/orianthi-s-prs-custom-made-blood-splattered-36.jpg\",\"width\":800,\"height\":1000},{\"@type\":\"BreadcrumbList\",\"@id\":\"https:\/\/www.matts-guitar-shop.com\/de\/produit\/orianthis-prs-custom-made-blood-splattered\/#breadcrumb\",\"itemListElement\":[{\"@type\":\"ListItem\",\"position\":1,\"name\":\"Startseite\",\"item\":\"https:\/\/www.matts-guitar-shop.com\/de\/\"},{\"@type\":\"ListItem\",\"position\":2,\"name\":\"Shop\",\"item\":\"https:\/\/www.matts-guitar-shop.com\/de\/shop\/\"},{\"@type\":\"ListItem\",\"position\":3,\"name\":\"Orianthi\u2019s PRS Custom Made \u00ab Blood splattered \u00bb\"}]},{\"@type\":\"WebSite\",\"@id\":\"https:\/\/www.matts-guitar-shop.com\/de\/#website\",\"url\":\"https:\/\/www.matts-guitar-shop.com\/de\/\",\"name\":\"matts-guitar-shop.com\",\"description\":\"Guitar Shop\",\"publisher\":{\"@id\":\"https:\/\/www.matts-guitar-shop.com\/de\/#organization\"},\"potentialAction\":[{\"@type\":\"SearchAction\",\"target\":{\"@type\":\"EntryPoint\",\"urlTemplate\":\"https:\/\/www.matts-guitar-shop.com\/de\/?s={search_term_string}\"},\"query-input\":{\"@type\":\"PropertyValueSpecification\",\"valueRequired\":true,\"valueName\":\"search_term_string\"}}],\"inLanguage\":\"de\"},{\"@type\":\"Organization\",\"@id\":\"https:\/\/www.matts-guitar-shop.com\/de\/#organization\",\"name\":\"matts-guitar-shop.com\",\"url\":\"https:\/\/www.matts-guitar-shop.com\/de\/\",\"logo\":{\"@type\":\"ImageObject\",\"inLanguage\":\"de\",\"@id\":\"https:\/\/www.matts-guitar-shop.com\/de\/#\/schema\/logo\/image\/\",\"url\":\"https:\/\/www.matts-guitar-shop.com\/wp-content\/uploads\/2024\/09\/MGS-logo-site-02.png\",\"contentUrl\":\"https:\/\/www.matts-guitar-shop.com\/wp-content\/uploads\/2024\/09\/MGS-logo-site-02.png\",\"width\":200,\"height\":122,\"caption\":\"matts-guitar-shop.com\"},\"image\":{\"@id\":\"https:\/\/www.matts-guitar-shop.com\/de\/#\/schema\/logo\/image\/\"},\"sameAs\":[\"https:\/\/www.facebook.com\/profile.php?id=100044359842817\",\"https:\/\/www.instagram.com\/mattsguitarshop\/\",\"https:\/\/www.youtube.com\/@MattLucasMan\/videos\"]}]}<\/script>\n<!-- \/ Yoast SEO plugin. -->","yoast_head_json":{"title":"Orianthi\u2019s PRS Custom Made \u00ab Blood splattered \u00bb - Matt&#039;s Guitar Shop","description":"Was k\u00f6nnte Alice Cooper besser repr\u00e4sentieren als eine mit Blut bespritzte Gitarre?","robots":{"index":"index","follow":"follow","max-snippet":"max-snippet:-1","max-image-preview":"max-image-preview:large","max-video-preview":"max-video-preview:-1"},"canonical":"https:\/\/www.matts-guitar-shop.com\/de\/produit\/orianthis-prs-custom-made-blood-splattered\/","og_locale":"de_DE","og_type":"article","og_title":"Orianthi\u2019s PRS Custom Made \u00ab Blood splattered \u00bb - Matt&#039;s Guitar Shop","og_description":"Was k\u00f6nnte Alice Cooper besser repr\u00e4sentieren als eine mit Blut bespritzte Gitarre?","og_url":"https:\/\/www.matts-guitar-shop.com\/de\/produit\/orianthis-prs-custom-made-blood-splattered\/","og_site_name":"Matt&#039;s Guitar Shop","article_publisher":"https:\/\/www.facebook.com\/profile.php?id=100044359842817","article_modified_time":"2025-10-17T20:20:26+00:00","og_image":[{"width":800,"height":1000,"url":"https:\/\/www.matts-guitar-shop.com\/wp-content\/uploads\/2024\/12\/orianthi-s-prs-custom-made-blood-splattered-36.jpg","type":"image\/jpeg"}],"twitter_card":"summary_large_image","schema":{"@context":"https:\/\/schema.org","@graph":[{"@type":"WebPage","@id":"https:\/\/www.matts-guitar-shop.com\/de\/produit\/orianthis-prs-custom-made-blood-splattered\/","url":"https:\/\/www.matts-guitar-shop.com\/de\/produit\/orianthis-prs-custom-made-blood-splattered\/","name":"Orianthi\u2019s PRS Custom Made \u00ab Blood splattered \u00bb - Matt&#039;s Guitar Shop","isPartOf":{"@id":"https:\/\/www.matts-guitar-shop.com\/de\/#website"},"primaryImageOfPage":{"@id":"https:\/\/www.matts-guitar-shop.com\/de\/produit\/orianthis-prs-custom-made-blood-splattered\/#primaryimage"},"image":{"@id":"https:\/\/www.matts-guitar-shop.com\/de\/produit\/orianthis-prs-custom-made-blood-splattered\/#primaryimage"},"thumbnailUrl":"https:\/\/www.matts-guitar-shop.com\/wp-content\/uploads\/2024\/12\/orianthi-s-prs-custom-made-blood-splattered-36.jpg","datePublished":"2024-12-16T23:29:38+00:00","dateModified":"2025-10-17T20:20:26+00:00","description":"Was k\u00f6nnte Alice Cooper besser repr\u00e4sentieren als eine mit Blut bespritzte Gitarre?","breadcrumb":{"@id":"https:\/\/www.matts-guitar-shop.com\/de\/produit\/orianthis-prs-custom-made-blood-splattered\/#breadcrumb"},"inLanguage":"de","potentialAction":[{"@type":"ReadAction","target":["https:\/\/www.matts-guitar-shop.com\/de\/produit\/orianthis-prs-custom-made-blood-splattered\/"]}]},{"@type":"ImageObject","inLanguage":"de","@id":"https:\/\/www.matts-guitar-shop.com\/de\/produit\/orianthis-prs-custom-made-blood-splattered\/#primaryimage","url":"https:\/\/www.matts-guitar-shop.com\/wp-content\/uploads\/2024\/12\/orianthi-s-prs-custom-made-blood-splattered-36.jpg","contentUrl":"https:\/\/www.matts-guitar-shop.com\/wp-content\/uploads\/2024\/12\/orianthi-s-prs-custom-made-blood-splattered-36.jpg","width":800,"height":1000},{"@type":"BreadcrumbList","@id":"https:\/\/www.matts-guitar-shop.com\/de\/produit\/orianthis-prs-custom-made-blood-splattered\/#breadcrumb","itemListElement":[{"@type":"ListItem","position":1,"name":"Startseite","item":"https:\/\/www.matts-guitar-shop.com\/de\/"},{"@type":"ListItem","position":2,"name":"Shop","item":"https:\/\/www.matts-guitar-shop.com\/de\/shop\/"},{"@type":"ListItem","position":3,"name":"Orianthi\u2019s PRS Custom Made \u00ab Blood splattered \u00bb"}]},{"@type":"WebSite","@id":"https:\/\/www.matts-guitar-shop.com\/de\/#website","url":"https:\/\/www.matts-guitar-shop.com\/de\/","name":"matts-guitar-shop.com","description":"Guitar Shop","publisher":{"@id":"https:\/\/www.matts-guitar-shop.com\/de\/#organization"},"potentialAction":[{"@type":"SearchAction","target":{"@type":"EntryPoint","urlTemplate":"https:\/\/www.matts-guitar-shop.com\/de\/?s={search_term_string}"},"query-input":{"@type":"PropertyValueSpecification","valueRequired":true,"valueName":"search_term_string"}}],"inLanguage":"de"},{"@type":"Organization","@id":"https:\/\/www.matts-guitar-shop.com\/de\/#organization","name":"matts-guitar-shop.com","url":"https:\/\/www.matts-guitar-shop.com\/de\/","logo":{"@type":"ImageObject","inLanguage":"de","@id":"https:\/\/www.matts-guitar-shop.com\/de\/#\/schema\/logo\/image\/","url":"https:\/\/www.matts-guitar-shop.com\/wp-content\/uploads\/2024\/09\/MGS-logo-site-02.png","contentUrl":"https:\/\/www.matts-guitar-shop.com\/wp-content\/uploads\/2024\/09\/MGS-logo-site-02.png","width":200,"height":122,"caption":"matts-guitar-shop.com"},"image":{"@id":"https:\/\/www.matts-guitar-shop.com\/de\/#\/schema\/logo\/image\/"},"sameAs":["https:\/\/www.facebook.com\/profile.php?id=100044359842817","https:\/\/www.instagram.com\/mattsguitarshop\/","https:\/\/www.youtube.com\/@MattLucasMan\/videos"]}]}},"_links":{"self":[{"href":"https:\/\/www.matts-guitar-shop.com\/de\/wp-json\/wp\/v2\/product\/19918","targetHints":{"allow":["GET"]}}],"collection":[{"href":"https:\/\/www.matts-guitar-shop.com\/de\/wp-json\/wp\/v2\/product"}],"about":[{"href":"https:\/\/www.matts-guitar-shop.com\/de\/wp-json\/wp\/v2\/types\/product"}],"replies":[{"embeddable":true,"href":"https:\/\/www.matts-guitar-shop.com\/de\/wp-json\/wp\/v2\/comments?post=19918"}],"wp:featuredmedia":[{"embeddable":true,"href":"https:\/\/www.matts-guitar-shop.com\/de\/wp-json\/wp\/v2\/media\/11596"}],"wp:attachment":[{"href":"https:\/\/www.matts-guitar-shop.com\/de\/wp-json\/wp\/v2\/media?parent=19918"}],"wp:term":[{"taxonomy":"product_brand","embeddable":true,"href":"https:\/\/www.matts-guitar-shop.com\/de\/wp-json\/wp\/v2\/product_brand?post=19918"},{"taxonomy":"product_cat","embeddable":true,"href":"https:\/\/www.matts-guitar-shop.com\/de\/wp-json\/wp\/v2\/product_cat?post=19918"},{"taxonomy":"product_tag","embeddable":true,"href":"https:\/\/www.matts-guitar-shop.com\/de\/wp-json\/wp\/v2\/product_tag?post=19918"}],"curies":[{"name":"wp","href":"https:\/\/api.w.org\/{rel}","templated":true}]}}