{"id":19915,"date":"2024-12-22T17:09:51","date_gmt":"2024-12-22T16:09:51","guid":{"rendered":"https:\/\/www.matts-guitar-shop.com\/produit\/evh-1979-bumblebee-tribute-relic-von-eddie-van-halen-signierte-limitierte-auflage\/"},"modified":"2026-02-05T18:01:01","modified_gmt":"2026-02-05T17:01:01","slug":"evh-1979-bumblebee-tribute-relic-von-eddie-van-halen-signierte-limitierte-auflage","status":"publish","type":"product","link":"https:\/\/www.matts-guitar-shop.com\/de\/produit\/evh-1979-bumblebee-tribute-relic-von-eddie-van-halen-signierte-limitierte-auflage\/","title":{"rendered":"EVH 1979 Bumblebee Tribute Relic \u2013 von Eddie Van Halen signierte limitierte Auflage"},"content":{"rendered":"<h2>Biografie von Van Halen<\/h2>\n<p>Ende der 1970er-Jahre schlug <strong>Van Halen<\/strong> wie eine Explosion in der weltweiten Rocklandschaft ein und verlieh dem Hard Rock eine neue, explosive und lebensfrohe Energie. Angetrieben vom revolution\u00e4ren Genie <strong>Eddie Van Halens<\/strong> definierte die Band die E-Gitarre neu und katapultierte den Rock in eine \u00c4ra voller Virtuosit\u00e4t, Spa\u00df und Freiheit.<\/p>\n<p><strong>Van Halen<\/strong> war nicht nur eine Hitmaschine, sondern ein Lebensgef\u00fchl: sonnige, exzessive und ausgelassene Musik, die sich deutlich von der Schwere mancher damaliger Str\u00f6mungen abhob. Songs wie <em>Eruption<\/em>, <em>Ain\u2019t Talkin\u2019 \u2019Bout Love<\/em>, <em>Panama<\/em> oder <em>Jump<\/em> wurden zu Klassikern \u2013 mit explosiven Riffs, mitrei\u00dfenden Refrains und unwiderstehlicher B\u00fchnenenergie.<\/p>\n<p>Im Zentrum der Band revolutionierte <strong>Eddie Van Halen<\/strong> den Umgang mit der Gitarre. Sein Spiel, sein bahnbrechendes Tapping und sein experimenteller Ansatz er\u00f6ffneten Generationen von Gitarristen v\u00f6llig neue Perspektiven. Seine ikonische Frankenstrat \u2013 selbstgebaut, modifiziert und einzigartig \u2013 verk\u00f6rpert diesen kreativen Geist: den eigenen Sound zu erschaffen, Grenzen zu verschieben und sich niemals mit dem Bestehenden zufriedenzugeben.<\/p>\n<p>Der Mythos <strong>Van Halen<\/strong> lebt weiter. Im Oktober 2025 wurde eine Kramer-Gitarre, die Anfang der 1980er-Jahre f\u00fcr Eddie gebaut und auf den Welttourneen der Band gespielt wurde, f\u00fcr 2.734.000 US-Dollar versteigert \u2013 eine der teuersten Gitarren, die je bei einer Sotheby\u2019s-Auktion verkauft wurden. Dieser Preis unterstreicht die ungebrochene Aura von <strong>Van Halen<\/strong> in der Rockkultur und bei Sammlern.<\/p>\n<p>Der Einfluss der Band reichte weit \u00fcber den Rock hinaus. Eddies legend\u00e4res Solo auf Michael Jacksons <em>Beat It<\/em> ist der beste Beweis daf\u00fcr: <strong>Van Halen<\/strong> verband Rock und Pop in einer der bedeutendsten Kollaborationen aller Zeiten.<\/p>\n<p>Eines ist sicher: <strong>Van Halen<\/strong> hat einen unausl\u00f6schlichen Eindruck in der Musikgeschichte hinterlassen. Die von Eddie angef\u00fchrte Band zeigte, dass Virtuosit\u00e4t gleichzeitig freudvoll, zug\u00e4nglich und universell sein kann \u2013 und dass Rock, wenn er mutig ist, mit allen musikalischen Welten kommunizieren kann.<\/p>\n","protected":false},"excerpt":{"rendered":"<p>Wenn Sie Fragen haben, steht Ihnen unser Team gerne zur Verf\u00fcgung.<\/p>\n","protected":false},"featured_media":10957,"comment_status":"open","ping_status":"closed","template":"","meta":{"_et_pb_use_builder":"","_et_pb_old_content":"","_et_gb_content_width":""},"product_brand":[],"product_cat":[672],"product_tag":[],"class_list":{"0":"post-19915","1":"product","2":"type-product","3":"status-publish","4":"has-post-thumbnail","6":"product_cat-verkaufte","7":"pa_artiste-eddie-van-halen-de","8":"pa_disponibilite-verkauft","9":"pa_marque-evh-de","11":"first","12":"outofstock","13":"shipping-taxable","14":"purchasable","15":"product-type-simple"},"yoast_head":"<!-- This site is optimized with the Yoast SEO plugin v26.8 - https:\/\/yoast.com\/product\/yoast-seo-wordpress\/ -->\n<title>Eddie Van Halen signierte Limitierte Auflage - Matt&#039;s Guitar Shop<\/title>\n<meta name=\"description\" content=\"EVH 1979 Bumblebee Tribute Relic, limitierte Auflage signiert von Eddie Van Halen. Eine seltene und exklusive Sammlergitarre, erh\u00e4ltlich bei Matt\u2019s Guitar Shop.\" \/>\n<meta name=\"robots\" content=\"index, follow, max-snippet:-1, max-image-preview:large, max-video-preview:-1\" \/>\n<link rel=\"canonical\" href=\"https:\/\/www.matts-guitar-shop.com\/de\/produit\/evh-1979-bumblebee-tribute-relic-von-eddie-van-halen-signierte-limitierte-auflage\/\" \/>\n<meta property=\"og:locale\" content=\"de_DE\" \/>\n<meta property=\"og:type\" content=\"article\" \/>\n<meta property=\"og:title\" content=\"Eddie Van Halen signierte Limitierte Auflage - Matt&#039;s Guitar Shop\" \/>\n<meta property=\"og:description\" content=\"EVH 1979 Bumblebee Tribute Relic, limitierte Auflage signiert von Eddie Van Halen. Eine seltene und exklusive Sammlergitarre, erh\u00e4ltlich bei Matt\u2019s Guitar Shop.\" \/>\n<meta property=\"og:url\" content=\"https:\/\/www.matts-guitar-shop.com\/de\/produit\/evh-1979-bumblebee-tribute-relic-von-eddie-van-halen-signierte-limitierte-auflage\/\" \/>\n<meta property=\"og:site_name\" content=\"Matt&#039;s Guitar Shop\" \/>\n<meta property=\"article:publisher\" content=\"https:\/\/www.facebook.com\/profile.php?id=100044359842817\" \/>\n<meta property=\"article:modified_time\" content=\"2026-02-05T17:01:01+00:00\" \/>\n<meta property=\"og:image\" content=\"https:\/\/www.matts-guitar-shop.com\/wp-content\/uploads\/2024\/12\/EVH-Masterbuilt-Bumblebee-Van-Halen-02.jpg\" \/>\n\t<meta property=\"og:image:width\" content=\"800\" \/>\n\t<meta property=\"og:image:height\" content=\"1200\" \/>\n\t<meta property=\"og:image:type\" content=\"image\/jpeg\" \/>\n<meta name=\"twitter:card\" content=\"summary_large_image\" \/>\n<meta name=\"twitter:label1\" content=\"Gesch\u00e4tzte Lesezeit\" \/>\n\t<meta name=\"twitter:data1\" content=\"2\u00a0Minuten\" \/>\n<script type=\"application\/ld+json\" class=\"yoast-schema-graph\">{\"@context\":\"https:\/\/schema.org\",\"@graph\":[{\"@type\":\"WebPage\",\"@id\":\"https:\/\/www.matts-guitar-shop.com\/de\/produit\/evh-1979-bumblebee-tribute-relic-von-eddie-van-halen-signierte-limitierte-auflage\/\",\"url\":\"https:\/\/www.matts-guitar-shop.com\/de\/produit\/evh-1979-bumblebee-tribute-relic-von-eddie-van-halen-signierte-limitierte-auflage\/\",\"name\":\"Eddie Van Halen signierte Limitierte Auflage - Matt&#039;s Guitar Shop\",\"isPartOf\":{\"@id\":\"https:\/\/www.matts-guitar-shop.com\/de\/#website\"},\"primaryImageOfPage\":{\"@id\":\"https:\/\/www.matts-guitar-shop.com\/de\/produit\/evh-1979-bumblebee-tribute-relic-von-eddie-van-halen-signierte-limitierte-auflage\/#primaryimage\"},\"image\":{\"@id\":\"https:\/\/www.matts-guitar-shop.com\/de\/produit\/evh-1979-bumblebee-tribute-relic-von-eddie-van-halen-signierte-limitierte-auflage\/#primaryimage\"},\"thumbnailUrl\":\"https:\/\/www.matts-guitar-shop.com\/wp-content\/uploads\/2024\/12\/EVH-Masterbuilt-Bumblebee-Van-Halen-02.jpg\",\"datePublished\":\"2024-12-22T16:09:51+00:00\",\"dateModified\":\"2026-02-05T17:01:01+00:00\",\"description\":\"EVH 1979 Bumblebee Tribute Relic, limitierte Auflage signiert von Eddie Van Halen. Eine seltene und exklusive Sammlergitarre, erh\u00e4ltlich bei Matt\u2019s Guitar Shop.\",\"breadcrumb\":{\"@id\":\"https:\/\/www.matts-guitar-shop.com\/de\/produit\/evh-1979-bumblebee-tribute-relic-von-eddie-van-halen-signierte-limitierte-auflage\/#breadcrumb\"},\"inLanguage\":\"de\",\"potentialAction\":[{\"@type\":\"ReadAction\",\"target\":[\"https:\/\/www.matts-guitar-shop.com\/de\/produit\/evh-1979-bumblebee-tribute-relic-von-eddie-van-halen-signierte-limitierte-auflage\/\"]}]},{\"@type\":\"ImageObject\",\"inLanguage\":\"de\",\"@id\":\"https:\/\/www.matts-guitar-shop.com\/de\/produit\/evh-1979-bumblebee-tribute-relic-von-eddie-van-halen-signierte-limitierte-auflage\/#primaryimage\",\"url\":\"https:\/\/www.matts-guitar-shop.com\/wp-content\/uploads\/2024\/12\/EVH-Masterbuilt-Bumblebee-Van-Halen-02.jpg\",\"contentUrl\":\"https:\/\/www.matts-guitar-shop.com\/wp-content\/uploads\/2024\/12\/EVH-Masterbuilt-Bumblebee-Van-Halen-02.jpg\",\"width\":800,\"height\":1200},{\"@type\":\"BreadcrumbList\",\"@id\":\"https:\/\/www.matts-guitar-shop.com\/de\/produit\/evh-1979-bumblebee-tribute-relic-von-eddie-van-halen-signierte-limitierte-auflage\/#breadcrumb\",\"itemListElement\":[{\"@type\":\"ListItem\",\"position\":1,\"name\":\"Startseite\",\"item\":\"https:\/\/www.matts-guitar-shop.com\/de\/\"},{\"@type\":\"ListItem\",\"position\":2,\"name\":\"Shop\",\"item\":\"https:\/\/www.matts-guitar-shop.com\/de\/shop\/\"},{\"@type\":\"ListItem\",\"position\":3,\"name\":\"EVH 1979 Bumblebee Tribute Relic \u2013 von Eddie Van Halen signierte limitierte Auflage\"}]},{\"@type\":\"WebSite\",\"@id\":\"https:\/\/www.matts-guitar-shop.com\/de\/#website\",\"url\":\"https:\/\/www.matts-guitar-shop.com\/de\/\",\"name\":\"matts-guitar-shop.com\",\"description\":\"Guitar Shop\",\"publisher\":{\"@id\":\"https:\/\/www.matts-guitar-shop.com\/de\/#organization\"},\"potentialAction\":[{\"@type\":\"SearchAction\",\"target\":{\"@type\":\"EntryPoint\",\"urlTemplate\":\"https:\/\/www.matts-guitar-shop.com\/de\/?s={search_term_string}\"},\"query-input\":{\"@type\":\"PropertyValueSpecification\",\"valueRequired\":true,\"valueName\":\"search_term_string\"}}],\"inLanguage\":\"de\"},{\"@type\":\"Organization\",\"@id\":\"https:\/\/www.matts-guitar-shop.com\/de\/#organization\",\"name\":\"matts-guitar-shop.com\",\"url\":\"https:\/\/www.matts-guitar-shop.com\/de\/\",\"logo\":{\"@type\":\"ImageObject\",\"inLanguage\":\"de\",\"@id\":\"https:\/\/www.matts-guitar-shop.com\/de\/#\/schema\/logo\/image\/\",\"url\":\"https:\/\/www.matts-guitar-shop.com\/wp-content\/uploads\/2024\/09\/MGS-logo-site-02.png\",\"contentUrl\":\"https:\/\/www.matts-guitar-shop.com\/wp-content\/uploads\/2024\/09\/MGS-logo-site-02.png\",\"width\":200,\"height\":122,\"caption\":\"matts-guitar-shop.com\"},\"image\":{\"@id\":\"https:\/\/www.matts-guitar-shop.com\/de\/#\/schema\/logo\/image\/\"},\"sameAs\":[\"https:\/\/www.facebook.com\/profile.php?id=100044359842817\",\"https:\/\/www.instagram.com\/mattsguitarshop\/\",\"https:\/\/www.youtube.com\/@MattLucasMan\/videos\"]}]}<\/script>\n<!-- \/ Yoast SEO plugin. -->","yoast_head_json":{"title":"Eddie Van Halen signierte Limitierte Auflage - Matt&#039;s Guitar Shop","description":"EVH 1979 Bumblebee Tribute Relic, limitierte Auflage signiert von Eddie Van Halen. Eine seltene und exklusive Sammlergitarre, erh\u00e4ltlich bei Matt\u2019s Guitar Shop.","robots":{"index":"index","follow":"follow","max-snippet":"max-snippet:-1","max-image-preview":"max-image-preview:large","max-video-preview":"max-video-preview:-1"},"canonical":"https:\/\/www.matts-guitar-shop.com\/de\/produit\/evh-1979-bumblebee-tribute-relic-von-eddie-van-halen-signierte-limitierte-auflage\/","og_locale":"de_DE","og_type":"article","og_title":"Eddie Van Halen signierte Limitierte Auflage - Matt&#039;s Guitar Shop","og_description":"EVH 1979 Bumblebee Tribute Relic, limitierte Auflage signiert von Eddie Van Halen. Eine seltene und exklusive Sammlergitarre, erh\u00e4ltlich bei Matt\u2019s Guitar Shop.","og_url":"https:\/\/www.matts-guitar-shop.com\/de\/produit\/evh-1979-bumblebee-tribute-relic-von-eddie-van-halen-signierte-limitierte-auflage\/","og_site_name":"Matt&#039;s Guitar Shop","article_publisher":"https:\/\/www.facebook.com\/profile.php?id=100044359842817","article_modified_time":"2026-02-05T17:01:01+00:00","og_image":[{"width":800,"height":1200,"url":"https:\/\/www.matts-guitar-shop.com\/wp-content\/uploads\/2024\/12\/EVH-Masterbuilt-Bumblebee-Van-Halen-02.jpg","type":"image\/jpeg"}],"twitter_card":"summary_large_image","twitter_misc":{"Gesch\u00e4tzte Lesezeit":"2\u00a0Minuten"},"schema":{"@context":"https:\/\/schema.org","@graph":[{"@type":"WebPage","@id":"https:\/\/www.matts-guitar-shop.com\/de\/produit\/evh-1979-bumblebee-tribute-relic-von-eddie-van-halen-signierte-limitierte-auflage\/","url":"https:\/\/www.matts-guitar-shop.com\/de\/produit\/evh-1979-bumblebee-tribute-relic-von-eddie-van-halen-signierte-limitierte-auflage\/","name":"Eddie Van Halen signierte Limitierte Auflage - Matt&#039;s Guitar Shop","isPartOf":{"@id":"https:\/\/www.matts-guitar-shop.com\/de\/#website"},"primaryImageOfPage":{"@id":"https:\/\/www.matts-guitar-shop.com\/de\/produit\/evh-1979-bumblebee-tribute-relic-von-eddie-van-halen-signierte-limitierte-auflage\/#primaryimage"},"image":{"@id":"https:\/\/www.matts-guitar-shop.com\/de\/produit\/evh-1979-bumblebee-tribute-relic-von-eddie-van-halen-signierte-limitierte-auflage\/#primaryimage"},"thumbnailUrl":"https:\/\/www.matts-guitar-shop.com\/wp-content\/uploads\/2024\/12\/EVH-Masterbuilt-Bumblebee-Van-Halen-02.jpg","datePublished":"2024-12-22T16:09:51+00:00","dateModified":"2026-02-05T17:01:01+00:00","description":"EVH 1979 Bumblebee Tribute Relic, limitierte Auflage signiert von Eddie Van Halen. Eine seltene und exklusive Sammlergitarre, erh\u00e4ltlich bei Matt\u2019s Guitar Shop.","breadcrumb":{"@id":"https:\/\/www.matts-guitar-shop.com\/de\/produit\/evh-1979-bumblebee-tribute-relic-von-eddie-van-halen-signierte-limitierte-auflage\/#breadcrumb"},"inLanguage":"de","potentialAction":[{"@type":"ReadAction","target":["https:\/\/www.matts-guitar-shop.com\/de\/produit\/evh-1979-bumblebee-tribute-relic-von-eddie-van-halen-signierte-limitierte-auflage\/"]}]},{"@type":"ImageObject","inLanguage":"de","@id":"https:\/\/www.matts-guitar-shop.com\/de\/produit\/evh-1979-bumblebee-tribute-relic-von-eddie-van-halen-signierte-limitierte-auflage\/#primaryimage","url":"https:\/\/www.matts-guitar-shop.com\/wp-content\/uploads\/2024\/12\/EVH-Masterbuilt-Bumblebee-Van-Halen-02.jpg","contentUrl":"https:\/\/www.matts-guitar-shop.com\/wp-content\/uploads\/2024\/12\/EVH-Masterbuilt-Bumblebee-Van-Halen-02.jpg","width":800,"height":1200},{"@type":"BreadcrumbList","@id":"https:\/\/www.matts-guitar-shop.com\/de\/produit\/evh-1979-bumblebee-tribute-relic-von-eddie-van-halen-signierte-limitierte-auflage\/#breadcrumb","itemListElement":[{"@type":"ListItem","position":1,"name":"Startseite","item":"https:\/\/www.matts-guitar-shop.com\/de\/"},{"@type":"ListItem","position":2,"name":"Shop","item":"https:\/\/www.matts-guitar-shop.com\/de\/shop\/"},{"@type":"ListItem","position":3,"name":"EVH 1979 Bumblebee Tribute Relic \u2013 von Eddie Van Halen signierte limitierte Auflage"}]},{"@type":"WebSite","@id":"https:\/\/www.matts-guitar-shop.com\/de\/#website","url":"https:\/\/www.matts-guitar-shop.com\/de\/","name":"matts-guitar-shop.com","description":"Guitar Shop","publisher":{"@id":"https:\/\/www.matts-guitar-shop.com\/de\/#organization"},"potentialAction":[{"@type":"SearchAction","target":{"@type":"EntryPoint","urlTemplate":"https:\/\/www.matts-guitar-shop.com\/de\/?s={search_term_string}"},"query-input":{"@type":"PropertyValueSpecification","valueRequired":true,"valueName":"search_term_string"}}],"inLanguage":"de"},{"@type":"Organization","@id":"https:\/\/www.matts-guitar-shop.com\/de\/#organization","name":"matts-guitar-shop.com","url":"https:\/\/www.matts-guitar-shop.com\/de\/","logo":{"@type":"ImageObject","inLanguage":"de","@id":"https:\/\/www.matts-guitar-shop.com\/de\/#\/schema\/logo\/image\/","url":"https:\/\/www.matts-guitar-shop.com\/wp-content\/uploads\/2024\/09\/MGS-logo-site-02.png","contentUrl":"https:\/\/www.matts-guitar-shop.com\/wp-content\/uploads\/2024\/09\/MGS-logo-site-02.png","width":200,"height":122,"caption":"matts-guitar-shop.com"},"image":{"@id":"https:\/\/www.matts-guitar-shop.com\/de\/#\/schema\/logo\/image\/"},"sameAs":["https:\/\/www.facebook.com\/profile.php?id=100044359842817","https:\/\/www.instagram.com\/mattsguitarshop\/","https:\/\/www.youtube.com\/@MattLucasMan\/videos"]}]}},"_links":{"self":[{"href":"https:\/\/www.matts-guitar-shop.com\/de\/wp-json\/wp\/v2\/product\/19915","targetHints":{"allow":["GET"]}}],"collection":[{"href":"https:\/\/www.matts-guitar-shop.com\/de\/wp-json\/wp\/v2\/product"}],"about":[{"href":"https:\/\/www.matts-guitar-shop.com\/de\/wp-json\/wp\/v2\/types\/product"}],"replies":[{"embeddable":true,"href":"https:\/\/www.matts-guitar-shop.com\/de\/wp-json\/wp\/v2\/comments?post=19915"}],"wp:featuredmedia":[{"embeddable":true,"href":"https:\/\/www.matts-guitar-shop.com\/de\/wp-json\/wp\/v2\/media\/10957"}],"wp:attachment":[{"href":"https:\/\/www.matts-guitar-shop.com\/de\/wp-json\/wp\/v2\/media?parent=19915"}],"wp:term":[{"taxonomy":"product_brand","embeddable":true,"href":"https:\/\/www.matts-guitar-shop.com\/de\/wp-json\/wp\/v2\/product_brand?post=19915"},{"taxonomy":"product_cat","embeddable":true,"href":"https:\/\/www.matts-guitar-shop.com\/de\/wp-json\/wp\/v2\/product_cat?post=19915"},{"taxonomy":"product_tag","embeddable":true,"href":"https:\/\/www.matts-guitar-shop.com\/de\/wp-json\/wp\/v2\/product_tag?post=19915"}],"curies":[{"name":"wp","href":"https:\/\/api.w.org\/{rel}","templated":true}]}}