{"id":19907,"date":"2024-12-18T21:46:39","date_gmt":"2024-12-18T20:46:39","guid":{"rendered":"https:\/\/www.matts-guitar-shop.com\/produit\/gretsch-white-falcon-reissue-2017-ehemals-j-j-julius-son-kaleo\/"},"modified":"2025-11-22T17:59:02","modified_gmt":"2025-11-22T16:59:02","slug":"gretsch-white-falcon-reissue-2017-ehemals-j-j-julius-son-kaleo","status":"publish","type":"product","link":"https:\/\/www.matts-guitar-shop.com\/de\/produit\/gretsch-white-falcon-reissue-2017-ehemals-j-j-julius-son-kaleo\/","title":{"rendered":"Gretsch White Falcon Reissue 2017 ehemals J.J. Julius Son (Kaleo)"},"content":{"rendered":"<p><strong>JJ Julius Son und Kaleo<\/strong><\/p>\n<p>Mitte der 2010er-Jahre, als der Rock zwischen intimem Folk und glatt produzierten Sounds nach neuem Atem suchte, brach eine Band aus Island mit ungew\u00f6hnlicher Intensit\u00e4t hervor: <strong>Kaleo<\/strong>. Getragen von der vulkanischen Stimme von <strong>JJ Julius Son<\/strong> etablierte sich das Quartett als eine der markantesten Neuerungen eines wilden, bluesgetr\u00e4nkten Rock\u2014gen\u00e4hrt sowohl von den grandiosen Landschaften ihrer Heimatinsel als auch von den amerikanischen Traditionen, auf die sie sich stolz berufen.<\/p>\n<p>JJ Julius Son hat nie auf Effekthascherei gesetzt. Sein Merkmal, als echter Geschichtenerz\u00e4hler des Nordens, ist eine Stimme, die br\u00fcllt, fl\u00fcstert, knirscht und streichelt\u2014manchmal in ein und demselben Satz. Eine Stimme, die sowohl W\u00fcstensand als auch die Einsamkeit eisiger Fjorde heraufbeschw\u00f6ren kann. Mit Kaleo erschuf er einen Klang, der unter Tausenden erkennbar ist: akustisch und organisch, aber durchzogen von elektrischen Blitzen. Songs wie <em>Way Down We Go<\/em>, <em>Broken Bones<\/em> oder <em>All the Pretty Girls<\/em> wurden zu ihren Wahrzeichen, gepr\u00e4gt von rohem Songwriting und Arrangements, die nach Holz, Wind und offenen Stra\u00dfen klingen.<\/p>\n<p>Die Band tourte unerm\u00fcdlich um die Welt, wechselte dabei zwischen nahezu stillen, introspektiven Momenten und explosiven Blues-Rock-Ausbr\u00fcchen von fast wilder Energie. JJ Julius Son f\u00fchrt das Ganze mit ruhiger Pr\u00e4zision an und bleibt stets seiner reduzierten \u00c4sthetik treu, die Emotion \u00fcber Virtuosit\u00e4t stellt. Keine endlosen Soli, keine unn\u00f6tige Komplexit\u00e4t\u2014nur solide Kompositionen, wirkungsvolle Riffs und eine Sensibilit\u00e4t, die direkt ins Herz trifft.<\/p>\n<p>Unerm\u00fcdlich und perfektionistisch hat JJ Julius Son Kaleo geformt wie ein Handwerker ein St\u00fcck Rohmaterial: geduldig, instinktiv und mit tiefem Respekt vor der Musik. Zwischen Island und Nashville, seiner Wahlheimat, hat dieser einsame Cowboy sein Gleichgewicht gefunden\u2014indem er die amerikanischen Wurzeln des Blues mit der lichten Strenge seines Heimatlandes verbindet. Immer bereit zu erkunden, ohne die Essenz der Band zu verraten, komponiert, produziert und formt er Kl\u00e4nge mit beinahe manischer Pr\u00e4zision.<\/p>\n<p>Eines ist sicher: Kaleo und JJ Julius Son verk\u00f6rpern einen ehrlichen, kraftvollen, unverf\u00e4lschten Rock\u2014eine Br\u00fccke zwischen Tradition und Moderne in einer Zeit, die von anderen, digitaleren Genres dominiert wird. Mit seinen beseelten Melodien und einer Stimme wie aus einer anderen Welt bleibt JJ der Wegweiser einer Band, die dem Rock seine zutiefst menschliche Dimension zur\u00fcckgegeben hat. Ein zur\u00fcckhaltender, aber entschlossener Anf\u00fchrer, der Blick auf den Horizont gerichtet, die Gitarre stets bereit, eine neue Geschichte entlang der Stra\u00dfen zu erz\u00e4hlen\u2014wie damals die Cowboys auf ihrem Weg gen Westen.<\/p>\n","protected":false},"excerpt":{"rendered":"<p>Haben Sie Fragen zu dieser Gitarre? Kontaktieren Sie uns!<br \/> Gretsch White Falcon Reissue 2017 ehemals J.J. Julius Son (Kaleo)<\/p>\n","protected":false},"featured_media":10487,"comment_status":"open","ping_status":"closed","template":"","meta":{"_et_pb_use_builder":"","_et_pb_old_content":"","_et_gb_content_width":""},"product_brand":[],"product_cat":[672],"product_tag":[],"class_list":{"0":"post-19907","1":"product","2":"type-product","3":"status-publish","4":"has-post-thumbnail","6":"product_cat-verkaufte","7":"pa_artiste-j-j-julius-son-de","8":"pa_artiste-kaleo-de","9":"pa_disponibilite-verkauft","10":"pa_marque-gretsch-de","12":"first","13":"outofstock","14":"shipping-taxable","15":"purchasable","16":"product-type-simple"},"yoast_head":"<!-- This site is optimized with the Yoast SEO plugin v26.8 - https:\/\/yoast.com\/product\/yoast-seo-wordpress\/ -->\n<title>Gretsch White Falcon Reissue 2017 ehemals J.J. Julius Son (Kaleo) - Matt&#039;s Guitar Shop<\/title>\n<meta name=\"description\" content=\"Gretsch White Falcon Reissue 2017, ex-J.J. Julius Son (Kaleo). Eine prestigetr\u00e4chtige und seltene Gitarre, Sammlerst\u00fcck erh\u00e4ltlich bei Matts Guitar Shop.\" \/>\n<meta name=\"robots\" content=\"index, follow, max-snippet:-1, max-image-preview:large, max-video-preview:-1\" \/>\n<link rel=\"canonical\" href=\"https:\/\/www.matts-guitar-shop.com\/de\/produit\/gretsch-white-falcon-reissue-2017-ehemals-j-j-julius-son-kaleo\/\" \/>\n<meta property=\"og:locale\" content=\"de_DE\" \/>\n<meta property=\"og:type\" content=\"article\" \/>\n<meta property=\"og:title\" content=\"Gretsch White Falcon Reissue 2017 ehemals J.J. Julius Son (Kaleo) - Matt&#039;s Guitar Shop\" \/>\n<meta property=\"og:description\" content=\"Gretsch White Falcon Reissue 2017, ex-J.J. Julius Son (Kaleo). Eine prestigetr\u00e4chtige und seltene Gitarre, Sammlerst\u00fcck erh\u00e4ltlich bei Matts Guitar Shop.\" \/>\n<meta property=\"og:url\" content=\"https:\/\/www.matts-guitar-shop.com\/de\/produit\/gretsch-white-falcon-reissue-2017-ehemals-j-j-julius-son-kaleo\/\" \/>\n<meta property=\"og:site_name\" content=\"Matt&#039;s Guitar Shop\" \/>\n<meta property=\"article:publisher\" content=\"https:\/\/www.facebook.com\/profile.php?id=100044359842817\" \/>\n<meta property=\"article:modified_time\" content=\"2025-11-22T16:59:02+00:00\" \/>\n<meta property=\"og:image\" content=\"https:\/\/www.matts-guitar-shop.com\/wp-content\/uploads\/2024\/12\/gretsch-white-falcon-reissue-2017-ex-kaleo-01.jpg\" \/>\n\t<meta property=\"og:image:width\" content=\"800\" \/>\n\t<meta property=\"og:image:height\" content=\"1200\" \/>\n\t<meta property=\"og:image:type\" content=\"image\/jpeg\" \/>\n<meta name=\"twitter:card\" content=\"summary_large_image\" \/>\n<meta name=\"twitter:label1\" content=\"Gesch\u00e4tzte Lesezeit\" \/>\n\t<meta name=\"twitter:data1\" content=\"2\u00a0Minuten\" \/>\n<script type=\"application\/ld+json\" class=\"yoast-schema-graph\">{\"@context\":\"https:\/\/schema.org\",\"@graph\":[{\"@type\":\"WebPage\",\"@id\":\"https:\/\/www.matts-guitar-shop.com\/de\/produit\/gretsch-white-falcon-reissue-2017-ehemals-j-j-julius-son-kaleo\/\",\"url\":\"https:\/\/www.matts-guitar-shop.com\/de\/produit\/gretsch-white-falcon-reissue-2017-ehemals-j-j-julius-son-kaleo\/\",\"name\":\"Gretsch White Falcon Reissue 2017 ehemals J.J. Julius Son (Kaleo) - Matt&#039;s Guitar Shop\",\"isPartOf\":{\"@id\":\"https:\/\/www.matts-guitar-shop.com\/de\/#website\"},\"primaryImageOfPage\":{\"@id\":\"https:\/\/www.matts-guitar-shop.com\/de\/produit\/gretsch-white-falcon-reissue-2017-ehemals-j-j-julius-son-kaleo\/#primaryimage\"},\"image\":{\"@id\":\"https:\/\/www.matts-guitar-shop.com\/de\/produit\/gretsch-white-falcon-reissue-2017-ehemals-j-j-julius-son-kaleo\/#primaryimage\"},\"thumbnailUrl\":\"https:\/\/www.matts-guitar-shop.com\/wp-content\/uploads\/2024\/12\/gretsch-white-falcon-reissue-2017-ex-kaleo-01.jpg\",\"datePublished\":\"2024-12-18T20:46:39+00:00\",\"dateModified\":\"2025-11-22T16:59:02+00:00\",\"description\":\"Gretsch White Falcon Reissue 2017, ex-J.J. Julius Son (Kaleo). Eine prestigetr\u00e4chtige und seltene Gitarre, Sammlerst\u00fcck erh\u00e4ltlich bei Matts Guitar Shop.\",\"breadcrumb\":{\"@id\":\"https:\/\/www.matts-guitar-shop.com\/de\/produit\/gretsch-white-falcon-reissue-2017-ehemals-j-j-julius-son-kaleo\/#breadcrumb\"},\"inLanguage\":\"de\",\"potentialAction\":[{\"@type\":\"ReadAction\",\"target\":[\"https:\/\/www.matts-guitar-shop.com\/de\/produit\/gretsch-white-falcon-reissue-2017-ehemals-j-j-julius-son-kaleo\/\"]}]},{\"@type\":\"ImageObject\",\"inLanguage\":\"de\",\"@id\":\"https:\/\/www.matts-guitar-shop.com\/de\/produit\/gretsch-white-falcon-reissue-2017-ehemals-j-j-julius-son-kaleo\/#primaryimage\",\"url\":\"https:\/\/www.matts-guitar-shop.com\/wp-content\/uploads\/2024\/12\/gretsch-white-falcon-reissue-2017-ex-kaleo-01.jpg\",\"contentUrl\":\"https:\/\/www.matts-guitar-shop.com\/wp-content\/uploads\/2024\/12\/gretsch-white-falcon-reissue-2017-ex-kaleo-01.jpg\",\"width\":800,\"height\":1200},{\"@type\":\"BreadcrumbList\",\"@id\":\"https:\/\/www.matts-guitar-shop.com\/de\/produit\/gretsch-white-falcon-reissue-2017-ehemals-j-j-julius-son-kaleo\/#breadcrumb\",\"itemListElement\":[{\"@type\":\"ListItem\",\"position\":1,\"name\":\"Startseite\",\"item\":\"https:\/\/www.matts-guitar-shop.com\/de\/\"},{\"@type\":\"ListItem\",\"position\":2,\"name\":\"Shop\",\"item\":\"https:\/\/www.matts-guitar-shop.com\/de\/shop\/\"},{\"@type\":\"ListItem\",\"position\":3,\"name\":\"Gretsch White Falcon Reissue 2017 ehemals J.J. Julius Son (Kaleo)\"}]},{\"@type\":\"WebSite\",\"@id\":\"https:\/\/www.matts-guitar-shop.com\/de\/#website\",\"url\":\"https:\/\/www.matts-guitar-shop.com\/de\/\",\"name\":\"matts-guitar-shop.com\",\"description\":\"Guitar Shop\",\"publisher\":{\"@id\":\"https:\/\/www.matts-guitar-shop.com\/de\/#organization\"},\"potentialAction\":[{\"@type\":\"SearchAction\",\"target\":{\"@type\":\"EntryPoint\",\"urlTemplate\":\"https:\/\/www.matts-guitar-shop.com\/de\/?s={search_term_string}\"},\"query-input\":{\"@type\":\"PropertyValueSpecification\",\"valueRequired\":true,\"valueName\":\"search_term_string\"}}],\"inLanguage\":\"de\"},{\"@type\":\"Organization\",\"@id\":\"https:\/\/www.matts-guitar-shop.com\/de\/#organization\",\"name\":\"matts-guitar-shop.com\",\"url\":\"https:\/\/www.matts-guitar-shop.com\/de\/\",\"logo\":{\"@type\":\"ImageObject\",\"inLanguage\":\"de\",\"@id\":\"https:\/\/www.matts-guitar-shop.com\/de\/#\/schema\/logo\/image\/\",\"url\":\"https:\/\/www.matts-guitar-shop.com\/wp-content\/uploads\/2024\/09\/MGS-logo-site-02.png\",\"contentUrl\":\"https:\/\/www.matts-guitar-shop.com\/wp-content\/uploads\/2024\/09\/MGS-logo-site-02.png\",\"width\":200,\"height\":122,\"caption\":\"matts-guitar-shop.com\"},\"image\":{\"@id\":\"https:\/\/www.matts-guitar-shop.com\/de\/#\/schema\/logo\/image\/\"},\"sameAs\":[\"https:\/\/www.facebook.com\/profile.php?id=100044359842817\",\"https:\/\/www.instagram.com\/mattsguitarshop\/\",\"https:\/\/www.youtube.com\/@MattLucasMan\/videos\"]}]}<\/script>\n<!-- \/ Yoast SEO plugin. -->","yoast_head_json":{"title":"Gretsch White Falcon Reissue 2017 ehemals J.J. Julius Son (Kaleo) - Matt&#039;s Guitar Shop","description":"Gretsch White Falcon Reissue 2017, ex-J.J. Julius Son (Kaleo). Eine prestigetr\u00e4chtige und seltene Gitarre, Sammlerst\u00fcck erh\u00e4ltlich bei Matts Guitar Shop.","robots":{"index":"index","follow":"follow","max-snippet":"max-snippet:-1","max-image-preview":"max-image-preview:large","max-video-preview":"max-video-preview:-1"},"canonical":"https:\/\/www.matts-guitar-shop.com\/de\/produit\/gretsch-white-falcon-reissue-2017-ehemals-j-j-julius-son-kaleo\/","og_locale":"de_DE","og_type":"article","og_title":"Gretsch White Falcon Reissue 2017 ehemals J.J. Julius Son (Kaleo) - Matt&#039;s Guitar Shop","og_description":"Gretsch White Falcon Reissue 2017, ex-J.J. Julius Son (Kaleo). Eine prestigetr\u00e4chtige und seltene Gitarre, Sammlerst\u00fcck erh\u00e4ltlich bei Matts Guitar Shop.","og_url":"https:\/\/www.matts-guitar-shop.com\/de\/produit\/gretsch-white-falcon-reissue-2017-ehemals-j-j-julius-son-kaleo\/","og_site_name":"Matt&#039;s Guitar Shop","article_publisher":"https:\/\/www.facebook.com\/profile.php?id=100044359842817","article_modified_time":"2025-11-22T16:59:02+00:00","og_image":[{"width":800,"height":1200,"url":"https:\/\/www.matts-guitar-shop.com\/wp-content\/uploads\/2024\/12\/gretsch-white-falcon-reissue-2017-ex-kaleo-01.jpg","type":"image\/jpeg"}],"twitter_card":"summary_large_image","twitter_misc":{"Gesch\u00e4tzte Lesezeit":"2\u00a0Minuten"},"schema":{"@context":"https:\/\/schema.org","@graph":[{"@type":"WebPage","@id":"https:\/\/www.matts-guitar-shop.com\/de\/produit\/gretsch-white-falcon-reissue-2017-ehemals-j-j-julius-son-kaleo\/","url":"https:\/\/www.matts-guitar-shop.com\/de\/produit\/gretsch-white-falcon-reissue-2017-ehemals-j-j-julius-son-kaleo\/","name":"Gretsch White Falcon Reissue 2017 ehemals J.J. Julius Son (Kaleo) - Matt&#039;s Guitar Shop","isPartOf":{"@id":"https:\/\/www.matts-guitar-shop.com\/de\/#website"},"primaryImageOfPage":{"@id":"https:\/\/www.matts-guitar-shop.com\/de\/produit\/gretsch-white-falcon-reissue-2017-ehemals-j-j-julius-son-kaleo\/#primaryimage"},"image":{"@id":"https:\/\/www.matts-guitar-shop.com\/de\/produit\/gretsch-white-falcon-reissue-2017-ehemals-j-j-julius-son-kaleo\/#primaryimage"},"thumbnailUrl":"https:\/\/www.matts-guitar-shop.com\/wp-content\/uploads\/2024\/12\/gretsch-white-falcon-reissue-2017-ex-kaleo-01.jpg","datePublished":"2024-12-18T20:46:39+00:00","dateModified":"2025-11-22T16:59:02+00:00","description":"Gretsch White Falcon Reissue 2017, ex-J.J. Julius Son (Kaleo). Eine prestigetr\u00e4chtige und seltene Gitarre, Sammlerst\u00fcck erh\u00e4ltlich bei Matts Guitar Shop.","breadcrumb":{"@id":"https:\/\/www.matts-guitar-shop.com\/de\/produit\/gretsch-white-falcon-reissue-2017-ehemals-j-j-julius-son-kaleo\/#breadcrumb"},"inLanguage":"de","potentialAction":[{"@type":"ReadAction","target":["https:\/\/www.matts-guitar-shop.com\/de\/produit\/gretsch-white-falcon-reissue-2017-ehemals-j-j-julius-son-kaleo\/"]}]},{"@type":"ImageObject","inLanguage":"de","@id":"https:\/\/www.matts-guitar-shop.com\/de\/produit\/gretsch-white-falcon-reissue-2017-ehemals-j-j-julius-son-kaleo\/#primaryimage","url":"https:\/\/www.matts-guitar-shop.com\/wp-content\/uploads\/2024\/12\/gretsch-white-falcon-reissue-2017-ex-kaleo-01.jpg","contentUrl":"https:\/\/www.matts-guitar-shop.com\/wp-content\/uploads\/2024\/12\/gretsch-white-falcon-reissue-2017-ex-kaleo-01.jpg","width":800,"height":1200},{"@type":"BreadcrumbList","@id":"https:\/\/www.matts-guitar-shop.com\/de\/produit\/gretsch-white-falcon-reissue-2017-ehemals-j-j-julius-son-kaleo\/#breadcrumb","itemListElement":[{"@type":"ListItem","position":1,"name":"Startseite","item":"https:\/\/www.matts-guitar-shop.com\/de\/"},{"@type":"ListItem","position":2,"name":"Shop","item":"https:\/\/www.matts-guitar-shop.com\/de\/shop\/"},{"@type":"ListItem","position":3,"name":"Gretsch White Falcon Reissue 2017 ehemals J.J. Julius Son (Kaleo)"}]},{"@type":"WebSite","@id":"https:\/\/www.matts-guitar-shop.com\/de\/#website","url":"https:\/\/www.matts-guitar-shop.com\/de\/","name":"matts-guitar-shop.com","description":"Guitar Shop","publisher":{"@id":"https:\/\/www.matts-guitar-shop.com\/de\/#organization"},"potentialAction":[{"@type":"SearchAction","target":{"@type":"EntryPoint","urlTemplate":"https:\/\/www.matts-guitar-shop.com\/de\/?s={search_term_string}"},"query-input":{"@type":"PropertyValueSpecification","valueRequired":true,"valueName":"search_term_string"}}],"inLanguage":"de"},{"@type":"Organization","@id":"https:\/\/www.matts-guitar-shop.com\/de\/#organization","name":"matts-guitar-shop.com","url":"https:\/\/www.matts-guitar-shop.com\/de\/","logo":{"@type":"ImageObject","inLanguage":"de","@id":"https:\/\/www.matts-guitar-shop.com\/de\/#\/schema\/logo\/image\/","url":"https:\/\/www.matts-guitar-shop.com\/wp-content\/uploads\/2024\/09\/MGS-logo-site-02.png","contentUrl":"https:\/\/www.matts-guitar-shop.com\/wp-content\/uploads\/2024\/09\/MGS-logo-site-02.png","width":200,"height":122,"caption":"matts-guitar-shop.com"},"image":{"@id":"https:\/\/www.matts-guitar-shop.com\/de\/#\/schema\/logo\/image\/"},"sameAs":["https:\/\/www.facebook.com\/profile.php?id=100044359842817","https:\/\/www.instagram.com\/mattsguitarshop\/","https:\/\/www.youtube.com\/@MattLucasMan\/videos"]}]}},"_links":{"self":[{"href":"https:\/\/www.matts-guitar-shop.com\/de\/wp-json\/wp\/v2\/product\/19907","targetHints":{"allow":["GET"]}}],"collection":[{"href":"https:\/\/www.matts-guitar-shop.com\/de\/wp-json\/wp\/v2\/product"}],"about":[{"href":"https:\/\/www.matts-guitar-shop.com\/de\/wp-json\/wp\/v2\/types\/product"}],"replies":[{"embeddable":true,"href":"https:\/\/www.matts-guitar-shop.com\/de\/wp-json\/wp\/v2\/comments?post=19907"}],"wp:featuredmedia":[{"embeddable":true,"href":"https:\/\/www.matts-guitar-shop.com\/de\/wp-json\/wp\/v2\/media\/10487"}],"wp:attachment":[{"href":"https:\/\/www.matts-guitar-shop.com\/de\/wp-json\/wp\/v2\/media?parent=19907"}],"wp:term":[{"taxonomy":"product_brand","embeddable":true,"href":"https:\/\/www.matts-guitar-shop.com\/de\/wp-json\/wp\/v2\/product_brand?post=19907"},{"taxonomy":"product_cat","embeddable":true,"href":"https:\/\/www.matts-guitar-shop.com\/de\/wp-json\/wp\/v2\/product_cat?post=19907"},{"taxonomy":"product_tag","embeddable":true,"href":"https:\/\/www.matts-guitar-shop.com\/de\/wp-json\/wp\/v2\/product_tag?post=19907"}],"curies":[{"name":"wp","href":"https:\/\/api.w.org\/{rel}","templated":true}]}}