{"id":19906,"date":"2024-12-18T21:17:55","date_gmt":"2024-12-18T20:17:55","guid":{"rendered":"https:\/\/www.matts-guitar-shop.com\/produit\/gibson-les-paul-snakepit-signiert-von-slash\/"},"modified":"2025-10-17T21:26:38","modified_gmt":"2025-10-17T19:26:38","slug":"gibson-les-paul-snakepit-signiert-von-slash","status":"publish","type":"product","link":"https:\/\/www.matts-guitar-shop.com\/de\/produit\/gibson-les-paul-snakepit-signiert-von-slash\/","title":{"rendered":"Gibson Les Paul Snakepit signiert von Slash"},"content":{"rendered":"<p>Slash<br \/> (1965)<\/p>\n<p>Gruppe: Guns N\u2019 Roses<br \/> Hauptgitarre: Gibson Les Paul Standard 1959 Kris Derrig<br \/> Unbedingt anh\u00f6ren: Welcome To The Jungle<\/p>\n<p>Ohne Slash w\u00e4re die Les Paul wahrscheinlich nur noch ein Relikt der Vergangenheit, das nur eingefleischte Clapton-Fans interessieren w\u00fcrde. Doch allein mit der Kraft seiner legend\u00e4ren Riffs und seines feuchten, verf\u00fchrerischen Sounds hat dieser ultimative Guitar Hero die Sunburst wieder ins Rampenlicht ger\u00fcckt und sie zu seinem Markenzeichen gemacht \u2013 genauso wie seinen Zylinder und seine langen Locken.<\/p>\n<p>Saul Hudson (sein b\u00fcrgerlicher Name) war ein echtes Kind der 80er und ging sogar zum Vorspielen bei den Glam-Rock-K\u00f6nigen Poison. Doch mit seinem Einstieg bei Hollywood Rose, der Band, die sp\u00e4ter zu Guns N\u2019 Roses werden sollte, vollzog er eine radikale Metamorphose. Zusammen mit S\u00e4nger Axl Rose inszenierte er sich als Bad Boy, junky Dandy und post-glam Rocker und hauchte dem gef\u00e4hrlichen Duo aus S\u00e4nger und Leadgitarrist \u2013 nach dem Vorbild von Steven Tyler und Joe Perry \u2013 neues Leben ein. Mit Rhythmusgitarrist Izzy Stradlin baute Slash eine Gitarrenwand, die zum Soundtrack des sp\u00e4ten 80er-Jahre-Rocks wurde. Das monumentale Album *Appetite For Destruction* (1987) steckt voller unvergesslicher Riffs \u2013 von *Welcome To The Jungle* \u00fcber *Nightrain* bis *Mr Brownstone* und vielen mehr. Das Nachfolgealbum *Use Your Illusion* (1991) festigte den Status der Band als globale Supermacht, die sich f\u00fcr zwei Jahre auf ununterbrochene Welttournee begab. Slash stand auf dem H\u00f6hepunkt seiner Karriere \u2013 und jeder Teenager wollte eine Les Paul, um das Intro von *Sweet Child O\u2019 Mine* zu lernen.<\/p>\n<p>M\u00fcde von den internen Spannungen verlie\u00df Slash schlie\u00dflich 1996 die Band, um sich seinem Soloprojekt, dem blueslastigen *Slash\u2019s Snakepit*, zu widmen. Dar\u00fcber hinaus wurde er auf unz\u00e4hlige Alben anderer K\u00fcnstler eingeladen \u2013 von Michael Jackson \u00fcber Bob Dylan bis zu Lenny Kravitz. 2002 gr\u00fcndete er zusammen mit den Ex-Guns Duff McKagan und Matt Sorum die Band Velvet Revolver. Doch die \u201eS\u00e4ngermal\u00e9diction\u201c verfolgte ihn auch dort, und 2008 musste er Scott Weiland wegen seiner massiven Drogenprobleme feuern. 2010 tat der Lockenkopf schlie\u00dflich das, was alle von ihm erwartet hatten: Er ver\u00f6ffentlichte ein Album unter seinem eigenen Namen, ein echtes Soloalbum, auf dem all seine S\u00e4ngerfreunde zu Gast waren. Myles Kennedy stach dabei hervor und wurde der feste S\u00e4nger f\u00fcr die folgenden Soloplatten.<\/p>\n<p>2016 schlie\u00dflich kehrte Slash zu Guns N\u2019 Roses zur\u00fcck \u2013 f\u00fcr eine legend\u00e4re, restlos ausverkaufte Tour. Die Band spielte, als ginge es um ihr Leben, die Shows waren lang und elektrisierend, und Slash erreichte endg\u00fcltig den Status einer lebenden Legende. Seine Les Paul Signature-Modelle verkaufen sich seither besser denn je.<\/p>\n","protected":false},"excerpt":{"rendered":"<p>In der Reihe au\u00dfergew\u00f6hnlicher Projekte des Gibson Custom Shops nimmt die ber\u00fchmte <b>Snakepit<\/b> einen ganz besonderen Platz ein. Von den einen gehasst, von den anderen geliebt, ist diese knallrote <b>Les Paul<\/b> ein eigenst\u00e4ndiges Kunstprojekt und sicherlich die sch\u00f6nste Gitarre, die rund um <b>Slash<\/b> entstanden ist. Entdecken Sie dieses au\u00dfergew\u00f6hnliche Exemplar, signiert vom Meister mit dem Zylinder!<\/p>\n<p>Ende der 1990er Jahre auf den Markt gebracht, feiert die <b>Gibson Les Paul Snakepit<\/b> ein Kapitel in der Karriere von Slash. Gerade auf Solokurs mit dem ersten Werk von <i>Slash\u2019s Snakepit<\/i>, \u00fcbernahm Slash erstmals voll und ganz seine Ambitionen als Gitarrenstar. Das Album <i>It\u2019s Five O\u2019 Clock Somewhere<\/i> (1995) verk\u00f6rpert viele seiner damaligen W\u00fcnsche. Es repr\u00e4sentiert sowohl Slashs Talent nach Guns N\u2019 Roses als auch seinen rohen Rock\u2019n\u2019Roll-Ansatz.<span class=\"Apple-converted-space\"> <\/span>F\u00fcr dieses erste Projekt mit einigen seiner ehemaligen Guns-N\u2019-Roses-Kollegen beauftragte Slash seinen Bruder Ash Hudson mit der Gestaltung des Albumcovers. Heraus kam ein visuelles Motiv, das Kultstatus erreichte \u2013 das legend\u00e4re <b><i>Snakepit<\/i><\/b><i>.<span class=\"Apple-converted-space\"> <\/span><\/i><\/p>\n<p>Das <i>Snakepit<\/i> wurde nach und nach zum Symbol f\u00fcr Slash. Die <b>Schlange<\/b> mit dem schelmischen Blick, dem geschwungenen S-f\u00f6rmigen K\u00f6rper und dem Zylinder wurde zu einem seiner visuellen Markenzeichen. Hinter dieser Zeichnung verbirgt sich au\u00dferdem eine alte Familienreferenz: Die Figur Kaa aus dem <i>Dschungelbuch<\/i> war der Hudson-Familie besonders lieb. Es war das Buch, das ihre Mutter Ola ihnen in ihrer Kindheit vorlas. Ash lie\u00df sich davon inspirieren, um seinen Bruder zu personifizieren \u2013 erg\u00e4nzt um Zigarette und Zylinder.<span class=\"Apple-converted-space\"> <\/span><\/p>\n<p>Dieses Motiv inspirierte die <b>Les Paul Snakepit<\/b>, die Slash 1996 oder 1997 bei Gibson in Auftrag gab. Nach eigenen Worten ist sie eine \u201ewundersch\u00f6ne\u201c und \u201esehr seltene Gitarre\u201c sowie \u201eeine der besten Gitarren, die er je gespielt hat\u201c. Diese beeindruckende Gitarre liefert vom ersten Ton an einen rockigen und aggressiven Sound. Sie ist direkt vom Snakepit-Cover inspiriert, von dem sie auch ihren Namen hat: Ein prachtvoller, eingelegter und bemalter Schlangen-Intarsienk\u00f6rper ziert die knallrote Decke, erg\u00e4nzt durch eine imposante Perlmutt-Kobra auf dem Griffbrett. Optisch geh\u00f6rt diese Les Paul zu den eindrucksvollsten Ausf\u00fchrungen des Gibson Custom Shops. Neben ihrem hervorragenden Erhaltungszustand wurde diese Snakepit auf der Decke von Slash selbst mit goldenem Marker signiert. Ein au\u00dfergew\u00f6hnliches Sammlerst\u00fcck!<span class=\"Apple-converted-space\"> <\/span><\/p>\n<p><strong>Haben Sie Fragen zu diesem Produkt? Kontaktieren Sie uns!<\/strong><\/p>\n","protected":false},"featured_media":10419,"comment_status":"open","ping_status":"closed","template":"","meta":{"_et_pb_use_builder":"","_et_pb_old_content":"","_et_gb_content_width":""},"product_brand":[],"product_cat":[672],"product_tag":[],"class_list":{"0":"post-19906","1":"product","2":"type-product","3":"status-publish","4":"has-post-thumbnail","6":"product_cat-verkaufte","7":"pa_artiste-slash-de","8":"pa_disponibilite-verkauft","9":"pa_marque-gibson-de","11":"first","12":"outofstock","13":"shipping-taxable","14":"purchasable","15":"product-type-simple"},"yoast_head":"<!-- This site is optimized with the Yoast SEO plugin v26.8 - https:\/\/yoast.com\/product\/yoast-seo-wordpress\/ -->\n<title>Gibson Les Paul Snakepit signiert von Slash - Matt&#039;s Guitar Shop<\/title>\n<meta name=\"description\" content=\"Gibson Les Paul Snakepit, signiert von Slash. Eine seltene Sammlergitarre, ein au\u00dfergew\u00f6hnliches St\u00fcck f\u00fcr Guns N\u2019 Roses-Fans, erh\u00e4ltlich bei Matts Guitar Shop.\" \/>\n<meta name=\"robots\" content=\"index, follow, max-snippet:-1, max-image-preview:large, max-video-preview:-1\" \/>\n<link rel=\"canonical\" href=\"https:\/\/www.matts-guitar-shop.com\/de\/produit\/gibson-les-paul-snakepit-signiert-von-slash\/\" \/>\n<meta property=\"og:locale\" content=\"de_DE\" \/>\n<meta property=\"og:type\" content=\"article\" \/>\n<meta property=\"og:title\" content=\"Gibson Les Paul Snakepit signiert von Slash - Matt&#039;s Guitar Shop\" \/>\n<meta property=\"og:description\" content=\"Gibson Les Paul Snakepit, signiert von Slash. Eine seltene Sammlergitarre, ein au\u00dfergew\u00f6hnliches St\u00fcck f\u00fcr Guns N\u2019 Roses-Fans, erh\u00e4ltlich bei Matts Guitar Shop.\" \/>\n<meta property=\"og:url\" content=\"https:\/\/www.matts-guitar-shop.com\/de\/produit\/gibson-les-paul-snakepit-signiert-von-slash\/\" \/>\n<meta property=\"og:site_name\" content=\"Matt&#039;s Guitar Shop\" \/>\n<meta property=\"article:publisher\" content=\"https:\/\/www.facebook.com\/profile.php?id=100044359842817\" \/>\n<meta property=\"article:modified_time\" content=\"2025-10-17T19:26:38+00:00\" \/>\n<meta property=\"og:image\" content=\"https:\/\/www.matts-guitar-shop.com\/wp-content\/uploads\/2024\/12\/slash-signed-gibson-les-paul-custom-snakepit-04.jpg\" \/>\n\t<meta property=\"og:image:width\" content=\"800\" \/>\n\t<meta property=\"og:image:height\" content=\"1200\" \/>\n\t<meta property=\"og:image:type\" content=\"image\/jpeg\" \/>\n<meta name=\"twitter:card\" content=\"summary_large_image\" \/>\n<meta name=\"twitter:label1\" content=\"Gesch\u00e4tzte Lesezeit\" \/>\n\t<meta name=\"twitter:data1\" content=\"2\u00a0Minuten\" \/>\n<script type=\"application\/ld+json\" class=\"yoast-schema-graph\">{\"@context\":\"https:\/\/schema.org\",\"@graph\":[{\"@type\":\"WebPage\",\"@id\":\"https:\/\/www.matts-guitar-shop.com\/de\/produit\/gibson-les-paul-snakepit-signiert-von-slash\/\",\"url\":\"https:\/\/www.matts-guitar-shop.com\/de\/produit\/gibson-les-paul-snakepit-signiert-von-slash\/\",\"name\":\"Gibson Les Paul Snakepit signiert von Slash - Matt&#039;s Guitar Shop\",\"isPartOf\":{\"@id\":\"https:\/\/www.matts-guitar-shop.com\/de\/#website\"},\"primaryImageOfPage\":{\"@id\":\"https:\/\/www.matts-guitar-shop.com\/de\/produit\/gibson-les-paul-snakepit-signiert-von-slash\/#primaryimage\"},\"image\":{\"@id\":\"https:\/\/www.matts-guitar-shop.com\/de\/produit\/gibson-les-paul-snakepit-signiert-von-slash\/#primaryimage\"},\"thumbnailUrl\":\"https:\/\/www.matts-guitar-shop.com\/wp-content\/uploads\/2024\/12\/slash-signed-gibson-les-paul-custom-snakepit-04.jpg\",\"datePublished\":\"2024-12-18T20:17:55+00:00\",\"dateModified\":\"2025-10-17T19:26:38+00:00\",\"description\":\"Gibson Les Paul Snakepit, signiert von Slash. Eine seltene Sammlergitarre, ein au\u00dfergew\u00f6hnliches St\u00fcck f\u00fcr Guns N\u2019 Roses-Fans, erh\u00e4ltlich bei Matts Guitar Shop.\",\"breadcrumb\":{\"@id\":\"https:\/\/www.matts-guitar-shop.com\/de\/produit\/gibson-les-paul-snakepit-signiert-von-slash\/#breadcrumb\"},\"inLanguage\":\"de\",\"potentialAction\":[{\"@type\":\"ReadAction\",\"target\":[\"https:\/\/www.matts-guitar-shop.com\/de\/produit\/gibson-les-paul-snakepit-signiert-von-slash\/\"]}]},{\"@type\":\"ImageObject\",\"inLanguage\":\"de\",\"@id\":\"https:\/\/www.matts-guitar-shop.com\/de\/produit\/gibson-les-paul-snakepit-signiert-von-slash\/#primaryimage\",\"url\":\"https:\/\/www.matts-guitar-shop.com\/wp-content\/uploads\/2024\/12\/slash-signed-gibson-les-paul-custom-snakepit-04.jpg\",\"contentUrl\":\"https:\/\/www.matts-guitar-shop.com\/wp-content\/uploads\/2024\/12\/slash-signed-gibson-les-paul-custom-snakepit-04.jpg\",\"width\":800,\"height\":1200},{\"@type\":\"BreadcrumbList\",\"@id\":\"https:\/\/www.matts-guitar-shop.com\/de\/produit\/gibson-les-paul-snakepit-signiert-von-slash\/#breadcrumb\",\"itemListElement\":[{\"@type\":\"ListItem\",\"position\":1,\"name\":\"Startseite\",\"item\":\"https:\/\/www.matts-guitar-shop.com\/de\/\"},{\"@type\":\"ListItem\",\"position\":2,\"name\":\"Shop\",\"item\":\"https:\/\/www.matts-guitar-shop.com\/de\/shop\/\"},{\"@type\":\"ListItem\",\"position\":3,\"name\":\"Gibson Les Paul Snakepit signiert von Slash\"}]},{\"@type\":\"WebSite\",\"@id\":\"https:\/\/www.matts-guitar-shop.com\/de\/#website\",\"url\":\"https:\/\/www.matts-guitar-shop.com\/de\/\",\"name\":\"matts-guitar-shop.com\",\"description\":\"Guitar Shop\",\"publisher\":{\"@id\":\"https:\/\/www.matts-guitar-shop.com\/de\/#organization\"},\"potentialAction\":[{\"@type\":\"SearchAction\",\"target\":{\"@type\":\"EntryPoint\",\"urlTemplate\":\"https:\/\/www.matts-guitar-shop.com\/de\/?s={search_term_string}\"},\"query-input\":{\"@type\":\"PropertyValueSpecification\",\"valueRequired\":true,\"valueName\":\"search_term_string\"}}],\"inLanguage\":\"de\"},{\"@type\":\"Organization\",\"@id\":\"https:\/\/www.matts-guitar-shop.com\/de\/#organization\",\"name\":\"matts-guitar-shop.com\",\"url\":\"https:\/\/www.matts-guitar-shop.com\/de\/\",\"logo\":{\"@type\":\"ImageObject\",\"inLanguage\":\"de\",\"@id\":\"https:\/\/www.matts-guitar-shop.com\/de\/#\/schema\/logo\/image\/\",\"url\":\"https:\/\/www.matts-guitar-shop.com\/wp-content\/uploads\/2024\/09\/MGS-logo-site-02.png\",\"contentUrl\":\"https:\/\/www.matts-guitar-shop.com\/wp-content\/uploads\/2024\/09\/MGS-logo-site-02.png\",\"width\":200,\"height\":122,\"caption\":\"matts-guitar-shop.com\"},\"image\":{\"@id\":\"https:\/\/www.matts-guitar-shop.com\/de\/#\/schema\/logo\/image\/\"},\"sameAs\":[\"https:\/\/www.facebook.com\/profile.php?id=100044359842817\",\"https:\/\/www.instagram.com\/mattsguitarshop\/\",\"https:\/\/www.youtube.com\/@MattLucasMan\/videos\"]}]}<\/script>\n<!-- \/ Yoast SEO plugin. -->","yoast_head_json":{"title":"Gibson Les Paul Snakepit signiert von Slash - Matt&#039;s Guitar Shop","description":"Gibson Les Paul Snakepit, signiert von Slash. Eine seltene Sammlergitarre, ein au\u00dfergew\u00f6hnliches St\u00fcck f\u00fcr Guns N\u2019 Roses-Fans, erh\u00e4ltlich bei Matts Guitar Shop.","robots":{"index":"index","follow":"follow","max-snippet":"max-snippet:-1","max-image-preview":"max-image-preview:large","max-video-preview":"max-video-preview:-1"},"canonical":"https:\/\/www.matts-guitar-shop.com\/de\/produit\/gibson-les-paul-snakepit-signiert-von-slash\/","og_locale":"de_DE","og_type":"article","og_title":"Gibson Les Paul Snakepit signiert von Slash - Matt&#039;s Guitar Shop","og_description":"Gibson Les Paul Snakepit, signiert von Slash. Eine seltene Sammlergitarre, ein au\u00dfergew\u00f6hnliches St\u00fcck f\u00fcr Guns N\u2019 Roses-Fans, erh\u00e4ltlich bei Matts Guitar Shop.","og_url":"https:\/\/www.matts-guitar-shop.com\/de\/produit\/gibson-les-paul-snakepit-signiert-von-slash\/","og_site_name":"Matt&#039;s Guitar Shop","article_publisher":"https:\/\/www.facebook.com\/profile.php?id=100044359842817","article_modified_time":"2025-10-17T19:26:38+00:00","og_image":[{"width":800,"height":1200,"url":"https:\/\/www.matts-guitar-shop.com\/wp-content\/uploads\/2024\/12\/slash-signed-gibson-les-paul-custom-snakepit-04.jpg","type":"image\/jpeg"}],"twitter_card":"summary_large_image","twitter_misc":{"Gesch\u00e4tzte Lesezeit":"2\u00a0Minuten"},"schema":{"@context":"https:\/\/schema.org","@graph":[{"@type":"WebPage","@id":"https:\/\/www.matts-guitar-shop.com\/de\/produit\/gibson-les-paul-snakepit-signiert-von-slash\/","url":"https:\/\/www.matts-guitar-shop.com\/de\/produit\/gibson-les-paul-snakepit-signiert-von-slash\/","name":"Gibson Les Paul Snakepit signiert von Slash - Matt&#039;s Guitar Shop","isPartOf":{"@id":"https:\/\/www.matts-guitar-shop.com\/de\/#website"},"primaryImageOfPage":{"@id":"https:\/\/www.matts-guitar-shop.com\/de\/produit\/gibson-les-paul-snakepit-signiert-von-slash\/#primaryimage"},"image":{"@id":"https:\/\/www.matts-guitar-shop.com\/de\/produit\/gibson-les-paul-snakepit-signiert-von-slash\/#primaryimage"},"thumbnailUrl":"https:\/\/www.matts-guitar-shop.com\/wp-content\/uploads\/2024\/12\/slash-signed-gibson-les-paul-custom-snakepit-04.jpg","datePublished":"2024-12-18T20:17:55+00:00","dateModified":"2025-10-17T19:26:38+00:00","description":"Gibson Les Paul Snakepit, signiert von Slash. Eine seltene Sammlergitarre, ein au\u00dfergew\u00f6hnliches St\u00fcck f\u00fcr Guns N\u2019 Roses-Fans, erh\u00e4ltlich bei Matts Guitar Shop.","breadcrumb":{"@id":"https:\/\/www.matts-guitar-shop.com\/de\/produit\/gibson-les-paul-snakepit-signiert-von-slash\/#breadcrumb"},"inLanguage":"de","potentialAction":[{"@type":"ReadAction","target":["https:\/\/www.matts-guitar-shop.com\/de\/produit\/gibson-les-paul-snakepit-signiert-von-slash\/"]}]},{"@type":"ImageObject","inLanguage":"de","@id":"https:\/\/www.matts-guitar-shop.com\/de\/produit\/gibson-les-paul-snakepit-signiert-von-slash\/#primaryimage","url":"https:\/\/www.matts-guitar-shop.com\/wp-content\/uploads\/2024\/12\/slash-signed-gibson-les-paul-custom-snakepit-04.jpg","contentUrl":"https:\/\/www.matts-guitar-shop.com\/wp-content\/uploads\/2024\/12\/slash-signed-gibson-les-paul-custom-snakepit-04.jpg","width":800,"height":1200},{"@type":"BreadcrumbList","@id":"https:\/\/www.matts-guitar-shop.com\/de\/produit\/gibson-les-paul-snakepit-signiert-von-slash\/#breadcrumb","itemListElement":[{"@type":"ListItem","position":1,"name":"Startseite","item":"https:\/\/www.matts-guitar-shop.com\/de\/"},{"@type":"ListItem","position":2,"name":"Shop","item":"https:\/\/www.matts-guitar-shop.com\/de\/shop\/"},{"@type":"ListItem","position":3,"name":"Gibson Les Paul Snakepit signiert von Slash"}]},{"@type":"WebSite","@id":"https:\/\/www.matts-guitar-shop.com\/de\/#website","url":"https:\/\/www.matts-guitar-shop.com\/de\/","name":"matts-guitar-shop.com","description":"Guitar Shop","publisher":{"@id":"https:\/\/www.matts-guitar-shop.com\/de\/#organization"},"potentialAction":[{"@type":"SearchAction","target":{"@type":"EntryPoint","urlTemplate":"https:\/\/www.matts-guitar-shop.com\/de\/?s={search_term_string}"},"query-input":{"@type":"PropertyValueSpecification","valueRequired":true,"valueName":"search_term_string"}}],"inLanguage":"de"},{"@type":"Organization","@id":"https:\/\/www.matts-guitar-shop.com\/de\/#organization","name":"matts-guitar-shop.com","url":"https:\/\/www.matts-guitar-shop.com\/de\/","logo":{"@type":"ImageObject","inLanguage":"de","@id":"https:\/\/www.matts-guitar-shop.com\/de\/#\/schema\/logo\/image\/","url":"https:\/\/www.matts-guitar-shop.com\/wp-content\/uploads\/2024\/09\/MGS-logo-site-02.png","contentUrl":"https:\/\/www.matts-guitar-shop.com\/wp-content\/uploads\/2024\/09\/MGS-logo-site-02.png","width":200,"height":122,"caption":"matts-guitar-shop.com"},"image":{"@id":"https:\/\/www.matts-guitar-shop.com\/de\/#\/schema\/logo\/image\/"},"sameAs":["https:\/\/www.facebook.com\/profile.php?id=100044359842817","https:\/\/www.instagram.com\/mattsguitarshop\/","https:\/\/www.youtube.com\/@MattLucasMan\/videos"]}]}},"_links":{"self":[{"href":"https:\/\/www.matts-guitar-shop.com\/de\/wp-json\/wp\/v2\/product\/19906","targetHints":{"allow":["GET"]}}],"collection":[{"href":"https:\/\/www.matts-guitar-shop.com\/de\/wp-json\/wp\/v2\/product"}],"about":[{"href":"https:\/\/www.matts-guitar-shop.com\/de\/wp-json\/wp\/v2\/types\/product"}],"replies":[{"embeddable":true,"href":"https:\/\/www.matts-guitar-shop.com\/de\/wp-json\/wp\/v2\/comments?post=19906"}],"wp:featuredmedia":[{"embeddable":true,"href":"https:\/\/www.matts-guitar-shop.com\/de\/wp-json\/wp\/v2\/media\/10419"}],"wp:attachment":[{"href":"https:\/\/www.matts-guitar-shop.com\/de\/wp-json\/wp\/v2\/media?parent=19906"}],"wp:term":[{"taxonomy":"product_brand","embeddable":true,"href":"https:\/\/www.matts-guitar-shop.com\/de\/wp-json\/wp\/v2\/product_brand?post=19906"},{"taxonomy":"product_cat","embeddable":true,"href":"https:\/\/www.matts-guitar-shop.com\/de\/wp-json\/wp\/v2\/product_cat?post=19906"},{"taxonomy":"product_tag","embeddable":true,"href":"https:\/\/www.matts-guitar-shop.com\/de\/wp-json\/wp\/v2\/product_tag?post=19906"}],"curies":[{"name":"wp","href":"https:\/\/api.w.org\/{rel}","templated":true}]}}