{"id":19904,"date":"2024-12-17T01:54:39","date_gmt":"2024-12-17T00:54:39","guid":{"rendered":"https:\/\/www.matts-guitar-shop.com\/produit\/1957-gibson-les-paul-goldtop-the-trench\/"},"modified":"2025-10-17T21:23:15","modified_gmt":"2025-10-17T19:23:15","slug":"1957-gibson-les-paul-goldtop-the-trench","status":"publish","type":"product","link":"https:\/\/www.matts-guitar-shop.com\/de\/produit\/1957-gibson-les-paul-goldtop-the-trench\/","title":{"rendered":"1957 Gibson Les Paul Goldtop \u00ab The Trench \u00bb"},"content":{"rendered":"<p>1957 Gibson Les Paul Goldtop \u00ab The Trench \u00bb<\/p>\n","protected":false},"excerpt":{"rendered":"<p>So bezaubernd wie faszinierend hat die <b>Les Paul Goldtop<\/b> im Laufe der Zeit nichts von ihrer Anziehungskraft verloren. Sie geh\u00f6rt zu den Mythen der E-Gitarre, zu jenen eindrucksvollen Farben, die an eine \u00c4ra erinnern \u2013 die Anf\u00e4nge der elektrischen Gitarre \u2013 und deren Qualit\u00e4t bis heute beneidenswert ist. Die Goldtops waren die ersten Les-Paul-Modelle, die von 1952 bis 1957 produziert wurden, bevor die nicht minder legend\u00e4re \u201eSunburst\u201c erschien.<\/p>\n<p>In dieser Ahnenreihe ist das Jahr 1957 von ganz besonderer Bedeutung. Es markiert die Einf\u00fchrung der ber\u00fchmten \u201eP.A.F.\u201c-Humbucker, die ma\u00dfgeblich zur Legende von Gibson beigetragen haben. Zahlreiche Gitarrenhelden haben sich die Goldtop zu eigen gemacht und sie f\u00fcr immer in die Geschichte des Rock eingeschrieben.<\/p>\n<p>Diese Gibson Les Paul Goldtop von 1957, vollst\u00e4ndig original erhalten, ist ein absolut au\u00dfergew\u00f6hnliches Sammlerst\u00fcck. Ihre elegante goldene Lackierung wird durch die schwarzen Plastikteile erg\u00e4nzt und kontrastiert \u2013 ein Detail, das ausschlie\u00dflich bei Gitarren aus dem fr\u00fchen Jahr 1957 zu finden ist. Diese feine Kombination aus Schwarz und Gold ist ebenso magisch wie selten. Schlie\u00dflich tr\u00e4gt sie den Spitznamen <b>\u201eThe Trench\u201c<\/b> aufgrund einer markanten Spur im Bereich der Br\u00fccke, die sie ebenso einzigartig wie unverwechselbar macht.<\/p>\n<p>Eine Gitarre, deren Klang ihrer Sch\u00f6nheit in nichts nachsteht\u2026 The Trench!<\/p>\n","protected":false},"featured_media":11404,"comment_status":"open","ping_status":"closed","template":"","meta":{"_et_pb_use_builder":"","_et_pb_old_content":"","_et_gb_content_width":""},"product_brand":[],"product_cat":[673,677,676,672],"product_tag":[],"class_list":{"0":"post-19904","1":"product","2":"type-product","3":"status-publish","4":"has-post-thumbnail","6":"product_cat-gitarren","7":"product_cat-elektrische-gitarren","8":"product_cat-ikonische-gitarren","9":"product_cat-verkaufte","10":"pa_disponibilite-verkauft","11":"pa_marque-gibson-de","13":"first","14":"outofstock","15":"shipping-taxable","16":"product-type-simple"},"yoast_head":"<!-- This site is optimized with the Yoast SEO plugin v26.8 - https:\/\/yoast.com\/product\/yoast-seo-wordpress\/ -->\n<title>1957 Gibson Les Paul Goldtop \u00ab The Trench \u00bb - Matt&#039;s Guitar Shop<\/title>\n<meta name=\"description\" content=\"Gibson Les Paul Goldtop 1957 \u2013 &quot;The Trench&quot;. Ein au\u00dfergew\u00f6hnlicher Goldtop, seltene Vintage-Klassik-Gitarre, prestigetr\u00e4chtiges Sammlerst\u00fcck bei Matts Guitar Shop.\" \/>\n<meta name=\"robots\" content=\"index, follow, max-snippet:-1, max-image-preview:large, max-video-preview:-1\" \/>\n<link rel=\"canonical\" href=\"https:\/\/www.matts-guitar-shop.com\/de\/produit\/1957-gibson-les-paul-goldtop-the-trench\/\" \/>\n<meta property=\"og:locale\" content=\"de_DE\" \/>\n<meta property=\"og:type\" content=\"article\" \/>\n<meta property=\"og:title\" content=\"1957 Gibson Les Paul Goldtop \u00ab The Trench \u00bb - Matt&#039;s Guitar Shop\" \/>\n<meta property=\"og:description\" content=\"Gibson Les Paul Goldtop 1957 \u2013 &quot;The Trench&quot;. Ein au\u00dfergew\u00f6hnlicher Goldtop, seltene Vintage-Klassik-Gitarre, prestigetr\u00e4chtiges Sammlerst\u00fcck bei Matts Guitar Shop.\" \/>\n<meta property=\"og:url\" content=\"https:\/\/www.matts-guitar-shop.com\/de\/produit\/1957-gibson-les-paul-goldtop-the-trench\/\" \/>\n<meta property=\"og:site_name\" content=\"Matt&#039;s Guitar Shop\" \/>\n<meta property=\"article:publisher\" content=\"https:\/\/www.facebook.com\/profile.php?id=100044359842817\" \/>\n<meta property=\"article:modified_time\" content=\"2025-10-17T19:23:15+00:00\" \/>\n<meta property=\"og:image\" content=\"https:\/\/www.matts-guitar-shop.com\/wp-content\/uploads\/2024\/12\/1957-gibson-les-paul-goldtop-the-trench-01.jpg\" \/>\n\t<meta property=\"og:image:width\" content=\"800\" \/>\n\t<meta property=\"og:image:height\" content=\"1000\" \/>\n\t<meta property=\"og:image:type\" content=\"image\/jpeg\" \/>\n<meta name=\"twitter:card\" content=\"summary_large_image\" \/>\n<script type=\"application\/ld+json\" class=\"yoast-schema-graph\">{\"@context\":\"https:\/\/schema.org\",\"@graph\":[{\"@type\":\"WebPage\",\"@id\":\"https:\/\/www.matts-guitar-shop.com\/de\/produit\/1957-gibson-les-paul-goldtop-the-trench\/\",\"url\":\"https:\/\/www.matts-guitar-shop.com\/de\/produit\/1957-gibson-les-paul-goldtop-the-trench\/\",\"name\":\"1957 Gibson Les Paul Goldtop \u00ab The Trench \u00bb - Matt&#039;s Guitar Shop\",\"isPartOf\":{\"@id\":\"https:\/\/www.matts-guitar-shop.com\/de\/#website\"},\"primaryImageOfPage\":{\"@id\":\"https:\/\/www.matts-guitar-shop.com\/de\/produit\/1957-gibson-les-paul-goldtop-the-trench\/#primaryimage\"},\"image\":{\"@id\":\"https:\/\/www.matts-guitar-shop.com\/de\/produit\/1957-gibson-les-paul-goldtop-the-trench\/#primaryimage\"},\"thumbnailUrl\":\"https:\/\/www.matts-guitar-shop.com\/wp-content\/uploads\/2024\/12\/1957-gibson-les-paul-goldtop-the-trench-01.jpg\",\"datePublished\":\"2024-12-17T00:54:39+00:00\",\"dateModified\":\"2025-10-17T19:23:15+00:00\",\"description\":\"Gibson Les Paul Goldtop 1957 \u2013 \\\"The Trench\\\". Ein au\u00dfergew\u00f6hnlicher Goldtop, seltene Vintage-Klassik-Gitarre, prestigetr\u00e4chtiges Sammlerst\u00fcck bei Matts Guitar Shop.\",\"breadcrumb\":{\"@id\":\"https:\/\/www.matts-guitar-shop.com\/de\/produit\/1957-gibson-les-paul-goldtop-the-trench\/#breadcrumb\"},\"inLanguage\":\"de\",\"potentialAction\":[{\"@type\":\"ReadAction\",\"target\":[\"https:\/\/www.matts-guitar-shop.com\/de\/produit\/1957-gibson-les-paul-goldtop-the-trench\/\"]}]},{\"@type\":\"ImageObject\",\"inLanguage\":\"de\",\"@id\":\"https:\/\/www.matts-guitar-shop.com\/de\/produit\/1957-gibson-les-paul-goldtop-the-trench\/#primaryimage\",\"url\":\"https:\/\/www.matts-guitar-shop.com\/wp-content\/uploads\/2024\/12\/1957-gibson-les-paul-goldtop-the-trench-01.jpg\",\"contentUrl\":\"https:\/\/www.matts-guitar-shop.com\/wp-content\/uploads\/2024\/12\/1957-gibson-les-paul-goldtop-the-trench-01.jpg\",\"width\":800,\"height\":1000},{\"@type\":\"BreadcrumbList\",\"@id\":\"https:\/\/www.matts-guitar-shop.com\/de\/produit\/1957-gibson-les-paul-goldtop-the-trench\/#breadcrumb\",\"itemListElement\":[{\"@type\":\"ListItem\",\"position\":1,\"name\":\"Startseite\",\"item\":\"https:\/\/www.matts-guitar-shop.com\/de\/\"},{\"@type\":\"ListItem\",\"position\":2,\"name\":\"Shop\",\"item\":\"https:\/\/www.matts-guitar-shop.com\/de\/shop\/\"},{\"@type\":\"ListItem\",\"position\":3,\"name\":\"1957 Gibson Les Paul Goldtop \u00ab The Trench \u00bb\"}]},{\"@type\":\"WebSite\",\"@id\":\"https:\/\/www.matts-guitar-shop.com\/de\/#website\",\"url\":\"https:\/\/www.matts-guitar-shop.com\/de\/\",\"name\":\"matts-guitar-shop.com\",\"description\":\"Guitar Shop\",\"publisher\":{\"@id\":\"https:\/\/www.matts-guitar-shop.com\/de\/#organization\"},\"potentialAction\":[{\"@type\":\"SearchAction\",\"target\":{\"@type\":\"EntryPoint\",\"urlTemplate\":\"https:\/\/www.matts-guitar-shop.com\/de\/?s={search_term_string}\"},\"query-input\":{\"@type\":\"PropertyValueSpecification\",\"valueRequired\":true,\"valueName\":\"search_term_string\"}}],\"inLanguage\":\"de\"},{\"@type\":\"Organization\",\"@id\":\"https:\/\/www.matts-guitar-shop.com\/de\/#organization\",\"name\":\"matts-guitar-shop.com\",\"url\":\"https:\/\/www.matts-guitar-shop.com\/de\/\",\"logo\":{\"@type\":\"ImageObject\",\"inLanguage\":\"de\",\"@id\":\"https:\/\/www.matts-guitar-shop.com\/de\/#\/schema\/logo\/image\/\",\"url\":\"https:\/\/www.matts-guitar-shop.com\/wp-content\/uploads\/2024\/09\/MGS-logo-site-02.png\",\"contentUrl\":\"https:\/\/www.matts-guitar-shop.com\/wp-content\/uploads\/2024\/09\/MGS-logo-site-02.png\",\"width\":200,\"height\":122,\"caption\":\"matts-guitar-shop.com\"},\"image\":{\"@id\":\"https:\/\/www.matts-guitar-shop.com\/de\/#\/schema\/logo\/image\/\"},\"sameAs\":[\"https:\/\/www.facebook.com\/profile.php?id=100044359842817\",\"https:\/\/www.instagram.com\/mattsguitarshop\/\",\"https:\/\/www.youtube.com\/@MattLucasMan\/videos\"]}]}<\/script>\n<!-- \/ Yoast SEO plugin. -->","yoast_head_json":{"title":"1957 Gibson Les Paul Goldtop \u00ab The Trench \u00bb - Matt&#039;s Guitar Shop","description":"Gibson Les Paul Goldtop 1957 \u2013 \"The Trench\". Ein au\u00dfergew\u00f6hnlicher Goldtop, seltene Vintage-Klassik-Gitarre, prestigetr\u00e4chtiges Sammlerst\u00fcck bei Matts Guitar Shop.","robots":{"index":"index","follow":"follow","max-snippet":"max-snippet:-1","max-image-preview":"max-image-preview:large","max-video-preview":"max-video-preview:-1"},"canonical":"https:\/\/www.matts-guitar-shop.com\/de\/produit\/1957-gibson-les-paul-goldtop-the-trench\/","og_locale":"de_DE","og_type":"article","og_title":"1957 Gibson Les Paul Goldtop \u00ab The Trench \u00bb - Matt&#039;s Guitar Shop","og_description":"Gibson Les Paul Goldtop 1957 \u2013 \"The Trench\". Ein au\u00dfergew\u00f6hnlicher Goldtop, seltene Vintage-Klassik-Gitarre, prestigetr\u00e4chtiges Sammlerst\u00fcck bei Matts Guitar Shop.","og_url":"https:\/\/www.matts-guitar-shop.com\/de\/produit\/1957-gibson-les-paul-goldtop-the-trench\/","og_site_name":"Matt&#039;s Guitar Shop","article_publisher":"https:\/\/www.facebook.com\/profile.php?id=100044359842817","article_modified_time":"2025-10-17T19:23:15+00:00","og_image":[{"width":800,"height":1000,"url":"https:\/\/www.matts-guitar-shop.com\/wp-content\/uploads\/2024\/12\/1957-gibson-les-paul-goldtop-the-trench-01.jpg","type":"image\/jpeg"}],"twitter_card":"summary_large_image","schema":{"@context":"https:\/\/schema.org","@graph":[{"@type":"WebPage","@id":"https:\/\/www.matts-guitar-shop.com\/de\/produit\/1957-gibson-les-paul-goldtop-the-trench\/","url":"https:\/\/www.matts-guitar-shop.com\/de\/produit\/1957-gibson-les-paul-goldtop-the-trench\/","name":"1957 Gibson Les Paul Goldtop \u00ab The Trench \u00bb - Matt&#039;s Guitar Shop","isPartOf":{"@id":"https:\/\/www.matts-guitar-shop.com\/de\/#website"},"primaryImageOfPage":{"@id":"https:\/\/www.matts-guitar-shop.com\/de\/produit\/1957-gibson-les-paul-goldtop-the-trench\/#primaryimage"},"image":{"@id":"https:\/\/www.matts-guitar-shop.com\/de\/produit\/1957-gibson-les-paul-goldtop-the-trench\/#primaryimage"},"thumbnailUrl":"https:\/\/www.matts-guitar-shop.com\/wp-content\/uploads\/2024\/12\/1957-gibson-les-paul-goldtop-the-trench-01.jpg","datePublished":"2024-12-17T00:54:39+00:00","dateModified":"2025-10-17T19:23:15+00:00","description":"Gibson Les Paul Goldtop 1957 \u2013 \"The Trench\". Ein au\u00dfergew\u00f6hnlicher Goldtop, seltene Vintage-Klassik-Gitarre, prestigetr\u00e4chtiges Sammlerst\u00fcck bei Matts Guitar Shop.","breadcrumb":{"@id":"https:\/\/www.matts-guitar-shop.com\/de\/produit\/1957-gibson-les-paul-goldtop-the-trench\/#breadcrumb"},"inLanguage":"de","potentialAction":[{"@type":"ReadAction","target":["https:\/\/www.matts-guitar-shop.com\/de\/produit\/1957-gibson-les-paul-goldtop-the-trench\/"]}]},{"@type":"ImageObject","inLanguage":"de","@id":"https:\/\/www.matts-guitar-shop.com\/de\/produit\/1957-gibson-les-paul-goldtop-the-trench\/#primaryimage","url":"https:\/\/www.matts-guitar-shop.com\/wp-content\/uploads\/2024\/12\/1957-gibson-les-paul-goldtop-the-trench-01.jpg","contentUrl":"https:\/\/www.matts-guitar-shop.com\/wp-content\/uploads\/2024\/12\/1957-gibson-les-paul-goldtop-the-trench-01.jpg","width":800,"height":1000},{"@type":"BreadcrumbList","@id":"https:\/\/www.matts-guitar-shop.com\/de\/produit\/1957-gibson-les-paul-goldtop-the-trench\/#breadcrumb","itemListElement":[{"@type":"ListItem","position":1,"name":"Startseite","item":"https:\/\/www.matts-guitar-shop.com\/de\/"},{"@type":"ListItem","position":2,"name":"Shop","item":"https:\/\/www.matts-guitar-shop.com\/de\/shop\/"},{"@type":"ListItem","position":3,"name":"1957 Gibson Les Paul Goldtop \u00ab The Trench \u00bb"}]},{"@type":"WebSite","@id":"https:\/\/www.matts-guitar-shop.com\/de\/#website","url":"https:\/\/www.matts-guitar-shop.com\/de\/","name":"matts-guitar-shop.com","description":"Guitar Shop","publisher":{"@id":"https:\/\/www.matts-guitar-shop.com\/de\/#organization"},"potentialAction":[{"@type":"SearchAction","target":{"@type":"EntryPoint","urlTemplate":"https:\/\/www.matts-guitar-shop.com\/de\/?s={search_term_string}"},"query-input":{"@type":"PropertyValueSpecification","valueRequired":true,"valueName":"search_term_string"}}],"inLanguage":"de"},{"@type":"Organization","@id":"https:\/\/www.matts-guitar-shop.com\/de\/#organization","name":"matts-guitar-shop.com","url":"https:\/\/www.matts-guitar-shop.com\/de\/","logo":{"@type":"ImageObject","inLanguage":"de","@id":"https:\/\/www.matts-guitar-shop.com\/de\/#\/schema\/logo\/image\/","url":"https:\/\/www.matts-guitar-shop.com\/wp-content\/uploads\/2024\/09\/MGS-logo-site-02.png","contentUrl":"https:\/\/www.matts-guitar-shop.com\/wp-content\/uploads\/2024\/09\/MGS-logo-site-02.png","width":200,"height":122,"caption":"matts-guitar-shop.com"},"image":{"@id":"https:\/\/www.matts-guitar-shop.com\/de\/#\/schema\/logo\/image\/"},"sameAs":["https:\/\/www.facebook.com\/profile.php?id=100044359842817","https:\/\/www.instagram.com\/mattsguitarshop\/","https:\/\/www.youtube.com\/@MattLucasMan\/videos"]}]}},"_links":{"self":[{"href":"https:\/\/www.matts-guitar-shop.com\/de\/wp-json\/wp\/v2\/product\/19904","targetHints":{"allow":["GET"]}}],"collection":[{"href":"https:\/\/www.matts-guitar-shop.com\/de\/wp-json\/wp\/v2\/product"}],"about":[{"href":"https:\/\/www.matts-guitar-shop.com\/de\/wp-json\/wp\/v2\/types\/product"}],"replies":[{"embeddable":true,"href":"https:\/\/www.matts-guitar-shop.com\/de\/wp-json\/wp\/v2\/comments?post=19904"}],"wp:featuredmedia":[{"embeddable":true,"href":"https:\/\/www.matts-guitar-shop.com\/de\/wp-json\/wp\/v2\/media\/11404"}],"wp:attachment":[{"href":"https:\/\/www.matts-guitar-shop.com\/de\/wp-json\/wp\/v2\/media?parent=19904"}],"wp:term":[{"taxonomy":"product_brand","embeddable":true,"href":"https:\/\/www.matts-guitar-shop.com\/de\/wp-json\/wp\/v2\/product_brand?post=19904"},{"taxonomy":"product_cat","embeddable":true,"href":"https:\/\/www.matts-guitar-shop.com\/de\/wp-json\/wp\/v2\/product_cat?post=19904"},{"taxonomy":"product_tag","embeddable":true,"href":"https:\/\/www.matts-guitar-shop.com\/de\/wp-json\/wp\/v2\/product_tag?post=19904"}],"curies":[{"name":"wp","href":"https:\/\/api.w.org\/{rel}","templated":true}]}}