{"id":19902,"date":"2024-12-26T22:21:58","date_gmt":"2024-12-26T21:21:58","guid":{"rendered":"https:\/\/www.matts-guitar-shop.com\/produit\/gretsch-billy-bo-live-from-texas-billy-gibbons\/"},"modified":"2025-11-20T19:10:44","modified_gmt":"2025-11-20T18:10:44","slug":"gretsch-billy-bo-live-from-texas-billy-gibbons","status":"publish","type":"product","link":"https:\/\/www.matts-guitar-shop.com\/de\/produit\/gretsch-billy-bo-live-from-texas-billy-gibbons\/","title":{"rendered":"Gretsch Billy Bo \u201cLive From Texas\u201d Billy Gibbons"},"content":{"rendered":"<h2>Billy Gibbons, der Boss und Reverend des Rock\u2019n\u2019Roll<\/h2>\n<p>Billy Gibbons ist der unangefochtene Boss. Der Boss der Gitarristen, mit diesem sinnlichen Vibrato und dem dicken, burritoartigen Klang, den er aus seiner Les Paul herausholt. Der Boss der S\u00e4nger, dank seiner rauen, twangbeladenen Stimme. Der Boss der Bandleader, an der Spitze von ZZ Top, dem Trio, das seit 1969 zusammenbleibt. Auch der Boss des Stils, mit seinem angeborenen Sinn f\u00fcr Look und B\u00fchnenpr\u00e4senz. Und schlie\u00dflich der Boss der Sammler: Seine Lagerh\u00e4user beherbergen mehrere tausend Gitarren, die \u00fcber die Jahre gesammelt wurden. Ger\u00fcchten zufolge besitzt er von jedem Modell, jedem Jahrgang aller gro\u00dfen Marken ein Exemplar \u2013 und es k\u00f6nnte gut sein, dass das keine Legende ist! Zu den bekannten Schmuckst\u00fccken seiner Sammlung geh\u00f6ren \u201ePearly Gates\u201c, seine legend\u00e4re 1959er Les Paul, die ihn nie verl\u00e4sst, eine \u201954 Hardtail-Stratocaster, die oft erg\u00e4nzend eingesetzt wird, und unz\u00e4hlige Custom-Instrumente im Hot-Rod-Stil (oft passend zu seinen Autos!).<\/p>\n<p>Seine Karriere begann 1967 mit <strong>The Moving Sidewalks<\/strong>, einer texanischen Psychedelic-Rock-Band in der Tradition der <strong>13th Floor Elevators<\/strong>. Die Band er\u00f6ffnete f\u00fcr <strong>Jimi Hendrix<\/strong>, bevor sie sich 1969 aufl\u00f6ste \u2013 dem Jahr, in dem Gibbons <strong>ZZ Top<\/strong> gr\u00fcndete.<\/p>\n<p>Urspr\u00fcnglich spielte das Trio rohen, traditionellen Bluesrock, bevor es ab <em>Deg\u00fcello<\/em> (1979) einen elektronischeren Ansatz verfolgte. Diese Entwicklung setzte sich mit der Trilogie <em>Eliminator \/ Afterburner \/ Recycler<\/em> fort: drei Alben, auf denen Gibbons\u2019 dreckiger Blues mit Synthesizern und Drum Machines der Zeit verschmolz. Die Mischung begeisterte ein breites Publikum, sowohl durch Hits wie <em>Gimme All Your Lovin\u2019<\/em> und <em>Rough Boy<\/em> als auch durch die denkw\u00fcrdigen Videos der Band, allgegenw\u00e4rtig auf MTV und in jeder guten American-Rock\u2019n\u2019Roll-Playlist.<\/p>\n<p>Sp\u00e4ter kehrte ZZ Top zu einem organischeren, schwereren, fuzzges\u00e4ttigten Sound zur\u00fcck. Gibbons trat vermehrt als Gast auf den Alben anderer K\u00fcnstler auf und verfolgte sogar eine Solokarriere. <em>Perfectamundo<\/em> erforschte kubanische Kl\u00e4nge, w\u00e4hrend <em>Big Bad Blues<\/em> zu seinen ersten Lieben zur\u00fcckkehrte \u2013 irgendwo zwischen <strong>Muddy Waters<\/strong> und <strong>Bo Diddley<\/strong>.<\/p>\n<p>Billy Gibbons\u2019 Sammlung inspiriert, fasziniert und begeistert so sehr, dass sie ein Buch motivierte: das ber\u00fchmte <em>Rock + Roll Gearhead<\/em> versammelt viele seiner Lieblingsgitarren, begleitet von unterhaltsamen Anekdoten. Ob in diesem Buch oder an den W\u00e4nden von Matt\u2019s Guitar Shop \u2013 diese Instrumente verk\u00f6rpern viel vom amerikanischen Rock\u2019n\u2019Roll-Ideal!<\/p>\n","protected":false},"excerpt":{"rendered":"<p><strong>Billy \u201cBFG\u201d Gibbons ist bekannt f\u00fcr seine unglaubliche Sammlung au\u00dfergew\u00f6hnlicher Instrumente. Doch auch wenn ZZ Top seit einem halben Jahrhundert unerm\u00fcdlich touren (oder fast), reichten die Tausenden von Konzerten der Band nicht aus, um all seine kostbaren Custom-Gitarren unterwegs zu spielen. Wenn er sich also f\u00fcr eine entscheidet, muss sie etwas ganz Besonderes sein. Und wenn er sie f\u00fcr eine Live-DVD ausw\u00e4hlt, dann muss sie ganz besonders speziell sein.<\/strong><\/p>\n<p>Vielleicht erkennen Sie diese wei\u00dfe Billy Bo wieder, denn Sie haben sie bereits auf dem Cover der 2008 erschienenen DVD <em>Live From Texas<\/em> gesehen \u2013 ein Best-of in Konzertform von ZZ Top im Nokia Theater in Grand Prairie, Texas, gefilmt am 1. November 2007. Diese DVD war ein enormer Erfolg, wurde mehrfach mit Platin ausgezeichnet und erreichte in vielen L\u00e4ndern die Spitze der Videocharts. W\u00e4hrend des gesamten Konzerts spielt Gibbons auf dieser Gretsch.<\/p>\n<p>Sie wurde speziell f\u00fcr ihn in Japan gebaut, mit einem hohlen Korpus, um sie leichter zu machen, und anschlie\u00dfend stark individualisiert. Das Ebenholzgriffbrett wurde wei\u00df lackiert f\u00fcr einen \u201cAll-White\u201d-Effekt, gr\u00f6\u00dfere Side-Dots wurden hinzugef\u00fcgt (unerl\u00e4sslich, wenn man eine Live-DVD dreht und keine Fehler beim Mix nachtr\u00e4glich beheben will), und das unglaubliche Pinstriping wurde von Gibbons selbst entworfen. Schlie\u00dflich durfte das unvermeidliche Markenzeichen f\u00fcr eine live gespielte ZZ-Top-Gitarre nicht fehlen: das \u201cBeer\u201d-Logo auf der R\u00fcckseite, angebracht von Gibbons\u2019 langj\u00e4hrigem Guitar Tech Elwood Francis.<\/p>\n<p>Wie alle Gitarren aus Billy Gibbons\u2019 Sammlung, die vom Matt\u2019s Guitar Shop verkauft und direkt bei Gibbons selbst gekauft wurden, ist auch diese historische Gretsch vom Reverend auf der R\u00fcckseite der Kopfplatte signiert. Sie wird mit einem von ihm unterschriebenen Echtheitszertifikat geliefert, dazu ein Foto von Billy mit der Gitarre, ein Foto von Billy beim Signieren der Gitarre und ein Foto von Billy beim Signieren des Zertifikats. Das ist unsere Art, Ihnen zu garantieren, dass Sie wirklich sein Instrument erwerben.<\/p>\n","protected":false},"featured_media":12014,"comment_status":"open","ping_status":"closed","template":"","meta":{"_et_pb_use_builder":"","_et_pb_old_content":"","_et_gb_content_width":""},"product_brand":[],"product_cat":[672],"product_tag":[],"class_list":{"0":"post-19902","1":"product","2":"type-product","3":"status-publish","4":"has-post-thumbnail","6":"product_cat-verkaufte","7":"pa_artiste-billy-f-gibbons-de","8":"pa_disponibilite-verkauft","9":"pa_marque-gretsch-de","11":"first","12":"outofstock","13":"shipping-taxable","14":"product-type-simple"},"yoast_head":"<!-- This site is optimized with the Yoast SEO plugin v26.8 - https:\/\/yoast.com\/product\/yoast-seo-wordpress\/ -->\n<title>Gretsch Billy Bo \u201cLive From Texas\u201d Billy Gibbons - Matt&#039;s Guitar Shop<\/title>\n<meta name=\"description\" content=\"Gretsch Billy Bo \u201eLive From Texas\u201c signiert von Billy Gibbons. Eine au\u00dfergew\u00f6hnliche, seltene Sammlergitarre, exklusiv erh\u00e4ltlich bei Matt\u2019s Guitar Shop.\" \/>\n<meta name=\"robots\" content=\"index, follow, max-snippet:-1, max-image-preview:large, max-video-preview:-1\" \/>\n<link rel=\"canonical\" href=\"https:\/\/www.matts-guitar-shop.com\/de\/produit\/gretsch-billy-bo-live-from-texas-billy-gibbons\/\" \/>\n<meta property=\"og:locale\" content=\"de_DE\" \/>\n<meta property=\"og:type\" content=\"article\" \/>\n<meta property=\"og:title\" content=\"Gretsch Billy Bo \u201cLive From Texas\u201d Billy Gibbons - Matt&#039;s Guitar Shop\" \/>\n<meta property=\"og:description\" content=\"Gretsch Billy Bo \u201eLive From Texas\u201c signiert von Billy Gibbons. Eine au\u00dfergew\u00f6hnliche, seltene Sammlergitarre, exklusiv erh\u00e4ltlich bei Matt\u2019s Guitar Shop.\" \/>\n<meta property=\"og:url\" content=\"https:\/\/www.matts-guitar-shop.com\/de\/produit\/gretsch-billy-bo-live-from-texas-billy-gibbons\/\" \/>\n<meta property=\"og:site_name\" content=\"Matt&#039;s Guitar Shop\" \/>\n<meta property=\"article:publisher\" content=\"https:\/\/www.facebook.com\/profile.php?id=100044359842817\" \/>\n<meta property=\"article:modified_time\" content=\"2025-11-20T18:10:44+00:00\" \/>\n<meta property=\"og:image\" content=\"https:\/\/www.matts-guitar-shop.com\/wp-content\/uploads\/2024\/12\/Gretsch-Billy-Bo-Live-From-Texas-Billy-Gibbons.jpg\" \/>\n\t<meta property=\"og:image:width\" content=\"900\" \/>\n\t<meta property=\"og:image:height\" content=\"1300\" \/>\n\t<meta property=\"og:image:type\" content=\"image\/jpeg\" \/>\n<meta name=\"twitter:card\" content=\"summary_large_image\" \/>\n<meta name=\"twitter:label1\" content=\"Gesch\u00e4tzte Lesezeit\" \/>\n\t<meta name=\"twitter:data1\" content=\"2\u00a0Minuten\" \/>\n<script type=\"application\/ld+json\" class=\"yoast-schema-graph\">{\"@context\":\"https:\/\/schema.org\",\"@graph\":[{\"@type\":\"WebPage\",\"@id\":\"https:\/\/www.matts-guitar-shop.com\/de\/produit\/gretsch-billy-bo-live-from-texas-billy-gibbons\/\",\"url\":\"https:\/\/www.matts-guitar-shop.com\/de\/produit\/gretsch-billy-bo-live-from-texas-billy-gibbons\/\",\"name\":\"Gretsch Billy Bo \u201cLive From Texas\u201d Billy Gibbons - Matt&#039;s Guitar Shop\",\"isPartOf\":{\"@id\":\"https:\/\/www.matts-guitar-shop.com\/de\/#website\"},\"primaryImageOfPage\":{\"@id\":\"https:\/\/www.matts-guitar-shop.com\/de\/produit\/gretsch-billy-bo-live-from-texas-billy-gibbons\/#primaryimage\"},\"image\":{\"@id\":\"https:\/\/www.matts-guitar-shop.com\/de\/produit\/gretsch-billy-bo-live-from-texas-billy-gibbons\/#primaryimage\"},\"thumbnailUrl\":\"https:\/\/www.matts-guitar-shop.com\/wp-content\/uploads\/2024\/12\/Gretsch-Billy-Bo-Live-From-Texas-Billy-Gibbons.jpg\",\"datePublished\":\"2024-12-26T21:21:58+00:00\",\"dateModified\":\"2025-11-20T18:10:44+00:00\",\"description\":\"Gretsch Billy Bo \u201eLive From Texas\u201c signiert von Billy Gibbons. Eine au\u00dfergew\u00f6hnliche, seltene Sammlergitarre, exklusiv erh\u00e4ltlich bei Matt\u2019s Guitar Shop.\",\"breadcrumb\":{\"@id\":\"https:\/\/www.matts-guitar-shop.com\/de\/produit\/gretsch-billy-bo-live-from-texas-billy-gibbons\/#breadcrumb\"},\"inLanguage\":\"de\",\"potentialAction\":[{\"@type\":\"ReadAction\",\"target\":[\"https:\/\/www.matts-guitar-shop.com\/de\/produit\/gretsch-billy-bo-live-from-texas-billy-gibbons\/\"]}]},{\"@type\":\"ImageObject\",\"inLanguage\":\"de\",\"@id\":\"https:\/\/www.matts-guitar-shop.com\/de\/produit\/gretsch-billy-bo-live-from-texas-billy-gibbons\/#primaryimage\",\"url\":\"https:\/\/www.matts-guitar-shop.com\/wp-content\/uploads\/2024\/12\/Gretsch-Billy-Bo-Live-From-Texas-Billy-Gibbons.jpg\",\"contentUrl\":\"https:\/\/www.matts-guitar-shop.com\/wp-content\/uploads\/2024\/12\/Gretsch-Billy-Bo-Live-From-Texas-Billy-Gibbons.jpg\",\"width\":900,\"height\":1300},{\"@type\":\"BreadcrumbList\",\"@id\":\"https:\/\/www.matts-guitar-shop.com\/de\/produit\/gretsch-billy-bo-live-from-texas-billy-gibbons\/#breadcrumb\",\"itemListElement\":[{\"@type\":\"ListItem\",\"position\":1,\"name\":\"Startseite\",\"item\":\"https:\/\/www.matts-guitar-shop.com\/de\/\"},{\"@type\":\"ListItem\",\"position\":2,\"name\":\"Shop\",\"item\":\"https:\/\/www.matts-guitar-shop.com\/de\/shop\/\"},{\"@type\":\"ListItem\",\"position\":3,\"name\":\"Gretsch Billy Bo \u201cLive From Texas\u201d Billy Gibbons\"}]},{\"@type\":\"WebSite\",\"@id\":\"https:\/\/www.matts-guitar-shop.com\/de\/#website\",\"url\":\"https:\/\/www.matts-guitar-shop.com\/de\/\",\"name\":\"matts-guitar-shop.com\",\"description\":\"Guitar Shop\",\"publisher\":{\"@id\":\"https:\/\/www.matts-guitar-shop.com\/de\/#organization\"},\"potentialAction\":[{\"@type\":\"SearchAction\",\"target\":{\"@type\":\"EntryPoint\",\"urlTemplate\":\"https:\/\/www.matts-guitar-shop.com\/de\/?s={search_term_string}\"},\"query-input\":{\"@type\":\"PropertyValueSpecification\",\"valueRequired\":true,\"valueName\":\"search_term_string\"}}],\"inLanguage\":\"de\"},{\"@type\":\"Organization\",\"@id\":\"https:\/\/www.matts-guitar-shop.com\/de\/#organization\",\"name\":\"matts-guitar-shop.com\",\"url\":\"https:\/\/www.matts-guitar-shop.com\/de\/\",\"logo\":{\"@type\":\"ImageObject\",\"inLanguage\":\"de\",\"@id\":\"https:\/\/www.matts-guitar-shop.com\/de\/#\/schema\/logo\/image\/\",\"url\":\"https:\/\/www.matts-guitar-shop.com\/wp-content\/uploads\/2024\/09\/MGS-logo-site-02.png\",\"contentUrl\":\"https:\/\/www.matts-guitar-shop.com\/wp-content\/uploads\/2024\/09\/MGS-logo-site-02.png\",\"width\":200,\"height\":122,\"caption\":\"matts-guitar-shop.com\"},\"image\":{\"@id\":\"https:\/\/www.matts-guitar-shop.com\/de\/#\/schema\/logo\/image\/\"},\"sameAs\":[\"https:\/\/www.facebook.com\/profile.php?id=100044359842817\",\"https:\/\/www.instagram.com\/mattsguitarshop\/\",\"https:\/\/www.youtube.com\/@MattLucasMan\/videos\"]}]}<\/script>\n<!-- \/ Yoast SEO plugin. -->","yoast_head_json":{"title":"Gretsch Billy Bo \u201cLive From Texas\u201d Billy Gibbons - Matt&#039;s Guitar Shop","description":"Gretsch Billy Bo \u201eLive From Texas\u201c signiert von Billy Gibbons. Eine au\u00dfergew\u00f6hnliche, seltene Sammlergitarre, exklusiv erh\u00e4ltlich bei Matt\u2019s Guitar Shop.","robots":{"index":"index","follow":"follow","max-snippet":"max-snippet:-1","max-image-preview":"max-image-preview:large","max-video-preview":"max-video-preview:-1"},"canonical":"https:\/\/www.matts-guitar-shop.com\/de\/produit\/gretsch-billy-bo-live-from-texas-billy-gibbons\/","og_locale":"de_DE","og_type":"article","og_title":"Gretsch Billy Bo \u201cLive From Texas\u201d Billy Gibbons - Matt&#039;s Guitar Shop","og_description":"Gretsch Billy Bo \u201eLive From Texas\u201c signiert von Billy Gibbons. Eine au\u00dfergew\u00f6hnliche, seltene Sammlergitarre, exklusiv erh\u00e4ltlich bei Matt\u2019s Guitar Shop.","og_url":"https:\/\/www.matts-guitar-shop.com\/de\/produit\/gretsch-billy-bo-live-from-texas-billy-gibbons\/","og_site_name":"Matt&#039;s Guitar Shop","article_publisher":"https:\/\/www.facebook.com\/profile.php?id=100044359842817","article_modified_time":"2025-11-20T18:10:44+00:00","og_image":[{"width":900,"height":1300,"url":"https:\/\/www.matts-guitar-shop.com\/wp-content\/uploads\/2024\/12\/Gretsch-Billy-Bo-Live-From-Texas-Billy-Gibbons.jpg","type":"image\/jpeg"}],"twitter_card":"summary_large_image","twitter_misc":{"Gesch\u00e4tzte Lesezeit":"2\u00a0Minuten"},"schema":{"@context":"https:\/\/schema.org","@graph":[{"@type":"WebPage","@id":"https:\/\/www.matts-guitar-shop.com\/de\/produit\/gretsch-billy-bo-live-from-texas-billy-gibbons\/","url":"https:\/\/www.matts-guitar-shop.com\/de\/produit\/gretsch-billy-bo-live-from-texas-billy-gibbons\/","name":"Gretsch Billy Bo \u201cLive From Texas\u201d Billy Gibbons - Matt&#039;s Guitar Shop","isPartOf":{"@id":"https:\/\/www.matts-guitar-shop.com\/de\/#website"},"primaryImageOfPage":{"@id":"https:\/\/www.matts-guitar-shop.com\/de\/produit\/gretsch-billy-bo-live-from-texas-billy-gibbons\/#primaryimage"},"image":{"@id":"https:\/\/www.matts-guitar-shop.com\/de\/produit\/gretsch-billy-bo-live-from-texas-billy-gibbons\/#primaryimage"},"thumbnailUrl":"https:\/\/www.matts-guitar-shop.com\/wp-content\/uploads\/2024\/12\/Gretsch-Billy-Bo-Live-From-Texas-Billy-Gibbons.jpg","datePublished":"2024-12-26T21:21:58+00:00","dateModified":"2025-11-20T18:10:44+00:00","description":"Gretsch Billy Bo \u201eLive From Texas\u201c signiert von Billy Gibbons. Eine au\u00dfergew\u00f6hnliche, seltene Sammlergitarre, exklusiv erh\u00e4ltlich bei Matt\u2019s Guitar Shop.","breadcrumb":{"@id":"https:\/\/www.matts-guitar-shop.com\/de\/produit\/gretsch-billy-bo-live-from-texas-billy-gibbons\/#breadcrumb"},"inLanguage":"de","potentialAction":[{"@type":"ReadAction","target":["https:\/\/www.matts-guitar-shop.com\/de\/produit\/gretsch-billy-bo-live-from-texas-billy-gibbons\/"]}]},{"@type":"ImageObject","inLanguage":"de","@id":"https:\/\/www.matts-guitar-shop.com\/de\/produit\/gretsch-billy-bo-live-from-texas-billy-gibbons\/#primaryimage","url":"https:\/\/www.matts-guitar-shop.com\/wp-content\/uploads\/2024\/12\/Gretsch-Billy-Bo-Live-From-Texas-Billy-Gibbons.jpg","contentUrl":"https:\/\/www.matts-guitar-shop.com\/wp-content\/uploads\/2024\/12\/Gretsch-Billy-Bo-Live-From-Texas-Billy-Gibbons.jpg","width":900,"height":1300},{"@type":"BreadcrumbList","@id":"https:\/\/www.matts-guitar-shop.com\/de\/produit\/gretsch-billy-bo-live-from-texas-billy-gibbons\/#breadcrumb","itemListElement":[{"@type":"ListItem","position":1,"name":"Startseite","item":"https:\/\/www.matts-guitar-shop.com\/de\/"},{"@type":"ListItem","position":2,"name":"Shop","item":"https:\/\/www.matts-guitar-shop.com\/de\/shop\/"},{"@type":"ListItem","position":3,"name":"Gretsch Billy Bo \u201cLive From Texas\u201d Billy Gibbons"}]},{"@type":"WebSite","@id":"https:\/\/www.matts-guitar-shop.com\/de\/#website","url":"https:\/\/www.matts-guitar-shop.com\/de\/","name":"matts-guitar-shop.com","description":"Guitar Shop","publisher":{"@id":"https:\/\/www.matts-guitar-shop.com\/de\/#organization"},"potentialAction":[{"@type":"SearchAction","target":{"@type":"EntryPoint","urlTemplate":"https:\/\/www.matts-guitar-shop.com\/de\/?s={search_term_string}"},"query-input":{"@type":"PropertyValueSpecification","valueRequired":true,"valueName":"search_term_string"}}],"inLanguage":"de"},{"@type":"Organization","@id":"https:\/\/www.matts-guitar-shop.com\/de\/#organization","name":"matts-guitar-shop.com","url":"https:\/\/www.matts-guitar-shop.com\/de\/","logo":{"@type":"ImageObject","inLanguage":"de","@id":"https:\/\/www.matts-guitar-shop.com\/de\/#\/schema\/logo\/image\/","url":"https:\/\/www.matts-guitar-shop.com\/wp-content\/uploads\/2024\/09\/MGS-logo-site-02.png","contentUrl":"https:\/\/www.matts-guitar-shop.com\/wp-content\/uploads\/2024\/09\/MGS-logo-site-02.png","width":200,"height":122,"caption":"matts-guitar-shop.com"},"image":{"@id":"https:\/\/www.matts-guitar-shop.com\/de\/#\/schema\/logo\/image\/"},"sameAs":["https:\/\/www.facebook.com\/profile.php?id=100044359842817","https:\/\/www.instagram.com\/mattsguitarshop\/","https:\/\/www.youtube.com\/@MattLucasMan\/videos"]}]}},"_links":{"self":[{"href":"https:\/\/www.matts-guitar-shop.com\/de\/wp-json\/wp\/v2\/product\/19902","targetHints":{"allow":["GET"]}}],"collection":[{"href":"https:\/\/www.matts-guitar-shop.com\/de\/wp-json\/wp\/v2\/product"}],"about":[{"href":"https:\/\/www.matts-guitar-shop.com\/de\/wp-json\/wp\/v2\/types\/product"}],"replies":[{"embeddable":true,"href":"https:\/\/www.matts-guitar-shop.com\/de\/wp-json\/wp\/v2\/comments?post=19902"}],"wp:featuredmedia":[{"embeddable":true,"href":"https:\/\/www.matts-guitar-shop.com\/de\/wp-json\/wp\/v2\/media\/12014"}],"wp:attachment":[{"href":"https:\/\/www.matts-guitar-shop.com\/de\/wp-json\/wp\/v2\/media?parent=19902"}],"wp:term":[{"taxonomy":"product_brand","embeddable":true,"href":"https:\/\/www.matts-guitar-shop.com\/de\/wp-json\/wp\/v2\/product_brand?post=19902"},{"taxonomy":"product_cat","embeddable":true,"href":"https:\/\/www.matts-guitar-shop.com\/de\/wp-json\/wp\/v2\/product_cat?post=19902"},{"taxonomy":"product_tag","embeddable":true,"href":"https:\/\/www.matts-guitar-shop.com\/de\/wp-json\/wp\/v2\/product_tag?post=19902"}],"curies":[{"name":"wp","href":"https:\/\/api.w.org\/{rel}","templated":true}]}}