{"id":19899,"date":"2024-12-23T23:52:00","date_gmt":"2024-12-23T22:52:00","guid":{"rendered":"https:\/\/www.matts-guitar-shop.com\/produit\/rory-gallaghers-1966-white-fender-telecaster\/"},"modified":"2026-05-05T20:26:30","modified_gmt":"2026-05-05T18:26:30","slug":"rory-gallaghers-1966-white-fender-telecaster","status":"publish","type":"product","link":"https:\/\/www.matts-guitar-shop.com\/de\/produit\/rory-gallaghers-1966-white-fender-telecaster\/","title":{"rendered":"Rory Gallagher\u2019s 1966 white Fender Telecaster"},"content":{"rendered":"<h2>Rory Gallagher<\/h2>\n<p>Als sich Anfang der 1970er-Jahre Rock und Blues in einer brodelnden, kreativen Welle vermischten, tauchte ein Musiker aus Irland als einer der inspirierendsten seiner Generation auf: <strong>Rory Gallagher<\/strong>. Ohne Kunstgriffe und ohne Spektakel\u2014nur mit einem zur\u00fcckhaltenden L\u00e4cheln, einem abgetragenen Hemd und einer zerstrittenen Gitarre\u2014eroberte er zun\u00e4chst Europa und dann die Welt mit einer au\u00dfergew\u00f6hnlichen Aufrichtigkeit.<\/p>\n<p>Rory Gallagher strebte nie nach lautstarker Ber\u00fchmtheit. Sein Ding, als echter Bluesman, war die Stra\u00dfe, der direkte Kontakt zum Publikum und eine absolute musikalische Ehrlichkeit. W\u00e4hrend andere luxuri\u00f6se Studios f\u00fcllten, zog er Bars, ausverkaufte S\u00e4le und endlose Tourneen vor. Songs wie <em>Tattoo\u2019d Lady<\/em>, <em>Calling Card<\/em> oder <em>A Million Miles Away<\/em> zeigen, wie leicht er eine gesamte Menge mit einfachem Groove und roher Emotion in seinen Bann ziehen konnte.<\/p>\n<p>Und dann war da seine Gitarre\u2014seine geliebte Fender Stratocaster, bis aufs Holz abgenutzt, so ikonisch wie der Mann selbst. Eine Strat, geformt durch tausende Konzerte, immer bereit zu br\u00fcllen oder zu fl\u00fcstern unter seinen Fingern. Doch Rory Gallagher beschr\u00e4nkte sich nie auf ein einziges Instrument: Man erinnert sich auch an seine wei\u00dfe Telecaster, mit ebenso viel Liebe wie Neugier modifiziert und stets seiner aktuellen Spielweise angepasst. Jede seiner Gitarren trug die Spuren seiner Experimente: ausgetauschte Pickups, umgebaute Schaltungen, neue Bauteile\u2014alles im Streben nach einem reineren, pers\u00f6nlicheren Klang. Seine Sammlung war keine Troph\u00e4ensammlung, sondern eine Schar von Weggef\u00e4hrten, gezeichnet von Kilometern, Hoteln\u00e4chten, Festivalg\u00e4ngen und stickigen Clubb\u00fchnen.<\/p>\n<p>Auf der B\u00fchne war Rory Gallagher ein bescheidener Wirbelwind. Er wechselte m\u00fchelos zwischen Blues, Rock, Folk und Country. Keine zur Schau gestellte Virtuosit\u00e4t\u2014nur ausdrucksstarkes, gro\u00dfz\u00fcgiges, gl\u00fchendes Spiel, das mit wenigen Noten bewegen konnte. Sein Credo blieb \u00fcber die Jahre unver\u00e4ndert: der Musik, die er liebte, treu bleiben\u2014ohne Kompromisse, ohne Berechnung, immer mit dem Herzen voraus (und der Strat in der Hand).<\/p>\n<p>Eines ist sicher: Rory Gallagher verk\u00f6rpert die Seele des Blues-Rock. Mit seinen modifizierten Gitarren, denen er unvergleichliches Leben einhauchte, seiner unb\u00e4ndigen Energie und seiner einzigartigen Sensibilit\u00e4t bleibt er f\u00fcr viele das Sinnbild musikalischer Integrit\u00e4t. Ein stiller, leidenschaftlicher Wanderer, der die Welt mit der Gitarre \u00fcber der Schulter bereiste und ein Verm\u00e4chtnis hinterlie\u00df, das lebendig, bescheiden und zutiefst menschlich ist.<\/p>\n","protected":false},"excerpt":{"rendered":"<p>Wenn es einen K\u00fcnstler gibt, der die elektrische Gitarre und ihre M\u00f6glichkeiten neu definiert hat, dann ist es <b>Rory Gallagher<\/b>. Der irische Musiker wurde f\u00fcr sein unbestreitbares Gesp\u00fcr f\u00fcr Melodie und Rhythmus legend\u00e4r und z\u00e4hlt zu den einflussreichsten Gitarristen der zeitgen\u00f6ssischen Musikgeschichte. Rory Gallagher geh\u00f6rte zu jenen virtuosen Musikern, die \u00fcber das Bekannte hinausgingen, um ihren einzigartigen, virtuosen Ansatz auf ihrem Instrument zu entwickeln. Bekannt f\u00fcr seine treue Stratocaster von 1961 mit abgenutztem Lack, verf\u00fcgte Gallagher \u00fcber eine beeindruckende Gitarrensammlung, die er f\u00fcr seine Suche nach dem idealen Sound einsetzte. Jedes Instrument wurde sorgf\u00e4ltig ausgew\u00e4hlt und bei einigen modifiziert und umgebaut. Diese wei\u00dfe <b>Telecaster<\/b> von 1966 geh\u00f6rte zu seinen Lieblingsgitarren.<\/p>\n<p>Gallaghers unersch\u00fctterliche Treue zu seinen Instrumenten, insbesondere zur Marke Fender, ist ein fester Bestandteil der Rockgeschichte. Er spielte im Laufe seiner Karriere viele Gitarren, doch seine Haupt-Telecaster war diese herausragende <b>wei\u00dfe Tele von 1966<\/b>. Sie war seine Nummer-1-Slide-Gitarre w\u00e4hrend seiner gesamten glanzvollen Karriere.<\/p>\n<p>Obwohl er vor allem f\u00fcr seine Strat bekannt wurde, griff der irische Bluesmusiker auch gerne zur Telecaster, insbesondere f\u00fcr seine Slide-Parts. Manche sagen sogar, dass dies sein Lieblingsgitarrenmodell war. Rory Gallagher kaufte diese Gitarre Mitte der 1960er Jahre und spielte sie von seinen Anf\u00e4ngen mit <b><i>Taste<\/i><\/b> bis zu seinen letzten Solo-Konzerten. Besonders bemerkenswert war ihr Einsatz 1970 beim Festival auf der Isle of Wight, eine Performance, die auf einem Live-Album und in einer au\u00dfergew\u00f6hnlichen Videoaufnahme dokumentiert wurde. Sein Neffe Daniel, H\u00fcter des umfangreichen Rory-Gallagher-Archivs, best\u00e4tigte mehrfach, dass diese Gitarre seine Haupt-Slide-Gitarre war. Wie viele Gitarren in seiner Sammlung durchlief auch diese Tele mehrere Entwicklungsstadien, die zu ihrer Legende beitrugen. Im Laufe der Jahre modifizierte er das Instrument mehrfach: Unter anderem lie\u00df er ein mittleres Pickup installieren, dessen verdeckte Kavit\u00e4t noch unter dem Pickguard zu sehen ist. Diese au\u00dfergew\u00f6hnliche Telecaster geh\u00f6rt zu den wenigen Instrumenten mit einer Seele und z\u00e4hlt zu den besten Telecastern, die jemals durch den Shop gingen.<\/p>\n","protected":false},"featured_media":13042,"comment_status":"open","ping_status":"closed","template":"","meta":{"_et_pb_use_builder":"","_et_pb_old_content":"","_et_gb_content_width":""},"product_brand":[],"product_cat":[676,672],"product_tag":[],"class_list":{"0":"post-19899","1":"product","2":"type-product","3":"status-publish","4":"has-post-thumbnail","6":"product_cat-ikonische-gitarren","7":"product_cat-verkaufte","8":"pa_artiste-rory-gallagher-de","9":"pa_disponibilite-verkauft","10":"pa_marque-fender-de","12":"first","13":"outofstock","14":"shipping-taxable","15":"product-type-simple"},"yoast_head":"<!-- This site is optimized with the Yoast SEO plugin v26.8 - https:\/\/yoast.com\/product\/yoast-seo-wordpress\/ -->\n<title>Rory Gallagher\u2019s 1966 white Fender Telecaster - Matt&#039;s Guitar Shop<\/title>\n<meta name=\"description\" content=\"Rory Gallaghers wei\u00dfe Fender Telecaster von 1966, eine legend\u00e4re und seltene Vintage-Gitarre. Sammlerst\u00fcck erh\u00e4ltlich bei Matt\u2019s Guitar Shop.\" \/>\n<meta name=\"robots\" content=\"index, follow, max-snippet:-1, max-image-preview:large, max-video-preview:-1\" \/>\n<link rel=\"canonical\" href=\"https:\/\/www.matts-guitar-shop.com\/de\/produit\/rory-gallaghers-1966-white-fender-telecaster\/\" \/>\n<meta property=\"og:locale\" content=\"de_DE\" \/>\n<meta property=\"og:type\" content=\"article\" \/>\n<meta property=\"og:title\" content=\"Rory Gallagher\u2019s 1966 white Fender Telecaster - Matt&#039;s Guitar Shop\" \/>\n<meta property=\"og:description\" content=\"Rory Gallaghers wei\u00dfe Fender Telecaster von 1966, eine legend\u00e4re und seltene Vintage-Gitarre. Sammlerst\u00fcck erh\u00e4ltlich bei Matt\u2019s Guitar Shop.\" \/>\n<meta property=\"og:url\" content=\"https:\/\/www.matts-guitar-shop.com\/de\/produit\/rory-gallaghers-1966-white-fender-telecaster\/\" \/>\n<meta property=\"og:site_name\" content=\"Matt&#039;s Guitar Shop\" \/>\n<meta property=\"article:publisher\" content=\"https:\/\/www.facebook.com\/profile.php?id=100044359842817\" \/>\n<meta property=\"article:modified_time\" content=\"2026-05-05T18:26:30+00:00\" \/>\n<meta property=\"og:image\" content=\"https:\/\/www.matts-guitar-shop.com\/wp-content\/uploads\/2024\/12\/rory-gallagher-fender-telecaster-white-24.jpg\" \/>\n\t<meta property=\"og:image:width\" content=\"800\" \/>\n\t<meta property=\"og:image:height\" content=\"1000\" \/>\n\t<meta property=\"og:image:type\" content=\"image\/jpeg\" \/>\n<meta name=\"twitter:card\" content=\"summary_large_image\" \/>\n<meta name=\"twitter:label1\" content=\"Gesch\u00e4tzte Lesezeit\" \/>\n\t<meta name=\"twitter:data1\" content=\"2\u00a0Minuten\" \/>\n<script type=\"application\/ld+json\" class=\"yoast-schema-graph\">{\"@context\":\"https:\/\/schema.org\",\"@graph\":[{\"@type\":\"WebPage\",\"@id\":\"https:\/\/www.matts-guitar-shop.com\/de\/produit\/rory-gallaghers-1966-white-fender-telecaster\/\",\"url\":\"https:\/\/www.matts-guitar-shop.com\/de\/produit\/rory-gallaghers-1966-white-fender-telecaster\/\",\"name\":\"Rory Gallagher\u2019s 1966 white Fender Telecaster - Matt&#039;s Guitar Shop\",\"isPartOf\":{\"@id\":\"https:\/\/www.matts-guitar-shop.com\/de\/#website\"},\"primaryImageOfPage\":{\"@id\":\"https:\/\/www.matts-guitar-shop.com\/de\/produit\/rory-gallaghers-1966-white-fender-telecaster\/#primaryimage\"},\"image\":{\"@id\":\"https:\/\/www.matts-guitar-shop.com\/de\/produit\/rory-gallaghers-1966-white-fender-telecaster\/#primaryimage\"},\"thumbnailUrl\":\"https:\/\/www.matts-guitar-shop.com\/wp-content\/uploads\/2024\/12\/rory-gallagher-fender-telecaster-white-24.jpg\",\"datePublished\":\"2024-12-23T22:52:00+00:00\",\"dateModified\":\"2026-05-05T18:26:30+00:00\",\"description\":\"Rory Gallaghers wei\u00dfe Fender Telecaster von 1966, eine legend\u00e4re und seltene Vintage-Gitarre. Sammlerst\u00fcck erh\u00e4ltlich bei Matt\u2019s Guitar Shop.\",\"breadcrumb\":{\"@id\":\"https:\/\/www.matts-guitar-shop.com\/de\/produit\/rory-gallaghers-1966-white-fender-telecaster\/#breadcrumb\"},\"inLanguage\":\"de\",\"potentialAction\":[{\"@type\":\"ReadAction\",\"target\":[\"https:\/\/www.matts-guitar-shop.com\/de\/produit\/rory-gallaghers-1966-white-fender-telecaster\/\"]}]},{\"@type\":\"ImageObject\",\"inLanguage\":\"de\",\"@id\":\"https:\/\/www.matts-guitar-shop.com\/de\/produit\/rory-gallaghers-1966-white-fender-telecaster\/#primaryimage\",\"url\":\"https:\/\/www.matts-guitar-shop.com\/wp-content\/uploads\/2024\/12\/rory-gallagher-fender-telecaster-white-24.jpg\",\"contentUrl\":\"https:\/\/www.matts-guitar-shop.com\/wp-content\/uploads\/2024\/12\/rory-gallagher-fender-telecaster-white-24.jpg\",\"width\":800,\"height\":1000},{\"@type\":\"BreadcrumbList\",\"@id\":\"https:\/\/www.matts-guitar-shop.com\/de\/produit\/rory-gallaghers-1966-white-fender-telecaster\/#breadcrumb\",\"itemListElement\":[{\"@type\":\"ListItem\",\"position\":1,\"name\":\"Startseite\",\"item\":\"https:\/\/www.matts-guitar-shop.com\/de\/\"},{\"@type\":\"ListItem\",\"position\":2,\"name\":\"Shop\",\"item\":\"https:\/\/www.matts-guitar-shop.com\/de\/shop\/\"},{\"@type\":\"ListItem\",\"position\":3,\"name\":\"Rory Gallagher\u2019s 1966 white Fender Telecaster\"}]},{\"@type\":\"WebSite\",\"@id\":\"https:\/\/www.matts-guitar-shop.com\/de\/#website\",\"url\":\"https:\/\/www.matts-guitar-shop.com\/de\/\",\"name\":\"matts-guitar-shop.com\",\"description\":\"Guitar Shop\",\"publisher\":{\"@id\":\"https:\/\/www.matts-guitar-shop.com\/de\/#organization\"},\"potentialAction\":[{\"@type\":\"SearchAction\",\"target\":{\"@type\":\"EntryPoint\",\"urlTemplate\":\"https:\/\/www.matts-guitar-shop.com\/de\/?s={search_term_string}\"},\"query-input\":{\"@type\":\"PropertyValueSpecification\",\"valueRequired\":true,\"valueName\":\"search_term_string\"}}],\"inLanguage\":\"de\"},{\"@type\":\"Organization\",\"@id\":\"https:\/\/www.matts-guitar-shop.com\/de\/#organization\",\"name\":\"matts-guitar-shop.com\",\"url\":\"https:\/\/www.matts-guitar-shop.com\/de\/\",\"logo\":{\"@type\":\"ImageObject\",\"inLanguage\":\"de\",\"@id\":\"https:\/\/www.matts-guitar-shop.com\/de\/#\/schema\/logo\/image\/\",\"url\":\"https:\/\/www.matts-guitar-shop.com\/wp-content\/uploads\/2024\/09\/MGS-logo-site-02.png\",\"contentUrl\":\"https:\/\/www.matts-guitar-shop.com\/wp-content\/uploads\/2024\/09\/MGS-logo-site-02.png\",\"width\":200,\"height\":122,\"caption\":\"matts-guitar-shop.com\"},\"image\":{\"@id\":\"https:\/\/www.matts-guitar-shop.com\/de\/#\/schema\/logo\/image\/\"},\"sameAs\":[\"https:\/\/www.facebook.com\/profile.php?id=100044359842817\",\"https:\/\/www.instagram.com\/mattsguitarshop\/\",\"https:\/\/www.youtube.com\/@MattLucasMan\/videos\"]}]}<\/script>\n<!-- \/ Yoast SEO plugin. -->","yoast_head_json":{"title":"Rory Gallagher\u2019s 1966 white Fender Telecaster - Matt&#039;s Guitar Shop","description":"Rory Gallaghers wei\u00dfe Fender Telecaster von 1966, eine legend\u00e4re und seltene Vintage-Gitarre. Sammlerst\u00fcck erh\u00e4ltlich bei Matt\u2019s Guitar Shop.","robots":{"index":"index","follow":"follow","max-snippet":"max-snippet:-1","max-image-preview":"max-image-preview:large","max-video-preview":"max-video-preview:-1"},"canonical":"https:\/\/www.matts-guitar-shop.com\/de\/produit\/rory-gallaghers-1966-white-fender-telecaster\/","og_locale":"de_DE","og_type":"article","og_title":"Rory Gallagher\u2019s 1966 white Fender Telecaster - Matt&#039;s Guitar Shop","og_description":"Rory Gallaghers wei\u00dfe Fender Telecaster von 1966, eine legend\u00e4re und seltene Vintage-Gitarre. Sammlerst\u00fcck erh\u00e4ltlich bei Matt\u2019s Guitar Shop.","og_url":"https:\/\/www.matts-guitar-shop.com\/de\/produit\/rory-gallaghers-1966-white-fender-telecaster\/","og_site_name":"Matt&#039;s Guitar Shop","article_publisher":"https:\/\/www.facebook.com\/profile.php?id=100044359842817","article_modified_time":"2026-05-05T18:26:30+00:00","og_image":[{"width":800,"height":1000,"url":"https:\/\/www.matts-guitar-shop.com\/wp-content\/uploads\/2024\/12\/rory-gallagher-fender-telecaster-white-24.jpg","type":"image\/jpeg"}],"twitter_card":"summary_large_image","twitter_misc":{"Gesch\u00e4tzte Lesezeit":"2\u00a0Minuten"},"schema":{"@context":"https:\/\/schema.org","@graph":[{"@type":"WebPage","@id":"https:\/\/www.matts-guitar-shop.com\/de\/produit\/rory-gallaghers-1966-white-fender-telecaster\/","url":"https:\/\/www.matts-guitar-shop.com\/de\/produit\/rory-gallaghers-1966-white-fender-telecaster\/","name":"Rory Gallagher\u2019s 1966 white Fender Telecaster - Matt&#039;s Guitar Shop","isPartOf":{"@id":"https:\/\/www.matts-guitar-shop.com\/de\/#website"},"primaryImageOfPage":{"@id":"https:\/\/www.matts-guitar-shop.com\/de\/produit\/rory-gallaghers-1966-white-fender-telecaster\/#primaryimage"},"image":{"@id":"https:\/\/www.matts-guitar-shop.com\/de\/produit\/rory-gallaghers-1966-white-fender-telecaster\/#primaryimage"},"thumbnailUrl":"https:\/\/www.matts-guitar-shop.com\/wp-content\/uploads\/2024\/12\/rory-gallagher-fender-telecaster-white-24.jpg","datePublished":"2024-12-23T22:52:00+00:00","dateModified":"2026-05-05T18:26:30+00:00","description":"Rory Gallaghers wei\u00dfe Fender Telecaster von 1966, eine legend\u00e4re und seltene Vintage-Gitarre. Sammlerst\u00fcck erh\u00e4ltlich bei Matt\u2019s Guitar Shop.","breadcrumb":{"@id":"https:\/\/www.matts-guitar-shop.com\/de\/produit\/rory-gallaghers-1966-white-fender-telecaster\/#breadcrumb"},"inLanguage":"de","potentialAction":[{"@type":"ReadAction","target":["https:\/\/www.matts-guitar-shop.com\/de\/produit\/rory-gallaghers-1966-white-fender-telecaster\/"]}]},{"@type":"ImageObject","inLanguage":"de","@id":"https:\/\/www.matts-guitar-shop.com\/de\/produit\/rory-gallaghers-1966-white-fender-telecaster\/#primaryimage","url":"https:\/\/www.matts-guitar-shop.com\/wp-content\/uploads\/2024\/12\/rory-gallagher-fender-telecaster-white-24.jpg","contentUrl":"https:\/\/www.matts-guitar-shop.com\/wp-content\/uploads\/2024\/12\/rory-gallagher-fender-telecaster-white-24.jpg","width":800,"height":1000},{"@type":"BreadcrumbList","@id":"https:\/\/www.matts-guitar-shop.com\/de\/produit\/rory-gallaghers-1966-white-fender-telecaster\/#breadcrumb","itemListElement":[{"@type":"ListItem","position":1,"name":"Startseite","item":"https:\/\/www.matts-guitar-shop.com\/de\/"},{"@type":"ListItem","position":2,"name":"Shop","item":"https:\/\/www.matts-guitar-shop.com\/de\/shop\/"},{"@type":"ListItem","position":3,"name":"Rory Gallagher\u2019s 1966 white Fender Telecaster"}]},{"@type":"WebSite","@id":"https:\/\/www.matts-guitar-shop.com\/de\/#website","url":"https:\/\/www.matts-guitar-shop.com\/de\/","name":"matts-guitar-shop.com","description":"Guitar Shop","publisher":{"@id":"https:\/\/www.matts-guitar-shop.com\/de\/#organization"},"potentialAction":[{"@type":"SearchAction","target":{"@type":"EntryPoint","urlTemplate":"https:\/\/www.matts-guitar-shop.com\/de\/?s={search_term_string}"},"query-input":{"@type":"PropertyValueSpecification","valueRequired":true,"valueName":"search_term_string"}}],"inLanguage":"de"},{"@type":"Organization","@id":"https:\/\/www.matts-guitar-shop.com\/de\/#organization","name":"matts-guitar-shop.com","url":"https:\/\/www.matts-guitar-shop.com\/de\/","logo":{"@type":"ImageObject","inLanguage":"de","@id":"https:\/\/www.matts-guitar-shop.com\/de\/#\/schema\/logo\/image\/","url":"https:\/\/www.matts-guitar-shop.com\/wp-content\/uploads\/2024\/09\/MGS-logo-site-02.png","contentUrl":"https:\/\/www.matts-guitar-shop.com\/wp-content\/uploads\/2024\/09\/MGS-logo-site-02.png","width":200,"height":122,"caption":"matts-guitar-shop.com"},"image":{"@id":"https:\/\/www.matts-guitar-shop.com\/de\/#\/schema\/logo\/image\/"},"sameAs":["https:\/\/www.facebook.com\/profile.php?id=100044359842817","https:\/\/www.instagram.com\/mattsguitarshop\/","https:\/\/www.youtube.com\/@MattLucasMan\/videos"]}]}},"_links":{"self":[{"href":"https:\/\/www.matts-guitar-shop.com\/de\/wp-json\/wp\/v2\/product\/19899","targetHints":{"allow":["GET"]}}],"collection":[{"href":"https:\/\/www.matts-guitar-shop.com\/de\/wp-json\/wp\/v2\/product"}],"about":[{"href":"https:\/\/www.matts-guitar-shop.com\/de\/wp-json\/wp\/v2\/types\/product"}],"replies":[{"embeddable":true,"href":"https:\/\/www.matts-guitar-shop.com\/de\/wp-json\/wp\/v2\/comments?post=19899"}],"wp:featuredmedia":[{"embeddable":true,"href":"https:\/\/www.matts-guitar-shop.com\/de\/wp-json\/wp\/v2\/media\/13042"}],"wp:attachment":[{"href":"https:\/\/www.matts-guitar-shop.com\/de\/wp-json\/wp\/v2\/media?parent=19899"}],"wp:term":[{"taxonomy":"product_brand","embeddable":true,"href":"https:\/\/www.matts-guitar-shop.com\/de\/wp-json\/wp\/v2\/product_brand?post=19899"},{"taxonomy":"product_cat","embeddable":true,"href":"https:\/\/www.matts-guitar-shop.com\/de\/wp-json\/wp\/v2\/product_cat?post=19899"},{"taxonomy":"product_tag","embeddable":true,"href":"https:\/\/www.matts-guitar-shop.com\/de\/wp-json\/wp\/v2\/product_tag?post=19899"}],"curies":[{"name":"wp","href":"https:\/\/api.w.org\/{rel}","templated":true}]}}