{"id":19896,"date":"2025-01-21T20:19:34","date_gmt":"2025-01-21T19:19:34","guid":{"rendered":"https:\/\/www.matts-guitar-shop.com\/produit\/gibson-les-paul-1992-are-you-gonna-go-my-way-tour-ehemals-lenny-kravitz-und-craig-ross\/"},"modified":"2026-05-05T20:01:10","modified_gmt":"2026-05-05T18:01:10","slug":"gibson-les-paul-1992-are-you-gonna-go-my-way-tour-ehemals-lenny-kravitz-und-craig-ross","status":"publish","type":"product","link":"https:\/\/www.matts-guitar-shop.com\/de\/produit\/gibson-les-paul-1992-are-you-gonna-go-my-way-tour-ehemals-lenny-kravitz-und-craig-ross\/","title":{"rendered":"Gibson Les Paul 1992 \u2013 \u201eAre You Gonna Go My Way\u201c-Tour, ehemals Lenny Kravitz und Craig Ross"},"content":{"rendered":"<h2>Lenny Kravitz<\/h2>\n<p>Lenny Kravitz scheint aus jener seltenen und geheimnisvollen Substanz gemacht zu sein, aus der die gr\u00f6\u00dften Ikonen bestehen. Im Laufe der Jahre hat er Epochen, Stile, Genres und Kulturen m\u00fchelos durchquert und sich als zentrale Figur unserer zeitgen\u00f6ssischen Kultur etabliert. Designer, Architekt, Schauspieler, Model, Produzent, Fotograf \u2013 aber vor allem Musiker \u2013 geh\u00f6rt er zu diesen vielseitigen Sch\u00f6pfern, die scheinbar alles erschaffen k\u00f6nnen. Jeder erkennt seine markante Silhouette und seine rauchige Stimme, sei es im Radio oder auf dem roten Teppich. Die Aura von Kravitz hat seine Musik l\u00e4ngst \u00fcberfl\u00fcgelt und ihn zu einer unverzichtbaren Figur der globalen Kulturszene gemacht.<\/p>\n<p>Die Musik von Lenny Kravitz ist pure, konzentrierte Rockenergie. Seine tiefe Stimme und seine Melodien \u00fcberschreiten m\u00fchelos Genregrenzen. Ob er elektrisierende Gitarrenriffs schreibt oder sich in hymnische Piano-Pop-Passagen st\u00fcrzt \u2013 Kravitz spielt mit musikalischen Registern, erg\u00e4nzt sie mit funkigen Basslinien und Rhythm-and-Blues-Einfl\u00fcssen und begeistert damit Generationen. Lenny Kravitz gl\u00e4nzt in allem, was er tut \u2013 ein Beweis daf\u00fcr sind seine ausverkauften Welttourneen, bei denen das Publikum sowohl seine Klassiker von gestern als auch seine heutigen Hits mitsingt.<\/p>\n<p>Seine fr\u00fche Zusammenarbeit mit <strong>Craig Ross<\/strong>, einem virtuosen Musiker von echtem Guitar-Hero-Format, brachte sie an die Spitze der Charts und auf die gr\u00f6\u00dften B\u00fchnen der Welt. Heute bilden sie ein eingespieltes, kreatives Duo, das daran erinnert, dass Musikgeschichte oft von komplement\u00e4ren Partnerschaften gepr\u00e4gt wird.<\/p>\n","protected":false},"excerpt":{"rendered":"<p>F\u00fcr alle Fragen zu dieser Gitarre kontaktieren Sie uns bitte.<\/p>\n","protected":false},"featured_media":13864,"comment_status":"open","ping_status":"closed","template":"","meta":{"_et_pb_use_builder":"","_et_pb_old_content":"","_et_gb_content_width":""},"product_brand":[],"product_cat":[672],"product_tag":[],"class_list":{"0":"post-19896","1":"product","2":"type-product","3":"status-publish","4":"has-post-thumbnail","6":"product_cat-verkaufte","7":"pa_artiste-craig-ross-de","8":"pa_artiste-lenny-kravitz-de","9":"pa_disponibilite-verkauft","10":"pa_marque-gibson-de","12":"first","13":"outofstock","14":"shipping-taxable","15":"product-type-simple"},"yoast_head":"<!-- This site is optimized with the Yoast SEO plugin v26.8 - https:\/\/yoast.com\/product\/yoast-seo-wordpress\/ -->\n<title>Gibson Les Paul 1992 \u2013 \u201eAre You Gonna Go My Way\u201c-Tour, ehemals Lenny Kravitz und Craig Ross - Matt&#039;s Guitar Shop<\/title>\n<meta name=\"description\" content=\"Gibson Les Paul Standard 1992 \u201eAre You Gonna Go My Way Tour\u201c ex-Lenny Kravitz &amp; Craig Ross. Historische und Sammlergitarre, erh\u00e4ltlich bei Matt\u2019s Guitar Shop.\" \/>\n<meta name=\"robots\" content=\"index, follow, max-snippet:-1, max-image-preview:large, max-video-preview:-1\" \/>\n<link rel=\"canonical\" href=\"https:\/\/www.matts-guitar-shop.com\/de\/produit\/gibson-les-paul-1992-are-you-gonna-go-my-way-tour-ehemals-lenny-kravitz-und-craig-ross\/\" \/>\n<meta property=\"og:locale\" content=\"de_DE\" \/>\n<meta property=\"og:type\" content=\"article\" \/>\n<meta property=\"og:title\" content=\"Gibson Les Paul 1992 \u2013 \u201eAre You Gonna Go My Way\u201c-Tour, ehemals Lenny Kravitz und Craig Ross - Matt&#039;s Guitar Shop\" \/>\n<meta property=\"og:description\" content=\"Gibson Les Paul Standard 1992 \u201eAre You Gonna Go My Way Tour\u201c ex-Lenny Kravitz &amp; Craig Ross. Historische und Sammlergitarre, erh\u00e4ltlich bei Matt\u2019s Guitar Shop.\" \/>\n<meta property=\"og:url\" content=\"https:\/\/www.matts-guitar-shop.com\/de\/produit\/gibson-les-paul-1992-are-you-gonna-go-my-way-tour-ehemals-lenny-kravitz-und-craig-ross\/\" \/>\n<meta property=\"og:site_name\" content=\"Matt&#039;s Guitar Shop\" \/>\n<meta property=\"article:publisher\" content=\"https:\/\/www.facebook.com\/profile.php?id=100044359842817\" \/>\n<meta property=\"article:modified_time\" content=\"2026-05-05T18:01:10+00:00\" \/>\n<meta property=\"og:image\" content=\"https:\/\/www.matts-guitar-shop.com\/wp-content\/uploads\/2025\/01\/gibson-les-paul-1992-tour-ex-lenny-kravitz-et-craig-ross-60.jpg\" \/>\n\t<meta property=\"og:image:width\" content=\"800\" \/>\n\t<meta property=\"og:image:height\" content=\"1000\" \/>\n\t<meta property=\"og:image:type\" content=\"image\/jpeg\" \/>\n<meta name=\"twitter:card\" content=\"summary_large_image\" \/>\n<meta name=\"twitter:label1\" content=\"Gesch\u00e4tzte Lesezeit\" \/>\n\t<meta name=\"twitter:data1\" content=\"1\u00a0Minute\" \/>\n<script type=\"application\/ld+json\" class=\"yoast-schema-graph\">{\"@context\":\"https:\/\/schema.org\",\"@graph\":[{\"@type\":\"WebPage\",\"@id\":\"https:\/\/www.matts-guitar-shop.com\/de\/produit\/gibson-les-paul-1992-are-you-gonna-go-my-way-tour-ehemals-lenny-kravitz-und-craig-ross\/\",\"url\":\"https:\/\/www.matts-guitar-shop.com\/de\/produit\/gibson-les-paul-1992-are-you-gonna-go-my-way-tour-ehemals-lenny-kravitz-und-craig-ross\/\",\"name\":\"Gibson Les Paul 1992 \u2013 \u201eAre You Gonna Go My Way\u201c-Tour, ehemals Lenny Kravitz und Craig Ross - Matt&#039;s Guitar Shop\",\"isPartOf\":{\"@id\":\"https:\/\/www.matts-guitar-shop.com\/de\/#website\"},\"primaryImageOfPage\":{\"@id\":\"https:\/\/www.matts-guitar-shop.com\/de\/produit\/gibson-les-paul-1992-are-you-gonna-go-my-way-tour-ehemals-lenny-kravitz-und-craig-ross\/#primaryimage\"},\"image\":{\"@id\":\"https:\/\/www.matts-guitar-shop.com\/de\/produit\/gibson-les-paul-1992-are-you-gonna-go-my-way-tour-ehemals-lenny-kravitz-und-craig-ross\/#primaryimage\"},\"thumbnailUrl\":\"https:\/\/www.matts-guitar-shop.com\/wp-content\/uploads\/2025\/01\/gibson-les-paul-1992-tour-ex-lenny-kravitz-et-craig-ross-60.jpg\",\"datePublished\":\"2025-01-21T19:19:34+00:00\",\"dateModified\":\"2026-05-05T18:01:10+00:00\",\"description\":\"Gibson Les Paul Standard 1992 \u201eAre You Gonna Go My Way Tour\u201c ex-Lenny Kravitz & Craig Ross. Historische und Sammlergitarre, erh\u00e4ltlich bei Matt\u2019s Guitar Shop.\",\"breadcrumb\":{\"@id\":\"https:\/\/www.matts-guitar-shop.com\/de\/produit\/gibson-les-paul-1992-are-you-gonna-go-my-way-tour-ehemals-lenny-kravitz-und-craig-ross\/#breadcrumb\"},\"inLanguage\":\"de\",\"potentialAction\":[{\"@type\":\"ReadAction\",\"target\":[\"https:\/\/www.matts-guitar-shop.com\/de\/produit\/gibson-les-paul-1992-are-you-gonna-go-my-way-tour-ehemals-lenny-kravitz-und-craig-ross\/\"]}]},{\"@type\":\"ImageObject\",\"inLanguage\":\"de\",\"@id\":\"https:\/\/www.matts-guitar-shop.com\/de\/produit\/gibson-les-paul-1992-are-you-gonna-go-my-way-tour-ehemals-lenny-kravitz-und-craig-ross\/#primaryimage\",\"url\":\"https:\/\/www.matts-guitar-shop.com\/wp-content\/uploads\/2025\/01\/gibson-les-paul-1992-tour-ex-lenny-kravitz-et-craig-ross-60.jpg\",\"contentUrl\":\"https:\/\/www.matts-guitar-shop.com\/wp-content\/uploads\/2025\/01\/gibson-les-paul-1992-tour-ex-lenny-kravitz-et-craig-ross-60.jpg\",\"width\":800,\"height\":1000},{\"@type\":\"BreadcrumbList\",\"@id\":\"https:\/\/www.matts-guitar-shop.com\/de\/produit\/gibson-les-paul-1992-are-you-gonna-go-my-way-tour-ehemals-lenny-kravitz-und-craig-ross\/#breadcrumb\",\"itemListElement\":[{\"@type\":\"ListItem\",\"position\":1,\"name\":\"Startseite\",\"item\":\"https:\/\/www.matts-guitar-shop.com\/de\/\"},{\"@type\":\"ListItem\",\"position\":2,\"name\":\"Shop\",\"item\":\"https:\/\/www.matts-guitar-shop.com\/de\/shop\/\"},{\"@type\":\"ListItem\",\"position\":3,\"name\":\"Gibson Les Paul 1992 \u2013 \u201eAre You Gonna Go My Way\u201c-Tour, ehemals Lenny Kravitz und Craig Ross\"}]},{\"@type\":\"WebSite\",\"@id\":\"https:\/\/www.matts-guitar-shop.com\/de\/#website\",\"url\":\"https:\/\/www.matts-guitar-shop.com\/de\/\",\"name\":\"matts-guitar-shop.com\",\"description\":\"Guitar Shop\",\"publisher\":{\"@id\":\"https:\/\/www.matts-guitar-shop.com\/de\/#organization\"},\"potentialAction\":[{\"@type\":\"SearchAction\",\"target\":{\"@type\":\"EntryPoint\",\"urlTemplate\":\"https:\/\/www.matts-guitar-shop.com\/de\/?s={search_term_string}\"},\"query-input\":{\"@type\":\"PropertyValueSpecification\",\"valueRequired\":true,\"valueName\":\"search_term_string\"}}],\"inLanguage\":\"de\"},{\"@type\":\"Organization\",\"@id\":\"https:\/\/www.matts-guitar-shop.com\/de\/#organization\",\"name\":\"matts-guitar-shop.com\",\"url\":\"https:\/\/www.matts-guitar-shop.com\/de\/\",\"logo\":{\"@type\":\"ImageObject\",\"inLanguage\":\"de\",\"@id\":\"https:\/\/www.matts-guitar-shop.com\/de\/#\/schema\/logo\/image\/\",\"url\":\"https:\/\/www.matts-guitar-shop.com\/wp-content\/uploads\/2024\/09\/MGS-logo-site-02.png\",\"contentUrl\":\"https:\/\/www.matts-guitar-shop.com\/wp-content\/uploads\/2024\/09\/MGS-logo-site-02.png\",\"width\":200,\"height\":122,\"caption\":\"matts-guitar-shop.com\"},\"image\":{\"@id\":\"https:\/\/www.matts-guitar-shop.com\/de\/#\/schema\/logo\/image\/\"},\"sameAs\":[\"https:\/\/www.facebook.com\/profile.php?id=100044359842817\",\"https:\/\/www.instagram.com\/mattsguitarshop\/\",\"https:\/\/www.youtube.com\/@MattLucasMan\/videos\"]}]}<\/script>\n<!-- \/ Yoast SEO plugin. -->","yoast_head_json":{"title":"Gibson Les Paul 1992 \u2013 \u201eAre You Gonna Go My Way\u201c-Tour, ehemals Lenny Kravitz und Craig Ross - Matt&#039;s Guitar Shop","description":"Gibson Les Paul Standard 1992 \u201eAre You Gonna Go My Way Tour\u201c ex-Lenny Kravitz & Craig Ross. Historische und Sammlergitarre, erh\u00e4ltlich bei Matt\u2019s Guitar Shop.","robots":{"index":"index","follow":"follow","max-snippet":"max-snippet:-1","max-image-preview":"max-image-preview:large","max-video-preview":"max-video-preview:-1"},"canonical":"https:\/\/www.matts-guitar-shop.com\/de\/produit\/gibson-les-paul-1992-are-you-gonna-go-my-way-tour-ehemals-lenny-kravitz-und-craig-ross\/","og_locale":"de_DE","og_type":"article","og_title":"Gibson Les Paul 1992 \u2013 \u201eAre You Gonna Go My Way\u201c-Tour, ehemals Lenny Kravitz und Craig Ross - Matt&#039;s Guitar Shop","og_description":"Gibson Les Paul Standard 1992 \u201eAre You Gonna Go My Way Tour\u201c ex-Lenny Kravitz & Craig Ross. Historische und Sammlergitarre, erh\u00e4ltlich bei Matt\u2019s Guitar Shop.","og_url":"https:\/\/www.matts-guitar-shop.com\/de\/produit\/gibson-les-paul-1992-are-you-gonna-go-my-way-tour-ehemals-lenny-kravitz-und-craig-ross\/","og_site_name":"Matt&#039;s Guitar Shop","article_publisher":"https:\/\/www.facebook.com\/profile.php?id=100044359842817","article_modified_time":"2026-05-05T18:01:10+00:00","og_image":[{"width":800,"height":1000,"url":"https:\/\/www.matts-guitar-shop.com\/wp-content\/uploads\/2025\/01\/gibson-les-paul-1992-tour-ex-lenny-kravitz-et-craig-ross-60.jpg","type":"image\/jpeg"}],"twitter_card":"summary_large_image","twitter_misc":{"Gesch\u00e4tzte Lesezeit":"1\u00a0Minute"},"schema":{"@context":"https:\/\/schema.org","@graph":[{"@type":"WebPage","@id":"https:\/\/www.matts-guitar-shop.com\/de\/produit\/gibson-les-paul-1992-are-you-gonna-go-my-way-tour-ehemals-lenny-kravitz-und-craig-ross\/","url":"https:\/\/www.matts-guitar-shop.com\/de\/produit\/gibson-les-paul-1992-are-you-gonna-go-my-way-tour-ehemals-lenny-kravitz-und-craig-ross\/","name":"Gibson Les Paul 1992 \u2013 \u201eAre You Gonna Go My Way\u201c-Tour, ehemals Lenny Kravitz und Craig Ross - Matt&#039;s Guitar Shop","isPartOf":{"@id":"https:\/\/www.matts-guitar-shop.com\/de\/#website"},"primaryImageOfPage":{"@id":"https:\/\/www.matts-guitar-shop.com\/de\/produit\/gibson-les-paul-1992-are-you-gonna-go-my-way-tour-ehemals-lenny-kravitz-und-craig-ross\/#primaryimage"},"image":{"@id":"https:\/\/www.matts-guitar-shop.com\/de\/produit\/gibson-les-paul-1992-are-you-gonna-go-my-way-tour-ehemals-lenny-kravitz-und-craig-ross\/#primaryimage"},"thumbnailUrl":"https:\/\/www.matts-guitar-shop.com\/wp-content\/uploads\/2025\/01\/gibson-les-paul-1992-tour-ex-lenny-kravitz-et-craig-ross-60.jpg","datePublished":"2025-01-21T19:19:34+00:00","dateModified":"2026-05-05T18:01:10+00:00","description":"Gibson Les Paul Standard 1992 \u201eAre You Gonna Go My Way Tour\u201c ex-Lenny Kravitz & Craig Ross. Historische und Sammlergitarre, erh\u00e4ltlich bei Matt\u2019s Guitar Shop.","breadcrumb":{"@id":"https:\/\/www.matts-guitar-shop.com\/de\/produit\/gibson-les-paul-1992-are-you-gonna-go-my-way-tour-ehemals-lenny-kravitz-und-craig-ross\/#breadcrumb"},"inLanguage":"de","potentialAction":[{"@type":"ReadAction","target":["https:\/\/www.matts-guitar-shop.com\/de\/produit\/gibson-les-paul-1992-are-you-gonna-go-my-way-tour-ehemals-lenny-kravitz-und-craig-ross\/"]}]},{"@type":"ImageObject","inLanguage":"de","@id":"https:\/\/www.matts-guitar-shop.com\/de\/produit\/gibson-les-paul-1992-are-you-gonna-go-my-way-tour-ehemals-lenny-kravitz-und-craig-ross\/#primaryimage","url":"https:\/\/www.matts-guitar-shop.com\/wp-content\/uploads\/2025\/01\/gibson-les-paul-1992-tour-ex-lenny-kravitz-et-craig-ross-60.jpg","contentUrl":"https:\/\/www.matts-guitar-shop.com\/wp-content\/uploads\/2025\/01\/gibson-les-paul-1992-tour-ex-lenny-kravitz-et-craig-ross-60.jpg","width":800,"height":1000},{"@type":"BreadcrumbList","@id":"https:\/\/www.matts-guitar-shop.com\/de\/produit\/gibson-les-paul-1992-are-you-gonna-go-my-way-tour-ehemals-lenny-kravitz-und-craig-ross\/#breadcrumb","itemListElement":[{"@type":"ListItem","position":1,"name":"Startseite","item":"https:\/\/www.matts-guitar-shop.com\/de\/"},{"@type":"ListItem","position":2,"name":"Shop","item":"https:\/\/www.matts-guitar-shop.com\/de\/shop\/"},{"@type":"ListItem","position":3,"name":"Gibson Les Paul 1992 \u2013 \u201eAre You Gonna Go My Way\u201c-Tour, ehemals Lenny Kravitz und Craig Ross"}]},{"@type":"WebSite","@id":"https:\/\/www.matts-guitar-shop.com\/de\/#website","url":"https:\/\/www.matts-guitar-shop.com\/de\/","name":"matts-guitar-shop.com","description":"Guitar Shop","publisher":{"@id":"https:\/\/www.matts-guitar-shop.com\/de\/#organization"},"potentialAction":[{"@type":"SearchAction","target":{"@type":"EntryPoint","urlTemplate":"https:\/\/www.matts-guitar-shop.com\/de\/?s={search_term_string}"},"query-input":{"@type":"PropertyValueSpecification","valueRequired":true,"valueName":"search_term_string"}}],"inLanguage":"de"},{"@type":"Organization","@id":"https:\/\/www.matts-guitar-shop.com\/de\/#organization","name":"matts-guitar-shop.com","url":"https:\/\/www.matts-guitar-shop.com\/de\/","logo":{"@type":"ImageObject","inLanguage":"de","@id":"https:\/\/www.matts-guitar-shop.com\/de\/#\/schema\/logo\/image\/","url":"https:\/\/www.matts-guitar-shop.com\/wp-content\/uploads\/2024\/09\/MGS-logo-site-02.png","contentUrl":"https:\/\/www.matts-guitar-shop.com\/wp-content\/uploads\/2024\/09\/MGS-logo-site-02.png","width":200,"height":122,"caption":"matts-guitar-shop.com"},"image":{"@id":"https:\/\/www.matts-guitar-shop.com\/de\/#\/schema\/logo\/image\/"},"sameAs":["https:\/\/www.facebook.com\/profile.php?id=100044359842817","https:\/\/www.instagram.com\/mattsguitarshop\/","https:\/\/www.youtube.com\/@MattLucasMan\/videos"]}]}},"_links":{"self":[{"href":"https:\/\/www.matts-guitar-shop.com\/de\/wp-json\/wp\/v2\/product\/19896","targetHints":{"allow":["GET"]}}],"collection":[{"href":"https:\/\/www.matts-guitar-shop.com\/de\/wp-json\/wp\/v2\/product"}],"about":[{"href":"https:\/\/www.matts-guitar-shop.com\/de\/wp-json\/wp\/v2\/types\/product"}],"replies":[{"embeddable":true,"href":"https:\/\/www.matts-guitar-shop.com\/de\/wp-json\/wp\/v2\/comments?post=19896"}],"wp:featuredmedia":[{"embeddable":true,"href":"https:\/\/www.matts-guitar-shop.com\/de\/wp-json\/wp\/v2\/media\/13864"}],"wp:attachment":[{"href":"https:\/\/www.matts-guitar-shop.com\/de\/wp-json\/wp\/v2\/media?parent=19896"}],"wp:term":[{"taxonomy":"product_brand","embeddable":true,"href":"https:\/\/www.matts-guitar-shop.com\/de\/wp-json\/wp\/v2\/product_brand?post=19896"},{"taxonomy":"product_cat","embeddable":true,"href":"https:\/\/www.matts-guitar-shop.com\/de\/wp-json\/wp\/v2\/product_cat?post=19896"},{"taxonomy":"product_tag","embeddable":true,"href":"https:\/\/www.matts-guitar-shop.com\/de\/wp-json\/wp\/v2\/product_tag?post=19896"}],"curies":[{"name":"wp","href":"https:\/\/api.w.org\/{rel}","templated":true}]}}