{"id":19887,"date":"2025-02-11T11:39:12","date_gmt":"2025-02-11T10:39:12","guid":{"rendered":"https:\/\/www.matts-guitar-shop.com\/produit\/deryck-whibleys-gibson-j50\/"},"modified":"2025-11-22T13:55:00","modified_gmt":"2025-11-22T12:55:00","slug":"deryck-whibleys-gibson-j50","status":"publish","type":"product","link":"https:\/\/www.matts-guitar-shop.com\/de\/produit\/deryck-whibleys-gibson-j50\/","title":{"rendered":"Deryck Whibley&#8217;s Gibson J50"},"content":{"rendered":"<h2>Deryck Whibley<\/h2>\n<p>In der Mitte der 2000er-Jahre traten mehrere Bands als Anf\u00fchrer einer weltweiten Jugendbewegung hervor: die R\u00fcckkehr des Punk und der Aufstieg des Pop-Punk. Unter ihnen standen <strong>Sum 41<\/strong> gemeinsam mit Green Day und Blink-182 an vorderster Front. Als charismatischer Kapit\u00e4n einer Band, die die internationalen Radios st\u00fcrmte, f\u00fchrte der Kanadier <strong>Deryck Whibley<\/strong> die Formation an die Spitze und schaffte es sogar, Sum 41 durch schwierigere Zeiten zu man\u00f6vrieren und sie erneut als feste Gr\u00f6\u00dfe ihres Genres zu etablieren.<\/p>\n<p>Eines steht fest: Die sympathischen Sum 41 suchten nie die technische Perfektion. Ganz im Sinne des Punk setzen sie vielmehr auf schnelle Vier-Akkord-Folgen und eing\u00e4ngige Refrains. Mit dieser treuen Rezeptur wurden sie zu pr\u00e4genden Gr\u00f6\u00dfen ihres Stils und schufen Hits wie \u201eIn Too Deep\u201c, \u201eStill Waiting\u201c oder \u201eFat Lip\u201c.<\/p>\n<p>Die kanadische Band ver\u00f6ffentlichte Album um Album voller Punk-Hymnen, die sich genau das richtige Ma\u00df an Metal- und Pop-Einfl\u00fcssen leihen und unerm\u00fcdlich energiegeladene, eing\u00e4ngige Songs liefern. Als unerm\u00fcdlicher Frontmann erf\u00fcllte Deryck Whibley seine Rolle bis zur Abschiedstournee und dem letzten Konzert im Januar 2025. Er war der inspirierte Komponist der gr\u00f6\u00dften Hits von Sum 41 (und des zeitgen\u00f6ssischen Punk), der Kapit\u00e4n, der das Schiff Mitte der 2010er-Jahre wieder auf Kurs brachte und die Band bis zu ihrem letzten Vorhang in Toronto im Januar 2025 zur\u00fcck zu absoluter Referenz f\u00fchrte. Zudem ist er ein versierter Musikproduzent, der aus seinem Home-Studio heraus K\u00fcnstler ber\u00e4t und begleitet, umgeben von Gitarren, die er stets mit besonderer Sorgfalt ausw\u00e4hlt. Punk schlie\u00dft hochwertige Gitarren nicht aus\u2026 solange man sie nicht zertr\u00fcmmert!<\/p>\n","protected":false},"excerpt":{"rendered":"<p>Wenn Sie Informationen zu dieser Gitarre ben\u00f6tigen, z\u00f6gern Sie bitte nicht, uns zu kontaktieren<\/p>\n","protected":false},"featured_media":15014,"comment_status":"open","ping_status":"closed","template":"","meta":{"_et_pb_use_builder":"","_et_pb_old_content":"","_et_gb_content_width":""},"product_brand":[],"product_cat":[675,673,670],"product_tag":[],"class_list":{"0":"post-19887","1":"product","2":"type-product","3":"status-publish","4":"has-post-thumbnail","6":"product_cat-akustikgitarren","7":"product_cat-gitarren","8":"product_cat-kuenstler","9":"pa_artiste-deryck-whibley-de","10":"pa_disponibilite-zu-verkaufen","11":"pa_marque-gibson-de","13":"first","14":"instock","15":"shipping-taxable","16":"purchasable","17":"product-type-simple"},"yoast_head":"<!-- This site is optimized with the Yoast SEO plugin v26.8 - https:\/\/yoast.com\/product\/yoast-seo-wordpress\/ -->\n<title>Deryck Whibley&#039;s Gibson J50 - Matt&#039;s Guitar Shop<\/title>\n<meta name=\"robots\" content=\"index, follow, max-snippet:-1, max-image-preview:large, max-video-preview:-1\" \/>\n<link rel=\"canonical\" href=\"https:\/\/www.matts-guitar-shop.com\/de\/produit\/deryck-whibleys-gibson-j50\/\" \/>\n<meta property=\"og:locale\" content=\"de_DE\" \/>\n<meta property=\"og:type\" content=\"article\" \/>\n<meta property=\"og:title\" content=\"Deryck Whibley&#039;s Gibson J50 - Matt&#039;s Guitar Shop\" \/>\n<meta property=\"og:description\" content=\"Wenn Sie Informationen zu dieser Gitarre ben\u00f6tigen, z\u00f6gern Sie bitte nicht, uns zu kontaktieren\" \/>\n<meta property=\"og:url\" content=\"https:\/\/www.matts-guitar-shop.com\/de\/produit\/deryck-whibleys-gibson-j50\/\" \/>\n<meta property=\"og:site_name\" content=\"Matt&#039;s Guitar Shop\" \/>\n<meta property=\"article:publisher\" content=\"https:\/\/www.facebook.com\/profile.php?id=100044359842817\" \/>\n<meta property=\"article:modified_time\" content=\"2025-11-22T12:55:00+00:00\" \/>\n<meta property=\"og:image\" content=\"https:\/\/www.matts-guitar-shop.com\/wp-content\/uploads\/2025\/02\/deryck-whibley-j50-gibson-guitar-00.jpg\" \/>\n\t<meta property=\"og:image:width\" content=\"1000\" \/>\n\t<meta property=\"og:image:height\" content=\"1250\" \/>\n\t<meta property=\"og:image:type\" content=\"image\/jpeg\" \/>\n<meta name=\"twitter:card\" content=\"summary_large_image\" \/>\n<meta name=\"twitter:label1\" content=\"Gesch\u00e4tzte Lesezeit\" \/>\n\t<meta name=\"twitter:data1\" content=\"1\u00a0Minute\" \/>\n<script type=\"application\/ld+json\" class=\"yoast-schema-graph\">{\"@context\":\"https:\/\/schema.org\",\"@graph\":[{\"@type\":\"WebPage\",\"@id\":\"https:\/\/www.matts-guitar-shop.com\/de\/produit\/deryck-whibleys-gibson-j50\/\",\"url\":\"https:\/\/www.matts-guitar-shop.com\/de\/produit\/deryck-whibleys-gibson-j50\/\",\"name\":\"Deryck Whibley's Gibson J50 - Matt&#039;s Guitar Shop\",\"isPartOf\":{\"@id\":\"https:\/\/www.matts-guitar-shop.com\/de\/#website\"},\"primaryImageOfPage\":{\"@id\":\"https:\/\/www.matts-guitar-shop.com\/de\/produit\/deryck-whibleys-gibson-j50\/#primaryimage\"},\"image\":{\"@id\":\"https:\/\/www.matts-guitar-shop.com\/de\/produit\/deryck-whibleys-gibson-j50\/#primaryimage\"},\"thumbnailUrl\":\"https:\/\/www.matts-guitar-shop.com\/wp-content\/uploads\/2025\/02\/deryck-whibley-j50-gibson-guitar-00.jpg\",\"datePublished\":\"2025-02-11T10:39:12+00:00\",\"dateModified\":\"2025-11-22T12:55:00+00:00\",\"breadcrumb\":{\"@id\":\"https:\/\/www.matts-guitar-shop.com\/de\/produit\/deryck-whibleys-gibson-j50\/#breadcrumb\"},\"inLanguage\":\"de\",\"potentialAction\":[{\"@type\":\"ReadAction\",\"target\":[\"https:\/\/www.matts-guitar-shop.com\/de\/produit\/deryck-whibleys-gibson-j50\/\"]}]},{\"@type\":\"ImageObject\",\"inLanguage\":\"de\",\"@id\":\"https:\/\/www.matts-guitar-shop.com\/de\/produit\/deryck-whibleys-gibson-j50\/#primaryimage\",\"url\":\"https:\/\/www.matts-guitar-shop.com\/wp-content\/uploads\/2025\/02\/deryck-whibley-j50-gibson-guitar-00.jpg\",\"contentUrl\":\"https:\/\/www.matts-guitar-shop.com\/wp-content\/uploads\/2025\/02\/deryck-whibley-j50-gibson-guitar-00.jpg\",\"width\":1000,\"height\":1250},{\"@type\":\"BreadcrumbList\",\"@id\":\"https:\/\/www.matts-guitar-shop.com\/de\/produit\/deryck-whibleys-gibson-j50\/#breadcrumb\",\"itemListElement\":[{\"@type\":\"ListItem\",\"position\":1,\"name\":\"Startseite\",\"item\":\"https:\/\/www.matts-guitar-shop.com\/de\/\"},{\"@type\":\"ListItem\",\"position\":2,\"name\":\"Shop\",\"item\":\"https:\/\/www.matts-guitar-shop.com\/de\/shop\/\"},{\"@type\":\"ListItem\",\"position\":3,\"name\":\"Deryck Whibley&#8217;s Gibson J50\"}]},{\"@type\":\"WebSite\",\"@id\":\"https:\/\/www.matts-guitar-shop.com\/de\/#website\",\"url\":\"https:\/\/www.matts-guitar-shop.com\/de\/\",\"name\":\"matts-guitar-shop.com\",\"description\":\"Guitar Shop\",\"publisher\":{\"@id\":\"https:\/\/www.matts-guitar-shop.com\/de\/#organization\"},\"potentialAction\":[{\"@type\":\"SearchAction\",\"target\":{\"@type\":\"EntryPoint\",\"urlTemplate\":\"https:\/\/www.matts-guitar-shop.com\/de\/?s={search_term_string}\"},\"query-input\":{\"@type\":\"PropertyValueSpecification\",\"valueRequired\":true,\"valueName\":\"search_term_string\"}}],\"inLanguage\":\"de\"},{\"@type\":\"Organization\",\"@id\":\"https:\/\/www.matts-guitar-shop.com\/de\/#organization\",\"name\":\"matts-guitar-shop.com\",\"url\":\"https:\/\/www.matts-guitar-shop.com\/de\/\",\"logo\":{\"@type\":\"ImageObject\",\"inLanguage\":\"de\",\"@id\":\"https:\/\/www.matts-guitar-shop.com\/de\/#\/schema\/logo\/image\/\",\"url\":\"https:\/\/www.matts-guitar-shop.com\/wp-content\/uploads\/2024\/09\/MGS-logo-site-02.png\",\"contentUrl\":\"https:\/\/www.matts-guitar-shop.com\/wp-content\/uploads\/2024\/09\/MGS-logo-site-02.png\",\"width\":200,\"height\":122,\"caption\":\"matts-guitar-shop.com\"},\"image\":{\"@id\":\"https:\/\/www.matts-guitar-shop.com\/de\/#\/schema\/logo\/image\/\"},\"sameAs\":[\"https:\/\/www.facebook.com\/profile.php?id=100044359842817\",\"https:\/\/www.instagram.com\/mattsguitarshop\/\",\"https:\/\/www.youtube.com\/@MattLucasMan\/videos\"]}]}<\/script>\n<!-- \/ Yoast SEO plugin. -->","yoast_head_json":{"title":"Deryck Whibley's Gibson J50 - Matt&#039;s Guitar Shop","robots":{"index":"index","follow":"follow","max-snippet":"max-snippet:-1","max-image-preview":"max-image-preview:large","max-video-preview":"max-video-preview:-1"},"canonical":"https:\/\/www.matts-guitar-shop.com\/de\/produit\/deryck-whibleys-gibson-j50\/","og_locale":"de_DE","og_type":"article","og_title":"Deryck Whibley's Gibson J50 - Matt&#039;s Guitar Shop","og_description":"Wenn Sie Informationen zu dieser Gitarre ben\u00f6tigen, z\u00f6gern Sie bitte nicht, uns zu kontaktieren","og_url":"https:\/\/www.matts-guitar-shop.com\/de\/produit\/deryck-whibleys-gibson-j50\/","og_site_name":"Matt&#039;s Guitar Shop","article_publisher":"https:\/\/www.facebook.com\/profile.php?id=100044359842817","article_modified_time":"2025-11-22T12:55:00+00:00","og_image":[{"width":1000,"height":1250,"url":"https:\/\/www.matts-guitar-shop.com\/wp-content\/uploads\/2025\/02\/deryck-whibley-j50-gibson-guitar-00.jpg","type":"image\/jpeg"}],"twitter_card":"summary_large_image","twitter_misc":{"Gesch\u00e4tzte Lesezeit":"1\u00a0Minute"},"schema":{"@context":"https:\/\/schema.org","@graph":[{"@type":"WebPage","@id":"https:\/\/www.matts-guitar-shop.com\/de\/produit\/deryck-whibleys-gibson-j50\/","url":"https:\/\/www.matts-guitar-shop.com\/de\/produit\/deryck-whibleys-gibson-j50\/","name":"Deryck Whibley's Gibson J50 - Matt&#039;s Guitar Shop","isPartOf":{"@id":"https:\/\/www.matts-guitar-shop.com\/de\/#website"},"primaryImageOfPage":{"@id":"https:\/\/www.matts-guitar-shop.com\/de\/produit\/deryck-whibleys-gibson-j50\/#primaryimage"},"image":{"@id":"https:\/\/www.matts-guitar-shop.com\/de\/produit\/deryck-whibleys-gibson-j50\/#primaryimage"},"thumbnailUrl":"https:\/\/www.matts-guitar-shop.com\/wp-content\/uploads\/2025\/02\/deryck-whibley-j50-gibson-guitar-00.jpg","datePublished":"2025-02-11T10:39:12+00:00","dateModified":"2025-11-22T12:55:00+00:00","breadcrumb":{"@id":"https:\/\/www.matts-guitar-shop.com\/de\/produit\/deryck-whibleys-gibson-j50\/#breadcrumb"},"inLanguage":"de","potentialAction":[{"@type":"ReadAction","target":["https:\/\/www.matts-guitar-shop.com\/de\/produit\/deryck-whibleys-gibson-j50\/"]}]},{"@type":"ImageObject","inLanguage":"de","@id":"https:\/\/www.matts-guitar-shop.com\/de\/produit\/deryck-whibleys-gibson-j50\/#primaryimage","url":"https:\/\/www.matts-guitar-shop.com\/wp-content\/uploads\/2025\/02\/deryck-whibley-j50-gibson-guitar-00.jpg","contentUrl":"https:\/\/www.matts-guitar-shop.com\/wp-content\/uploads\/2025\/02\/deryck-whibley-j50-gibson-guitar-00.jpg","width":1000,"height":1250},{"@type":"BreadcrumbList","@id":"https:\/\/www.matts-guitar-shop.com\/de\/produit\/deryck-whibleys-gibson-j50\/#breadcrumb","itemListElement":[{"@type":"ListItem","position":1,"name":"Startseite","item":"https:\/\/www.matts-guitar-shop.com\/de\/"},{"@type":"ListItem","position":2,"name":"Shop","item":"https:\/\/www.matts-guitar-shop.com\/de\/shop\/"},{"@type":"ListItem","position":3,"name":"Deryck Whibley&#8217;s Gibson J50"}]},{"@type":"WebSite","@id":"https:\/\/www.matts-guitar-shop.com\/de\/#website","url":"https:\/\/www.matts-guitar-shop.com\/de\/","name":"matts-guitar-shop.com","description":"Guitar Shop","publisher":{"@id":"https:\/\/www.matts-guitar-shop.com\/de\/#organization"},"potentialAction":[{"@type":"SearchAction","target":{"@type":"EntryPoint","urlTemplate":"https:\/\/www.matts-guitar-shop.com\/de\/?s={search_term_string}"},"query-input":{"@type":"PropertyValueSpecification","valueRequired":true,"valueName":"search_term_string"}}],"inLanguage":"de"},{"@type":"Organization","@id":"https:\/\/www.matts-guitar-shop.com\/de\/#organization","name":"matts-guitar-shop.com","url":"https:\/\/www.matts-guitar-shop.com\/de\/","logo":{"@type":"ImageObject","inLanguage":"de","@id":"https:\/\/www.matts-guitar-shop.com\/de\/#\/schema\/logo\/image\/","url":"https:\/\/www.matts-guitar-shop.com\/wp-content\/uploads\/2024\/09\/MGS-logo-site-02.png","contentUrl":"https:\/\/www.matts-guitar-shop.com\/wp-content\/uploads\/2024\/09\/MGS-logo-site-02.png","width":200,"height":122,"caption":"matts-guitar-shop.com"},"image":{"@id":"https:\/\/www.matts-guitar-shop.com\/de\/#\/schema\/logo\/image\/"},"sameAs":["https:\/\/www.facebook.com\/profile.php?id=100044359842817","https:\/\/www.instagram.com\/mattsguitarshop\/","https:\/\/www.youtube.com\/@MattLucasMan\/videos"]}]}},"_links":{"self":[{"href":"https:\/\/www.matts-guitar-shop.com\/de\/wp-json\/wp\/v2\/product\/19887","targetHints":{"allow":["GET"]}}],"collection":[{"href":"https:\/\/www.matts-guitar-shop.com\/de\/wp-json\/wp\/v2\/product"}],"about":[{"href":"https:\/\/www.matts-guitar-shop.com\/de\/wp-json\/wp\/v2\/types\/product"}],"replies":[{"embeddable":true,"href":"https:\/\/www.matts-guitar-shop.com\/de\/wp-json\/wp\/v2\/comments?post=19887"}],"wp:featuredmedia":[{"embeddable":true,"href":"https:\/\/www.matts-guitar-shop.com\/de\/wp-json\/wp\/v2\/media\/15014"}],"wp:attachment":[{"href":"https:\/\/www.matts-guitar-shop.com\/de\/wp-json\/wp\/v2\/media?parent=19887"}],"wp:term":[{"taxonomy":"product_brand","embeddable":true,"href":"https:\/\/www.matts-guitar-shop.com\/de\/wp-json\/wp\/v2\/product_brand?post=19887"},{"taxonomy":"product_cat","embeddable":true,"href":"https:\/\/www.matts-guitar-shop.com\/de\/wp-json\/wp\/v2\/product_cat?post=19887"},{"taxonomy":"product_tag","embeddable":true,"href":"https:\/\/www.matts-guitar-shop.com\/de\/wp-json\/wp\/v2\/product_tag?post=19887"}],"curies":[{"name":"wp","href":"https:\/\/api.w.org\/{rel}","templated":true}]}}