{"id":19880,"date":"2025-02-11T12:26:34","date_gmt":"2025-02-11T11:26:34","guid":{"rendered":"https:\/\/www.matts-guitar-shop.com\/produit\/george-bensons-blue-dangelico\/"},"modified":"2025-12-02T18:55:37","modified_gmt":"2025-12-02T17:55:37","slug":"george-bensons-blue-dangelico","status":"publish","type":"product","link":"https:\/\/www.matts-guitar-shop.com\/de\/produit\/george-bensons-blue-dangelico\/","title":{"rendered":"George Benson\u2019s Blue D\u2019Angelico"},"content":{"rendered":"<h2>George Benson<\/h2>\n<p>Um die 1970er Jahre, als sich der Jazz zwischen Tradition und Moderne neu zu erfinden suchte, trat ein Gitarrist mit samtiger Stimme als einer seiner brillantesten Architekten hervor: <strong>George Benson<\/strong>. Aufgewachsen im gl\u00fchenden Groove von Pittsburgh, hatte er die Gitarre schon als Kind in den H\u00e4nden und spielte fr\u00fch in den Clubs der Stadt. Schnell kristallisierte sich sein unverwechselbarer Stil heraus: eine einzigartige Mischung aus Jazzvirtuosit\u00e4t, unwiderstehlichem Swing und jener souligen W\u00e4rme, die Herzen zum Schmelzen bringt.<\/p>\n<p>George Benson war nie an leerer Zurschaustellung interessiert. Als Meister der Balance l\u00e4sst er seine Gitarre wie eine menschliche Stimme sprechen, voller Nuancen, Atemz\u00fcge und L\u00e4cheln. Wenn er singt, gewinnt alles eine zus\u00e4tzliche Dimension. Titel wie <em>Breezin\u2019<\/em> oder <em>Give Me the Night<\/em> zeigen, wie m\u00fchelos er eine Melodie zum Grooven bringt, ohne je seine charakteristische Eleganz zu verlieren.<\/p>\n<p>Im Laufe der Jahrzehnte hat Benson alle Facetten afroamerikanischer Musik erkundet: Jazz, Soul, R&amp;B, anspruchsvolle Popmusik \u2013 ohne jemals diesen luftigen Touch zu verlieren, der nur ihm geh\u00f6rt. Auf der B\u00fchne wirkt er wie ein gelassener, gro\u00dfz\u00fcgiger Handwerker, der die Noten mit verbl\u00fcffender Leichtigkeit tanzen l\u00e4sst. W\u00e4hrend andere nach Kraft streben, bevorzugt er Fluss, Melodie und Emotion.<\/p>\n<p>George Benson ist nicht nur eine warme Stimme, sondern auch ein Musiker mit einer tiefen Beziehung zu seinen Gitarren \u2013 ein wesentlicher Bestandteil seiner musikalischen Identit\u00e4t. Besonders seine Hollow-Body-Modelle von Ibanez, die im Laufe der Jahre untrennbar mit seiner eleganten Silhouette verbunden wurden, hat er mit gr\u00f6\u00dfter Sorgfalt ausgew\u00e4hlt. Mehr als eine einfache Zusammenarbeit brachte seine Partnerschaft mit Ibanez fein durchdachte Modelle hervor, die perfekt auf seinen Stil zugeschnitten sind: ein warmer, voller, pr\u00e4ziser Klang, der m\u00fchelos vom ged\u00e4mpften Jazz zum hei\u00dfesten Funk wechseln kann. Jede Gitarre seiner Sammlung erz\u00e4hlt von seinem Faible f\u00fcr hochwertige Instrumente \u2013 Weggef\u00e4hrten, mit denen er einen stets verfeinerten Sound formt.<\/p>\n<p>Unerm\u00fcdlich und immer neugierig bereist George Benson weiterhin die B\u00fchnen der Welt mit derselben Klasse wie fr\u00fcher. Seine j\u00fcngsten Alben, Kooperationen und Hommagen bezeugen einen Musiker, der sich selbst treu geblieben ist: anspruchsvoll, strahlend und zutiefst musikalisch.<\/p>\n","protected":false},"excerpt":{"rendered":"<p>Wenn Sie weitere Informationen zu dieser Gitarre w\u00fcnschen, kontaktieren Sie uns gerne.<\/p>\n","protected":false},"featured_media":15178,"comment_status":"open","ping_status":"closed","template":"","meta":{"_et_pb_use_builder":"","_et_pb_old_content":"","_et_gb_content_width":""},"product_brand":[],"product_cat":[675,673,677,672],"product_tag":[],"class_list":{"0":"post-19880","1":"product","2":"type-product","3":"status-publish","4":"has-post-thumbnail","6":"product_cat-akustikgitarren","7":"product_cat-gitarren","8":"product_cat-elektrische-gitarren","9":"product_cat-verkaufte","10":"pa_artiste-george-benson-de","11":"pa_disponibilite-verkauft","12":"pa_marque-dangelico-de","14":"first","15":"outofstock","16":"shipping-taxable","17":"product-type-simple"},"yoast_head":"<!-- This site is optimized with the Yoast SEO plugin v26.8 - https:\/\/yoast.com\/product\/yoast-seo-wordpress\/ -->\n<title>George Benson\u2019s Blue D\u2019Angelico - Matt&#039;s Guitar Shop<\/title>\n<meta name=\"description\" content=\"George Benson\u2019s Blue D\u2019Angelico. Wenn Sie weitere Informationen zu dieser Gitarre w\u00fcnschen, kontaktieren Sie uns gerne und wir beraten Sie.\" \/>\n<meta name=\"robots\" content=\"index, follow, max-snippet:-1, max-image-preview:large, max-video-preview:-1\" \/>\n<link rel=\"canonical\" href=\"https:\/\/www.matts-guitar-shop.com\/de\/produit\/george-bensons-blue-dangelico\/\" \/>\n<meta property=\"og:locale\" content=\"de_DE\" \/>\n<meta property=\"og:type\" content=\"article\" \/>\n<meta property=\"og:title\" content=\"George Benson\u2019s Blue D\u2019Angelico - Matt&#039;s Guitar Shop\" \/>\n<meta property=\"og:description\" content=\"George Benson\u2019s Blue D\u2019Angelico. Wenn Sie weitere Informationen zu dieser Gitarre w\u00fcnschen, kontaktieren Sie uns gerne und wir beraten Sie.\" \/>\n<meta property=\"og:url\" content=\"https:\/\/www.matts-guitar-shop.com\/de\/produit\/george-bensons-blue-dangelico\/\" \/>\n<meta property=\"og:site_name\" content=\"Matt&#039;s Guitar Shop\" \/>\n<meta property=\"article:publisher\" content=\"https:\/\/www.facebook.com\/profile.php?id=100044359842817\" \/>\n<meta property=\"article:modified_time\" content=\"2025-12-02T17:55:37+00:00\" \/>\n<meta property=\"og:image\" content=\"https:\/\/www.matts-guitar-shop.com\/wp-content\/uploads\/2025\/02\/george-benson-deangelico-blue-00.jpg\" \/>\n\t<meta property=\"og:image:width\" content=\"800\" \/>\n\t<meta property=\"og:image:height\" content=\"1000\" \/>\n\t<meta property=\"og:image:type\" content=\"image\/jpeg\" \/>\n<meta name=\"twitter:card\" content=\"summary_large_image\" \/>\n<meta name=\"twitter:label1\" content=\"Gesch\u00e4tzte Lesezeit\" \/>\n\t<meta name=\"twitter:data1\" content=\"2\u00a0Minuten\" \/>\n<script type=\"application\/ld+json\" class=\"yoast-schema-graph\">{\"@context\":\"https:\/\/schema.org\",\"@graph\":[{\"@type\":\"WebPage\",\"@id\":\"https:\/\/www.matts-guitar-shop.com\/de\/produit\/george-bensons-blue-dangelico\/\",\"url\":\"https:\/\/www.matts-guitar-shop.com\/de\/produit\/george-bensons-blue-dangelico\/\",\"name\":\"George Benson\u2019s Blue D\u2019Angelico - Matt&#039;s Guitar Shop\",\"isPartOf\":{\"@id\":\"https:\/\/www.matts-guitar-shop.com\/de\/#website\"},\"primaryImageOfPage\":{\"@id\":\"https:\/\/www.matts-guitar-shop.com\/de\/produit\/george-bensons-blue-dangelico\/#primaryimage\"},\"image\":{\"@id\":\"https:\/\/www.matts-guitar-shop.com\/de\/produit\/george-bensons-blue-dangelico\/#primaryimage\"},\"thumbnailUrl\":\"https:\/\/www.matts-guitar-shop.com\/wp-content\/uploads\/2025\/02\/george-benson-deangelico-blue-00.jpg\",\"datePublished\":\"2025-02-11T11:26:34+00:00\",\"dateModified\":\"2025-12-02T17:55:37+00:00\",\"description\":\"George Benson\u2019s Blue D\u2019Angelico. Wenn Sie weitere Informationen zu dieser Gitarre w\u00fcnschen, kontaktieren Sie uns gerne und wir beraten Sie.\",\"breadcrumb\":{\"@id\":\"https:\/\/www.matts-guitar-shop.com\/de\/produit\/george-bensons-blue-dangelico\/#breadcrumb\"},\"inLanguage\":\"de\",\"potentialAction\":[{\"@type\":\"ReadAction\",\"target\":[\"https:\/\/www.matts-guitar-shop.com\/de\/produit\/george-bensons-blue-dangelico\/\"]}]},{\"@type\":\"ImageObject\",\"inLanguage\":\"de\",\"@id\":\"https:\/\/www.matts-guitar-shop.com\/de\/produit\/george-bensons-blue-dangelico\/#primaryimage\",\"url\":\"https:\/\/www.matts-guitar-shop.com\/wp-content\/uploads\/2025\/02\/george-benson-deangelico-blue-00.jpg\",\"contentUrl\":\"https:\/\/www.matts-guitar-shop.com\/wp-content\/uploads\/2025\/02\/george-benson-deangelico-blue-00.jpg\",\"width\":800,\"height\":1000},{\"@type\":\"BreadcrumbList\",\"@id\":\"https:\/\/www.matts-guitar-shop.com\/de\/produit\/george-bensons-blue-dangelico\/#breadcrumb\",\"itemListElement\":[{\"@type\":\"ListItem\",\"position\":1,\"name\":\"Startseite\",\"item\":\"https:\/\/www.matts-guitar-shop.com\/de\/\"},{\"@type\":\"ListItem\",\"position\":2,\"name\":\"Shop\",\"item\":\"https:\/\/www.matts-guitar-shop.com\/de\/shop\/\"},{\"@type\":\"ListItem\",\"position\":3,\"name\":\"George Benson\u2019s Blue D\u2019Angelico\"}]},{\"@type\":\"WebSite\",\"@id\":\"https:\/\/www.matts-guitar-shop.com\/de\/#website\",\"url\":\"https:\/\/www.matts-guitar-shop.com\/de\/\",\"name\":\"matts-guitar-shop.com\",\"description\":\"Guitar Shop\",\"publisher\":{\"@id\":\"https:\/\/www.matts-guitar-shop.com\/de\/#organization\"},\"potentialAction\":[{\"@type\":\"SearchAction\",\"target\":{\"@type\":\"EntryPoint\",\"urlTemplate\":\"https:\/\/www.matts-guitar-shop.com\/de\/?s={search_term_string}\"},\"query-input\":{\"@type\":\"PropertyValueSpecification\",\"valueRequired\":true,\"valueName\":\"search_term_string\"}}],\"inLanguage\":\"de\"},{\"@type\":\"Organization\",\"@id\":\"https:\/\/www.matts-guitar-shop.com\/de\/#organization\",\"name\":\"matts-guitar-shop.com\",\"url\":\"https:\/\/www.matts-guitar-shop.com\/de\/\",\"logo\":{\"@type\":\"ImageObject\",\"inLanguage\":\"de\",\"@id\":\"https:\/\/www.matts-guitar-shop.com\/de\/#\/schema\/logo\/image\/\",\"url\":\"https:\/\/www.matts-guitar-shop.com\/wp-content\/uploads\/2024\/09\/MGS-logo-site-02.png\",\"contentUrl\":\"https:\/\/www.matts-guitar-shop.com\/wp-content\/uploads\/2024\/09\/MGS-logo-site-02.png\",\"width\":200,\"height\":122,\"caption\":\"matts-guitar-shop.com\"},\"image\":{\"@id\":\"https:\/\/www.matts-guitar-shop.com\/de\/#\/schema\/logo\/image\/\"},\"sameAs\":[\"https:\/\/www.facebook.com\/profile.php?id=100044359842817\",\"https:\/\/www.instagram.com\/mattsguitarshop\/\",\"https:\/\/www.youtube.com\/@MattLucasMan\/videos\"]}]}<\/script>\n<!-- \/ Yoast SEO plugin. -->","yoast_head_json":{"title":"George Benson\u2019s Blue D\u2019Angelico - Matt&#039;s Guitar Shop","description":"George Benson\u2019s Blue D\u2019Angelico. Wenn Sie weitere Informationen zu dieser Gitarre w\u00fcnschen, kontaktieren Sie uns gerne und wir beraten Sie.","robots":{"index":"index","follow":"follow","max-snippet":"max-snippet:-1","max-image-preview":"max-image-preview:large","max-video-preview":"max-video-preview:-1"},"canonical":"https:\/\/www.matts-guitar-shop.com\/de\/produit\/george-bensons-blue-dangelico\/","og_locale":"de_DE","og_type":"article","og_title":"George Benson\u2019s Blue D\u2019Angelico - Matt&#039;s Guitar Shop","og_description":"George Benson\u2019s Blue D\u2019Angelico. Wenn Sie weitere Informationen zu dieser Gitarre w\u00fcnschen, kontaktieren Sie uns gerne und wir beraten Sie.","og_url":"https:\/\/www.matts-guitar-shop.com\/de\/produit\/george-bensons-blue-dangelico\/","og_site_name":"Matt&#039;s Guitar Shop","article_publisher":"https:\/\/www.facebook.com\/profile.php?id=100044359842817","article_modified_time":"2025-12-02T17:55:37+00:00","og_image":[{"width":800,"height":1000,"url":"https:\/\/www.matts-guitar-shop.com\/wp-content\/uploads\/2025\/02\/george-benson-deangelico-blue-00.jpg","type":"image\/jpeg"}],"twitter_card":"summary_large_image","twitter_misc":{"Gesch\u00e4tzte Lesezeit":"2\u00a0Minuten"},"schema":{"@context":"https:\/\/schema.org","@graph":[{"@type":"WebPage","@id":"https:\/\/www.matts-guitar-shop.com\/de\/produit\/george-bensons-blue-dangelico\/","url":"https:\/\/www.matts-guitar-shop.com\/de\/produit\/george-bensons-blue-dangelico\/","name":"George Benson\u2019s Blue D\u2019Angelico - Matt&#039;s Guitar Shop","isPartOf":{"@id":"https:\/\/www.matts-guitar-shop.com\/de\/#website"},"primaryImageOfPage":{"@id":"https:\/\/www.matts-guitar-shop.com\/de\/produit\/george-bensons-blue-dangelico\/#primaryimage"},"image":{"@id":"https:\/\/www.matts-guitar-shop.com\/de\/produit\/george-bensons-blue-dangelico\/#primaryimage"},"thumbnailUrl":"https:\/\/www.matts-guitar-shop.com\/wp-content\/uploads\/2025\/02\/george-benson-deangelico-blue-00.jpg","datePublished":"2025-02-11T11:26:34+00:00","dateModified":"2025-12-02T17:55:37+00:00","description":"George Benson\u2019s Blue D\u2019Angelico. Wenn Sie weitere Informationen zu dieser Gitarre w\u00fcnschen, kontaktieren Sie uns gerne und wir beraten Sie.","breadcrumb":{"@id":"https:\/\/www.matts-guitar-shop.com\/de\/produit\/george-bensons-blue-dangelico\/#breadcrumb"},"inLanguage":"de","potentialAction":[{"@type":"ReadAction","target":["https:\/\/www.matts-guitar-shop.com\/de\/produit\/george-bensons-blue-dangelico\/"]}]},{"@type":"ImageObject","inLanguage":"de","@id":"https:\/\/www.matts-guitar-shop.com\/de\/produit\/george-bensons-blue-dangelico\/#primaryimage","url":"https:\/\/www.matts-guitar-shop.com\/wp-content\/uploads\/2025\/02\/george-benson-deangelico-blue-00.jpg","contentUrl":"https:\/\/www.matts-guitar-shop.com\/wp-content\/uploads\/2025\/02\/george-benson-deangelico-blue-00.jpg","width":800,"height":1000},{"@type":"BreadcrumbList","@id":"https:\/\/www.matts-guitar-shop.com\/de\/produit\/george-bensons-blue-dangelico\/#breadcrumb","itemListElement":[{"@type":"ListItem","position":1,"name":"Startseite","item":"https:\/\/www.matts-guitar-shop.com\/de\/"},{"@type":"ListItem","position":2,"name":"Shop","item":"https:\/\/www.matts-guitar-shop.com\/de\/shop\/"},{"@type":"ListItem","position":3,"name":"George Benson\u2019s Blue D\u2019Angelico"}]},{"@type":"WebSite","@id":"https:\/\/www.matts-guitar-shop.com\/de\/#website","url":"https:\/\/www.matts-guitar-shop.com\/de\/","name":"matts-guitar-shop.com","description":"Guitar Shop","publisher":{"@id":"https:\/\/www.matts-guitar-shop.com\/de\/#organization"},"potentialAction":[{"@type":"SearchAction","target":{"@type":"EntryPoint","urlTemplate":"https:\/\/www.matts-guitar-shop.com\/de\/?s={search_term_string}"},"query-input":{"@type":"PropertyValueSpecification","valueRequired":true,"valueName":"search_term_string"}}],"inLanguage":"de"},{"@type":"Organization","@id":"https:\/\/www.matts-guitar-shop.com\/de\/#organization","name":"matts-guitar-shop.com","url":"https:\/\/www.matts-guitar-shop.com\/de\/","logo":{"@type":"ImageObject","inLanguage":"de","@id":"https:\/\/www.matts-guitar-shop.com\/de\/#\/schema\/logo\/image\/","url":"https:\/\/www.matts-guitar-shop.com\/wp-content\/uploads\/2024\/09\/MGS-logo-site-02.png","contentUrl":"https:\/\/www.matts-guitar-shop.com\/wp-content\/uploads\/2024\/09\/MGS-logo-site-02.png","width":200,"height":122,"caption":"matts-guitar-shop.com"},"image":{"@id":"https:\/\/www.matts-guitar-shop.com\/de\/#\/schema\/logo\/image\/"},"sameAs":["https:\/\/www.facebook.com\/profile.php?id=100044359842817","https:\/\/www.instagram.com\/mattsguitarshop\/","https:\/\/www.youtube.com\/@MattLucasMan\/videos"]}]}},"_links":{"self":[{"href":"https:\/\/www.matts-guitar-shop.com\/de\/wp-json\/wp\/v2\/product\/19880","targetHints":{"allow":["GET"]}}],"collection":[{"href":"https:\/\/www.matts-guitar-shop.com\/de\/wp-json\/wp\/v2\/product"}],"about":[{"href":"https:\/\/www.matts-guitar-shop.com\/de\/wp-json\/wp\/v2\/types\/product"}],"replies":[{"embeddable":true,"href":"https:\/\/www.matts-guitar-shop.com\/de\/wp-json\/wp\/v2\/comments?post=19880"}],"wp:featuredmedia":[{"embeddable":true,"href":"https:\/\/www.matts-guitar-shop.com\/de\/wp-json\/wp\/v2\/media\/15178"}],"wp:attachment":[{"href":"https:\/\/www.matts-guitar-shop.com\/de\/wp-json\/wp\/v2\/media?parent=19880"}],"wp:term":[{"taxonomy":"product_brand","embeddable":true,"href":"https:\/\/www.matts-guitar-shop.com\/de\/wp-json\/wp\/v2\/product_brand?post=19880"},{"taxonomy":"product_cat","embeddable":true,"href":"https:\/\/www.matts-guitar-shop.com\/de\/wp-json\/wp\/v2\/product_cat?post=19880"},{"taxonomy":"product_tag","embeddable":true,"href":"https:\/\/www.matts-guitar-shop.com\/de\/wp-json\/wp\/v2\/product_tag?post=19880"}],"curies":[{"name":"wp","href":"https:\/\/api.w.org\/{rel}","templated":true}]}}