{"id":19874,"date":"2025-02-15T11:48:56","date_gmt":"2025-02-15T10:48:56","guid":{"rendered":"https:\/\/www.matts-guitar-shop.com\/produit\/jam-waterfall-steve-lukather-signierte-limitierte-auflage\/"},"modified":"2025-12-02T19:58:54","modified_gmt":"2025-12-02T18:58:54","slug":"jam-waterfall-steve-lukather-signierte-limitierte-auflage","status":"publish","type":"product","link":"https:\/\/www.matts-guitar-shop.com\/de\/produit\/jam-waterfall-steve-lukather-signierte-limitierte-auflage\/","title":{"rendered":"JAM Waterfall Steve Lukather signierte limitierte Auflage"},"content":{"rendered":"<h2>Steve Lukather (TOTO)<\/h2>\n<p>Um die Wende der 1980er-Jahre, als die amerikanische Musik zwischen Rock, raffinierter Pop und pulsierenden Studios schwebte, etablierte sich ein kalifornischer Gitarrist als einer ihrer zuverl\u00e4ssigsten und brillantesten Handwerker: <strong>Steve Lukather<\/strong>. Mit Toto pr\u00e4gte er einen eleganten, kraftvollen und charaktervollen Sound, geformt durch ein \u00e4u\u00dferst feines Geh\u00f6r und ein Gef\u00fchl f\u00fcr Groove, das die Jahrzehnte \u00fcberdauert hat. Schon die ersten T\u00f6ne von <em>Hold the Line<\/em>, <em>Rosanna<\/em> oder <em>Africa<\/em> verraten seine unverwechselbare Handschrift \u2013 eine Mischung aus technischer Pr\u00e4zision und warmer Rockenergie.<\/p>\n<p>Steve Lukather wollte nie gl\u00e4nzen um des Glanzes willen. Als Studiomusiker, der beinahe wider Willen zum Star wurde, ist sein Markenzeichen absolute Genauigkeit: das Riff, das das Fundament legt, das Solo, klar wie ein Lichtstrahl, das Arrangement, das vor allem der Musik dient. Er wuchs in den Studios von Los Angeles auf, umgeben von einer Generation erstklassiger Musiker, und wurde schnell zu einem der gefragtesten Gitarristen der Welt. Hunderte von Alben tragen seine Handschrift \u2013 oft ohne dass das Publikum es \u00fcberhaupt wei\u00df!<\/p>\n<p>Mit Toto war Lukather der unerm\u00fcdliche Motor, derjenige, der die Koh\u00e4sion der Band in Zeiten des Zweifels wie des Erfolgs sicherstellte. Auf der B\u00fchne ist seine Pr\u00e4senz zugleich flamboyant und entspannt: die Gitarre hoch, der Blick wach, l\u00e4sst er seine Finger fl\u00fcssige Phrasen formen, oft verziert mit kleinen bluesigen Nuancen, die er besonders liebt. Und wenn er singt, h\u00f6rt man diese warme, leicht raue Stimme, die ihn im Laufe der Jahre zu einem nat\u00fcrlichen Frontmann gemacht hat.<\/p>\n<p>\u201eLuke\u201c, wie man ihn nennt, hat auch eine besondere Beziehung zu Gitarren, entscheidend f\u00fcr das Verst\u00e4ndnis seiner musikalischen Identit\u00e4t. Lange Zeit formte er seinen Sound rund um seine Music Man Luke Modelle, die in Zusammenarbeit mit Ernie Ball entstanden. Instrumente wie ma\u00dfgeschneidert: ergonomisch, vielseitig, f\u00e4hig, sowohl gl\u00fchende Soli als auch subtile Rhythmik zu meistern. Seine Sammlung zeugt von seiner Detailbesessenheit: verfeinerte Elektronik, sorgf\u00e4ltig ausgew\u00e4hlte Pickups, Gitarren als echte Pr\u00e4zisionswerkzeuge. Jedes Instrument ist ein zentrales St\u00fcck, geschaffen, um ein klar definiertes Klanguniversum zu erkunden \u2013 dazu geh\u00f6rt auch seine Leidenschaft f\u00fcr Vintage-Gitarren.<\/p>\n<p>Unerm\u00fcdlich setzt Steve Lukather seinen Weg mit ungebrochener Energie fort. Soloalben, Welttourneen, prestigetr\u00e4chtige Kooperationen: Er bleibt ein gro\u00dfz\u00fcgiger, leidenschaftlicher Musiker, ausgestattet mit einer seltenen Bescheidenheit trotz einer au\u00dfergew\u00f6hnlichen Karriere. Immer bereit zu lernen, sich anzupassen und die Grenzen seines Spiels zu erweitern, verk\u00f6rpert er die Idee, dass ein Gitarrist niemals aufh\u00f6rt zu wachsen.<\/p>\n","protected":false},"excerpt":{"rendered":"<p>F\u00fcr weitere Informationen zu diesem Equipment kontaktieren Sie uns bitte!<\/p>\n","protected":false},"featured_media":15369,"comment_status":"open","ping_status":"closed","template":"","meta":{"_et_pb_use_builder":"","_et_pb_old_content":"","_et_gb_content_width":""},"product_brand":[],"product_cat":[667,669],"product_tag":[],"class_list":{"0":"post-19874","1":"product","2":"type-product","3":"status-publish","4":"has-post-thumbnail","6":"product_cat-amp-effekte","7":"product_cat-effekte","8":"pa_artiste-steve-lukather-de","9":"pa_disponibilite-zu-verkaufen","10":"pa_marque-jam-pedals-de","12":"first","13":"instock","14":"shipping-taxable","15":"product-type-simple"},"yoast_head":"<!-- This site is optimized with the Yoast SEO plugin v26.8 - https:\/\/yoast.com\/product\/yoast-seo-wordpress\/ -->\n<title>JAM Waterfall Steve Lukather signierte limitierte Auflage - Matt&#039;s Guitar Shop<\/title>\n<meta name=\"description\" content=\"JAM Waterfall Steve Lukather signierte limitierte Auflage. F\u00fcr weitere Informationen zu diesem Ger\u00e4t kontaktieren Sie uns bitte!\" \/>\n<meta name=\"robots\" content=\"index, follow, max-snippet:-1, max-image-preview:large, max-video-preview:-1\" \/>\n<link rel=\"canonical\" href=\"https:\/\/www.matts-guitar-shop.com\/de\/produit\/jam-waterfall-steve-lukather-signierte-limitierte-auflage\/\" \/>\n<meta property=\"og:locale\" content=\"de_DE\" \/>\n<meta property=\"og:type\" content=\"article\" \/>\n<meta property=\"og:title\" content=\"JAM Waterfall Steve Lukather signierte limitierte Auflage - Matt&#039;s Guitar Shop\" \/>\n<meta property=\"og:description\" content=\"JAM Waterfall Steve Lukather signierte limitierte Auflage. F\u00fcr weitere Informationen zu diesem Ger\u00e4t kontaktieren Sie uns bitte!\" \/>\n<meta property=\"og:url\" content=\"https:\/\/www.matts-guitar-shop.com\/de\/produit\/jam-waterfall-steve-lukather-signierte-limitierte-auflage\/\" \/>\n<meta property=\"og:site_name\" content=\"Matt&#039;s Guitar Shop\" \/>\n<meta property=\"article:publisher\" content=\"https:\/\/www.facebook.com\/profile.php?id=100044359842817\" \/>\n<meta property=\"article:modified_time\" content=\"2025-12-02T18:58:54+00:00\" \/>\n<meta property=\"og:image\" content=\"https:\/\/www.matts-guitar-shop.com\/wp-content\/uploads\/2025\/02\/steve-lukather-jam-waterfall-pedal-effects-01.jpg\" \/>\n\t<meta property=\"og:image:width\" content=\"800\" \/>\n\t<meta property=\"og:image:height\" content=\"1000\" \/>\n\t<meta property=\"og:image:type\" content=\"image\/jpeg\" \/>\n<meta name=\"twitter:card\" content=\"summary_large_image\" \/>\n<meta name=\"twitter:label1\" content=\"Gesch\u00e4tzte Lesezeit\" \/>\n\t<meta name=\"twitter:data1\" content=\"2\u00a0Minuten\" \/>\n<script type=\"application\/ld+json\" class=\"yoast-schema-graph\">{\"@context\":\"https:\/\/schema.org\",\"@graph\":[{\"@type\":\"WebPage\",\"@id\":\"https:\/\/www.matts-guitar-shop.com\/de\/produit\/jam-waterfall-steve-lukather-signierte-limitierte-auflage\/\",\"url\":\"https:\/\/www.matts-guitar-shop.com\/de\/produit\/jam-waterfall-steve-lukather-signierte-limitierte-auflage\/\",\"name\":\"JAM Waterfall Steve Lukather signierte limitierte Auflage - Matt&#039;s Guitar Shop\",\"isPartOf\":{\"@id\":\"https:\/\/www.matts-guitar-shop.com\/de\/#website\"},\"primaryImageOfPage\":{\"@id\":\"https:\/\/www.matts-guitar-shop.com\/de\/produit\/jam-waterfall-steve-lukather-signierte-limitierte-auflage\/#primaryimage\"},\"image\":{\"@id\":\"https:\/\/www.matts-guitar-shop.com\/de\/produit\/jam-waterfall-steve-lukather-signierte-limitierte-auflage\/#primaryimage\"},\"thumbnailUrl\":\"https:\/\/www.matts-guitar-shop.com\/wp-content\/uploads\/2025\/02\/steve-lukather-jam-waterfall-pedal-effects-01.jpg\",\"datePublished\":\"2025-02-15T10:48:56+00:00\",\"dateModified\":\"2025-12-02T18:58:54+00:00\",\"description\":\"JAM Waterfall Steve Lukather signierte limitierte Auflage. F\u00fcr weitere Informationen zu diesem Ger\u00e4t kontaktieren Sie uns bitte!\",\"breadcrumb\":{\"@id\":\"https:\/\/www.matts-guitar-shop.com\/de\/produit\/jam-waterfall-steve-lukather-signierte-limitierte-auflage\/#breadcrumb\"},\"inLanguage\":\"de\",\"potentialAction\":[{\"@type\":\"ReadAction\",\"target\":[\"https:\/\/www.matts-guitar-shop.com\/de\/produit\/jam-waterfall-steve-lukather-signierte-limitierte-auflage\/\"]}]},{\"@type\":\"ImageObject\",\"inLanguage\":\"de\",\"@id\":\"https:\/\/www.matts-guitar-shop.com\/de\/produit\/jam-waterfall-steve-lukather-signierte-limitierte-auflage\/#primaryimage\",\"url\":\"https:\/\/www.matts-guitar-shop.com\/wp-content\/uploads\/2025\/02\/steve-lukather-jam-waterfall-pedal-effects-01.jpg\",\"contentUrl\":\"https:\/\/www.matts-guitar-shop.com\/wp-content\/uploads\/2025\/02\/steve-lukather-jam-waterfall-pedal-effects-01.jpg\",\"width\":800,\"height\":1000},{\"@type\":\"BreadcrumbList\",\"@id\":\"https:\/\/www.matts-guitar-shop.com\/de\/produit\/jam-waterfall-steve-lukather-signierte-limitierte-auflage\/#breadcrumb\",\"itemListElement\":[{\"@type\":\"ListItem\",\"position\":1,\"name\":\"Startseite\",\"item\":\"https:\/\/www.matts-guitar-shop.com\/de\/\"},{\"@type\":\"ListItem\",\"position\":2,\"name\":\"Shop\",\"item\":\"https:\/\/www.matts-guitar-shop.com\/de\/shop\/\"},{\"@type\":\"ListItem\",\"position\":3,\"name\":\"JAM Waterfall Steve Lukather signierte limitierte Auflage\"}]},{\"@type\":\"WebSite\",\"@id\":\"https:\/\/www.matts-guitar-shop.com\/de\/#website\",\"url\":\"https:\/\/www.matts-guitar-shop.com\/de\/\",\"name\":\"matts-guitar-shop.com\",\"description\":\"Guitar Shop\",\"publisher\":{\"@id\":\"https:\/\/www.matts-guitar-shop.com\/de\/#organization\"},\"potentialAction\":[{\"@type\":\"SearchAction\",\"target\":{\"@type\":\"EntryPoint\",\"urlTemplate\":\"https:\/\/www.matts-guitar-shop.com\/de\/?s={search_term_string}\"},\"query-input\":{\"@type\":\"PropertyValueSpecification\",\"valueRequired\":true,\"valueName\":\"search_term_string\"}}],\"inLanguage\":\"de\"},{\"@type\":\"Organization\",\"@id\":\"https:\/\/www.matts-guitar-shop.com\/de\/#organization\",\"name\":\"matts-guitar-shop.com\",\"url\":\"https:\/\/www.matts-guitar-shop.com\/de\/\",\"logo\":{\"@type\":\"ImageObject\",\"inLanguage\":\"de\",\"@id\":\"https:\/\/www.matts-guitar-shop.com\/de\/#\/schema\/logo\/image\/\",\"url\":\"https:\/\/www.matts-guitar-shop.com\/wp-content\/uploads\/2024\/09\/MGS-logo-site-02.png\",\"contentUrl\":\"https:\/\/www.matts-guitar-shop.com\/wp-content\/uploads\/2024\/09\/MGS-logo-site-02.png\",\"width\":200,\"height\":122,\"caption\":\"matts-guitar-shop.com\"},\"image\":{\"@id\":\"https:\/\/www.matts-guitar-shop.com\/de\/#\/schema\/logo\/image\/\"},\"sameAs\":[\"https:\/\/www.facebook.com\/profile.php?id=100044359842817\",\"https:\/\/www.instagram.com\/mattsguitarshop\/\",\"https:\/\/www.youtube.com\/@MattLucasMan\/videos\"]}]}<\/script>\n<!-- \/ Yoast SEO plugin. -->","yoast_head_json":{"title":"JAM Waterfall Steve Lukather signierte limitierte Auflage - Matt&#039;s Guitar Shop","description":"JAM Waterfall Steve Lukather signierte limitierte Auflage. F\u00fcr weitere Informationen zu diesem Ger\u00e4t kontaktieren Sie uns bitte!","robots":{"index":"index","follow":"follow","max-snippet":"max-snippet:-1","max-image-preview":"max-image-preview:large","max-video-preview":"max-video-preview:-1"},"canonical":"https:\/\/www.matts-guitar-shop.com\/de\/produit\/jam-waterfall-steve-lukather-signierte-limitierte-auflage\/","og_locale":"de_DE","og_type":"article","og_title":"JAM Waterfall Steve Lukather signierte limitierte Auflage - Matt&#039;s Guitar Shop","og_description":"JAM Waterfall Steve Lukather signierte limitierte Auflage. F\u00fcr weitere Informationen zu diesem Ger\u00e4t kontaktieren Sie uns bitte!","og_url":"https:\/\/www.matts-guitar-shop.com\/de\/produit\/jam-waterfall-steve-lukather-signierte-limitierte-auflage\/","og_site_name":"Matt&#039;s Guitar Shop","article_publisher":"https:\/\/www.facebook.com\/profile.php?id=100044359842817","article_modified_time":"2025-12-02T18:58:54+00:00","og_image":[{"width":800,"height":1000,"url":"https:\/\/www.matts-guitar-shop.com\/wp-content\/uploads\/2025\/02\/steve-lukather-jam-waterfall-pedal-effects-01.jpg","type":"image\/jpeg"}],"twitter_card":"summary_large_image","twitter_misc":{"Gesch\u00e4tzte Lesezeit":"2\u00a0Minuten"},"schema":{"@context":"https:\/\/schema.org","@graph":[{"@type":"WebPage","@id":"https:\/\/www.matts-guitar-shop.com\/de\/produit\/jam-waterfall-steve-lukather-signierte-limitierte-auflage\/","url":"https:\/\/www.matts-guitar-shop.com\/de\/produit\/jam-waterfall-steve-lukather-signierte-limitierte-auflage\/","name":"JAM Waterfall Steve Lukather signierte limitierte Auflage - Matt&#039;s Guitar Shop","isPartOf":{"@id":"https:\/\/www.matts-guitar-shop.com\/de\/#website"},"primaryImageOfPage":{"@id":"https:\/\/www.matts-guitar-shop.com\/de\/produit\/jam-waterfall-steve-lukather-signierte-limitierte-auflage\/#primaryimage"},"image":{"@id":"https:\/\/www.matts-guitar-shop.com\/de\/produit\/jam-waterfall-steve-lukather-signierte-limitierte-auflage\/#primaryimage"},"thumbnailUrl":"https:\/\/www.matts-guitar-shop.com\/wp-content\/uploads\/2025\/02\/steve-lukather-jam-waterfall-pedal-effects-01.jpg","datePublished":"2025-02-15T10:48:56+00:00","dateModified":"2025-12-02T18:58:54+00:00","description":"JAM Waterfall Steve Lukather signierte limitierte Auflage. F\u00fcr weitere Informationen zu diesem Ger\u00e4t kontaktieren Sie uns bitte!","breadcrumb":{"@id":"https:\/\/www.matts-guitar-shop.com\/de\/produit\/jam-waterfall-steve-lukather-signierte-limitierte-auflage\/#breadcrumb"},"inLanguage":"de","potentialAction":[{"@type":"ReadAction","target":["https:\/\/www.matts-guitar-shop.com\/de\/produit\/jam-waterfall-steve-lukather-signierte-limitierte-auflage\/"]}]},{"@type":"ImageObject","inLanguage":"de","@id":"https:\/\/www.matts-guitar-shop.com\/de\/produit\/jam-waterfall-steve-lukather-signierte-limitierte-auflage\/#primaryimage","url":"https:\/\/www.matts-guitar-shop.com\/wp-content\/uploads\/2025\/02\/steve-lukather-jam-waterfall-pedal-effects-01.jpg","contentUrl":"https:\/\/www.matts-guitar-shop.com\/wp-content\/uploads\/2025\/02\/steve-lukather-jam-waterfall-pedal-effects-01.jpg","width":800,"height":1000},{"@type":"BreadcrumbList","@id":"https:\/\/www.matts-guitar-shop.com\/de\/produit\/jam-waterfall-steve-lukather-signierte-limitierte-auflage\/#breadcrumb","itemListElement":[{"@type":"ListItem","position":1,"name":"Startseite","item":"https:\/\/www.matts-guitar-shop.com\/de\/"},{"@type":"ListItem","position":2,"name":"Shop","item":"https:\/\/www.matts-guitar-shop.com\/de\/shop\/"},{"@type":"ListItem","position":3,"name":"JAM Waterfall Steve Lukather signierte limitierte Auflage"}]},{"@type":"WebSite","@id":"https:\/\/www.matts-guitar-shop.com\/de\/#website","url":"https:\/\/www.matts-guitar-shop.com\/de\/","name":"matts-guitar-shop.com","description":"Guitar Shop","publisher":{"@id":"https:\/\/www.matts-guitar-shop.com\/de\/#organization"},"potentialAction":[{"@type":"SearchAction","target":{"@type":"EntryPoint","urlTemplate":"https:\/\/www.matts-guitar-shop.com\/de\/?s={search_term_string}"},"query-input":{"@type":"PropertyValueSpecification","valueRequired":true,"valueName":"search_term_string"}}],"inLanguage":"de"},{"@type":"Organization","@id":"https:\/\/www.matts-guitar-shop.com\/de\/#organization","name":"matts-guitar-shop.com","url":"https:\/\/www.matts-guitar-shop.com\/de\/","logo":{"@type":"ImageObject","inLanguage":"de","@id":"https:\/\/www.matts-guitar-shop.com\/de\/#\/schema\/logo\/image\/","url":"https:\/\/www.matts-guitar-shop.com\/wp-content\/uploads\/2024\/09\/MGS-logo-site-02.png","contentUrl":"https:\/\/www.matts-guitar-shop.com\/wp-content\/uploads\/2024\/09\/MGS-logo-site-02.png","width":200,"height":122,"caption":"matts-guitar-shop.com"},"image":{"@id":"https:\/\/www.matts-guitar-shop.com\/de\/#\/schema\/logo\/image\/"},"sameAs":["https:\/\/www.facebook.com\/profile.php?id=100044359842817","https:\/\/www.instagram.com\/mattsguitarshop\/","https:\/\/www.youtube.com\/@MattLucasMan\/videos"]}]}},"_links":{"self":[{"href":"https:\/\/www.matts-guitar-shop.com\/de\/wp-json\/wp\/v2\/product\/19874","targetHints":{"allow":["GET"]}}],"collection":[{"href":"https:\/\/www.matts-guitar-shop.com\/de\/wp-json\/wp\/v2\/product"}],"about":[{"href":"https:\/\/www.matts-guitar-shop.com\/de\/wp-json\/wp\/v2\/types\/product"}],"replies":[{"embeddable":true,"href":"https:\/\/www.matts-guitar-shop.com\/de\/wp-json\/wp\/v2\/comments?post=19874"}],"wp:featuredmedia":[{"embeddable":true,"href":"https:\/\/www.matts-guitar-shop.com\/de\/wp-json\/wp\/v2\/media\/15369"}],"wp:attachment":[{"href":"https:\/\/www.matts-guitar-shop.com\/de\/wp-json\/wp\/v2\/media?parent=19874"}],"wp:term":[{"taxonomy":"product_brand","embeddable":true,"href":"https:\/\/www.matts-guitar-shop.com\/de\/wp-json\/wp\/v2\/product_brand?post=19874"},{"taxonomy":"product_cat","embeddable":true,"href":"https:\/\/www.matts-guitar-shop.com\/de\/wp-json\/wp\/v2\/product_cat?post=19874"},{"taxonomy":"product_tag","embeddable":true,"href":"https:\/\/www.matts-guitar-shop.com\/de\/wp-json\/wp\/v2\/product_tag?post=19874"}],"curies":[{"name":"wp","href":"https:\/\/api.w.org\/{rel}","templated":true}]}}