{"id":36721,"date":"2026-04-26T17:17:00","date_gmt":"2026-04-26T15:17:00","guid":{"rendered":"https:\/\/www.matts-guitar-shop.com\/die-legenden-des-rock\/david-bowie\/"},"modified":"2026-04-26T18:44:42","modified_gmt":"2026-04-26T16:44:42","slug":"david-bowie","status":"publish","type":"page","link":"https:\/\/www.matts-guitar-shop.com\/de\/die-legenden-des-rock\/david-bowie\/","title":{"rendered":"David Bowie"},"content":{"rendered":"<p>[et_pb_section fb_built=&#8220;1&#8243; _builder_version=&#8220;4.27.5&#8243; _module_preset=&#8220;default&#8220; background_color=&#8220;#000000&#8243; global_colors_info=&#8220;{}&#8220;][et_pb_row use_custom_gutter=&#8220;on&#8220; gutter_width=&#8220;2&#8243; admin_label=&#8220;Ligne&#8220; _builder_version=&#8220;4.27.5&#8243; _module_preset=&#8220;default&#8220; width=&#8220;100%&#8220; max_width=&#8220;80%&#8220; custom_margin=&#8220;||||false|false&#8220; custom_padding=&#8220;0px||||false|false&#8220; locked=&#8220;off&#8220; global_colors_info=&#8220;{}&#8220;][et_pb_column type=&#8220;4_4&#8243; _builder_version=&#8220;4.25.2&#8243; _module_preset=&#8220;default&#8220; global_colors_info=&#8220;{}&#8220;][et_pb_post_title meta=&#8220;off&#8220; featured_image=&#8220;off&#8220; _builder_version=&#8220;4.27.5&#8243; _module_preset=&#8220;default&#8220; title_font=&#8220;Open Sans|300|||||||&#8220; title_text_color=&#8220;#ddab05&#8243; title_font_size=&#8220;6rem&#8220; text_orientation=&#8220;center&#8220; custom_margin=&#8220;0px||0px||false|false&#8220; global_colors_info=&#8220;{}&#8220;][\/et_pb_post_title][et_pb_text admin_label=&#8220;Texte&#8220; _builder_version=&#8220;4.27.6&#8243; _module_preset=&#8220;default&#8220; text_font=&#8220;&#8211;et_global_body_font|300|||||||&#8220; text_text_color=&#8220;#FFFFFF&#8220; text_font_size=&#8220;1.5rem&#8220; text_line_height=&#8220;1em&#8220; header_text_align=&#8220;center&#8220; text_orientation=&#8220;center&#8220; global_colors_info=&#8220;{}&#8220;]<\/p>\n<p>Das Cham\u00e4leon des Rock<\/p>\n<p>[\/et_pb_text][\/et_pb_column][\/et_pb_row][et_pb_row column_structure=&#8220;1_3,1_3,1_3&#8243; use_custom_gutter=&#8220;on&#8220; gutter_width=&#8220;2&#8243; admin_label=&#8220;Ligne&#8220; _builder_version=&#8220;4.27.5&#8243; _module_preset=&#8220;default&#8220; width=&#8220;100%&#8220; max_width=&#8220;80%&#8220; custom_margin=&#8220;||||false|false&#8220; custom_padding=&#8220;||||false|false&#8220; locked=&#8220;off&#8220; global_colors_info=&#8220;{}&#8220;][et_pb_column type=&#8220;1_3&#8243; _builder_version=&#8220;4.25.2&#8243; _module_preset=&#8220;default&#8220; global_colors_info=&#8220;{}&#8220;][et_pb_text _builder_version=&#8220;4.27.6&#8243; _module_preset=&#8220;default&#8220; text_font=&#8220;|300|||||||&#8220; text_font_size=&#8220;16px&#8220; header_font=&#8220;|700|||||||&#8220; header_text_align=&#8220;center&#8220; header_font_size=&#8220;36px&#8220; header_2_font=&#8220;&#8211;et_global_heading_font|300|||||||&#8220; header_2_text_color=&#8220;#ddab05&#8243; header_2_font_size=&#8220;24px&#8220; text_orientation=&#8220;justified&#8220; background_layout=&#8220;dark&#8220; width=&#8220;100%&#8220; width_tablet=&#8220;&#8220; width_phone=&#8220;100%&#8220; width_last_edited=&#8220;on|phone&#8220; module_alignment=&#8220;center&#8220; hover_enabled=&#8220;0&#8243; locked=&#8220;off&#8220; global_colors_info=&#8220;{}&#8220; sticky_enabled=&#8220;0&#8243;]<\/p>\n<h2>Herkunft und Anf\u00e4nge<\/h2>\n<p><strong>David Robert Jones<\/strong> wurde am <strong>8. Januar 1947<\/strong> in <strong>Brixton<\/strong>, London, geboren. Er \u00e4nderte seinen Namen in <strong>David Bowie<\/strong>, um Verwechslungen mit Davy Jones von den <strong>Monkees<\/strong> zu vermeiden. Gepr\u00e4gt durch eine Schl\u00e4gerei in der Jugend, die seine linke Pupille <strong>dauerhaft erweitert<\/strong> zur\u00fccklie\u00df (was ihm das Aussehen unterschiedlich farbiger Augen verlieh), studierte er <strong>Pantomime<\/strong> bei <strong>Lindsay Kemp<\/strong> und entwickelte ein ausgepr\u00e4gtes Gesp\u00fcr f\u00fcr B\u00fchnenkunst.<br \/>Sein erster gro\u00dfer Erfolg kam mit <strong>&#8222;Space Oddity&#8220;<\/strong> im Jahr <strong>1969<\/strong>, ver\u00f6ffentlicht f\u00fcnf Tage vor der Mondlandung von <strong>Apollo 11<\/strong>. Die Figur des <strong>Major Tom<\/strong>, eines im Weltraum verlorenen Astronauten, markierte den Beginn einer Karriere, die auf aufeinanderfolgenden <strong>Alter Egos<\/strong> aufgebaut war.<\/p>\n<p>[\/et_pb_text][et_pb_text _builder_version=&#8220;4.27.6&#8243; _module_preset=&#8220;default&#8220; text_font=&#8220;|300|||||||&#8220; text_font_size=&#8220;16px&#8220; header_font=&#8220;|700|||||||&#8220; header_text_align=&#8220;center&#8220; header_font_size=&#8220;36px&#8220; header_2_font=&#8220;&#8211;et_global_heading_font|300|||||||&#8220; header_2_text_color=&#8220;#ddab05&#8243; header_2_font_size=&#8220;24px&#8220; text_orientation=&#8220;justified&#8220; background_layout=&#8220;dark&#8220; width=&#8220;100%&#8220; width_tablet=&#8220;&#8220; width_phone=&#8220;100%&#8220; width_last_edited=&#8220;on|phone&#8220; module_alignment=&#8220;center&#8220; hover_enabled=&#8220;0&#8243; locked=&#8220;off&#8220; global_colors_info=&#8220;{}&#8220; sticky_enabled=&#8220;0&#8243;]<\/p>\n<h2>Ziggy Stardust und die Glam-\u00c4ra<\/h2>\n<p>Das Album <strong>The Rise and Fall of Ziggy Stardust and the Spiders from Mars (1972)<\/strong> machte ihn zu einer <strong>Glam-Rock-Ikone<\/strong>. Seine F\u00e4higkeit zur Selbstverwandlung \u2013 <strong>Ziggy Stardust<\/strong> (Alien-Rockstar), <strong>Aladdin Sane, Halloween Jack<\/strong>, <strong>The Thin White Duke<\/strong> \u2013 revolutionierte das Bild des Rockstars und verwischte die Grenzen von <strong>Geschlecht<\/strong> und <strong>Sexualit\u00e4t<\/strong>.<br \/>Die Berliner Phase mit <strong>Brian Eno<\/strong> brachte die Trilogie <strong>Low (1977)<\/strong>, <strong>&#8222;Heroes&#8220; (1977)<\/strong> und <strong>Lodger (1979)<\/strong> hervor \u2013 drei Alben, die <strong>Rock<\/strong>, <strong>Ambient<\/strong> und <strong>elektronische Musik<\/strong> verbanden und direkten Einfluss auf <strong>New Wave<\/strong>, <strong>Post-Punk<\/strong> und <strong>Synthpop<\/strong> hatten.<\/p>\n<p>[\/et_pb_text][\/et_pb_column][et_pb_column type=&#8220;1_3&#8243; _builder_version=&#8220;4.25.2&#8243; _module_preset=&#8220;default&#8220; global_colors_info=&#8220;{}&#8220;][et_pb_image src=&#8220;https:\/\/www.matts-guitar-shop.com\/wp-content\/uploads\/2026\/04\/david-bowie-biographie-02.webp&#8220; alt=&#8220;Biografie von David Bowie&#8220; title_text=&#8220;david-bowie-biographie-02&#8243; align=&#8220;center&#8220; _builder_version=&#8220;4.27.6&#8243; _module_preset=&#8220;default&#8220; global_colors_info=&#8220;{}&#8220;][\/et_pb_image][\/et_pb_column][et_pb_column type=&#8220;1_3&#8243; _builder_version=&#8220;4.25.2&#8243; _module_preset=&#8220;default&#8220; global_colors_info=&#8220;{}&#8220;][et_pb_text _builder_version=&#8220;4.27.6&#8243; _module_preset=&#8220;default&#8220; text_font=&#8220;|300|||||||&#8220; text_font_size=&#8220;16px&#8220; header_font=&#8220;|700|||||||&#8220; header_text_align=&#8220;center&#8220; header_font_size=&#8220;36px&#8220; header_2_font=&#8220;&#8211;et_global_heading_font|300|||||||&#8220; header_2_text_color=&#8220;#ddab05&#8243; header_2_font_size=&#8220;24px&#8220; text_orientation=&#8220;justified&#8220; background_layout=&#8220;dark&#8220; width=&#8220;100%&#8220; width_tablet=&#8220;&#8220; width_phone=&#8220;100%&#8220; width_last_edited=&#8220;on|phone&#8220; module_alignment=&#8220;center&#8220; hover_enabled=&#8220;0&#8243; locked=&#8220;off&#8220; global_colors_info=&#8220;{}&#8220; sticky_enabled=&#8220;0&#8243;]<\/p>\n<h2>Weltpop und Verm\u00e4chtnis<\/h2>\n<p><strong>Let\u2019s Dance (1983)<\/strong>, produziert von <strong>Nile Rodgers<\/strong> mit <strong>Stevie Ray Vaughan<\/strong> an der Gitarre, brachte ihn an die Spitze der weltweiten Charts. Es wurde das kommerziell erfolgreichste Album seiner Karriere. 1981 schrieb und interpretierte er gemeinsam mit <strong>Queen<\/strong> <strong>&#8222;Under Pressure&#8220;<\/strong>, eines der bekanntesten Duette der Rockgeschichte.<br \/>Sein letztes Album <strong>Blackstar<\/strong> erschien am <strong>8. Januar 2016<\/strong>, seinem <strong>69. Geburtstag<\/strong>, zwei Tage vor seinem Tod an <strong>Leberkrebs<\/strong>, den er geheim gehalten hatte. Das Album gilt als d\u00fcsteres, experimentelles und bewusst gestaltetes k\u00fcnstlerisches Abschiedswerk von ersch\u00fctternder Sch\u00f6nheit. David Bowie starb am <strong>10. Januar 2016<\/strong> in <strong>New York<\/strong>.<br \/>Er verkaufte \u00fcber 140 Millionen Alben und wurde 1996 in die <strong>Rock and Roll Hall of Fame<\/strong> aufgenommen.<\/p>\n<p>[\/et_pb_text][et_pb_text _builder_version=&#8220;4.27.6&#8243; _module_preset=&#8220;default&#8220; text_font=&#8220;|300|||||||&#8220; text_font_size=&#8220;16px&#8220; link_font=&#8220;||||||||&#8220; link_text_align=&#8220;justify&#8220; header_font=&#8220;|700|||||||&#8220; header_text_align=&#8220;center&#8220; header_font_size=&#8220;36px&#8220; header_2_font=&#8220;&#8211;et_global_heading_font|300|||||||&#8220; header_2_text_color=&#8220;#ddab05&#8243; header_2_font_size=&#8220;24px&#8220; text_orientation=&#8220;justified&#8220; background_layout=&#8220;dark&#8220; width=&#8220;100%&#8220; width_tablet=&#8220;&#8220; width_phone=&#8220;100%&#8220; width_last_edited=&#8220;on|phone&#8220; module_alignment=&#8220;center&#8220; hover_enabled=&#8220;0&#8243; locked=&#8220;off&#8220; global_colors_info=&#8220;{}&#8220; sticky_enabled=&#8220;0&#8243;]<\/p>\n<h2>Ikonische Gitarren<\/h2>\n<p>Bowie ist verbunden mit der fr\u00fchen <strong>Supro Dual Tone<\/strong> sowie akustischen Gitarren von <strong>Takamine<\/strong> und <strong>Martin<\/strong>. Seine legend\u00e4ren Gitarristen sind <strong>Mick Ronson<\/strong> (Ziggy-\u00c4ra), <strong>Carlos Alomar<\/strong>, <strong>Robert Fripp<\/strong> und <strong>Reeves Gabrels<\/strong>.<\/p>\n<p>[\/et_pb_text][\/et_pb_column][\/et_pb_row][\/et_pb_section]<\/p>\n","protected":false},"excerpt":{"rendered":"<p>Das Cham\u00e4leon des RockHerkunft und Anf\u00e4nge David Robert Jones wurde am 8. Januar 1947 in Brixton, London, geboren. Er \u00e4nderte seinen Namen in David Bowie, um Verwechslungen mit Davy Jones von den Monkees zu vermeiden. Gepr\u00e4gt durch eine Schl\u00e4gerei in der Jugend, die seine linke Pupille dauerhaft erweitert zur\u00fccklie\u00df (was ihm das Aussehen unterschiedlich farbiger [&hellip;]<\/p>\n","protected":false},"author":2,"featured_media":36634,"parent":24298,"menu_order":0,"comment_status":"closed","ping_status":"closed","template":"","meta":{"_et_pb_use_builder":"on","_et_pb_old_content":"","_et_gb_content_width":"","footnotes":""},"class_list":["post-36721","page","type-page","status-publish","has-post-thumbnail","hentry"],"yoast_head":"<!-- This site is optimized with the Yoast SEO plugin v26.8 - https:\/\/yoast.com\/product\/yoast-seo-wordpress\/ -->\n<title>David Bowie: das Cham\u00e4leon des Rock<\/title>\n<meta name=\"description\" content=\"Entdecken Sie David Bowie, Rock-Ikone, Sch\u00f6pfer von Ziggy Stardust und Autor von Heroes und Let\u2019s Dance. Eine weltweite Legende.\" \/>\n<meta name=\"robots\" content=\"index, follow, max-snippet:-1, max-image-preview:large, max-video-preview:-1\" \/>\n<link rel=\"canonical\" href=\"https:\/\/www.matts-guitar-shop.com\/de\/die-legenden-des-rock\/david-bowie\/\" \/>\n<meta property=\"og:locale\" content=\"de_DE\" \/>\n<meta property=\"og:type\" content=\"article\" \/>\n<meta property=\"og:title\" content=\"David Bowie: das Cham\u00e4leon des Rock\" \/>\n<meta property=\"og:description\" content=\"Entdecken Sie David Bowie, Rock-Ikone, Sch\u00f6pfer von Ziggy Stardust und Autor von Heroes und Let\u2019s Dance. Eine weltweite Legende.\" \/>\n<meta property=\"og:url\" content=\"https:\/\/www.matts-guitar-shop.com\/de\/die-legenden-des-rock\/david-bowie\/\" \/>\n<meta property=\"og:site_name\" content=\"Matt&#039;s Guitar Shop\" \/>\n<meta property=\"article:publisher\" content=\"https:\/\/www.facebook.com\/profile.php?id=100044359842817\" \/>\n<meta property=\"article:modified_time\" content=\"2026-04-26T16:44:42+00:00\" \/>\n<meta property=\"og:image\" content=\"https:\/\/www.matts-guitar-shop.com\/wp-content\/uploads\/2026\/04\/david-bowie-biographie-01.webp\" \/>\n\t<meta property=\"og:image:width\" content=\"400\" \/>\n\t<meta property=\"og:image:height\" content=\"400\" \/>\n\t<meta property=\"og:image:type\" content=\"image\/webp\" \/>\n<meta name=\"twitter:card\" content=\"summary_large_image\" \/>\n<meta name=\"twitter:label1\" content=\"Gesch\u00e4tzte Lesezeit\" \/>\n\t<meta name=\"twitter:data1\" content=\"5\u00a0Minuten\" \/>\n<script type=\"application\/ld+json\" class=\"yoast-schema-graph\">{\"@context\":\"https:\/\/schema.org\",\"@graph\":[{\"@type\":\"WebPage\",\"@id\":\"https:\/\/www.matts-guitar-shop.com\/de\/die-legenden-des-rock\/david-bowie\/\",\"url\":\"https:\/\/www.matts-guitar-shop.com\/de\/die-legenden-des-rock\/david-bowie\/\",\"name\":\"David Bowie: das Cham\u00e4leon des Rock\",\"isPartOf\":{\"@id\":\"https:\/\/www.matts-guitar-shop.com\/de\/#website\"},\"primaryImageOfPage\":{\"@id\":\"https:\/\/www.matts-guitar-shop.com\/de\/die-legenden-des-rock\/david-bowie\/#primaryimage\"},\"image\":{\"@id\":\"https:\/\/www.matts-guitar-shop.com\/de\/die-legenden-des-rock\/david-bowie\/#primaryimage\"},\"thumbnailUrl\":\"https:\/\/www.matts-guitar-shop.com\/wp-content\/uploads\/2026\/04\/david-bowie-biographie-01.webp\",\"datePublished\":\"2026-04-26T15:17:00+00:00\",\"dateModified\":\"2026-04-26T16:44:42+00:00\",\"description\":\"Entdecken Sie David Bowie, Rock-Ikone, Sch\u00f6pfer von Ziggy Stardust und Autor von Heroes und Let\u2019s Dance. Eine weltweite Legende.\",\"breadcrumb\":{\"@id\":\"https:\/\/www.matts-guitar-shop.com\/de\/die-legenden-des-rock\/david-bowie\/#breadcrumb\"},\"inLanguage\":\"de\",\"potentialAction\":[{\"@type\":\"ReadAction\",\"target\":[\"https:\/\/www.matts-guitar-shop.com\/de\/die-legenden-des-rock\/david-bowie\/\"]}]},{\"@type\":\"ImageObject\",\"inLanguage\":\"de\",\"@id\":\"https:\/\/www.matts-guitar-shop.com\/de\/die-legenden-des-rock\/david-bowie\/#primaryimage\",\"url\":\"https:\/\/www.matts-guitar-shop.com\/wp-content\/uploads\/2026\/04\/david-bowie-biographie-01.webp\",\"contentUrl\":\"https:\/\/www.matts-guitar-shop.com\/wp-content\/uploads\/2026\/04\/david-bowie-biographie-01.webp\",\"width\":400,\"height\":400,\"caption\":\"Biographie de David Bowie\"},{\"@type\":\"BreadcrumbList\",\"@id\":\"https:\/\/www.matts-guitar-shop.com\/de\/die-legenden-des-rock\/david-bowie\/#breadcrumb\",\"itemListElement\":[{\"@type\":\"ListItem\",\"position\":1,\"name\":\"Startseite\",\"item\":\"https:\/\/www.matts-guitar-shop.com\/de\/\"},{\"@type\":\"ListItem\",\"position\":2,\"name\":\"Die Legenden des Rock\",\"item\":\"https:\/\/www.matts-guitar-shop.com\/de\/les-legendes-du-rock\/\"},{\"@type\":\"ListItem\",\"position\":3,\"name\":\"David Bowie\"}]},{\"@type\":\"WebSite\",\"@id\":\"https:\/\/www.matts-guitar-shop.com\/de\/#website\",\"url\":\"https:\/\/www.matts-guitar-shop.com\/de\/\",\"name\":\"matts-guitar-shop.com\",\"description\":\"Guitar Shop\",\"publisher\":{\"@id\":\"https:\/\/www.matts-guitar-shop.com\/de\/#organization\"},\"potentialAction\":[{\"@type\":\"SearchAction\",\"target\":{\"@type\":\"EntryPoint\",\"urlTemplate\":\"https:\/\/www.matts-guitar-shop.com\/de\/?s={search_term_string}\"},\"query-input\":{\"@type\":\"PropertyValueSpecification\",\"valueRequired\":true,\"valueName\":\"search_term_string\"}}],\"inLanguage\":\"de\"},{\"@type\":\"Organization\",\"@id\":\"https:\/\/www.matts-guitar-shop.com\/de\/#organization\",\"name\":\"matts-guitar-shop.com\",\"url\":\"https:\/\/www.matts-guitar-shop.com\/de\/\",\"logo\":{\"@type\":\"ImageObject\",\"inLanguage\":\"de\",\"@id\":\"https:\/\/www.matts-guitar-shop.com\/de\/#\/schema\/logo\/image\/\",\"url\":\"https:\/\/www.matts-guitar-shop.com\/wp-content\/uploads\/2024\/09\/MGS-logo-site-02.png\",\"contentUrl\":\"https:\/\/www.matts-guitar-shop.com\/wp-content\/uploads\/2024\/09\/MGS-logo-site-02.png\",\"width\":200,\"height\":122,\"caption\":\"matts-guitar-shop.com\"},\"image\":{\"@id\":\"https:\/\/www.matts-guitar-shop.com\/de\/#\/schema\/logo\/image\/\"},\"sameAs\":[\"https:\/\/www.facebook.com\/profile.php?id=100044359842817\",\"https:\/\/www.instagram.com\/mattsguitarshop\/\",\"https:\/\/www.youtube.com\/@MattLucasMan\/videos\"]}]}<\/script>\n<!-- \/ Yoast SEO plugin. -->","yoast_head_json":{"title":"David Bowie: das Cham\u00e4leon des Rock","description":"Entdecken Sie David Bowie, Rock-Ikone, Sch\u00f6pfer von Ziggy Stardust und Autor von Heroes und Let\u2019s Dance. Eine weltweite Legende.","robots":{"index":"index","follow":"follow","max-snippet":"max-snippet:-1","max-image-preview":"max-image-preview:large","max-video-preview":"max-video-preview:-1"},"canonical":"https:\/\/www.matts-guitar-shop.com\/de\/die-legenden-des-rock\/david-bowie\/","og_locale":"de_DE","og_type":"article","og_title":"David Bowie: das Cham\u00e4leon des Rock","og_description":"Entdecken Sie David Bowie, Rock-Ikone, Sch\u00f6pfer von Ziggy Stardust und Autor von Heroes und Let\u2019s Dance. Eine weltweite Legende.","og_url":"https:\/\/www.matts-guitar-shop.com\/de\/die-legenden-des-rock\/david-bowie\/","og_site_name":"Matt&#039;s Guitar Shop","article_publisher":"https:\/\/www.facebook.com\/profile.php?id=100044359842817","article_modified_time":"2026-04-26T16:44:42+00:00","og_image":[{"width":400,"height":400,"url":"https:\/\/www.matts-guitar-shop.com\/wp-content\/uploads\/2026\/04\/david-bowie-biographie-01.webp","type":"image\/webp"}],"twitter_card":"summary_large_image","twitter_misc":{"Gesch\u00e4tzte Lesezeit":"5\u00a0Minuten"},"schema":{"@context":"https:\/\/schema.org","@graph":[{"@type":"WebPage","@id":"https:\/\/www.matts-guitar-shop.com\/de\/die-legenden-des-rock\/david-bowie\/","url":"https:\/\/www.matts-guitar-shop.com\/de\/die-legenden-des-rock\/david-bowie\/","name":"David Bowie: das Cham\u00e4leon des Rock","isPartOf":{"@id":"https:\/\/www.matts-guitar-shop.com\/de\/#website"},"primaryImageOfPage":{"@id":"https:\/\/www.matts-guitar-shop.com\/de\/die-legenden-des-rock\/david-bowie\/#primaryimage"},"image":{"@id":"https:\/\/www.matts-guitar-shop.com\/de\/die-legenden-des-rock\/david-bowie\/#primaryimage"},"thumbnailUrl":"https:\/\/www.matts-guitar-shop.com\/wp-content\/uploads\/2026\/04\/david-bowie-biographie-01.webp","datePublished":"2026-04-26T15:17:00+00:00","dateModified":"2026-04-26T16:44:42+00:00","description":"Entdecken Sie David Bowie, Rock-Ikone, Sch\u00f6pfer von Ziggy Stardust und Autor von Heroes und Let\u2019s Dance. Eine weltweite Legende.","breadcrumb":{"@id":"https:\/\/www.matts-guitar-shop.com\/de\/die-legenden-des-rock\/david-bowie\/#breadcrumb"},"inLanguage":"de","potentialAction":[{"@type":"ReadAction","target":["https:\/\/www.matts-guitar-shop.com\/de\/die-legenden-des-rock\/david-bowie\/"]}]},{"@type":"ImageObject","inLanguage":"de","@id":"https:\/\/www.matts-guitar-shop.com\/de\/die-legenden-des-rock\/david-bowie\/#primaryimage","url":"https:\/\/www.matts-guitar-shop.com\/wp-content\/uploads\/2026\/04\/david-bowie-biographie-01.webp","contentUrl":"https:\/\/www.matts-guitar-shop.com\/wp-content\/uploads\/2026\/04\/david-bowie-biographie-01.webp","width":400,"height":400,"caption":"Biographie de David Bowie"},{"@type":"BreadcrumbList","@id":"https:\/\/www.matts-guitar-shop.com\/de\/die-legenden-des-rock\/david-bowie\/#breadcrumb","itemListElement":[{"@type":"ListItem","position":1,"name":"Startseite","item":"https:\/\/www.matts-guitar-shop.com\/de\/"},{"@type":"ListItem","position":2,"name":"Die Legenden des Rock","item":"https:\/\/www.matts-guitar-shop.com\/de\/les-legendes-du-rock\/"},{"@type":"ListItem","position":3,"name":"David Bowie"}]},{"@type":"WebSite","@id":"https:\/\/www.matts-guitar-shop.com\/de\/#website","url":"https:\/\/www.matts-guitar-shop.com\/de\/","name":"matts-guitar-shop.com","description":"Guitar Shop","publisher":{"@id":"https:\/\/www.matts-guitar-shop.com\/de\/#organization"},"potentialAction":[{"@type":"SearchAction","target":{"@type":"EntryPoint","urlTemplate":"https:\/\/www.matts-guitar-shop.com\/de\/?s={search_term_string}"},"query-input":{"@type":"PropertyValueSpecification","valueRequired":true,"valueName":"search_term_string"}}],"inLanguage":"de"},{"@type":"Organization","@id":"https:\/\/www.matts-guitar-shop.com\/de\/#organization","name":"matts-guitar-shop.com","url":"https:\/\/www.matts-guitar-shop.com\/de\/","logo":{"@type":"ImageObject","inLanguage":"de","@id":"https:\/\/www.matts-guitar-shop.com\/de\/#\/schema\/logo\/image\/","url":"https:\/\/www.matts-guitar-shop.com\/wp-content\/uploads\/2024\/09\/MGS-logo-site-02.png","contentUrl":"https:\/\/www.matts-guitar-shop.com\/wp-content\/uploads\/2024\/09\/MGS-logo-site-02.png","width":200,"height":122,"caption":"matts-guitar-shop.com"},"image":{"@id":"https:\/\/www.matts-guitar-shop.com\/de\/#\/schema\/logo\/image\/"},"sameAs":["https:\/\/www.facebook.com\/profile.php?id=100044359842817","https:\/\/www.instagram.com\/mattsguitarshop\/","https:\/\/www.youtube.com\/@MattLucasMan\/videos"]}]}},"_links":{"self":[{"href":"https:\/\/www.matts-guitar-shop.com\/de\/wp-json\/wp\/v2\/pages\/36721","targetHints":{"allow":["GET"]}}],"collection":[{"href":"https:\/\/www.matts-guitar-shop.com\/de\/wp-json\/wp\/v2\/pages"}],"about":[{"href":"https:\/\/www.matts-guitar-shop.com\/de\/wp-json\/wp\/v2\/types\/page"}],"author":[{"embeddable":true,"href":"https:\/\/www.matts-guitar-shop.com\/de\/wp-json\/wp\/v2\/users\/2"}],"replies":[{"embeddable":true,"href":"https:\/\/www.matts-guitar-shop.com\/de\/wp-json\/wp\/v2\/comments?post=36721"}],"version-history":[{"count":2,"href":"https:\/\/www.matts-guitar-shop.com\/de\/wp-json\/wp\/v2\/pages\/36721\/revisions"}],"predecessor-version":[{"id":36723,"href":"https:\/\/www.matts-guitar-shop.com\/de\/wp-json\/wp\/v2\/pages\/36721\/revisions\/36723"}],"up":[{"embeddable":true,"href":"https:\/\/www.matts-guitar-shop.com\/de\/wp-json\/wp\/v2\/pages\/24298"}],"wp:featuredmedia":[{"embeddable":true,"href":"https:\/\/www.matts-guitar-shop.com\/de\/wp-json\/wp\/v2\/media\/36634"}],"wp:attachment":[{"href":"https:\/\/www.matts-guitar-shop.com\/de\/wp-json\/wp\/v2\/media?parent=36721"}],"curies":[{"name":"wp","href":"https:\/\/api.w.org\/{rel}","templated":true}]}}