{"id":36706,"date":"2026-04-26T17:48:31","date_gmt":"2026-04-26T15:48:31","guid":{"rendered":"https:\/\/www.matts-guitar-shop.com\/die-legenden-des-rock\/deryck-whibley\/"},"modified":"2026-04-26T18:58:19","modified_gmt":"2026-04-26T16:58:19","slug":"deryck-whibley","status":"publish","type":"page","link":"https:\/\/www.matts-guitar-shop.com\/de\/die-legenden-des-rock\/deryck-whibley\/","title":{"rendered":"Deryck Whibley"},"content":{"rendered":"<p>[et_pb_section fb_built=&#8220;1&#8243; _builder_version=&#8220;4.27.5&#8243; _module_preset=&#8220;default&#8220; background_color=&#8220;#000000&#8243; global_colors_info=&#8220;{}&#8220;][et_pb_row use_custom_gutter=&#8220;on&#8220; gutter_width=&#8220;2&#8243; admin_label=&#8220;Ligne&#8220; _builder_version=&#8220;4.27.5&#8243; _module_preset=&#8220;default&#8220; width=&#8220;100%&#8220; max_width=&#8220;80%&#8220; custom_margin=&#8220;||||false|false&#8220; custom_padding=&#8220;0px||||false|false&#8220; locked=&#8220;off&#8220; global_colors_info=&#8220;{}&#8220;][et_pb_column type=&#8220;4_4&#8243; _builder_version=&#8220;4.25.2&#8243; _module_preset=&#8220;default&#8220; global_colors_info=&#8220;{}&#8220;][et_pb_post_title meta=&#8220;off&#8220; featured_image=&#8220;off&#8220; _builder_version=&#8220;4.27.5&#8243; _module_preset=&#8220;default&#8220; title_font=&#8220;Open Sans|300|||||||&#8220; title_text_color=&#8220;#ddab05&#8243; title_font_size=&#8220;6rem&#8220; text_orientation=&#8220;center&#8220; custom_margin=&#8220;0px||0px||false|false&#8220; global_colors_info=&#8220;{}&#8220;][\/et_pb_post_title][et_pb_text admin_label=&#8220;Texte&#8220; _builder_version=&#8220;4.27.6&#8243; _module_preset=&#8220;default&#8220; text_font=&#8220;&#8211;et_global_body_font|300|||||||&#8220; text_text_color=&#8220;#FFFFFF&#8220; text_font_size=&#8220;1.5rem&#8220; text_line_height=&#8220;1em&#8220; header_text_align=&#8220;center&#8220; text_orientation=&#8220;center&#8220; global_colors_info=&#8220;{}&#8220;]Sum 41 \u2013 Kanadischer Punkrock[\/et_pb_text][\/et_pb_column][\/et_pb_row][et_pb_row column_structure=&#8220;1_3,1_3,1_3&#8243; use_custom_gutter=&#8220;on&#8220; gutter_width=&#8220;2&#8243; admin_label=&#8220;Ligne&#8220; _builder_version=&#8220;4.27.5&#8243; _module_preset=&#8220;default&#8220; width=&#8220;100%&#8220; max_width=&#8220;80%&#8220; custom_margin=&#8220;||||false|false&#8220; custom_padding=&#8220;||||false|false&#8220; locked=&#8220;off&#8220; global_colors_info=&#8220;{}&#8220;][et_pb_column type=&#8220;1_3&#8243; _builder_version=&#8220;4.25.2&#8243; _module_preset=&#8220;default&#8220; global_colors_info=&#8220;{}&#8220;][et_pb_text _builder_version=&#8220;4.27.6&#8243; _module_preset=&#8220;default&#8220; text_font=&#8220;|300|||||||&#8220; text_font_size=&#8220;16px&#8220; header_font=&#8220;|700|||||||&#8220; header_text_align=&#8220;center&#8220; header_font_size=&#8220;36px&#8220; header_2_font=&#8220;&#8211;et_global_heading_font|300|||||||&#8220; header_2_text_color=&#8220;#ddab05&#8243; header_2_font_size=&#8220;24px&#8220; text_orientation=&#8220;justified&#8220; background_layout=&#8220;dark&#8220; width=&#8220;100%&#8220; width_tablet=&#8220;&#8220; width_phone=&#8220;100%&#8220; width_last_edited=&#8220;on|phone&#8220; module_alignment=&#8220;center&#8220; locked=&#8220;off&#8220; global_colors_info=&#8220;{}&#8220;]<\/p>\n<h2>Herkunft und Anf\u00e4nge<\/h2>\n<p><strong>Deryck Jason Whibley<\/strong> wurde am <strong>21. M\u00e4rz 1980<\/strong> in <strong>Scarborough<\/strong>, Ontario, Kanada, geboren. Von seiner alleinerziehenden Mutter gro\u00dfgezogen, entdeckte er schon fr\u00fch Punk und Metal durch <strong>Iron Maiden<\/strong>, <strong>Metallica<\/strong> und die <strong>Descendents<\/strong>. 1996 gr\u00fcndete er <strong>Sum 41<\/strong> in <strong>Ajax<\/strong>, einem Vorort von Toronto, gemeinsam mit seinen Jugendfreunden. Der Name der Band bezieht sich auf die noch verbleibenden <strong>41 Sommertage<\/strong>, als sie die Band gr\u00fcndeten.<\/p>\n<p>[\/et_pb_text][et_pb_text _builder_version=&#8220;4.27.6&#8243; _module_preset=&#8220;default&#8220; text_font=&#8220;|300|||||||&#8220; text_font_size=&#8220;16px&#8220; header_font=&#8220;|700|||||||&#8220; header_text_align=&#8220;center&#8220; header_font_size=&#8220;36px&#8220; header_2_font=&#8220;&#8211;et_global_heading_font|300|||||||&#8220; header_2_text_color=&#8220;#ddab05&#8243; header_2_font_size=&#8220;24px&#8220; text_orientation=&#8220;justified&#8220; background_layout=&#8220;dark&#8220; width=&#8220;100%&#8220; width_tablet=&#8220;&#8220; width_phone=&#8220;100%&#8220; width_last_edited=&#8220;on|phone&#8220; module_alignment=&#8220;center&#8220; locked=&#8220;off&#8220; global_colors_info=&#8220;{}&#8220;]<\/p>\n<h2>Erfolg von Sum 41<\/h2>\n<p>Das Deb\u00fctalbum <strong>All Killer No Filler (2001)<\/strong>, angetrieben durch die Single <strong>&#8222;Fat Lip&#8220;<\/strong>, verkaufte sich \u00fcber <strong>4 Millionen Mal<\/strong> und machte Sum 41 zu einer der f\u00fchrenden Bands der <strong>Pop-Punk-Szene<\/strong> der 2000er Jahre. <strong>Does This Look Infected? (2002)<\/strong> machte den Sound h\u00e4rter, und <strong>Chuck (2004)<\/strong>, benannt nach einem <strong>UN-Blauhelmhelm<\/strong>, der ihnen w\u00e4hrend eines Drehs im Kongo inmitten von K\u00e4mpfen das Leben rettete, f\u00fchrte die Mischung aus <strong>Punk und Metal<\/strong> noch weiter.<br \/>Whibley ist <strong>S\u00e4nger, Gitarrist<\/strong> und Haupt-<strong>Songwriter<\/strong> der Band. Seine Kompositionen verbinden eing\u00e4ngige Pop-Melodien mit aggressiven Metal-Riffs und schaffen so einen einzigartigen Sound in der Punk-Szene.<\/p>\n<p>[\/et_pb_text][\/et_pb_column][et_pb_column type=&#8220;1_3&#8243; _builder_version=&#8220;4.25.2&#8243; _module_preset=&#8220;default&#8220; global_colors_info=&#8220;{}&#8220;][et_pb_image src=&#8220;https:\/\/www.matts-guitar-shop.com\/wp-content\/uploads\/2026\/04\/deryck-whibley-biographie-02.webp&#8220; alt=&#8220;Biografie von Deryck Whibley&#8220; title_text=&#8220;deryck-whibley-biographie-02&#8243; align=&#8220;center&#8220; _builder_version=&#8220;4.27.6&#8243; _module_preset=&#8220;default&#8220; global_colors_info=&#8220;{}&#8220;][\/et_pb_image][\/et_pb_column][et_pb_column type=&#8220;1_3&#8243; _builder_version=&#8220;4.25.2&#8243; _module_preset=&#8220;default&#8220; global_colors_info=&#8220;{}&#8220;][et_pb_text _builder_version=&#8220;4.27.6&#8243; _module_preset=&#8220;default&#8220; text_font=&#8220;|300|||||||&#8220; text_font_size=&#8220;16px&#8220; header_font=&#8220;|700|||||||&#8220; header_text_align=&#8220;center&#8220; header_font_size=&#8220;36px&#8220; header_2_font=&#8220;&#8211;et_global_heading_font|300|||||||&#8220; header_2_text_color=&#8220;#ddab05&#8243; header_2_font_size=&#8220;24px&#8220; text_orientation=&#8220;justified&#8220; background_layout=&#8220;dark&#8220; width=&#8220;100%&#8220; width_tablet=&#8220;&#8220; width_phone=&#8220;100%&#8220; width_last_edited=&#8220;on|phone&#8220; module_alignment=&#8220;center&#8220; locked=&#8220;off&#8220; global_colors_info=&#8220;{}&#8220;]<\/p>\n<h2>Schicksalsschl\u00e4ge und Resilienz<\/h2>\n<p>Im <strong>Jahr 2014<\/strong> wurde Deryck Whibley wegen eines <strong>Leber- und Nierenversagens<\/strong> infolge von Alkoholismus in kritischem Zustand ins Krankenhaus eingeliefert. Die \u00c4rzte warnten ihn, dass ein weiterer Drink t\u00f6dlich sein k\u00f6nnte. Er erholte sich, h\u00f6rte mit dem Alkohol auf und setzte seine Karriere mit neuer Energie fort. Sum 41 ver\u00f6ffentlichte <strong>Order in Decline (2019)<\/strong> und das Doppelalbum <strong>Heaven :x: Hell (2024)<\/strong>, bevor die Band eine Abschiedstour und ihre endg\u00fcltige Aufl\u00f6sung ank\u00fcndigte.<\/p>\n<p>[\/et_pb_text][et_pb_text _builder_version=&#8220;4.27.6&#8243; _module_preset=&#8220;default&#8220; text_font=&#8220;|300|||||||&#8220; text_font_size=&#8220;16px&#8220; link_font=&#8220;||||||||&#8220; link_text_align=&#8220;justify&#8220; header_font=&#8220;|700|||||||&#8220; header_text_align=&#8220;center&#8220; header_font_size=&#8220;36px&#8220; header_2_font=&#8220;&#8211;et_global_heading_font|300|||||||&#8220; header_2_text_color=&#8220;#ddab05&#8243; header_2_font_size=&#8220;24px&#8220; text_orientation=&#8220;justified&#8220; background_layout=&#8220;dark&#8220; width=&#8220;100%&#8220; width_tablet=&#8220;&#8220; width_phone=&#8220;100%&#8220; width_last_edited=&#8220;on|phone&#8220; module_alignment=&#8220;center&#8220; hover_enabled=&#8220;0&#8243; locked=&#8220;off&#8220; global_colors_info=&#8220;{}&#8220; sticky_enabled=&#8220;0&#8243;]<\/p>\n<h2>Ikonische Gitarre<\/h2>\n<p><\/p>\n<p>Deryck Whibley spielt akustische <a href=\"https:\/\/www.matts-guitar-shop.com\/de\/produit\/deryck-whibleys-gibson-j50\/\"><strong>Gibson J-50<\/strong><\/a>-Gitarren sowie elektrische <a href=\"https:\/\/www.matts-guitar-shop.com\/de\/produit\/fender-telecaster-deluxe-ehemals-im-besitz-von-deryck-whibley-sum-41\/\"><strong>Fender Telecaster<\/strong><\/a>-Modelle. Auf der B\u00fchne verwendet er au\u00dferdem <a href=\"https:\/\/www.matts-guitar-shop.com\/de\/produit\/gibson-les-paul-black-beauty-1969-ehemals-deryck-whibley-sum-41\/\"><strong>Gibson Les Paul Junior<\/strong><\/a> und individuell angepasste <strong>Squier Telecaster<\/strong>-Gitarren.<\/p>\n<p>[\/et_pb_text][\/et_pb_column][\/et_pb_row][\/et_pb_section]<\/p>\n","protected":false},"excerpt":{"rendered":"<p>Sum 41 \u2013 Kanadischer PunkrockHerkunft und Anf\u00e4nge Deryck Jason Whibley wurde am 21. M\u00e4rz 1980 in Scarborough, Ontario, Kanada, geboren. Von seiner alleinerziehenden Mutter gro\u00dfgezogen, entdeckte er schon fr\u00fch Punk und Metal durch Iron Maiden, Metallica und die Descendents. 1996 gr\u00fcndete er Sum 41 in Ajax, einem Vorort von Toronto, gemeinsam mit seinen Jugendfreunden. Der [&hellip;]<\/p>\n","protected":false},"author":2,"featured_media":36660,"parent":24298,"menu_order":0,"comment_status":"closed","ping_status":"closed","template":"","meta":{"_et_pb_use_builder":"on","_et_pb_old_content":"","_et_gb_content_width":"","footnotes":""},"class_list":["post-36706","page","type-page","status-publish","has-post-thumbnail","hentry"],"yoast_head":"<!-- This site is optimized with the Yoast SEO plugin v26.8 - https:\/\/yoast.com\/product\/yoast-seo-wordpress\/ -->\n<title>Deryck Whibley (Sum 41) \u2013 Kanadischer Punkrock<\/title>\n<meta name=\"description\" content=\"Entdecken Sie Deryck Whibley, Frontmann von Sum 41, Pop-Punk-Ikone hinter Fat Lip und dem Aufstieg des kanadischen Punkrocks der 2000er Jahre.\" \/>\n<meta name=\"robots\" content=\"index, follow, max-snippet:-1, max-image-preview:large, max-video-preview:-1\" \/>\n<link rel=\"canonical\" href=\"https:\/\/www.matts-guitar-shop.com\/de\/die-legenden-des-rock\/deryck-whibley\/\" \/>\n<meta property=\"og:locale\" content=\"de_DE\" \/>\n<meta property=\"og:type\" content=\"article\" \/>\n<meta property=\"og:title\" content=\"Deryck Whibley (Sum 41) \u2013 Kanadischer Punkrock\" \/>\n<meta property=\"og:description\" content=\"Entdecken Sie Deryck Whibley, Frontmann von Sum 41, Pop-Punk-Ikone hinter Fat Lip und dem Aufstieg des kanadischen Punkrocks der 2000er Jahre.\" \/>\n<meta property=\"og:url\" content=\"https:\/\/www.matts-guitar-shop.com\/de\/die-legenden-des-rock\/deryck-whibley\/\" \/>\n<meta property=\"og:site_name\" content=\"Matt&#039;s Guitar Shop\" \/>\n<meta property=\"article:publisher\" content=\"https:\/\/www.facebook.com\/profile.php?id=100044359842817\" \/>\n<meta property=\"article:modified_time\" content=\"2026-04-26T16:58:19+00:00\" \/>\n<meta property=\"og:image\" content=\"https:\/\/www.matts-guitar-shop.com\/wp-content\/uploads\/2026\/04\/deryck-whibley-biographie-01.webp\" \/>\n\t<meta property=\"og:image:width\" content=\"480\" \/>\n\t<meta property=\"og:image:height\" content=\"480\" \/>\n\t<meta property=\"og:image:type\" content=\"image\/webp\" \/>\n<meta name=\"twitter:card\" content=\"summary_large_image\" \/>\n<meta name=\"twitter:label1\" content=\"Gesch\u00e4tzte Lesezeit\" \/>\n\t<meta name=\"twitter:data1\" content=\"4\u00a0Minuten\" \/>\n<script type=\"application\/ld+json\" class=\"yoast-schema-graph\">{\"@context\":\"https:\/\/schema.org\",\"@graph\":[{\"@type\":\"WebPage\",\"@id\":\"https:\/\/www.matts-guitar-shop.com\/de\/die-legenden-des-rock\/deryck-whibley\/\",\"url\":\"https:\/\/www.matts-guitar-shop.com\/de\/die-legenden-des-rock\/deryck-whibley\/\",\"name\":\"Deryck Whibley (Sum 41) \u2013 Kanadischer Punkrock\",\"isPartOf\":{\"@id\":\"https:\/\/www.matts-guitar-shop.com\/de\/#website\"},\"primaryImageOfPage\":{\"@id\":\"https:\/\/www.matts-guitar-shop.com\/de\/die-legenden-des-rock\/deryck-whibley\/#primaryimage\"},\"image\":{\"@id\":\"https:\/\/www.matts-guitar-shop.com\/de\/die-legenden-des-rock\/deryck-whibley\/#primaryimage\"},\"thumbnailUrl\":\"https:\/\/www.matts-guitar-shop.com\/wp-content\/uploads\/2026\/04\/deryck-whibley-biographie-01.webp\",\"datePublished\":\"2026-04-26T15:48:31+00:00\",\"dateModified\":\"2026-04-26T16:58:19+00:00\",\"description\":\"Entdecken Sie Deryck Whibley, Frontmann von Sum 41, Pop-Punk-Ikone hinter Fat Lip und dem Aufstieg des kanadischen Punkrocks der 2000er Jahre.\",\"breadcrumb\":{\"@id\":\"https:\/\/www.matts-guitar-shop.com\/de\/die-legenden-des-rock\/deryck-whibley\/#breadcrumb\"},\"inLanguage\":\"de\",\"potentialAction\":[{\"@type\":\"ReadAction\",\"target\":[\"https:\/\/www.matts-guitar-shop.com\/de\/die-legenden-des-rock\/deryck-whibley\/\"]}]},{\"@type\":\"ImageObject\",\"inLanguage\":\"de\",\"@id\":\"https:\/\/www.matts-guitar-shop.com\/de\/die-legenden-des-rock\/deryck-whibley\/#primaryimage\",\"url\":\"https:\/\/www.matts-guitar-shop.com\/wp-content\/uploads\/2026\/04\/deryck-whibley-biographie-01.webp\",\"contentUrl\":\"https:\/\/www.matts-guitar-shop.com\/wp-content\/uploads\/2026\/04\/deryck-whibley-biographie-01.webp\",\"width\":480,\"height\":480,\"caption\":\"Biographie de Deryck Whibley\"},{\"@type\":\"BreadcrumbList\",\"@id\":\"https:\/\/www.matts-guitar-shop.com\/de\/die-legenden-des-rock\/deryck-whibley\/#breadcrumb\",\"itemListElement\":[{\"@type\":\"ListItem\",\"position\":1,\"name\":\"Startseite\",\"item\":\"https:\/\/www.matts-guitar-shop.com\/de\/\"},{\"@type\":\"ListItem\",\"position\":2,\"name\":\"Die Legenden des Rock\",\"item\":\"https:\/\/www.matts-guitar-shop.com\/de\/les-legendes-du-rock\/\"},{\"@type\":\"ListItem\",\"position\":3,\"name\":\"Deryck Whibley\"}]},{\"@type\":\"WebSite\",\"@id\":\"https:\/\/www.matts-guitar-shop.com\/de\/#website\",\"url\":\"https:\/\/www.matts-guitar-shop.com\/de\/\",\"name\":\"matts-guitar-shop.com\",\"description\":\"Guitar Shop\",\"publisher\":{\"@id\":\"https:\/\/www.matts-guitar-shop.com\/de\/#organization\"},\"potentialAction\":[{\"@type\":\"SearchAction\",\"target\":{\"@type\":\"EntryPoint\",\"urlTemplate\":\"https:\/\/www.matts-guitar-shop.com\/de\/?s={search_term_string}\"},\"query-input\":{\"@type\":\"PropertyValueSpecification\",\"valueRequired\":true,\"valueName\":\"search_term_string\"}}],\"inLanguage\":\"de\"},{\"@type\":\"Organization\",\"@id\":\"https:\/\/www.matts-guitar-shop.com\/de\/#organization\",\"name\":\"matts-guitar-shop.com\",\"url\":\"https:\/\/www.matts-guitar-shop.com\/de\/\",\"logo\":{\"@type\":\"ImageObject\",\"inLanguage\":\"de\",\"@id\":\"https:\/\/www.matts-guitar-shop.com\/de\/#\/schema\/logo\/image\/\",\"url\":\"https:\/\/www.matts-guitar-shop.com\/wp-content\/uploads\/2024\/09\/MGS-logo-site-02.png\",\"contentUrl\":\"https:\/\/www.matts-guitar-shop.com\/wp-content\/uploads\/2024\/09\/MGS-logo-site-02.png\",\"width\":200,\"height\":122,\"caption\":\"matts-guitar-shop.com\"},\"image\":{\"@id\":\"https:\/\/www.matts-guitar-shop.com\/de\/#\/schema\/logo\/image\/\"},\"sameAs\":[\"https:\/\/www.facebook.com\/profile.php?id=100044359842817\",\"https:\/\/www.instagram.com\/mattsguitarshop\/\",\"https:\/\/www.youtube.com\/@MattLucasMan\/videos\"]}]}<\/script>\n<!-- \/ Yoast SEO plugin. -->","yoast_head_json":{"title":"Deryck Whibley (Sum 41) \u2013 Kanadischer Punkrock","description":"Entdecken Sie Deryck Whibley, Frontmann von Sum 41, Pop-Punk-Ikone hinter Fat Lip und dem Aufstieg des kanadischen Punkrocks der 2000er Jahre.","robots":{"index":"index","follow":"follow","max-snippet":"max-snippet:-1","max-image-preview":"max-image-preview:large","max-video-preview":"max-video-preview:-1"},"canonical":"https:\/\/www.matts-guitar-shop.com\/de\/die-legenden-des-rock\/deryck-whibley\/","og_locale":"de_DE","og_type":"article","og_title":"Deryck Whibley (Sum 41) \u2013 Kanadischer Punkrock","og_description":"Entdecken Sie Deryck Whibley, Frontmann von Sum 41, Pop-Punk-Ikone hinter Fat Lip und dem Aufstieg des kanadischen Punkrocks der 2000er Jahre.","og_url":"https:\/\/www.matts-guitar-shop.com\/de\/die-legenden-des-rock\/deryck-whibley\/","og_site_name":"Matt&#039;s Guitar Shop","article_publisher":"https:\/\/www.facebook.com\/profile.php?id=100044359842817","article_modified_time":"2026-04-26T16:58:19+00:00","og_image":[{"width":480,"height":480,"url":"https:\/\/www.matts-guitar-shop.com\/wp-content\/uploads\/2026\/04\/deryck-whibley-biographie-01.webp","type":"image\/webp"}],"twitter_card":"summary_large_image","twitter_misc":{"Gesch\u00e4tzte Lesezeit":"4\u00a0Minuten"},"schema":{"@context":"https:\/\/schema.org","@graph":[{"@type":"WebPage","@id":"https:\/\/www.matts-guitar-shop.com\/de\/die-legenden-des-rock\/deryck-whibley\/","url":"https:\/\/www.matts-guitar-shop.com\/de\/die-legenden-des-rock\/deryck-whibley\/","name":"Deryck Whibley (Sum 41) \u2013 Kanadischer Punkrock","isPartOf":{"@id":"https:\/\/www.matts-guitar-shop.com\/de\/#website"},"primaryImageOfPage":{"@id":"https:\/\/www.matts-guitar-shop.com\/de\/die-legenden-des-rock\/deryck-whibley\/#primaryimage"},"image":{"@id":"https:\/\/www.matts-guitar-shop.com\/de\/die-legenden-des-rock\/deryck-whibley\/#primaryimage"},"thumbnailUrl":"https:\/\/www.matts-guitar-shop.com\/wp-content\/uploads\/2026\/04\/deryck-whibley-biographie-01.webp","datePublished":"2026-04-26T15:48:31+00:00","dateModified":"2026-04-26T16:58:19+00:00","description":"Entdecken Sie Deryck Whibley, Frontmann von Sum 41, Pop-Punk-Ikone hinter Fat Lip und dem Aufstieg des kanadischen Punkrocks der 2000er Jahre.","breadcrumb":{"@id":"https:\/\/www.matts-guitar-shop.com\/de\/die-legenden-des-rock\/deryck-whibley\/#breadcrumb"},"inLanguage":"de","potentialAction":[{"@type":"ReadAction","target":["https:\/\/www.matts-guitar-shop.com\/de\/die-legenden-des-rock\/deryck-whibley\/"]}]},{"@type":"ImageObject","inLanguage":"de","@id":"https:\/\/www.matts-guitar-shop.com\/de\/die-legenden-des-rock\/deryck-whibley\/#primaryimage","url":"https:\/\/www.matts-guitar-shop.com\/wp-content\/uploads\/2026\/04\/deryck-whibley-biographie-01.webp","contentUrl":"https:\/\/www.matts-guitar-shop.com\/wp-content\/uploads\/2026\/04\/deryck-whibley-biographie-01.webp","width":480,"height":480,"caption":"Biographie de Deryck Whibley"},{"@type":"BreadcrumbList","@id":"https:\/\/www.matts-guitar-shop.com\/de\/die-legenden-des-rock\/deryck-whibley\/#breadcrumb","itemListElement":[{"@type":"ListItem","position":1,"name":"Startseite","item":"https:\/\/www.matts-guitar-shop.com\/de\/"},{"@type":"ListItem","position":2,"name":"Die Legenden des Rock","item":"https:\/\/www.matts-guitar-shop.com\/de\/les-legendes-du-rock\/"},{"@type":"ListItem","position":3,"name":"Deryck Whibley"}]},{"@type":"WebSite","@id":"https:\/\/www.matts-guitar-shop.com\/de\/#website","url":"https:\/\/www.matts-guitar-shop.com\/de\/","name":"matts-guitar-shop.com","description":"Guitar Shop","publisher":{"@id":"https:\/\/www.matts-guitar-shop.com\/de\/#organization"},"potentialAction":[{"@type":"SearchAction","target":{"@type":"EntryPoint","urlTemplate":"https:\/\/www.matts-guitar-shop.com\/de\/?s={search_term_string}"},"query-input":{"@type":"PropertyValueSpecification","valueRequired":true,"valueName":"search_term_string"}}],"inLanguage":"de"},{"@type":"Organization","@id":"https:\/\/www.matts-guitar-shop.com\/de\/#organization","name":"matts-guitar-shop.com","url":"https:\/\/www.matts-guitar-shop.com\/de\/","logo":{"@type":"ImageObject","inLanguage":"de","@id":"https:\/\/www.matts-guitar-shop.com\/de\/#\/schema\/logo\/image\/","url":"https:\/\/www.matts-guitar-shop.com\/wp-content\/uploads\/2024\/09\/MGS-logo-site-02.png","contentUrl":"https:\/\/www.matts-guitar-shop.com\/wp-content\/uploads\/2024\/09\/MGS-logo-site-02.png","width":200,"height":122,"caption":"matts-guitar-shop.com"},"image":{"@id":"https:\/\/www.matts-guitar-shop.com\/de\/#\/schema\/logo\/image\/"},"sameAs":["https:\/\/www.facebook.com\/profile.php?id=100044359842817","https:\/\/www.instagram.com\/mattsguitarshop\/","https:\/\/www.youtube.com\/@MattLucasMan\/videos"]}]}},"_links":{"self":[{"href":"https:\/\/www.matts-guitar-shop.com\/de\/wp-json\/wp\/v2\/pages\/36706","targetHints":{"allow":["GET"]}}],"collection":[{"href":"https:\/\/www.matts-guitar-shop.com\/de\/wp-json\/wp\/v2\/pages"}],"about":[{"href":"https:\/\/www.matts-guitar-shop.com\/de\/wp-json\/wp\/v2\/types\/page"}],"author":[{"embeddable":true,"href":"https:\/\/www.matts-guitar-shop.com\/de\/wp-json\/wp\/v2\/users\/2"}],"replies":[{"embeddable":true,"href":"https:\/\/www.matts-guitar-shop.com\/de\/wp-json\/wp\/v2\/comments?post=36706"}],"version-history":[{"count":4,"href":"https:\/\/www.matts-guitar-shop.com\/de\/wp-json\/wp\/v2\/pages\/36706\/revisions"}],"predecessor-version":[{"id":36740,"href":"https:\/\/www.matts-guitar-shop.com\/de\/wp-json\/wp\/v2\/pages\/36706\/revisions\/36740"}],"up":[{"embeddable":true,"href":"https:\/\/www.matts-guitar-shop.com\/de\/wp-json\/wp\/v2\/pages\/24298"}],"wp:featuredmedia":[{"embeddable":true,"href":"https:\/\/www.matts-guitar-shop.com\/de\/wp-json\/wp\/v2\/media\/36660"}],"wp:attachment":[{"href":"https:\/\/www.matts-guitar-shop.com\/de\/wp-json\/wp\/v2\/media?parent=36706"}],"curies":[{"name":"wp","href":"https:\/\/api.w.org\/{rel}","templated":true}]}}