{"id":36394,"date":"2026-04-24T19:39:03","date_gmt":"2026-04-24T17:39:03","guid":{"rendered":"https:\/\/www.matts-guitar-shop.com\/die-legenden-des-rock\/bob-dylan\/"},"modified":"2026-04-25T16:51:31","modified_gmt":"2026-04-25T14:51:31","slug":"bob-dylan","status":"publish","type":"page","link":"https:\/\/www.matts-guitar-shop.com\/de\/die-legenden-des-rock\/bob-dylan\/","title":{"rendered":"Bob Dylan"},"content":{"rendered":"<p>[et_pb_section fb_built=&#8220;1&#8243; _builder_version=&#8220;4.27.5&#8243; _module_preset=&#8220;default&#8220; background_color=&#8220;#000000&#8243; locked=&#8220;off&#8220; global_colors_info=&#8220;{}&#8220;][et_pb_row use_custom_gutter=&#8220;on&#8220; gutter_width=&#8220;2&#8243; admin_label=&#8220;Ligne&#8220; _builder_version=&#8220;4.27.5&#8243; _module_preset=&#8220;default&#8220; width=&#8220;100%&#8220; max_width=&#8220;80%&#8220; custom_margin=&#8220;||||false|false&#8220; custom_padding=&#8220;0px||||false|false&#8220; locked=&#8220;off&#8220; global_colors_info=&#8220;{}&#8220;][et_pb_column type=&#8220;4_4&#8243; _builder_version=&#8220;4.25.2&#8243; _module_preset=&#8220;default&#8220; global_colors_info=&#8220;{}&#8220;][et_pb_post_title meta=&#8220;off&#8220; featured_image=&#8220;off&#8220; _builder_version=&#8220;4.27.5&#8243; _module_preset=&#8220;default&#8220; title_font=&#8220;Open Sans|300|||||||&#8220; title_text_color=&#8220;#ddab05&#8243; title_font_size=&#8220;6rem&#8220; text_orientation=&#8220;center&#8220; custom_margin=&#8220;0px||0px||false|false&#8220; global_colors_info=&#8220;{}&#8220;][\/et_pb_post_title][et_pb_text admin_label=&#8220;Texte&#8220; _builder_version=&#8220;4.27.6&#8243; _module_preset=&#8220;default&#8220; text_font=&#8220;&#8211;et_global_body_font|300|||||||&#8220; text_text_color=&#8220;#FFFFFF&#8220; text_font_size=&#8220;1.5rem&#8220; text_line_height=&#8220;1em&#8220; header_text_align=&#8220;center&#8220; text_orientation=&#8220;center&#8220; global_colors_info=&#8220;{}&#8220;]Die Stimme einer Generation[\/et_pb_text][\/et_pb_column][\/et_pb_row][et_pb_row column_structure=&#8220;1_3,1_3,1_3&#8243; use_custom_gutter=&#8220;on&#8220; gutter_width=&#8220;2&#8243; admin_label=&#8220;Ligne&#8220; _builder_version=&#8220;4.27.5&#8243; _module_preset=&#8220;default&#8220; width=&#8220;100%&#8220; max_width=&#8220;80%&#8220; custom_margin=&#8220;||||false|false&#8220; custom_padding=&#8220;||||false|false&#8220; locked=&#8220;off&#8220; global_colors_info=&#8220;{}&#8220;][et_pb_column type=&#8220;1_3&#8243; _builder_version=&#8220;4.25.2&#8243; _module_preset=&#8220;default&#8220; global_colors_info=&#8220;{}&#8220;][et_pb_text _builder_version=&#8220;4.27.6&#8243; _module_preset=&#8220;default&#8220; text_font=&#8220;|300|||||||&#8220; text_font_size=&#8220;16px&#8220; header_font=&#8220;|700|||||||&#8220; header_text_align=&#8220;center&#8220; header_font_size=&#8220;36px&#8220; header_2_font=&#8220;&#8211;et_global_heading_font|300|||||||&#8220; header_2_text_color=&#8220;#ddab05&#8243; header_2_font_size=&#8220;24px&#8220; text_orientation=&#8220;justified&#8220; background_layout=&#8220;dark&#8220; width=&#8220;100%&#8220; width_tablet=&#8220;&#8220; width_phone=&#8220;100%&#8220; width_last_edited=&#8220;on|phone&#8220; module_alignment=&#8220;center&#8220; hover_enabled=&#8220;0&#8243; locked=&#8220;off&#8220; global_colors_info=&#8220;{}&#8220; sticky_enabled=&#8220;0&#8243;]<\/p>\n<h2>Urspr\u00fcnge und Anf\u00e4nge<\/h2>\n<p><\/p>\n<p><strong>Robert Allen Zimmerman<\/strong> wurde am <strong>24. Mai 1941<\/strong> in <strong>Duluth<\/strong>, Minnesota, geboren und wuchs in <strong>Hibbing<\/strong>, einer Bergbaustadt im Norden, auf. Begeistert von <strong>Woody Guthrie<\/strong>, <strong>Robert Johnson<\/strong> und dem <strong>Rock\u2019n\u2019Roll<\/strong> von <strong>Little Richard<\/strong>, zog er 1961 nach <strong>New York<\/strong> und trat in den Clubs von <strong>Greenwich Village<\/strong> auf.<br \/>Er nahm den Namen <strong>Bob Dylan<\/strong> an (m\u00f6glicherweise inspiriert vom Dichter <strong>Dylan Thomas<\/strong>) und unterschrieb bei <strong>Columbia Records<\/strong> dank des legend\u00e4ren Produzenten <strong>John Hammond<\/strong>.<\/p>\n<p>[\/et_pb_text][et_pb_text _builder_version=&#8220;4.27.6&#8243; _module_preset=&#8220;default&#8220; text_font=&#8220;|300|||||||&#8220; text_font_size=&#8220;16px&#8220; header_font=&#8220;|700|||||||&#8220; header_text_align=&#8220;center&#8220; header_font_size=&#8220;36px&#8220; header_2_font=&#8220;&#8211;et_global_heading_font|300|||||||&#8220; header_2_text_color=&#8220;#ddab05&#8243; header_2_font_size=&#8220;24px&#8220; text_orientation=&#8220;justified&#8220; background_layout=&#8220;dark&#8220; width=&#8220;100%&#8220; width_tablet=&#8220;&#8220; width_phone=&#8220;100%&#8220; width_last_edited=&#8220;on|phone&#8220; module_alignment=&#8220;center&#8220; hover_enabled=&#8220;0&#8243; locked=&#8220;off&#8220; global_colors_info=&#8220;{}&#8220; sticky_enabled=&#8220;0&#8243;]<\/p>\n<h2>Folk- und Elektro-Ikone<\/h2>\n<p><\/p>\n<p><strong>The Freewheelin&#8216; Bob Dylan (1963)<\/strong> und Songs wie <strong>&#8222;Blowin&#8216; in the Wind&#8220;<\/strong> und <strong>&#8222;The Times They Are a-Changin'&#8220;<\/strong> machten ihn zum Sprachrohr der Folkbewegung und der <strong>B\u00fcrgerrechtsbewegung<\/strong>. Er trat bei der <strong>March on Washington<\/strong> von <strong>Martin Luther King<\/strong> im <strong>August 1963<\/strong> auf.<br \/>1965 elektrifizierte er seine Musik mit <strong>Bringing It All Back Home<\/strong> und <strong>Highway 61 Revisited<\/strong>, was beim <strong>Newport Festival<\/strong> f\u00fcr einen Skandal sorgte, als ihn das Publikum ausbuhte, weil er seine Gitarre verst\u00e4rkte. <strong>&#8222;Like a Rolling Stone&#8220;<\/strong> gilt laut <strong>Rolling Stone Magazine<\/strong> als der <strong>gr\u00f6\u00dfte Song aller Zeiten<\/strong>. <strong>Blonde on Blonde (1966)<\/strong> ist das erste bedeutende <strong>Doppelalbum<\/strong> in der Geschichte des Rock.<\/p>\n<p>[\/et_pb_text][\/et_pb_column][et_pb_column type=&#8220;1_3&#8243; _builder_version=&#8220;4.25.2&#8243; _module_preset=&#8220;default&#8220; global_colors_info=&#8220;{}&#8220;][et_pb_image src=&#8220;https:\/\/www.matts-guitar-shop.com\/wp-content\/uploads\/2026\/04\/bob-dylan-biographie-02.webp&#8220; alt=&#8220;Bob Dylan Gitarrenbiografie&#8220; title_text=&#8220;bob-dylan-biographie-02&#8243; align=&#8220;center&#8220; _builder_version=&#8220;4.27.6&#8243; _module_preset=&#8220;default&#8220; global_colors_info=&#8220;{}&#8220;][\/et_pb_image][\/et_pb_column][et_pb_column type=&#8220;1_3&#8243; _builder_version=&#8220;4.25.2&#8243; _module_preset=&#8220;default&#8220; global_colors_info=&#8220;{}&#8220;][et_pb_text _builder_version=&#8220;4.27.6&#8243; _module_preset=&#8220;default&#8220; text_font=&#8220;|300|||||||&#8220; text_font_size=&#8220;16px&#8220; header_font=&#8220;|700|||||||&#8220; header_text_align=&#8220;center&#8220; header_font_size=&#8220;36px&#8220; header_2_font=&#8220;&#8211;et_global_heading_font|300|||||||&#8220; header_2_text_color=&#8220;#ddab05&#8243; header_2_font_size=&#8220;24px&#8220; text_orientation=&#8220;justified&#8220; background_layout=&#8220;dark&#8220; width=&#8220;100%&#8220; width_tablet=&#8220;&#8220; width_phone=&#8220;100%&#8220; width_last_edited=&#8220;on|phone&#8220; module_alignment=&#8220;center&#8220; hover_enabled=&#8220;0&#8243; locked=&#8220;off&#8220; global_colors_info=&#8220;{}&#8220; sticky_enabled=&#8220;0&#8243;]<\/p>\n<h2>Nobelpreis und Verm\u00e4chtnis<\/h2>\n<p><\/p>\n<p>Bob Dylan erhielt 2016 den <strong>Nobelpreis f\u00fcr Literatur<\/strong>, als erster Musiker \u00fcberhaupt, <strong>&#8222;f\u00fcr die Schaffung neuer poetischer Ausdrucksformen innerhalb der gro\u00dfen amerikanischen Liedtradition&#8220;<\/strong>. Mit mehr als <strong>125 Millionen verkauften Alben<\/strong> wurde er 1988 in die <strong>Rock and Roll Hall of Fame<\/strong> aufgenommen.<br \/>Seine Karriere erstreckt sich \u00fcber mehr als <strong>60 Jahre<\/strong> und ist gepr\u00e4gt von st\u00e4ndiger Neuerfindung: Folk, Rock, Country, Gospel und Blues. Die <strong>Never Ending Tour<\/strong>, die 1988 begann, umfasst insgesamt mehr als <strong>3.000 Konzerte<\/strong>.<\/p>\n<p>[\/et_pb_text][et_pb_text _builder_version=&#8220;4.27.6&#8243; _module_preset=&#8220;default&#8220; text_font=&#8220;|300|||||||&#8220; text_font_size=&#8220;16px&#8220; link_font=&#8220;||||||||&#8220; link_text_align=&#8220;justify&#8220; header_font=&#8220;|700|||||||&#8220; header_text_align=&#8220;center&#8220; header_font_size=&#8220;36px&#8220; header_2_font=&#8220;&#8211;et_global_heading_font|300|||||||&#8220; header_2_text_color=&#8220;#ddab05&#8243; header_2_font_size=&#8220;24px&#8220; text_orientation=&#8220;justified&#8220; background_layout=&#8220;dark&#8220; width=&#8220;100%&#8220; width_tablet=&#8220;&#8220; width_phone=&#8220;100%&#8220; width_last_edited=&#8220;on|phone&#8220; module_alignment=&#8220;center&#8220; hover_enabled=&#8220;0&#8243; locked=&#8220;off&#8220; global_colors_info=&#8220;{}&#8220; sticky_enabled=&#8220;0&#8243;]<\/p>\n<h2>Ikonische Gitarren<\/h2>\n<p><\/p>\n<p>Dylan wird mit der <strong>Martin 00-17<\/strong> aus seinen fr\u00fchen Folk-Jahren, der <strong>sunburst Fender Stratocaster<\/strong> von Newport 1965 und der akustischen <strong>Gibson J-45<\/strong> in Verbindung gebracht. Seine <strong>Fender Stratocaster<\/strong> aus Newport wurde im Jahr <strong>2013<\/strong> f\u00fcr <strong>965.000 Dollar<\/strong> versteigert.<\/p>\n<p>[\/et_pb_text][\/et_pb_column][\/et_pb_row][\/et_pb_section]<\/p>\n","protected":false},"excerpt":{"rendered":"<p>Die Stimme einer GenerationUrspr\u00fcnge und Anf\u00e4ngeRobert Allen Zimmerman wurde am 24. Mai 1941 in Duluth, Minnesota, geboren und wuchs in Hibbing, einer Bergbaustadt im Norden, auf. Begeistert von Woody Guthrie, Robert Johnson und dem Rock\u2019n\u2019Roll von Little Richard, zog er 1961 nach New York und trat in den Clubs von Greenwich Village auf.Er nahm den [&hellip;]<\/p>\n","protected":false},"author":2,"featured_media":36296,"parent":24298,"menu_order":0,"comment_status":"closed","ping_status":"closed","template":"","meta":{"_et_pb_use_builder":"on","_et_pb_old_content":"","_et_gb_content_width":"","footnotes":""},"class_list":["post-36394","page","type-page","status-publish","has-post-thumbnail","hentry"],"yoast_head":"<!-- This site is optimized with the Yoast SEO plugin v26.8 - https:\/\/yoast.com\/product\/yoast-seo-wordpress\/ -->\n<title>Bob Dylan: die Stimme einer Generation<\/title>\n<meta name=\"description\" content=\"Entdecken Sie Bob Dylan, Folk- und Rock-Ikone, Autor von \u201eBlowin\u2019 in the Wind\u201c und erster Musiker, der den Nobelpreis f\u00fcr Literatur erhielt.\" \/>\n<meta name=\"robots\" content=\"index, follow, max-snippet:-1, max-image-preview:large, max-video-preview:-1\" \/>\n<link rel=\"canonical\" href=\"https:\/\/www.matts-guitar-shop.com\/de\/die-legenden-des-rock\/bob-dylan\/\" \/>\n<meta property=\"og:locale\" content=\"de_DE\" \/>\n<meta property=\"og:type\" content=\"article\" \/>\n<meta property=\"og:title\" content=\"Bob Dylan: die Stimme einer Generation\" \/>\n<meta property=\"og:description\" content=\"Entdecken Sie Bob Dylan, Folk- und Rock-Ikone, Autor von \u201eBlowin\u2019 in the Wind\u201c und erster Musiker, der den Nobelpreis f\u00fcr Literatur erhielt.\" \/>\n<meta property=\"og:url\" content=\"https:\/\/www.matts-guitar-shop.com\/de\/die-legenden-des-rock\/bob-dylan\/\" \/>\n<meta property=\"og:site_name\" content=\"Matt&#039;s Guitar Shop\" \/>\n<meta property=\"article:publisher\" content=\"https:\/\/www.facebook.com\/profile.php?id=100044359842817\" \/>\n<meta property=\"article:modified_time\" content=\"2026-04-25T14:51:31+00:00\" \/>\n<meta property=\"og:image\" content=\"https:\/\/www.matts-guitar-shop.com\/wp-content\/uploads\/2026\/04\/bob-dylan-biographie-01.webp\" \/>\n\t<meta property=\"og:image:width\" content=\"400\" \/>\n\t<meta property=\"og:image:height\" content=\"400\" \/>\n\t<meta property=\"og:image:type\" content=\"image\/webp\" \/>\n<meta name=\"twitter:card\" content=\"summary_large_image\" \/>\n<meta name=\"twitter:label1\" content=\"Gesch\u00e4tzte Lesezeit\" \/>\n\t<meta name=\"twitter:data1\" content=\"4\u00a0Minuten\" \/>\n<script type=\"application\/ld+json\" class=\"yoast-schema-graph\">{\"@context\":\"https:\/\/schema.org\",\"@graph\":[{\"@type\":\"WebPage\",\"@id\":\"https:\/\/www.matts-guitar-shop.com\/de\/die-legenden-des-rock\/bob-dylan\/\",\"url\":\"https:\/\/www.matts-guitar-shop.com\/de\/die-legenden-des-rock\/bob-dylan\/\",\"name\":\"Bob Dylan: die Stimme einer Generation\",\"isPartOf\":{\"@id\":\"https:\/\/www.matts-guitar-shop.com\/de\/#website\"},\"primaryImageOfPage\":{\"@id\":\"https:\/\/www.matts-guitar-shop.com\/de\/die-legenden-des-rock\/bob-dylan\/#primaryimage\"},\"image\":{\"@id\":\"https:\/\/www.matts-guitar-shop.com\/de\/die-legenden-des-rock\/bob-dylan\/#primaryimage\"},\"thumbnailUrl\":\"https:\/\/www.matts-guitar-shop.com\/wp-content\/uploads\/2026\/04\/bob-dylan-biographie-01.webp\",\"datePublished\":\"2026-04-24T17:39:03+00:00\",\"dateModified\":\"2026-04-25T14:51:31+00:00\",\"description\":\"Entdecken Sie Bob Dylan, Folk- und Rock-Ikone, Autor von \u201eBlowin\u2019 in the Wind\u201c und erster Musiker, der den Nobelpreis f\u00fcr Literatur erhielt.\",\"breadcrumb\":{\"@id\":\"https:\/\/www.matts-guitar-shop.com\/de\/die-legenden-des-rock\/bob-dylan\/#breadcrumb\"},\"inLanguage\":\"de\",\"potentialAction\":[{\"@type\":\"ReadAction\",\"target\":[\"https:\/\/www.matts-guitar-shop.com\/de\/die-legenden-des-rock\/bob-dylan\/\"]}]},{\"@type\":\"ImageObject\",\"inLanguage\":\"de\",\"@id\":\"https:\/\/www.matts-guitar-shop.com\/de\/die-legenden-des-rock\/bob-dylan\/#primaryimage\",\"url\":\"https:\/\/www.matts-guitar-shop.com\/wp-content\/uploads\/2026\/04\/bob-dylan-biographie-01.webp\",\"contentUrl\":\"https:\/\/www.matts-guitar-shop.com\/wp-content\/uploads\/2026\/04\/bob-dylan-biographie-01.webp\",\"width\":400,\"height\":400},{\"@type\":\"BreadcrumbList\",\"@id\":\"https:\/\/www.matts-guitar-shop.com\/de\/die-legenden-des-rock\/bob-dylan\/#breadcrumb\",\"itemListElement\":[{\"@type\":\"ListItem\",\"position\":1,\"name\":\"Startseite\",\"item\":\"https:\/\/www.matts-guitar-shop.com\/de\/\"},{\"@type\":\"ListItem\",\"position\":2,\"name\":\"Die Legenden des Rock\",\"item\":\"https:\/\/www.matts-guitar-shop.com\/de\/les-legendes-du-rock\/\"},{\"@type\":\"ListItem\",\"position\":3,\"name\":\"Bob Dylan\"}]},{\"@type\":\"WebSite\",\"@id\":\"https:\/\/www.matts-guitar-shop.com\/de\/#website\",\"url\":\"https:\/\/www.matts-guitar-shop.com\/de\/\",\"name\":\"matts-guitar-shop.com\",\"description\":\"Guitar Shop\",\"publisher\":{\"@id\":\"https:\/\/www.matts-guitar-shop.com\/de\/#organization\"},\"potentialAction\":[{\"@type\":\"SearchAction\",\"target\":{\"@type\":\"EntryPoint\",\"urlTemplate\":\"https:\/\/www.matts-guitar-shop.com\/de\/?s={search_term_string}\"},\"query-input\":{\"@type\":\"PropertyValueSpecification\",\"valueRequired\":true,\"valueName\":\"search_term_string\"}}],\"inLanguage\":\"de\"},{\"@type\":\"Organization\",\"@id\":\"https:\/\/www.matts-guitar-shop.com\/de\/#organization\",\"name\":\"matts-guitar-shop.com\",\"url\":\"https:\/\/www.matts-guitar-shop.com\/de\/\",\"logo\":{\"@type\":\"ImageObject\",\"inLanguage\":\"de\",\"@id\":\"https:\/\/www.matts-guitar-shop.com\/de\/#\/schema\/logo\/image\/\",\"url\":\"https:\/\/www.matts-guitar-shop.com\/wp-content\/uploads\/2024\/09\/MGS-logo-site-02.png\",\"contentUrl\":\"https:\/\/www.matts-guitar-shop.com\/wp-content\/uploads\/2024\/09\/MGS-logo-site-02.png\",\"width\":200,\"height\":122,\"caption\":\"matts-guitar-shop.com\"},\"image\":{\"@id\":\"https:\/\/www.matts-guitar-shop.com\/de\/#\/schema\/logo\/image\/\"},\"sameAs\":[\"https:\/\/www.facebook.com\/profile.php?id=100044359842817\",\"https:\/\/www.instagram.com\/mattsguitarshop\/\",\"https:\/\/www.youtube.com\/@MattLucasMan\/videos\"]}]}<\/script>\n<!-- \/ Yoast SEO plugin. -->","yoast_head_json":{"title":"Bob Dylan: die Stimme einer Generation","description":"Entdecken Sie Bob Dylan, Folk- und Rock-Ikone, Autor von \u201eBlowin\u2019 in the Wind\u201c und erster Musiker, der den Nobelpreis f\u00fcr Literatur erhielt.","robots":{"index":"index","follow":"follow","max-snippet":"max-snippet:-1","max-image-preview":"max-image-preview:large","max-video-preview":"max-video-preview:-1"},"canonical":"https:\/\/www.matts-guitar-shop.com\/de\/die-legenden-des-rock\/bob-dylan\/","og_locale":"de_DE","og_type":"article","og_title":"Bob Dylan: die Stimme einer Generation","og_description":"Entdecken Sie Bob Dylan, Folk- und Rock-Ikone, Autor von \u201eBlowin\u2019 in the Wind\u201c und erster Musiker, der den Nobelpreis f\u00fcr Literatur erhielt.","og_url":"https:\/\/www.matts-guitar-shop.com\/de\/die-legenden-des-rock\/bob-dylan\/","og_site_name":"Matt&#039;s Guitar Shop","article_publisher":"https:\/\/www.facebook.com\/profile.php?id=100044359842817","article_modified_time":"2026-04-25T14:51:31+00:00","og_image":[{"width":400,"height":400,"url":"https:\/\/www.matts-guitar-shop.com\/wp-content\/uploads\/2026\/04\/bob-dylan-biographie-01.webp","type":"image\/webp"}],"twitter_card":"summary_large_image","twitter_misc":{"Gesch\u00e4tzte Lesezeit":"4\u00a0Minuten"},"schema":{"@context":"https:\/\/schema.org","@graph":[{"@type":"WebPage","@id":"https:\/\/www.matts-guitar-shop.com\/de\/die-legenden-des-rock\/bob-dylan\/","url":"https:\/\/www.matts-guitar-shop.com\/de\/die-legenden-des-rock\/bob-dylan\/","name":"Bob Dylan: die Stimme einer Generation","isPartOf":{"@id":"https:\/\/www.matts-guitar-shop.com\/de\/#website"},"primaryImageOfPage":{"@id":"https:\/\/www.matts-guitar-shop.com\/de\/die-legenden-des-rock\/bob-dylan\/#primaryimage"},"image":{"@id":"https:\/\/www.matts-guitar-shop.com\/de\/die-legenden-des-rock\/bob-dylan\/#primaryimage"},"thumbnailUrl":"https:\/\/www.matts-guitar-shop.com\/wp-content\/uploads\/2026\/04\/bob-dylan-biographie-01.webp","datePublished":"2026-04-24T17:39:03+00:00","dateModified":"2026-04-25T14:51:31+00:00","description":"Entdecken Sie Bob Dylan, Folk- und Rock-Ikone, Autor von \u201eBlowin\u2019 in the Wind\u201c und erster Musiker, der den Nobelpreis f\u00fcr Literatur erhielt.","breadcrumb":{"@id":"https:\/\/www.matts-guitar-shop.com\/de\/die-legenden-des-rock\/bob-dylan\/#breadcrumb"},"inLanguage":"de","potentialAction":[{"@type":"ReadAction","target":["https:\/\/www.matts-guitar-shop.com\/de\/die-legenden-des-rock\/bob-dylan\/"]}]},{"@type":"ImageObject","inLanguage":"de","@id":"https:\/\/www.matts-guitar-shop.com\/de\/die-legenden-des-rock\/bob-dylan\/#primaryimage","url":"https:\/\/www.matts-guitar-shop.com\/wp-content\/uploads\/2026\/04\/bob-dylan-biographie-01.webp","contentUrl":"https:\/\/www.matts-guitar-shop.com\/wp-content\/uploads\/2026\/04\/bob-dylan-biographie-01.webp","width":400,"height":400},{"@type":"BreadcrumbList","@id":"https:\/\/www.matts-guitar-shop.com\/de\/die-legenden-des-rock\/bob-dylan\/#breadcrumb","itemListElement":[{"@type":"ListItem","position":1,"name":"Startseite","item":"https:\/\/www.matts-guitar-shop.com\/de\/"},{"@type":"ListItem","position":2,"name":"Die Legenden des Rock","item":"https:\/\/www.matts-guitar-shop.com\/de\/les-legendes-du-rock\/"},{"@type":"ListItem","position":3,"name":"Bob Dylan"}]},{"@type":"WebSite","@id":"https:\/\/www.matts-guitar-shop.com\/de\/#website","url":"https:\/\/www.matts-guitar-shop.com\/de\/","name":"matts-guitar-shop.com","description":"Guitar Shop","publisher":{"@id":"https:\/\/www.matts-guitar-shop.com\/de\/#organization"},"potentialAction":[{"@type":"SearchAction","target":{"@type":"EntryPoint","urlTemplate":"https:\/\/www.matts-guitar-shop.com\/de\/?s={search_term_string}"},"query-input":{"@type":"PropertyValueSpecification","valueRequired":true,"valueName":"search_term_string"}}],"inLanguage":"de"},{"@type":"Organization","@id":"https:\/\/www.matts-guitar-shop.com\/de\/#organization","name":"matts-guitar-shop.com","url":"https:\/\/www.matts-guitar-shop.com\/de\/","logo":{"@type":"ImageObject","inLanguage":"de","@id":"https:\/\/www.matts-guitar-shop.com\/de\/#\/schema\/logo\/image\/","url":"https:\/\/www.matts-guitar-shop.com\/wp-content\/uploads\/2024\/09\/MGS-logo-site-02.png","contentUrl":"https:\/\/www.matts-guitar-shop.com\/wp-content\/uploads\/2024\/09\/MGS-logo-site-02.png","width":200,"height":122,"caption":"matts-guitar-shop.com"},"image":{"@id":"https:\/\/www.matts-guitar-shop.com\/de\/#\/schema\/logo\/image\/"},"sameAs":["https:\/\/www.facebook.com\/profile.php?id=100044359842817","https:\/\/www.instagram.com\/mattsguitarshop\/","https:\/\/www.youtube.com\/@MattLucasMan\/videos"]}]}},"_links":{"self":[{"href":"https:\/\/www.matts-guitar-shop.com\/de\/wp-json\/wp\/v2\/pages\/36394","targetHints":{"allow":["GET"]}}],"collection":[{"href":"https:\/\/www.matts-guitar-shop.com\/de\/wp-json\/wp\/v2\/pages"}],"about":[{"href":"https:\/\/www.matts-guitar-shop.com\/de\/wp-json\/wp\/v2\/types\/page"}],"author":[{"embeddable":true,"href":"https:\/\/www.matts-guitar-shop.com\/de\/wp-json\/wp\/v2\/users\/2"}],"replies":[{"embeddable":true,"href":"https:\/\/www.matts-guitar-shop.com\/de\/wp-json\/wp\/v2\/comments?post=36394"}],"version-history":[{"count":2,"href":"https:\/\/www.matts-guitar-shop.com\/de\/wp-json\/wp\/v2\/pages\/36394\/revisions"}],"predecessor-version":[{"id":36396,"href":"https:\/\/www.matts-guitar-shop.com\/de\/wp-json\/wp\/v2\/pages\/36394\/revisions\/36396"}],"up":[{"embeddable":true,"href":"https:\/\/www.matts-guitar-shop.com\/de\/wp-json\/wp\/v2\/pages\/24298"}],"wp:featuredmedia":[{"embeddable":true,"href":"https:\/\/www.matts-guitar-shop.com\/de\/wp-json\/wp\/v2\/media\/36296"}],"wp:attachment":[{"href":"https:\/\/www.matts-guitar-shop.com\/de\/wp-json\/wp\/v2\/media?parent=36394"}],"curies":[{"name":"wp","href":"https:\/\/api.w.org\/{rel}","templated":true}]}}