{"id":36328,"date":"2026-04-24T17:51:03","date_gmt":"2026-04-24T15:51:03","guid":{"rendered":"https:\/\/www.matts-guitar-shop.com\/die-legenden-des-rock\/ben-harper\/"},"modified":"2026-04-24T20:41:51","modified_gmt":"2026-04-24T18:41:51","slug":"ben-harper","status":"publish","type":"page","link":"https:\/\/www.matts-guitar-shop.com\/de\/die-legenden-des-rock\/ben-harper\/","title":{"rendered":"Ben Harper"},"content":{"rendered":"<p>[et_pb_section fb_built=&#8220;1&#8243; _builder_version=&#8220;4.27.5&#8243; _module_preset=&#8220;default&#8220; background_color=&#8220;#000000&#8243; locked=&#8220;off&#8220; global_colors_info=&#8220;{}&#8220;][et_pb_row use_custom_gutter=&#8220;on&#8220; gutter_width=&#8220;2&#8243; admin_label=&#8220;Ligne&#8220; _builder_version=&#8220;4.27.5&#8243; _module_preset=&#8220;default&#8220; width=&#8220;100%&#8220; max_width=&#8220;80%&#8220; custom_margin=&#8220;||||false|false&#8220; custom_padding=&#8220;0px||||false|false&#8220; locked=&#8220;off&#8220; global_colors_info=&#8220;{}&#8220;][et_pb_column type=&#8220;4_4&#8243; _builder_version=&#8220;4.25.2&#8243; _module_preset=&#8220;default&#8220; global_colors_info=&#8220;{}&#8220;][et_pb_post_title meta=&#8220;off&#8220; featured_image=&#8220;off&#8220; _builder_version=&#8220;4.27.5&#8243; _module_preset=&#8220;default&#8220; title_font=&#8220;Open Sans|300|||||||&#8220; title_text_color=&#8220;#ddab05&#8243; title_font_size=&#8220;6rem&#8220; text_orientation=&#8220;center&#8220; custom_margin=&#8220;0px||0px||false|false&#8220; global_colors_info=&#8220;{}&#8220;][\/et_pb_post_title][et_pb_text admin_label=&#8220;Texte&#8220; _builder_version=&#8220;4.27.6&#8243; _module_preset=&#8220;default&#8220; text_font=&#8220;&#8211;et_global_body_font|300|||||||&#8220; text_text_color=&#8220;#FFFFFF&#8220; text_font_size=&#8220;1.5rem&#8220; text_line_height=&#8220;1em&#8220; header_text_align=&#8220;center&#8220; text_orientation=&#8220;center&#8220; global_colors_info=&#8220;{}&#8220;]Der Poet des Blues und der Slide-Gitarre[\/et_pb_text][\/et_pb_column][\/et_pb_row][et_pb_row column_structure=&#8220;1_3,1_3,1_3&#8243; use_custom_gutter=&#8220;on&#8220; gutter_width=&#8220;2&#8243; admin_label=&#8220;Ligne&#8220; _builder_version=&#8220;4.27.5&#8243; _module_preset=&#8220;default&#8220; width=&#8220;100%&#8220; max_width=&#8220;80%&#8220; custom_margin=&#8220;||||false|false&#8220; custom_padding=&#8220;||||false|false&#8220; locked=&#8220;off&#8220; global_colors_info=&#8220;{}&#8220;][et_pb_column type=&#8220;1_3&#8243; _builder_version=&#8220;4.25.2&#8243; _module_preset=&#8220;default&#8220; global_colors_info=&#8220;{}&#8220;][et_pb_text _builder_version=&#8220;4.27.6&#8243; _module_preset=&#8220;default&#8220; text_font=&#8220;|300|||||||&#8220; text_font_size=&#8220;16px&#8220; header_font=&#8220;|700|||||||&#8220; header_text_align=&#8220;center&#8220; header_font_size=&#8220;36px&#8220; header_2_font=&#8220;&#8211;et_global_heading_font|300|||||||&#8220; header_2_text_color=&#8220;#ddab05&#8243; header_2_font_size=&#8220;24px&#8220; text_orientation=&#8220;justified&#8220; background_layout=&#8220;dark&#8220; width=&#8220;100%&#8220; width_tablet=&#8220;&#8220; width_phone=&#8220;100%&#8220; width_last_edited=&#8220;on|phone&#8220; module_alignment=&#8220;center&#8220; hover_enabled=&#8220;0&#8243; locked=&#8220;off&#8220; global_colors_info=&#8220;{}&#8220; sticky_enabled=&#8220;0&#8243;]<\/p>\n<h2>Urspr\u00fcnge und Anf\u00e4nge<\/h2>\n<p><\/p>\n<p><strong>Benjamin Chase Harper<\/strong> wird am <strong>28. Oktober 1969<\/strong> in <strong>Claremont<\/strong>, Kalifornien, geboren. Er w\u00e4chst im Musikgesch\u00e4ft seiner Gro\u00dfeltern auf, dem <strong>Folk Music Center<\/strong>, einem legend\u00e4ren Ort, der 1958 gegr\u00fcndet wurde, wo er schon als Kind Instrumente aus aller Welt und reisende Musiker erlebt.<br \/>Er lernt die <strong>Weissenborn<\/strong>, eine hawaiianische Lap-Steel-Gitarre, die zu seinem Markenzeichen wird. Als Teenager spielt er in den <strong>Coffeehouses<\/strong> von Los Angeles und entwickelt einen einzigartigen Stil, der <strong>Slide-Gitarre<\/strong>, <strong>Fingerpicking<\/strong> und gef\u00fchlvollen Gesang verbindet.<\/p>\n<p>[\/et_pb_text][et_pb_text _builder_version=&#8220;4.27.6&#8243; _module_preset=&#8220;default&#8220; text_font=&#8220;|300|||||||&#8220; text_font_size=&#8220;16px&#8220; header_font=&#8220;|700|||||||&#8220; header_text_align=&#8220;center&#8220; header_font_size=&#8220;36px&#8220; header_2_font=&#8220;&#8211;et_global_heading_font|300|||||||&#8220; header_2_text_color=&#8220;#ddab05&#8243; header_2_font_size=&#8220;24px&#8220; text_orientation=&#8220;justified&#8220; background_layout=&#8220;dark&#8220; width=&#8220;100%&#8220; width_tablet=&#8220;&#8220; width_phone=&#8220;100%&#8220; width_last_edited=&#8220;on|phone&#8220; module_alignment=&#8220;center&#8220; hover_enabled=&#8220;0&#8243; locked=&#8220;off&#8220; global_colors_info=&#8220;{}&#8220; sticky_enabled=&#8220;0&#8243;]<\/p>\n<h2>Karriere und wichtigste Alben<\/h2>\n<p><\/p>\n<p>Sein erstes Album, <strong>Fight for Your Mind (1995)<\/strong>, machte ihn einem breiten Publikum bekannt und verband auf einzigartige Weise <strong>Blues<\/strong>, <strong>Reggae<\/strong> und <strong>engagierten Folk<\/strong>. <strong>Burn to Shine (1999)<\/strong> festigte seinen Status als bedeutender K\u00fcnstler, getragen von seinem Ruf als au\u00dfergew\u00f6hnlicher Live-Performer.<br \/>Er arbeitet regelm\u00e4\u00dfig mit den <strong>Innocent Criminals<\/strong>, seiner festen Begleitband, zusammen. Im Laufe seiner Karriere gewann er <strong>3 Grammy Awards<\/strong>, darunter f\u00fcr das Album <strong>Get Up!<\/strong> mit <strong>Charlie Musselwhite<\/strong> im Jahr <strong>2014<\/strong>. Seine F\u00e4higkeit, vom sanftesten Fl\u00fcstern bis zum intensivsten Aufschrei zu wechseln, macht jedes Konzert zu einem intensiven Erlebnis.<\/p>\n<p>[\/et_pb_text][\/et_pb_column][et_pb_column type=&#8220;1_3&#8243; _builder_version=&#8220;4.25.2&#8243; _module_preset=&#8220;default&#8220; global_colors_info=&#8220;{}&#8220;][et_pb_image src=&#8220;https:\/\/www.matts-guitar-shop.com\/wp-content\/uploads\/2026\/04\/ben-harper-biographie-02.webp&#8220; alt=&#8220;Ben Harper Biografie&#8220; title_text=&#8220;ben-harper-biographie-02&#8243; align=&#8220;center&#8220; _builder_version=&#8220;4.27.6&#8243; _module_preset=&#8220;default&#8220; global_colors_info=&#8220;{}&#8220;][\/et_pb_image][\/et_pb_column][et_pb_column type=&#8220;1_3&#8243; _builder_version=&#8220;4.25.2&#8243; _module_preset=&#8220;default&#8220; global_colors_info=&#8220;{}&#8220;][et_pb_text _builder_version=&#8220;4.27.6&#8243; _module_preset=&#8220;default&#8220; text_font=&#8220;|300|||||||&#8220; text_font_size=&#8220;16px&#8220; header_font=&#8220;|700|||||||&#8220; header_text_align=&#8220;center&#8220; header_font_size=&#8220;36px&#8220; header_2_font=&#8220;&#8211;et_global_heading_font|300|||||||&#8220; header_2_text_color=&#8220;#ddab05&#8243; header_2_font_size=&#8220;24px&#8220; text_orientation=&#8220;justified&#8220; background_layout=&#8220;dark&#8220; width=&#8220;100%&#8220; width_tablet=&#8220;&#8220; width_phone=&#8220;100%&#8220; width_last_edited=&#8220;on|phone&#8220; module_alignment=&#8220;center&#8220; hover_enabled=&#8220;0&#8243; locked=&#8220;off&#8220; global_colors_info=&#8220;{}&#8220; sticky_enabled=&#8220;0&#8243;]<\/p>\n<h2>Engagement und Stil<\/h2>\n<p><\/p>\n<p>Ben Harper verbindet <strong>Blues<\/strong>, <strong>Rock<\/strong>, <strong>Folk<\/strong>, <strong>Reggae<\/strong> und <strong>Soul<\/strong> mit seltener emotionaler Intensit\u00e4t. Seine Texte behandeln <strong>B\u00fcrgerrechte<\/strong>, <strong>soziale Gerechtigkeit<\/strong>, <strong>Liebe<\/strong> und <strong>Spiritualit\u00e4t<\/strong>. Er ist ein engagierter K\u00fcnstler, der eng mit <strong>afroamerikanischen<\/strong> und <strong>indigenen<\/strong> Gemeinschaften verbunden ist.<br \/>Sein Spiel auf der <strong>Weissenborn<\/strong> und der <strong>Slide-Gitarre<\/strong> ist zu seiner klanglichen Signatur geworden, erkennbar nach nur einem Ton.<\/p>\n<p>[\/et_pb_text][et_pb_text _builder_version=&#8220;4.27.6&#8243; _module_preset=&#8220;default&#8220; text_font=&#8220;|300|||||||&#8220; text_font_size=&#8220;16px&#8220; link_font=&#8220;||||||||&#8220; link_text_align=&#8220;justify&#8220; header_font=&#8220;|700|||||||&#8220; header_text_align=&#8220;center&#8220; header_font_size=&#8220;36px&#8220; header_2_font=&#8220;&#8211;et_global_heading_font|300|||||||&#8220; header_2_text_color=&#8220;#ddab05&#8243; header_2_font_size=&#8220;24px&#8220; text_orientation=&#8220;justified&#8220; background_layout=&#8220;dark&#8220; width=&#8220;100%&#8220; width_tablet=&#8220;&#8220; width_phone=&#8220;100%&#8220; width_last_edited=&#8220;on|phone&#8220; module_alignment=&#8220;center&#8220; hover_enabled=&#8220;0&#8243; locked=&#8220;off&#8220; global_colors_info=&#8220;{}&#8220; sticky_enabled=&#8220;0&#8243;]<\/p>\n<h2>Signature-Gitarre<\/h2>\n<p><\/p>\n<p>Die <strong>Weissenborn<\/strong> (eine massive hawaiianische Lap-Steel-Gitarre, die auf dem Scho\u00df gespielt wird) ist sein bevorzugtes Instrument. Au\u00dferdem nutzt er <strong>Fender Stratocaster<\/strong>, akustische Gitarren von <strong>Cole Clark<\/strong> sowie <strong>Gibson<\/strong>-Akustikgitarren. Seine Vintage-Weissenborns aus den <strong>1920er- und 1930er-Jahren<\/strong> geh\u00f6ren zu den begehrtesten der Welt.<\/p>\n<p>[\/et_pb_text][\/et_pb_column][\/et_pb_row][\/et_pb_section]<\/p>\n","protected":false},"excerpt":{"rendered":"<p>Der Poet des Blues und der Slide-GitarreUrspr\u00fcnge und Anf\u00e4ngeBenjamin Chase Harper wird am 28. Oktober 1969 in Claremont, Kalifornien, geboren. Er w\u00e4chst im Musikgesch\u00e4ft seiner Gro\u00dfeltern auf, dem Folk Music Center, einem legend\u00e4ren Ort, der 1958 gegr\u00fcndet wurde, wo er schon als Kind Instrumente aus aller Welt und reisende Musiker erlebt.Er lernt die Weissenborn, eine [&hellip;]<\/p>\n","protected":false},"author":2,"featured_media":36215,"parent":24298,"menu_order":0,"comment_status":"closed","ping_status":"closed","template":"","meta":{"_et_pb_use_builder":"on","_et_pb_old_content":"","_et_gb_content_width":"","footnotes":""},"class_list":["post-36328","page","type-page","status-publish","has-post-thumbnail","hentry"],"yoast_head":"<!-- This site is optimized with the Yoast SEO plugin v26.8 - https:\/\/yoast.com\/product\/yoast-seo-wordpress\/ -->\n<title>Ben Harper: Der Poet des Blues und Slide-Gitarren<\/title>\n<meta name=\"description\" content=\"Entdecke Ben Harper, Meister der Slide-Gitarre und Weissenborn, zwischen Blues, Folk, Reggae und musikalischem Engagement.\" \/>\n<meta name=\"robots\" content=\"index, follow, max-snippet:-1, max-image-preview:large, max-video-preview:-1\" \/>\n<link rel=\"canonical\" href=\"https:\/\/www.matts-guitar-shop.com\/de\/die-legenden-des-rock\/ben-harper\/\" \/>\n<meta property=\"og:locale\" content=\"de_DE\" \/>\n<meta property=\"og:type\" content=\"article\" \/>\n<meta property=\"og:title\" content=\"Ben Harper: Der Poet des Blues und Slide-Gitarren\" \/>\n<meta property=\"og:description\" content=\"Entdecke Ben Harper, Meister der Slide-Gitarre und Weissenborn, zwischen Blues, Folk, Reggae und musikalischem Engagement.\" \/>\n<meta property=\"og:url\" content=\"https:\/\/www.matts-guitar-shop.com\/de\/die-legenden-des-rock\/ben-harper\/\" \/>\n<meta property=\"og:site_name\" content=\"Matt&#039;s Guitar Shop\" \/>\n<meta property=\"article:publisher\" content=\"https:\/\/www.facebook.com\/profile.php?id=100044359842817\" \/>\n<meta property=\"article:modified_time\" content=\"2026-04-24T18:41:51+00:00\" \/>\n<meta property=\"og:image\" content=\"https:\/\/www.matts-guitar-shop.com\/wp-content\/uploads\/2026\/04\/ben-harper-biographie-01.webp\" \/>\n\t<meta property=\"og:image:width\" content=\"400\" \/>\n\t<meta property=\"og:image:height\" content=\"400\" \/>\n\t<meta property=\"og:image:type\" content=\"image\/webp\" \/>\n<meta name=\"twitter:card\" content=\"summary_large_image\" \/>\n<meta name=\"twitter:label1\" content=\"Gesch\u00e4tzte Lesezeit\" \/>\n\t<meta name=\"twitter:data1\" content=\"4\u00a0Minuten\" \/>\n<script type=\"application\/ld+json\" class=\"yoast-schema-graph\">{\"@context\":\"https:\/\/schema.org\",\"@graph\":[{\"@type\":\"WebPage\",\"@id\":\"https:\/\/www.matts-guitar-shop.com\/de\/die-legenden-des-rock\/ben-harper\/\",\"url\":\"https:\/\/www.matts-guitar-shop.com\/de\/die-legenden-des-rock\/ben-harper\/\",\"name\":\"Ben Harper: Der Poet des Blues und Slide-Gitarren\",\"isPartOf\":{\"@id\":\"https:\/\/www.matts-guitar-shop.com\/de\/#website\"},\"primaryImageOfPage\":{\"@id\":\"https:\/\/www.matts-guitar-shop.com\/de\/die-legenden-des-rock\/ben-harper\/#primaryimage\"},\"image\":{\"@id\":\"https:\/\/www.matts-guitar-shop.com\/de\/die-legenden-des-rock\/ben-harper\/#primaryimage\"},\"thumbnailUrl\":\"https:\/\/www.matts-guitar-shop.com\/wp-content\/uploads\/2026\/04\/ben-harper-biographie-01.webp\",\"datePublished\":\"2026-04-24T15:51:03+00:00\",\"dateModified\":\"2026-04-24T18:41:51+00:00\",\"description\":\"Entdecke Ben Harper, Meister der Slide-Gitarre und Weissenborn, zwischen Blues, Folk, Reggae und musikalischem Engagement.\",\"breadcrumb\":{\"@id\":\"https:\/\/www.matts-guitar-shop.com\/de\/die-legenden-des-rock\/ben-harper\/#breadcrumb\"},\"inLanguage\":\"de\",\"potentialAction\":[{\"@type\":\"ReadAction\",\"target\":[\"https:\/\/www.matts-guitar-shop.com\/de\/die-legenden-des-rock\/ben-harper\/\"]}]},{\"@type\":\"ImageObject\",\"inLanguage\":\"de\",\"@id\":\"https:\/\/www.matts-guitar-shop.com\/de\/die-legenden-des-rock\/ben-harper\/#primaryimage\",\"url\":\"https:\/\/www.matts-guitar-shop.com\/wp-content\/uploads\/2026\/04\/ben-harper-biographie-01.webp\",\"contentUrl\":\"https:\/\/www.matts-guitar-shop.com\/wp-content\/uploads\/2026\/04\/ben-harper-biographie-01.webp\",\"width\":400,\"height\":400,\"caption\":\"Biographie Ben Harper\"},{\"@type\":\"BreadcrumbList\",\"@id\":\"https:\/\/www.matts-guitar-shop.com\/de\/die-legenden-des-rock\/ben-harper\/#breadcrumb\",\"itemListElement\":[{\"@type\":\"ListItem\",\"position\":1,\"name\":\"Startseite\",\"item\":\"https:\/\/www.matts-guitar-shop.com\/de\/\"},{\"@type\":\"ListItem\",\"position\":2,\"name\":\"Die Legenden des Rock\",\"item\":\"https:\/\/www.matts-guitar-shop.com\/de\/les-legendes-du-rock\/\"},{\"@type\":\"ListItem\",\"position\":3,\"name\":\"Ben Harper\"}]},{\"@type\":\"WebSite\",\"@id\":\"https:\/\/www.matts-guitar-shop.com\/de\/#website\",\"url\":\"https:\/\/www.matts-guitar-shop.com\/de\/\",\"name\":\"matts-guitar-shop.com\",\"description\":\"Guitar Shop\",\"publisher\":{\"@id\":\"https:\/\/www.matts-guitar-shop.com\/de\/#organization\"},\"potentialAction\":[{\"@type\":\"SearchAction\",\"target\":{\"@type\":\"EntryPoint\",\"urlTemplate\":\"https:\/\/www.matts-guitar-shop.com\/de\/?s={search_term_string}\"},\"query-input\":{\"@type\":\"PropertyValueSpecification\",\"valueRequired\":true,\"valueName\":\"search_term_string\"}}],\"inLanguage\":\"de\"},{\"@type\":\"Organization\",\"@id\":\"https:\/\/www.matts-guitar-shop.com\/de\/#organization\",\"name\":\"matts-guitar-shop.com\",\"url\":\"https:\/\/www.matts-guitar-shop.com\/de\/\",\"logo\":{\"@type\":\"ImageObject\",\"inLanguage\":\"de\",\"@id\":\"https:\/\/www.matts-guitar-shop.com\/de\/#\/schema\/logo\/image\/\",\"url\":\"https:\/\/www.matts-guitar-shop.com\/wp-content\/uploads\/2024\/09\/MGS-logo-site-02.png\",\"contentUrl\":\"https:\/\/www.matts-guitar-shop.com\/wp-content\/uploads\/2024\/09\/MGS-logo-site-02.png\",\"width\":200,\"height\":122,\"caption\":\"matts-guitar-shop.com\"},\"image\":{\"@id\":\"https:\/\/www.matts-guitar-shop.com\/de\/#\/schema\/logo\/image\/\"},\"sameAs\":[\"https:\/\/www.facebook.com\/profile.php?id=100044359842817\",\"https:\/\/www.instagram.com\/mattsguitarshop\/\",\"https:\/\/www.youtube.com\/@MattLucasMan\/videos\"]}]}<\/script>\n<!-- \/ Yoast SEO plugin. -->","yoast_head_json":{"title":"Ben Harper: Der Poet des Blues und Slide-Gitarren","description":"Entdecke Ben Harper, Meister der Slide-Gitarre und Weissenborn, zwischen Blues, Folk, Reggae und musikalischem Engagement.","robots":{"index":"index","follow":"follow","max-snippet":"max-snippet:-1","max-image-preview":"max-image-preview:large","max-video-preview":"max-video-preview:-1"},"canonical":"https:\/\/www.matts-guitar-shop.com\/de\/die-legenden-des-rock\/ben-harper\/","og_locale":"de_DE","og_type":"article","og_title":"Ben Harper: Der Poet des Blues und Slide-Gitarren","og_description":"Entdecke Ben Harper, Meister der Slide-Gitarre und Weissenborn, zwischen Blues, Folk, Reggae und musikalischem Engagement.","og_url":"https:\/\/www.matts-guitar-shop.com\/de\/die-legenden-des-rock\/ben-harper\/","og_site_name":"Matt&#039;s Guitar Shop","article_publisher":"https:\/\/www.facebook.com\/profile.php?id=100044359842817","article_modified_time":"2026-04-24T18:41:51+00:00","og_image":[{"width":400,"height":400,"url":"https:\/\/www.matts-guitar-shop.com\/wp-content\/uploads\/2026\/04\/ben-harper-biographie-01.webp","type":"image\/webp"}],"twitter_card":"summary_large_image","twitter_misc":{"Gesch\u00e4tzte Lesezeit":"4\u00a0Minuten"},"schema":{"@context":"https:\/\/schema.org","@graph":[{"@type":"WebPage","@id":"https:\/\/www.matts-guitar-shop.com\/de\/die-legenden-des-rock\/ben-harper\/","url":"https:\/\/www.matts-guitar-shop.com\/de\/die-legenden-des-rock\/ben-harper\/","name":"Ben Harper: Der Poet des Blues und Slide-Gitarren","isPartOf":{"@id":"https:\/\/www.matts-guitar-shop.com\/de\/#website"},"primaryImageOfPage":{"@id":"https:\/\/www.matts-guitar-shop.com\/de\/die-legenden-des-rock\/ben-harper\/#primaryimage"},"image":{"@id":"https:\/\/www.matts-guitar-shop.com\/de\/die-legenden-des-rock\/ben-harper\/#primaryimage"},"thumbnailUrl":"https:\/\/www.matts-guitar-shop.com\/wp-content\/uploads\/2026\/04\/ben-harper-biographie-01.webp","datePublished":"2026-04-24T15:51:03+00:00","dateModified":"2026-04-24T18:41:51+00:00","description":"Entdecke Ben Harper, Meister der Slide-Gitarre und Weissenborn, zwischen Blues, Folk, Reggae und musikalischem Engagement.","breadcrumb":{"@id":"https:\/\/www.matts-guitar-shop.com\/de\/die-legenden-des-rock\/ben-harper\/#breadcrumb"},"inLanguage":"de","potentialAction":[{"@type":"ReadAction","target":["https:\/\/www.matts-guitar-shop.com\/de\/die-legenden-des-rock\/ben-harper\/"]}]},{"@type":"ImageObject","inLanguage":"de","@id":"https:\/\/www.matts-guitar-shop.com\/de\/die-legenden-des-rock\/ben-harper\/#primaryimage","url":"https:\/\/www.matts-guitar-shop.com\/wp-content\/uploads\/2026\/04\/ben-harper-biographie-01.webp","contentUrl":"https:\/\/www.matts-guitar-shop.com\/wp-content\/uploads\/2026\/04\/ben-harper-biographie-01.webp","width":400,"height":400,"caption":"Biographie Ben Harper"},{"@type":"BreadcrumbList","@id":"https:\/\/www.matts-guitar-shop.com\/de\/die-legenden-des-rock\/ben-harper\/#breadcrumb","itemListElement":[{"@type":"ListItem","position":1,"name":"Startseite","item":"https:\/\/www.matts-guitar-shop.com\/de\/"},{"@type":"ListItem","position":2,"name":"Die Legenden des Rock","item":"https:\/\/www.matts-guitar-shop.com\/de\/les-legendes-du-rock\/"},{"@type":"ListItem","position":3,"name":"Ben Harper"}]},{"@type":"WebSite","@id":"https:\/\/www.matts-guitar-shop.com\/de\/#website","url":"https:\/\/www.matts-guitar-shop.com\/de\/","name":"matts-guitar-shop.com","description":"Guitar Shop","publisher":{"@id":"https:\/\/www.matts-guitar-shop.com\/de\/#organization"},"potentialAction":[{"@type":"SearchAction","target":{"@type":"EntryPoint","urlTemplate":"https:\/\/www.matts-guitar-shop.com\/de\/?s={search_term_string}"},"query-input":{"@type":"PropertyValueSpecification","valueRequired":true,"valueName":"search_term_string"}}],"inLanguage":"de"},{"@type":"Organization","@id":"https:\/\/www.matts-guitar-shop.com\/de\/#organization","name":"matts-guitar-shop.com","url":"https:\/\/www.matts-guitar-shop.com\/de\/","logo":{"@type":"ImageObject","inLanguage":"de","@id":"https:\/\/www.matts-guitar-shop.com\/de\/#\/schema\/logo\/image\/","url":"https:\/\/www.matts-guitar-shop.com\/wp-content\/uploads\/2024\/09\/MGS-logo-site-02.png","contentUrl":"https:\/\/www.matts-guitar-shop.com\/wp-content\/uploads\/2024\/09\/MGS-logo-site-02.png","width":200,"height":122,"caption":"matts-guitar-shop.com"},"image":{"@id":"https:\/\/www.matts-guitar-shop.com\/de\/#\/schema\/logo\/image\/"},"sameAs":["https:\/\/www.facebook.com\/profile.php?id=100044359842817","https:\/\/www.instagram.com\/mattsguitarshop\/","https:\/\/www.youtube.com\/@MattLucasMan\/videos"]}]}},"_links":{"self":[{"href":"https:\/\/www.matts-guitar-shop.com\/de\/wp-json\/wp\/v2\/pages\/36328","targetHints":{"allow":["GET"]}}],"collection":[{"href":"https:\/\/www.matts-guitar-shop.com\/de\/wp-json\/wp\/v2\/pages"}],"about":[{"href":"https:\/\/www.matts-guitar-shop.com\/de\/wp-json\/wp\/v2\/types\/page"}],"author":[{"embeddable":true,"href":"https:\/\/www.matts-guitar-shop.com\/de\/wp-json\/wp\/v2\/users\/2"}],"replies":[{"embeddable":true,"href":"https:\/\/www.matts-guitar-shop.com\/de\/wp-json\/wp\/v2\/comments?post=36328"}],"version-history":[{"count":2,"href":"https:\/\/www.matts-guitar-shop.com\/de\/wp-json\/wp\/v2\/pages\/36328\/revisions"}],"predecessor-version":[{"id":36330,"href":"https:\/\/www.matts-guitar-shop.com\/de\/wp-json\/wp\/v2\/pages\/36328\/revisions\/36330"}],"up":[{"embeddable":true,"href":"https:\/\/www.matts-guitar-shop.com\/de\/wp-json\/wp\/v2\/pages\/24298"}],"wp:featuredmedia":[{"embeddable":true,"href":"https:\/\/www.matts-guitar-shop.com\/de\/wp-json\/wp\/v2\/media\/36215"}],"wp:attachment":[{"href":"https:\/\/www.matts-guitar-shop.com\/de\/wp-json\/wp\/v2\/media?parent=36328"}],"curies":[{"name":"wp","href":"https:\/\/api.w.org\/{rel}","templated":true}]}}