{"id":31124,"date":"2026-04-01T16:58:57","date_gmt":"2026-04-01T14:58:57","guid":{"rendered":"https:\/\/www.matts-guitar-shop.com\/die-legenden-des-rock\/angus-young\/"},"modified":"2026-04-24T17:58:19","modified_gmt":"2026-04-24T15:58:19","slug":"angus-young","status":"publish","type":"page","link":"https:\/\/www.matts-guitar-shop.com\/de\/die-legenden-des-rock\/angus-young\/","title":{"rendered":"Angus Young"},"content":{"rendered":"<p>[et_pb_section fb_built=&#8220;1&#8243; _builder_version=&#8220;4.27.5&#8243; _module_preset=&#8220;default&#8220; background_color=&#8220;#000000&#8243; global_colors_info=&#8220;{}&#8220;][et_pb_row use_custom_gutter=&#8220;on&#8220; gutter_width=&#8220;2&#8243; admin_label=&#8220;Ligne&#8220; _builder_version=&#8220;4.27.5&#8243; _module_preset=&#8220;default&#8220; width=&#8220;100%&#8220; max_width=&#8220;80%&#8220; custom_margin=&#8220;||||false|false&#8220; custom_padding=&#8220;0px||||false|false&#8220; locked=&#8220;off&#8220; global_colors_info=&#8220;{}&#8220;][et_pb_column type=&#8220;4_4&#8243; _builder_version=&#8220;4.25.2&#8243; _module_preset=&#8220;default&#8220; global_colors_info=&#8220;{}&#8220;][et_pb_post_title meta=&#8220;off&#8220; featured_image=&#8220;off&#8220; _builder_version=&#8220;4.27.5&#8243; _module_preset=&#8220;default&#8220; title_font=&#8220;Open Sans|300|||||||&#8220; title_text_color=&#8220;#ddab05&#8243; title_font_size=&#8220;6rem&#8220; text_orientation=&#8220;center&#8220; custom_margin=&#8220;0px||0px||false|false&#8220; global_colors_info=&#8220;{}&#8220;][\/et_pb_post_title][et_pb_text admin_label=&#8220;Texte&#8220; _builder_version=&#8220;4.27.5&#8243; _module_preset=&#8220;default&#8220; text_font=&#8220;&#8211;et_global_body_font|300|||||||&#8220; text_text_color=&#8220;#FFFFFF&#8220; text_font_size=&#8220;1.5rem&#8220; text_line_height=&#8220;1em&#8220; header_text_align=&#8220;center&#8220; text_orientation=&#8220;center&#8220; global_colors_info=&#8220;{}&#8220;]AC\/DC \u2013 Der teuflische Gitarrist im Schuluniform-Look[\/et_pb_text][\/et_pb_column][\/et_pb_row][et_pb_row column_structure=&#8220;1_3,1_3,1_3&#8243; use_custom_gutter=&#8220;on&#8220; gutter_width=&#8220;2&#8243; admin_label=&#8220;Ligne&#8220; _builder_version=&#8220;4.27.5&#8243; _module_preset=&#8220;default&#8220; width=&#8220;100%&#8220; max_width=&#8220;80%&#8220; custom_margin=&#8220;||||false|false&#8220; custom_padding=&#8220;||||false|false&#8220; locked=&#8220;off&#8220; global_colors_info=&#8220;{}&#8220;][et_pb_column type=&#8220;1_3&#8243; _builder_version=&#8220;4.25.2&#8243; _module_preset=&#8220;default&#8220; global_colors_info=&#8220;{}&#8220;][et_pb_text _builder_version=&#8220;4.27.5&#8243; _module_preset=&#8220;default&#8220; text_font=&#8220;|300|||||||&#8220; text_font_size=&#8220;16px&#8220; header_font=&#8220;|700|||||||&#8220; header_text_align=&#8220;center&#8220; header_font_size=&#8220;36px&#8220; header_2_font=&#8220;&#8211;et_global_heading_font|300|||||||&#8220; header_2_text_color=&#8220;#ddab05&#8243; header_2_font_size=&#8220;24px&#8220; text_orientation=&#8220;justified&#8220; background_layout=&#8220;dark&#8220; width=&#8220;100%&#8220; width_tablet=&#8220;&#8220; width_phone=&#8220;100%&#8220; width_last_edited=&#8220;on|phone&#8220; module_alignment=&#8220;center&#8220; locked=&#8220;off&#8220; global_colors_info=&#8220;{}&#8220;]<\/p>\n<h2>Herkunft und Anf\u00e4nge<\/h2>\n<p><\/p>\n<p><strong>Angus McKinnon Young<\/strong> wurde am <strong>31. M\u00e4rz 1955<\/strong> in <strong>Glasgow<\/strong>, Schottland, geboren. Seine Familie wanderte <strong>1963<\/strong> nach <strong>Sydney<\/strong>, Australien, aus. Beeinflusst von seinen \u00e4lteren Br\u00fcdern, insbesondere <strong>George Young<\/strong> (Mitglied der <strong>Easybeats<\/strong>), begann er schon fr\u00fch Gitarre zu spielen und entwickelte einen nerv\u00f6sen, pr\u00e4gnanten Stil, der tief im <strong>Blues<\/strong> von <strong>Chuck Berry<\/strong> und <strong>Muddy Waters<\/strong> verwurzelt ist.<br \/>\n<strong>1973<\/strong> gr\u00fcndete er zusammen mit seinem Bruder <strong>Malcolm Young<\/strong> die Band <strong>AC\/DC<\/strong>. Seine Schuluniform, die von seiner Schwester Margaret entworfen wurde, wurde sofort zu seinem Markenzeichen auf der B\u00fchne. Die Band erarbeitete sich schnell den Ruf einer beeindruckenden Live-Maschine in den Pubs von Sydney und Melbourne.<\/p>\n<p>[\/et_pb_text][et_pb_text _builder_version=&#8220;4.27.5&#8243; _module_preset=&#8220;default&#8220; text_font=&#8220;|300|||||||&#8220; text_font_size=&#8220;16px&#8220; header_font=&#8220;|700|||||||&#8220; header_text_align=&#8220;center&#8220; header_font_size=&#8220;36px&#8220; header_2_font=&#8220;&#8211;et_global_heading_font|300|||||||&#8220; header_2_text_color=&#8220;#ddab05&#8243; header_2_font_size=&#8220;24px&#8220; text_orientation=&#8220;justified&#8220; background_layout=&#8220;dark&#8220; width=&#8220;100%&#8220; width_tablet=&#8220;&#8220; width_phone=&#8220;100%&#8220; width_last_edited=&#8220;on|phone&#8220; module_alignment=&#8220;center&#8220; locked=&#8220;off&#8220; global_colors_info=&#8220;{}&#8220;]<\/p>\n<h2>Aufstieg und Durchbruch<\/h2>\n<p><\/p>\n<p>Die ersten australischen Alben, darunter <strong>High Voltage (1975)<\/strong> und <strong>Dirty Deeds Done Dirt Cheap (1976)<\/strong>, etablierten die Band auf der internationalen Rockb\u00fchne. S\u00e4nger <strong>Bon Scott<\/strong> verlieh der Gruppe mit seiner rauen Stimme und provokanten Texten eine rohe und wilde Identit\u00e4t.<br \/>\nNach dem tragischen Tod von <strong>Bon Scott<\/strong> am <strong>19. Februar 1980<\/strong> verpflichtete die Band <strong>Brian Johnson<\/strong>. Das Album <strong>Back in Black (1980)<\/strong> wurde zu einem der <strong>meistverkauften Alben der Musikgeschichte<\/strong>, mit \u00fcber <strong>50 Millionen verkauften Exemplaren<\/strong>. Das Er\u00f6ffnungsriff und die Trauerglocken als Hommage an Scott sind legend\u00e4r geworden.<\/p>\n<p>[\/et_pb_text][\/et_pb_column][et_pb_column type=&#8220;1_3&#8243; _builder_version=&#8220;4.25.2&#8243; _module_preset=&#8220;default&#8220; global_colors_info=&#8220;{}&#8220;][et_pb_image src=&#8220;https:\/\/www.matts-guitar-shop.com\/wp-content\/uploads\/2026\/04\/angus-young-biographie-01.jpg&#8220; alt=&#8220;Biografie Angus Young&#8220; title_text=&#8220;angus-young-biographie-01&#8243; align=&#8220;center&#8220; _builder_version=&#8220;4.27.5&#8243; _module_preset=&#8220;default&#8220; global_colors_info=&#8220;{}&#8220;][\/et_pb_image][\/et_pb_column][et_pb_column type=&#8220;1_3&#8243; _builder_version=&#8220;4.25.2&#8243; _module_preset=&#8220;default&#8220; global_colors_info=&#8220;{}&#8220;][et_pb_text _builder_version=&#8220;4.27.5&#8243; _module_preset=&#8220;default&#8220; text_font=&#8220;|300|||||||&#8220; text_font_size=&#8220;16px&#8220; header_font=&#8220;|700|||||||&#8220; header_text_align=&#8220;center&#8220; header_font_size=&#8220;36px&#8220; header_2_font=&#8220;&#8211;et_global_heading_font|300|||||||&#8220; header_2_text_color=&#8220;#ddab05&#8243; header_2_font_size=&#8220;24px&#8220; text_orientation=&#8220;justified&#8220; background_layout=&#8220;dark&#8220; width=&#8220;100%&#8220; width_tablet=&#8220;&#8220; width_phone=&#8220;100%&#8220; width_last_edited=&#8220;on|phone&#8220; module_alignment=&#8220;center&#8220; locked=&#8220;off&#8220; global_colors_info=&#8220;{}&#8220;]<\/p>\n<h2>Stil und Verm\u00e4chtnis<\/h2>\n<p><\/p>\n<p>Angus Young ist untrennbar mit seiner <strong>Gibson SG<\/strong> verbunden, die er seit den Anf\u00e4ngen der Band spielt. Sein Spiel zeichnet sich durch <strong>kraftvolle Riffs<\/strong>, einen unverwechselbaren <strong>verzerrten Sound<\/strong> und eine legend\u00e4re B\u00fchnenenergie aus. Seine von Chuck Berry inspirierten <strong>Duckwalks<\/strong> und seine explosiven Soli machen ihn zu einem der elektrisierendsten Performer der Rockgeschichte.<br \/>AC\/DC hat weltweit \u00fcber <strong>200 Millionen Alben<\/strong> verkauft. Die Band wurde <strong>2003<\/strong> in die <strong>Rock and Roll Hall of Fame<\/strong> aufgenommen. <strong>2020<\/strong> kehrte die Band trotz gesundheitlicher Probleme mehrerer Mitglieder mit <strong>Power Up<\/strong> zur\u00fcck, einem Album als Hommage an Malcolm Young, der 2017 verstarb.<\/p>\n<p>[\/et_pb_text][et_pb_text _builder_version=&#8220;4.27.5&#8243; _module_preset=&#8220;default&#8220; text_font=&#8220;|300|||||||&#8220; text_font_size=&#8220;16px&#8220; link_font=&#8220;||||||||&#8220; link_text_align=&#8220;justify&#8220; header_font=&#8220;|700|||||||&#8220; header_text_align=&#8220;center&#8220; header_font_size=&#8220;36px&#8220; header_2_font=&#8220;&#8211;et_global_heading_font|300|||||||&#8220; header_2_text_color=&#8220;#ddab05&#8243; header_2_font_size=&#8220;24px&#8220; text_orientation=&#8220;justified&#8220; background_layout=&#8220;dark&#8220; width=&#8220;100%&#8220; width_tablet=&#8220;&#8220; width_phone=&#8220;100%&#8220; width_last_edited=&#8220;on|phone&#8220; module_alignment=&#8220;center&#8220; locked=&#8220;off&#8220; global_colors_info=&#8220;{}&#8220;]<\/p>\n<h2>Ikonische Gitarre<\/h2>\n<p><\/p>\n<p>Die <a href=\"https:\/\/www.matts-guitar-shop.com\/de\/produit\/gibson-sg-les-paul-standard-1962\/\"><strong>Gibson SG Standard<\/strong><\/a> bleibt das Symbol von Angus Young. Er spielte auch <strong>Gibson SG Custom<\/strong>-Modelle sowie <strong>Jaydee SG Signature<\/strong>-Gitarren. Gibson hat mehrere Angus Young Signature SG Modelle herausgebracht, erkennbar an ihren leistungsstarken <strong>Humbucker<\/strong>-Pickups und ihrem schlanken Halsprofil.<\/p>\n<p>[\/et_pb_text][\/et_pb_column][\/et_pb_row][\/et_pb_section]<\/p>\n","protected":false},"excerpt":{"rendered":"<p>AC\/DC \u2013 Der teuflische Gitarrist im Schuluniform-LookHerkunft und Anf\u00e4ngeAngus McKinnon Young wurde am 31. M\u00e4rz 1955 in Glasgow, Schottland, geboren. Seine Familie wanderte 1963 nach Sydney, Australien, aus. Beeinflusst von seinen \u00e4lteren Br\u00fcdern, insbesondere George Young (Mitglied der Easybeats), begann er schon fr\u00fch Gitarre zu spielen und entwickelte einen nerv\u00f6sen, pr\u00e4gnanten Stil, der tief im [&hellip;]<\/p>\n","protected":false},"author":2,"featured_media":31086,"parent":24298,"menu_order":0,"comment_status":"closed","ping_status":"closed","template":"","meta":{"_et_pb_use_builder":"on","_et_pb_old_content":"","_et_gb_content_width":"","footnotes":""},"class_list":["post-31124","page","type-page","status-publish","has-post-thumbnail","hentry"],"yoast_head":"<!-- This site is optimized with the Yoast SEO plugin v26.8 - https:\/\/yoast.com\/product\/yoast-seo-wordpress\/ -->\n<title>Angus Young: AC\/DC Legende und Gibson SG Gitarre<\/title>\n<meta name=\"description\" content=\"Biografie von Angus Young, AC\/DC-Gitarrist: Stil, Karriere, Gibson SG und legend\u00e4res Rock-Erbe.\" \/>\n<meta name=\"robots\" content=\"index, follow, max-snippet:-1, max-image-preview:large, max-video-preview:-1\" \/>\n<link rel=\"canonical\" href=\"https:\/\/www.matts-guitar-shop.com\/de\/die-legenden-des-rock\/angus-young\/\" \/>\n<meta property=\"og:locale\" content=\"de_DE\" \/>\n<meta property=\"og:type\" content=\"article\" \/>\n<meta property=\"og:title\" content=\"Angus Young: AC\/DC Legende und Gibson SG Gitarre\" \/>\n<meta property=\"og:description\" content=\"Biografie von Angus Young, AC\/DC-Gitarrist: Stil, Karriere, Gibson SG und legend\u00e4res Rock-Erbe.\" \/>\n<meta property=\"og:url\" content=\"https:\/\/www.matts-guitar-shop.com\/de\/die-legenden-des-rock\/angus-young\/\" \/>\n<meta property=\"og:site_name\" content=\"Matt&#039;s Guitar Shop\" \/>\n<meta property=\"article:publisher\" content=\"https:\/\/www.facebook.com\/profile.php?id=100044359842817\" \/>\n<meta property=\"article:modified_time\" content=\"2026-04-24T15:58:19+00:00\" \/>\n<meta property=\"og:image\" content=\"https:\/\/www.matts-guitar-shop.com\/wp-content\/uploads\/2026\/04\/angus-young-biographie.jpg\" \/>\n\t<meta property=\"og:image:width\" content=\"400\" \/>\n\t<meta property=\"og:image:height\" content=\"400\" \/>\n\t<meta property=\"og:image:type\" content=\"image\/jpeg\" \/>\n<meta name=\"twitter:card\" content=\"summary_large_image\" \/>\n<meta name=\"twitter:label1\" content=\"Gesch\u00e4tzte Lesezeit\" \/>\n\t<meta name=\"twitter:data1\" content=\"4\u00a0Minuten\" \/>\n<script type=\"application\/ld+json\" class=\"yoast-schema-graph\">{\"@context\":\"https:\/\/schema.org\",\"@graph\":[{\"@type\":\"WebPage\",\"@id\":\"https:\/\/www.matts-guitar-shop.com\/de\/die-legenden-des-rock\/angus-young\/\",\"url\":\"https:\/\/www.matts-guitar-shop.com\/de\/die-legenden-des-rock\/angus-young\/\",\"name\":\"Angus Young: AC\/DC Legende und Gibson SG Gitarre\",\"isPartOf\":{\"@id\":\"https:\/\/www.matts-guitar-shop.com\/de\/#website\"},\"primaryImageOfPage\":{\"@id\":\"https:\/\/www.matts-guitar-shop.com\/de\/die-legenden-des-rock\/angus-young\/#primaryimage\"},\"image\":{\"@id\":\"https:\/\/www.matts-guitar-shop.com\/de\/die-legenden-des-rock\/angus-young\/#primaryimage\"},\"thumbnailUrl\":\"https:\/\/www.matts-guitar-shop.com\/wp-content\/uploads\/2026\/04\/angus-young-biographie.jpg\",\"datePublished\":\"2026-04-01T14:58:57+00:00\",\"dateModified\":\"2026-04-24T15:58:19+00:00\",\"description\":\"Biografie von Angus Young, AC\/DC-Gitarrist: Stil, Karriere, Gibson SG und legend\u00e4res Rock-Erbe.\",\"breadcrumb\":{\"@id\":\"https:\/\/www.matts-guitar-shop.com\/de\/die-legenden-des-rock\/angus-young\/#breadcrumb\"},\"inLanguage\":\"de\",\"potentialAction\":[{\"@type\":\"ReadAction\",\"target\":[\"https:\/\/www.matts-guitar-shop.com\/de\/die-legenden-des-rock\/angus-young\/\"]}]},{\"@type\":\"ImageObject\",\"inLanguage\":\"de\",\"@id\":\"https:\/\/www.matts-guitar-shop.com\/de\/die-legenden-des-rock\/angus-young\/#primaryimage\",\"url\":\"https:\/\/www.matts-guitar-shop.com\/wp-content\/uploads\/2026\/04\/angus-young-biographie.jpg\",\"contentUrl\":\"https:\/\/www.matts-guitar-shop.com\/wp-content\/uploads\/2026\/04\/angus-young-biographie.jpg\",\"width\":400,\"height\":400,\"caption\":\"Biographie Angus Young\"},{\"@type\":\"BreadcrumbList\",\"@id\":\"https:\/\/www.matts-guitar-shop.com\/de\/die-legenden-des-rock\/angus-young\/#breadcrumb\",\"itemListElement\":[{\"@type\":\"ListItem\",\"position\":1,\"name\":\"Startseite\",\"item\":\"https:\/\/www.matts-guitar-shop.com\/de\/\"},{\"@type\":\"ListItem\",\"position\":2,\"name\":\"Die Legenden des Rock\",\"item\":\"https:\/\/www.matts-guitar-shop.com\/de\/les-legendes-du-rock\/\"},{\"@type\":\"ListItem\",\"position\":3,\"name\":\"Angus Young\"}]},{\"@type\":\"WebSite\",\"@id\":\"https:\/\/www.matts-guitar-shop.com\/de\/#website\",\"url\":\"https:\/\/www.matts-guitar-shop.com\/de\/\",\"name\":\"matts-guitar-shop.com\",\"description\":\"Guitar Shop\",\"publisher\":{\"@id\":\"https:\/\/www.matts-guitar-shop.com\/de\/#organization\"},\"potentialAction\":[{\"@type\":\"SearchAction\",\"target\":{\"@type\":\"EntryPoint\",\"urlTemplate\":\"https:\/\/www.matts-guitar-shop.com\/de\/?s={search_term_string}\"},\"query-input\":{\"@type\":\"PropertyValueSpecification\",\"valueRequired\":true,\"valueName\":\"search_term_string\"}}],\"inLanguage\":\"de\"},{\"@type\":\"Organization\",\"@id\":\"https:\/\/www.matts-guitar-shop.com\/de\/#organization\",\"name\":\"matts-guitar-shop.com\",\"url\":\"https:\/\/www.matts-guitar-shop.com\/de\/\",\"logo\":{\"@type\":\"ImageObject\",\"inLanguage\":\"de\",\"@id\":\"https:\/\/www.matts-guitar-shop.com\/de\/#\/schema\/logo\/image\/\",\"url\":\"https:\/\/www.matts-guitar-shop.com\/wp-content\/uploads\/2024\/09\/MGS-logo-site-02.png\",\"contentUrl\":\"https:\/\/www.matts-guitar-shop.com\/wp-content\/uploads\/2024\/09\/MGS-logo-site-02.png\",\"width\":200,\"height\":122,\"caption\":\"matts-guitar-shop.com\"},\"image\":{\"@id\":\"https:\/\/www.matts-guitar-shop.com\/de\/#\/schema\/logo\/image\/\"},\"sameAs\":[\"https:\/\/www.facebook.com\/profile.php?id=100044359842817\",\"https:\/\/www.instagram.com\/mattsguitarshop\/\",\"https:\/\/www.youtube.com\/@MattLucasMan\/videos\"]}]}<\/script>\n<!-- \/ Yoast SEO plugin. -->","yoast_head_json":{"title":"Angus Young: AC\/DC Legende und Gibson SG Gitarre","description":"Biografie von Angus Young, AC\/DC-Gitarrist: Stil, Karriere, Gibson SG und legend\u00e4res Rock-Erbe.","robots":{"index":"index","follow":"follow","max-snippet":"max-snippet:-1","max-image-preview":"max-image-preview:large","max-video-preview":"max-video-preview:-1"},"canonical":"https:\/\/www.matts-guitar-shop.com\/de\/die-legenden-des-rock\/angus-young\/","og_locale":"de_DE","og_type":"article","og_title":"Angus Young: AC\/DC Legende und Gibson SG Gitarre","og_description":"Biografie von Angus Young, AC\/DC-Gitarrist: Stil, Karriere, Gibson SG und legend\u00e4res Rock-Erbe.","og_url":"https:\/\/www.matts-guitar-shop.com\/de\/die-legenden-des-rock\/angus-young\/","og_site_name":"Matt&#039;s Guitar Shop","article_publisher":"https:\/\/www.facebook.com\/profile.php?id=100044359842817","article_modified_time":"2026-04-24T15:58:19+00:00","og_image":[{"width":400,"height":400,"url":"https:\/\/www.matts-guitar-shop.com\/wp-content\/uploads\/2026\/04\/angus-young-biographie.jpg","type":"image\/jpeg"}],"twitter_card":"summary_large_image","twitter_misc":{"Gesch\u00e4tzte Lesezeit":"4\u00a0Minuten"},"schema":{"@context":"https:\/\/schema.org","@graph":[{"@type":"WebPage","@id":"https:\/\/www.matts-guitar-shop.com\/de\/die-legenden-des-rock\/angus-young\/","url":"https:\/\/www.matts-guitar-shop.com\/de\/die-legenden-des-rock\/angus-young\/","name":"Angus Young: AC\/DC Legende und Gibson SG Gitarre","isPartOf":{"@id":"https:\/\/www.matts-guitar-shop.com\/de\/#website"},"primaryImageOfPage":{"@id":"https:\/\/www.matts-guitar-shop.com\/de\/die-legenden-des-rock\/angus-young\/#primaryimage"},"image":{"@id":"https:\/\/www.matts-guitar-shop.com\/de\/die-legenden-des-rock\/angus-young\/#primaryimage"},"thumbnailUrl":"https:\/\/www.matts-guitar-shop.com\/wp-content\/uploads\/2026\/04\/angus-young-biographie.jpg","datePublished":"2026-04-01T14:58:57+00:00","dateModified":"2026-04-24T15:58:19+00:00","description":"Biografie von Angus Young, AC\/DC-Gitarrist: Stil, Karriere, Gibson SG und legend\u00e4res Rock-Erbe.","breadcrumb":{"@id":"https:\/\/www.matts-guitar-shop.com\/de\/die-legenden-des-rock\/angus-young\/#breadcrumb"},"inLanguage":"de","potentialAction":[{"@type":"ReadAction","target":["https:\/\/www.matts-guitar-shop.com\/de\/die-legenden-des-rock\/angus-young\/"]}]},{"@type":"ImageObject","inLanguage":"de","@id":"https:\/\/www.matts-guitar-shop.com\/de\/die-legenden-des-rock\/angus-young\/#primaryimage","url":"https:\/\/www.matts-guitar-shop.com\/wp-content\/uploads\/2026\/04\/angus-young-biographie.jpg","contentUrl":"https:\/\/www.matts-guitar-shop.com\/wp-content\/uploads\/2026\/04\/angus-young-biographie.jpg","width":400,"height":400,"caption":"Biographie Angus Young"},{"@type":"BreadcrumbList","@id":"https:\/\/www.matts-guitar-shop.com\/de\/die-legenden-des-rock\/angus-young\/#breadcrumb","itemListElement":[{"@type":"ListItem","position":1,"name":"Startseite","item":"https:\/\/www.matts-guitar-shop.com\/de\/"},{"@type":"ListItem","position":2,"name":"Die Legenden des Rock","item":"https:\/\/www.matts-guitar-shop.com\/de\/les-legendes-du-rock\/"},{"@type":"ListItem","position":3,"name":"Angus Young"}]},{"@type":"WebSite","@id":"https:\/\/www.matts-guitar-shop.com\/de\/#website","url":"https:\/\/www.matts-guitar-shop.com\/de\/","name":"matts-guitar-shop.com","description":"Guitar Shop","publisher":{"@id":"https:\/\/www.matts-guitar-shop.com\/de\/#organization"},"potentialAction":[{"@type":"SearchAction","target":{"@type":"EntryPoint","urlTemplate":"https:\/\/www.matts-guitar-shop.com\/de\/?s={search_term_string}"},"query-input":{"@type":"PropertyValueSpecification","valueRequired":true,"valueName":"search_term_string"}}],"inLanguage":"de"},{"@type":"Organization","@id":"https:\/\/www.matts-guitar-shop.com\/de\/#organization","name":"matts-guitar-shop.com","url":"https:\/\/www.matts-guitar-shop.com\/de\/","logo":{"@type":"ImageObject","inLanguage":"de","@id":"https:\/\/www.matts-guitar-shop.com\/de\/#\/schema\/logo\/image\/","url":"https:\/\/www.matts-guitar-shop.com\/wp-content\/uploads\/2024\/09\/MGS-logo-site-02.png","contentUrl":"https:\/\/www.matts-guitar-shop.com\/wp-content\/uploads\/2024\/09\/MGS-logo-site-02.png","width":200,"height":122,"caption":"matts-guitar-shop.com"},"image":{"@id":"https:\/\/www.matts-guitar-shop.com\/de\/#\/schema\/logo\/image\/"},"sameAs":["https:\/\/www.facebook.com\/profile.php?id=100044359842817","https:\/\/www.instagram.com\/mattsguitarshop\/","https:\/\/www.youtube.com\/@MattLucasMan\/videos"]}]}},"_links":{"self":[{"href":"https:\/\/www.matts-guitar-shop.com\/de\/wp-json\/wp\/v2\/pages\/31124","targetHints":{"allow":["GET"]}}],"collection":[{"href":"https:\/\/www.matts-guitar-shop.com\/de\/wp-json\/wp\/v2\/pages"}],"about":[{"href":"https:\/\/www.matts-guitar-shop.com\/de\/wp-json\/wp\/v2\/types\/page"}],"author":[{"embeddable":true,"href":"https:\/\/www.matts-guitar-shop.com\/de\/wp-json\/wp\/v2\/users\/2"}],"replies":[{"embeddable":true,"href":"https:\/\/www.matts-guitar-shop.com\/de\/wp-json\/wp\/v2\/comments?post=31124"}],"version-history":[{"count":9,"href":"https:\/\/www.matts-guitar-shop.com\/de\/wp-json\/wp\/v2\/pages\/31124\/revisions"}],"predecessor-version":[{"id":36243,"href":"https:\/\/www.matts-guitar-shop.com\/de\/wp-json\/wp\/v2\/pages\/31124\/revisions\/36243"}],"up":[{"embeddable":true,"href":"https:\/\/www.matts-guitar-shop.com\/de\/wp-json\/wp\/v2\/pages\/24298"}],"wp:featuredmedia":[{"embeddable":true,"href":"https:\/\/www.matts-guitar-shop.com\/de\/wp-json\/wp\/v2\/media\/31086"}],"wp:attachment":[{"href":"https:\/\/www.matts-guitar-shop.com\/de\/wp-json\/wp\/v2\/media?parent=31124"}],"curies":[{"name":"wp","href":"https:\/\/api.w.org\/{rel}","templated":true}]}}