{"id":19755,"date":"2024-07-02T14:08:54","date_gmt":"2024-07-02T12:08:54","guid":{"rendered":"https:\/\/www.matts-guitar-shop.com\/datenschutzrichtlinie\/"},"modified":"2025-08-30T18:05:16","modified_gmt":"2025-08-30T16:05:16","slug":"datenschutzrichtlinie","status":"publish","type":"page","link":"https:\/\/www.matts-guitar-shop.com\/de\/datenschutzrichtlinie\/","title":{"rendered":"Datenschutzrichtlinie"},"content":{"rendered":"<p>[et_pb_section fb_built=&#8220;1&#8243; _builder_version=&#8220;4.25.2&#8243; _module_preset=&#8220;default&#8220; background_color=&#8220;#000000&#8243; top_divider_style=&#8220;arrow2&#8243; top_divider_color=&#8220;#d0a957&#8243; top_divider_height=&#8220;12px&#8220; bottom_divider_style=&#8220;arrow2&#8243; bottom_divider_color=&#8220;gcid-heading-color&#8220; bottom_divider_height=&#8220;12px&#8220; bottom_divider_flip=&#8220;vertical&#8220; global_colors_info=&#8220;{%22gcid-heading-color%22:%91%22bottom_divider_color%22,%22bottom_divider_color%22%93}&#8220;][et_pb_row _builder_version=&#8220;4.25.2&#8243; _module_preset=&#8220;default&#8220; global_colors_info=&#8220;{}&#8220;][et_pb_column type=&#8220;4_4&#8243; _builder_version=&#8220;4.25.2&#8243; _module_preset=&#8220;default&#8220; global_colors_info=&#8220;{}&#8220;][et_pb_text _builder_version=&#8220;4.25.2&#8243; _module_preset=&#8220;default&#8220; header_font=&#8220;|700|||||||&#8220; header_text_align=&#8220;center&#8220; header_font_size=&#8220;36px&#8220; background_layout=&#8220;dark&#8220; global_colors_info=&#8220;{}&#8220;]<\/p>\n<h1>Datenschutzrichtlinie<\/h1>\n<p>[\/et_pb_text][et_pb_text _builder_version=&#8220;4.25.2&#8243; _module_preset=&#8220;default&#8220; text_font_size=&#8220;16px&#8220; link_text_color=&#8220;#FFFFFF&#8220; header_font=&#8220;|700|||||||&#8220; header_text_align=&#8220;center&#8220; header_font_size=&#8220;36px&#8220; background_layout=&#8220;dark&#8220; custom_margin=&#8220;||||false|false&#8220; custom_padding=&#8220;||3%||false|false&#8220; hover_enabled=&#8220;0&#8243; border_width_bottom=&#8220;1px&#8220; global_colors_info=&#8220;{}&#8220; sticky_enabled=&#8220;0&#8243;]<\/p>\n<h2>Wer sind wir?<\/h2>\n<p>Die Adresse unserer Website lautet: https:\/\/www.matts-guitar-shop.com\/<\/p>\n<h2>Kommentare<\/h2>\n<p>Wenn Sie einen Kommentar auf unserer Website hinterlassen, werden die im Kommentarformular eingegebenen Daten sowie Ihre IP-Adresse und der User-Agent Ihres Browsers erfasst, um uns bei der Erkennung von unerw\u00fcnschten Kommentaren zu helfen.<\/p>\n<p>Eine anonymisierte Zeichenkette, die aus Ihrer E-Mail-Adresse erstellt wurde (auch Hash genannt), kann an den Gravatar-Dienst gesendet werden, um zu \u00fcberpr\u00fcfen, ob Sie diesen verwenden. Die Datenschutzbestimmungen von Gravatar finden Sie hier: https:\/\/automattic.com\/privacy\/. Nach der Genehmigung Ihres Kommentars wird Ihr Profilbild neben Ihrem Kommentar \u00f6ffentlich sichtbar sein.<\/p>\n<h2>Medien<\/h2>\n<p>Wenn Sie Bilder auf die Website hochladen, empfehlen wir, keine Bilder mit EXIF-Daten von GPS-Koordinaten hochzuladen. Besucher Ihrer Website k\u00f6nnten Standortdaten aus diesen Bildern herunterladen und extrahieren.<\/p>\n<h2>Cookies<\/h2>\n<p>Wenn Sie einen Kommentar auf unserer Website hinterlassen, wird Ihnen angeboten, Ihren Namen, Ihre E-Mail-Adresse und Ihre Website in Cookies zu speichern. Dies dient nur Ihrem Komfort, damit Sie diese Informationen nicht erneut eingeben m\u00fcssen, wenn Sie sp\u00e4ter einen weiteren Kommentar abgeben. Diese Cookies laufen nach einem Jahr ab.<\/p>\n<p>Wenn Sie die Anmeldeseite besuchen, wird ein tempor\u00e4rer Cookie erstellt, um festzustellen, ob Ihr Browser Cookies akzeptiert. Er enth\u00e4lt keine pers\u00f6nlichen Daten und wird beim Schlie\u00dfen Ihres Browsers automatisch gel\u00f6scht.<\/p>\n<p>Wenn Sie sich anmelden, werden wir eine Reihe von Cookies einrichten, um Ihre Anmeldedaten und Bildschirmpr\u00e4ferenzen zu speichern. Die Lebensdauer eines Anmeldecookies betr\u00e4gt zwei Tage, die eines Bildschirmpr\u00e4ferenz-Cookies ein Jahr. Wenn Sie \u201eAngemeldet bleiben\u201c ausw\u00e4hlen, bleibt Ihr Anmeldecookie zwei Wochen lang aktiv. Wenn Sie sich von Ihrem Konto abmelden, wird das Anmeldecookie gel\u00f6scht.<\/p>\n<p>Beim Bearbeiten oder Ver\u00f6ffentlichen eines Beitrags wird ein zus\u00e4tzlicher Cookie in Ihrem Browser gespeichert. Dieser Cookie enth\u00e4lt keine pers\u00f6nlichen Daten. Er zeigt lediglich die ID des Beitrags an, den Sie gerade bearbeitet haben. Er l\u00e4uft nach einem Tag ab.<\/p>\n<h2>Inhalte von anderen Websites eingebettet<\/h2>\n<p>Beitr\u00e4ge auf dieser Website k\u00f6nnen eingebettete Inhalte enthalten (z.\u202fB. Videos, Bilder, Beitr\u00e4ge\u2026). Eingebettete Inhalte von anderen Websites verhalten sich so, als ob der Besucher diese andere Website direkt besucht h\u00e4tte.<\/p>\n<p>Diese Websites k\u00f6nnten Daten \u00fcber Sie erfassen, Cookies verwenden, Drittanbieter-Tracking-Tools einbetten und Ihre Interaktionen mit diesen eingebetteten Inhalten verfolgen, wenn Sie auf deren Website eingeloggt sind.<\/p>\n<h2>Verwendung und Weitergabe Ihrer personenbezogenen Daten<\/h2>\n<p>Wenn Sie eine Passwortzur\u00fccksetzung anfordern, wird Ihre IP-Adresse in der E-Mail zur Passwortzur\u00fccksetzung enthalten sein.<\/p>\n<h2>Speicherdauer Ihrer Daten<\/h2>\n<p>Wenn Sie einen Kommentar hinterlassen, werden der Kommentar und seine Metadaten unbegrenzt gespeichert. Dies erm\u00f6glicht es, nachfolgende Kommentare automatisch zu erkennen und freizugeben, anstatt sie in der Moderationswarteschlange zu belassen.<\/p>\n<p>F\u00fcr Konten, die sich auf unserer Website registrieren (falls zutreffend), speichern wir auch die im Profil angegebenen personenbezogenen Daten. Alle Konten k\u00f6nnen ihre pers\u00f6nlichen Daten jederzeit einsehen, \u00e4ndern oder l\u00f6schen (mit Ausnahme ihrer Benutzer-ID). Die Website-Administratoren k\u00f6nnen diese Informationen ebenfalls einsehen und \u00e4ndern.<\/p>\n<h2>Ihre Rechte an Ihren Daten<\/h2>\n<p>Wenn Sie ein Konto haben oder Kommentare auf der Website hinterlassen haben, k\u00f6nnen Sie eine Datei anfordern, die alle personenbezogenen Daten enth\u00e4lt, die wir \u00fcber Sie besitzen, einschlie\u00dflich der von Ihnen bereitgestellten Daten. Sie k\u00f6nnen auch die L\u00f6schung Ihrer personenbezogenen Daten verlangen. Dies gilt nicht f\u00fcr Daten, die aus administrativen, rechtlichen oder Sicherheitsgr\u00fcnden gespeichert werden.<\/p>\n<h2>Wo Ihre Daten gesendet werden<\/h2>\n<p>Kommentare von Besuchern k\u00f6nnen mithilfe eines automatisierten Dienstes zur Erkennung von unerw\u00fcnschten Kommentaren \u00fcberpr\u00fcft werden.<\/p>\n<p>[\/et_pb_text][\/et_pb_column][\/et_pb_row][\/et_pb_section]<\/p>\n","protected":false},"excerpt":{"rendered":"<p>DatenschutzrichtlinieWer sind wir? Die Adresse unserer Website lautet: https:\/\/www.matts-guitar-shop.com\/ Kommentare Wenn Sie einen Kommentar auf unserer Website hinterlassen, werden die im Kommentarformular eingegebenen Daten sowie Ihre IP-Adresse und der User-Agent Ihres Browsers erfasst, um uns bei der Erkennung von unerw\u00fcnschten Kommentaren zu helfen. Eine anonymisierte Zeichenkette, die aus Ihrer E-Mail-Adresse erstellt wurde (auch Hash genannt), [&hellip;]<\/p>\n","protected":false},"author":1,"featured_media":0,"parent":0,"menu_order":0,"comment_status":"closed","ping_status":"open","template":"","meta":{"_et_pb_use_builder":"on","_et_pb_old_content":"","_et_gb_content_width":"","footnotes":""},"class_list":["post-19755","page","type-page","status-publish","hentry"],"yoast_head":"<!-- This site is optimized with the Yoast SEO plugin v26.8 - https:\/\/yoast.com\/product\/yoast-seo-wordpress\/ -->\n<title>Datenschutzrichtlinie - Matt&#039;s Guitar Shop<\/title>\n<meta name=\"robots\" content=\"index, follow, max-snippet:-1, max-image-preview:large, max-video-preview:-1\" \/>\n<link rel=\"canonical\" href=\"https:\/\/www.matts-guitar-shop.com\/de\/datenschutzrichtlinie\/\" \/>\n<meta property=\"og:locale\" content=\"de_DE\" \/>\n<meta property=\"og:type\" content=\"article\" \/>\n<meta property=\"og:title\" content=\"Datenschutzrichtlinie - Matt&#039;s Guitar Shop\" \/>\n<meta property=\"og:description\" content=\"DatenschutzrichtlinieWer sind wir? Die Adresse unserer Website lautet: https:\/\/www.matts-guitar-shop.com\/ Kommentare Wenn Sie einen Kommentar auf unserer Website hinterlassen, werden die im Kommentarformular eingegebenen Daten sowie Ihre IP-Adresse und der User-Agent Ihres Browsers erfasst, um uns bei der Erkennung von unerw\u00fcnschten Kommentaren zu helfen. Eine anonymisierte Zeichenkette, die aus Ihrer E-Mail-Adresse erstellt wurde (auch Hash genannt), [&hellip;]\" \/>\n<meta property=\"og:url\" content=\"https:\/\/www.matts-guitar-shop.com\/de\/datenschutzrichtlinie\/\" \/>\n<meta property=\"og:site_name\" content=\"Matt&#039;s Guitar Shop\" \/>\n<meta property=\"article:publisher\" content=\"https:\/\/www.facebook.com\/profile.php?id=100044359842817\" \/>\n<meta property=\"article:modified_time\" content=\"2025-08-30T16:05:16+00:00\" \/>\n<meta name=\"twitter:card\" content=\"summary_large_image\" \/>\n<meta name=\"twitter:label1\" content=\"Gesch\u00e4tzte Lesezeit\" \/>\n\t<meta name=\"twitter:data1\" content=\"4\u00a0Minuten\" \/>\n<script type=\"application\/ld+json\" class=\"yoast-schema-graph\">{\"@context\":\"https:\/\/schema.org\",\"@graph\":[{\"@type\":\"WebPage\",\"@id\":\"https:\/\/www.matts-guitar-shop.com\/de\/datenschutzrichtlinie\/\",\"url\":\"https:\/\/www.matts-guitar-shop.com\/de\/datenschutzrichtlinie\/\",\"name\":\"Datenschutzrichtlinie - Matt&#039;s Guitar Shop\",\"isPartOf\":{\"@id\":\"https:\/\/www.matts-guitar-shop.com\/de\/#website\"},\"datePublished\":\"2024-07-02T12:08:54+00:00\",\"dateModified\":\"2025-08-30T16:05:16+00:00\",\"breadcrumb\":{\"@id\":\"https:\/\/www.matts-guitar-shop.com\/de\/datenschutzrichtlinie\/#breadcrumb\"},\"inLanguage\":\"de\",\"potentialAction\":[{\"@type\":\"ReadAction\",\"target\":[\"https:\/\/www.matts-guitar-shop.com\/de\/datenschutzrichtlinie\/\"]}]},{\"@type\":\"BreadcrumbList\",\"@id\":\"https:\/\/www.matts-guitar-shop.com\/de\/datenschutzrichtlinie\/#breadcrumb\",\"itemListElement\":[{\"@type\":\"ListItem\",\"position\":1,\"name\":\"Startseite\",\"item\":\"https:\/\/www.matts-guitar-shop.com\/de\/\"},{\"@type\":\"ListItem\",\"position\":2,\"name\":\"Datenschutzrichtlinie\"}]},{\"@type\":\"WebSite\",\"@id\":\"https:\/\/www.matts-guitar-shop.com\/de\/#website\",\"url\":\"https:\/\/www.matts-guitar-shop.com\/de\/\",\"name\":\"matts-guitar-shop.com\",\"description\":\"Guitar Shop\",\"publisher\":{\"@id\":\"https:\/\/www.matts-guitar-shop.com\/de\/#organization\"},\"potentialAction\":[{\"@type\":\"SearchAction\",\"target\":{\"@type\":\"EntryPoint\",\"urlTemplate\":\"https:\/\/www.matts-guitar-shop.com\/de\/?s={search_term_string}\"},\"query-input\":{\"@type\":\"PropertyValueSpecification\",\"valueRequired\":true,\"valueName\":\"search_term_string\"}}],\"inLanguage\":\"de\"},{\"@type\":\"Organization\",\"@id\":\"https:\/\/www.matts-guitar-shop.com\/de\/#organization\",\"name\":\"matts-guitar-shop.com\",\"url\":\"https:\/\/www.matts-guitar-shop.com\/de\/\",\"logo\":{\"@type\":\"ImageObject\",\"inLanguage\":\"de\",\"@id\":\"https:\/\/www.matts-guitar-shop.com\/de\/#\/schema\/logo\/image\/\",\"url\":\"https:\/\/www.matts-guitar-shop.com\/wp-content\/uploads\/2024\/09\/MGS-logo-site-02.png\",\"contentUrl\":\"https:\/\/www.matts-guitar-shop.com\/wp-content\/uploads\/2024\/09\/MGS-logo-site-02.png\",\"width\":200,\"height\":122,\"caption\":\"matts-guitar-shop.com\"},\"image\":{\"@id\":\"https:\/\/www.matts-guitar-shop.com\/de\/#\/schema\/logo\/image\/\"},\"sameAs\":[\"https:\/\/www.facebook.com\/profile.php?id=100044359842817\",\"https:\/\/www.instagram.com\/mattsguitarshop\/\",\"https:\/\/www.youtube.com\/@MattLucasMan\/videos\"]}]}<\/script>\n<!-- \/ Yoast SEO plugin. -->","yoast_head_json":{"title":"Datenschutzrichtlinie - Matt&#039;s Guitar Shop","robots":{"index":"index","follow":"follow","max-snippet":"max-snippet:-1","max-image-preview":"max-image-preview:large","max-video-preview":"max-video-preview:-1"},"canonical":"https:\/\/www.matts-guitar-shop.com\/de\/datenschutzrichtlinie\/","og_locale":"de_DE","og_type":"article","og_title":"Datenschutzrichtlinie - Matt&#039;s Guitar Shop","og_description":"DatenschutzrichtlinieWer sind wir? Die Adresse unserer Website lautet: https:\/\/www.matts-guitar-shop.com\/ Kommentare Wenn Sie einen Kommentar auf unserer Website hinterlassen, werden die im Kommentarformular eingegebenen Daten sowie Ihre IP-Adresse und der User-Agent Ihres Browsers erfasst, um uns bei der Erkennung von unerw\u00fcnschten Kommentaren zu helfen. Eine anonymisierte Zeichenkette, die aus Ihrer E-Mail-Adresse erstellt wurde (auch Hash genannt), [&hellip;]","og_url":"https:\/\/www.matts-guitar-shop.com\/de\/datenschutzrichtlinie\/","og_site_name":"Matt&#039;s Guitar Shop","article_publisher":"https:\/\/www.facebook.com\/profile.php?id=100044359842817","article_modified_time":"2025-08-30T16:05:16+00:00","twitter_card":"summary_large_image","twitter_misc":{"Gesch\u00e4tzte Lesezeit":"4\u00a0Minuten"},"schema":{"@context":"https:\/\/schema.org","@graph":[{"@type":"WebPage","@id":"https:\/\/www.matts-guitar-shop.com\/de\/datenschutzrichtlinie\/","url":"https:\/\/www.matts-guitar-shop.com\/de\/datenschutzrichtlinie\/","name":"Datenschutzrichtlinie - Matt&#039;s Guitar Shop","isPartOf":{"@id":"https:\/\/www.matts-guitar-shop.com\/de\/#website"},"datePublished":"2024-07-02T12:08:54+00:00","dateModified":"2025-08-30T16:05:16+00:00","breadcrumb":{"@id":"https:\/\/www.matts-guitar-shop.com\/de\/datenschutzrichtlinie\/#breadcrumb"},"inLanguage":"de","potentialAction":[{"@type":"ReadAction","target":["https:\/\/www.matts-guitar-shop.com\/de\/datenschutzrichtlinie\/"]}]},{"@type":"BreadcrumbList","@id":"https:\/\/www.matts-guitar-shop.com\/de\/datenschutzrichtlinie\/#breadcrumb","itemListElement":[{"@type":"ListItem","position":1,"name":"Startseite","item":"https:\/\/www.matts-guitar-shop.com\/de\/"},{"@type":"ListItem","position":2,"name":"Datenschutzrichtlinie"}]},{"@type":"WebSite","@id":"https:\/\/www.matts-guitar-shop.com\/de\/#website","url":"https:\/\/www.matts-guitar-shop.com\/de\/","name":"matts-guitar-shop.com","description":"Guitar Shop","publisher":{"@id":"https:\/\/www.matts-guitar-shop.com\/de\/#organization"},"potentialAction":[{"@type":"SearchAction","target":{"@type":"EntryPoint","urlTemplate":"https:\/\/www.matts-guitar-shop.com\/de\/?s={search_term_string}"},"query-input":{"@type":"PropertyValueSpecification","valueRequired":true,"valueName":"search_term_string"}}],"inLanguage":"de"},{"@type":"Organization","@id":"https:\/\/www.matts-guitar-shop.com\/de\/#organization","name":"matts-guitar-shop.com","url":"https:\/\/www.matts-guitar-shop.com\/de\/","logo":{"@type":"ImageObject","inLanguage":"de","@id":"https:\/\/www.matts-guitar-shop.com\/de\/#\/schema\/logo\/image\/","url":"https:\/\/www.matts-guitar-shop.com\/wp-content\/uploads\/2024\/09\/MGS-logo-site-02.png","contentUrl":"https:\/\/www.matts-guitar-shop.com\/wp-content\/uploads\/2024\/09\/MGS-logo-site-02.png","width":200,"height":122,"caption":"matts-guitar-shop.com"},"image":{"@id":"https:\/\/www.matts-guitar-shop.com\/de\/#\/schema\/logo\/image\/"},"sameAs":["https:\/\/www.facebook.com\/profile.php?id=100044359842817","https:\/\/www.instagram.com\/mattsguitarshop\/","https:\/\/www.youtube.com\/@MattLucasMan\/videos"]}]}},"_links":{"self":[{"href":"https:\/\/www.matts-guitar-shop.com\/de\/wp-json\/wp\/v2\/pages\/19755","targetHints":{"allow":["GET"]}}],"collection":[{"href":"https:\/\/www.matts-guitar-shop.com\/de\/wp-json\/wp\/v2\/pages"}],"about":[{"href":"https:\/\/www.matts-guitar-shop.com\/de\/wp-json\/wp\/v2\/types\/page"}],"author":[{"embeddable":true,"href":"https:\/\/www.matts-guitar-shop.com\/de\/wp-json\/wp\/v2\/users\/1"}],"replies":[{"embeddable":true,"href":"https:\/\/www.matts-guitar-shop.com\/de\/wp-json\/wp\/v2\/comments?post=19755"}],"version-history":[{"count":2,"href":"https:\/\/www.matts-guitar-shop.com\/de\/wp-json\/wp\/v2\/pages\/19755\/revisions"}],"predecessor-version":[{"id":19757,"href":"https:\/\/www.matts-guitar-shop.com\/de\/wp-json\/wp\/v2\/pages\/19755\/revisions\/19757"}],"wp:attachment":[{"href":"https:\/\/www.matts-guitar-shop.com\/de\/wp-json\/wp\/v2\/media?parent=19755"}],"curies":[{"name":"wp","href":"https:\/\/api.w.org\/{rel}","templated":true}]}}