{"id":19751,"date":"2024-07-04T16:02:13","date_gmt":"2024-07-04T14:02:13","guid":{"rendered":"https:\/\/www.matts-guitar-shop.com\/unser-konzept-leidenschaft-und-teilen\/"},"modified":"2026-04-05T22:43:56","modified_gmt":"2026-04-05T20:43:56","slug":"unser-konzept-leidenschaft-und-teilen","status":"publish","type":"page","link":"https:\/\/www.matts-guitar-shop.com\/de\/unser-konzept-leidenschaft-und-teilen\/","title":{"rendered":"Unser Konzept: Leidenschaft und Teilen"},"content":{"rendered":"<p>[et_pb_section fb_built=&#8220;1&#8243; fullwidth=&#8220;on&#8220; _builder_version=&#8220;4.25.2&#8243; _module_preset=&#8220;default&#8220; width=&#8220;100%&#8220; min_height=&#8220;100vh&#8220; locked=&#8220;off&#8220; global_colors_info=&#8220;{}&#8220;][et_pb_fullwidth_slider _builder_version=&#8220;4.27.5&#8243; _module_preset=&#8220;default&#8220; header_level=&#8220;h1&#8243; header_font=&#8220;|600|||||||&#8220; body_font=&#8220;||||||||&#8220; width=&#8220;100%&#8220; min_height=&#8220;100vh&#8220; auto=&#8220;on&#8220; auto_speed=&#8220;4500&#8243; auto_ignore_hover=&#8220;on&#8220; hover_transition_duration=&#8220;50ms&#8220; hover_transition_speed_curve=&#8220;linear&#8220; hover_enabled=&#8220;0&#8243; global_colors_info=&#8220;{}&#8220; sticky_enabled=&#8220;0&#8243;][et_pb_slide _builder_version=&#8220;4.27.5&#8243; _module_preset=&#8220;default&#8220; header_level=&#8220;h1&#8243; header_font_size=&#8220;70px&#8220; body_font_size=&#8220;20px&#8220; background_enable_color=&#8220;off&#8220; background_image=&#8220;https:\/\/www.matts-guitar-shop.com\/wp-content\/uploads\/2025\/03\/slide-notre-concept-matts-guitar-shop-01.jpg&#8220; background_enable_image=&#8220;on&#8220; background_size=&#8220;custom&#8220; hover_enabled=&#8220;0&#8243; header_font_size_tablet=&#8220;60px&#8220; header_font_size_phone=&#8220;32px&#8220; header_font_size_last_edited=&#8220;on|phone&#8220; body_font_size_tablet=&#8220;20px&#8220; body_font_size_phone=&#8220;16px&#8220; body_font_size_last_edited=&#8220;on|phone&#8220; global_colors_info=&#8220;{}&#8220; sticky_transition=&#8220;on&#8220; sticky_enabled=&#8220;0&#8243;][\/et_pb_slide][\/et_pb_fullwidth_slider][\/et_pb_section][et_pb_section fb_built=&#8220;1&#8243; _builder_version=&#8220;4.25.2&#8243; _module_preset=&#8220;default&#8220; background_color=&#8220;#000000&#8243; top_divider_style=&#8220;arrow2&#8243; top_divider_color=&#8220;#d0a957&#8243; top_divider_height=&#8220;12px&#8220; bottom_divider_style=&#8220;arrow2&#8243; bottom_divider_color=&#8220;gcid-heading-color&#8220; bottom_divider_height=&#8220;12px&#8220; bottom_divider_flip=&#8220;vertical&#8220; global_colors_info=&#8220;{%22gcid-heading-color%22:%91%22bottom_divider_color%22,%22bottom_divider_color%22%93}&#8220;][et_pb_row _builder_version=&#8220;4.27.5&#8243; _module_preset=&#8220;default&#8220; width=&#8220;100%&#8220; max_width=&#8220;80%&#8220; global_colors_info=&#8220;{}&#8220;][et_pb_column type=&#8220;4_4&#8243; _builder_version=&#8220;4.25.2&#8243; _module_preset=&#8220;default&#8220; global_colors_info=&#8220;{}&#8220;][et_pb_post_title meta=&#8220;off&#8220; featured_image=&#8220;off&#8220; _builder_version=&#8220;4.27.5&#8243; _module_preset=&#8220;default&#8220; title_font=&#8220;Open Sans|300|||||||&#8220; title_text_color=&#8220;#ddab05&#8243; title_font_size=&#8220;6rem&#8220; text_orientation=&#8220;center&#8220; custom_margin=&#8220;0px||||false|false&#8220; locked=&#8220;off&#8220; global_colors_info=&#8220;{}&#8220;][\/et_pb_post_title][et_pb_text _builder_version=&#8220;4.25.2&#8243; _module_preset=&#8220;default&#8220; text_font_size=&#8220;16px&#8220; header_font=&#8220;|700|||||||&#8220; header_text_align=&#8220;center&#8220; header_font_size=&#8220;36px&#8220; text_orientation=&#8220;center&#8220; background_layout=&#8220;dark&#8220; global_colors_info=&#8220;{}&#8220;]Verbunden mit der Leidenschaft und der Magie, die in jedem Instrument steckt, hat sich der Matt\u2019s Guitar Shop von Anfang an verpflichtet, seine T\u00fcren f\u00fcr die gr\u00f6\u00dften Enthusiasten zu \u00f6ffnen. Um die Distanz zwischen Publikum und diesen au\u00dfergew\u00f6hnlichen Objekten zu vermeiden, stellt er das Teilen in den Mittelpunkt seiner Philosophie. Von K\u00fcnstlern, die auf der B\u00fchne seine Gitarren spielen, bis hin zu Musikliebhabern, die f\u00fcr ein paar Gespr\u00e4che und Spielzeiten den Showroom betreten \u2013 der Matt\u2019s Guitar Shop ist f\u00fcr alle offen.<\/p>\n<p>Egal, ob Sie ein Projekt haben, bei dem wir involviert sein k\u00f6nnten, ob Sie Ihre Gitarren von unserem Gitarrenbauer einstellen lassen m\u00f6chten oder einfach auf dem Weg durch Paris sind und einige unserer Gitarren sehen m\u00f6chten \u2013 schreiben Sie uns, um einen Termin zu vereinbaren! [\/et_pb_text][et_pb_image src=&#8220;https:\/\/www.matts-guitar-shop.com\/wp-content\/uploads\/2024\/11\/equipe-matt-s-guitar-shop-01.jpg&#8220; title_text=&#8220;equipe-matt-s-guitar-shop-01&#8243; force_fullwidth=&#8220;on&#8220; disabled_on=&#8220;off|off|off&#8220; _builder_version=&#8220;4.25.2&#8243; _module_preset=&#8220;default&#8220; locked=&#8220;off&#8220; global_colors_info=&#8220;{}&#8220;][\/et_pb_image][\/et_pb_column][\/et_pb_row][\/et_pb_section]<\/p>\n","protected":false},"excerpt":{"rendered":"<p>Verbunden mit der Leidenschaft und der Magie, die in jedem Instrument steckt, hat sich der Matt\u2019s Guitar Shop von Anfang an verpflichtet, seine T\u00fcren f\u00fcr die gr\u00f6\u00dften Enthusiasten zu \u00f6ffnen. Um die Distanz zwischen Publikum und diesen au\u00dfergew\u00f6hnlichen Objekten zu vermeiden, stellt er das Teilen in den Mittelpunkt seiner Philosophie. Von K\u00fcnstlern, die auf der [&hellip;]<\/p>\n","protected":false},"author":1,"featured_media":9762,"parent":0,"menu_order":0,"comment_status":"closed","ping_status":"closed","template":"","meta":{"_et_pb_use_builder":"on","_et_pb_old_content":"","_et_gb_content_width":"","footnotes":""},"class_list":["post-19751","page","type-page","status-publish","has-post-thumbnail","hentry"],"yoast_head":"<!-- This site is optimized with the Yoast SEO plugin v26.8 - https:\/\/yoast.com\/product\/yoast-seo-wordpress\/ -->\n<title>Unser Konzept: Leidenschaft und Teilen - Matt&#039;s Guitar Shop<\/title>\n<meta name=\"robots\" content=\"index, follow, max-snippet:-1, max-image-preview:large, max-video-preview:-1\" \/>\n<link rel=\"canonical\" href=\"https:\/\/www.matts-guitar-shop.com\/de\/unser-konzept-leidenschaft-und-teilen\/\" \/>\n<meta property=\"og:locale\" content=\"de_DE\" \/>\n<meta property=\"og:type\" content=\"article\" \/>\n<meta property=\"og:title\" content=\"Unser Konzept: Leidenschaft und Teilen - Matt&#039;s Guitar Shop\" \/>\n<meta property=\"og:description\" content=\"Verbunden mit der Leidenschaft und der Magie, die in jedem Instrument steckt, hat sich der Matt\u2019s Guitar Shop von Anfang an verpflichtet, seine T\u00fcren f\u00fcr die gr\u00f6\u00dften Enthusiasten zu \u00f6ffnen. Um die Distanz zwischen Publikum und diesen au\u00dfergew\u00f6hnlichen Objekten zu vermeiden, stellt er das Teilen in den Mittelpunkt seiner Philosophie. Von K\u00fcnstlern, die auf der [&hellip;]\" \/>\n<meta property=\"og:url\" content=\"https:\/\/www.matts-guitar-shop.com\/de\/unser-konzept-leidenschaft-und-teilen\/\" \/>\n<meta property=\"og:site_name\" content=\"Matt&#039;s Guitar Shop\" \/>\n<meta property=\"article:publisher\" content=\"https:\/\/www.facebook.com\/profile.php?id=100044359842817\" \/>\n<meta property=\"article:modified_time\" content=\"2026-04-05T20:43:56+00:00\" \/>\n<meta property=\"og:image\" content=\"https:\/\/www.matts-guitar-shop.com\/wp-content\/uploads\/2024\/11\/equipe-matt-s-guitar-shop-01.jpg\" \/>\n\t<meta property=\"og:image:width\" content=\"1440\" \/>\n\t<meta property=\"og:image:height\" content=\"960\" \/>\n\t<meta property=\"og:image:type\" content=\"image\/jpeg\" \/>\n<meta name=\"twitter:card\" content=\"summary_large_image\" \/>\n<meta name=\"twitter:label1\" content=\"Gesch\u00e4tzte Lesezeit\" \/>\n\t<meta name=\"twitter:data1\" content=\"2\u00a0Minuten\" \/>\n<script type=\"application\/ld+json\" class=\"yoast-schema-graph\">{\"@context\":\"https:\/\/schema.org\",\"@graph\":[{\"@type\":\"WebPage\",\"@id\":\"https:\/\/www.matts-guitar-shop.com\/de\/unser-konzept-leidenschaft-und-teilen\/\",\"url\":\"https:\/\/www.matts-guitar-shop.com\/de\/unser-konzept-leidenschaft-und-teilen\/\",\"name\":\"Unser Konzept: Leidenschaft und Teilen - Matt&#039;s Guitar Shop\",\"isPartOf\":{\"@id\":\"https:\/\/www.matts-guitar-shop.com\/de\/#website\"},\"primaryImageOfPage\":{\"@id\":\"https:\/\/www.matts-guitar-shop.com\/de\/unser-konzept-leidenschaft-und-teilen\/#primaryimage\"},\"image\":{\"@id\":\"https:\/\/www.matts-guitar-shop.com\/de\/unser-konzept-leidenschaft-und-teilen\/#primaryimage\"},\"thumbnailUrl\":\"https:\/\/www.matts-guitar-shop.com\/wp-content\/uploads\/2024\/11\/equipe-matt-s-guitar-shop-01.jpg\",\"datePublished\":\"2024-07-04T14:02:13+00:00\",\"dateModified\":\"2026-04-05T20:43:56+00:00\",\"breadcrumb\":{\"@id\":\"https:\/\/www.matts-guitar-shop.com\/de\/unser-konzept-leidenschaft-und-teilen\/#breadcrumb\"},\"inLanguage\":\"de\",\"potentialAction\":[{\"@type\":\"ReadAction\",\"target\":[\"https:\/\/www.matts-guitar-shop.com\/de\/unser-konzept-leidenschaft-und-teilen\/\"]}]},{\"@type\":\"ImageObject\",\"inLanguage\":\"de\",\"@id\":\"https:\/\/www.matts-guitar-shop.com\/de\/unser-konzept-leidenschaft-und-teilen\/#primaryimage\",\"url\":\"https:\/\/www.matts-guitar-shop.com\/wp-content\/uploads\/2024\/11\/equipe-matt-s-guitar-shop-01.jpg\",\"contentUrl\":\"https:\/\/www.matts-guitar-shop.com\/wp-content\/uploads\/2024\/11\/equipe-matt-s-guitar-shop-01.jpg\",\"width\":1440,\"height\":960},{\"@type\":\"BreadcrumbList\",\"@id\":\"https:\/\/www.matts-guitar-shop.com\/de\/unser-konzept-leidenschaft-und-teilen\/#breadcrumb\",\"itemListElement\":[{\"@type\":\"ListItem\",\"position\":1,\"name\":\"Startseite\",\"item\":\"https:\/\/www.matts-guitar-shop.com\/de\/\"},{\"@type\":\"ListItem\",\"position\":2,\"name\":\"Unser Konzept: Leidenschaft und Teilen\"}]},{\"@type\":\"WebSite\",\"@id\":\"https:\/\/www.matts-guitar-shop.com\/de\/#website\",\"url\":\"https:\/\/www.matts-guitar-shop.com\/de\/\",\"name\":\"matts-guitar-shop.com\",\"description\":\"Guitar Shop\",\"publisher\":{\"@id\":\"https:\/\/www.matts-guitar-shop.com\/de\/#organization\"},\"potentialAction\":[{\"@type\":\"SearchAction\",\"target\":{\"@type\":\"EntryPoint\",\"urlTemplate\":\"https:\/\/www.matts-guitar-shop.com\/de\/?s={search_term_string}\"},\"query-input\":{\"@type\":\"PropertyValueSpecification\",\"valueRequired\":true,\"valueName\":\"search_term_string\"}}],\"inLanguage\":\"de\"},{\"@type\":\"Organization\",\"@id\":\"https:\/\/www.matts-guitar-shop.com\/de\/#organization\",\"name\":\"matts-guitar-shop.com\",\"url\":\"https:\/\/www.matts-guitar-shop.com\/de\/\",\"logo\":{\"@type\":\"ImageObject\",\"inLanguage\":\"de\",\"@id\":\"https:\/\/www.matts-guitar-shop.com\/de\/#\/schema\/logo\/image\/\",\"url\":\"https:\/\/www.matts-guitar-shop.com\/wp-content\/uploads\/2024\/09\/MGS-logo-site-02.png\",\"contentUrl\":\"https:\/\/www.matts-guitar-shop.com\/wp-content\/uploads\/2024\/09\/MGS-logo-site-02.png\",\"width\":200,\"height\":122,\"caption\":\"matts-guitar-shop.com\"},\"image\":{\"@id\":\"https:\/\/www.matts-guitar-shop.com\/de\/#\/schema\/logo\/image\/\"},\"sameAs\":[\"https:\/\/www.facebook.com\/profile.php?id=100044359842817\",\"https:\/\/www.instagram.com\/mattsguitarshop\/\",\"https:\/\/www.youtube.com\/@MattLucasMan\/videos\"]}]}<\/script>\n<!-- \/ Yoast SEO plugin. -->","yoast_head_json":{"title":"Unser Konzept: Leidenschaft und Teilen - Matt&#039;s Guitar Shop","robots":{"index":"index","follow":"follow","max-snippet":"max-snippet:-1","max-image-preview":"max-image-preview:large","max-video-preview":"max-video-preview:-1"},"canonical":"https:\/\/www.matts-guitar-shop.com\/de\/unser-konzept-leidenschaft-und-teilen\/","og_locale":"de_DE","og_type":"article","og_title":"Unser Konzept: Leidenschaft und Teilen - Matt&#039;s Guitar Shop","og_description":"Verbunden mit der Leidenschaft und der Magie, die in jedem Instrument steckt, hat sich der Matt\u2019s Guitar Shop von Anfang an verpflichtet, seine T\u00fcren f\u00fcr die gr\u00f6\u00dften Enthusiasten zu \u00f6ffnen. Um die Distanz zwischen Publikum und diesen au\u00dfergew\u00f6hnlichen Objekten zu vermeiden, stellt er das Teilen in den Mittelpunkt seiner Philosophie. Von K\u00fcnstlern, die auf der [&hellip;]","og_url":"https:\/\/www.matts-guitar-shop.com\/de\/unser-konzept-leidenschaft-und-teilen\/","og_site_name":"Matt&#039;s Guitar Shop","article_publisher":"https:\/\/www.facebook.com\/profile.php?id=100044359842817","article_modified_time":"2026-04-05T20:43:56+00:00","og_image":[{"width":1440,"height":960,"url":"https:\/\/www.matts-guitar-shop.com\/wp-content\/uploads\/2024\/11\/equipe-matt-s-guitar-shop-01.jpg","type":"image\/jpeg"}],"twitter_card":"summary_large_image","twitter_misc":{"Gesch\u00e4tzte Lesezeit":"2\u00a0Minuten"},"schema":{"@context":"https:\/\/schema.org","@graph":[{"@type":"WebPage","@id":"https:\/\/www.matts-guitar-shop.com\/de\/unser-konzept-leidenschaft-und-teilen\/","url":"https:\/\/www.matts-guitar-shop.com\/de\/unser-konzept-leidenschaft-und-teilen\/","name":"Unser Konzept: Leidenschaft und Teilen - Matt&#039;s Guitar Shop","isPartOf":{"@id":"https:\/\/www.matts-guitar-shop.com\/de\/#website"},"primaryImageOfPage":{"@id":"https:\/\/www.matts-guitar-shop.com\/de\/unser-konzept-leidenschaft-und-teilen\/#primaryimage"},"image":{"@id":"https:\/\/www.matts-guitar-shop.com\/de\/unser-konzept-leidenschaft-und-teilen\/#primaryimage"},"thumbnailUrl":"https:\/\/www.matts-guitar-shop.com\/wp-content\/uploads\/2024\/11\/equipe-matt-s-guitar-shop-01.jpg","datePublished":"2024-07-04T14:02:13+00:00","dateModified":"2026-04-05T20:43:56+00:00","breadcrumb":{"@id":"https:\/\/www.matts-guitar-shop.com\/de\/unser-konzept-leidenschaft-und-teilen\/#breadcrumb"},"inLanguage":"de","potentialAction":[{"@type":"ReadAction","target":["https:\/\/www.matts-guitar-shop.com\/de\/unser-konzept-leidenschaft-und-teilen\/"]}]},{"@type":"ImageObject","inLanguage":"de","@id":"https:\/\/www.matts-guitar-shop.com\/de\/unser-konzept-leidenschaft-und-teilen\/#primaryimage","url":"https:\/\/www.matts-guitar-shop.com\/wp-content\/uploads\/2024\/11\/equipe-matt-s-guitar-shop-01.jpg","contentUrl":"https:\/\/www.matts-guitar-shop.com\/wp-content\/uploads\/2024\/11\/equipe-matt-s-guitar-shop-01.jpg","width":1440,"height":960},{"@type":"BreadcrumbList","@id":"https:\/\/www.matts-guitar-shop.com\/de\/unser-konzept-leidenschaft-und-teilen\/#breadcrumb","itemListElement":[{"@type":"ListItem","position":1,"name":"Startseite","item":"https:\/\/www.matts-guitar-shop.com\/de\/"},{"@type":"ListItem","position":2,"name":"Unser Konzept: Leidenschaft und Teilen"}]},{"@type":"WebSite","@id":"https:\/\/www.matts-guitar-shop.com\/de\/#website","url":"https:\/\/www.matts-guitar-shop.com\/de\/","name":"matts-guitar-shop.com","description":"Guitar Shop","publisher":{"@id":"https:\/\/www.matts-guitar-shop.com\/de\/#organization"},"potentialAction":[{"@type":"SearchAction","target":{"@type":"EntryPoint","urlTemplate":"https:\/\/www.matts-guitar-shop.com\/de\/?s={search_term_string}"},"query-input":{"@type":"PropertyValueSpecification","valueRequired":true,"valueName":"search_term_string"}}],"inLanguage":"de"},{"@type":"Organization","@id":"https:\/\/www.matts-guitar-shop.com\/de\/#organization","name":"matts-guitar-shop.com","url":"https:\/\/www.matts-guitar-shop.com\/de\/","logo":{"@type":"ImageObject","inLanguage":"de","@id":"https:\/\/www.matts-guitar-shop.com\/de\/#\/schema\/logo\/image\/","url":"https:\/\/www.matts-guitar-shop.com\/wp-content\/uploads\/2024\/09\/MGS-logo-site-02.png","contentUrl":"https:\/\/www.matts-guitar-shop.com\/wp-content\/uploads\/2024\/09\/MGS-logo-site-02.png","width":200,"height":122,"caption":"matts-guitar-shop.com"},"image":{"@id":"https:\/\/www.matts-guitar-shop.com\/de\/#\/schema\/logo\/image\/"},"sameAs":["https:\/\/www.facebook.com\/profile.php?id=100044359842817","https:\/\/www.instagram.com\/mattsguitarshop\/","https:\/\/www.youtube.com\/@MattLucasMan\/videos"]}]}},"_links":{"self":[{"href":"https:\/\/www.matts-guitar-shop.com\/de\/wp-json\/wp\/v2\/pages\/19751","targetHints":{"allow":["GET"]}}],"collection":[{"href":"https:\/\/www.matts-guitar-shop.com\/de\/wp-json\/wp\/v2\/pages"}],"about":[{"href":"https:\/\/www.matts-guitar-shop.com\/de\/wp-json\/wp\/v2\/types\/page"}],"author":[{"embeddable":true,"href":"https:\/\/www.matts-guitar-shop.com\/de\/wp-json\/wp\/v2\/users\/1"}],"replies":[{"embeddable":true,"href":"https:\/\/www.matts-guitar-shop.com\/de\/wp-json\/wp\/v2\/comments?post=19751"}],"version-history":[{"count":6,"href":"https:\/\/www.matts-guitar-shop.com\/de\/wp-json\/wp\/v2\/pages\/19751\/revisions"}],"predecessor-version":[{"id":31981,"href":"https:\/\/www.matts-guitar-shop.com\/de\/wp-json\/wp\/v2\/pages\/19751\/revisions\/31981"}],"wp:featuredmedia":[{"embeddable":true,"href":"https:\/\/www.matts-guitar-shop.com\/de\/wp-json\/wp\/v2\/media\/9762"}],"wp:attachment":[{"href":"https:\/\/www.matts-guitar-shop.com\/de\/wp-json\/wp\/v2\/media?parent=19751"}],"curies":[{"name":"wp","href":"https:\/\/api.w.org\/{rel}","templated":true}]}}