{"id":19745,"date":"2024-07-04T16:11:23","date_gmt":"2024-07-04T14:11:23","guid":{"rendered":"https:\/\/www.matts-guitar-shop.com\/unsere-ausstellungen\/"},"modified":"2026-03-07T03:50:57","modified_gmt":"2026-03-07T02:50:57","slug":"unsere-ausstellungen","status":"publish","type":"page","link":"https:\/\/www.matts-guitar-shop.com\/de\/unsere-ausstellungen\/","title":{"rendered":"Unsere Ausstellungen"},"content":{"rendered":"<p>[et_pb_section fb_built=&#8220;1&#8243; fullwidth=&#8220;on&#8220; _builder_version=&#8220;4.25.2&#8243; _module_preset=&#8220;default&#8220; width=&#8220;100%&#8220; min_height=&#8220;100vh&#8220; locked=&#8220;off&#8220; global_colors_info=&#8220;{}&#8220;][et_pb_fullwidth_slider _builder_version=&#8220;4.25.2&#8243; _module_preset=&#8220;default&#8220; header_level=&#8220;h1&#8243; header_font=&#8220;|600|||||||&#8220; body_font=&#8220;||||||||&#8220; width=&#8220;100%&#8220; min_height=&#8220;100vh&#8220; auto=&#8220;on&#8220; auto_speed=&#8220;4500&#8243; auto_ignore_hover=&#8220;on&#8220; hover_transition_duration=&#8220;50ms&#8220; hover_transition_speed_curve=&#8220;linear&#8220; global_colors_info=&#8220;{}&#8220;][et_pb_slide heading=&#8220;Unsere Ausstellungen&#8220; _builder_version=&#8220;4.25.2&#8243; _module_preset=&#8220;default&#8220; header_level=&#8220;h1&#8243; header_font_size=&#8220;70px&#8220; body_font_size=&#8220;20px&#8220; background_enable_color=&#8220;off&#8220; background_image=&#8220;https:\/\/www.matts-guitar-shop.com\/wp-content\/uploads\/2025\/03\/slide-art-merch-01.jpg&#8220; background_enable_image=&#8220;on&#8220; background_size=&#8220;custom&#8220; header_font_size_tablet=&#8220;60px&#8220; header_font_size_phone=&#8220;32px&#8220; header_font_size_last_edited=&#8220;on|phone&#8220; body_font_size_tablet=&#8220;20px&#8220; body_font_size_phone=&#8220;16px&#8220; body_font_size_last_edited=&#8220;on|phone&#8220; global_colors_info=&#8220;{}&#8220; sticky_transition=&#8220;on&#8220;][\/et_pb_slide][\/et_pb_fullwidth_slider][\/et_pb_section][et_pb_section fb_built=&#8220;1&#8243; _builder_version=&#8220;4.25.2&#8243; _module_preset=&#8220;default&#8220; background_color=&#8220;#000000&#8243; top_divider_style=&#8220;arrow2&#8243; top_divider_color=&#8220;#d0a957&#8243; top_divider_height=&#8220;12px&#8220; bottom_divider_style=&#8220;arrow2&#8243; bottom_divider_color=&#8220;gcid-heading-color&#8220; bottom_divider_height=&#8220;12px&#8220; bottom_divider_flip=&#8220;vertical&#8220; global_colors_info=&#8220;{%22gcid-heading-color%22:%91%22bottom_divider_color%22,%22bottom_divider_color%22%93}&#8220;][et_pb_row _builder_version=&#8220;4.25.2&#8243; _module_preset=&#8220;default&#8220; global_colors_info=&#8220;{}&#8220;][et_pb_column type=&#8220;4_4&#8243; _builder_version=&#8220;4.25.2&#8243; _module_preset=&#8220;default&#8220; global_colors_info=&#8220;{}&#8220;][et_pb_text disabled_on=&#8220;on|on|on&#8220; _builder_version=&#8220;4.25.2&#8243; _module_preset=&#8220;default&#8220; header_font=&#8220;|700|||||||&#8220; header_text_align=&#8220;center&#8220; header_font_size=&#8220;36px&#8220; background_layout=&#8220;dark&#8220; disabled=&#8220;on&#8220; global_colors_info=&#8220;{}&#8220;]<\/p>\n<h1>Unsere Ausstellungen<\/h1>\n<p>[\/et_pb_text][et_pb_text _builder_version=&#8220;4.25.2&#8243; _module_preset=&#8220;default&#8220; text_font_size=&#8220;16px&#8220; link_font=&#8220;|600|||on||||&#8220; link_text_color=&#8220;#FFFFFF&#8220; header_font=&#8220;|700|||||||&#8220; header_text_align=&#8220;center&#8220; header_font_size=&#8220;36px&#8220; text_orientation=&#8220;center&#8220; background_layout=&#8220;dark&#8220; global_colors_info=&#8220;{}&#8220;]Der Matt\u2019s Guitar Shop hat das Teilen schon immer in den Mittelpunkt seines Ansatzes gestellt. In dem Bewusstsein, dass Musik durch den Austausch \u00fcber unsere gemeinsame Leidenschaft w\u00e4chst, \u00f6ffnete er sehr fr\u00fch seine T\u00fcren nach Vereinbarung, um jedem die M\u00f6glichkeit zu geben, die au\u00dfergew\u00f6hnlichen Gitarren seiner Sammlung zu erleben.<\/p>\n<p>Der Wunsch, eine echte k\u00fcnstlerische Abteilung zu er\u00f6ffnen, materialisierte sich dann mit der <b>Matt\u2019s Rock Gallery<\/b>, die es jedem erm\u00f6glicht, echte St\u00fccke Musikgeschichte zu sammeln. Wir wollten auch die Fans direkt einbinden und der Musik eine bislang eher seltene Dimension hinzuf\u00fcgen: die <b>Retrospektiv-Ausstellungen<\/b>.<\/p>\n<p>Aus diesem Bestreben, Musikliebhabern eine Erweiterung neben den Gitarren zu bieten, beschlossen wir, echte Ausstellungen zu einigen der gr\u00f6\u00dften K\u00fcnstler zu organisieren. Unser erstes Projekt war einem der respektiertesten Gitarrenhelden gewidmet, <b>Slash<\/b>. In Zusammenarbeit mit seinem Bruder Ash Hudson organisiert, vereinte diese besondere Veranstaltung erstmals Zeichnungen des jugendlichen Slash, damals noch \u201eSaul Hudson\u201c, direkt aus den Familienarchiven, sowie B\u00fchnen-Gitarren und visuelle Arbeiten, die seine Karriere begleiteten. Ash war vor Ort, um \u00fcber seine Werke (darunter das <i>Snakepit<\/i>) mit den Fans aus ganz Europa zu sprechen. Wir hatten au\u00dferdem einen <b>handgefertigten Siebdruck<\/b> in einem Pariser Atelier sowie eine <b>Lithografie<\/b> erstellt, beide <b>von Slash signiert<\/b>. Einige Exemplare sind noch auf unserer Website Matt\u2019s Rock Gallery verf\u00fcgbar!<\/p>\n<p>Sp\u00e4ter beschlossen wir, das Projekt mit <b>Kaleo<\/b> fortzusetzen. In Zusammenarbeit mit J.J. Julius Son organisiert, vereinte diese erste Retrospektive eines der bekanntesten isl\u00e4ndischen Bands <b>originale Manuskripte<\/b>, <b>Setlists<\/b> sowie Studio- und B\u00fchnen-Gitarren. Der Er\u00f6ffnungsabend fand im Rahmen eines <b>privaten Konzerts<\/b> statt, eines intimen Treffens, bei dem mehrere Dutzend leidenschaftliche Zuschauer aus ganz Europa zusammenkamen. F\u00fcr einige Titel entf\u00fchrten uns J.J. Julius Son und Thor \u2013 der Mundharmonikaspieler der Band \u2013 in ihre musikalische Welt und pr\u00e4sentierten auf die beste Weise unsere neue Kreation: ein <b>exklusives Poster<\/b> des Payback Tours. Auch dieses von J.J. signierte Poster ist noch auf unserer Website Matt\u2019s Rock Gallery verf\u00fcgbar.<\/p>\n<p>Folgen Sie uns, um keine unserer kommenden Projekte zu verpassen und um gemeinsam diese Leidenschaft f\u00fcr Musik und Rock zu teilen![\/et_pb_text][\/et_pb_column][\/et_pb_row][et_pb_row column_structure=&#8220;1_2,1_2&#8243; use_custom_gutter=&#8220;on&#8220; gutter_width=&#8220;2&#8243; _builder_version=&#8220;4.25.2&#8243; _module_preset=&#8220;default&#8220; border_width_bottom=&#8220;1px&#8220; border_color_bottom=&#8220;rgba(255,255,255,0.29)&#8220; locked=&#8220;off&#8220; global_colors_info=&#8220;{}&#8220;][et_pb_column type=&#8220;1_2&#8243; _builder_version=&#8220;4.25.2&#8243; _module_preset=&#8220;default&#8220; global_colors_info=&#8220;{}&#8220;][et_pb_text _builder_version=&#8220;4.25.2&#8243; _module_preset=&#8220;default&#8220; text_font_size=&#8220;16px&#8220; link_font=&#8220;|600|||on||||&#8220; link_text_color=&#8220;#FFFFFF&#8220; header_font=&#8220;|700|||||||&#8220; header_text_align=&#8220;center&#8220; header_font_size=&#8220;36px&#8220; header_2_font=&#8220;||||||||&#8220; text_orientation=&#8220;center&#8220; background_layout=&#8220;dark&#8220; global_colors_info=&#8220;{}&#8220;]<\/p>\n<h2>\u201eSlash, Die Ausstellung\u201c \u2013 in Zusammenarbeit mit Ash Hudson, April 2024<\/h2>\n<p>[\/et_pb_text][et_pb_button button_url=&#8220;@ET-DC@eyJkeW5hbWljIjp0cnVlLCJjb250ZW50IjoicG9zdF9saW5rX3VybF9wb3N0Iiwic2V0dGluZ3MiOnsicG9zdF9pZCI6IjE0NjQwIn19@&#8220; url_new_window=&#8220;on&#8220; button_text=&#8220;Mehr \u00fcber die SLASH-Ausstellung erfahren&#8220; button_alignment=&#8220;center&#8220; _builder_version=&#8220;4.25.2&#8243; _module_preset=&#8220;default&#8220; custom_button=&#8220;on&#8220; button_text_size=&#8220;14px&#8220; button_text_color=&#8220;#FFFFFF&#8220; button_bg_color=&#8220;#000000&#8243; button_border_width=&#8220;1px&#8220; button_border_color=&#8220;#FFFFFF&#8220; button_border_radius=&#8220;0px&#8220; button_letter_spacing=&#8220;1px&#8220; button_font=&#8220;|600|||||||&#8220; custom_margin=&#8220;||||false|false&#8220; custom_padding=&#8220;||||false|false&#8220; hover_enabled=&#8220;0&#8243; global_colors_info=&#8220;{%22gcid-heading-color%22:%91%22button_bg_color%22,%22button_bg_color%22%93}&#8220; locked=&#8220;off&#8220; _dynamic_attributes=&#8220;button_url&#8220; sticky_enabled=&#8220;0&#8243;][\/et_pb_button][et_pb_image src=&#8220;https:\/\/www.matts-guitar-shop.com\/wp-content\/uploads\/2025\/01\/slash-expo-matt-s-guitar-shop-01.jpg&#8220; alt=&#8220;Publis Insta Slash &#8211; 15&#8243; title_text=&#8220;slash-expo-matt-s-guitar-shop-01&#8243; align=&#8220;center&#8220; disabled_on=&#8220;off|off|off&#8220; _builder_version=&#8220;4.25.2&#8243; _module_preset=&#8220;default&#8220; global_colors_info=&#8220;{}&#8220;][\/et_pb_image][et_pb_image src=&#8220;https:\/\/www.matts-guitar-shop.com\/wp-content\/uploads\/2025\/01\/slash-expo-matt-s-guitar-shop-02.jpg&#8220; alt=&#8220;Slash \u2013 Die Ausstellung&#8220; title_text=&#8220;slash-expo-matt-s-guitar-shop-02&#8243; align=&#8220;center&#8220; disabled_on=&#8220;off|off|off&#8220; _builder_version=&#8220;4.25.2&#8243; _module_preset=&#8220;default&#8220; global_colors_info=&#8220;{}&#8220;][\/et_pb_image][\/et_pb_column][et_pb_column type=&#8220;1_2&#8243; _builder_version=&#8220;4.25.2&#8243; _module_preset=&#8220;default&#8220; global_colors_info=&#8220;{}&#8220;][et_pb_image src=&#8220;https:\/\/www.matts-guitar-shop.com\/wp-content\/uploads\/2025\/01\/slash-expo-matt-s-guitar-shop-03.jpg&#8220; alt=&#8220;In Zusammenarbeit mit Ash Hudson&#8220; title_text=&#8220;slash-expo-matt-s-guitar-shop-03&#8243; align=&#8220;center&#8220; disabled_on=&#8220;off|off|off&#8220; _builder_version=&#8220;4.25.2&#8243; _module_preset=&#8220;default&#8220; global_colors_info=&#8220;{}&#8220;][\/et_pb_image][et_pb_image src=&#8220;https:\/\/www.matts-guitar-shop.com\/wp-content\/uploads\/2025\/01\/slash-expo-matt-s-guitar-shop-04.jpg&#8220; alt=&#8220;Slash-Ausstellung im Matt\u2019s Guitar Shop&#8220; title_text=&#8220;slash-expo-matt-s-guitar-shop-04&#8243; align=&#8220;center&#8220; disabled_on=&#8220;off|off|off&#8220; _builder_version=&#8220;4.25.2&#8243; _module_preset=&#8220;default&#8220; global_colors_info=&#8220;{}&#8220;][\/et_pb_image][et_pb_image src=&#8220;https:\/\/www.matts-guitar-shop.com\/wp-content\/uploads\/2025\/01\/slash-expo-matt-s-guitar-shop-05.jpg&#8220; alt=&#8220;Slash \u2013 Die Ausstellung \u2013 in Zusammenarbeit mit Ash Hudson, April 2024&#8243; title_text=&#8220;slash-expo-matt-s-guitar-shop-05&#8243; align=&#8220;center&#8220; disabled_on=&#8220;off|off|off&#8220; _builder_version=&#8220;4.25.2&#8243; _module_preset=&#8220;default&#8220; global_colors_info=&#8220;{}&#8220;][\/et_pb_image][\/et_pb_column][\/et_pb_row][et_pb_row column_structure=&#8220;1_2,1_2&#8243; use_custom_gutter=&#8220;on&#8220; gutter_width=&#8220;2&#8243; _builder_version=&#8220;4.25.2&#8243; _module_preset=&#8220;default&#8220; border_width_bottom=&#8220;1px&#8220; border_color_bottom=&#8220;rgba(255,255,255,0.29)&#8220; locked=&#8220;off&#8220; global_colors_info=&#8220;{}&#8220;][et_pb_column type=&#8220;1_2&#8243; _builder_version=&#8220;4.25.2&#8243; _module_preset=&#8220;default&#8220; global_colors_info=&#8220;{}&#8220;][et_pb_text _builder_version=&#8220;4.25.2&#8243; _module_preset=&#8220;default&#8220; text_font_size=&#8220;16px&#8220; link_font=&#8220;|600|||on||||&#8220; link_text_color=&#8220;#FFFFFF&#8220; header_font=&#8220;|700|||||||&#8220; header_text_align=&#8220;center&#8220; header_font_size=&#8220;36px&#8220; header_2_font=&#8220;||||||||&#8220; text_orientation=&#8220;center&#8220; background_layout=&#8220;dark&#8220; global_colors_info=&#8220;{}&#8220;]<\/p>\n<h2>\u201eKaleo \u2013 eine intime Retrospektive und Auff\u00fchrung\u201c \u2013 in Zusammenarbeit mit JJ Julius Son, November 2024<\/h2>\n<p>[\/et_pb_text][et_pb_button button_url=&#8220;@ET-DC@eyJkeW5hbWljIjp0cnVlLCJjb250ZW50IjoicG9zdF9saW5rX3VybF9wb3N0Iiwic2V0dGluZ3MiOnsicG9zdF9pZCI6IjE0NTkwIn19@&#8220; url_new_window=&#8220;on&#8220; button_text=&#8220;Mehr \u00fcber die KALEO-Ausstellung erfahren&#8220; button_alignment=&#8220;center&#8220; _builder_version=&#8220;4.25.2&#8243; _module_preset=&#8220;default&#8220; custom_button=&#8220;on&#8220; button_text_size=&#8220;14px&#8220; button_text_color=&#8220;#FFFFFF&#8220; button_bg_color=&#8220;#000000&#8243; button_border_width=&#8220;1px&#8220; button_border_color=&#8220;#FFFFFF&#8220; button_border_radius=&#8220;0px&#8220; button_letter_spacing=&#8220;1px&#8220; button_font=&#8220;|600|||||||&#8220; custom_margin=&#8220;||||false|false&#8220; custom_padding=&#8220;||||false|false&#8220; hover_enabled=&#8220;0&#8243; global_colors_info=&#8220;{%22gcid-heading-color%22:%91%22button_bg_color%22,%22button_bg_color%22%93}&#8220; locked=&#8220;off&#8220; _dynamic_attributes=&#8220;button_url&#8220; sticky_enabled=&#8220;0&#8243;][\/et_pb_button][et_pb_image src=&#8220;https:\/\/www.matts-guitar-shop.com\/wp-content\/uploads\/2025\/01\/kaleo-expo-an-intimate-retrospective-and-performance-04.jpg&#8220; alt=&#8220;Ausstellung in Zusammenarbeit mit JJ Julius Son&#8220; title_text=&#8220;kaleo-expo-an-intimate-retrospective-and-performance-04&#8243; align=&#8220;center&#8220; disabled_on=&#8220;off|off|off&#8220; _builder_version=&#8220;4.25.2&#8243; _module_preset=&#8220;default&#8220; global_colors_info=&#8220;{}&#8220;][\/et_pb_image][\/et_pb_column][et_pb_column type=&#8220;1_2&#8243; _builder_version=&#8220;4.25.2&#8243; _module_preset=&#8220;default&#8220; global_colors_info=&#8220;{}&#8220;][et_pb_image src=&#8220;https:\/\/www.matts-guitar-shop.com\/wp-content\/uploads\/2025\/01\/kaleo-expo-an-intimate-retrospective-and-performance-01.jpg&#8220; alt=&#8220;Kaleo-Ausstellung&#8220; title_text=&#8220;kaleo-expo-an-intimate-retrospective-and-performance-01&#8243; align=&#8220;center&#8220; disabled_on=&#8220;off|off|off&#8220; _builder_version=&#8220;4.25.2&#8243; _module_preset=&#8220;default&#8220; global_colors_info=&#8220;{}&#8220;][\/et_pb_image][et_pb_image src=&#8220;https:\/\/www.matts-guitar-shop.com\/wp-content\/uploads\/2025\/01\/kaleo-expo-an-intimate-retrospective-and-performance-02.jpg&#8220; alt=&#8220;Kaleo \u2013 eine intime Retrospektive und Auff\u00fchrung&#8220; title_text=&#8220;kaleo-expo-an-intimate-retrospective-and-performance-02&#8243; align=&#8220;center&#8220; disabled_on=&#8220;off|off|off&#8220; _builder_version=&#8220;4.25.2&#8243; _module_preset=&#8220;default&#8220; global_colors_info=&#8220;{}&#8220;][\/et_pb_image][et_pb_image src=&#8220;https:\/\/www.matts-guitar-shop.com\/wp-content\/uploads\/2025\/01\/kaleo-expo-an-intimate-retrospective-and-performance-03.jpg&#8220; alt=&#8220;Ausstellung \u2013 in Zusammenarbeit mit JJ Julius Son, November 2024&#8243; title_text=&#8220;kaleo-expo-an-intimate-retrospective-and-performance-03&#8243; align=&#8220;center&#8220; disabled_on=&#8220;off|off|off&#8220; _builder_version=&#8220;4.25.2&#8243; _module_preset=&#8220;default&#8220; global_colors_info=&#8220;{}&#8220;][\/et_pb_image][\/et_pb_column][\/et_pb_row][\/et_pb_section]<\/p>\n","protected":false},"excerpt":{"rendered":"<p>Unsere AusstellungenDer Matt\u2019s Guitar Shop hat das Teilen schon immer in den Mittelpunkt seines Ansatzes gestellt. In dem Bewusstsein, dass Musik durch den Austausch \u00fcber unsere gemeinsame Leidenschaft w\u00e4chst, \u00f6ffnete er sehr fr\u00fch seine T\u00fcren nach Vereinbarung, um jedem die M\u00f6glichkeit zu geben, die au\u00dfergew\u00f6hnlichen Gitarren seiner Sammlung zu erleben.Der Wunsch, eine echte k\u00fcnstlerische Abteilung [&hellip;]<\/p>\n","protected":false},"author":1,"featured_media":0,"parent":0,"menu_order":0,"comment_status":"closed","ping_status":"closed","template":"","meta":{"_et_pb_use_builder":"on","_et_pb_old_content":"","_et_gb_content_width":"","footnotes":""},"class_list":["post-19745","page","type-page","status-publish","hentry"],"yoast_head":"<!-- This site is optimized with the Yoast SEO plugin v26.8 - https:\/\/yoast.com\/product\/yoast-seo-wordpress\/ -->\n<title>Unsere Ausstellungen - Matt&#039;s Guitar Shop<\/title>\n<meta name=\"robots\" content=\"index, follow, max-snippet:-1, max-image-preview:large, max-video-preview:-1\" \/>\n<link rel=\"canonical\" href=\"https:\/\/www.matts-guitar-shop.com\/de\/unsere-ausstellungen\/\" \/>\n<meta property=\"og:locale\" content=\"de_DE\" \/>\n<meta property=\"og:type\" content=\"article\" \/>\n<meta property=\"og:title\" content=\"Unsere Ausstellungen - Matt&#039;s Guitar Shop\" \/>\n<meta property=\"og:description\" content=\"Unsere AusstellungenDer Matt\u2019s Guitar Shop hat das Teilen schon immer in den Mittelpunkt seines Ansatzes gestellt. In dem Bewusstsein, dass Musik durch den Austausch \u00fcber unsere gemeinsame Leidenschaft w\u00e4chst, \u00f6ffnete er sehr fr\u00fch seine T\u00fcren nach Vereinbarung, um jedem die M\u00f6glichkeit zu geben, die au\u00dfergew\u00f6hnlichen Gitarren seiner Sammlung zu erleben.Der Wunsch, eine echte k\u00fcnstlerische Abteilung [&hellip;]\" \/>\n<meta property=\"og:url\" content=\"https:\/\/www.matts-guitar-shop.com\/de\/unsere-ausstellungen\/\" \/>\n<meta property=\"og:site_name\" content=\"Matt&#039;s Guitar Shop\" \/>\n<meta property=\"article:publisher\" content=\"https:\/\/www.facebook.com\/profile.php?id=100044359842817\" \/>\n<meta property=\"article:modified_time\" content=\"2026-03-07T02:50:57+00:00\" \/>\n<meta name=\"twitter:card\" content=\"summary_large_image\" \/>\n<meta name=\"twitter:label1\" content=\"Gesch\u00e4tzte Lesezeit\" \/>\n\t<meta name=\"twitter:data1\" content=\"7\u00a0Minuten\" \/>\n<script type=\"application\/ld+json\" class=\"yoast-schema-graph\">{\"@context\":\"https:\/\/schema.org\",\"@graph\":[{\"@type\":\"WebPage\",\"@id\":\"https:\/\/www.matts-guitar-shop.com\/de\/unsere-ausstellungen\/\",\"url\":\"https:\/\/www.matts-guitar-shop.com\/de\/unsere-ausstellungen\/\",\"name\":\"Unsere Ausstellungen - Matt&#039;s Guitar Shop\",\"isPartOf\":{\"@id\":\"https:\/\/www.matts-guitar-shop.com\/de\/#website\"},\"datePublished\":\"2024-07-04T14:11:23+00:00\",\"dateModified\":\"2026-03-07T02:50:57+00:00\",\"breadcrumb\":{\"@id\":\"https:\/\/www.matts-guitar-shop.com\/de\/unsere-ausstellungen\/#breadcrumb\"},\"inLanguage\":\"de\",\"potentialAction\":[{\"@type\":\"ReadAction\",\"target\":[\"https:\/\/www.matts-guitar-shop.com\/de\/unsere-ausstellungen\/\"]}]},{\"@type\":\"BreadcrumbList\",\"@id\":\"https:\/\/www.matts-guitar-shop.com\/de\/unsere-ausstellungen\/#breadcrumb\",\"itemListElement\":[{\"@type\":\"ListItem\",\"position\":1,\"name\":\"Startseite\",\"item\":\"https:\/\/www.matts-guitar-shop.com\/de\/\"},{\"@type\":\"ListItem\",\"position\":2,\"name\":\"Unsere Ausstellungen\"}]},{\"@type\":\"WebSite\",\"@id\":\"https:\/\/www.matts-guitar-shop.com\/de\/#website\",\"url\":\"https:\/\/www.matts-guitar-shop.com\/de\/\",\"name\":\"matts-guitar-shop.com\",\"description\":\"Guitar Shop\",\"publisher\":{\"@id\":\"https:\/\/www.matts-guitar-shop.com\/de\/#organization\"},\"potentialAction\":[{\"@type\":\"SearchAction\",\"target\":{\"@type\":\"EntryPoint\",\"urlTemplate\":\"https:\/\/www.matts-guitar-shop.com\/de\/?s={search_term_string}\"},\"query-input\":{\"@type\":\"PropertyValueSpecification\",\"valueRequired\":true,\"valueName\":\"search_term_string\"}}],\"inLanguage\":\"de\"},{\"@type\":\"Organization\",\"@id\":\"https:\/\/www.matts-guitar-shop.com\/de\/#organization\",\"name\":\"matts-guitar-shop.com\",\"url\":\"https:\/\/www.matts-guitar-shop.com\/de\/\",\"logo\":{\"@type\":\"ImageObject\",\"inLanguage\":\"de\",\"@id\":\"https:\/\/www.matts-guitar-shop.com\/de\/#\/schema\/logo\/image\/\",\"url\":\"https:\/\/www.matts-guitar-shop.com\/wp-content\/uploads\/2024\/09\/MGS-logo-site-02.png\",\"contentUrl\":\"https:\/\/www.matts-guitar-shop.com\/wp-content\/uploads\/2024\/09\/MGS-logo-site-02.png\",\"width\":200,\"height\":122,\"caption\":\"matts-guitar-shop.com\"},\"image\":{\"@id\":\"https:\/\/www.matts-guitar-shop.com\/de\/#\/schema\/logo\/image\/\"},\"sameAs\":[\"https:\/\/www.facebook.com\/profile.php?id=100044359842817\",\"https:\/\/www.instagram.com\/mattsguitarshop\/\",\"https:\/\/www.youtube.com\/@MattLucasMan\/videos\"]}]}<\/script>\n<!-- \/ Yoast SEO plugin. -->","yoast_head_json":{"title":"Unsere Ausstellungen - Matt&#039;s Guitar Shop","robots":{"index":"index","follow":"follow","max-snippet":"max-snippet:-1","max-image-preview":"max-image-preview:large","max-video-preview":"max-video-preview:-1"},"canonical":"https:\/\/www.matts-guitar-shop.com\/de\/unsere-ausstellungen\/","og_locale":"de_DE","og_type":"article","og_title":"Unsere Ausstellungen - Matt&#039;s Guitar Shop","og_description":"Unsere AusstellungenDer Matt\u2019s Guitar Shop hat das Teilen schon immer in den Mittelpunkt seines Ansatzes gestellt. In dem Bewusstsein, dass Musik durch den Austausch \u00fcber unsere gemeinsame Leidenschaft w\u00e4chst, \u00f6ffnete er sehr fr\u00fch seine T\u00fcren nach Vereinbarung, um jedem die M\u00f6glichkeit zu geben, die au\u00dfergew\u00f6hnlichen Gitarren seiner Sammlung zu erleben.Der Wunsch, eine echte k\u00fcnstlerische Abteilung [&hellip;]","og_url":"https:\/\/www.matts-guitar-shop.com\/de\/unsere-ausstellungen\/","og_site_name":"Matt&#039;s Guitar Shop","article_publisher":"https:\/\/www.facebook.com\/profile.php?id=100044359842817","article_modified_time":"2026-03-07T02:50:57+00:00","twitter_card":"summary_large_image","twitter_misc":{"Gesch\u00e4tzte Lesezeit":"7\u00a0Minuten"},"schema":{"@context":"https:\/\/schema.org","@graph":[{"@type":"WebPage","@id":"https:\/\/www.matts-guitar-shop.com\/de\/unsere-ausstellungen\/","url":"https:\/\/www.matts-guitar-shop.com\/de\/unsere-ausstellungen\/","name":"Unsere Ausstellungen - Matt&#039;s Guitar Shop","isPartOf":{"@id":"https:\/\/www.matts-guitar-shop.com\/de\/#website"},"datePublished":"2024-07-04T14:11:23+00:00","dateModified":"2026-03-07T02:50:57+00:00","breadcrumb":{"@id":"https:\/\/www.matts-guitar-shop.com\/de\/unsere-ausstellungen\/#breadcrumb"},"inLanguage":"de","potentialAction":[{"@type":"ReadAction","target":["https:\/\/www.matts-guitar-shop.com\/de\/unsere-ausstellungen\/"]}]},{"@type":"BreadcrumbList","@id":"https:\/\/www.matts-guitar-shop.com\/de\/unsere-ausstellungen\/#breadcrumb","itemListElement":[{"@type":"ListItem","position":1,"name":"Startseite","item":"https:\/\/www.matts-guitar-shop.com\/de\/"},{"@type":"ListItem","position":2,"name":"Unsere Ausstellungen"}]},{"@type":"WebSite","@id":"https:\/\/www.matts-guitar-shop.com\/de\/#website","url":"https:\/\/www.matts-guitar-shop.com\/de\/","name":"matts-guitar-shop.com","description":"Guitar Shop","publisher":{"@id":"https:\/\/www.matts-guitar-shop.com\/de\/#organization"},"potentialAction":[{"@type":"SearchAction","target":{"@type":"EntryPoint","urlTemplate":"https:\/\/www.matts-guitar-shop.com\/de\/?s={search_term_string}"},"query-input":{"@type":"PropertyValueSpecification","valueRequired":true,"valueName":"search_term_string"}}],"inLanguage":"de"},{"@type":"Organization","@id":"https:\/\/www.matts-guitar-shop.com\/de\/#organization","name":"matts-guitar-shop.com","url":"https:\/\/www.matts-guitar-shop.com\/de\/","logo":{"@type":"ImageObject","inLanguage":"de","@id":"https:\/\/www.matts-guitar-shop.com\/de\/#\/schema\/logo\/image\/","url":"https:\/\/www.matts-guitar-shop.com\/wp-content\/uploads\/2024\/09\/MGS-logo-site-02.png","contentUrl":"https:\/\/www.matts-guitar-shop.com\/wp-content\/uploads\/2024\/09\/MGS-logo-site-02.png","width":200,"height":122,"caption":"matts-guitar-shop.com"},"image":{"@id":"https:\/\/www.matts-guitar-shop.com\/de\/#\/schema\/logo\/image\/"},"sameAs":["https:\/\/www.facebook.com\/profile.php?id=100044359842817","https:\/\/www.instagram.com\/mattsguitarshop\/","https:\/\/www.youtube.com\/@MattLucasMan\/videos"]}]}},"_links":{"self":[{"href":"https:\/\/www.matts-guitar-shop.com\/de\/wp-json\/wp\/v2\/pages\/19745","targetHints":{"allow":["GET"]}}],"collection":[{"href":"https:\/\/www.matts-guitar-shop.com\/de\/wp-json\/wp\/v2\/pages"}],"about":[{"href":"https:\/\/www.matts-guitar-shop.com\/de\/wp-json\/wp\/v2\/types\/page"}],"author":[{"embeddable":true,"href":"https:\/\/www.matts-guitar-shop.com\/de\/wp-json\/wp\/v2\/users\/1"}],"replies":[{"embeddable":true,"href":"https:\/\/www.matts-guitar-shop.com\/de\/wp-json\/wp\/v2\/comments?post=19745"}],"version-history":[{"count":4,"href":"https:\/\/www.matts-guitar-shop.com\/de\/wp-json\/wp\/v2\/pages\/19745\/revisions"}],"predecessor-version":[{"id":29375,"href":"https:\/\/www.matts-guitar-shop.com\/de\/wp-json\/wp\/v2\/pages\/19745\/revisions\/29375"}],"wp:attachment":[{"href":"https:\/\/www.matts-guitar-shop.com\/de\/wp-json\/wp\/v2\/media?parent=19745"}],"curies":[{"name":"wp","href":"https:\/\/api.w.org\/{rel}","templated":true}]}}