{"id":19739,"date":"2024-12-22T22:10:21","date_gmt":"2024-12-22T21:10:21","guid":{"rendered":"https:\/\/www.matts-guitar-shop.com\/fotos-und-erinnerungsstuecke\/"},"modified":"2026-03-07T02:38:44","modified_gmt":"2026-03-07T01:38:44","slug":"fotos-und-erinnerungsstuecke","status":"publish","type":"page","link":"https:\/\/www.matts-guitar-shop.com\/de\/fotos-und-erinnerungsstuecke\/","title":{"rendered":"Fotos und Erinnerungsst\u00fccke"},"content":{"rendered":"<p>[et_pb_section fb_built=&#8220;1&#8243; fullwidth=&#8220;on&#8220; _builder_version=&#8220;4.25.2&#8243; _module_preset=&#8220;default&#8220; width=&#8220;100%&#8220; min_height=&#8220;100vh&#8220; hover_enabled=&#8220;0&#8243; global_colors_info=&#8220;{}&#8220; locked=&#8220;off&#8220; sticky_enabled=&#8220;0&#8243;][et_pb_fullwidth_slider _builder_version=&#8220;4.25.2&#8243; _module_preset=&#8220;default&#8220; header_level=&#8220;h1&#8243; header_font=&#8220;|600|||||||&#8220; body_font=&#8220;||||||||&#8220; width=&#8220;100%&#8220; min_height=&#8220;100vh&#8220; auto=&#8220;on&#8220; auto_speed=&#8220;4500&#8243; auto_ignore_hover=&#8220;on&#8220; hover_transition_duration=&#8220;50ms&#8220; hover_transition_speed_curve=&#8220;linear&#8220; hover_enabled=&#8220;0&#8243; global_colors_info=&#8220;{}&#8220; sticky_enabled=&#8220;0&#8243;][et_pb_slide heading=&#8220;Fotos und Erinnerungsst\u00fccke&#8220; _builder_version=&#8220;4.25.2&#8243; _module_preset=&#8220;default&#8220; header_level=&#8220;h1&#8243; header_font_size=&#8220;70px&#8220; body_font_size=&#8220;20px&#8220; background_enable_color=&#8220;off&#8220; background_image=&#8220;https:\/\/www.matts-guitar-shop.com\/wp-content\/uploads\/2025\/03\/slide-photos-memorabilia-matts-guitar-shop-01.jpg&#8220; background_enable_image=&#8220;on&#8220; background_size=&#8220;custom&#8220; hover_enabled=&#8220;0&#8243; header_font_size_tablet=&#8220;60px&#8220; header_font_size_phone=&#8220;32px&#8220; header_font_size_last_edited=&#8220;on|phone&#8220; body_font_size_tablet=&#8220;20px&#8220; body_font_size_phone=&#8220;16px&#8220; body_font_size_last_edited=&#8220;on|phone&#8220; global_colors_info=&#8220;{}&#8220; sticky_transition=&#8220;on&#8220; title_text=&#8220;slide-photos-memorabilia-matts-guitar-shop-01&#8243; sticky_enabled=&#8220;0&#8243;][\/et_pb_slide][\/et_pb_fullwidth_slider][\/et_pb_section][et_pb_section fb_built=&#8220;1&#8243; _builder_version=&#8220;4.25.2&#8243; _module_preset=&#8220;default&#8220; background_color=&#8220;#000000&#8243; top_divider_style=&#8220;arrow2&#8243; top_divider_color=&#8220;#d0a957&#8243; top_divider_height=&#8220;12px&#8220; bottom_divider_style=&#8220;arrow2&#8243; bottom_divider_color=&#8220;gcid-heading-color&#8220; bottom_divider_height=&#8220;12px&#8220; bottom_divider_flip=&#8220;vertical&#8220; global_colors_info=&#8220;{%22gcid-heading-color%22:%91%22bottom_divider_color%22,%22bottom_divider_color%22%93}&#8220;][et_pb_row _builder_version=&#8220;4.25.2&#8243; _module_preset=&#8220;default&#8220; global_colors_info=&#8220;{}&#8220;][et_pb_column type=&#8220;4_4&#8243; _builder_version=&#8220;4.25.2&#8243; _module_preset=&#8220;default&#8220; global_colors_info=&#8220;{}&#8220;][et_pb_text _builder_version=&#8220;4.25.2&#8243; _module_preset=&#8220;default&#8220; header_font=&#8220;|700|||||||&#8220; header_text_align=&#8220;center&#8220; header_font_size=&#8220;36px&#8220; background_layout=&#8220;dark&#8220; global_colors_info=&#8220;{}&#8220; disabled_on=&#8220;on|on|on&#8220; disabled=&#8220;on&#8220;]<\/p>\n<h1>Fotos und Erinnerungsst\u00fccke<\/h1>\n<p>[\/et_pb_text][et_pb_text _builder_version=&#8220;4.25.2&#8243; _module_preset=&#8220;default&#8220; text_font_size=&#8220;16px&#8220; link_font=&#8220;|600|||on||||&#8220; link_text_color=&#8220;#FFFFFF&#8220; header_font=&#8220;|700|||||||&#8220; header_text_align=&#8220;center&#8220; header_font_size=&#8220;36px&#8220; text_orientation=&#8220;center&#8220; background_layout=&#8220;dark&#8220; global_colors_info=&#8220;{}&#8220;]<\/p>\n<p>Der Matt\u2019s Guitar Shop wird von einer riesigen Leidenschaft f\u00fcr Musik und Rock geleitet. Verbunden mit au\u00dfergew\u00f6hnlichen Instrumenten, die <b>Geschichte<\/b> geschrieben haben, sind wir auch fasziniert von den materiellen Zeugnissen dieser gro\u00dfen Momente der Musik. Von originalen Setlists \u00fcber Manuskripte bis hin zu Plektren und zeitgen\u00f6ssischen Fotodrucken \u2013 diese Sammlerst\u00fccke begeistern uns. So haben wir bei der Gr\u00fcndung unserer k\u00fcnstlerischen Abteilung <b>Matt\u2019s Rock Gallery<\/b> (<a href=\"https:\/\/www.mattsrockgallery.shop\/\" title=\"https:\/\/www.mattsrockgallery.shop\/\" target=\"_blank\" rel=\"noopener\">https:\/\/www.mattsrockgallery.shop<\/a>) beschlossen, Fotografie und Sammlerst\u00fccke ins Herz unserer Identit\u00e4t zu stellen.<\/p>\n<p>Die <b>Fotografie<\/b> war schon immer ein m\u00e4chtiges Mittel zur Dokumentation und Vermittlung von Leidenschaft. Ob sie historische und magische Momente festh\u00e4lt oder direkt Zeugin der Sch\u00f6pfung ist \u2013 die Fotografie hat die F\u00e4higkeit, den Moment auf Papier einzufrieren und seine symbolische sowie poetische Wirkung zu betonen. Von den gro\u00dfen Momenten der Rockgeschichte der zweiten H\u00e4lfte des 20. Jahrhunderts bis heute legen wir besonderen Wert darauf, eine Auswahl an Kunstdrucken emblematischer Fotografien der gr\u00f6\u00dften Rock-Ikonen anzubieten. Dabei arbeiten wir mit einigen der besten <b>Fotografen<\/b> zusammen, die die <b>Rolling Stones<\/b>, <b>Eric Clapton<\/b>, <b>BB King<\/b>, <b>AC\/DC<\/b> oder <b>Paul McCartney<\/b> fotografiert haben, und bieten ihre nummerierten Drucke an.<\/p>\n<p>Immer nah an den K\u00fcnstlern und der zeitgen\u00f6ssischen Sch\u00f6pfung arbeiten wir auch mit Fotografen zusammen, die uns begleiten und die sch\u00f6nsten Momente von Austausch und Leidenschaft im Shop festhalten. Ob auf Konzerten, Backstage oder im Studio \u2013 ihre Kameras fangen das Wesen dieser einzigartigen Momente ein und lassen sie auf ihren Drucken wieder aufleben. So haben wir au\u00dfergew\u00f6hnliche und exklusive Fotos von Green Day, Slash, Yungblud oder Craig Ross verf\u00fcgbar. Finden Sie Kunstdrucke dieser Fotos in der entsprechenden Sektion der Matt\u2019s Rock Gallery und kontaktieren Sie uns bei Fragen: <a href=\"http:\/\/www.mattsrockgallery.shop\/category\/photographie\" title=\"http:\/\/www.mattsrockgallery.shop\/category\/photographie\" target=\"_blank\" rel=\"noopener\">www.mattsrockgallery.shop\/category\/photographie<\/a><\/p>\n<p>Leidenschaftlich an den kleinen Objekten, die gro\u00dfe Geschichte erz\u00e4hlen, haben wir auch unsere Abteilung f\u00fcr <b>Sammlerst\u00fccke<\/b> entwickelt, also materielle Zeugnisse der Sch\u00f6pfung. Von B\u00fchnenplektren \u00fcber originale Setlists, Manuskripte bis hin zu signierten Vinyls \u2013 entdecken Sie die Vielfalt dieser Abteilung auf der Website der Matt\u2019s Rock Gallery.<\/p>\n<p>Entdecken Sie hier die Drucke einiger unserer neuesten Fotos von Baptiste Marcon sowie einige Artikel aus unserer Sammlerst\u00fccke-Abteilung.<\/p>\n<p>[\/et_pb_text][\/et_pb_column][\/et_pb_row][et_pb_row column_structure=&#8220;1_3,1_3,1_3&#8243; use_custom_gutter=&#8220;on&#8220; gutter_width=&#8220;2&#8243; _builder_version=&#8220;4.25.2&#8243; _module_preset=&#8220;default&#8220; global_colors_info=&#8220;{}&#8220;][et_pb_column type=&#8220;1_3&#8243; _builder_version=&#8220;4.25.2&#8243; _module_preset=&#8220;default&#8220; global_colors_info=&#8220;{}&#8220;][et_pb_text _builder_version=&#8220;4.25.2&#8243; _module_preset=&#8220;default&#8220; text_font_size=&#8220;16px&#8220; link_font=&#8220;|600|||on||||&#8220; link_text_color=&#8220;#FFFFFF&#8220; header_font=&#8220;|700|||||||&#8220; header_text_align=&#8220;center&#8220; header_font_size=&#8220;36px&#8220; header_2_font=&#8220;|600|||||||&#8220; text_orientation=&#8220;center&#8220; background_layout=&#8220;dark&#8220; custom_margin=&#8220;||10px||false|false&#8220; global_colors_info=&#8220;{}&#8220;]<\/p>\n<h3>Handgeschriebene Songtexte von Kaleo<\/h3>\n<p>[\/et_pb_text][et_pb_image src=&#8220;https:\/\/www.matts-guitar-shop.com\/wp-content\/uploads\/2025\/01\/way-down-wego-01.jpg&#8220; alt=&#8220;Handgeschriebene Songtexte von Kaleo&#8220; title_text=&#8220;way-down-wego-01&#8243; _builder_version=&#8220;4.25.2&#8243; _module_preset=&#8220;default&#8220; global_colors_info=&#8220;{}&#8220;][\/et_pb_image][et_pb_text _builder_version=&#8220;4.25.2&#8243; _module_preset=&#8220;default&#8220; text_font_size=&#8220;16px&#8220; link_font=&#8220;|600|||on||||&#8220; link_text_color=&#8220;#FFFFFF&#8220; header_font=&#8220;|700|||||||&#8220; header_text_align=&#8220;center&#8220; header_font_size=&#8220;36px&#8220; header_2_font=&#8220;|600|||||||&#8220; text_orientation=&#8220;center&#8220; background_layout=&#8220;dark&#8220; custom_margin=&#8220;||10px||false|false&#8220; global_colors_info=&#8220;{}&#8220;]<\/p>\n<h3>Handgeschriebene Songtexte von Kaleo<\/h3>\n<p>[\/et_pb_text][et_pb_image src=&#8220;https:\/\/www.matts-guitar-shop.com\/wp-content\/uploads\/2025\/01\/Setlist-Aerosmith-Joe-Perry-01.jpg&#8220; alt=&#8220;Von Joe Perry signierte Aerosmith-Setlist&#8220; title_text=&#8220;Setlist-Aerosmith-Joe-Perry-01&#8243; _builder_version=&#8220;4.25.2&#8243; _module_preset=&#8220;default&#8220; global_colors_info=&#8220;{}&#8220;][\/et_pb_image][\/et_pb_column][et_pb_column type=&#8220;1_3&#8243; _builder_version=&#8220;4.25.2&#8243; _module_preset=&#8220;default&#8220; global_colors_info=&#8220;{}&#8220;][et_pb_text _builder_version=&#8220;4.25.2&#8243; _module_preset=&#8220;default&#8220; text_font_size=&#8220;16px&#8220; link_font=&#8220;|600|||on||||&#8220; link_text_color=&#8220;#FFFFFF&#8220; header_font=&#8220;|700|||||||&#8220; header_text_align=&#8220;center&#8220; header_font_size=&#8220;36px&#8220; header_2_font=&#8220;|600|||||||&#8220; text_orientation=&#8220;center&#8220; background_layout=&#8220;dark&#8220; custom_margin=&#8220;||10px||false|false&#8220; global_colors_info=&#8220;{}&#8220;]<\/p>\n<h3>Setlist der 1980er von Frank Zappa, geschrieben von Steve Vai<\/h3>\n<p>[\/et_pb_text][et_pb_image src=&#8220;https:\/\/www.matts-guitar-shop.com\/wp-content\/uploads\/2025\/01\/frank-zappa-setlist-01.jpg&#8220; alt=&#8220;Setlist der 1980er von Frank Zappa, geschrieben von Steve Vai&#8220; title_text=&#8220;frank-zappa-setlist-01&#8243; show_in_lightbox=&#8220;on&#8220; _builder_version=&#8220;4.25.2&#8243; _module_preset=&#8220;default&#8220; global_colors_info=&#8220;{}&#8220;][\/et_pb_image][et_pb_text _builder_version=&#8220;4.25.2&#8243; _module_preset=&#8220;default&#8220; text_font_size=&#8220;16px&#8220; link_font=&#8220;|600|||on||||&#8220; link_text_color=&#8220;#FFFFFF&#8220; header_font=&#8220;|700|||||||&#8220; header_text_align=&#8220;center&#8220; header_font_size=&#8220;36px&#8220; header_2_font=&#8220;|600|||||||&#8220; text_orientation=&#8220;center&#8220; background_layout=&#8220;dark&#8220; custom_margin=&#8220;||10px||false|false&#8220; global_colors_info=&#8220;{}&#8220;]<\/p>\n<h3>Signierter Fotodruck von Yungblud und den Sex Pistols<\/h3>\n<p>[\/et_pb_text][et_pb_image src=&#8220;https:\/\/www.matts-guitar-shop.com\/wp-content\/uploads\/2025\/01\/tirage-yungblud-01.jpg&#8220; alt=&#8220;Signierter Fotodruck von Yungblud und den Sex Pistols&#8220; title_text=&#8220;tirage-yungblud-01&#8243; show_in_lightbox=&#8220;on&#8220; _builder_version=&#8220;4.25.2&#8243; _module_preset=&#8220;default&#8220; global_colors_info=&#8220;{}&#8220;][\/et_pb_image][et_pb_text _builder_version=&#8220;4.25.2&#8243; _module_preset=&#8220;default&#8220; text_font_size=&#8220;16px&#8220; link_font=&#8220;|600|||on||||&#8220; link_text_color=&#8220;#FFFFFF&#8220; header_font=&#8220;|700|||||||&#8220; header_text_align=&#8220;center&#8220; header_font_size=&#8220;36px&#8220; header_2_font=&#8220;|600|||||||&#8220; text_orientation=&#8220;center&#8220; background_layout=&#8220;dark&#8220; custom_margin=&#8220;||10px||false|false&#8220; global_colors_info=&#8220;{}&#8220;]<\/p>\n<h3>Fotodruck von Billie Joe Armstrong und den Sex Pistols<\/h3>\n<p>[\/et_pb_text][et_pb_image src=&#8220;https:\/\/www.matts-guitar-shop.com\/wp-content\/uploads\/2025\/01\/billie-joe-armstrong-01.jpg&#8220; alt=&#8220;Fotodruck von Billie Joe Armstrong und den Sex Pistols&#8220; title_text=&#8220;billie-joe-armstrong-01&#8243; show_in_lightbox=&#8220;on&#8220; _builder_version=&#8220;4.25.2&#8243; _module_preset=&#8220;default&#8220; global_colors_info=&#8220;{}&#8220;][\/et_pb_image][\/et_pb_column][et_pb_column type=&#8220;1_3&#8243; _builder_version=&#8220;4.25.2&#8243; _module_preset=&#8220;default&#8220; global_colors_info=&#8220;{}&#8220;][et_pb_text _builder_version=&#8220;4.25.2&#8243; _module_preset=&#8220;default&#8220; text_font_size=&#8220;16px&#8220; link_font=&#8220;|600|||on||||&#8220; link_text_color=&#8220;#FFFFFF&#8220; header_font=&#8220;|700|||||||&#8220; header_text_align=&#8220;center&#8220; header_font_size=&#8220;36px&#8220; header_2_font=&#8220;|600|||||||&#8220; text_orientation=&#8220;center&#8220; background_layout=&#8220;dark&#8220; custom_margin=&#8220;||10px||false|false&#8220; global_colors_info=&#8220;{}&#8220;]<\/p>\n<h3>Fotodruck von Eric Clapton und Ronnie Wood von Bruno Ducourant<\/h3>\n<p>[\/et_pb_text][et_pb_image src=&#8220;https:\/\/www.matts-guitar-shop.com\/wp-content\/uploads\/2025\/01\/clapton-wood-tirage-01.jpg&#8220; alt=&#8220;Fotodruck von Eric Clapton und Ronnie Wood von Bruno Ducourant&#8220; title_text=&#8220;clapton-wood-tirage-01&#8243; show_in_lightbox=&#8220;on&#8220; _builder_version=&#8220;4.25.2&#8243; _module_preset=&#8220;default&#8220; global_colors_info=&#8220;{}&#8220;][\/et_pb_image][et_pb_text _builder_version=&#8220;4.25.2&#8243; _module_preset=&#8220;default&#8220; text_font_size=&#8220;16px&#8220; link_font=&#8220;|600|||on||||&#8220; link_text_color=&#8220;#FFFFFF&#8220; header_font=&#8220;|700|||||||&#8220; header_text_align=&#8220;center&#8220; header_font_size=&#8220;36px&#8220; header_2_font=&#8220;|600|||||||&#8220; text_orientation=&#8220;center&#8220; background_layout=&#8220;dark&#8220; custom_margin=&#8220;||10px||false|false&#8220; global_colors_info=&#8220;{}&#8220;]<\/p>\n<h3>Rahmen aus der Dusty Hill ZZ Top Kollektion<\/h3>\n<p>[\/et_pb_text][et_pb_image src=&#8220;https:\/\/www.matts-guitar-shop.com\/wp-content\/uploads\/2025\/01\/cadre-zztop-01.jpg&#8220; alt=&#8220;Rahmen aus der Dusty Hill ZZ Top Kollektion&#8220; title_text=&#8220;cadre-zztop-01&#8243; _builder_version=&#8220;4.25.2&#8243; _module_preset=&#8220;default&#8220; global_colors_info=&#8220;{}&#8220;][\/et_pb_image][\/et_pb_column][\/et_pb_row][\/et_pb_section]<\/p>\n","protected":false},"excerpt":{"rendered":"<p>Fotos und Erinnerungsst\u00fcckeDer Matt\u2019s Guitar Shop wird von einer riesigen Leidenschaft f\u00fcr Musik und Rock geleitet. Verbunden mit au\u00dfergew\u00f6hnlichen Instrumenten, die Geschichte geschrieben haben, sind wir auch fasziniert von den materiellen Zeugnissen dieser gro\u00dfen Momente der Musik. Von originalen Setlists \u00fcber Manuskripte bis hin zu Plektren und zeitgen\u00f6ssischen Fotodrucken \u2013 diese Sammlerst\u00fccke begeistern uns. So [&hellip;]<\/p>\n","protected":false},"author":2,"featured_media":0,"parent":0,"menu_order":0,"comment_status":"closed","ping_status":"closed","template":"","meta":{"_et_pb_use_builder":"on","_et_pb_old_content":"","_et_gb_content_width":"","footnotes":""},"class_list":["post-19739","page","type-page","status-publish","hentry"],"yoast_head":"<!-- This site is optimized with the Yoast SEO plugin v26.8 - https:\/\/yoast.com\/product\/yoast-seo-wordpress\/ -->\n<title>Fotos und Erinnerungsst\u00fccke - Matt&#039;s Guitar Shop<\/title>\n<meta name=\"robots\" content=\"index, follow, max-snippet:-1, max-image-preview:large, max-video-preview:-1\" \/>\n<link rel=\"canonical\" href=\"https:\/\/www.matts-guitar-shop.com\/de\/fotos-und-erinnerungsstuecke\/\" \/>\n<meta property=\"og:locale\" content=\"de_DE\" \/>\n<meta property=\"og:type\" content=\"article\" \/>\n<meta property=\"og:title\" content=\"Fotos und Erinnerungsst\u00fccke - Matt&#039;s Guitar Shop\" \/>\n<meta property=\"og:description\" content=\"Fotos und Erinnerungsst\u00fcckeDer Matt\u2019s Guitar Shop wird von einer riesigen Leidenschaft f\u00fcr Musik und Rock geleitet. Verbunden mit au\u00dfergew\u00f6hnlichen Instrumenten, die Geschichte geschrieben haben, sind wir auch fasziniert von den materiellen Zeugnissen dieser gro\u00dfen Momente der Musik. Von originalen Setlists \u00fcber Manuskripte bis hin zu Plektren und zeitgen\u00f6ssischen Fotodrucken \u2013 diese Sammlerst\u00fccke begeistern uns. So [&hellip;]\" \/>\n<meta property=\"og:url\" content=\"https:\/\/www.matts-guitar-shop.com\/de\/fotos-und-erinnerungsstuecke\/\" \/>\n<meta property=\"og:site_name\" content=\"Matt&#039;s Guitar Shop\" \/>\n<meta property=\"article:publisher\" content=\"https:\/\/www.facebook.com\/profile.php?id=100044359842817\" \/>\n<meta property=\"article:modified_time\" content=\"2026-03-07T01:38:44+00:00\" \/>\n<meta name=\"twitter:card\" content=\"summary_large_image\" \/>\n<meta name=\"twitter:label1\" content=\"Gesch\u00e4tzte Lesezeit\" \/>\n\t<meta name=\"twitter:data1\" content=\"7\u00a0Minuten\" \/>\n<script type=\"application\/ld+json\" class=\"yoast-schema-graph\">{\"@context\":\"https:\/\/schema.org\",\"@graph\":[{\"@type\":\"WebPage\",\"@id\":\"https:\/\/www.matts-guitar-shop.com\/de\/fotos-und-erinnerungsstuecke\/\",\"url\":\"https:\/\/www.matts-guitar-shop.com\/de\/fotos-und-erinnerungsstuecke\/\",\"name\":\"Fotos und Erinnerungsst\u00fccke - Matt&#039;s Guitar Shop\",\"isPartOf\":{\"@id\":\"https:\/\/www.matts-guitar-shop.com\/de\/#website\"},\"datePublished\":\"2024-12-22T21:10:21+00:00\",\"dateModified\":\"2026-03-07T01:38:44+00:00\",\"breadcrumb\":{\"@id\":\"https:\/\/www.matts-guitar-shop.com\/de\/fotos-und-erinnerungsstuecke\/#breadcrumb\"},\"inLanguage\":\"de\",\"potentialAction\":[{\"@type\":\"ReadAction\",\"target\":[\"https:\/\/www.matts-guitar-shop.com\/de\/fotos-und-erinnerungsstuecke\/\"]}]},{\"@type\":\"BreadcrumbList\",\"@id\":\"https:\/\/www.matts-guitar-shop.com\/de\/fotos-und-erinnerungsstuecke\/#breadcrumb\",\"itemListElement\":[{\"@type\":\"ListItem\",\"position\":1,\"name\":\"Startseite\",\"item\":\"https:\/\/www.matts-guitar-shop.com\/de\/\"},{\"@type\":\"ListItem\",\"position\":2,\"name\":\"Fotos und Erinnerungsst\u00fccke\"}]},{\"@type\":\"WebSite\",\"@id\":\"https:\/\/www.matts-guitar-shop.com\/de\/#website\",\"url\":\"https:\/\/www.matts-guitar-shop.com\/de\/\",\"name\":\"matts-guitar-shop.com\",\"description\":\"Guitar Shop\",\"publisher\":{\"@id\":\"https:\/\/www.matts-guitar-shop.com\/de\/#organization\"},\"potentialAction\":[{\"@type\":\"SearchAction\",\"target\":{\"@type\":\"EntryPoint\",\"urlTemplate\":\"https:\/\/www.matts-guitar-shop.com\/de\/?s={search_term_string}\"},\"query-input\":{\"@type\":\"PropertyValueSpecification\",\"valueRequired\":true,\"valueName\":\"search_term_string\"}}],\"inLanguage\":\"de\"},{\"@type\":\"Organization\",\"@id\":\"https:\/\/www.matts-guitar-shop.com\/de\/#organization\",\"name\":\"matts-guitar-shop.com\",\"url\":\"https:\/\/www.matts-guitar-shop.com\/de\/\",\"logo\":{\"@type\":\"ImageObject\",\"inLanguage\":\"de\",\"@id\":\"https:\/\/www.matts-guitar-shop.com\/de\/#\/schema\/logo\/image\/\",\"url\":\"https:\/\/www.matts-guitar-shop.com\/wp-content\/uploads\/2024\/09\/MGS-logo-site-02.png\",\"contentUrl\":\"https:\/\/www.matts-guitar-shop.com\/wp-content\/uploads\/2024\/09\/MGS-logo-site-02.png\",\"width\":200,\"height\":122,\"caption\":\"matts-guitar-shop.com\"},\"image\":{\"@id\":\"https:\/\/www.matts-guitar-shop.com\/de\/#\/schema\/logo\/image\/\"},\"sameAs\":[\"https:\/\/www.facebook.com\/profile.php?id=100044359842817\",\"https:\/\/www.instagram.com\/mattsguitarshop\/\",\"https:\/\/www.youtube.com\/@MattLucasMan\/videos\"]}]}<\/script>\n<!-- \/ Yoast SEO plugin. -->","yoast_head_json":{"title":"Fotos und Erinnerungsst\u00fccke - Matt&#039;s Guitar Shop","robots":{"index":"index","follow":"follow","max-snippet":"max-snippet:-1","max-image-preview":"max-image-preview:large","max-video-preview":"max-video-preview:-1"},"canonical":"https:\/\/www.matts-guitar-shop.com\/de\/fotos-und-erinnerungsstuecke\/","og_locale":"de_DE","og_type":"article","og_title":"Fotos und Erinnerungsst\u00fccke - Matt&#039;s Guitar Shop","og_description":"Fotos und Erinnerungsst\u00fcckeDer Matt\u2019s Guitar Shop wird von einer riesigen Leidenschaft f\u00fcr Musik und Rock geleitet. Verbunden mit au\u00dfergew\u00f6hnlichen Instrumenten, die Geschichte geschrieben haben, sind wir auch fasziniert von den materiellen Zeugnissen dieser gro\u00dfen Momente der Musik. Von originalen Setlists \u00fcber Manuskripte bis hin zu Plektren und zeitgen\u00f6ssischen Fotodrucken \u2013 diese Sammlerst\u00fccke begeistern uns. So [&hellip;]","og_url":"https:\/\/www.matts-guitar-shop.com\/de\/fotos-und-erinnerungsstuecke\/","og_site_name":"Matt&#039;s Guitar Shop","article_publisher":"https:\/\/www.facebook.com\/profile.php?id=100044359842817","article_modified_time":"2026-03-07T01:38:44+00:00","twitter_card":"summary_large_image","twitter_misc":{"Gesch\u00e4tzte Lesezeit":"7\u00a0Minuten"},"schema":{"@context":"https:\/\/schema.org","@graph":[{"@type":"WebPage","@id":"https:\/\/www.matts-guitar-shop.com\/de\/fotos-und-erinnerungsstuecke\/","url":"https:\/\/www.matts-guitar-shop.com\/de\/fotos-und-erinnerungsstuecke\/","name":"Fotos und Erinnerungsst\u00fccke - Matt&#039;s Guitar Shop","isPartOf":{"@id":"https:\/\/www.matts-guitar-shop.com\/de\/#website"},"datePublished":"2024-12-22T21:10:21+00:00","dateModified":"2026-03-07T01:38:44+00:00","breadcrumb":{"@id":"https:\/\/www.matts-guitar-shop.com\/de\/fotos-und-erinnerungsstuecke\/#breadcrumb"},"inLanguage":"de","potentialAction":[{"@type":"ReadAction","target":["https:\/\/www.matts-guitar-shop.com\/de\/fotos-und-erinnerungsstuecke\/"]}]},{"@type":"BreadcrumbList","@id":"https:\/\/www.matts-guitar-shop.com\/de\/fotos-und-erinnerungsstuecke\/#breadcrumb","itemListElement":[{"@type":"ListItem","position":1,"name":"Startseite","item":"https:\/\/www.matts-guitar-shop.com\/de\/"},{"@type":"ListItem","position":2,"name":"Fotos und Erinnerungsst\u00fccke"}]},{"@type":"WebSite","@id":"https:\/\/www.matts-guitar-shop.com\/de\/#website","url":"https:\/\/www.matts-guitar-shop.com\/de\/","name":"matts-guitar-shop.com","description":"Guitar Shop","publisher":{"@id":"https:\/\/www.matts-guitar-shop.com\/de\/#organization"},"potentialAction":[{"@type":"SearchAction","target":{"@type":"EntryPoint","urlTemplate":"https:\/\/www.matts-guitar-shop.com\/de\/?s={search_term_string}"},"query-input":{"@type":"PropertyValueSpecification","valueRequired":true,"valueName":"search_term_string"}}],"inLanguage":"de"},{"@type":"Organization","@id":"https:\/\/www.matts-guitar-shop.com\/de\/#organization","name":"matts-guitar-shop.com","url":"https:\/\/www.matts-guitar-shop.com\/de\/","logo":{"@type":"ImageObject","inLanguage":"de","@id":"https:\/\/www.matts-guitar-shop.com\/de\/#\/schema\/logo\/image\/","url":"https:\/\/www.matts-guitar-shop.com\/wp-content\/uploads\/2024\/09\/MGS-logo-site-02.png","contentUrl":"https:\/\/www.matts-guitar-shop.com\/wp-content\/uploads\/2024\/09\/MGS-logo-site-02.png","width":200,"height":122,"caption":"matts-guitar-shop.com"},"image":{"@id":"https:\/\/www.matts-guitar-shop.com\/de\/#\/schema\/logo\/image\/"},"sameAs":["https:\/\/www.facebook.com\/profile.php?id=100044359842817","https:\/\/www.instagram.com\/mattsguitarshop\/","https:\/\/www.youtube.com\/@MattLucasMan\/videos"]}]}},"_links":{"self":[{"href":"https:\/\/www.matts-guitar-shop.com\/de\/wp-json\/wp\/v2\/pages\/19739","targetHints":{"allow":["GET"]}}],"collection":[{"href":"https:\/\/www.matts-guitar-shop.com\/de\/wp-json\/wp\/v2\/pages"}],"about":[{"href":"https:\/\/www.matts-guitar-shop.com\/de\/wp-json\/wp\/v2\/types\/page"}],"author":[{"embeddable":true,"href":"https:\/\/www.matts-guitar-shop.com\/de\/wp-json\/wp\/v2\/users\/2"}],"replies":[{"embeddable":true,"href":"https:\/\/www.matts-guitar-shop.com\/de\/wp-json\/wp\/v2\/comments?post=19739"}],"version-history":[{"count":4,"href":"https:\/\/www.matts-guitar-shop.com\/de\/wp-json\/wp\/v2\/pages\/19739\/revisions"}],"predecessor-version":[{"id":29258,"href":"https:\/\/www.matts-guitar-shop.com\/de\/wp-json\/wp\/v2\/pages\/19739\/revisions\/29258"}],"wp:attachment":[{"href":"https:\/\/www.matts-guitar-shop.com\/de\/wp-json\/wp\/v2\/media?parent=19739"}],"curies":[{"name":"wp","href":"https:\/\/api.w.org\/{rel}","templated":true}]}}